{"id":726,"date":"2012-06-14T11:57:04","date_gmt":"2012-06-14T10:57:04","guid":{"rendered":"https:\/\/www.itakaescolapios.org\/?page_id=726"},"modified":"2023-11-28T12:39:42","modified_gmt":"2023-11-28T11:39:42","slug":"hazte-socio","status":"publish","type":"page","link":"https:\/\/www.itakaescolapios.org\/fr\/que-puedes-hacer-tu\/hazte-socio\/","title":{"rendered":"Devenir partenaire"},"content":{"rendered":"<p lang=\"en-US\">Gr\u00e2ce \u00e0 ton appui, nous pouvons continuer \u00e0 construire un monde plus juste. A la suite, nous te pr\u00e9sentons diff\u00e9rentes possibilit\u00e9s pour que tu puisses devenir un(e) partenaire.<\/p>\n<p lang=\"en-US\"><strong>A travers notre site Internet<\/strong><\/p>\n<p lang=\"en-US\">\n<div class=\"wpcf7 no-js\" id=\"wpcf7-f3233-o1\" lang=\"\" dir=\"ltr\" data-wpcf7-id=\"3233\">\n<div class=\"screen-reader-response\"><p role=\"status\" aria-live=\"polite\" aria-atomic=\"true\"><\/p> <ul><\/ul><\/div>\n<form action=\"\/fr\/wp-json\/wp\/v2\/pages\/726#wpcf7-f3233-o1\" method=\"post\" class=\"wpcf7-form init\" aria-label=\"Formulaire de contact\" novalidate=\"novalidate\" data-status=\"init\">\n<fieldset class=\"hidden-fields-container\"><input type=\"hidden\" name=\"_wpcf7\" value=\"3233\" \/><input type=\"hidden\" name=\"_wpcf7_version\" value=\"6.1.5\" \/><input type=\"hidden\" name=\"_wpcf7_locale\" value=\"\" \/><input type=\"hidden\" name=\"_wpcf7_unit_tag\" value=\"wpcf7-f3233-o1\" \/><input type=\"hidden\" name=\"_wpcf7_container_post\" value=\"0\" \/><input type=\"hidden\" name=\"_wpcf7_posted_data_hash\" value=\"\" \/><input type=\"hidden\" name=\"_wpcf7cf_hidden_group_fields\" value=\"[]\" \/><input type=\"hidden\" name=\"_wpcf7cf_hidden_groups\" value=\"[]\" \/><input type=\"hidden\" name=\"_wpcf7cf_visible_groups\" value=\"[]\" \/><input type=\"hidden\" name=\"_wpcf7cf_repeaters\" value=\"[]\" \/><input type=\"hidden\" name=\"_wpcf7cf_steps\" value=\"{}\" \/><input type=\"hidden\" name=\"_wpcf7cf_options\" value=\"{&quot;form_id&quot;:3233,&quot;conditions&quot;:[],&quot;settings&quot;:{&quot;animation&quot;:&quot;yes&quot;,&quot;animation_intime&quot;:200,&quot;animation_outtime&quot;:200,&quot;conditions_ui&quot;:&quot;normal&quot;,&quot;notice_dismissed&quot;:false,&quot;notice_dismissed_rollback-cf7-5.9.4&quot;:true,&quot;notice_dismissed_rollback-cf7-6.0.4&quot;:true}}\" \/>\n<\/fieldset>\n<link rel=\"stylesheet\" href=\"https:\/\/www.itakaescolapios.org\/wp-content\/plugins\/pdf-forms-for-contact-form-7\/css\/frontend.css\" \/><script type=\"text\/javascript\" src=\"https:\/\/www.itakaescolapios.org\/wp-content\/plugins\/pdf-forms-for-contact-form-7\/js\/frontend.js?ver=2.2.6\"><\/script><p>Pr\u00e9nom et nom : <span class=\"wpcf7-form-control-wrap\" data-name=\"your-name\"><input size=\"40\" maxlength=\"400\" class=\"wpcf7-form-control wpcf7-text wpcf7-validates-as-required\" aria-required=\"true\" aria-invalid=\"false\" value=\"\" type=\"text\" name=\"your-name\" \/><\/span>\n<\/p>\n<p>N\u00ba Carte d\u00b4identit\u00e9 :<span class=\"wpcf7-form-control-wrap\" data-name=\"dni\"><input size=\"40\" maxlength=\"400\" class=\"wpcf7-form-control wpcf7-text wpcf7-validates-as-required\" aria-required=\"true\" aria-invalid=\"false\" value=\"\" type=\"text\" name=\"dni\" \/><\/span>\n<\/p>\n<p>T\u00e9l\u00e9phone : <span class=\"wpcf7-form-control-wrap\" data-name=\"telefono\"><input size=\"40\" maxlength=\"400\" class=\"wpcf7-form-control wpcf7-text wpcf7-validates-as-required\" aria-required=\"true\" aria-invalid=\"false\" value=\"\" type=\"text\" name=\"telefono\" \/><\/span>\n<\/p>\n<p>Adresse : <span class=\"wpcf7-form-control-wrap\" data-name=\"direccion\"><input size=\"40\" maxlength=\"400\" class=\"wpcf7-form-control wpcf7-text wpcf7-validates-as-required\" aria-required=\"true\" aria-invalid=\"false\" value=\"\" type=\"text\" name=\"direccion\" \/><\/span>\n<\/p>\n<p>Localit\u00e9\/Province : <span class=\"wpcf7-form-control-wrap\" data-name=\"poblacion\"><input size=\"40\" maxlength=\"400\" class=\"wpcf7-form-control wpcf7-text wpcf7-validates-as-required\" aria-required=\"true\" aria-invalid=\"false\" value=\"\" type=\"text\" name=\"poblacion\" \/><\/span>\n<\/p>\n<p>Code Postal : <span class=\"wpcf7-form-control-wrap\" data-name=\"cp\"><input size=\"40\" maxlength=\"400\" class=\"wpcf7-form-control wpcf7-text wpcf7-validates-as-required\" aria-required=\"true\" aria-invalid=\"false\" value=\"\" type=\"text\" name=\"cp\" \/><\/span>\n<\/p>\n<p>E-mail: <span class=\"wpcf7-form-control-wrap\" data-name=\"your-email\"><input size=\"40\" maxlength=\"400\" class=\"wpcf7-form-control wpcf7-email wpcf7-validates-as-required wpcf7-text wpcf7-validates-as-email\" aria-required=\"true\" aria-invalid=\"false\" value=\"\" type=\"email\" name=\"your-email\" \/><\/span>\n<\/p>\n<p><strong>Je voudrai devenir partenaire<\/strong>\n<\/p>\n<p>Pr\u00e9ciser le montant(\u20ac): <span class=\"wpcf7-form-control-wrap\" data-name=\"cantidad\"><input size=\"40\" maxlength=\"400\" class=\"wpcf7-form-control wpcf7-text wpcf7-validates-as-required\" aria-required=\"true\" aria-invalid=\"false\" value=\"\" type=\"text\" name=\"cantidad\" \/><\/span>\n<\/p>\n<p>Pr\u00e9ciser la p\u00e9riodicit\u00e9 : <span class=\"wpcf7-form-control-wrap\" data-name=\"radio-407\"><span class=\"wpcf7-form-control wpcf7-radio\" id=\"periocidad\"><span class=\"wpcf7-list-item first\"><input type=\"radio\" name=\"radio-407\" value=\"Chaque mois\" \/><span class=\"wpcf7-list-item-label\">Chaque mois<\/span><\/span><span class=\"wpcf7-list-item\"><input type=\"radio\" name=\"radio-407\" value=\"Chaquetroismois\" \/><span class=\"wpcf7-list-item-label\">Chaquetroismois<\/span><\/span><span class=\"wpcf7-list-item last\"><input type=\"radio\" name=\"radio-407\" value=\"Chaque ann\u00e9e\" \/><span class=\"wpcf7-list-item-label\">Chaque ann\u00e9e<\/span><\/span><\/span><\/span>\n<\/p>\n<p><strong>Domiciliation bancaire<\/strong>\n<\/p>\n<p>Num\u00e9ro de compte -IBAN: <span class=\"wpcf7-form-control-wrap\" data-name=\"iban\"><input size=\"40\" maxlength=\"400\" class=\"wpcf7-form-control wpcf7-text wpcf7-validates-as-required\" aria-required=\"true\" aria-invalid=\"false\" value=\"\" type=\"text\" name=\"iban\" \/><\/span>\n<\/p>\n<p>Je souhaite recevoir des informations d\u2019Itaka \u2013 Escolapios <span class=\"wpcf7-form-control-wrap\" data-name=\"aceptacion\"><span class=\"wpcf7-form-control wpcf7-checkbox wpcf7-exclusive-checkbox\"><span class=\"wpcf7-list-item first\"><input type=\"checkbox\" name=\"aceptacion\" value=\"Si\" \/><span class=\"wpcf7-list-item-label\">Si<\/span><\/span><span class=\"wpcf7-list-item last\"><input type=\"checkbox\" name=\"aceptacion\" value=\"Aucun\" \/><span class=\"wpcf7-list-item-label\">Aucun<\/span><\/span><\/span><\/span>\n<\/p>\n<p>Lu et accept\u00e9 les <a class=\"nota-legal\" href=\"#\">conditions d\u2019usage l\u00e9gal<\/a><span class=\"wpcf7-form-control-wrap\" data-name=\"acceptance-503\"><span class=\"wpcf7-form-control wpcf7-acceptance\"><span class=\"wpcf7-list-item\"><input type=\"checkbox\" name=\"acceptance-503\" value=\"1\" aria-invalid=\"false\" \/><\/span><\/span><\/span>\n<\/p>\n<div class=\"nota-legal-texto\">\n\t<p><strong>Politique G\u00e9n\u00e9rale de Confidentialit\u00e9<\/strong>\n\t<\/p>\n\t<p>Nous vous informons qu\u2019en conformit\u00e9 avec la Loi 15\/1999, du 13 d\u00e9cembre, de Protection des donn\u00e9es de Caract\u00e8re Personnel, les donn\u00e9es que, librement vous mettez \u00e0 notre disposition, seront incorpor\u00e9es dans un fichier de donn\u00e9es, dont le responsable est\u00a0la Fondation Itaka-Escolapios, ayant pour finalit\u00e9 de r\u00e9aliser las op\u00e9rations n\u00e9cessaires pour vous faire parvenir les produits et services sollicit\u00e9s et pour pouvoir vous faire des communications commerciales sur des activit\u00e9s et produits de notre entit\u00e9.\n\t<\/p>\n\t<p>Dans aucun cas, vos donn\u00e9es ne seront transmises \u00e0 des tierces personnes et vous pourrez exercer vos droits d\u2019acc\u00e8s, modification, annulation et opposition en vous adressant par \u00e9crit \u00e0 l\u2019adresse de\u00a0la Fondation Itaka-Escolapios, C\/ Juan de Ajuriaguerra, 15. 48009 Bilbao\n\t<\/p>\n<\/div>\n<p><div class=\"cf7-cf-turnstile\" style=\"margin-top: 0px; margin-bottom: -15px;\"> <div id=\"cf-turnstile-cf7-746445491\" class=\"cf-turnstile\" data-sitekey=\"0x4AAAAAAAc7wYvyKY3hbjnf\" data-theme=\"light\" data-language=\"auto\" data-size=\"normal\" data-retry=\"auto\" data-retry-interval=\"1000\" data-refresh-expired=\"auto\" data-refresh-timeout=\"auto\" data-action=\"contact-form-7\" data-callback=\"turnstileCF7Callback\" data-appearance=\"always\"><\/div> <script>document.addEventListener(\"DOMContentLoaded\", function() { setTimeout(function(){ var e=document.getElementById(\"cf-turnstile-cf7-746445491\"); if(e&&!e.innerHTML.trim()){turnstile.render(e, {sitekey:\"0x4AAAAAAAc7wYvyKY3hbjnf\"});} }, 200); });<\/script> <br class=\"cf-turnstile-br cf-turnstile-br-cf7-746445491\"> <style>#cf-turnstile-cf7-746445491 { margin-left: -15px; }<\/style> <script>document.addEventListener(\"DOMContentLoaded\",function(){document.querySelectorAll('.wpcf7-form').forEach(function(e){e.addEventListener('submit',function(){if(document.getElementById('cf-turnstile-cf7-746445491')){setTimeout(function(){turnstile.reset('#cf-turnstile-cf7-746445491');},1000)}})})});<\/script> <\/div><br\/><input class=\"wpcf7-form-control wpcf7-submit has-spinner\" type=\"submit\" value=\"Envoyer\" \/>\n<\/p><input type='hidden' class='wpcf7-pum' value='{\"closepopup\":false,\"closedelay\":0,\"openpopup\":false,\"openpopup_id\":0}' \/><div class=\"wpcf7-response-output\" aria-hidden=\"true\"><\/div>\n<\/form>\n<\/div>\n<\/p>\n<p lang=\"en-US\"><strong>Par courrier postal<\/strong><\/p>\n<p lang=\"en-US\">Imprimez le formulaire et envoyez-le ou d\u00e9posez-le dans le si\u00e8ge le plus proche de vous<\/p>\n<p lang=\"en-US\">D\u00e9charger: <a href=\"https:\/\/www.itakaescolapios.org\/wp-content\/uploads\/2012\/06\/HAZTE-SOCIO-CON-SEPA-PARA-LA-WEB.pdf\">DEVENIR PARTENAIRE (PDF)<\/a><\/p>\n","protected":false},"excerpt":{"rendered":"<p>Gr\u00e2ce \u00e0 ton appui, nous pouvons continuer \u00e0 construire un monde plus juste. A la suite, nous te pr\u00e9sentons diff\u00e9rentes possibilit\u00e9s pour que tu puisses devenir un(e) partenaire. A travers [&hellip;]<\/p>\n","protected":false},"author":1,"featured_media":0,"parent":9,"menu_order":1,"comment_status":"closed","ping_status":"closed","template":"","meta":{"_et_pb_use_builder":"","_et_pb_old_content":"","_et_gb_content_width":"","footnotes":""},"class_list":["post-726","page","type-page","status-publish","hentry"],"yoast_head":"<!-- This site is optimized with the Yoast SEO plugin v27.4 - https:\/\/yoast.com\/product\/yoast-seo-wordpress\/ -->\n<title>Devenir partenaire<\/title>\n<meta name=\"description\" content=\"Gr\u00e2ce \u00e0 ton appui, nous pouvons continuer \u00e0 construire un monde plus juste. A la suite, nous te pr\u00e9sentons diff\u00e9rentes possibilit\u00e9s pour que tu puisses devenir un(e) partenaire. A travers notre site Internet [contact-form-7 id=&quot;3233&quot; title=&quot;Hazte_socio frances&quot;] Par courrier postal Imprimez le formulaire et envoyez-le ou d\u00e9posez-le dans le si\u00e8ge le plus proche de vous\u2026\" \/>\n<meta name=\"robots\" content=\"index, follow, max-snippet:-1, max-image-preview:large, max-video-preview:-1\" \/>\n<link rel=\"canonical\" href=\"http:\/\/Gr\u00e2ce%20\u00e0%20ton%20appui,%20nous%20pouvons%20continuer%20\u00e0%20construire%20un%20monde%20plus%20juste.%20A%20la%20suite,%20nous%20te%20pr\u00e9sentons%20diff\u00e9rentes%20possibilit\u00e9s%20pour%20que%20tu%20puisses%20devenir%20un(e)%20partenaire.%20A%20travers%20notre%20site%20Internet%20[contact-form-7%20id=3233%20title=Hazte_socio%20frances]%20Par%20courrier%20postal%20Imprimez%20le%20formulaire%20et%20envoyez-le%20ou%20d\u00e9posez-le%20dans%20le%20si\u00e8ge%20le%20plus%20proche%20de%20vous\u2026\" \/>\n<meta property=\"og:locale\" content=\"fr_FR\" \/>\n<meta property=\"og:type\" content=\"article\" \/>\n<meta property=\"og:title\" content=\"Devenir partenaire\" \/>\n<meta property=\"og:description\" content=\"Gr\u00e2ce \u00e0 ton appui, nous pouvons continuer \u00e0 construire un monde plus juste. A la suite, nous te pr\u00e9sentons diff\u00e9rentes possibilit\u00e9s pour que tu puisses devenir un(e) partenaire. A travers notre site Internet [contact-form-7 id=&quot;3233&quot; title=&quot;Hazte_socio frances&quot;] Par courrier postal Imprimez le formulaire et envoyez-le ou d\u00e9posez-le dans le si\u00e8ge le plus proche de vous\u2026\" \/>\n<meta property=\"og:url\" content=\"https:\/\/www.itakaescolapios.org\/fr\/que-puedes-hacer-tu\/hazte-socio\/\" \/>\n<meta property=\"og:site_name\" content=\"Itaka-Escolapios\" \/>\n<meta property=\"article:modified_time\" content=\"2023-11-28T11:39:42+00:00\" \/>\n<meta name=\"twitter:card\" content=\"summary_large_image\" \/>\n<script type=\"application\/ld+json\" class=\"yoast-schema-graph\">{\"@context\":\"https:\\\/\\\/schema.org\",\"@graph\":[{\"@type\":\"WebPage\",\"@id\":\"https:\\\/\\\/www.itakaescolapios.org\\\/fr\\\/que-puedes-hacer-tu\\\/hazte-socio\\\/\",\"url\":\"https:\\\/\\\/www.itakaescolapios.org\\\/fr\\\/que-puedes-hacer-tu\\\/hazte-socio\\\/\",\"name\":\"Hazte Socio - Itaka-Escolapios\",\"isPartOf\":{\"@id\":\"https:\\\/\\\/www.itakaescolapios.org\\\/es\\\/#website\"},\"datePublished\":\"2012-06-14T10:57:04+00:00\",\"dateModified\":\"2023-11-28T11:39:42+00:00\",\"breadcrumb\":{\"@id\":\"https:\\\/\\\/www.itakaescolapios.org\\\/fr\\\/que-puedes-hacer-tu\\\/hazte-socio\\\/#breadcrumb\"},\"inLanguage\":\"fr-FR\",\"potentialAction\":[{\"@type\":\"ReadAction\",\"target\":[\"https:\\\/\\\/www.itakaescolapios.org\\\/fr\\\/que-puedes-hacer-tu\\\/hazte-socio\\\/\"]}]},{\"@type\":\"BreadcrumbList\",\"@id\":\"https:\\\/\\\/www.itakaescolapios.org\\\/fr\\\/que-puedes-hacer-tu\\\/hazte-socio\\\/#breadcrumb\",\"itemListElement\":[{\"@type\":\"ListItem\",\"position\":1,\"name\":\"Itaka-Escolapios\",\"item\":\"https:\\\/\\\/www.itakaescolapios.org\\\/es\\\/\"},{\"@type\":\"ListItem\",\"position\":2,\"name\":\"Que peux faire\",\"item\":\"https:\\\/\\\/www.itakaescolapios.org\\\/es\\\/que-puedes-hacer-tu\\\/\"},{\"@type\":\"ListItem\",\"position\":3,\"name\":\"Devenir partenaire\"}]},{\"@type\":\"WebSite\",\"@id\":\"https:\\\/\\\/www.itakaescolapios.org\\\/fr\\\/es\\\/#website\",\"url\":\"https:\\\/\\\/www.itakaescolapios.org\\\/fr\\\/es\\\/\",\"name\":\"Itaka-Escolapios\",\"description\":\"Red de Itaka-Escolapios\",\"publisher\":{\"@id\":\"https:\\\/\\\/www.itakaescolapios.org\\\/fr\\\/es\\\/#organization\"},\"potentialAction\":[{\"@type\":\"SearchAction\",\"target\":{\"@type\":\"EntryPoint\",\"urlTemplate\":\"https:\\\/\\\/www.itakaescolapios.org\\\/fr\\\/es\\\/?s={search_term_string}\"},\"query-input\":{\"@type\":\"PropertyValueSpecification\",\"valueRequired\":true,\"valueName\":\"search_term_string\"}}],\"inLanguage\":\"fr-FR\"},{\"@type\":\"Organization\",\"@id\":\"https:\\\/\\\/www.itakaescolapios.org\\\/fr\\\/es\\\/#organization\",\"name\":\"Fundaci\u00f3 Itaka-Escolapios\",\"url\":\"https:\\\/\\\/www.itakaescolapios.org\\\/fr\\\/es\\\/\",\"logo\":{\"@type\":\"ImageObject\",\"inLanguage\":\"fr-FR\",\"@id\":\"https:\\\/\\\/www.itakaescolapios.org\\\/fr\\\/es\\\/#\\\/schema\\\/logo\\\/image\\\/\",\"url\":\"https:\\\/\\\/www.itakaescolapios.org\\\/wp-content\\\/uploads\\\/2024\\\/04\\\/Logo-itakaescolapios-peque.png\",\"contentUrl\":\"https:\\\/\\\/www.itakaescolapios.org\\\/wp-content\\\/uploads\\\/2024\\\/04\\\/Logo-itakaescolapios-peque.png\",\"width\":500,\"height\":199,\"caption\":\"Fundaci\u00f3 Itaka-Escolapios\"},\"image\":{\"@id\":\"https:\\\/\\\/www.itakaescolapios.org\\\/fr\\\/es\\\/#\\\/schema\\\/logo\\\/image\\\/\"}}]}<\/script>\n<!-- \/ Yoast SEO plugin. -->","yoast_head_json":{"title":"Devenir partenaire","description":"Gr\u00e2ce \u00e0 ton appui, nous pouvons continuer \u00e0 construire un monde plus juste. A la suite, nous te pr\u00e9sentons diff\u00e9rentes possibilit\u00e9s pour que tu puisses devenir un(e) partenaire. A travers notre site Internet [contact-form-7 id=\"3233\" title=\"Hazte_socio frances\"] Par courrier postal Imprimez le formulaire et envoyez-le ou d\u00e9posez-le dans le si\u00e8ge le plus proche de vous\u2026","robots":{"index":"index","follow":"follow","max-snippet":"max-snippet:-1","max-image-preview":"max-image-preview:large","max-video-preview":"max-video-preview:-1"},"canonical":"Gr\u00e2ce \u00e0 ton appui, nous pouvons continuer \u00e0 construire un monde plus juste. A la suite, nous te pr\u00e9sentons diff\u00e9rentes possibilit\u00e9s pour que tu puisses devenir un(e) partenaire. A travers notre site Internet [contact-form-7 id=\"3233\" title=\"Hazte_socio frances\"] Par courrier postal Imprimez le formulaire et envoyez-le ou d\u00e9posez-le dans le si\u00e8ge le plus proche de vous\u2026","og_locale":"fr_FR","og_type":"article","og_title":"Devenir partenaire","og_description":"Gr\u00e2ce \u00e0 ton appui, nous pouvons continuer \u00e0 construire un monde plus juste. A la suite, nous te pr\u00e9sentons diff\u00e9rentes possibilit\u00e9s pour que tu puisses devenir un(e) partenaire. A travers notre site Internet [contact-form-7 id=\"3233\" title=\"Hazte_socio frances\"] Par courrier postal Imprimez le formulaire et envoyez-le ou d\u00e9posez-le dans le si\u00e8ge le plus proche de vous\u2026","og_url":"https:\/\/www.itakaescolapios.org\/fr\/que-puedes-hacer-tu\/hazte-socio\/","og_site_name":"Itaka-Escolapios","article_modified_time":"2023-11-28T11:39:42+00:00","twitter_card":"summary_large_image","schema":{"@context":"https:\/\/schema.org","@graph":[{"@type":"WebPage","@id":"https:\/\/www.itakaescolapios.org\/fr\/que-puedes-hacer-tu\/hazte-socio\/","url":"https:\/\/www.itakaescolapios.org\/fr\/que-puedes-hacer-tu\/hazte-socio\/","name":"Hazte Socio - Itaka-Escolapios","isPartOf":{"@id":"https:\/\/www.itakaescolapios.org\/es\/#website"},"datePublished":"2012-06-14T10:57:04+00:00","dateModified":"2023-11-28T11:39:42+00:00","breadcrumb":{"@id":"https:\/\/www.itakaescolapios.org\/fr\/que-puedes-hacer-tu\/hazte-socio\/#breadcrumb"},"inLanguage":"fr-FR","potentialAction":[{"@type":"ReadAction","target":["https:\/\/www.itakaescolapios.org\/fr\/que-puedes-hacer-tu\/hazte-socio\/"]}]},{"@type":"BreadcrumbList","@id":"https:\/\/www.itakaescolapios.org\/fr\/que-puedes-hacer-tu\/hazte-socio\/#breadcrumb","itemListElement":[{"@type":"ListItem","position":1,"name":"Itaka-Escolapios","item":"https:\/\/www.itakaescolapios.org\/es\/"},{"@type":"ListItem","position":2,"name":"Que peux faire","item":"https:\/\/www.itakaescolapios.org\/es\/que-puedes-hacer-tu\/"},{"@type":"ListItem","position":3,"name":"Devenir partenaire"}]},{"@type":"WebSite","@id":"https:\/\/www.itakaescolapios.org\/fr\/es\/#website","url":"https:\/\/www.itakaescolapios.org\/fr\/es\/","name":"Itaka-Escolapios","description":"Red de Itaka-Escolapios","publisher":{"@id":"https:\/\/www.itakaescolapios.org\/fr\/es\/#organization"},"potentialAction":[{"@type":"SearchAction","target":{"@type":"EntryPoint","urlTemplate":"https:\/\/www.itakaescolapios.org\/fr\/es\/?s={search_term_string}"},"query-input":{"@type":"PropertyValueSpecification","valueRequired":true,"valueName":"search_term_string"}}],"inLanguage":"fr-FR"},{"@type":"Organization","@id":"https:\/\/www.itakaescolapios.org\/fr\/es\/#organization","name":"Fundaci\u00f3 Itaka-Escolapios","url":"https:\/\/www.itakaescolapios.org\/fr\/es\/","logo":{"@type":"ImageObject","inLanguage":"fr-FR","@id":"https:\/\/www.itakaescolapios.org\/fr\/es\/#\/schema\/logo\/image\/","url":"https:\/\/www.itakaescolapios.org\/wp-content\/uploads\/2024\/04\/Logo-itakaescolapios-peque.png","contentUrl":"https:\/\/www.itakaescolapios.org\/wp-content\/uploads\/2024\/04\/Logo-itakaescolapios-peque.png","width":500,"height":199,"caption":"Fundaci\u00f3 Itaka-Escolapios"},"image":{"@id":"https:\/\/www.itakaescolapios.org\/fr\/es\/#\/schema\/logo\/image\/"}}]}},"_links":{"self":[{"href":"https:\/\/www.itakaescolapios.org\/fr\/wp-json\/wp\/v2\/pages\/726","targetHints":{"allow":["GET"]}}],"collection":[{"href":"https:\/\/www.itakaescolapios.org\/fr\/wp-json\/wp\/v2\/pages"}],"about":[{"href":"https:\/\/www.itakaescolapios.org\/fr\/wp-json\/wp\/v2\/types\/page"}],"author":[{"embeddable":true,"href":"https:\/\/www.itakaescolapios.org\/fr\/wp-json\/wp\/v2\/users\/1"}],"replies":[{"embeddable":true,"href":"https:\/\/www.itakaescolapios.org\/fr\/wp-json\/wp\/v2\/comments?post=726"}],"version-history":[{"count":28,"href":"https:\/\/www.itakaescolapios.org\/fr\/wp-json\/wp\/v2\/pages\/726\/revisions"}],"predecessor-version":[{"id":50135,"href":"https:\/\/www.itakaescolapios.org\/fr\/wp-json\/wp\/v2\/pages\/726\/revisions\/50135"}],"up":[{"embeddable":true,"href":"https:\/\/www.itakaescolapios.org\/fr\/wp-json\/wp\/v2\/pages\/9"}],"wp:attachment":[{"href":"https:\/\/www.itakaescolapios.org\/fr\/wp-json\/wp\/v2\/media?parent=726"}],"curies":[{"name":"wp","href":"https:\/\/api.w.org\/{rel}","templated":true}]}}