{"id":730,"date":"2012-06-14T12:01:40","date_gmt":"2012-06-14T11:01:40","guid":{"rendered":"https:\/\/www.itakaescolapios.org\/?page_id=730"},"modified":"2023-11-28T12:39:42","modified_gmt":"2023-11-28T11:39:42","slug":"hazte-voluntario","status":"publish","type":"page","link":"https:\/\/www.itakaescolapios.org\/fr\/que-puedes-hacer-tu\/hazte-voluntario\/","title":{"rendered":"Devenir volontaire"},"content":{"rendered":"<p lang=\"en-US\" align=\"JUSTIFY\">Deviens volontaire et collabore dans le si\u00e8ge le plus proche. Chaque ann\u00e9e, des activit\u00e9s sont organis\u00e9es afin d&rsquo;obtenir le financement pour les projets d&rsquo;Itaka-Escolapios\u00a0; il existe des programmes d&rsquo;action sociale permanents auxquels tu peux participer, \u2026 viens nous voir dans le si\u00e8ge le plus proche et informe-toi.<\/p>\n<table width=\"520\">\n<thead>\n<tr>\n<td>Sede<\/td>\n<td>Direcci\u00f3n<\/td>\n<td>Provincia<\/td>\n<td width=\"130\">Tel\u00e9fono<\/td>\n<\/tr>\n<\/thead>\n<tbody>\n<tr>\n<td colspan=\"4\">\n<h3><strong>BOLIVIA<\/strong><\/h3>\n<\/td>\n<\/tr>\n<tr>\n<td>Cochabamba<\/td>\n<td>Jose Antonio Arc, 1292<\/td>\n<td>Cochabamba<\/td>\n<td>(591) 445 404 86<\/td>\n<\/tr>\n<tr>\n<td colspan=\"4\">\n<h3><strong>BR\u00c9SIL<\/strong><\/h3>\n<\/td>\n<\/tr>\n<tr>\n<td>Belo Horizonte<\/td>\n<td>Rua dos Coqueiros, 205 Maria Goretti<\/td>\n<td>Minas Gerais<\/td>\n<td>(55) 31 343 217 60<\/td>\n<\/tr>\n<tr>\n<td>Governador de Valadares<\/td>\n<td>Rua Carlos Chagas, 66 Bairro Santa Helena<\/td>\n<td>Minas Gerais<\/td>\n<td>(55) 33 327 662 20<\/td>\n<\/tr>\n<tr>\n<td>Serra<\/td>\n<td>Rua Alfredo Galeno 98 Bairro Vila Nova de Colares<\/td>\n<td>Esp\u00edrito Santo<\/td>\n<td>(55) 27 324 350 65<\/td>\n<\/tr>\n<tr>\n<td colspan=\"4\">\n<h3><strong>CAMERUN<\/strong><\/h3>\n<\/td>\n<\/tr>\n<tr>\n<td>Yaound\u00e9<\/td>\n<td>Quatier Cit\u00e9-Vert\u00e9 H10. Messa (junto al colegio alem\u00e1n)<\/td>\n<td>Mfoundi-Centre<\/td>\n<td>(237) 220 459 94<\/td>\n<\/tr>\n<tr>\n<td colspan=\"4\">\n<h3><strong>ESPAGNE<\/strong><\/h3>\n<\/td>\n<\/tr>\n<tr>\n<td>Bilbao<\/td>\n<td>Juan de Ajuriaguerra, 15<\/td>\n<td>Vizcaya<\/td>\n<td>(34) 944 244 954<\/td>\n<\/tr>\n<tr>\n<td>Cordoue<\/td>\n<td>Plaza de la compa\u00f1ia, 6<\/td>\n<td>Cordoue<\/td>\n<td>(34) 957 472 341<\/td>\n<\/tr>\n<tr>\n<td>Grenade<\/td>\n<td>Paseo de los Basilios,2 bis<\/td>\n<td>Grenade<\/td>\n<td>(34) 958 121 225<\/td>\n<\/tr>\n<tr>\n<td>Logro\u00f1o<\/td>\n<td>Avda. Doce Ligero de Artiller\u00eda, 2<\/td>\n<td>Logro\u00f1o<\/td>\n<td>(34) 941 244 100<\/td>\n<\/tr>\n<tr>\n<td>Pampelune<\/td>\n<td>Olite, 1 bajo<\/td>\n<td>Navarra<\/td>\n<td>(34) 948 203 891<\/td>\n<\/tr>\n<tr>\n<td>Montequinto<\/td>\n<td>San Jos\u00e9 de Calasanz s\/n<\/td>\n<td>S\u00e9ville<\/td>\n<td>(34) 954 121 250<\/td>\n<\/tr>\n<tr>\n<td>Soria<\/td>\n<td>Frentes 2a<\/td>\n<td>Soria<\/td>\n<td>(34) 975 221 162<\/td>\n<\/tr>\n<tr>\n<td>Tafalla<\/td>\n<td>Severino Fern\u00e1ndez, 30<\/td>\n<td>Navarra<\/td>\n<td>(34) 948 700 094<\/td>\n<\/tr>\n<tr>\n<td>Tolosa<\/td>\n<td>Barrio de San Blas, 27B<\/td>\n<td>Guip\u00fazkoa<\/td>\n<td>(34) 943 670 409<\/td>\n<\/tr>\n<tr>\n<td>Valence<\/td>\n<td>Carniceros 4, 1\u00ba<\/td>\n<td>Valence<\/td>\n<td>(34) 963 921 373<\/td>\n<\/tr>\n<tr>\n<td>Vitoria<\/td>\n<td>Federico Baraibar, 36.<\/td>\n<td>Alava<\/td>\n<td>(34) 945 284 000<\/td>\n<\/tr>\n<tr>\n<td>Saragosse<\/td>\n<td>Avda. C\u00e9sar Augusto, 37<\/td>\n<td>Saragosse<\/td>\n<td>(34) 976 405 135<\/td>\n<\/tr>\n<tr>\n<td colspan=\"4\">\n<h3><strong>Inde<\/strong><\/h3>\n<\/td>\n<\/tr>\n<tr>\n<td>Bangalore<\/td>\n<td>Sy. 56 Kittakannur Village KR Puram P.O.<\/td>\n<td>Kamataka<\/td>\n<td>(91) 80 324 298 26<\/td>\n<\/tr>\n<tr>\n<td colspan=\"4\">\n<h3><strong>VENEZUELA<\/strong><\/h3>\n<\/td>\n<\/tr>\n<tr>\n<td>Valence<\/td>\n<td>Miraflores n\u00ba 32-23. Urb. Barrio Impacto 2001<\/td>\n<td>Carabobo<\/td>\n<td>(58) 418 477 484<\/td>\n<\/tr>\n<\/tbody>\n<\/table>\n","protected":false},"excerpt":{"rendered":"<p>Deviens volontaire et collabore dans le si\u00e8ge le plus proche. Chaque ann\u00e9e, des activit\u00e9s sont organis\u00e9es afin d&rsquo;obtenir le financement pour les projets d&rsquo;Itaka-Escolapios\u00a0; il existe des programmes d&rsquo;action sociale [&hellip;]<\/p>\n","protected":false},"author":1,"featured_media":0,"parent":9,"menu_order":2,"comment_status":"closed","ping_status":"closed","template":"","meta":{"_et_pb_use_builder":"","_et_pb_old_content":"","_et_gb_content_width":"","footnotes":""},"class_list":["post-730","page","type-page","status-publish","hentry"],"yoast_head":"<!-- This site is optimized with the Yoast SEO plugin v27.3 - https:\/\/yoast.com\/product\/yoast-seo-wordpress\/ -->\n<title>Devenir volontaire<\/title>\n<meta name=\"description\" content=\"Deviens volontaire et collabore dans le si\u00e8ge le plus proche. Chaque ann\u00e9e, des activit\u00e9s sont organis\u00e9es afin d&#039;obtenir le financement pour les projets d&#039;Itaka-Escolapios\u00a0; il existe des programmes d&#039;action sociale permanents auxquels tu peux participer, \u2026 viens nous voir dans le si\u00e8ge le plus proche et informe-toi. Sede Direcci\u00f3n Provincia Tel\u00e9fono BOLIVIA Cochabamba Jose Antonio\u2026\" \/>\n<meta name=\"robots\" content=\"index, follow, max-snippet:-1, max-image-preview:large, max-video-preview:-1\" \/>\n<link rel=\"canonical\" href=\"http:\/\/Deviens%20volontaire%20et%20collabore%20dans%20le%20si\u00e8ge%20le%20plus%20proche.%20Chaque%20ann\u00e9e,%20des%20activit\u00e9s%20sont%20organis\u00e9es%20afin%20d'obtenir%20le%20financement%20pour%20les%20projets%20d'Itaka-Escolapios\u00a0;%20il%20existe%20des%20programmes%20d'action%20sociale%20permanents%20auxquels%20tu%20peux%20participer,%20\u2026%20viens%20nous%20voir%20dans%20le%20si\u00e8ge%20le%20plus%20proche%20et%20informe-toi.%20Sede%20Direcci\u00f3n%20Provincia%20Tel\u00e9fono%20BOLIVIA%20Cochabamba%20Jose%20Antonio\u2026\" \/>\n<meta property=\"og:locale\" content=\"fr_FR\" \/>\n<meta property=\"og:type\" content=\"article\" \/>\n<meta property=\"og:title\" content=\"Devenir volontaire\" \/>\n<meta property=\"og:description\" content=\"Deviens volontaire et collabore dans le si\u00e8ge le plus proche. Chaque ann\u00e9e, des activit\u00e9s sont organis\u00e9es afin d&#039;obtenir le financement pour les projets d&#039;Itaka-Escolapios\u00a0; il existe des programmes d&#039;action sociale permanents auxquels tu peux participer, \u2026 viens nous voir dans le si\u00e8ge le plus proche et informe-toi. Sede Direcci\u00f3n Provincia Tel\u00e9fono BOLIVIA Cochabamba Jose Antonio\u2026\" \/>\n<meta property=\"og:url\" content=\"https:\/\/www.itakaescolapios.org\/fr\/que-puedes-hacer-tu\/hazte-voluntario\/\" \/>\n<meta property=\"og:site_name\" content=\"Itaka-Escolapios\" \/>\n<meta property=\"article:modified_time\" content=\"2023-11-28T11:39:42+00:00\" \/>\n<meta name=\"twitter:card\" content=\"summary_large_image\" \/>\n<meta name=\"twitter:label1\" content=\"Dur\u00e9e de lecture estim\u00e9e\" \/>\n\t<meta name=\"twitter:data1\" content=\"1 minute\" \/>\n<script type=\"application\/ld+json\" class=\"yoast-schema-graph\">{\"@context\":\"https:\\\/\\\/schema.org\",\"@graph\":[{\"@type\":\"WebPage\",\"@id\":\"https:\\\/\\\/www.itakaescolapios.org\\\/fr\\\/que-puedes-hacer-tu\\\/hazte-voluntario\\\/\",\"url\":\"https:\\\/\\\/www.itakaescolapios.org\\\/fr\\\/que-puedes-hacer-tu\\\/hazte-voluntario\\\/\",\"name\":\"Hazte voluntario - Itaka-Escolapios\",\"isPartOf\":{\"@id\":\"https:\\\/\\\/www.itakaescolapios.org\\\/es\\\/#website\"},\"datePublished\":\"2012-06-14T11:01:40+00:00\",\"dateModified\":\"2023-11-28T11:39:42+00:00\",\"breadcrumb\":{\"@id\":\"https:\\\/\\\/www.itakaescolapios.org\\\/fr\\\/que-puedes-hacer-tu\\\/hazte-voluntario\\\/#breadcrumb\"},\"inLanguage\":\"fr-FR\",\"potentialAction\":[{\"@type\":\"ReadAction\",\"target\":[\"https:\\\/\\\/www.itakaescolapios.org\\\/fr\\\/que-puedes-hacer-tu\\\/hazte-voluntario\\\/\"]}]},{\"@type\":\"BreadcrumbList\",\"@id\":\"https:\\\/\\\/www.itakaescolapios.org\\\/fr\\\/que-puedes-hacer-tu\\\/hazte-voluntario\\\/#breadcrumb\",\"itemListElement\":[{\"@type\":\"ListItem\",\"position\":1,\"name\":\"Itaka-Escolapios\",\"item\":\"https:\\\/\\\/www.itakaescolapios.org\\\/es\\\/\"},{\"@type\":\"ListItem\",\"position\":2,\"name\":\"Que peux faire\",\"item\":\"https:\\\/\\\/www.itakaescolapios.org\\\/es\\\/que-puedes-hacer-tu\\\/\"},{\"@type\":\"ListItem\",\"position\":3,\"name\":\"Devenir volontaire\"}]},{\"@type\":\"WebSite\",\"@id\":\"https:\\\/\\\/www.itakaescolapios.org\\\/fr\\\/es\\\/#website\",\"url\":\"https:\\\/\\\/www.itakaescolapios.org\\\/fr\\\/es\\\/\",\"name\":\"Itaka-Escolapios\",\"description\":\"Red de Itaka-Escolapios\",\"publisher\":{\"@id\":\"https:\\\/\\\/www.itakaescolapios.org\\\/fr\\\/es\\\/#organization\"},\"potentialAction\":[{\"@type\":\"SearchAction\",\"target\":{\"@type\":\"EntryPoint\",\"urlTemplate\":\"https:\\\/\\\/www.itakaescolapios.org\\\/fr\\\/es\\\/?s={search_term_string}\"},\"query-input\":{\"@type\":\"PropertyValueSpecification\",\"valueRequired\":true,\"valueName\":\"search_term_string\"}}],\"inLanguage\":\"fr-FR\"},{\"@type\":\"Organization\",\"@id\":\"https:\\\/\\\/www.itakaescolapios.org\\\/fr\\\/es\\\/#organization\",\"name\":\"Fundaci\u00f3 Itaka-Escolapios\",\"url\":\"https:\\\/\\\/www.itakaescolapios.org\\\/fr\\\/es\\\/\",\"logo\":{\"@type\":\"ImageObject\",\"inLanguage\":\"fr-FR\",\"@id\":\"https:\\\/\\\/www.itakaescolapios.org\\\/fr\\\/es\\\/#\\\/schema\\\/logo\\\/image\\\/\",\"url\":\"https:\\\/\\\/www.itakaescolapios.org\\\/wp-content\\\/uploads\\\/2024\\\/04\\\/Logo-itakaescolapios-peque.png\",\"contentUrl\":\"https:\\\/\\\/www.itakaescolapios.org\\\/wp-content\\\/uploads\\\/2024\\\/04\\\/Logo-itakaescolapios-peque.png\",\"width\":500,\"height\":199,\"caption\":\"Fundaci\u00f3 Itaka-Escolapios\"},\"image\":{\"@id\":\"https:\\\/\\\/www.itakaescolapios.org\\\/fr\\\/es\\\/#\\\/schema\\\/logo\\\/image\\\/\"}}]}<\/script>\n<!-- \/ Yoast SEO plugin. -->","yoast_head_json":{"title":"Devenir volontaire","description":"Deviens volontaire et collabore dans le si\u00e8ge le plus proche. Chaque ann\u00e9e, des activit\u00e9s sont organis\u00e9es afin d'obtenir le financement pour les projets d'Itaka-Escolapios\u00a0; il existe des programmes d'action sociale permanents auxquels tu peux participer, \u2026 viens nous voir dans le si\u00e8ge le plus proche et informe-toi. Sede Direcci\u00f3n Provincia Tel\u00e9fono BOLIVIA Cochabamba Jose Antonio\u2026","robots":{"index":"index","follow":"follow","max-snippet":"max-snippet:-1","max-image-preview":"max-image-preview:large","max-video-preview":"max-video-preview:-1"},"canonical":"Deviens volontaire et collabore dans le si\u00e8ge le plus proche. Chaque ann\u00e9e, des activit\u00e9s sont organis\u00e9es afin d'obtenir le financement pour les projets d'Itaka-Escolapios\u00a0; il existe des programmes d'action sociale permanents auxquels tu peux participer, \u2026 viens nous voir dans le si\u00e8ge le plus proche et informe-toi. Sede Direcci\u00f3n Provincia Tel\u00e9fono BOLIVIA Cochabamba Jose Antonio\u2026","og_locale":"fr_FR","og_type":"article","og_title":"Devenir volontaire","og_description":"Deviens volontaire et collabore dans le si\u00e8ge le plus proche. Chaque ann\u00e9e, des activit\u00e9s sont organis\u00e9es afin d'obtenir le financement pour les projets d'Itaka-Escolapios\u00a0; il existe des programmes d'action sociale permanents auxquels tu peux participer, \u2026 viens nous voir dans le si\u00e8ge le plus proche et informe-toi. Sede Direcci\u00f3n Provincia Tel\u00e9fono BOLIVIA Cochabamba Jose Antonio\u2026","og_url":"https:\/\/www.itakaescolapios.org\/fr\/que-puedes-hacer-tu\/hazte-voluntario\/","og_site_name":"Itaka-Escolapios","article_modified_time":"2023-11-28T11:39:42+00:00","twitter_card":"summary_large_image","twitter_misc":{"Dur\u00e9e de lecture estim\u00e9e":"1 minute"},"schema":{"@context":"https:\/\/schema.org","@graph":[{"@type":"WebPage","@id":"https:\/\/www.itakaescolapios.org\/fr\/que-puedes-hacer-tu\/hazte-voluntario\/","url":"https:\/\/www.itakaescolapios.org\/fr\/que-puedes-hacer-tu\/hazte-voluntario\/","name":"Hazte voluntario - Itaka-Escolapios","isPartOf":{"@id":"https:\/\/www.itakaescolapios.org\/es\/#website"},"datePublished":"2012-06-14T11:01:40+00:00","dateModified":"2023-11-28T11:39:42+00:00","breadcrumb":{"@id":"https:\/\/www.itakaescolapios.org\/fr\/que-puedes-hacer-tu\/hazte-voluntario\/#breadcrumb"},"inLanguage":"fr-FR","potentialAction":[{"@type":"ReadAction","target":["https:\/\/www.itakaescolapios.org\/fr\/que-puedes-hacer-tu\/hazte-voluntario\/"]}]},{"@type":"BreadcrumbList","@id":"https:\/\/www.itakaescolapios.org\/fr\/que-puedes-hacer-tu\/hazte-voluntario\/#breadcrumb","itemListElement":[{"@type":"ListItem","position":1,"name":"Itaka-Escolapios","item":"https:\/\/www.itakaescolapios.org\/es\/"},{"@type":"ListItem","position":2,"name":"Que peux faire","item":"https:\/\/www.itakaescolapios.org\/es\/que-puedes-hacer-tu\/"},{"@type":"ListItem","position":3,"name":"Devenir volontaire"}]},{"@type":"WebSite","@id":"https:\/\/www.itakaescolapios.org\/fr\/es\/#website","url":"https:\/\/www.itakaescolapios.org\/fr\/es\/","name":"Itaka-Escolapios","description":"Red de Itaka-Escolapios","publisher":{"@id":"https:\/\/www.itakaescolapios.org\/fr\/es\/#organization"},"potentialAction":[{"@type":"SearchAction","target":{"@type":"EntryPoint","urlTemplate":"https:\/\/www.itakaescolapios.org\/fr\/es\/?s={search_term_string}"},"query-input":{"@type":"PropertyValueSpecification","valueRequired":true,"valueName":"search_term_string"}}],"inLanguage":"fr-FR"},{"@type":"Organization","@id":"https:\/\/www.itakaescolapios.org\/fr\/es\/#organization","name":"Fundaci\u00f3 Itaka-Escolapios","url":"https:\/\/www.itakaescolapios.org\/fr\/es\/","logo":{"@type":"ImageObject","inLanguage":"fr-FR","@id":"https:\/\/www.itakaescolapios.org\/fr\/es\/#\/schema\/logo\/image\/","url":"https:\/\/www.itakaescolapios.org\/wp-content\/uploads\/2024\/04\/Logo-itakaescolapios-peque.png","contentUrl":"https:\/\/www.itakaescolapios.org\/wp-content\/uploads\/2024\/04\/Logo-itakaescolapios-peque.png","width":500,"height":199,"caption":"Fundaci\u00f3 Itaka-Escolapios"},"image":{"@id":"https:\/\/www.itakaescolapios.org\/fr\/es\/#\/schema\/logo\/image\/"}}]}},"_links":{"self":[{"href":"https:\/\/www.itakaescolapios.org\/fr\/wp-json\/wp\/v2\/pages\/730","targetHints":{"allow":["GET"]}}],"collection":[{"href":"https:\/\/www.itakaescolapios.org\/fr\/wp-json\/wp\/v2\/pages"}],"about":[{"href":"https:\/\/www.itakaescolapios.org\/fr\/wp-json\/wp\/v2\/types\/page"}],"author":[{"embeddable":true,"href":"https:\/\/www.itakaescolapios.org\/fr\/wp-json\/wp\/v2\/users\/1"}],"replies":[{"embeddable":true,"href":"https:\/\/www.itakaescolapios.org\/fr\/wp-json\/wp\/v2\/comments?post=730"}],"version-history":[{"count":65,"href":"https:\/\/www.itakaescolapios.org\/fr\/wp-json\/wp\/v2\/pages\/730\/revisions"}],"predecessor-version":[{"id":50133,"href":"https:\/\/www.itakaescolapios.org\/fr\/wp-json\/wp\/v2\/pages\/730\/revisions\/50133"}],"up":[{"embeddable":true,"href":"https:\/\/www.itakaescolapios.org\/fr\/wp-json\/wp\/v2\/pages\/9"}],"wp:attachment":[{"href":"https:\/\/www.itakaescolapios.org\/fr\/wp-json\/wp\/v2\/media?parent=730"}],"curies":[{"name":"wp","href":"https:\/\/api.w.org\/{rel}","templated":true}]}}