{"id":732,"date":"2012-06-14T12:02:24","date_gmt":"2012-06-14T11:02:24","guid":{"rendered":"https:\/\/www.itakaescolapios.org\/?page_id=732"},"modified":"2023-11-28T12:39:42","modified_gmt":"2023-11-28T11:39:42","slug":"haz-un-donativo","status":"publish","type":"page","link":"https:\/\/www.itakaescolapios.org\/fr\/que-puedes-hacer-tu\/haz-un-donativo\/","title":{"rendered":"Haz un donativo"},"content":{"rendered":"<p lang=\"en-US\" style=\"text-align: left;\" align=\"CENTER\">Haz una donaci\u00f3n a la Fundaci\u00f3n Itaka-Escolapios y participa en el proceso de transformaci\u00f3n social que desarrolla a trav\u00e9s de la educaci\u00f3n.<\/p>\n<p lang=\"en-US\" style=\"text-align: left;\" align=\"CENTER\">Puedes hacer una contribuci\u00f3n con tu tarjeta de cr\u00e9dito <a title=\"tpv\" href=\"https:\/\/pasarela.itakaescolapios.org\/p\/donativo\/\">aqu\u00ed<\/a> o puedes hacer tu aportaci\u00f3n en cualquiera de las siguientes cuentas:<\/p>\n<ul>\n<li>\n<ul>\n<li><strong>Fiare Banca \u00c9tica<\/strong>\n<ul>\n<li>Cuenta-IBAN: ES39 1550 0001 2500 0459 4222<\/li>\n<li>SWIFT\/BIC: ETICES21XXX<\/li>\n<\/ul>\n<\/li>\n<\/ul>\n<ul>\n<li><strong>Bankinter<\/strong>\n<ul>\n<li>Cuenta- IBAN: ES22 0128 0362 59 0100008641<\/li>\n<li>SWIFT\/BIC: BKBKESMMXXX<\/li>\n<\/ul>\n<\/li>\n<li><strong>Caixabank<\/strong>\n<ul>\n<li>Cuenta- IBAN: ES69 2100 0732 24 0201043335<\/li>\n<li>SWIFT\/BIC: CAIXESBBXXX<\/li>\n<\/ul>\n<\/li>\n<\/ul>\n<\/li>\n<\/ul>\n<p lang=\"en-US\" align=\"JUSTIFY\">Para hacer donativos, mediante trasferencia, desde fuera de Espa\u00f1a o en otros pa\u00edses puedes hacernos una consulta en <a href=\"mailto:colabora@itakaescolapios.org\">colabora@itakaescolapios.org<\/a><\/p>\n<p lang=\"en-US\" align=\"JUSTIFY\"><strong>Avantages fiscaux<\/strong><\/p>\n<p>\u00a0PERSONA F\u00cdSICAPERSONA JURIDICA (Sociedad)<\/p>\n<table>\n<tbody>\n<tr>\n<td width=\"120\"><\/td>\n<td colspan=\"2\">IRPF<\/td>\n<td colspan=\"2\">IMPUESTO SOCIEDADES<\/td>\n<\/tr>\n<tr valign=\"TOP\">\n<td width=\"100\"><\/td>\n<td width=\"140\">% DEDUCCI\u00d3N EN CUOTA<\/td>\n<td width=\"80\">L\u00cdMITE<\/td>\n<td width=\"200\">DEDUCCI\u00d3N<\/td>\n<td width=\"200\">L\u00cdMITE<\/td>\n<\/tr>\n<tr valign=\"TOP\">\n<td width=\"100\">PAIS VASCO Haciendas de Bizkaia Alava y Guipuzkoa<\/td>\n<td width=\"140\">30%<\/td>\n<td width=\"80\">30% Base Liquidable<\/td>\n<td width=\"200\">Gasto deducible +18%deducci\u00f3n en cuota<\/td>\n<td width=\"200\">Gasto: sin l\u00edmite Deducci\u00f3n: 45% en cuota<\/td>\n<\/tr>\n<tr valign=\"TOP\">\n<td width=\"100\">NAVARRA<\/td>\n<td width=\"140\">25%<\/td>\n<td width=\"80\">20% Base Liquidable<\/td>\n<td width=\"200\">Se considera gasto deducible<\/td>\n<td width=\"200\">10% base imponible previa o 1 por mil de ingresos<\/td>\n<\/tr>\n<tr valign=\"TOP\">\n<td width=\"150\">ESPA\u00d1A<\/td>\n<td width=\"50\">25%<\/td>\n<td width=\"80\">20% Base Liquidable<\/td>\n<td width=\"220\">Deducci\u00f3n 35% en cuota<\/td>\n<td width=\"220\">10% base imponible<\/td>\n<\/tr>\n<\/tbody>\n<\/table>\n","protected":false},"excerpt":{"rendered":"<p>Haz una donaci\u00f3n a la Fundaci\u00f3n Itaka-Escolapios y participa en el proceso de transformaci\u00f3n social que desarrolla a trav\u00e9s de la educaci\u00f3n. Puedes hacer una contribuci\u00f3n con tu tarjeta de [&hellip;]<\/p>\n","protected":false},"author":1,"featured_media":0,"parent":9,"menu_order":3,"comment_status":"closed","ping_status":"closed","template":"","meta":{"_et_pb_use_builder":"","_et_pb_old_content":"","_et_gb_content_width":"","footnotes":""},"class_list":["post-732","page","type-page","status-publish","hentry"],"yoast_head":"<!-- This site is optimized with the Yoast SEO plugin v27.3 - https:\/\/yoast.com\/product\/yoast-seo-wordpress\/ -->\n<title>Haz un donativo<\/title>\n<meta name=\"description\" content=\"Haz una donaci\u00f3n a la Fundaci\u00f3n Itaka-Escolapios y participa en el proceso de transformaci\u00f3n social que desarrolla a trav\u00e9s de la educaci\u00f3n. Puedes hacer una contribuci\u00f3n con tu tarjeta de cr\u00e9dito aqu\u00ed o puedes hacer tu aportaci\u00f3n en cualquiera de las siguientes cuentas: Fiare Banca \u00c9tica Cuenta-IBAN: ES39 1550 0001 2500 0459 4222 SWIFT\/BIC: ETICES21XXX\u2026\" \/>\n<meta name=\"robots\" content=\"index, follow, max-snippet:-1, max-image-preview:large, max-video-preview:-1\" \/>\n<link rel=\"canonical\" href=\"\" \/>\n<meta property=\"og:locale\" content=\"fr_FR\" \/>\n<meta property=\"og:type\" content=\"article\" \/>\n<meta property=\"og:title\" content=\"Haz un donativo\" \/>\n<meta property=\"og:description\" content=\"Haz una donaci\u00f3n a la Fundaci\u00f3n Itaka-Escolapios y participa en el proceso de transformaci\u00f3n social que desarrolla a trav\u00e9s de la educaci\u00f3n. Puedes hacer una contribuci\u00f3n con tu tarjeta de cr\u00e9dito aqu\u00ed o puedes hacer tu aportaci\u00f3n en cualquiera de las siguientes cuentas: Fiare Banca \u00c9tica Cuenta-IBAN: ES39 1550 0001 2500 0459 4222 SWIFT\/BIC: ETICES21XXX\u2026\" \/>\n<meta property=\"og:url\" content=\"https:\/\/www.itakaescolapios.org\/fr\/que-puedes-hacer-tu\/haz-un-donativo\/\" \/>\n<meta property=\"og:site_name\" content=\"Itaka-Escolapios\" \/>\n<meta property=\"article:modified_time\" content=\"2023-11-28T11:39:42+00:00\" \/>\n<meta property=\"og:image\" content=\"https:\/\/www.itakaescolapios.org\/wp-content\/uploads\/2012\/06\/imagesCA3TNB3X.jpg\" \/>\n\t<meta property=\"og:image:width\" content=\"221\" \/>\n\t<meta property=\"og:image:height\" content=\"228\" \/>\n\t<meta property=\"og:image:type\" content=\"image\/jpeg\" \/>\n<meta name=\"twitter:card\" content=\"summary_large_image\" \/>\n<meta name=\"twitter:label1\" content=\"Dur\u00e9e de lecture estim\u00e9e\" \/>\n\t<meta name=\"twitter:data1\" content=\"2 minutes\" \/>\n<script type=\"application\/ld+json\" class=\"yoast-schema-graph\">{\"@context\":\"https:\\\/\\\/schema.org\",\"@graph\":[{\"@type\":\"WebPage\",\"@id\":\"https:\\\/\\\/www.itakaescolapios.org\\\/fr\\\/que-puedes-hacer-tu\\\/haz-un-donativo\\\/\",\"url\":\"https:\\\/\\\/www.itakaescolapios.org\\\/fr\\\/que-puedes-hacer-tu\\\/haz-un-donativo\\\/\",\"name\":\"Haz un donativo - Itaka-Escolapios\",\"isPartOf\":{\"@id\":\"https:\\\/\\\/www.itakaescolapios.org\\\/es\\\/#website\"},\"primaryImageOfPage\":{\"@id\":\"https:\\\/\\\/www.itakaescolapios.org\\\/fr\\\/que-puedes-hacer-tu\\\/haz-un-donativo\\\/#primaryimage\"},\"image\":{\"@id\":\"https:\\\/\\\/www.itakaescolapios.org\\\/fr\\\/que-puedes-hacer-tu\\\/haz-un-donativo\\\/#primaryimage\"},\"thumbnailUrl\":\"https:\\\/\\\/www.itakaescolapios.org\\\/wp-content\\\/uploads\\\/2012\\\/06\\\/imagesCA3TNB3X-90x90.jpg\",\"datePublished\":\"2012-06-14T11:02:24+00:00\",\"dateModified\":\"2023-11-28T11:39:42+00:00\",\"breadcrumb\":{\"@id\":\"https:\\\/\\\/www.itakaescolapios.org\\\/fr\\\/que-puedes-hacer-tu\\\/haz-un-donativo\\\/#breadcrumb\"},\"inLanguage\":\"fr-FR\",\"potentialAction\":[{\"@type\":\"ReadAction\",\"target\":[\"https:\\\/\\\/www.itakaescolapios.org\\\/fr\\\/que-puedes-hacer-tu\\\/haz-un-donativo\\\/\"]}]},{\"@type\":\"ImageObject\",\"inLanguage\":\"fr-FR\",\"@id\":\"https:\\\/\\\/www.itakaescolapios.org\\\/fr\\\/que-puedes-hacer-tu\\\/haz-un-donativo\\\/#primaryimage\",\"url\":\"https:\\\/\\\/www.itakaescolapios.org\\\/wp-content\\\/uploads\\\/2012\\\/06\\\/imagesCA3TNB3X-90x90.jpg\",\"contentUrl\":\"https:\\\/\\\/www.itakaescolapios.org\\\/wp-content\\\/uploads\\\/2012\\\/06\\\/imagesCA3TNB3X-90x90.jpg\"},{\"@type\":\"BreadcrumbList\",\"@id\":\"https:\\\/\\\/www.itakaescolapios.org\\\/fr\\\/que-puedes-hacer-tu\\\/haz-un-donativo\\\/#breadcrumb\",\"itemListElement\":[{\"@type\":\"ListItem\",\"position\":1,\"name\":\"Itaka-Escolapios\",\"item\":\"https:\\\/\\\/www.itakaescolapios.org\\\/es\\\/\"},{\"@type\":\"ListItem\",\"position\":2,\"name\":\"Que peux faire\",\"item\":\"https:\\\/\\\/www.itakaescolapios.org\\\/es\\\/que-puedes-hacer-tu\\\/\"},{\"@type\":\"ListItem\",\"position\":3,\"name\":\"Haz un donativo\"}]},{\"@type\":\"WebSite\",\"@id\":\"https:\\\/\\\/www.itakaescolapios.org\\\/fr\\\/es\\\/#website\",\"url\":\"https:\\\/\\\/www.itakaescolapios.org\\\/fr\\\/es\\\/\",\"name\":\"Itaka-Escolapios\",\"description\":\"Red de Itaka-Escolapios\",\"publisher\":{\"@id\":\"https:\\\/\\\/www.itakaescolapios.org\\\/fr\\\/es\\\/#organization\"},\"potentialAction\":[{\"@type\":\"SearchAction\",\"target\":{\"@type\":\"EntryPoint\",\"urlTemplate\":\"https:\\\/\\\/www.itakaescolapios.org\\\/fr\\\/es\\\/?s={search_term_string}\"},\"query-input\":{\"@type\":\"PropertyValueSpecification\",\"valueRequired\":true,\"valueName\":\"search_term_string\"}}],\"inLanguage\":\"fr-FR\"},{\"@type\":\"Organization\",\"@id\":\"https:\\\/\\\/www.itakaescolapios.org\\\/fr\\\/es\\\/#organization\",\"name\":\"Fundaci\u00f3 Itaka-Escolapios\",\"url\":\"https:\\\/\\\/www.itakaescolapios.org\\\/fr\\\/es\\\/\",\"logo\":{\"@type\":\"ImageObject\",\"inLanguage\":\"fr-FR\",\"@id\":\"https:\\\/\\\/www.itakaescolapios.org\\\/fr\\\/es\\\/#\\\/schema\\\/logo\\\/image\\\/\",\"url\":\"https:\\\/\\\/www.itakaescolapios.org\\\/wp-content\\\/uploads\\\/2024\\\/04\\\/Logo-itakaescolapios-peque.png\",\"contentUrl\":\"https:\\\/\\\/www.itakaescolapios.org\\\/wp-content\\\/uploads\\\/2024\\\/04\\\/Logo-itakaescolapios-peque.png\",\"width\":500,\"height\":199,\"caption\":\"Fundaci\u00f3 Itaka-Escolapios\"},\"image\":{\"@id\":\"https:\\\/\\\/www.itakaescolapios.org\\\/fr\\\/es\\\/#\\\/schema\\\/logo\\\/image\\\/\"}}]}<\/script>\n<!-- \/ Yoast SEO plugin. -->","yoast_head_json":{"title":"Haz un donativo","description":"Haz una donaci\u00f3n a la Fundaci\u00f3n Itaka-Escolapios y participa en el proceso de transformaci\u00f3n social que desarrolla a trav\u00e9s de la educaci\u00f3n. Puedes hacer una contribuci\u00f3n con tu tarjeta de cr\u00e9dito aqu\u00ed o puedes hacer tu aportaci\u00f3n en cualquiera de las siguientes cuentas: Fiare Banca \u00c9tica Cuenta-IBAN: ES39 1550 0001 2500 0459 4222 SWIFT\/BIC: ETICES21XXX\u2026","robots":{"index":"index","follow":"follow","max-snippet":"max-snippet:-1","max-image-preview":"max-image-preview:large","max-video-preview":"max-video-preview:-1"},"canonical":"Haz una donaci\u00f3n a la Fundaci\u00f3n Itaka-Escolapios y participa en el proceso de transformaci\u00f3n social que desarrolla a trav\u00e9s de la educaci\u00f3n. Puedes hacer una contribuci\u00f3n con tu tarjeta de cr\u00e9dito aqu\u00ed o puedes hacer tu aportaci\u00f3n en cualquiera de las siguientes cuentas: Fiare Banca \u00c9tica Cuenta-IBAN: ES39 1550 0001 2500 0459 4222 SWIFT\/BIC: ETICES21XXX\u2026","og_locale":"fr_FR","og_type":"article","og_title":"Haz un donativo","og_description":"Haz una donaci\u00f3n a la Fundaci\u00f3n Itaka-Escolapios y participa en el proceso de transformaci\u00f3n social que desarrolla a trav\u00e9s de la educaci\u00f3n. Puedes hacer una contribuci\u00f3n con tu tarjeta de cr\u00e9dito aqu\u00ed o puedes hacer tu aportaci\u00f3n en cualquiera de las siguientes cuentas: Fiare Banca \u00c9tica Cuenta-IBAN: ES39 1550 0001 2500 0459 4222 SWIFT\/BIC: ETICES21XXX\u2026","og_url":"https:\/\/www.itakaescolapios.org\/fr\/que-puedes-hacer-tu\/haz-un-donativo\/","og_site_name":"Itaka-Escolapios","article_modified_time":"2023-11-28T11:39:42+00:00","og_image":[{"width":221,"height":228,"url":"https:\/\/www.itakaescolapios.org\/wp-content\/uploads\/2012\/06\/imagesCA3TNB3X.jpg","type":"image\/jpeg"}],"twitter_card":"summary_large_image","twitter_misc":{"Dur\u00e9e de lecture estim\u00e9e":"2 minutes"},"schema":{"@context":"https:\/\/schema.org","@graph":[{"@type":"WebPage","@id":"https:\/\/www.itakaescolapios.org\/fr\/que-puedes-hacer-tu\/haz-un-donativo\/","url":"https:\/\/www.itakaescolapios.org\/fr\/que-puedes-hacer-tu\/haz-un-donativo\/","name":"Haz un donativo - Itaka-Escolapios","isPartOf":{"@id":"https:\/\/www.itakaescolapios.org\/es\/#website"},"primaryImageOfPage":{"@id":"https:\/\/www.itakaescolapios.org\/fr\/que-puedes-hacer-tu\/haz-un-donativo\/#primaryimage"},"image":{"@id":"https:\/\/www.itakaescolapios.org\/fr\/que-puedes-hacer-tu\/haz-un-donativo\/#primaryimage"},"thumbnailUrl":"https:\/\/www.itakaescolapios.org\/wp-content\/uploads\/2012\/06\/imagesCA3TNB3X-90x90.jpg","datePublished":"2012-06-14T11:02:24+00:00","dateModified":"2023-11-28T11:39:42+00:00","breadcrumb":{"@id":"https:\/\/www.itakaescolapios.org\/fr\/que-puedes-hacer-tu\/haz-un-donativo\/#breadcrumb"},"inLanguage":"fr-FR","potentialAction":[{"@type":"ReadAction","target":["https:\/\/www.itakaescolapios.org\/fr\/que-puedes-hacer-tu\/haz-un-donativo\/"]}]},{"@type":"ImageObject","inLanguage":"fr-FR","@id":"https:\/\/www.itakaescolapios.org\/fr\/que-puedes-hacer-tu\/haz-un-donativo\/#primaryimage","url":"https:\/\/www.itakaescolapios.org\/wp-content\/uploads\/2012\/06\/imagesCA3TNB3X-90x90.jpg","contentUrl":"https:\/\/www.itakaescolapios.org\/wp-content\/uploads\/2012\/06\/imagesCA3TNB3X-90x90.jpg"},{"@type":"BreadcrumbList","@id":"https:\/\/www.itakaescolapios.org\/fr\/que-puedes-hacer-tu\/haz-un-donativo\/#breadcrumb","itemListElement":[{"@type":"ListItem","position":1,"name":"Itaka-Escolapios","item":"https:\/\/www.itakaescolapios.org\/es\/"},{"@type":"ListItem","position":2,"name":"Que peux faire","item":"https:\/\/www.itakaescolapios.org\/es\/que-puedes-hacer-tu\/"},{"@type":"ListItem","position":3,"name":"Haz un donativo"}]},{"@type":"WebSite","@id":"https:\/\/www.itakaescolapios.org\/fr\/es\/#website","url":"https:\/\/www.itakaescolapios.org\/fr\/es\/","name":"Itaka-Escolapios","description":"Red de Itaka-Escolapios","publisher":{"@id":"https:\/\/www.itakaescolapios.org\/fr\/es\/#organization"},"potentialAction":[{"@type":"SearchAction","target":{"@type":"EntryPoint","urlTemplate":"https:\/\/www.itakaescolapios.org\/fr\/es\/?s={search_term_string}"},"query-input":{"@type":"PropertyValueSpecification","valueRequired":true,"valueName":"search_term_string"}}],"inLanguage":"fr-FR"},{"@type":"Organization","@id":"https:\/\/www.itakaescolapios.org\/fr\/es\/#organization","name":"Fundaci\u00f3 Itaka-Escolapios","url":"https:\/\/www.itakaescolapios.org\/fr\/es\/","logo":{"@type":"ImageObject","inLanguage":"fr-FR","@id":"https:\/\/www.itakaescolapios.org\/fr\/es\/#\/schema\/logo\/image\/","url":"https:\/\/www.itakaescolapios.org\/wp-content\/uploads\/2024\/04\/Logo-itakaescolapios-peque.png","contentUrl":"https:\/\/www.itakaescolapios.org\/wp-content\/uploads\/2024\/04\/Logo-itakaescolapios-peque.png","width":500,"height":199,"caption":"Fundaci\u00f3 Itaka-Escolapios"},"image":{"@id":"https:\/\/www.itakaescolapios.org\/fr\/es\/#\/schema\/logo\/image\/"}}]}},"_links":{"self":[{"href":"https:\/\/www.itakaescolapios.org\/fr\/wp-json\/wp\/v2\/pages\/732","targetHints":{"allow":["GET"]}}],"collection":[{"href":"https:\/\/www.itakaescolapios.org\/fr\/wp-json\/wp\/v2\/pages"}],"about":[{"href":"https:\/\/www.itakaescolapios.org\/fr\/wp-json\/wp\/v2\/types\/page"}],"author":[{"embeddable":true,"href":"https:\/\/www.itakaescolapios.org\/fr\/wp-json\/wp\/v2\/users\/1"}],"replies":[{"embeddable":true,"href":"https:\/\/www.itakaescolapios.org\/fr\/wp-json\/wp\/v2\/comments?post=732"}],"version-history":[{"count":113,"href":"https:\/\/www.itakaescolapios.org\/fr\/wp-json\/wp\/v2\/pages\/732\/revisions"}],"predecessor-version":[{"id":50131,"href":"https:\/\/www.itakaescolapios.org\/fr\/wp-json\/wp\/v2\/pages\/732\/revisions\/50131"}],"up":[{"embeddable":true,"href":"https:\/\/www.itakaescolapios.org\/fr\/wp-json\/wp\/v2\/pages\/9"}],"wp:attachment":[{"href":"https:\/\/www.itakaescolapios.org\/fr\/wp-json\/wp\/v2\/media?parent=732"}],"curies":[{"name":"wp","href":"https:\/\/api.w.org\/{rel}","templated":true}]}}