{"id":734,"date":"2012-06-14T12:03:58","date_gmt":"2012-06-14T11:03:58","guid":{"rendered":"https:\/\/www.itakaescolapios.org\/?page_id=734"},"modified":"2023-11-28T12:39:42","modified_gmt":"2023-11-28T11:39:42","slug":"difunde-nuestro-trabajo","status":"publish","type":"page","link":"https:\/\/www.itakaescolapios.org\/fr\/que-puedes-hacer-tu\/difunde-nuestro-trabajo\/","title":{"rendered":"Diffuse notre travail"},"content":{"rendered":"<p lang=\"en-US\" align=\"JUSTIFY\">Pour Itaka-Escolapios il est tr\u00e8s important de compter sur l&rsquo;appui de ses partenaires ainsi que de toutes les entit\u00e9s et entreprises amies qui, chaque ann\u00e9e, nous montrent leur proximit\u00e9 en s\u00b4int\u00e9ressant sur nos projets.<\/p>\n<p lang=\"en-US\" align=\"JUSTIFY\">Dans cette section, tu peux inviter n&rsquo;importe quel(le) ami(e) \u00e0 conna\u00eetre notre site Internet et nos projets au moyen d&rsquo;un simple email ou en t\u00e9l\u00e9chargeant sur des fonds d&rsquo;\u00e9cran notre travail pour le diffuser au sein de ton centre d&rsquo;\u00e9tudes ou de travail, en incluant des messages \u00e0 ton blog ou sur le site Web de ton entreprise.<\/p>\n<p lang=\"en-US\" align=\"JUSTIFY\"><strong>Raconte-le \u00e0 une autre personne<\/strong><\/p>\n<p lang=\"en-US\" align=\"JUSTIFY\"><a href=\"https:\/\/www.itakaescolapios.org\/wp-content\/uploads\/2012\/06\/WALLPAPER-ITAKA-03.jpg\"><img decoding=\"async\" class=\"alignleft size-thumbnail wp-image-2486\" title=\"WALLPAPER ITAKA 03\" src=\"https:\/\/www.itakaescolapios.org\/wp-content\/uploads\/2012\/06\/WALLPAPER-ITAKA-03-90x90.jpg\" alt=\"\" width=\"90\" height=\"90\" \/><\/a><\/p>\n<p lang=\"en-US\" align=\"JUSTIFY\"><a href=\"https:\/\/www.itakaescolapios.org\/wp-content\/uploads\/2012\/06\/WALLPAPER-ITAKA-02.jpg\"><img decoding=\"async\" class=\"alignleft size-thumbnail wp-image-2487\" title=\"WALLPAPER ITAKA 02\" src=\"https:\/\/www.itakaescolapios.org\/wp-content\/uploads\/2012\/06\/WALLPAPER-ITAKA-02-90x90.jpg\" alt=\"\" width=\"90\" height=\"90\" \/><\/a><a href=\"https:\/\/www.itakaescolapios.org\/wp-content\/uploads\/2012\/06\/WALLPAPER-ITAKA-04.jpg\"><img decoding=\"async\" class=\"alignleft size-thumbnail wp-image-2488\" title=\"WALLPAPER ITAKA 04\" src=\"https:\/\/www.itakaescolapios.org\/wp-content\/uploads\/2012\/06\/WALLPAPER-ITAKA-04-90x90.jpg\" alt=\"\" width=\"90\" height=\"90\" \/><\/a><a href=\"https:\/\/www.itakaescolapios.org\/wp-content\/uploads\/2012\/06\/WALLPAPER-ITAKA-07.jpg\"><img decoding=\"async\" class=\"alignleft size-thumbnail wp-image-2489\" title=\"WALLPAPER ITAKA 07\" src=\"https:\/\/www.itakaescolapios.org\/wp-content\/uploads\/2012\/06\/WALLPAPER-ITAKA-07-90x90.jpg\" alt=\"\" width=\"90\" height=\"90\" \/><\/a><a href=\"https:\/\/www.itakaescolapios.org\/wp-content\/uploads\/2012\/06\/WALLPAPER-ITAKA-05.jpg\"><img decoding=\"async\" class=\"alignleft size-thumbnail wp-image-2492\" title=\"WALLPAPER ITAKA 05\" src=\"https:\/\/www.itakaescolapios.org\/wp-content\/uploads\/2012\/06\/WALLPAPER-ITAKA-05-90x90.jpg\" alt=\"\" width=\"90\" height=\"90\" \/><\/a><a href=\"https:\/\/www.itakaescolapios.org\/wp-content\/uploads\/2012\/06\/WALLPAPER-ITAKA-08.jpg\"><img decoding=\"async\" class=\"alignleft size-thumbnail wp-image-2490\" title=\"WALLPAPER ITAKA 08\" src=\"https:\/\/www.itakaescolapios.org\/wp-content\/uploads\/2012\/06\/WALLPAPER-ITAKA-08-90x90.jpg\" alt=\"\" width=\"90\" height=\"90\" \/><\/a><a href=\"https:\/\/www.itakaescolapios.org\/wp-content\/uploads\/2012\/06\/WALLPAPER-ITAKA-01.jpg\"><img decoding=\"async\" class=\"alignleft size-thumbnail wp-image-2493\" title=\"WALLPAPER ITAKA 01\" src=\"https:\/\/www.itakaescolapios.org\/wp-content\/uploads\/2012\/06\/WALLPAPER-ITAKA-01-90x90.jpg\" alt=\"\" width=\"90\" height=\"90\" \/><\/a><a href=\"https:\/\/www.itakaescolapios.org\/wp-content\/uploads\/2012\/06\/WALLPAPER-ITAKA-04-valenciano.jpg\"><img decoding=\"async\" class=\"alignleft size-thumbnail wp-image-2494\" title=\"WALLPAPER ITAKA 04 valenciano\" src=\"https:\/\/www.itakaescolapios.org\/wp-content\/uploads\/2012\/06\/WALLPAPER-ITAKA-04-valenciano-90x90.jpg\" alt=\"\" width=\"90\" height=\"90\" \/><\/a><a href=\"https:\/\/www.itakaescolapios.org\/wp-content\/uploads\/2012\/06\/WALLPAPERS-ITAKA-portugues.jpg\"><img decoding=\"async\" class=\"alignleft size-thumbnail wp-image-2495\" title=\"WALLPAPERS ITAKA portugues\" src=\"https:\/\/www.itakaescolapios.org\/wp-content\/uploads\/2012\/06\/WALLPAPERS-ITAKA-portugues-90x90.jpg\" alt=\"\" width=\"90\" height=\"90\" \/><\/a><\/p>\n<p>&nbsp;<\/p>\n<p>&nbsp;<\/p>\n<p>&nbsp;<\/p>\n<p>&nbsp;<\/p>\n<p>&nbsp;<\/p>\n<p>&nbsp;<\/p>\n<p lang=\"en-US\" align=\"JUSTIFY\"><strong>Banners<\/strong><\/p>\n<p lang=\"en-US\" align=\"JUSTIFY\"><a href=\"https:\/\/www.itakaescolapios.org\/wp-content\/uploads\/2012\/06\/itaka-banner-ne.jpg\"><img decoding=\"async\" class=\"alignleft size-thumbnail wp-image-826\" title=\"itaka-banner-ne\" src=\"https:\/\/www.itakaescolapios.org\/wp-content\/uploads\/2012\/06\/itaka-banner-ne-90x90.jpg\" alt=\"\" width=\"90\" height=\"90\" \/><\/a><\/p>\n<p lang=\"en-US\" align=\"JUSTIFY\"><strong><\/strong><a href=\"https:\/\/www.itakaescolapios.org\/wp-content\/uploads\/2012\/06\/itaka-banner.jpg\"><img decoding=\"async\" class=\"alignleft size-thumbnail wp-image-825\" title=\"itaka-banner\" src=\"https:\/\/www.itakaescolapios.org\/wp-content\/uploads\/2012\/06\/itaka-banner-90x90.jpg\" alt=\"\" width=\"90\" height=\"90\" \/><\/a><a href=\"https:\/\/www.itakaescolapios.org\/wp-content\/uploads\/2012\/06\/banner01.jpg\"><img decoding=\"async\" class=\"alignleft size-thumbnail wp-image-2475\" title=\"banner01\" src=\"https:\/\/www.itakaescolapios.org\/wp-content\/uploads\/2012\/06\/banner01-90x90.jpg\" alt=\"\" width=\"90\" height=\"90\" \/><\/a><a href=\"https:\/\/www.itakaescolapios.org\/wp-content\/uploads\/2012\/06\/banner02.jpg\"><img decoding=\"async\" class=\"alignleft size-thumbnail wp-image-2476\" title=\"banner02\" src=\"https:\/\/www.itakaescolapios.org\/wp-content\/uploads\/2012\/06\/banner02-90x90.jpg\" alt=\"\" width=\"90\" height=\"90\" \/><\/a><a href=\"https:\/\/www.itakaescolapios.org\/wp-content\/uploads\/2012\/06\/banner03.jpg\"><img decoding=\"async\" class=\"alignleft size-thumbnail wp-image-2477\" title=\"banner03\" src=\"https:\/\/www.itakaescolapios.org\/wp-content\/uploads\/2012\/06\/banner03-90x90.jpg\" alt=\"\" width=\"90\" height=\"90\" \/><\/a><a href=\"https:\/\/www.itakaescolapios.org\/wp-content\/uploads\/2012\/06\/banner04.jpg\"><img decoding=\"async\" class=\"alignleft size-thumbnail wp-image-2478\" title=\"banner04\" src=\"https:\/\/www.itakaescolapios.org\/wp-content\/uploads\/2012\/06\/banner04-90x90.jpg\" alt=\"\" width=\"90\" height=\"90\" \/><\/a><a href=\"https:\/\/www.itakaescolapios.org\/wp-content\/uploads\/2012\/06\/banner05.jpg\"><img decoding=\"async\" class=\"alignleft size-thumbnail wp-image-2479\" title=\"banner05\" src=\"https:\/\/www.itakaescolapios.org\/wp-content\/uploads\/2012\/06\/banner05-90x90.jpg\" alt=\"\" width=\"90\" height=\"90\" \/><\/a><a href=\"https:\/\/www.itakaescolapios.org\/wp-content\/uploads\/2012\/06\/banner06.jpg\"><img decoding=\"async\" class=\"alignleft size-thumbnail wp-image-2480\" title=\"banner06\" src=\"https:\/\/www.itakaescolapios.org\/wp-content\/uploads\/2012\/06\/banner06-90x90.jpg\" alt=\"\" width=\"90\" height=\"90\" \/><\/a><\/p>\n","protected":false},"excerpt":{"rendered":"<p>Pour Itaka-Escolapios il est tr\u00e8s important de compter sur l&rsquo;appui de ses partenaires ainsi que de toutes les entit\u00e9s et entreprises amies qui, chaque ann\u00e9e, nous montrent leur proximit\u00e9 en [&hellip;]<\/p>\n","protected":false},"author":1,"featured_media":0,"parent":9,"menu_order":4,"comment_status":"closed","ping_status":"closed","template":"","meta":{"_et_pb_use_builder":"","_et_pb_old_content":"","_et_gb_content_width":"","footnotes":""},"class_list":["post-734","page","type-page","status-publish","hentry"],"yoast_head":"<!-- This site is optimized with the Yoast SEO plugin v27.3 - https:\/\/yoast.com\/product\/yoast-seo-wordpress\/ -->\n<title>Diffuse notre travail<\/title>\n<meta name=\"description\" content=\"Pour Itaka-Escolapios il est tr\u00e8s important de compter sur l&#039;appui de ses partenaires ainsi que de toutes les entit\u00e9s et entreprises amies qui, chaque ann\u00e9e, nous montrent leur proximit\u00e9 en s\u00b4int\u00e9ressant sur nos projets. Dans cette section, tu peux inviter n&#039;importe quel(le) ami(e) \u00e0 conna\u00eetre notre site Internet et nos projets au moyen d&#039;un simple\u2026\" \/>\n<meta name=\"robots\" content=\"index, follow, max-snippet:-1, max-image-preview:large, max-video-preview:-1\" \/>\n<link rel=\"canonical\" href=\"http:\/\/Pour%20Itaka-Escolapios%20il%20est%20tr\u00e8s%20important%20de%20compter%20sur%20l'appui%20de%20ses%20partenaires%20ainsi%20que%20de%20toutes%20les%20entit\u00e9s%20et%20entreprises%20amies%20qui,%20chaque%20ann\u00e9e,%20nous%20montrent%20leur%20proximit\u00e9%20en%20s\u00b4int\u00e9ressant%20sur%20nos%20projets.%20Dans%20cette%20section,%20tu%20peux%20inviter%20n'importe%20quel(le)%20ami(e)%20\u00e0%20conna\u00eetre%20notre%20site%20Internet%20et%20nos%20projets%20au%20moyen%20d'un%20simple\u2026\" \/>\n<meta property=\"og:locale\" content=\"fr_FR\" \/>\n<meta property=\"og:type\" content=\"article\" \/>\n<meta property=\"og:title\" content=\"Diffuse notre travail\" \/>\n<meta property=\"og:description\" content=\"Pour Itaka-Escolapios il est tr\u00e8s important de compter sur l&#039;appui de ses partenaires ainsi que de toutes les entit\u00e9s et entreprises amies qui, chaque ann\u00e9e, nous montrent leur proximit\u00e9 en s\u00b4int\u00e9ressant sur nos projets. Dans cette section, tu peux inviter n&#039;importe quel(le) ami(e) \u00e0 conna\u00eetre notre site Internet et nos projets au moyen d&#039;un simple\u2026\" \/>\n<meta property=\"og:url\" content=\"https:\/\/www.itakaescolapios.org\/fr\/que-puedes-hacer-tu\/difunde-nuestro-trabajo\/\" \/>\n<meta property=\"og:site_name\" content=\"Itaka-Escolapios\" \/>\n<meta property=\"article:modified_time\" content=\"2023-11-28T11:39:42+00:00\" \/>\n<meta property=\"og:image\" content=\"https:\/\/www.itakaescolapios.org\/wp-content\/uploads\/2012\/06\/WALLPAPER-ITAKA-03.jpg\" \/>\n\t<meta property=\"og:image:width\" content=\"1600\" \/>\n\t<meta property=\"og:image:height\" content=\"1000\" \/>\n\t<meta property=\"og:image:type\" content=\"image\/jpeg\" \/>\n<meta name=\"twitter:card\" content=\"summary_large_image\" \/>\n<script type=\"application\/ld+json\" class=\"yoast-schema-graph\">{\"@context\":\"https:\\\/\\\/schema.org\",\"@graph\":[{\"@type\":\"WebPage\",\"@id\":\"https:\\\/\\\/www.itakaescolapios.org\\\/fr\\\/que-puedes-hacer-tu\\\/difunde-nuestro-trabajo\\\/\",\"url\":\"https:\\\/\\\/www.itakaescolapios.org\\\/fr\\\/que-puedes-hacer-tu\\\/difunde-nuestro-trabajo\\\/\",\"name\":\"Difunde nuestro trabajo - Itaka-Escolapios\",\"isPartOf\":{\"@id\":\"https:\\\/\\\/www.itakaescolapios.org\\\/es\\\/#website\"},\"primaryImageOfPage\":{\"@id\":\"https:\\\/\\\/www.itakaescolapios.org\\\/fr\\\/que-puedes-hacer-tu\\\/difunde-nuestro-trabajo\\\/#primaryimage\"},\"image\":{\"@id\":\"https:\\\/\\\/www.itakaescolapios.org\\\/fr\\\/que-puedes-hacer-tu\\\/difunde-nuestro-trabajo\\\/#primaryimage\"},\"thumbnailUrl\":\"https:\\\/\\\/www.itakaescolapios.org\\\/wp-content\\\/uploads\\\/2012\\\/06\\\/WALLPAPER-ITAKA-03-90x90.jpg\",\"datePublished\":\"2012-06-14T11:03:58+00:00\",\"dateModified\":\"2023-11-28T11:39:42+00:00\",\"breadcrumb\":{\"@id\":\"https:\\\/\\\/www.itakaescolapios.org\\\/fr\\\/que-puedes-hacer-tu\\\/difunde-nuestro-trabajo\\\/#breadcrumb\"},\"inLanguage\":\"fr-FR\",\"potentialAction\":[{\"@type\":\"ReadAction\",\"target\":[\"https:\\\/\\\/www.itakaescolapios.org\\\/fr\\\/que-puedes-hacer-tu\\\/difunde-nuestro-trabajo\\\/\"]}]},{\"@type\":\"ImageObject\",\"inLanguage\":\"fr-FR\",\"@id\":\"https:\\\/\\\/www.itakaescolapios.org\\\/fr\\\/que-puedes-hacer-tu\\\/difunde-nuestro-trabajo\\\/#primaryimage\",\"url\":\"https:\\\/\\\/www.itakaescolapios.org\\\/wp-content\\\/uploads\\\/2012\\\/06\\\/WALLPAPER-ITAKA-03-90x90.jpg\",\"contentUrl\":\"https:\\\/\\\/www.itakaescolapios.org\\\/wp-content\\\/uploads\\\/2012\\\/06\\\/WALLPAPER-ITAKA-03-90x90.jpg\"},{\"@type\":\"BreadcrumbList\",\"@id\":\"https:\\\/\\\/www.itakaescolapios.org\\\/fr\\\/que-puedes-hacer-tu\\\/difunde-nuestro-trabajo\\\/#breadcrumb\",\"itemListElement\":[{\"@type\":\"ListItem\",\"position\":1,\"name\":\"Itaka-Escolapios\",\"item\":\"https:\\\/\\\/www.itakaescolapios.org\\\/es\\\/\"},{\"@type\":\"ListItem\",\"position\":2,\"name\":\"Que peux faire\",\"item\":\"https:\\\/\\\/www.itakaescolapios.org\\\/es\\\/que-puedes-hacer-tu\\\/\"},{\"@type\":\"ListItem\",\"position\":3,\"name\":\"Diffuse notre travail\"}]},{\"@type\":\"WebSite\",\"@id\":\"https:\\\/\\\/www.itakaescolapios.org\\\/fr\\\/es\\\/#website\",\"url\":\"https:\\\/\\\/www.itakaescolapios.org\\\/fr\\\/es\\\/\",\"name\":\"Itaka-Escolapios\",\"description\":\"Red de Itaka-Escolapios\",\"publisher\":{\"@id\":\"https:\\\/\\\/www.itakaescolapios.org\\\/fr\\\/es\\\/#organization\"},\"potentialAction\":[{\"@type\":\"SearchAction\",\"target\":{\"@type\":\"EntryPoint\",\"urlTemplate\":\"https:\\\/\\\/www.itakaescolapios.org\\\/fr\\\/es\\\/?s={search_term_string}\"},\"query-input\":{\"@type\":\"PropertyValueSpecification\",\"valueRequired\":true,\"valueName\":\"search_term_string\"}}],\"inLanguage\":\"fr-FR\"},{\"@type\":\"Organization\",\"@id\":\"https:\\\/\\\/www.itakaescolapios.org\\\/fr\\\/es\\\/#organization\",\"name\":\"Fundaci\u00f3 Itaka-Escolapios\",\"url\":\"https:\\\/\\\/www.itakaescolapios.org\\\/fr\\\/es\\\/\",\"logo\":{\"@type\":\"ImageObject\",\"inLanguage\":\"fr-FR\",\"@id\":\"https:\\\/\\\/www.itakaescolapios.org\\\/fr\\\/es\\\/#\\\/schema\\\/logo\\\/image\\\/\",\"url\":\"https:\\\/\\\/www.itakaescolapios.org\\\/wp-content\\\/uploads\\\/2024\\\/04\\\/Logo-itakaescolapios-peque.png\",\"contentUrl\":\"https:\\\/\\\/www.itakaescolapios.org\\\/wp-content\\\/uploads\\\/2024\\\/04\\\/Logo-itakaescolapios-peque.png\",\"width\":500,\"height\":199,\"caption\":\"Fundaci\u00f3 Itaka-Escolapios\"},\"image\":{\"@id\":\"https:\\\/\\\/www.itakaescolapios.org\\\/fr\\\/es\\\/#\\\/schema\\\/logo\\\/image\\\/\"}}]}<\/script>\n<!-- \/ Yoast SEO plugin. -->","yoast_head_json":{"title":"Diffuse notre travail","description":"Pour Itaka-Escolapios il est tr\u00e8s important de compter sur l'appui de ses partenaires ainsi que de toutes les entit\u00e9s et entreprises amies qui, chaque ann\u00e9e, nous montrent leur proximit\u00e9 en s\u00b4int\u00e9ressant sur nos projets. Dans cette section, tu peux inviter n'importe quel(le) ami(e) \u00e0 conna\u00eetre notre site Internet et nos projets au moyen d'un simple\u2026","robots":{"index":"index","follow":"follow","max-snippet":"max-snippet:-1","max-image-preview":"max-image-preview:large","max-video-preview":"max-video-preview:-1"},"canonical":"Pour Itaka-Escolapios il est tr\u00e8s important de compter sur l'appui de ses partenaires ainsi que de toutes les entit\u00e9s et entreprises amies qui, chaque ann\u00e9e, nous montrent leur proximit\u00e9 en s\u00b4int\u00e9ressant sur nos projets. Dans cette section, tu peux inviter n'importe quel(le) ami(e) \u00e0 conna\u00eetre notre site Internet et nos projets au moyen d'un simple\u2026","og_locale":"fr_FR","og_type":"article","og_title":"Diffuse notre travail","og_description":"Pour Itaka-Escolapios il est tr\u00e8s important de compter sur l'appui de ses partenaires ainsi que de toutes les entit\u00e9s et entreprises amies qui, chaque ann\u00e9e, nous montrent leur proximit\u00e9 en s\u00b4int\u00e9ressant sur nos projets. Dans cette section, tu peux inviter n'importe quel(le) ami(e) \u00e0 conna\u00eetre notre site Internet et nos projets au moyen d'un simple\u2026","og_url":"https:\/\/www.itakaescolapios.org\/fr\/que-puedes-hacer-tu\/difunde-nuestro-trabajo\/","og_site_name":"Itaka-Escolapios","article_modified_time":"2023-11-28T11:39:42+00:00","og_image":[{"width":1600,"height":1000,"url":"https:\/\/www.itakaescolapios.org\/wp-content\/uploads\/2012\/06\/WALLPAPER-ITAKA-03.jpg","type":"image\/jpeg"}],"twitter_card":"summary_large_image","schema":{"@context":"https:\/\/schema.org","@graph":[{"@type":"WebPage","@id":"https:\/\/www.itakaescolapios.org\/fr\/que-puedes-hacer-tu\/difunde-nuestro-trabajo\/","url":"https:\/\/www.itakaescolapios.org\/fr\/que-puedes-hacer-tu\/difunde-nuestro-trabajo\/","name":"Difunde nuestro trabajo - Itaka-Escolapios","isPartOf":{"@id":"https:\/\/www.itakaescolapios.org\/es\/#website"},"primaryImageOfPage":{"@id":"https:\/\/www.itakaescolapios.org\/fr\/que-puedes-hacer-tu\/difunde-nuestro-trabajo\/#primaryimage"},"image":{"@id":"https:\/\/www.itakaescolapios.org\/fr\/que-puedes-hacer-tu\/difunde-nuestro-trabajo\/#primaryimage"},"thumbnailUrl":"https:\/\/www.itakaescolapios.org\/wp-content\/uploads\/2012\/06\/WALLPAPER-ITAKA-03-90x90.jpg","datePublished":"2012-06-14T11:03:58+00:00","dateModified":"2023-11-28T11:39:42+00:00","breadcrumb":{"@id":"https:\/\/www.itakaescolapios.org\/fr\/que-puedes-hacer-tu\/difunde-nuestro-trabajo\/#breadcrumb"},"inLanguage":"fr-FR","potentialAction":[{"@type":"ReadAction","target":["https:\/\/www.itakaescolapios.org\/fr\/que-puedes-hacer-tu\/difunde-nuestro-trabajo\/"]}]},{"@type":"ImageObject","inLanguage":"fr-FR","@id":"https:\/\/www.itakaescolapios.org\/fr\/que-puedes-hacer-tu\/difunde-nuestro-trabajo\/#primaryimage","url":"https:\/\/www.itakaescolapios.org\/wp-content\/uploads\/2012\/06\/WALLPAPER-ITAKA-03-90x90.jpg","contentUrl":"https:\/\/www.itakaescolapios.org\/wp-content\/uploads\/2012\/06\/WALLPAPER-ITAKA-03-90x90.jpg"},{"@type":"BreadcrumbList","@id":"https:\/\/www.itakaescolapios.org\/fr\/que-puedes-hacer-tu\/difunde-nuestro-trabajo\/#breadcrumb","itemListElement":[{"@type":"ListItem","position":1,"name":"Itaka-Escolapios","item":"https:\/\/www.itakaescolapios.org\/es\/"},{"@type":"ListItem","position":2,"name":"Que peux faire","item":"https:\/\/www.itakaescolapios.org\/es\/que-puedes-hacer-tu\/"},{"@type":"ListItem","position":3,"name":"Diffuse notre travail"}]},{"@type":"WebSite","@id":"https:\/\/www.itakaescolapios.org\/fr\/es\/#website","url":"https:\/\/www.itakaescolapios.org\/fr\/es\/","name":"Itaka-Escolapios","description":"Red de Itaka-Escolapios","publisher":{"@id":"https:\/\/www.itakaescolapios.org\/fr\/es\/#organization"},"potentialAction":[{"@type":"SearchAction","target":{"@type":"EntryPoint","urlTemplate":"https:\/\/www.itakaescolapios.org\/fr\/es\/?s={search_term_string}"},"query-input":{"@type":"PropertyValueSpecification","valueRequired":true,"valueName":"search_term_string"}}],"inLanguage":"fr-FR"},{"@type":"Organization","@id":"https:\/\/www.itakaescolapios.org\/fr\/es\/#organization","name":"Fundaci\u00f3 Itaka-Escolapios","url":"https:\/\/www.itakaescolapios.org\/fr\/es\/","logo":{"@type":"ImageObject","inLanguage":"fr-FR","@id":"https:\/\/www.itakaescolapios.org\/fr\/es\/#\/schema\/logo\/image\/","url":"https:\/\/www.itakaescolapios.org\/wp-content\/uploads\/2024\/04\/Logo-itakaescolapios-peque.png","contentUrl":"https:\/\/www.itakaescolapios.org\/wp-content\/uploads\/2024\/04\/Logo-itakaescolapios-peque.png","width":500,"height":199,"caption":"Fundaci\u00f3 Itaka-Escolapios"},"image":{"@id":"https:\/\/www.itakaescolapios.org\/fr\/es\/#\/schema\/logo\/image\/"}}]}},"_links":{"self":[{"href":"https:\/\/www.itakaescolapios.org\/fr\/wp-json\/wp\/v2\/pages\/734","targetHints":{"allow":["GET"]}}],"collection":[{"href":"https:\/\/www.itakaescolapios.org\/fr\/wp-json\/wp\/v2\/pages"}],"about":[{"href":"https:\/\/www.itakaescolapios.org\/fr\/wp-json\/wp\/v2\/types\/page"}],"author":[{"embeddable":true,"href":"https:\/\/www.itakaescolapios.org\/fr\/wp-json\/wp\/v2\/users\/1"}],"replies":[{"embeddable":true,"href":"https:\/\/www.itakaescolapios.org\/fr\/wp-json\/wp\/v2\/comments?post=734"}],"version-history":[{"count":38,"href":"https:\/\/www.itakaescolapios.org\/fr\/wp-json\/wp\/v2\/pages\/734\/revisions"}],"predecessor-version":[{"id":50129,"href":"https:\/\/www.itakaescolapios.org\/fr\/wp-json\/wp\/v2\/pages\/734\/revisions\/50129"}],"up":[{"embeddable":true,"href":"https:\/\/www.itakaescolapios.org\/fr\/wp-json\/wp\/v2\/pages\/9"}],"wp:attachment":[{"href":"https:\/\/www.itakaescolapios.org\/fr\/wp-json\/wp\/v2\/media?parent=734"}],"curies":[{"name":"wp","href":"https:\/\/api.w.org\/{rel}","templated":true}]}}