{"id":736,"date":"2012-06-14T12:05:38","date_gmt":"2012-06-14T11:05:38","guid":{"rendered":"https:\/\/www.itakaescolapios.org\/?page_id=736"},"modified":"2023-11-28T12:39:42","modified_gmt":"2023-11-28T11:39:42","slug":"entidades-amigas","status":"publish","type":"page","link":"https:\/\/www.itakaescolapios.org\/fr\/que-puedes-hacer-tu\/entidades-amigas\/","title":{"rendered":"Entit\u00e9s amies"},"content":{"rendered":"<p lang=\"en-US\" align=\"JUSTIFY\">A la suite nous \u00e9num\u00e9rons une liste d&rsquo;institutions publiques, d&rsquo;organismes priv\u00e9s et de collectifs qui ont collabor\u00e9 avec Itaka-Escolapios pendant la derni\u00e8re ann\u00e9e fiscale. Nous voulons leur transmettre ici une immense et profonde reconnaissance, car c\u00b4est sans doute avec leur effort et leur confiance que nos projets et nos actions vont de plus en plus loin.<\/p>\n<p lang=\"en-US\" align=\"JUSTIFY\">Nous voulons aussi faire part de cette reconnaissance aux centaines de personnes qui, en \u00e9tant volontaires d&rsquo;Itaka-Escolapios, partenaires ou qui apportent des appuis ponctuels, ont aussi contribu\u00e9 \u00e0 pousser notre travail en avant.<\/p>\n<p lang=\"en-US\" align=\"JUSTIFY\">Nous remercions aussi tr\u00e8s particuli\u00e8rement tout ceux qui, comme fondateurs et membres du patronat d&rsquo;Itaka-Escolapios, ont confiance en cette fondation comme plate-forme de la solidarit\u00e9 dans laquelle partager la mission piariste :<\/p>\n<p><a href=\"http:\/\/www.scolopi.org\/\"><img decoding=\"async\" title=\"Escuelas P\u00edas Congregaci\u00f3n General\" src=\"https:\/\/www.itakaescolapios.org\/wp-content\/uploads\/2012\/06\/Escuelas-P\u00edas-Congregaci\u00f3n-General1.png\" alt=\"\" width=\"203\" height=\"91\" \/><\/a><img decoding=\"async\" title=\"Fraternidades1\" src=\"https:\/\/www.itakaescolapios.org\/wp-content\/uploads\/2012\/06\/Fraternidades1.png\" alt=\"\" width=\"203\" height=\"91\" \/><\/p>\n<p lang=\"en-US\" align=\"JUSTIFY\"><a href=\"http:\/\/www.escolapiosaragon.org\/\"><img decoding=\"async\" title=\"Escuelas P\u00edas de Arag\u00f3n\" src=\"https:\/\/www.itakaescolapios.org\/wp-content\/uploads\/2012\/06\/Escuelas-P\u00edas-de-Arag\u00f3n.png\" alt=\"\" width=\"110\" height=\"33\" \/><\/a><a href=\"http:\/\/www.escolapiosemaus.org\/\"><img decoding=\"async\" title=\"Escuelas P\u00edas Ema\u00fas\" src=\"https:\/\/www.itakaescolapios.org\/wp-content\/uploads\/2012\/06\/Escuelas-P\u00edas-Ema\u00fas.gif\" alt=\"\" width=\"110\" height=\"33\" \/><\/a><a href=\"http:\/\/www.escolapiosbetania.org\"><img decoding=\"async\" class=\"alignnone size-full wp-image-3121\" title=\"Escuelas P\u00edas de Betania\" src=\"https:\/\/www.itakaescolapios.org\/wp-content\/uploads\/2012\/06\/logo-eepp-betania1.jpg\" alt=\"\" width=\"110\" height=\"37\" \/><\/a><a href=\"http:\/\/www.escolapiosbolivia.org\/presencia\/emaus-index-BOLIVIA-8.html\"><img decoding=\"async\" class=\"alignnone size-full wp-image-1088\" title=\"Escuelas P\u00edas de Bolivia\" src=\"https:\/\/www.itakaescolapios.org\/wp-content\/uploads\/2012\/06\/Escuelas-P\u00edas-de-Bolivia.png\" alt=\"\" width=\"110\" height=\"44\" \/><\/a><\/p>\n<p lang=\"en-US\" align=\"JUSTIFY\"><a href=\"http:\/\/www.escolapiosbrasil.com.br\/\"><img decoding=\"async\" class=\"alignleft  wp-image-2057\" style=\"margin-right: 20px; margin-bottom: 10px;\" title=\"Escuelas P\u00edas Brasil\" src=\"https:\/\/www.itakaescolapios.org\/wp-content\/uploads\/2012\/06\/Escuelas-P\u00edas-Brasil1.png\" alt=\"\" width=\"73\" height=\"92\" \/><\/a><\/p>\n<p lang=\"en-US\" align=\"JUSTIFY\"><a href=\"http:\/\/www.escolapios.es\/mundo\/africa\/camerun.htm\"><img decoding=\"async\" class=\"alignleft  wp-image-2059\" style=\"margin-right: 20px; margin-bottom: 10px;\" title=\"Escuelas P\u00edas de Camer\u00fan\" src=\"https:\/\/www.itakaescolapios.org\/wp-content\/uploads\/2012\/06\/Escuelas-P\u00edas-de-Camer\u00fan1.png\" alt=\"\" width=\"59\" height=\"92\" \/><\/a><\/p>\n<p lang=\"en-US\" align=\"JUSTIFY\"><a href=\"http:\/\/www.escuelaspiasvenezuela.wordpress.com\/\"><img decoding=\"async\" class=\"alignleft  wp-image-2056\" style=\"margin-right: 20px; margin-bottom: 10px;\" title=\"Escuelas P\u00edas de Venezuela\" src=\"https:\/\/www.itakaescolapios.org\/wp-content\/uploads\/2012\/06\/Escuelas-P\u00edas-de-Venezuela1.png\" alt=\"\" width=\"101\" height=\"92\" \/><\/a><a href=\"http:\/\/www.escolapios.es\/mundo\/asia\/india.htm\"><img decoding=\"async\" class=\"alignleft  wp-image-2058\" style=\"margin-right: 30px; margin-bottom: 10px;\" title=\"Escuelas P\u00edas India\" src=\"https:\/\/www.itakaescolapios.org\/wp-content\/uploads\/2012\/06\/Escuelas-P\u00edas-India.jpg\" alt=\"\" width=\"131\" height=\"92\" \/><\/a><\/p>\n<p lang=\"en-US\" align=\"JUSTIFY\">Finalement, nous remercions les institutions publiques, priv\u00e9es et d\u00b4entrepreneurs qui, chaque ann\u00e9e, ont confiance dans le travail que r\u00e9alise la Fondation Itaka-Escolapios.<em><\/em><\/p>\n<h4 lang=\"en-US\" align=\"JUSTIFY\"><\/h4>\n<p>Nous mettons \u00e0 jour la page. Vous pouvez voir les institutions collaboratrices dans<\/p>\n<p><a href=\"https:\/\/www.itakaescolapios.org\/que-puedes-hacer-tu\/entidades-amigas\/\">www.itakaescolapios.org\/que-puedes-hacer-tu\/entidades-amigas\/<\/a><\/p>\n","protected":false},"excerpt":{"rendered":"<p>A la suite nous \u00e9num\u00e9rons une liste d&rsquo;institutions publiques, d&rsquo;organismes priv\u00e9s et de collectifs qui ont collabor\u00e9 avec Itaka-Escolapios pendant la derni\u00e8re ann\u00e9e fiscale. Nous voulons leur transmettre ici une [&hellip;]<\/p>\n","protected":false},"author":1,"featured_media":0,"parent":9,"menu_order":5,"comment_status":"closed","ping_status":"closed","template":"","meta":{"_et_pb_use_builder":"","_et_pb_old_content":"","_et_gb_content_width":"","footnotes":""},"class_list":["post-736","page","type-page","status-publish","hentry"],"yoast_head":"<!-- This site is optimized with the Yoast SEO plugin v27.3 - https:\/\/yoast.com\/product\/yoast-seo-wordpress\/ -->\n<title>Entit\u00e9s amies<\/title>\n<meta name=\"description\" content=\"A la suite nous \u00e9num\u00e9rons une liste d&#039;institutions publiques, d&#039;organismes priv\u00e9s et de collectifs qui ont collabor\u00e9 avec Itaka-Escolapios pendant la derni\u00e8re ann\u00e9e fiscale. Nous voulons leur transmettre ici une immense et profonde reconnaissance, car c\u00b4est sans doute avec leur effort et leur confiance que nos projets et nos actions vont de plus en plus\u2026\" \/>\n<meta name=\"robots\" content=\"index, follow, max-snippet:-1, max-image-preview:large, max-video-preview:-1\" \/>\n<link rel=\"canonical\" href=\"http:\/\/A%20la%20suite%20nous%20\u00e9num\u00e9rons%20une%20liste%20d'institutions%20publiques,%20d'organismes%20priv\u00e9s%20et%20de%20collectifs%20qui%20ont%20collabor\u00e9%20avec%20Itaka-Escolapios%20pendant%20la%20derni\u00e8re%20ann\u00e9e%20fiscale.%20Nous%20voulons%20leur%20transmettre%20ici%20une%20immense%20et%20profonde%20reconnaissance,%20car%20c\u00b4est%20sans%20doute%20avec%20leur%20effort%20et%20leur%20confiance%20que%20nos%20projets%20et%20nos%20actions%20vont%20de%20plus%20en%20plus\u2026\" \/>\n<meta property=\"og:locale\" content=\"fr_FR\" \/>\n<meta property=\"og:type\" content=\"article\" \/>\n<meta property=\"og:title\" content=\"Entit\u00e9s amies\" \/>\n<meta property=\"og:description\" content=\"A la suite nous \u00e9num\u00e9rons une liste d&#039;institutions publiques, d&#039;organismes priv\u00e9s et de collectifs qui ont collabor\u00e9 avec Itaka-Escolapios pendant la derni\u00e8re ann\u00e9e fiscale. Nous voulons leur transmettre ici une immense et profonde reconnaissance, car c\u00b4est sans doute avec leur effort et leur confiance que nos projets et nos actions vont de plus en plus\u2026\" \/>\n<meta property=\"og:url\" content=\"https:\/\/www.itakaescolapios.org\/fr\/que-puedes-hacer-tu\/entidades-amigas\/\" \/>\n<meta property=\"og:site_name\" content=\"Itaka-Escolapios\" \/>\n<meta property=\"article:modified_time\" content=\"2023-11-28T11:39:42+00:00\" \/>\n<meta property=\"og:image\" content=\"https:\/\/www.itakaescolapios.org\/wp-content\/uploads\/2020\/03\/entidades-amigas-2018-2019.jpg\" \/>\n\t<meta property=\"og:image:width\" content=\"1059\" \/>\n\t<meta property=\"og:image:height\" content=\"1500\" \/>\n\t<meta property=\"og:image:type\" content=\"image\/jpeg\" \/>\n<meta name=\"twitter:card\" content=\"summary_large_image\" \/>\n<meta name=\"twitter:label1\" content=\"Dur\u00e9e de lecture estim\u00e9e\" \/>\n\t<meta name=\"twitter:data1\" content=\"1 minute\" \/>\n<script type=\"application\/ld+json\" class=\"yoast-schema-graph\">{\"@context\":\"https:\\\/\\\/schema.org\",\"@graph\":[{\"@type\":\"WebPage\",\"@id\":\"https:\\\/\\\/www.itakaescolapios.org\\\/fr\\\/que-puedes-hacer-tu\\\/entidades-amigas\\\/\",\"url\":\"https:\\\/\\\/www.itakaescolapios.org\\\/fr\\\/que-puedes-hacer-tu\\\/entidades-amigas\\\/\",\"name\":\"Entidades amigas - Itaka-Escolapios\",\"isPartOf\":{\"@id\":\"https:\\\/\\\/www.itakaescolapios.org\\\/es\\\/#website\"},\"primaryImageOfPage\":{\"@id\":\"https:\\\/\\\/www.itakaescolapios.org\\\/fr\\\/que-puedes-hacer-tu\\\/entidades-amigas\\\/#primaryimage\"},\"image\":{\"@id\":\"https:\\\/\\\/www.itakaescolapios.org\\\/fr\\\/que-puedes-hacer-tu\\\/entidades-amigas\\\/#primaryimage\"},\"thumbnailUrl\":\"https:\\\/\\\/www.itakaescolapios.org\\\/wp-content\\\/uploads\\\/2020\\\/03\\\/entidades-amigas-2018-2019-723x1024.jpg\",\"datePublished\":\"2012-06-14T11:05:38+00:00\",\"dateModified\":\"2023-11-28T11:39:42+00:00\",\"breadcrumb\":{\"@id\":\"https:\\\/\\\/www.itakaescolapios.org\\\/fr\\\/que-puedes-hacer-tu\\\/entidades-amigas\\\/#breadcrumb\"},\"inLanguage\":\"fr-FR\",\"potentialAction\":[{\"@type\":\"ReadAction\",\"target\":[\"https:\\\/\\\/www.itakaescolapios.org\\\/fr\\\/que-puedes-hacer-tu\\\/entidades-amigas\\\/\"]}]},{\"@type\":\"ImageObject\",\"inLanguage\":\"fr-FR\",\"@id\":\"https:\\\/\\\/www.itakaescolapios.org\\\/fr\\\/que-puedes-hacer-tu\\\/entidades-amigas\\\/#primaryimage\",\"url\":\"https:\\\/\\\/www.itakaescolapios.org\\\/wp-content\\\/uploads\\\/2020\\\/03\\\/entidades-amigas-2018-2019-723x1024.jpg\",\"contentUrl\":\"https:\\\/\\\/www.itakaescolapios.org\\\/wp-content\\\/uploads\\\/2020\\\/03\\\/entidades-amigas-2018-2019-723x1024.jpg\"},{\"@type\":\"BreadcrumbList\",\"@id\":\"https:\\\/\\\/www.itakaescolapios.org\\\/fr\\\/que-puedes-hacer-tu\\\/entidades-amigas\\\/#breadcrumb\",\"itemListElement\":[{\"@type\":\"ListItem\",\"position\":1,\"name\":\"Itaka-Escolapios\",\"item\":\"https:\\\/\\\/www.itakaescolapios.org\\\/es\\\/\"},{\"@type\":\"ListItem\",\"position\":2,\"name\":\"Que peux faire\",\"item\":\"https:\\\/\\\/www.itakaescolapios.org\\\/es\\\/que-puedes-hacer-tu\\\/\"},{\"@type\":\"ListItem\",\"position\":3,\"name\":\"Entit\u00e9s amies\"}]},{\"@type\":\"WebSite\",\"@id\":\"https:\\\/\\\/www.itakaescolapios.org\\\/fr\\\/es\\\/#website\",\"url\":\"https:\\\/\\\/www.itakaescolapios.org\\\/fr\\\/es\\\/\",\"name\":\"Itaka-Escolapios\",\"description\":\"Red de Itaka-Escolapios\",\"publisher\":{\"@id\":\"https:\\\/\\\/www.itakaescolapios.org\\\/fr\\\/es\\\/#organization\"},\"potentialAction\":[{\"@type\":\"SearchAction\",\"target\":{\"@type\":\"EntryPoint\",\"urlTemplate\":\"https:\\\/\\\/www.itakaescolapios.org\\\/fr\\\/es\\\/?s={search_term_string}\"},\"query-input\":{\"@type\":\"PropertyValueSpecification\",\"valueRequired\":true,\"valueName\":\"search_term_string\"}}],\"inLanguage\":\"fr-FR\"},{\"@type\":\"Organization\",\"@id\":\"https:\\\/\\\/www.itakaescolapios.org\\\/fr\\\/es\\\/#organization\",\"name\":\"Fundaci\u00f3 Itaka-Escolapios\",\"url\":\"https:\\\/\\\/www.itakaescolapios.org\\\/fr\\\/es\\\/\",\"logo\":{\"@type\":\"ImageObject\",\"inLanguage\":\"fr-FR\",\"@id\":\"https:\\\/\\\/www.itakaescolapios.org\\\/fr\\\/es\\\/#\\\/schema\\\/logo\\\/image\\\/\",\"url\":\"https:\\\/\\\/www.itakaescolapios.org\\\/wp-content\\\/uploads\\\/2024\\\/04\\\/Logo-itakaescolapios-peque.png\",\"contentUrl\":\"https:\\\/\\\/www.itakaescolapios.org\\\/wp-content\\\/uploads\\\/2024\\\/04\\\/Logo-itakaescolapios-peque.png\",\"width\":500,\"height\":199,\"caption\":\"Fundaci\u00f3 Itaka-Escolapios\"},\"image\":{\"@id\":\"https:\\\/\\\/www.itakaescolapios.org\\\/fr\\\/es\\\/#\\\/schema\\\/logo\\\/image\\\/\"}}]}<\/script>\n<!-- \/ Yoast SEO plugin. -->","yoast_head_json":{"title":"Entit\u00e9s amies","description":"A la suite nous \u00e9num\u00e9rons une liste d'institutions publiques, d'organismes priv\u00e9s et de collectifs qui ont collabor\u00e9 avec Itaka-Escolapios pendant la derni\u00e8re ann\u00e9e fiscale. Nous voulons leur transmettre ici une immense et profonde reconnaissance, car c\u00b4est sans doute avec leur effort et leur confiance que nos projets et nos actions vont de plus en plus\u2026","robots":{"index":"index","follow":"follow","max-snippet":"max-snippet:-1","max-image-preview":"max-image-preview:large","max-video-preview":"max-video-preview:-1"},"canonical":"A la suite nous \u00e9num\u00e9rons une liste d'institutions publiques, d'organismes priv\u00e9s et de collectifs qui ont collabor\u00e9 avec Itaka-Escolapios pendant la derni\u00e8re ann\u00e9e fiscale. Nous voulons leur transmettre ici une immense et profonde reconnaissance, car c\u00b4est sans doute avec leur effort et leur confiance que nos projets et nos actions vont de plus en plus\u2026","og_locale":"fr_FR","og_type":"article","og_title":"Entit\u00e9s amies","og_description":"A la suite nous \u00e9num\u00e9rons une liste d'institutions publiques, d'organismes priv\u00e9s et de collectifs qui ont collabor\u00e9 avec Itaka-Escolapios pendant la derni\u00e8re ann\u00e9e fiscale. Nous voulons leur transmettre ici une immense et profonde reconnaissance, car c\u00b4est sans doute avec leur effort et leur confiance que nos projets et nos actions vont de plus en plus\u2026","og_url":"https:\/\/www.itakaescolapios.org\/fr\/que-puedes-hacer-tu\/entidades-amigas\/","og_site_name":"Itaka-Escolapios","article_modified_time":"2023-11-28T11:39:42+00:00","og_image":[{"width":1059,"height":1500,"url":"https:\/\/www.itakaescolapios.org\/wp-content\/uploads\/2020\/03\/entidades-amigas-2018-2019.jpg","type":"image\/jpeg"}],"twitter_card":"summary_large_image","twitter_misc":{"Dur\u00e9e de lecture estim\u00e9e":"1 minute"},"schema":{"@context":"https:\/\/schema.org","@graph":[{"@type":"WebPage","@id":"https:\/\/www.itakaescolapios.org\/fr\/que-puedes-hacer-tu\/entidades-amigas\/","url":"https:\/\/www.itakaescolapios.org\/fr\/que-puedes-hacer-tu\/entidades-amigas\/","name":"Entidades amigas - Itaka-Escolapios","isPartOf":{"@id":"https:\/\/www.itakaescolapios.org\/es\/#website"},"primaryImageOfPage":{"@id":"https:\/\/www.itakaescolapios.org\/fr\/que-puedes-hacer-tu\/entidades-amigas\/#primaryimage"},"image":{"@id":"https:\/\/www.itakaescolapios.org\/fr\/que-puedes-hacer-tu\/entidades-amigas\/#primaryimage"},"thumbnailUrl":"https:\/\/www.itakaescolapios.org\/wp-content\/uploads\/2020\/03\/entidades-amigas-2018-2019-723x1024.jpg","datePublished":"2012-06-14T11:05:38+00:00","dateModified":"2023-11-28T11:39:42+00:00","breadcrumb":{"@id":"https:\/\/www.itakaescolapios.org\/fr\/que-puedes-hacer-tu\/entidades-amigas\/#breadcrumb"},"inLanguage":"fr-FR","potentialAction":[{"@type":"ReadAction","target":["https:\/\/www.itakaescolapios.org\/fr\/que-puedes-hacer-tu\/entidades-amigas\/"]}]},{"@type":"ImageObject","inLanguage":"fr-FR","@id":"https:\/\/www.itakaescolapios.org\/fr\/que-puedes-hacer-tu\/entidades-amigas\/#primaryimage","url":"https:\/\/www.itakaescolapios.org\/wp-content\/uploads\/2020\/03\/entidades-amigas-2018-2019-723x1024.jpg","contentUrl":"https:\/\/www.itakaescolapios.org\/wp-content\/uploads\/2020\/03\/entidades-amigas-2018-2019-723x1024.jpg"},{"@type":"BreadcrumbList","@id":"https:\/\/www.itakaescolapios.org\/fr\/que-puedes-hacer-tu\/entidades-amigas\/#breadcrumb","itemListElement":[{"@type":"ListItem","position":1,"name":"Itaka-Escolapios","item":"https:\/\/www.itakaescolapios.org\/es\/"},{"@type":"ListItem","position":2,"name":"Que peux faire","item":"https:\/\/www.itakaescolapios.org\/es\/que-puedes-hacer-tu\/"},{"@type":"ListItem","position":3,"name":"Entit\u00e9s amies"}]},{"@type":"WebSite","@id":"https:\/\/www.itakaescolapios.org\/fr\/es\/#website","url":"https:\/\/www.itakaescolapios.org\/fr\/es\/","name":"Itaka-Escolapios","description":"Red de Itaka-Escolapios","publisher":{"@id":"https:\/\/www.itakaescolapios.org\/fr\/es\/#organization"},"potentialAction":[{"@type":"SearchAction","target":{"@type":"EntryPoint","urlTemplate":"https:\/\/www.itakaescolapios.org\/fr\/es\/?s={search_term_string}"},"query-input":{"@type":"PropertyValueSpecification","valueRequired":true,"valueName":"search_term_string"}}],"inLanguage":"fr-FR"},{"@type":"Organization","@id":"https:\/\/www.itakaescolapios.org\/fr\/es\/#organization","name":"Fundaci\u00f3 Itaka-Escolapios","url":"https:\/\/www.itakaescolapios.org\/fr\/es\/","logo":{"@type":"ImageObject","inLanguage":"fr-FR","@id":"https:\/\/www.itakaescolapios.org\/fr\/es\/#\/schema\/logo\/image\/","url":"https:\/\/www.itakaescolapios.org\/wp-content\/uploads\/2024\/04\/Logo-itakaescolapios-peque.png","contentUrl":"https:\/\/www.itakaescolapios.org\/wp-content\/uploads\/2024\/04\/Logo-itakaescolapios-peque.png","width":500,"height":199,"caption":"Fundaci\u00f3 Itaka-Escolapios"},"image":{"@id":"https:\/\/www.itakaescolapios.org\/fr\/es\/#\/schema\/logo\/image\/"}}]}},"_links":{"self":[{"href":"https:\/\/www.itakaescolapios.org\/fr\/wp-json\/wp\/v2\/pages\/736","targetHints":{"allow":["GET"]}}],"collection":[{"href":"https:\/\/www.itakaescolapios.org\/fr\/wp-json\/wp\/v2\/pages"}],"about":[{"href":"https:\/\/www.itakaescolapios.org\/fr\/wp-json\/wp\/v2\/types\/page"}],"author":[{"embeddable":true,"href":"https:\/\/www.itakaescolapios.org\/fr\/wp-json\/wp\/v2\/users\/1"}],"replies":[{"embeddable":true,"href":"https:\/\/www.itakaescolapios.org\/fr\/wp-json\/wp\/v2\/comments?post=736"}],"version-history":[{"count":187,"href":"https:\/\/www.itakaescolapios.org\/fr\/wp-json\/wp\/v2\/pages\/736\/revisions"}],"predecessor-version":[{"id":328124,"href":"https:\/\/www.itakaescolapios.org\/fr\/wp-json\/wp\/v2\/pages\/736\/revisions\/328124"}],"up":[{"embeddable":true,"href":"https:\/\/www.itakaescolapios.org\/fr\/wp-json\/wp\/v2\/pages\/9"}],"wp:attachment":[{"href":"https:\/\/www.itakaescolapios.org\/fr\/wp-json\/wp\/v2\/media?parent=736"}],"curies":[{"name":"wp","href":"https:\/\/api.w.org\/{rel}","templated":true}]}}