{"id":7399,"date":"2013-10-02T10:30:47","date_gmt":"2013-10-02T09:30:47","guid":{"rendered":"https:\/\/www.itakaescolapios.org\/?page_id=7399"},"modified":"2023-11-28T12:39:16","modified_gmt":"2023-11-28T11:39:16","slug":"centro-comunitario-calasanz-del-barrio-de-la-lucha","status":"publish","type":"page","link":"https:\/\/www.itakaescolapios.org\/fr\/que-faisons-nous\/centros-socio-educativos\/centro-comunitario-calasanz-del-barrio-de-la-lucha\/","title":{"rendered":"Centre Communautaire Calasanz du quartier de la Lucha \u00e0 Carora (Venezuela)"},"content":{"rendered":"<p>Le quartier La Lucha, est un des secteurs ayant les plus grands besoin socio-\u00e9conomiques de la Paroisse Saint Joseph de Calasanz et m\u00eame de Corora. (Etat de Lara). La communaut\u00e9 La Lucha, est encadr\u00e9e dans une z\u00f4ne qui manque de tout confort (services publics basiques), 70% des logements sont construits avec des bo\u00eetes de conserve, ils sont instables et dangereux, c\u2019est l\u00e0 o\u00f9 les gens habitent entass\u00e9s, sans services publics gratuits. Ce quartier se trouve \u00e9loign\u00e9 du centre paroissial, localis\u00e9 dans la p\u00e9riph\u00e9rie de la ville.<\/p>\n<p>Il y a de nombreuses\u00a0 jeunes filles enceinte, des m\u00e8res celibataires et des jeunes responsables de familles avec un seul g\u00e9niteur, lesquelles.n\u2019ont pas de formation acad\u00e9mique suffisante pour acc\u00e9der au march\u00e9 du travail.<\/p>\n<p>Pour donner des r\u00e9ponses factibles \u00e0 cette communaut\u00e9, na\u00eet le Centre Communautaire \u201cCalasanz\u201d, plate-forme pour r\u00e9aliser des activit\u00e9s de formation adress\u00e9es aux enfants gar\u00e7ons et filles, aux jeunes enceintes, aux m\u00e8res celibataires\u2026, ce seront des espaces en vue du bien\u00eatre de la communaut\u00e9 en g\u00e9n\u00e9nal.<\/p>\n<p>Les objectifs essentiels du projet sont:<\/p>\n<ul>\n<li>Capaciter \u00e0 travers un CECAL, pour l\u2019\u00e9ducation des \u00a0\u00a0\u00a0\u00a0 jeunes de deux sexes, des m\u00e8res c\u00e9libataires, des adolescentes enceinte et \u00a0\u00a0\u00a0\u00a0 des groupes qui en ont besoin.<\/li>\n<li>Renforcer les valeurs familiales et sociales \u00e0 \u00a0\u00a0\u00a0\u00a0 travers des campagnes, des at\u00e9liers, des conf\u00e9rances et de c\u00e9l\u00e9brations \u00a0\u00a0\u00a0\u00a0 sp\u00e9ciales, adress\u00e9es \u00a0\u00e0 la \u00a0\u00a0\u00a0\u00a0 communaut\u00e9 en g\u00e9n\u00e9ral.<\/li>\n<li>Motiver l\u2019int\u00e9gration de la communaut\u00e9 offrant un \u00a0\u00a0\u00a0\u00a0 Espace ad\u00e9quat pour les r\u00e9unions des groupes de jeunes, de pri\u00e8re, assembl\u00e9es \u00a0\u00a0\u00a0\u00a0 familiares, m\u00e8res du quartier, entre autres.<\/li>\n<li>Offrir un foyer de soins quotidiens, en vue du \u00a0\u00a0\u00a0\u00a0 futur, pour des enfants de 1 \u00e0 3 ans, donnant ainsi un appui \u00e0 des m\u00e8res \u00a0\u00a0\u00a0\u00a0 qui travaillent ou \u00e9tudient et qui habitent dans le quartier.<\/li>\n<\/ul>\n","protected":false},"excerpt":{"rendered":"<p>Le quartier La Lucha, est un des secteurs ayant les plus grands besoin socio-\u00e9conomiques de la Paroisse Saint Joseph de Calasanz et m\u00eame de Corora. (Etat de Lara). La communaut\u00e9 [&hellip;]<\/p>\n","protected":false},"author":46,"featured_media":7444,"parent":83,"menu_order":10,"comment_status":"closed","ping_status":"closed","template":"","meta":{"_et_pb_use_builder":"","_et_pb_old_content":"","_et_gb_content_width":"","footnotes":""},"class_list":["post-7399","page","type-page","status-publish","has-post-thumbnail","hentry"],"yoast_head":"<!-- This site is optimized with the Yoast SEO plugin v27.3 - https:\/\/yoast.com\/product\/yoast-seo-wordpress\/ -->\n<title>Centre Communautaire Calasanz du quartier de la Lucha \u00e0 Carora (Venezuela)<\/title>\n<meta name=\"description\" content=\"Le quartier La Lucha, est un des secteurs ayant les plus grands besoin socio-\u00e9conomiques de la Paroisse Saint Joseph de Calasanz et m\u00eame de Corora. (Etat de Lara). La communaut\u00e9 La Lucha, est encadr\u00e9e dans une z\u00f4ne qui manque de tout confort (services publics basiques), 70% des logements sont construits avec des bo\u00eetes de conserve,\u2026\" \/>\n<meta name=\"robots\" content=\"index, follow, max-snippet:-1, max-image-preview:large, max-video-preview:-1\" \/>\n<link rel=\"canonical\" href=\"http:\/\/Le%20quartier%20La%20Lucha,%20est%20un%20des%20secteurs%20ayant%20les%20plus%20grands%20besoin%20socio-\u00e9conomiques%20de%20la%20Paroisse%20Saint%20Joseph%20de%20Calasanz%20et%20m\u00eame%20de%20Corora.%20(Etat%20de%20Lara).%20La%20communaut\u00e9%20La%20Lucha,%20est%20encadr\u00e9e%20dans%20une%20z\u00f4ne%20qui%20manque%20de%20tout%20confort%20(services%20publics%20basiques),%2070%%20des%20logements%20sont%20construits%20avec%20des%20bo\u00eetes%20de%20conserve,\u2026\" \/>\n<meta property=\"og:locale\" content=\"fr_FR\" \/>\n<meta property=\"og:type\" content=\"article\" \/>\n<meta property=\"og:title\" content=\"Centre Communautaire Calasanz du quartier de la Lucha \u00e0 Carora (Venezuela)\" \/>\n<meta property=\"og:description\" content=\"Le quartier La Lucha, est un des secteurs ayant les plus grands besoin socio-\u00e9conomiques de la Paroisse Saint Joseph de Calasanz et m\u00eame de Corora. (Etat de Lara). La communaut\u00e9 La Lucha, est encadr\u00e9e dans une z\u00f4ne qui manque de tout confort (services publics basiques), 70% des logements sont construits avec des bo\u00eetes de conserve,\u2026\" \/>\n<meta property=\"og:url\" content=\"https:\/\/www.itakaescolapios.org\/fr\/que-faisons-nous\/centros-socio-educativos\/centro-comunitario-calasanz-del-barrio-de-la-lucha\/\" \/>\n<meta property=\"og:site_name\" content=\"Itaka-Escolapios\" \/>\n<meta property=\"article:modified_time\" content=\"2023-11-28T11:39:16+00:00\" \/>\n<meta property=\"og:image\" content=\"https:\/\/www.itakaescolapios.org\/wp-content\/uploads\/2013\/10\/Carora-Centro.jpg\" \/>\n\t<meta property=\"og:image:width\" content=\"300\" \/>\n\t<meta property=\"og:image:height\" content=\"225\" \/>\n\t<meta property=\"og:image:type\" content=\"image\/jpeg\" \/>\n<meta name=\"twitter:card\" content=\"summary_large_image\" \/>\n<meta name=\"twitter:label1\" content=\"Dur\u00e9e de lecture estim\u00e9e\" \/>\n\t<meta name=\"twitter:data1\" content=\"1 minute\" \/>\n<script type=\"application\/ld+json\" class=\"yoast-schema-graph\">{\"@context\":\"https:\\\/\\\/schema.org\",\"@graph\":[{\"@type\":\"WebPage\",\"@id\":\"https:\\\/\\\/www.itakaescolapios.org\\\/fr\\\/que-faisons-nous\\\/centros-socio-educativos\\\/centro-comunitario-calasanz-del-barrio-de-la-lucha\\\/\",\"url\":\"https:\\\/\\\/www.itakaescolapios.org\\\/fr\\\/que-faisons-nous\\\/centros-socio-educativos\\\/centro-comunitario-calasanz-del-barrio-de-la-lucha\\\/\",\"name\":\"CENTRO COMUNITARIO CALASANZ CARORA (VENEZUELA) - Itaka-Escolapios\",\"isPartOf\":{\"@id\":\"https:\\\/\\\/www.itakaescolapios.org\\\/es\\\/#website\"},\"primaryImageOfPage\":{\"@id\":\"https:\\\/\\\/www.itakaescolapios.org\\\/fr\\\/que-faisons-nous\\\/centros-socio-educativos\\\/centro-comunitario-calasanz-del-barrio-de-la-lucha\\\/#primaryimage\"},\"image\":{\"@id\":\"https:\\\/\\\/www.itakaescolapios.org\\\/fr\\\/que-faisons-nous\\\/centros-socio-educativos\\\/centro-comunitario-calasanz-del-barrio-de-la-lucha\\\/#primaryimage\"},\"thumbnailUrl\":\"https:\\\/\\\/www.itakaescolapios.org\\\/wp-content\\\/uploads\\\/2013\\\/10\\\/Carora-Centro.jpg\",\"datePublished\":\"2013-10-02T09:30:47+00:00\",\"dateModified\":\"2023-11-28T11:39:16+00:00\",\"breadcrumb\":{\"@id\":\"https:\\\/\\\/www.itakaescolapios.org\\\/fr\\\/que-faisons-nous\\\/centros-socio-educativos\\\/centro-comunitario-calasanz-del-barrio-de-la-lucha\\\/#breadcrumb\"},\"inLanguage\":\"fr-FR\",\"potentialAction\":[{\"@type\":\"ReadAction\",\"target\":[\"https:\\\/\\\/www.itakaescolapios.org\\\/fr\\\/que-faisons-nous\\\/centros-socio-educativos\\\/centro-comunitario-calasanz-del-barrio-de-la-lucha\\\/\"]}]},{\"@type\":\"ImageObject\",\"inLanguage\":\"fr-FR\",\"@id\":\"https:\\\/\\\/www.itakaescolapios.org\\\/fr\\\/que-faisons-nous\\\/centros-socio-educativos\\\/centro-comunitario-calasanz-del-barrio-de-la-lucha\\\/#primaryimage\",\"url\":\"https:\\\/\\\/www.itakaescolapios.org\\\/wp-content\\\/uploads\\\/2013\\\/10\\\/Carora-Centro.jpg\",\"contentUrl\":\"https:\\\/\\\/www.itakaescolapios.org\\\/wp-content\\\/uploads\\\/2013\\\/10\\\/Carora-Centro.jpg\",\"width\":\"300\",\"height\":\"225\"},{\"@type\":\"BreadcrumbList\",\"@id\":\"https:\\\/\\\/www.itakaescolapios.org\\\/fr\\\/que-faisons-nous\\\/centros-socio-educativos\\\/centro-comunitario-calasanz-del-barrio-de-la-lucha\\\/#breadcrumb\",\"itemListElement\":[{\"@type\":\"ListItem\",\"position\":1,\"name\":\"Itaka-Escolapios\",\"item\":\"https:\\\/\\\/www.itakaescolapios.org\\\/es\\\/\"},{\"@type\":\"ListItem\",\"position\":2,\"name\":\"Que faisons-nous\",\"item\":\"https:\\\/\\\/www.itakaescolapios.org\\\/es\\\/que-hacemos\\\/\"},{\"@type\":\"ListItem\",\"position\":3,\"name\":\"Centres socio-\u00e9ducatifs\",\"item\":\"https:\\\/\\\/www.itakaescolapios.org\\\/es\\\/que-hacemos\\\/centros-socio-educativos\\\/\"},{\"@type\":\"ListItem\",\"position\":4,\"name\":\"Centre Communautaire Calasanz du quartier de la Lucha \u00e0 Carora (Venezuela)\"}]},{\"@type\":\"WebSite\",\"@id\":\"https:\\\/\\\/www.itakaescolapios.org\\\/fr\\\/es\\\/#website\",\"url\":\"https:\\\/\\\/www.itakaescolapios.org\\\/fr\\\/es\\\/\",\"name\":\"Itaka-Escolapios\",\"description\":\"Red de Itaka-Escolapios\",\"publisher\":{\"@id\":\"https:\\\/\\\/www.itakaescolapios.org\\\/fr\\\/es\\\/#organization\"},\"potentialAction\":[{\"@type\":\"SearchAction\",\"target\":{\"@type\":\"EntryPoint\",\"urlTemplate\":\"https:\\\/\\\/www.itakaescolapios.org\\\/fr\\\/es\\\/?s={search_term_string}\"},\"query-input\":{\"@type\":\"PropertyValueSpecification\",\"valueRequired\":true,\"valueName\":\"search_term_string\"}}],\"inLanguage\":\"fr-FR\"},{\"@type\":\"Organization\",\"@id\":\"https:\\\/\\\/www.itakaescolapios.org\\\/fr\\\/es\\\/#organization\",\"name\":\"Fundaci\u00f3 Itaka-Escolapios\",\"url\":\"https:\\\/\\\/www.itakaescolapios.org\\\/fr\\\/es\\\/\",\"logo\":{\"@type\":\"ImageObject\",\"inLanguage\":\"fr-FR\",\"@id\":\"https:\\\/\\\/www.itakaescolapios.org\\\/fr\\\/es\\\/#\\\/schema\\\/logo\\\/image\\\/\",\"url\":\"https:\\\/\\\/www.itakaescolapios.org\\\/wp-content\\\/uploads\\\/2024\\\/04\\\/Logo-itakaescolapios-peque.png\",\"contentUrl\":\"https:\\\/\\\/www.itakaescolapios.org\\\/wp-content\\\/uploads\\\/2024\\\/04\\\/Logo-itakaescolapios-peque.png\",\"width\":500,\"height\":199,\"caption\":\"Fundaci\u00f3 Itaka-Escolapios\"},\"image\":{\"@id\":\"https:\\\/\\\/www.itakaescolapios.org\\\/fr\\\/es\\\/#\\\/schema\\\/logo\\\/image\\\/\"}}]}<\/script>\n<!-- \/ Yoast SEO plugin. -->","yoast_head_json":{"title":"Centre Communautaire Calasanz du quartier de la Lucha \u00e0 Carora (Venezuela)","description":"Le quartier La Lucha, est un des secteurs ayant les plus grands besoin socio-\u00e9conomiques de la Paroisse Saint Joseph de Calasanz et m\u00eame de Corora. (Etat de Lara). La communaut\u00e9 La Lucha, est encadr\u00e9e dans une z\u00f4ne qui manque de tout confort (services publics basiques), 70% des logements sont construits avec des bo\u00eetes de conserve,\u2026","robots":{"index":"index","follow":"follow","max-snippet":"max-snippet:-1","max-image-preview":"max-image-preview:large","max-video-preview":"max-video-preview:-1"},"canonical":"Le quartier La Lucha, est un des secteurs ayant les plus grands besoin socio-\u00e9conomiques de la Paroisse Saint Joseph de Calasanz et m\u00eame de Corora. (Etat de Lara). La communaut\u00e9 La Lucha, est encadr\u00e9e dans une z\u00f4ne qui manque de tout confort (services publics basiques), 70% des logements sont construits avec des bo\u00eetes de conserve,\u2026","og_locale":"fr_FR","og_type":"article","og_title":"Centre Communautaire Calasanz du quartier de la Lucha \u00e0 Carora (Venezuela)","og_description":"Le quartier La Lucha, est un des secteurs ayant les plus grands besoin socio-\u00e9conomiques de la Paroisse Saint Joseph de Calasanz et m\u00eame de Corora. (Etat de Lara). La communaut\u00e9 La Lucha, est encadr\u00e9e dans une z\u00f4ne qui manque de tout confort (services publics basiques), 70% des logements sont construits avec des bo\u00eetes de conserve,\u2026","og_url":"https:\/\/www.itakaescolapios.org\/fr\/que-faisons-nous\/centros-socio-educativos\/centro-comunitario-calasanz-del-barrio-de-la-lucha\/","og_site_name":"Itaka-Escolapios","article_modified_time":"2023-11-28T11:39:16+00:00","og_image":[{"width":300,"height":225,"url":"https:\/\/www.itakaescolapios.org\/wp-content\/uploads\/2013\/10\/Carora-Centro.jpg","type":"image\/jpeg"}],"twitter_card":"summary_large_image","twitter_misc":{"Dur\u00e9e de lecture estim\u00e9e":"1 minute"},"schema":{"@context":"https:\/\/schema.org","@graph":[{"@type":"WebPage","@id":"https:\/\/www.itakaescolapios.org\/fr\/que-faisons-nous\/centros-socio-educativos\/centro-comunitario-calasanz-del-barrio-de-la-lucha\/","url":"https:\/\/www.itakaescolapios.org\/fr\/que-faisons-nous\/centros-socio-educativos\/centro-comunitario-calasanz-del-barrio-de-la-lucha\/","name":"CENTRO COMUNITARIO CALASANZ CARORA (VENEZUELA) - Itaka-Escolapios","isPartOf":{"@id":"https:\/\/www.itakaescolapios.org\/es\/#website"},"primaryImageOfPage":{"@id":"https:\/\/www.itakaescolapios.org\/fr\/que-faisons-nous\/centros-socio-educativos\/centro-comunitario-calasanz-del-barrio-de-la-lucha\/#primaryimage"},"image":{"@id":"https:\/\/www.itakaescolapios.org\/fr\/que-faisons-nous\/centros-socio-educativos\/centro-comunitario-calasanz-del-barrio-de-la-lucha\/#primaryimage"},"thumbnailUrl":"https:\/\/www.itakaescolapios.org\/wp-content\/uploads\/2013\/10\/Carora-Centro.jpg","datePublished":"2013-10-02T09:30:47+00:00","dateModified":"2023-11-28T11:39:16+00:00","breadcrumb":{"@id":"https:\/\/www.itakaescolapios.org\/fr\/que-faisons-nous\/centros-socio-educativos\/centro-comunitario-calasanz-del-barrio-de-la-lucha\/#breadcrumb"},"inLanguage":"fr-FR","potentialAction":[{"@type":"ReadAction","target":["https:\/\/www.itakaescolapios.org\/fr\/que-faisons-nous\/centros-socio-educativos\/centro-comunitario-calasanz-del-barrio-de-la-lucha\/"]}]},{"@type":"ImageObject","inLanguage":"fr-FR","@id":"https:\/\/www.itakaescolapios.org\/fr\/que-faisons-nous\/centros-socio-educativos\/centro-comunitario-calasanz-del-barrio-de-la-lucha\/#primaryimage","url":"https:\/\/www.itakaescolapios.org\/wp-content\/uploads\/2013\/10\/Carora-Centro.jpg","contentUrl":"https:\/\/www.itakaescolapios.org\/wp-content\/uploads\/2013\/10\/Carora-Centro.jpg","width":"300","height":"225"},{"@type":"BreadcrumbList","@id":"https:\/\/www.itakaescolapios.org\/fr\/que-faisons-nous\/centros-socio-educativos\/centro-comunitario-calasanz-del-barrio-de-la-lucha\/#breadcrumb","itemListElement":[{"@type":"ListItem","position":1,"name":"Itaka-Escolapios","item":"https:\/\/www.itakaescolapios.org\/es\/"},{"@type":"ListItem","position":2,"name":"Que faisons-nous","item":"https:\/\/www.itakaescolapios.org\/es\/que-hacemos\/"},{"@type":"ListItem","position":3,"name":"Centres socio-\u00e9ducatifs","item":"https:\/\/www.itakaescolapios.org\/es\/que-hacemos\/centros-socio-educativos\/"},{"@type":"ListItem","position":4,"name":"Centre Communautaire Calasanz du quartier de la Lucha \u00e0 Carora (Venezuela)"}]},{"@type":"WebSite","@id":"https:\/\/www.itakaescolapios.org\/fr\/es\/#website","url":"https:\/\/www.itakaescolapios.org\/fr\/es\/","name":"Itaka-Escolapios","description":"Red de Itaka-Escolapios","publisher":{"@id":"https:\/\/www.itakaescolapios.org\/fr\/es\/#organization"},"potentialAction":[{"@type":"SearchAction","target":{"@type":"EntryPoint","urlTemplate":"https:\/\/www.itakaescolapios.org\/fr\/es\/?s={search_term_string}"},"query-input":{"@type":"PropertyValueSpecification","valueRequired":true,"valueName":"search_term_string"}}],"inLanguage":"fr-FR"},{"@type":"Organization","@id":"https:\/\/www.itakaescolapios.org\/fr\/es\/#organization","name":"Fundaci\u00f3 Itaka-Escolapios","url":"https:\/\/www.itakaescolapios.org\/fr\/es\/","logo":{"@type":"ImageObject","inLanguage":"fr-FR","@id":"https:\/\/www.itakaescolapios.org\/fr\/es\/#\/schema\/logo\/image\/","url":"https:\/\/www.itakaescolapios.org\/wp-content\/uploads\/2024\/04\/Logo-itakaescolapios-peque.png","contentUrl":"https:\/\/www.itakaescolapios.org\/wp-content\/uploads\/2024\/04\/Logo-itakaescolapios-peque.png","width":500,"height":199,"caption":"Fundaci\u00f3 Itaka-Escolapios"},"image":{"@id":"https:\/\/www.itakaescolapios.org\/fr\/es\/#\/schema\/logo\/image\/"}}]}},"_links":{"self":[{"href":"https:\/\/www.itakaescolapios.org\/fr\/wp-json\/wp\/v2\/pages\/7399","targetHints":{"allow":["GET"]}}],"collection":[{"href":"https:\/\/www.itakaescolapios.org\/fr\/wp-json\/wp\/v2\/pages"}],"about":[{"href":"https:\/\/www.itakaescolapios.org\/fr\/wp-json\/wp\/v2\/types\/page"}],"author":[{"embeddable":true,"href":"https:\/\/www.itakaescolapios.org\/fr\/wp-json\/wp\/v2\/users\/46"}],"replies":[{"embeddable":true,"href":"https:\/\/www.itakaescolapios.org\/fr\/wp-json\/wp\/v2\/comments?post=7399"}],"version-history":[{"count":16,"href":"https:\/\/www.itakaescolapios.org\/fr\/wp-json\/wp\/v2\/pages\/7399\/revisions"}],"predecessor-version":[{"id":49424,"href":"https:\/\/www.itakaescolapios.org\/fr\/wp-json\/wp\/v2\/pages\/7399\/revisions\/49424"}],"up":[{"embeddable":true,"href":"https:\/\/www.itakaescolapios.org\/fr\/wp-json\/wp\/v2\/pages\/83"}],"wp:featuredmedia":[{"embeddable":true,"href":"https:\/\/www.itakaescolapios.org\/fr\/wp-json\/wp\/v2\/media\/7444"}],"wp:attachment":[{"href":"https:\/\/www.itakaescolapios.org\/fr\/wp-json\/wp\/v2\/media?parent=7399"}],"curies":[{"name":"wp","href":"https:\/\/api.w.org\/{rel}","templated":true}]}}