{"id":7410,"date":"2013-10-02T10:46:52","date_gmt":"2013-10-02T09:46:52","guid":{"rendered":"https:\/\/www.itakaescolapios.org\/?page_id=7410"},"modified":"2025-11-10T11:14:31","modified_gmt":"2025-11-10T10:14:31","slug":"itaka-escolapios-venezuela","status":"publish","type":"page","link":"https:\/\/www.itakaescolapios.org\/fr\/que-faisons-nous\/escuelas-de-educadores-y-educadoras-de-tiempo-libre\/itaka-escolapios-venezuela\/","title":{"rendered":" ITAKA-ESCOLAPIOS VENEZUELA"},"content":{"rendered":"<p>L\u2019\u00e9cole de formation: Itaka \u2013 Escolapios na\u00eet du besoin de former des agents \u00e9ducatifs et pastoreaux. Avec elle on esp\u00e8re capaciter les personnes qui appartienent aux \u00e9coles, volontaires de tous les projets, p\u00e8res, m\u00e8res et tous ceux qui sont engag\u00e9s avec nos projets.<\/p>\n<p>On a un plan de formation sp\u00e9cifique pour chacun des destinataires<\/p>\n<p>Collaborateurs\/trices: enseignants, personnel des \u00e9coles\u2026<\/p>\n<ul>\n<li><span style=\"text-decoration: underline;\">Initiation<\/span>: C\u2019est la premi\u00e8re \u00e9tape de pr\u00e9paration, qui s\u2019\u00e1dresse au nouveau personnel qui commence, on travaille \u00a0\u00a0\u00a0\u00a0 les contenus basiques en dimension; de mani\u00e8re individuelle avec les\u00a0conseils ( l\u2019assistance) des dirigeants..<\/li>\n<li><span style=\"text-decoration: underline;\">Diplom\u00e9 en p\u00e9dagogie de Calasanz<\/span>: Cette\u00a0proposition s\u2019adresse aux \u00e9ducateurs qui ont travaill\u00e9 au moins trois ans\u00a0dans nos \u00e9coles.<\/li>\n<li><span style=\"text-decoration: underline;\">Permanent<\/span>:C\u2019est l\u2019\u00e9tape de pr\u00e9paration\u00a0continue pour tout le personnel, elle se fait de mani\u00e8re locale dans les centres \u00e9ducatifs. Elle correspond\u00a0\u00e0 un proc\u00e9d\u00e9 qui na\u00eet des besoins du personnel proprement dit dans son ensemble.<\/li>\n<\/ul>\n<p><span style=\"text-decoration: underline;\">Volontaires<\/span>:<\/p>\n<ul>\n<li>\u00a0<span style=\"text-decoration: underline;\">Stage local d\u2019innitiation<\/span>: C\u2018est la premi\u00e8re\u00a0\u00e9tape de de pr\u00e9paration dirig\u00e9e \u00e0 de\u00a0personnes engag\u00e9es dans nos\u00a0projets.<\/li>\n<li>\u00a0<span style=\"text-decoration: underline;\">Basique (essentiel<\/span>): Il dure deux ans et\u00a0cherche le m\u00fbrissement de la personne.<\/li>\n<li>\u00a0Sp\u00e9cialisation: Il dure deux ans et son but est que les participants puissent acqu\u00e9rir la capacit\u00e9 de coordonner et accompagner\u00a0les proc\u00e9d\u00e9s de formation.<\/li>\n<li>\u00a0<span style=\"text-decoration: underline;\">Cours Avanc\u00e9 de Pastoral des jeunes<\/span>: C\u2019est une partie de la sp\u00e9cialisation, elle poursuit la compl\u00e9tion de la formation\u00a0des agents\u00a0 pastoreaux..<\/li>\n<\/ul>\n","protected":false},"excerpt":{"rendered":"<p>L\u2019\u00e9cole de formation: Itaka \u2013 Escolapios na\u00eet du besoin de former des agents \u00e9ducatifs et pastoreaux. Avec elle on esp\u00e8re capaciter les personnes qui appartienent aux \u00e9coles, volontaires de tous [&hellip;]<\/p>\n","protected":false},"author":46,"featured_media":7413,"parent":89,"menu_order":9,"comment_status":"closed","ping_status":"closed","template":"","meta":{"_et_pb_use_builder":"","_et_pb_old_content":"","_et_gb_content_width":"","footnotes":""},"class_list":["post-7410","page","type-page","status-publish","has-post-thumbnail","hentry"],"yoast_head":"<!-- This site is optimized with the Yoast SEO plugin v27.3 - https:\/\/yoast.com\/product\/yoast-seo-wordpress\/ -->\n<title>ITAKA-ESCOLAPIOS VENEZUELA<\/title>\n<meta name=\"description\" content=\"L\u2019\u00e9cole de formation: Itaka \u2013 Escolapios na\u00eet du besoin de former des agents \u00e9ducatifs et pastoreaux. Avec elle on esp\u00e8re capaciter les personnes qui appartienent aux \u00e9coles, volontaires de tous les projets, p\u00e8res, m\u00e8res et tous ceux qui sont engag\u00e9s avec nos projets. On a un plan de formation sp\u00e9cifique pour chacun des destinataires Collaborateurs\/trices:\u2026\" \/>\n<meta name=\"robots\" content=\"noindex, nofollow\" \/>\n<meta property=\"og:locale\" content=\"fr_FR\" \/>\n<meta property=\"og:type\" content=\"article\" \/>\n<meta property=\"og:title\" content=\"ITAKA-ESCOLAPIOS VENEZUELA\" \/>\n<meta property=\"og:description\" content=\"L\u2019\u00e9cole de formation: Itaka \u2013 Escolapios na\u00eet du besoin de former des agents \u00e9ducatifs et pastoreaux. Avec elle on esp\u00e8re capaciter les personnes qui appartienent aux \u00e9coles, volontaires de tous les projets, p\u00e8res, m\u00e8res et tous ceux qui sont engag\u00e9s avec nos projets. On a un plan de formation sp\u00e9cifique pour chacun des destinataires Collaborateurs\/trices:\u2026\" \/>\n<meta property=\"og:url\" content=\"https:\/\/www.itakaescolapios.org\/fr\/que-faisons-nous\/escuelas-de-educadores-y-educadoras-de-tiempo-libre\/itaka-escolapios-venezuela\/\" \/>\n<meta property=\"og:site_name\" content=\"Itaka-Escolapios\" \/>\n<meta property=\"article:modified_time\" content=\"2025-11-10T10:14:31+00:00\" \/>\n<meta property=\"og:image\" content=\"https:\/\/www.itakaescolapios.org\/wp-content\/uploads\/2013\/10\/75780_417867778272757_9866519_n.jpg\" \/>\n\t<meta property=\"og:image:width\" content=\"960\" \/>\n\t<meta property=\"og:image:height\" content=\"720\" \/>\n\t<meta property=\"og:image:type\" content=\"image\/jpeg\" \/>\n<meta name=\"twitter:card\" content=\"summary_large_image\" \/>\n<meta name=\"twitter:label1\" content=\"Dur\u00e9e de lecture estim\u00e9e\" \/>\n\t<meta name=\"twitter:data1\" content=\"2 minutes\" \/>\n<script type=\"application\/ld+json\" class=\"yoast-schema-graph\">{\"@context\":\"https:\\\/\\\/schema.org\",\"@graph\":[{\"@type\":\"WebPage\",\"@id\":\"https:\\\/\\\/www.itakaescolapios.org\\\/fr\\\/que-faisons-nous\\\/escuelas-de-educadores-y-educadoras-de-tiempo-libre\\\/itaka-escolapios-venezuela\\\/\",\"url\":\"https:\\\/\\\/www.itakaescolapios.org\\\/fr\\\/que-faisons-nous\\\/escuelas-de-educadores-y-educadoras-de-tiempo-libre\\\/itaka-escolapios-venezuela\\\/\",\"name\":\"ESCUELA DE EDUCADORES ESCOLAPIOS VENEZUELA - Itaka-Escolapios\",\"isPartOf\":{\"@id\":\"https:\\\/\\\/www.itakaescolapios.org\\\/es\\\/#website\"},\"primaryImageOfPage\":{\"@id\":\"https:\\\/\\\/www.itakaescolapios.org\\\/fr\\\/que-faisons-nous\\\/escuelas-de-educadores-y-educadoras-de-tiempo-libre\\\/itaka-escolapios-venezuela\\\/#primaryimage\"},\"image\":{\"@id\":\"https:\\\/\\\/www.itakaescolapios.org\\\/fr\\\/que-faisons-nous\\\/escuelas-de-educadores-y-educadoras-de-tiempo-libre\\\/itaka-escolapios-venezuela\\\/#primaryimage\"},\"thumbnailUrl\":\"https:\\\/\\\/www.itakaescolapios.org\\\/wp-content\\\/uploads\\\/2013\\\/10\\\/75780_417867778272757_9866519_n.jpg\",\"datePublished\":\"2013-10-02T09:46:52+00:00\",\"dateModified\":\"2025-11-10T10:14:31+00:00\",\"breadcrumb\":{\"@id\":\"https:\\\/\\\/www.itakaescolapios.org\\\/fr\\\/que-faisons-nous\\\/escuelas-de-educadores-y-educadoras-de-tiempo-libre\\\/itaka-escolapios-venezuela\\\/#breadcrumb\"},\"inLanguage\":\"fr-FR\",\"potentialAction\":[{\"@type\":\"ReadAction\",\"target\":[\"https:\\\/\\\/www.itakaescolapios.org\\\/fr\\\/que-faisons-nous\\\/escuelas-de-educadores-y-educadoras-de-tiempo-libre\\\/itaka-escolapios-venezuela\\\/\"]}]},{\"@type\":\"ImageObject\",\"inLanguage\":\"fr-FR\",\"@id\":\"https:\\\/\\\/www.itakaescolapios.org\\\/fr\\\/que-faisons-nous\\\/escuelas-de-educadores-y-educadoras-de-tiempo-libre\\\/itaka-escolapios-venezuela\\\/#primaryimage\",\"url\":\"https:\\\/\\\/www.itakaescolapios.org\\\/wp-content\\\/uploads\\\/2013\\\/10\\\/75780_417867778272757_9866519_n.jpg\",\"contentUrl\":\"https:\\\/\\\/www.itakaescolapios.org\\\/wp-content\\\/uploads\\\/2013\\\/10\\\/75780_417867778272757_9866519_n.jpg\",\"width\":\"960\",\"height\":\"720\"},{\"@type\":\"BreadcrumbList\",\"@id\":\"https:\\\/\\\/www.itakaescolapios.org\\\/fr\\\/que-faisons-nous\\\/escuelas-de-educadores-y-educadoras-de-tiempo-libre\\\/itaka-escolapios-venezuela\\\/#breadcrumb\",\"itemListElement\":[{\"@type\":\"ListItem\",\"position\":1,\"name\":\"Itaka-Escolapios\",\"item\":\"https:\\\/\\\/www.itakaescolapios.org\\\/es\\\/\"},{\"@type\":\"ListItem\",\"position\":2,\"name\":\"Que faisons-nous\",\"item\":\"https:\\\/\\\/www.itakaescolapios.org\\\/es\\\/que-hacemos\\\/\"},{\"@type\":\"ListItem\",\"position\":3,\"name\":\"\u00c9coles pour \u00e9ducateurs\",\"item\":\"https:\\\/\\\/www.itakaescolapios.org\\\/es\\\/que-hacemos\\\/escuelas-de-educadores-y-educadoras-de-tiempo-libre\\\/\"},{\"@type\":\"ListItem\",\"position\":4,\"name\":\"ITAKA-ESCOLAPIOS VENEZUELA\"}]},{\"@type\":\"WebSite\",\"@id\":\"https:\\\/\\\/www.itakaescolapios.org\\\/fr\\\/es\\\/#website\",\"url\":\"https:\\\/\\\/www.itakaescolapios.org\\\/fr\\\/es\\\/\",\"name\":\"Itaka-Escolapios\",\"description\":\"Red de Itaka-Escolapios\",\"publisher\":{\"@id\":\"https:\\\/\\\/www.itakaescolapios.org\\\/fr\\\/es\\\/#organization\"},\"potentialAction\":[{\"@type\":\"SearchAction\",\"target\":{\"@type\":\"EntryPoint\",\"urlTemplate\":\"https:\\\/\\\/www.itakaescolapios.org\\\/fr\\\/es\\\/?s={search_term_string}\"},\"query-input\":{\"@type\":\"PropertyValueSpecification\",\"valueRequired\":true,\"valueName\":\"search_term_string\"}}],\"inLanguage\":\"fr-FR\"},{\"@type\":\"Organization\",\"@id\":\"https:\\\/\\\/www.itakaescolapios.org\\\/fr\\\/es\\\/#organization\",\"name\":\"Fundaci\u00f3 Itaka-Escolapios\",\"url\":\"https:\\\/\\\/www.itakaescolapios.org\\\/fr\\\/es\\\/\",\"logo\":{\"@type\":\"ImageObject\",\"inLanguage\":\"fr-FR\",\"@id\":\"https:\\\/\\\/www.itakaescolapios.org\\\/fr\\\/es\\\/#\\\/schema\\\/logo\\\/image\\\/\",\"url\":\"https:\\\/\\\/www.itakaescolapios.org\\\/wp-content\\\/uploads\\\/2024\\\/04\\\/Logo-itakaescolapios-peque.png\",\"contentUrl\":\"https:\\\/\\\/www.itakaescolapios.org\\\/wp-content\\\/uploads\\\/2024\\\/04\\\/Logo-itakaescolapios-peque.png\",\"width\":500,\"height\":199,\"caption\":\"Fundaci\u00f3 Itaka-Escolapios\"},\"image\":{\"@id\":\"https:\\\/\\\/www.itakaescolapios.org\\\/fr\\\/es\\\/#\\\/schema\\\/logo\\\/image\\\/\"}}]}<\/script>\n<!-- \/ Yoast SEO plugin. -->","yoast_head_json":{"title":"ITAKA-ESCOLAPIOS VENEZUELA","description":"L\u2019\u00e9cole de formation: Itaka \u2013 Escolapios na\u00eet du besoin de former des agents \u00e9ducatifs et pastoreaux. Avec elle on esp\u00e8re capaciter les personnes qui appartienent aux \u00e9coles, volontaires de tous les projets, p\u00e8res, m\u00e8res et tous ceux qui sont engag\u00e9s avec nos projets. On a un plan de formation sp\u00e9cifique pour chacun des destinataires Collaborateurs\/trices:\u2026","robots":{"index":"noindex","follow":"nofollow"},"og_locale":"fr_FR","og_type":"article","og_title":"ITAKA-ESCOLAPIOS VENEZUELA","og_description":"L\u2019\u00e9cole de formation: Itaka \u2013 Escolapios na\u00eet du besoin de former des agents \u00e9ducatifs et pastoreaux. Avec elle on esp\u00e8re capaciter les personnes qui appartienent aux \u00e9coles, volontaires de tous les projets, p\u00e8res, m\u00e8res et tous ceux qui sont engag\u00e9s avec nos projets. On a un plan de formation sp\u00e9cifique pour chacun des destinataires Collaborateurs\/trices:\u2026","og_url":"https:\/\/www.itakaescolapios.org\/fr\/que-faisons-nous\/escuelas-de-educadores-y-educadoras-de-tiempo-libre\/itaka-escolapios-venezuela\/","og_site_name":"Itaka-Escolapios","article_modified_time":"2025-11-10T10:14:31+00:00","og_image":[{"width":960,"height":720,"url":"https:\/\/www.itakaescolapios.org\/wp-content\/uploads\/2013\/10\/75780_417867778272757_9866519_n.jpg","type":"image\/jpeg"}],"twitter_card":"summary_large_image","twitter_misc":{"Dur\u00e9e de lecture estim\u00e9e":"2 minutes"},"schema":{"@context":"https:\/\/schema.org","@graph":[{"@type":"WebPage","@id":"https:\/\/www.itakaescolapios.org\/fr\/que-faisons-nous\/escuelas-de-educadores-y-educadoras-de-tiempo-libre\/itaka-escolapios-venezuela\/","url":"https:\/\/www.itakaescolapios.org\/fr\/que-faisons-nous\/escuelas-de-educadores-y-educadoras-de-tiempo-libre\/itaka-escolapios-venezuela\/","name":"ESCUELA DE EDUCADORES ESCOLAPIOS VENEZUELA - Itaka-Escolapios","isPartOf":{"@id":"https:\/\/www.itakaescolapios.org\/es\/#website"},"primaryImageOfPage":{"@id":"https:\/\/www.itakaescolapios.org\/fr\/que-faisons-nous\/escuelas-de-educadores-y-educadoras-de-tiempo-libre\/itaka-escolapios-venezuela\/#primaryimage"},"image":{"@id":"https:\/\/www.itakaescolapios.org\/fr\/que-faisons-nous\/escuelas-de-educadores-y-educadoras-de-tiempo-libre\/itaka-escolapios-venezuela\/#primaryimage"},"thumbnailUrl":"https:\/\/www.itakaescolapios.org\/wp-content\/uploads\/2013\/10\/75780_417867778272757_9866519_n.jpg","datePublished":"2013-10-02T09:46:52+00:00","dateModified":"2025-11-10T10:14:31+00:00","breadcrumb":{"@id":"https:\/\/www.itakaescolapios.org\/fr\/que-faisons-nous\/escuelas-de-educadores-y-educadoras-de-tiempo-libre\/itaka-escolapios-venezuela\/#breadcrumb"},"inLanguage":"fr-FR","potentialAction":[{"@type":"ReadAction","target":["https:\/\/www.itakaescolapios.org\/fr\/que-faisons-nous\/escuelas-de-educadores-y-educadoras-de-tiempo-libre\/itaka-escolapios-venezuela\/"]}]},{"@type":"ImageObject","inLanguage":"fr-FR","@id":"https:\/\/www.itakaescolapios.org\/fr\/que-faisons-nous\/escuelas-de-educadores-y-educadoras-de-tiempo-libre\/itaka-escolapios-venezuela\/#primaryimage","url":"https:\/\/www.itakaescolapios.org\/wp-content\/uploads\/2013\/10\/75780_417867778272757_9866519_n.jpg","contentUrl":"https:\/\/www.itakaescolapios.org\/wp-content\/uploads\/2013\/10\/75780_417867778272757_9866519_n.jpg","width":"960","height":"720"},{"@type":"BreadcrumbList","@id":"https:\/\/www.itakaescolapios.org\/fr\/que-faisons-nous\/escuelas-de-educadores-y-educadoras-de-tiempo-libre\/itaka-escolapios-venezuela\/#breadcrumb","itemListElement":[{"@type":"ListItem","position":1,"name":"Itaka-Escolapios","item":"https:\/\/www.itakaescolapios.org\/es\/"},{"@type":"ListItem","position":2,"name":"Que faisons-nous","item":"https:\/\/www.itakaescolapios.org\/es\/que-hacemos\/"},{"@type":"ListItem","position":3,"name":"\u00c9coles pour \u00e9ducateurs","item":"https:\/\/www.itakaescolapios.org\/es\/que-hacemos\/escuelas-de-educadores-y-educadoras-de-tiempo-libre\/"},{"@type":"ListItem","position":4,"name":"ITAKA-ESCOLAPIOS VENEZUELA"}]},{"@type":"WebSite","@id":"https:\/\/www.itakaescolapios.org\/fr\/es\/#website","url":"https:\/\/www.itakaescolapios.org\/fr\/es\/","name":"Itaka-Escolapios","description":"Red de Itaka-Escolapios","publisher":{"@id":"https:\/\/www.itakaescolapios.org\/fr\/es\/#organization"},"potentialAction":[{"@type":"SearchAction","target":{"@type":"EntryPoint","urlTemplate":"https:\/\/www.itakaescolapios.org\/fr\/es\/?s={search_term_string}"},"query-input":{"@type":"PropertyValueSpecification","valueRequired":true,"valueName":"search_term_string"}}],"inLanguage":"fr-FR"},{"@type":"Organization","@id":"https:\/\/www.itakaescolapios.org\/fr\/es\/#organization","name":"Fundaci\u00f3 Itaka-Escolapios","url":"https:\/\/www.itakaescolapios.org\/fr\/es\/","logo":{"@type":"ImageObject","inLanguage":"fr-FR","@id":"https:\/\/www.itakaescolapios.org\/fr\/es\/#\/schema\/logo\/image\/","url":"https:\/\/www.itakaescolapios.org\/wp-content\/uploads\/2024\/04\/Logo-itakaescolapios-peque.png","contentUrl":"https:\/\/www.itakaescolapios.org\/wp-content\/uploads\/2024\/04\/Logo-itakaescolapios-peque.png","width":500,"height":199,"caption":"Fundaci\u00f3 Itaka-Escolapios"},"image":{"@id":"https:\/\/www.itakaescolapios.org\/fr\/es\/#\/schema\/logo\/image\/"}}]}},"_links":{"self":[{"href":"https:\/\/www.itakaescolapios.org\/fr\/wp-json\/wp\/v2\/pages\/7410","targetHints":{"allow":["GET"]}}],"collection":[{"href":"https:\/\/www.itakaescolapios.org\/fr\/wp-json\/wp\/v2\/pages"}],"about":[{"href":"https:\/\/www.itakaescolapios.org\/fr\/wp-json\/wp\/v2\/types\/page"}],"author":[{"embeddable":true,"href":"https:\/\/www.itakaescolapios.org\/fr\/wp-json\/wp\/v2\/users\/46"}],"replies":[{"embeddable":true,"href":"https:\/\/www.itakaescolapios.org\/fr\/wp-json\/wp\/v2\/comments?post=7410"}],"version-history":[{"count":30,"href":"https:\/\/www.itakaescolapios.org\/fr\/wp-json\/wp\/v2\/pages\/7410\/revisions"}],"predecessor-version":[{"id":49422,"href":"https:\/\/www.itakaescolapios.org\/fr\/wp-json\/wp\/v2\/pages\/7410\/revisions\/49422"}],"up":[{"embeddable":true,"href":"https:\/\/www.itakaescolapios.org\/fr\/wp-json\/wp\/v2\/pages\/89"}],"wp:featuredmedia":[{"embeddable":true,"href":"https:\/\/www.itakaescolapios.org\/fr\/wp-json\/wp\/v2\/media\/7413"}],"wp:attachment":[{"href":"https:\/\/www.itakaescolapios.org\/fr\/wp-json\/wp\/v2\/media?parent=7410"}],"curies":[{"name":"wp","href":"https:\/\/api.w.org\/{rel}","templated":true}]}}