{"id":7547,"date":"2013-10-23T15:15:01","date_gmt":"2013-10-23T14:15:01","guid":{"rendered":"https:\/\/www.itakaescolapios.org\/?page_id=7547"},"modified":"2023-11-28T12:39:15","modified_gmt":"2023-11-28T11:39:15","slug":"recordando-la-campana-la-educacion-multiplica-el-futuro","status":"publish","type":"page","link":"https:\/\/www.itakaescolapios.org\/fr\/campanas\/estamos-por-ti-educamos-contigo\/recordando-la-campana-la-educacion-multiplica-el-futuro\/","title":{"rendered":"Rappel de la campagna 2012-2013: \"L\u00b4education assure le futur\""},"content":{"rendered":"<p><img decoding=\"async\" alt=\"Morocomarca\" src=\"https:\/\/www.itakaescolapios.org\/wp-content\/uploads\/2013\/10\/Morocomarca.jpg\" width=\"546\" height=\"347\" \/><\/p>\n<p>L&rsquo;ann\u00e9e derni\u00e8re, \u00e0 travers la campagne de solidarit\u00e9 \u00ab\u00a0L&rsquo;\u00e9ducation assure le futur\u00a0\u00bb, nous voulions faire un bond en avant dans notre engagement en faveur de l&rsquo;\u00e9ducation dans le monde. Nous travaillons au rapprochement de la r\u00e9alit\u00e9 des diff\u00e9rents lieux dans lesquels les \u00c9coles Pies sont pr\u00e9sentes, sp\u00e9cialement ceux qui rencontrent plus de difficult\u00e9s, mais o\u00f9 l&rsquo;\u00e9ducation est particuli\u00e8rement primordiale. De nouveau, nous avons canalis\u00e9 notre solidarit\u00e9 \u00e0 travers du r\u00e9seau d&rsquo;Itaka-Escolapios, aux projets n\u00e9cessiteux dans d&rsquo;autres pays, projets avec lesquels ce objectif majeur progressivement se fait r\u00e9alit\u00e9 : un monde dans lequel il n&rsquo;y a aucun enfant, gar\u00e7on ou fille, non scolaris\u00e9.<\/p>\n<p>Pour la premi\u00e8re fois, les centres \u00e9ducatifs de deux des provinces de la circonscription espagnole des \u00c9coles Pies, EMAUS et BETANIA, ont particip\u00e9 dans une m\u00eame campagne. Une th\u00e8me, quelques mat\u00e9riels, un lien Internet,&#8230; pour plus de 27.000 \u00e9l\u00e8ves, filles et gar\u00e7ons de trente-quatre coll\u00e8ges. Dans vingt-sept villes et villages d&rsquo;Aragon, des Asturies, des Canaries, de Cantabrie, de la Castille la Mancha, de la Castille L\u00e9on, la Communaut\u00e9 Valenciennoise, la Galice, la Communaut\u00e9 Autonome de Madrid, la Navarre et le Pays Basque, \u00e9tait pr\u00e9sent le crayon avec la devise \u00ab\u00a0l&rsquo;\u00c9DUCATION MULTIPLIE L&rsquo;AVENIR\u00a0\u00bb.<\/p>\n<p>En travaillant dans les salles de classe, nous sommes devenus conscients sur comment l&rsquo;acc\u00e8s \u00e0 une \u00e9ducation \u00ab\u00a0\u00e9claire chaque pas accompli vers une vie meilleure, surtout pour les pauvres et les plus vuln\u00e9rables\u00a0\u00bb. (Rapport de l&rsquo;Unesco \u00ab\u00a0l&rsquo;\u00e9ducation transforme nos existences\u00a0\u00bb).<\/p>\n<p>&nbsp;<\/p>\n<p>Nous qui b\u00e9n\u00e9ficions d&rsquo;un environnement \u00e9ducatif favorable, nous oublions souvent ce qui peut signifier ne pas avoir cette opportunit\u00e9 parce que nous n&rsquo;avons jamais fait face \u00e0 une situation similaire. Comme pr\u00e9sent\u00e9 dans le rapport de l&rsquo;UNESCO, cit\u00e9 ci-dessus, \u00ab\u00a0l\u2019extraordinaire capacit\u00e9 de l\u2019\u00e9ducation \u00e0 servir de catalyseur pour r\u00e9aliser les objectifs g\u00e9n\u00e9raux du d\u00e9veloppement ne s\u2019exerce pleinement que lorsque l\u2019\u00e9ducation est \u00e9quitable. Des efforts particuliers doivent donc \u00eatre d\u00e9ploy\u00e9s pour garantir que tous les enfants et les jeunes \u2013 quels que soient leur revenu familial, le lieu o\u00f9 ils vivent, leur genre, leur origine ethnique ou leur handicap \u00e9ventuel \u2013 puissent b\u00e9n\u00e9ficier \u00e0 \u00e9galit\u00e9 de cette capacit\u00e9 de l\u2019\u00e9ducation \u00e0 transformer nos existences. L\u2019\u00e9ducation est en particulier source d\u2019autonomisation pour les filles et les jeunes femmes, parce qu\u2019elle augmente leurs chances de trouver un emploi, de rester en bonne sant\u00e9 et de participer pleinement \u00e0 la vie de la soci\u00e9t\u00e9. Elle donne aussi plus de chances \u00e0 leurs enfants de vivre des vies saines.\u00a0\u00bb<\/p>\n<p>La sensibilisation \u00e0 travers \u00ab\u00a0L&rsquo;\u00e9ducation n&rsquo;est pas un conte\u00a0\u00bb ou \u00ab\u00a0Comment est ton \u00e9cole\u00a0\u00bb nous a permis de conna\u00eetre les enfants, filles et gar\u00e7ons comme Landry, Eugenio ou Leticia, des endroits si lointains et \u00e0 la fois tellement n\u00f4tres comme l&rsquo;Inde, le Cameroun, la Bolivie, le Venezuela ou la R\u00e9publique Dominicaine qui luttent quotidiennement pour quelque chose d&rsquo;aussi \u00e9l\u00e9mentaire que le droit \u00e0 l&rsquo;\u00e9ducation.<\/p>\n<p>En nous prenant en photos avec le crayon g\u00e9ant qui symbolisait cette campagne, nous nous sommes jumel\u00e9s avec des \u00e9coles piaristes, des villes et des pays, tout en \u00e9tant capables d&rsquo;apporter une solidarit\u00e9 de ceux qui ont une \u00e9ducation garantie \u00e0 ceux qui doivent lutter au jour le jour pour l&rsquo;avoir. Une solidarit\u00e9 qui se refl\u00e8te, entre autres choses, dans les plus de 160.000 euros envoy\u00e9s (122.000 \u20ac canalis\u00e9s \u00e0 travers d&rsquo;Itaka-Escolapios et 38.000 \u20ac par de FUNESO) pour appuyer des projets \u00e9ducatifs de neuf pays dans lesquels les \u00c9coles Pies sont pr\u00e9sentes: Bolivie, Cameroun, Inde, Venezuela, R\u00e9publique Dominicaine, Nicaragua, Costa Rica, Guin\u00e9e \u00c9quatoriale et Gabon.<\/p>\n<p>&nbsp;<\/p>\n","protected":false},"excerpt":{"rendered":"<p>L&rsquo;ann\u00e9e derni\u00e8re, \u00e0 travers la campagne de solidarit\u00e9 \u00ab\u00a0L&rsquo;\u00e9ducation assure le futur\u00a0\u00bb, nous voulions faire un bond en avant dans notre engagement en faveur de l&rsquo;\u00e9ducation dans le monde. Nous [&hellip;]<\/p>\n","protected":false},"author":46,"featured_media":0,"parent":7545,"menu_order":1,"comment_status":"closed","ping_status":"closed","template":"","meta":{"_et_pb_use_builder":"","_et_pb_old_content":"","_et_gb_content_width":"","footnotes":""},"class_list":["post-7547","page","type-page","status-publish","hentry"],"yoast_head":"<!-- This site is optimized with the Yoast SEO plugin v27.3 - https:\/\/yoast.com\/product\/yoast-seo-wordpress\/ -->\n<title>Rappel de la campagna 2012-2013: &quot;L\u00b4education assure le futur&quot;<\/title>\n<meta name=\"description\" content=\"L&#039;ann\u00e9e derni\u00e8re, \u00e0 travers la campagne de solidarit\u00e9 &quot;L&#039;\u00e9ducation assure le futur&quot;, nous voulions faire un bond en avant dans notre engagement en faveur de l&#039;\u00e9ducation dans le monde. Nous travaillons au rapprochement de la r\u00e9alit\u00e9 des diff\u00e9rents lieux dans lesquels les \u00c9coles Pies sont pr\u00e9sentes, sp\u00e9cialement ceux qui rencontrent plus de difficult\u00e9s, mais o\u00f9\u2026\" \/>\n<meta name=\"robots\" content=\"index, follow, max-snippet:-1, max-image-preview:large, max-video-preview:-1\" \/>\n<link rel=\"canonical\" href=\"http:\/\/L'ann\u00e9e%20derni\u00e8re,%20\u00e0%20travers%20la%20campagne%20de%20solidarit\u00e9%20L'\u00e9ducation%20assure%20le%20futur,%20nous%20voulions%20faire%20un%20bond%20en%20avant%20dans%20notre%20engagement%20en%20faveur%20de%20l'\u00e9ducation%20dans%20le%20monde.%20Nous%20travaillons%20au%20rapprochement%20de%20la%20r\u00e9alit\u00e9%20des%20diff\u00e9rents%20lieux%20dans%20lesquels%20les%20\u00c9coles%20Pies%20sont%20pr\u00e9sentes,%20sp\u00e9cialement%20ceux%20qui%20rencontrent%20plus%20de%20difficult\u00e9s,%20mais%20o\u00f9\u2026\" \/>\n<meta property=\"og:locale\" content=\"fr_FR\" \/>\n<meta property=\"og:type\" content=\"article\" \/>\n<meta property=\"og:title\" content=\"Rappel de la campagna 2012-2013: &quot;L\u00b4education assure le futur&quot;\" \/>\n<meta property=\"og:description\" content=\"L&#039;ann\u00e9e derni\u00e8re, \u00e0 travers la campagne de solidarit\u00e9 &quot;L&#039;\u00e9ducation assure le futur&quot;, nous voulions faire un bond en avant dans notre engagement en faveur de l&#039;\u00e9ducation dans le monde. Nous travaillons au rapprochement de la r\u00e9alit\u00e9 des diff\u00e9rents lieux dans lesquels les \u00c9coles Pies sont pr\u00e9sentes, sp\u00e9cialement ceux qui rencontrent plus de difficult\u00e9s, mais o\u00f9\u2026\" \/>\n<meta property=\"og:url\" content=\"https:\/\/www.itakaescolapios.org\/fr\/campanas\/estamos-por-ti-educamos-contigo\/recordando-la-campana-la-educacion-multiplica-el-futuro\/\" \/>\n<meta property=\"og:site_name\" content=\"Itaka-Escolapios\" \/>\n<meta property=\"article:modified_time\" content=\"2023-11-28T11:39:15+00:00\" \/>\n<meta property=\"og:image\" content=\"https:\/\/www.itakaescolapios.org\/wp-content\/uploads\/2013\/10\/Morocomarca.jpg\" \/>\n\t<meta property=\"og:image:width\" content=\"546\" \/>\n\t<meta property=\"og:image:height\" content=\"347\" \/>\n\t<meta property=\"og:image:type\" content=\"image\/jpeg\" \/>\n<meta name=\"twitter:card\" content=\"summary_large_image\" \/>\n<meta name=\"twitter:label1\" content=\"Dur\u00e9e de lecture estim\u00e9e\" \/>\n\t<meta name=\"twitter:data1\" content=\"3 minutes\" \/>\n<script type=\"application\/ld+json\" class=\"yoast-schema-graph\">{\"@context\":\"https:\\\/\\\/schema.org\",\"@graph\":[{\"@type\":\"WebPage\",\"@id\":\"https:\\\/\\\/www.itakaescolapios.org\\\/fr\\\/campanas\\\/estamos-por-ti-educamos-contigo\\\/recordando-la-campana-la-educacion-multiplica-el-futuro\\\/\",\"url\":\"https:\\\/\\\/www.itakaescolapios.org\\\/fr\\\/campanas\\\/estamos-por-ti-educamos-contigo\\\/recordando-la-campana-la-educacion-multiplica-el-futuro\\\/\",\"name\":\"Recordando la campa\u00f1a: \\\"La educaci\u00f3n multiplica el futuro\\\" - Itaka-Escolapios\",\"isPartOf\":{\"@id\":\"https:\\\/\\\/www.itakaescolapios.org\\\/es\\\/#website\"},\"primaryImageOfPage\":{\"@id\":\"https:\\\/\\\/www.itakaescolapios.org\\\/fr\\\/campanas\\\/estamos-por-ti-educamos-contigo\\\/recordando-la-campana-la-educacion-multiplica-el-futuro\\\/#primaryimage\"},\"image\":{\"@id\":\"https:\\\/\\\/www.itakaescolapios.org\\\/fr\\\/campanas\\\/estamos-por-ti-educamos-contigo\\\/recordando-la-campana-la-educacion-multiplica-el-futuro\\\/#primaryimage\"},\"thumbnailUrl\":\"https:\\\/\\\/www.itakaescolapios.org\\\/wp-content\\\/uploads\\\/2013\\\/10\\\/Morocomarca.jpg\",\"datePublished\":\"2013-10-23T14:15:01+00:00\",\"dateModified\":\"2023-11-28T11:39:15+00:00\",\"breadcrumb\":{\"@id\":\"https:\\\/\\\/www.itakaescolapios.org\\\/fr\\\/campanas\\\/estamos-por-ti-educamos-contigo\\\/recordando-la-campana-la-educacion-multiplica-el-futuro\\\/#breadcrumb\"},\"inLanguage\":\"fr-FR\",\"potentialAction\":[{\"@type\":\"ReadAction\",\"target\":[\"https:\\\/\\\/www.itakaescolapios.org\\\/fr\\\/campanas\\\/estamos-por-ti-educamos-contigo\\\/recordando-la-campana-la-educacion-multiplica-el-futuro\\\/\"]}]},{\"@type\":\"ImageObject\",\"inLanguage\":\"fr-FR\",\"@id\":\"https:\\\/\\\/www.itakaescolapios.org\\\/fr\\\/campanas\\\/estamos-por-ti-educamos-contigo\\\/recordando-la-campana-la-educacion-multiplica-el-futuro\\\/#primaryimage\",\"url\":\"https:\\\/\\\/www.itakaescolapios.org\\\/wp-content\\\/uploads\\\/2013\\\/10\\\/Morocomarca.jpg\",\"contentUrl\":\"https:\\\/\\\/www.itakaescolapios.org\\\/wp-content\\\/uploads\\\/2013\\\/10\\\/Morocomarca.jpg\"},{\"@type\":\"BreadcrumbList\",\"@id\":\"https:\\\/\\\/www.itakaescolapios.org\\\/fr\\\/campanas\\\/estamos-por-ti-educamos-contigo\\\/recordando-la-campana-la-educacion-multiplica-el-futuro\\\/#breadcrumb\",\"itemListElement\":[{\"@type\":\"ListItem\",\"position\":1,\"name\":\"Itaka-Escolapios\",\"item\":\"https:\\\/\\\/www.itakaescolapios.org\\\/es\\\/\"},{\"@type\":\"ListItem\",\"position\":2,\"name\":\"Campagnes\",\"item\":\"https:\\\/\\\/www.itakaescolapios.org\\\/es\\\/campanas\\\/\"},{\"@type\":\"ListItem\",\"position\":3,\"name\":\"2013-2014 NOUS SOMMES L\u00c0 POUR TOI, NOUS \u00c9DUQUONS AVEC TOI\",\"item\":\"https:\\\/\\\/www.itakaescolapios.org\\\/es\\\/campanas\\\/estamos-por-ti-educamos-contigo\\\/\"},{\"@type\":\"ListItem\",\"position\":4,\"name\":\"Rappel de la campagna 2012-2013: \\\"L\u00b4education assure le futur\\\"\"}]},{\"@type\":\"WebSite\",\"@id\":\"https:\\\/\\\/www.itakaescolapios.org\\\/fr\\\/es\\\/#website\",\"url\":\"https:\\\/\\\/www.itakaescolapios.org\\\/fr\\\/es\\\/\",\"name\":\"Itaka-Escolapios\",\"description\":\"Red de Itaka-Escolapios\",\"publisher\":{\"@id\":\"https:\\\/\\\/www.itakaescolapios.org\\\/fr\\\/es\\\/#organization\"},\"potentialAction\":[{\"@type\":\"SearchAction\",\"target\":{\"@type\":\"EntryPoint\",\"urlTemplate\":\"https:\\\/\\\/www.itakaescolapios.org\\\/fr\\\/es\\\/?s={search_term_string}\"},\"query-input\":{\"@type\":\"PropertyValueSpecification\",\"valueRequired\":true,\"valueName\":\"search_term_string\"}}],\"inLanguage\":\"fr-FR\"},{\"@type\":\"Organization\",\"@id\":\"https:\\\/\\\/www.itakaescolapios.org\\\/fr\\\/es\\\/#organization\",\"name\":\"Fundaci\u00f3 Itaka-Escolapios\",\"url\":\"https:\\\/\\\/www.itakaescolapios.org\\\/fr\\\/es\\\/\",\"logo\":{\"@type\":\"ImageObject\",\"inLanguage\":\"fr-FR\",\"@id\":\"https:\\\/\\\/www.itakaescolapios.org\\\/fr\\\/es\\\/#\\\/schema\\\/logo\\\/image\\\/\",\"url\":\"https:\\\/\\\/www.itakaescolapios.org\\\/wp-content\\\/uploads\\\/2024\\\/04\\\/Logo-itakaescolapios-peque.png\",\"contentUrl\":\"https:\\\/\\\/www.itakaescolapios.org\\\/wp-content\\\/uploads\\\/2024\\\/04\\\/Logo-itakaescolapios-peque.png\",\"width\":500,\"height\":199,\"caption\":\"Fundaci\u00f3 Itaka-Escolapios\"},\"image\":{\"@id\":\"https:\\\/\\\/www.itakaescolapios.org\\\/fr\\\/es\\\/#\\\/schema\\\/logo\\\/image\\\/\"}}]}<\/script>\n<!-- \/ Yoast SEO plugin. -->","yoast_head_json":{"title":"Rappel de la campagna 2012-2013: \"L\u00b4education assure le futur\"","description":"L'ann\u00e9e derni\u00e8re, \u00e0 travers la campagne de solidarit\u00e9 \"L'\u00e9ducation assure le futur\", nous voulions faire un bond en avant dans notre engagement en faveur de l'\u00e9ducation dans le monde. Nous travaillons au rapprochement de la r\u00e9alit\u00e9 des diff\u00e9rents lieux dans lesquels les \u00c9coles Pies sont pr\u00e9sentes, sp\u00e9cialement ceux qui rencontrent plus de difficult\u00e9s, mais o\u00f9\u2026","robots":{"index":"index","follow":"follow","max-snippet":"max-snippet:-1","max-image-preview":"max-image-preview:large","max-video-preview":"max-video-preview:-1"},"canonical":"L'ann\u00e9e derni\u00e8re, \u00e0 travers la campagne de solidarit\u00e9 \"L'\u00e9ducation assure le futur\", nous voulions faire un bond en avant dans notre engagement en faveur de l'\u00e9ducation dans le monde. Nous travaillons au rapprochement de la r\u00e9alit\u00e9 des diff\u00e9rents lieux dans lesquels les \u00c9coles Pies sont pr\u00e9sentes, sp\u00e9cialement ceux qui rencontrent plus de difficult\u00e9s, mais o\u00f9\u2026","og_locale":"fr_FR","og_type":"article","og_title":"Rappel de la campagna 2012-2013: \"L\u00b4education assure le futur\"","og_description":"L'ann\u00e9e derni\u00e8re, \u00e0 travers la campagne de solidarit\u00e9 \"L'\u00e9ducation assure le futur\", nous voulions faire un bond en avant dans notre engagement en faveur de l'\u00e9ducation dans le monde. Nous travaillons au rapprochement de la r\u00e9alit\u00e9 des diff\u00e9rents lieux dans lesquels les \u00c9coles Pies sont pr\u00e9sentes, sp\u00e9cialement ceux qui rencontrent plus de difficult\u00e9s, mais o\u00f9\u2026","og_url":"https:\/\/www.itakaescolapios.org\/fr\/campanas\/estamos-por-ti-educamos-contigo\/recordando-la-campana-la-educacion-multiplica-el-futuro\/","og_site_name":"Itaka-Escolapios","article_modified_time":"2023-11-28T11:39:15+00:00","og_image":[{"width":546,"height":347,"url":"https:\/\/www.itakaescolapios.org\/wp-content\/uploads\/2013\/10\/Morocomarca.jpg","type":"image\/jpeg"}],"twitter_card":"summary_large_image","twitter_misc":{"Dur\u00e9e de lecture estim\u00e9e":"3 minutes"},"schema":{"@context":"https:\/\/schema.org","@graph":[{"@type":"WebPage","@id":"https:\/\/www.itakaescolapios.org\/fr\/campanas\/estamos-por-ti-educamos-contigo\/recordando-la-campana-la-educacion-multiplica-el-futuro\/","url":"https:\/\/www.itakaescolapios.org\/fr\/campanas\/estamos-por-ti-educamos-contigo\/recordando-la-campana-la-educacion-multiplica-el-futuro\/","name":"Recordando la campa\u00f1a: \"La educaci\u00f3n multiplica el futuro\" - Itaka-Escolapios","isPartOf":{"@id":"https:\/\/www.itakaescolapios.org\/es\/#website"},"primaryImageOfPage":{"@id":"https:\/\/www.itakaescolapios.org\/fr\/campanas\/estamos-por-ti-educamos-contigo\/recordando-la-campana-la-educacion-multiplica-el-futuro\/#primaryimage"},"image":{"@id":"https:\/\/www.itakaescolapios.org\/fr\/campanas\/estamos-por-ti-educamos-contigo\/recordando-la-campana-la-educacion-multiplica-el-futuro\/#primaryimage"},"thumbnailUrl":"https:\/\/www.itakaescolapios.org\/wp-content\/uploads\/2013\/10\/Morocomarca.jpg","datePublished":"2013-10-23T14:15:01+00:00","dateModified":"2023-11-28T11:39:15+00:00","breadcrumb":{"@id":"https:\/\/www.itakaescolapios.org\/fr\/campanas\/estamos-por-ti-educamos-contigo\/recordando-la-campana-la-educacion-multiplica-el-futuro\/#breadcrumb"},"inLanguage":"fr-FR","potentialAction":[{"@type":"ReadAction","target":["https:\/\/www.itakaescolapios.org\/fr\/campanas\/estamos-por-ti-educamos-contigo\/recordando-la-campana-la-educacion-multiplica-el-futuro\/"]}]},{"@type":"ImageObject","inLanguage":"fr-FR","@id":"https:\/\/www.itakaescolapios.org\/fr\/campanas\/estamos-por-ti-educamos-contigo\/recordando-la-campana-la-educacion-multiplica-el-futuro\/#primaryimage","url":"https:\/\/www.itakaescolapios.org\/wp-content\/uploads\/2013\/10\/Morocomarca.jpg","contentUrl":"https:\/\/www.itakaescolapios.org\/wp-content\/uploads\/2013\/10\/Morocomarca.jpg"},{"@type":"BreadcrumbList","@id":"https:\/\/www.itakaescolapios.org\/fr\/campanas\/estamos-por-ti-educamos-contigo\/recordando-la-campana-la-educacion-multiplica-el-futuro\/#breadcrumb","itemListElement":[{"@type":"ListItem","position":1,"name":"Itaka-Escolapios","item":"https:\/\/www.itakaescolapios.org\/es\/"},{"@type":"ListItem","position":2,"name":"Campagnes","item":"https:\/\/www.itakaescolapios.org\/es\/campanas\/"},{"@type":"ListItem","position":3,"name":"2013-2014 NOUS SOMMES L\u00c0 POUR TOI, NOUS \u00c9DUQUONS AVEC TOI","item":"https:\/\/www.itakaescolapios.org\/es\/campanas\/estamos-por-ti-educamos-contigo\/"},{"@type":"ListItem","position":4,"name":"Rappel de la campagna 2012-2013: \"L\u00b4education assure le futur\""}]},{"@type":"WebSite","@id":"https:\/\/www.itakaescolapios.org\/fr\/es\/#website","url":"https:\/\/www.itakaescolapios.org\/fr\/es\/","name":"Itaka-Escolapios","description":"Red de Itaka-Escolapios","publisher":{"@id":"https:\/\/www.itakaescolapios.org\/fr\/es\/#organization"},"potentialAction":[{"@type":"SearchAction","target":{"@type":"EntryPoint","urlTemplate":"https:\/\/www.itakaescolapios.org\/fr\/es\/?s={search_term_string}"},"query-input":{"@type":"PropertyValueSpecification","valueRequired":true,"valueName":"search_term_string"}}],"inLanguage":"fr-FR"},{"@type":"Organization","@id":"https:\/\/www.itakaescolapios.org\/fr\/es\/#organization","name":"Fundaci\u00f3 Itaka-Escolapios","url":"https:\/\/www.itakaescolapios.org\/fr\/es\/","logo":{"@type":"ImageObject","inLanguage":"fr-FR","@id":"https:\/\/www.itakaescolapios.org\/fr\/es\/#\/schema\/logo\/image\/","url":"https:\/\/www.itakaescolapios.org\/wp-content\/uploads\/2024\/04\/Logo-itakaescolapios-peque.png","contentUrl":"https:\/\/www.itakaescolapios.org\/wp-content\/uploads\/2024\/04\/Logo-itakaescolapios-peque.png","width":500,"height":199,"caption":"Fundaci\u00f3 Itaka-Escolapios"},"image":{"@id":"https:\/\/www.itakaescolapios.org\/fr\/es\/#\/schema\/logo\/image\/"}}]}},"_links":{"self":[{"href":"https:\/\/www.itakaescolapios.org\/fr\/wp-json\/wp\/v2\/pages\/7547","targetHints":{"allow":["GET"]}}],"collection":[{"href":"https:\/\/www.itakaescolapios.org\/fr\/wp-json\/wp\/v2\/pages"}],"about":[{"href":"https:\/\/www.itakaescolapios.org\/fr\/wp-json\/wp\/v2\/types\/page"}],"author":[{"embeddable":true,"href":"https:\/\/www.itakaescolapios.org\/fr\/wp-json\/wp\/v2\/users\/46"}],"replies":[{"embeddable":true,"href":"https:\/\/www.itakaescolapios.org\/fr\/wp-json\/wp\/v2\/comments?post=7547"}],"version-history":[{"count":16,"href":"https:\/\/www.itakaescolapios.org\/fr\/wp-json\/wp\/v2\/pages\/7547\/revisions"}],"predecessor-version":[{"id":49389,"href":"https:\/\/www.itakaescolapios.org\/fr\/wp-json\/wp\/v2\/pages\/7547\/revisions\/49389"}],"up":[{"embeddable":true,"href":"https:\/\/www.itakaescolapios.org\/fr\/wp-json\/wp\/v2\/pages\/7545"}],"wp:attachment":[{"href":"https:\/\/www.itakaescolapios.org\/fr\/wp-json\/wp\/v2\/media?parent=7547"}],"curies":[{"name":"wp","href":"https:\/\/api.w.org\/{rel}","templated":true}]}}