{"id":7565,"date":"2013-10-23T15:39:24","date_gmt":"2013-10-23T14:39:24","guid":{"rendered":"https:\/\/www.itakaescolapios.org\/?page_id=7565"},"modified":"2023-11-28T12:39:15","modified_gmt":"2023-11-28T11:39:15","slug":"superheroes-al-servicio-de-la-educacion","status":"publish","type":"page","link":"https:\/\/www.itakaescolapios.org\/fr\/campanas\/estamos-por-ti-educamos-contigo\/superheroes-al-servicio-de-la-educacion\/","title":{"rendered":"SUPERH\u00c9ROS AU SERVICE DE L'EDUCATION"},"content":{"rendered":"<p><img decoding=\"async\" class=\"alignleft\" alt=\"todos\" src=\"https:\/\/www.itakaescolapios.org\/wp-content\/uploads\/2013\/10\/todos-731x1024.jpg\" width=\"263\" height=\"368\" \/><\/p>\n<p>\u201cLES PORTI\u201d sont une bande de 5 superh\u00e9ros qui font le tour du monde sur leur main volante, pour apprendre \u00e0 tous les enfants, filles et gar\u00e7ons, que tous, nous avons un pouvoir int\u00e9rieur que nous devons d\u00e9couvrir et mettre au service des autres.<\/p>\n<p><a href=\"https:\/\/www.itakaescolapios.org\/wp-content\/uploads\/2013\/10\/VOYAGE.pdf\" target=\"_blank\"><b><i>VOYAGE<\/i><\/b><\/a><b><i>.<\/i><\/b><b>\u00a0<\/b>Il est le superh\u00e9ros aventurier, il adore d\u00e9couvrir d&rsquo;autres endroits et se faire de nouveaux amis. Il a le pouvoir de transmettre et de d\u00e9noncer tout ce qu&rsquo;il voit \u00e0 travers des photos, c&rsquo;est pourquoi il est toujours accompagn\u00e9 de son appareil photo. Quand il voyage, il partage le quotidien des villes, leurs f\u00eates, leurs traditions, il parle avec leurs habitants,&#8230; pour pouvoir ainsi le raconter.<\/p>\n<p><a href=\"https:\/\/www.itakaescolapios.org\/wp-content\/uploads\/2013\/10\/ERRUKI.pdf\" target=\"_blank\"><b><i>ERRUKI<\/i><\/b><\/a><b><i>\u00a0<\/i><\/b><i>(\u201cpi\u00e9t\u00e9\u201d en langue basque).\u00a0<\/i>Elle est la superh\u00e9ro\u00efne lumineuse, quand elle voit quelqu&rsquo;un triste ou pr\u00e9occup\u00e9, elle est capable de le remplir d&rsquo;esp\u00e9rance. Son pouvoir est dans son lampion car avec ce dernier elle peut illuminer tout lieu o\u00f9 il y a de l&rsquo;obscurit\u00e9.<\/p>\n<p><a href=\"https:\/\/www.itakaescolapios.org\/wp-content\/uploads\/2013\/10\/JOY.pdf\" target=\"_blank\"><b><i>JOY<\/i><\/b><\/a><b><i>\u00a0<\/i><\/b><i>(\u201call\u00e9gresse\u201d en anglais).<\/i><b>\u00a0<\/b>Il est le superh\u00e9ros \u00ab\u00a0bon blagueur\u00a0\u00bb, il affiche toujours un large sourire, transmettant de la joie. Pour lui tout a un c\u00f4t\u00e9 positif. Il adore jouer et apprendre aux gens \u00e0 s&rsquo;amuser. Il a le pouvoir de contaminer le sourire.<\/p>\n<p><a href=\"https:\/\/www.itakaescolapios.org\/wp-content\/uploads\/2013\/10\/CAP.pdf\" target=\"_blank\"><b><i>CAP<\/i><\/b><\/a><i>\u00a0<\/i><i>(\u201ct\u00eate\u201d en valencian).\u00a0<\/i>Il est le superh\u00e9ros le plus \u00e2g\u00e9, le savant, celui \u00e0 qui tous ont recours face \u00e0 n&rsquo;importe quel doute, parce que toute sa connaissance est au service des autres. Il est petit de taille et porte de grandes lunettes qui ont le pouvoir de retenir tout ce qu&rsquo;il observe et lit.<\/p>\n<p><a href=\"https:\/\/www.itakaescolapios.org\/wp-content\/uploads\/2013\/10\/TROCCO.pdf\" target=\"_blank\"><b>TROCO<\/b><\/a><b>\u00a0<\/b><i>(\u201cchangement\u201d en portugais).<\/i>\u00a0Il est le plus jeune des superh\u00e9ros. Rempli d&#8217;empathie, il sait se mettre \u00e0 la place de l&rsquo;autre. Son pouvoir est dans ses oreilles. Il est toujours accompagn\u00e9 de son t\u00e9l\u00e9phone pour \u00e9couter toute personne qui d\u00e9sire \u00eatre \u00e9cout\u00e9. Pour lui, savoir \u00e9couter lui permet de conna\u00eetre et de comprendre les autres.<\/p>\n<p><b>KIT DU SUPERH\u00c9ROS<\/b><\/p>\n<p>Dans les lignes qui suivent tu peux trouver les \u00e9l\u00e9ments de base utiles pour te d\u00e9guiser en superh\u00e9ros et te prendre en photo avec tes ami(e)s comme la bande de h\u00e9ros \u00ab\u00a0LES PORTI\u00a0\u00bb. D\u00e9guise-toi, transforme-toi en VOYAGE, ERRUKI, JOY, CAP ou TROCCO parce que tous, nous avons un don \u00e0 mettre au service des autres.<\/p>\n<p>(Documents en espagnol seulement)<\/p>\n<ul>\n<li><a href=\"https:\/\/www.itakaescolapios.org\/wp-content\/uploads\/2013\/10\/Mano-para-recortar.pdf\" target=\"_blank\">Descargar plantilla de la mano voladora<\/a><\/li>\n<li><a href=\"https:\/\/www.itakaescolapios.org\/wp-content\/uploads\/2013\/10\/Antifaces.pdf\" target=\"_blank\">Descargar plantillas para hacer antifaces<\/a><\/li>\n<li><a href=\"https:\/\/www.itakaescolapios.org\/wp-content\/uploads\/2013\/10\/Como-hacer-una-capa-de-superheroe.pdf\" target=\"_blank\">Descargar archivo para hacer una capa de superh\u00e9roe<\/a><\/li>\n<li><a href=\"https:\/\/www.itakaescolapios.org\/wp-content\/uploads\/2013\/10\/Plantilla-para-hacer-una-capa-de-superheroe.pdf\" target=\"_blank\">Descargar plantilla para hacer una capa de superh\u00e9roe<\/a><\/li>\n<\/ul>\n","protected":false},"excerpt":{"rendered":"<p>\u201cLES PORTI\u201d sont une bande de 5 superh\u00e9ros qui font le tour du monde sur leur main volante, pour apprendre \u00e0 tous les enfants, filles et gar\u00e7ons, que tous, nous [&hellip;]<\/p>\n","protected":false},"author":46,"featured_media":0,"parent":7545,"menu_order":5,"comment_status":"closed","ping_status":"closed","template":"","meta":{"_et_pb_use_builder":"","_et_pb_old_content":"","_et_gb_content_width":"","footnotes":""},"class_list":["post-7565","page","type-page","status-publish","hentry"],"yoast_head":"<!-- This site is optimized with the Yoast SEO plugin v27.3 - https:\/\/yoast.com\/product\/yoast-seo-wordpress\/ -->\n<title>SUPERH\u00c9ROS AU SERVICE DE L&#039;EDUCATION<\/title>\n<meta name=\"description\" content=\"\u201cLES PORTI\u201d sont une bande de 5 superh\u00e9ros qui font le tour du monde sur leur main volante, pour apprendre \u00e0 tous les enfants, filles et gar\u00e7ons, que tous, nous avons un pouvoir int\u00e9rieur que nous devons d\u00e9couvrir et mettre au service des autres. VOYAGE.\u00a0Il est le superh\u00e9ros aventurier, il adore d\u00e9couvrir d&#039;autres endroits et\u2026\" \/>\n<meta name=\"robots\" content=\"index, follow, max-snippet:-1, max-image-preview:large, max-video-preview:-1\" \/>\n<link rel=\"canonical\" href=\"http:\/\/\u201cLES%20PORTI\u201d%20sont%20une%20bande%20de%205%20superh\u00e9ros%20qui%20font%20le%20tour%20du%20monde%20sur%20leur%20main%20volante,%20pour%20apprendre%20\u00e0%20tous%20les%20enfants,%20filles%20et%20gar\u00e7ons,%20que%20tous,%20nous%20avons%20un%20pouvoir%20int\u00e9rieur%20que%20nous%20devons%20d\u00e9couvrir%20et%20mettre%20au%20service%20des%20autres.%20VOYAGE.\u00a0Il%20est%20le%20superh\u00e9ros%20aventurier,%20il%20adore%20d\u00e9couvrir%20d'autres%20endroits%20et\u2026\" \/>\n<meta property=\"og:locale\" content=\"fr_FR\" \/>\n<meta property=\"og:type\" content=\"article\" \/>\n<meta property=\"og:title\" content=\"SUPERH\u00c9ROS AU SERVICE DE L&#039;EDUCATION\" \/>\n<meta property=\"og:description\" content=\"\u201cLES PORTI\u201d sont une bande de 5 superh\u00e9ros qui font le tour du monde sur leur main volante, pour apprendre \u00e0 tous les enfants, filles et gar\u00e7ons, que tous, nous avons un pouvoir int\u00e9rieur que nous devons d\u00e9couvrir et mettre au service des autres. VOYAGE.\u00a0Il est le superh\u00e9ros aventurier, il adore d\u00e9couvrir d&#039;autres endroits et\u2026\" \/>\n<meta property=\"og:url\" content=\"https:\/\/www.itakaescolapios.org\/fr\/campanas\/estamos-por-ti-educamos-contigo\/superheroes-al-servicio-de-la-educacion\/\" \/>\n<meta property=\"og:site_name\" content=\"Itaka-Escolapios\" \/>\n<meta property=\"article:modified_time\" content=\"2023-11-28T11:39:15+00:00\" \/>\n<meta property=\"og:image\" content=\"https:\/\/www.itakaescolapios.org\/wp-content\/uploads\/2013\/10\/todos.jpg\" \/>\n\t<meta property=\"og:image:width\" content=\"1071\" \/>\n\t<meta property=\"og:image:height\" content=\"1500\" \/>\n\t<meta property=\"og:image:type\" content=\"image\/jpeg\" \/>\n<meta name=\"twitter:card\" content=\"summary_large_image\" \/>\n<meta name=\"twitter:label1\" content=\"Dur\u00e9e de lecture estim\u00e9e\" \/>\n\t<meta name=\"twitter:data1\" content=\"2 minutes\" \/>\n<script type=\"application\/ld+json\" class=\"yoast-schema-graph\">{\"@context\":\"https:\\\/\\\/schema.org\",\"@graph\":[{\"@type\":\"WebPage\",\"@id\":\"https:\\\/\\\/www.itakaescolapios.org\\\/fr\\\/campanas\\\/estamos-por-ti-educamos-contigo\\\/superheroes-al-servicio-de-la-educacion\\\/\",\"url\":\"https:\\\/\\\/www.itakaescolapios.org\\\/fr\\\/campanas\\\/estamos-por-ti-educamos-contigo\\\/superheroes-al-servicio-de-la-educacion\\\/\",\"name\":\"SUPERH\u00c9ROES AL SERVICIO DE LA EDUCACI\u00d3N - Itaka-Escolapios\",\"isPartOf\":{\"@id\":\"https:\\\/\\\/www.itakaescolapios.org\\\/es\\\/#website\"},\"primaryImageOfPage\":{\"@id\":\"https:\\\/\\\/www.itakaescolapios.org\\\/fr\\\/campanas\\\/estamos-por-ti-educamos-contigo\\\/superheroes-al-servicio-de-la-educacion\\\/#primaryimage\"},\"image\":{\"@id\":\"https:\\\/\\\/www.itakaescolapios.org\\\/fr\\\/campanas\\\/estamos-por-ti-educamos-contigo\\\/superheroes-al-servicio-de-la-educacion\\\/#primaryimage\"},\"thumbnailUrl\":\"https:\\\/\\\/www.itakaescolapios.org\\\/wp-content\\\/uploads\\\/2013\\\/10\\\/todos-731x1024.jpg\",\"datePublished\":\"2013-10-23T14:39:24+00:00\",\"dateModified\":\"2023-11-28T11:39:15+00:00\",\"breadcrumb\":{\"@id\":\"https:\\\/\\\/www.itakaescolapios.org\\\/fr\\\/campanas\\\/estamos-por-ti-educamos-contigo\\\/superheroes-al-servicio-de-la-educacion\\\/#breadcrumb\"},\"inLanguage\":\"fr-FR\",\"potentialAction\":[{\"@type\":\"ReadAction\",\"target\":[\"https:\\\/\\\/www.itakaescolapios.org\\\/fr\\\/campanas\\\/estamos-por-ti-educamos-contigo\\\/superheroes-al-servicio-de-la-educacion\\\/\"]}]},{\"@type\":\"ImageObject\",\"inLanguage\":\"fr-FR\",\"@id\":\"https:\\\/\\\/www.itakaescolapios.org\\\/fr\\\/campanas\\\/estamos-por-ti-educamos-contigo\\\/superheroes-al-servicio-de-la-educacion\\\/#primaryimage\",\"url\":\"https:\\\/\\\/www.itakaescolapios.org\\\/wp-content\\\/uploads\\\/2013\\\/10\\\/todos-731x1024.jpg\",\"contentUrl\":\"https:\\\/\\\/www.itakaescolapios.org\\\/wp-content\\\/uploads\\\/2013\\\/10\\\/todos-731x1024.jpg\"},{\"@type\":\"BreadcrumbList\",\"@id\":\"https:\\\/\\\/www.itakaescolapios.org\\\/fr\\\/campanas\\\/estamos-por-ti-educamos-contigo\\\/superheroes-al-servicio-de-la-educacion\\\/#breadcrumb\",\"itemListElement\":[{\"@type\":\"ListItem\",\"position\":1,\"name\":\"Itaka-Escolapios\",\"item\":\"https:\\\/\\\/www.itakaescolapios.org\\\/es\\\/\"},{\"@type\":\"ListItem\",\"position\":2,\"name\":\"Campagnes\",\"item\":\"https:\\\/\\\/www.itakaescolapios.org\\\/es\\\/campanas\\\/\"},{\"@type\":\"ListItem\",\"position\":3,\"name\":\"2013-2014 NOUS SOMMES L\u00c0 POUR TOI, NOUS \u00c9DUQUONS AVEC TOI\",\"item\":\"https:\\\/\\\/www.itakaescolapios.org\\\/es\\\/campanas\\\/estamos-por-ti-educamos-contigo\\\/\"},{\"@type\":\"ListItem\",\"position\":4,\"name\":\"SUPERH\u00c9ROS AU SERVICE DE L'EDUCATION\"}]},{\"@type\":\"WebSite\",\"@id\":\"https:\\\/\\\/www.itakaescolapios.org\\\/fr\\\/es\\\/#website\",\"url\":\"https:\\\/\\\/www.itakaescolapios.org\\\/fr\\\/es\\\/\",\"name\":\"Itaka-Escolapios\",\"description\":\"Red de Itaka-Escolapios\",\"publisher\":{\"@id\":\"https:\\\/\\\/www.itakaescolapios.org\\\/fr\\\/es\\\/#organization\"},\"potentialAction\":[{\"@type\":\"SearchAction\",\"target\":{\"@type\":\"EntryPoint\",\"urlTemplate\":\"https:\\\/\\\/www.itakaescolapios.org\\\/fr\\\/es\\\/?s={search_term_string}\"},\"query-input\":{\"@type\":\"PropertyValueSpecification\",\"valueRequired\":true,\"valueName\":\"search_term_string\"}}],\"inLanguage\":\"fr-FR\"},{\"@type\":\"Organization\",\"@id\":\"https:\\\/\\\/www.itakaescolapios.org\\\/fr\\\/es\\\/#organization\",\"name\":\"Fundaci\u00f3 Itaka-Escolapios\",\"url\":\"https:\\\/\\\/www.itakaescolapios.org\\\/fr\\\/es\\\/\",\"logo\":{\"@type\":\"ImageObject\",\"inLanguage\":\"fr-FR\",\"@id\":\"https:\\\/\\\/www.itakaescolapios.org\\\/fr\\\/es\\\/#\\\/schema\\\/logo\\\/image\\\/\",\"url\":\"https:\\\/\\\/www.itakaescolapios.org\\\/wp-content\\\/uploads\\\/2024\\\/04\\\/Logo-itakaescolapios-peque.png\",\"contentUrl\":\"https:\\\/\\\/www.itakaescolapios.org\\\/wp-content\\\/uploads\\\/2024\\\/04\\\/Logo-itakaescolapios-peque.png\",\"width\":500,\"height\":199,\"caption\":\"Fundaci\u00f3 Itaka-Escolapios\"},\"image\":{\"@id\":\"https:\\\/\\\/www.itakaescolapios.org\\\/fr\\\/es\\\/#\\\/schema\\\/logo\\\/image\\\/\"}}]}<\/script>\n<!-- \/ Yoast SEO plugin. -->","yoast_head_json":{"title":"SUPERH\u00c9ROS AU SERVICE DE L'EDUCATION","description":"\u201cLES PORTI\u201d sont une bande de 5 superh\u00e9ros qui font le tour du monde sur leur main volante, pour apprendre \u00e0 tous les enfants, filles et gar\u00e7ons, que tous, nous avons un pouvoir int\u00e9rieur que nous devons d\u00e9couvrir et mettre au service des autres. VOYAGE.\u00a0Il est le superh\u00e9ros aventurier, il adore d\u00e9couvrir d'autres endroits et\u2026","robots":{"index":"index","follow":"follow","max-snippet":"max-snippet:-1","max-image-preview":"max-image-preview:large","max-video-preview":"max-video-preview:-1"},"canonical":"\u201cLES PORTI\u201d sont une bande de 5 superh\u00e9ros qui font le tour du monde sur leur main volante, pour apprendre \u00e0 tous les enfants, filles et gar\u00e7ons, que tous, nous avons un pouvoir int\u00e9rieur que nous devons d\u00e9couvrir et mettre au service des autres. VOYAGE.\u00a0Il est le superh\u00e9ros aventurier, il adore d\u00e9couvrir d'autres endroits et\u2026","og_locale":"fr_FR","og_type":"article","og_title":"SUPERH\u00c9ROS AU SERVICE DE L'EDUCATION","og_description":"\u201cLES PORTI\u201d sont une bande de 5 superh\u00e9ros qui font le tour du monde sur leur main volante, pour apprendre \u00e0 tous les enfants, filles et gar\u00e7ons, que tous, nous avons un pouvoir int\u00e9rieur que nous devons d\u00e9couvrir et mettre au service des autres. VOYAGE.\u00a0Il est le superh\u00e9ros aventurier, il adore d\u00e9couvrir d'autres endroits et\u2026","og_url":"https:\/\/www.itakaescolapios.org\/fr\/campanas\/estamos-por-ti-educamos-contigo\/superheroes-al-servicio-de-la-educacion\/","og_site_name":"Itaka-Escolapios","article_modified_time":"2023-11-28T11:39:15+00:00","og_image":[{"width":1071,"height":1500,"url":"https:\/\/www.itakaescolapios.org\/wp-content\/uploads\/2013\/10\/todos.jpg","type":"image\/jpeg"}],"twitter_card":"summary_large_image","twitter_misc":{"Dur\u00e9e de lecture estim\u00e9e":"2 minutes"},"schema":{"@context":"https:\/\/schema.org","@graph":[{"@type":"WebPage","@id":"https:\/\/www.itakaescolapios.org\/fr\/campanas\/estamos-por-ti-educamos-contigo\/superheroes-al-servicio-de-la-educacion\/","url":"https:\/\/www.itakaescolapios.org\/fr\/campanas\/estamos-por-ti-educamos-contigo\/superheroes-al-servicio-de-la-educacion\/","name":"SUPERH\u00c9ROES AL SERVICIO DE LA EDUCACI\u00d3N - Itaka-Escolapios","isPartOf":{"@id":"https:\/\/www.itakaescolapios.org\/es\/#website"},"primaryImageOfPage":{"@id":"https:\/\/www.itakaescolapios.org\/fr\/campanas\/estamos-por-ti-educamos-contigo\/superheroes-al-servicio-de-la-educacion\/#primaryimage"},"image":{"@id":"https:\/\/www.itakaescolapios.org\/fr\/campanas\/estamos-por-ti-educamos-contigo\/superheroes-al-servicio-de-la-educacion\/#primaryimage"},"thumbnailUrl":"https:\/\/www.itakaescolapios.org\/wp-content\/uploads\/2013\/10\/todos-731x1024.jpg","datePublished":"2013-10-23T14:39:24+00:00","dateModified":"2023-11-28T11:39:15+00:00","breadcrumb":{"@id":"https:\/\/www.itakaescolapios.org\/fr\/campanas\/estamos-por-ti-educamos-contigo\/superheroes-al-servicio-de-la-educacion\/#breadcrumb"},"inLanguage":"fr-FR","potentialAction":[{"@type":"ReadAction","target":["https:\/\/www.itakaescolapios.org\/fr\/campanas\/estamos-por-ti-educamos-contigo\/superheroes-al-servicio-de-la-educacion\/"]}]},{"@type":"ImageObject","inLanguage":"fr-FR","@id":"https:\/\/www.itakaescolapios.org\/fr\/campanas\/estamos-por-ti-educamos-contigo\/superheroes-al-servicio-de-la-educacion\/#primaryimage","url":"https:\/\/www.itakaescolapios.org\/wp-content\/uploads\/2013\/10\/todos-731x1024.jpg","contentUrl":"https:\/\/www.itakaescolapios.org\/wp-content\/uploads\/2013\/10\/todos-731x1024.jpg"},{"@type":"BreadcrumbList","@id":"https:\/\/www.itakaescolapios.org\/fr\/campanas\/estamos-por-ti-educamos-contigo\/superheroes-al-servicio-de-la-educacion\/#breadcrumb","itemListElement":[{"@type":"ListItem","position":1,"name":"Itaka-Escolapios","item":"https:\/\/www.itakaescolapios.org\/es\/"},{"@type":"ListItem","position":2,"name":"Campagnes","item":"https:\/\/www.itakaescolapios.org\/es\/campanas\/"},{"@type":"ListItem","position":3,"name":"2013-2014 NOUS SOMMES L\u00c0 POUR TOI, NOUS \u00c9DUQUONS AVEC TOI","item":"https:\/\/www.itakaescolapios.org\/es\/campanas\/estamos-por-ti-educamos-contigo\/"},{"@type":"ListItem","position":4,"name":"SUPERH\u00c9ROS AU SERVICE DE L'EDUCATION"}]},{"@type":"WebSite","@id":"https:\/\/www.itakaescolapios.org\/fr\/es\/#website","url":"https:\/\/www.itakaescolapios.org\/fr\/es\/","name":"Itaka-Escolapios","description":"Red de Itaka-Escolapios","publisher":{"@id":"https:\/\/www.itakaescolapios.org\/fr\/es\/#organization"},"potentialAction":[{"@type":"SearchAction","target":{"@type":"EntryPoint","urlTemplate":"https:\/\/www.itakaescolapios.org\/fr\/es\/?s={search_term_string}"},"query-input":{"@type":"PropertyValueSpecification","valueRequired":true,"valueName":"search_term_string"}}],"inLanguage":"fr-FR"},{"@type":"Organization","@id":"https:\/\/www.itakaescolapios.org\/fr\/es\/#organization","name":"Fundaci\u00f3 Itaka-Escolapios","url":"https:\/\/www.itakaescolapios.org\/fr\/es\/","logo":{"@type":"ImageObject","inLanguage":"fr-FR","@id":"https:\/\/www.itakaescolapios.org\/fr\/es\/#\/schema\/logo\/image\/","url":"https:\/\/www.itakaescolapios.org\/wp-content\/uploads\/2024\/04\/Logo-itakaescolapios-peque.png","contentUrl":"https:\/\/www.itakaescolapios.org\/wp-content\/uploads\/2024\/04\/Logo-itakaescolapios-peque.png","width":500,"height":199,"caption":"Fundaci\u00f3 Itaka-Escolapios"},"image":{"@id":"https:\/\/www.itakaescolapios.org\/fr\/es\/#\/schema\/logo\/image\/"}}]}},"_links":{"self":[{"href":"https:\/\/www.itakaescolapios.org\/fr\/wp-json\/wp\/v2\/pages\/7565","targetHints":{"allow":["GET"]}}],"collection":[{"href":"https:\/\/www.itakaescolapios.org\/fr\/wp-json\/wp\/v2\/pages"}],"about":[{"href":"https:\/\/www.itakaescolapios.org\/fr\/wp-json\/wp\/v2\/types\/page"}],"author":[{"embeddable":true,"href":"https:\/\/www.itakaescolapios.org\/fr\/wp-json\/wp\/v2\/users\/46"}],"replies":[{"embeddable":true,"href":"https:\/\/www.itakaescolapios.org\/fr\/wp-json\/wp\/v2\/comments?post=7565"}],"version-history":[{"count":51,"href":"https:\/\/www.itakaescolapios.org\/fr\/wp-json\/wp\/v2\/pages\/7565\/revisions"}],"predecessor-version":[{"id":49381,"href":"https:\/\/www.itakaescolapios.org\/fr\/wp-json\/wp\/v2\/pages\/7565\/revisions\/49381"}],"up":[{"embeddable":true,"href":"https:\/\/www.itakaescolapios.org\/fr\/wp-json\/wp\/v2\/pages\/7545"}],"wp:attachment":[{"href":"https:\/\/www.itakaescolapios.org\/fr\/wp-json\/wp\/v2\/media?parent=7565"}],"curies":[{"name":"wp","href":"https:\/\/api.w.org\/{rel}","templated":true}]}}