{"id":8179,"date":"2013-12-09T11:00:22","date_gmt":"2013-12-09T10:00:22","guid":{"rendered":"https:\/\/www.itakaescolapios.org\/?page_id=8179"},"modified":"2023-11-28T12:39:12","modified_gmt":"2023-11-28T11:39:12","slug":"otros-recursos","status":"publish","type":"page","link":"https:\/\/www.itakaescolapios.org\/fr\/campanas\/estamos-por-ti-educamos-contigo\/otros-recursos\/","title":{"rendered":"OTROS RECURSOS"},"content":{"rendered":"<p>https:\/\/www.youtube.com\/watch?v=96GT6LGd9t8&#038;feature=youtu.be<\/p>\n<p>&nbsp;<\/p>\n<p>En esta secci\u00f3n puedes descargarte otros recursos\u00a0que\u00a0pueden ayudarte a\u00a0presentar\u00a0la campa\u00f1a y a\u00a0dinamizarla en tu centro educativo, grupo de tiempo libre, parroquia, &#8230;<\/p>\n<p>&#8211; <a href=\"http:\/\/www.educa.itakaescolapios.org\/cooperacion-norte-sur\/ambientacion-presentacion\/\" target=\"_blank\" rel=\"noopener\">Actividad de ambientaci\u00f3n previa <\/a>al inicio de la campa\u00f1a de solidaridad<\/p>\n<p>&#8211;\u00a0 <a href=\"https:\/\/mega.co.nz\/#!18pjRbzY!NZbay0G1IDcP4ZpY5fwN-mE1rXlQlkt-XkI0nYJpFN8\" target=\"_blank\" rel=\"noopener\">Presentaci\u00f3n en powerpoint general<\/a><\/p>\n<p>&#8211;\u00a0 <a href=\"https:\/\/mega.co.nz\/#!wgpgCKxB!ZUo9NDBUZmlMfMUkOuw872a1IjoEGBaafnA5Kg13ORA\" target=\"_blank\" rel=\"noopener\">Presentaci\u00f3n en powerpoint local (MODIFICABLE)<\/a><\/p>\n<p>&#8211; <a href=\"https:\/\/www.itakaescolapios.org\/wp-content\/uploads\/2013\/12\/TUTORIAL.pdf\" target=\"_blank\" rel=\"noopener\">Tutorial para la modificaci\u00f3n del powerpoint presentaci\u00f3n de la campa\u00f1a de solidaridad<\/a><\/p>\n<p>&#8211; <a href=\"https:\/\/mega.co.nz\/#!wxZxjYrQ!RGACeiSVu6FXTJ_sODAPqmocTKVqaQJKQew6XTCxSbc\" target=\"_blank\" rel=\"noopener\">Cartel donaci\u00f3n de moviles (MODIFICABLE)<\/a>\u00a0, enlace para descarga de la <a href=\"http:\/\/ufonts.com\/download\/12-avenir-45-book-03173\/189883.html\" target=\"_blank\" rel=\"noopener\">tipograf\u00eda utilizada en el carte (12AVENIR45BOOK)<\/a><\/p>\n<p>&#8211; <a href=\"https:\/\/mega.co.nz\/#!xkgQXJzR!L5S75HH-yjROmVV5zIor_kCPGc0fwjGBArFkopTbAS8\" target=\"_blank\" rel=\"noopener\">Comunicaci\u00f3n para las familias que presenta la campa\u00f1a (MODIFICABLE)<\/a><\/p>\n<p>&#8211; Existen <a href=\"https:\/\/www.itakaescolapios.org\/wp-content\/uploads\/2013\/12\/Plotters-Superheroes.pdf\" target=\"_blank\" rel=\"noopener\">cinco reproducciones de los superh\u00e9roes<\/a>, de aproxim\u00e1damente 150 x 90 cm, para los colegios que lo soliciten. Para confirmar la disponibilidad mandar correo electr\u00f3nico a Jon Ander Z\u00e1rate (<a href=\"mailto:jonanderzarate@escolapiosemaus.org\" target=\"_blank\" rel=\"noopener\">jonanderzarate@escolapiosemaus.org<\/a>)<\/p>\n","protected":false},"excerpt":{"rendered":"<p>https:\/\/www.youtube.com\/watch?v=96GT6LGd9t8&#038;feature=youtu.be &nbsp; En esta secci\u00f3n puedes descargarte otros recursos\u00a0que\u00a0pueden ayudarte a\u00a0presentar\u00a0la campa\u00f1a y a\u00a0dinamizarla en tu centro educativo, grupo de tiempo libre, parroquia, &#8230; &#8211; Actividad de ambientaci\u00f3n previa al [&hellip;]<\/p>\n","protected":false},"author":46,"featured_media":0,"parent":7545,"menu_order":8,"comment_status":"closed","ping_status":"closed","template":"","meta":{"_et_pb_use_builder":"","_et_pb_old_content":"","_et_gb_content_width":"","footnotes":""},"class_list":["post-8179","page","type-page","status-publish","hentry"],"yoast_head":"<!-- This site is optimized with the Yoast SEO plugin v27.3 - https:\/\/yoast.com\/product\/yoast-seo-wordpress\/ -->\n<title>OTROS RECURSOS<\/title>\n<meta name=\"description\" content=\"https:\/\/www.youtube.com\/watch?v=96GT6LGd9t8&amp;feature=youtu.be &nbsp; En esta secci\u00f3n puedes descargarte otros recursos\u00a0que\u00a0pueden ayudarte a\u00a0presentar\u00a0la campa\u00f1a y a\u00a0dinamizarla en tu centro educativo, grupo de tiempo libre, parroquia, ... - Actividad de ambientaci\u00f3n previa al inicio de la campa\u00f1a de solidaridad -\u00a0 Presentaci\u00f3n en powerpoint general -\u00a0 Presentaci\u00f3n en powerpoint local (MODIFICABLE) - Tutorial para la modificaci\u00f3n del powerpoint presentaci\u00f3n\u2026\" \/>\n<meta name=\"robots\" content=\"index, follow, max-snippet:-1, max-image-preview:large, max-video-preview:-1\" \/>\n<link rel=\"canonical\" href=\"https:\/\/www.youtube.com\/watch?v=96GT6LGd9t8&feature=youtu.be%20&nbsp;%20En%20esta%20secci\u00f3n%20puedes%20descargarte%20otros%20recursos\u00a0que\u00a0pueden%20ayudarte%20a\u00a0presentar\u00a0la%20campa\u00f1a%20y%20a\u00a0dinamizarla%20en%20tu%20centro%20educativo,%20grupo%20de%20tiempo%20libre,%20parroquia,%20...%20-%20Actividad%20de%20ambientaci\u00f3n%20previa%20al%20inicio%20de%20la%20campa\u00f1a%20de%20solidaridad%20-\u00a0%20Presentaci\u00f3n%20en%20powerpoint%20general%20-\u00a0%20Presentaci\u00f3n%20en%20powerpoint%20local%20(MODIFICABLE)%20-%20Tutorial%20para%20la%20modificaci\u00f3n%20del%20powerpoint%20presentaci\u00f3n\u2026\" \/>\n<meta property=\"og:locale\" content=\"fr_FR\" \/>\n<meta property=\"og:type\" content=\"article\" \/>\n<meta property=\"og:title\" content=\"OTROS RECURSOS\" \/>\n<meta property=\"og:description\" content=\"https:\/\/www.youtube.com\/watch?v=96GT6LGd9t8&amp;feature=youtu.be &nbsp; En esta secci\u00f3n puedes descargarte otros recursos\u00a0que\u00a0pueden ayudarte a\u00a0presentar\u00a0la campa\u00f1a y a\u00a0dinamizarla en tu centro educativo, grupo de tiempo libre, parroquia, ... - Actividad de ambientaci\u00f3n previa al inicio de la campa\u00f1a de solidaridad -\u00a0 Presentaci\u00f3n en powerpoint general -\u00a0 Presentaci\u00f3n en powerpoint local (MODIFICABLE) - Tutorial para la modificaci\u00f3n del powerpoint presentaci\u00f3n\u2026\" \/>\n<meta property=\"og:url\" content=\"https:\/\/www.itakaescolapios.org\/fr\/campanas\/estamos-por-ti-educamos-contigo\/otros-recursos\/\" \/>\n<meta property=\"og:site_name\" content=\"Itaka-Escolapios\" \/>\n<meta property=\"article:modified_time\" content=\"2023-11-28T11:39:12+00:00\" \/>\n<meta name=\"twitter:card\" content=\"summary_large_image\" \/>\n<meta name=\"twitter:label1\" content=\"Dur\u00e9e de lecture estim\u00e9e\" \/>\n\t<meta name=\"twitter:data1\" content=\"1 minute\" \/>\n<script type=\"application\/ld+json\" class=\"yoast-schema-graph\">{\"@context\":\"https:\\\/\\\/schema.org\",\"@graph\":[{\"@type\":\"WebPage\",\"@id\":\"https:\\\/\\\/www.itakaescolapios.org\\\/fr\\\/campanas\\\/estamos-por-ti-educamos-contigo\\\/otros-recursos\\\/\",\"url\":\"https:\\\/\\\/www.itakaescolapios.org\\\/fr\\\/campanas\\\/estamos-por-ti-educamos-contigo\\\/otros-recursos\\\/\",\"name\":\"OTROS RECURSOS - Itaka-Escolapios\",\"isPartOf\":{\"@id\":\"https:\\\/\\\/www.itakaescolapios.org\\\/es\\\/#website\"},\"datePublished\":\"2013-12-09T10:00:22+00:00\",\"dateModified\":\"2023-11-28T11:39:12+00:00\",\"breadcrumb\":{\"@id\":\"https:\\\/\\\/www.itakaescolapios.org\\\/fr\\\/campanas\\\/estamos-por-ti-educamos-contigo\\\/otros-recursos\\\/#breadcrumb\"},\"inLanguage\":\"fr-FR\",\"potentialAction\":[{\"@type\":\"ReadAction\",\"target\":[\"https:\\\/\\\/www.itakaescolapios.org\\\/fr\\\/campanas\\\/estamos-por-ti-educamos-contigo\\\/otros-recursos\\\/\"]}]},{\"@type\":\"BreadcrumbList\",\"@id\":\"https:\\\/\\\/www.itakaescolapios.org\\\/fr\\\/campanas\\\/estamos-por-ti-educamos-contigo\\\/otros-recursos\\\/#breadcrumb\",\"itemListElement\":[{\"@type\":\"ListItem\",\"position\":1,\"name\":\"Itaka-Escolapios\",\"item\":\"https:\\\/\\\/www.itakaescolapios.org\\\/es\\\/\"},{\"@type\":\"ListItem\",\"position\":2,\"name\":\"Campagnes\",\"item\":\"https:\\\/\\\/www.itakaescolapios.org\\\/es\\\/campanas\\\/\"},{\"@type\":\"ListItem\",\"position\":3,\"name\":\"2013-2014 NOUS SOMMES L\u00c0 POUR TOI, NOUS \u00c9DUQUONS AVEC TOI\",\"item\":\"https:\\\/\\\/www.itakaescolapios.org\\\/es\\\/campanas\\\/estamos-por-ti-educamos-contigo\\\/\"},{\"@type\":\"ListItem\",\"position\":4,\"name\":\"OTROS RECURSOS\"}]},{\"@type\":\"WebSite\",\"@id\":\"https:\\\/\\\/www.itakaescolapios.org\\\/fr\\\/es\\\/#website\",\"url\":\"https:\\\/\\\/www.itakaescolapios.org\\\/fr\\\/es\\\/\",\"name\":\"Itaka-Escolapios\",\"description\":\"Red de Itaka-Escolapios\",\"publisher\":{\"@id\":\"https:\\\/\\\/www.itakaescolapios.org\\\/fr\\\/es\\\/#organization\"},\"potentialAction\":[{\"@type\":\"SearchAction\",\"target\":{\"@type\":\"EntryPoint\",\"urlTemplate\":\"https:\\\/\\\/www.itakaescolapios.org\\\/fr\\\/es\\\/?s={search_term_string}\"},\"query-input\":{\"@type\":\"PropertyValueSpecification\",\"valueRequired\":true,\"valueName\":\"search_term_string\"}}],\"inLanguage\":\"fr-FR\"},{\"@type\":\"Organization\",\"@id\":\"https:\\\/\\\/www.itakaescolapios.org\\\/fr\\\/es\\\/#organization\",\"name\":\"Fundaci\u00f3 Itaka-Escolapios\",\"url\":\"https:\\\/\\\/www.itakaescolapios.org\\\/fr\\\/es\\\/\",\"logo\":{\"@type\":\"ImageObject\",\"inLanguage\":\"fr-FR\",\"@id\":\"https:\\\/\\\/www.itakaescolapios.org\\\/fr\\\/es\\\/#\\\/schema\\\/logo\\\/image\\\/\",\"url\":\"https:\\\/\\\/www.itakaescolapios.org\\\/wp-content\\\/uploads\\\/2024\\\/04\\\/Logo-itakaescolapios-peque.png\",\"contentUrl\":\"https:\\\/\\\/www.itakaescolapios.org\\\/wp-content\\\/uploads\\\/2024\\\/04\\\/Logo-itakaescolapios-peque.png\",\"width\":500,\"height\":199,\"caption\":\"Fundaci\u00f3 Itaka-Escolapios\"},\"image\":{\"@id\":\"https:\\\/\\\/www.itakaescolapios.org\\\/fr\\\/es\\\/#\\\/schema\\\/logo\\\/image\\\/\"}}]}<\/script>\n<!-- \/ Yoast SEO plugin. -->","yoast_head_json":{"title":"OTROS RECURSOS","description":"https:\/\/www.youtube.com\/watch?v=96GT6LGd9t8&feature=youtu.be &nbsp; En esta secci\u00f3n puedes descargarte otros recursos\u00a0que\u00a0pueden ayudarte a\u00a0presentar\u00a0la campa\u00f1a y a\u00a0dinamizarla en tu centro educativo, grupo de tiempo libre, parroquia, ... - Actividad de ambientaci\u00f3n previa al inicio de la campa\u00f1a de solidaridad -\u00a0 Presentaci\u00f3n en powerpoint general -\u00a0 Presentaci\u00f3n en powerpoint local (MODIFICABLE) - Tutorial para la modificaci\u00f3n del powerpoint presentaci\u00f3n\u2026","robots":{"index":"index","follow":"follow","max-snippet":"max-snippet:-1","max-image-preview":"max-image-preview:large","max-video-preview":"max-video-preview:-1"},"canonical":"https:\/\/www.youtube.com\/watch?v=96GT6LGd9t8&feature=youtu.be &nbsp; En esta secci\u00f3n puedes descargarte otros recursos\u00a0que\u00a0pueden ayudarte a\u00a0presentar\u00a0la campa\u00f1a y a\u00a0dinamizarla en tu centro educativo, grupo de tiempo libre, parroquia, ... - Actividad de ambientaci\u00f3n previa al inicio de la campa\u00f1a de solidaridad -\u00a0 Presentaci\u00f3n en powerpoint general -\u00a0 Presentaci\u00f3n en powerpoint local (MODIFICABLE) - Tutorial para la modificaci\u00f3n del powerpoint presentaci\u00f3n\u2026","og_locale":"fr_FR","og_type":"article","og_title":"OTROS RECURSOS","og_description":"https:\/\/www.youtube.com\/watch?v=96GT6LGd9t8&feature=youtu.be &nbsp; En esta secci\u00f3n puedes descargarte otros recursos\u00a0que\u00a0pueden ayudarte a\u00a0presentar\u00a0la campa\u00f1a y a\u00a0dinamizarla en tu centro educativo, grupo de tiempo libre, parroquia, ... - Actividad de ambientaci\u00f3n previa al inicio de la campa\u00f1a de solidaridad -\u00a0 Presentaci\u00f3n en powerpoint general -\u00a0 Presentaci\u00f3n en powerpoint local (MODIFICABLE) - Tutorial para la modificaci\u00f3n del powerpoint presentaci\u00f3n\u2026","og_url":"https:\/\/www.itakaescolapios.org\/fr\/campanas\/estamos-por-ti-educamos-contigo\/otros-recursos\/","og_site_name":"Itaka-Escolapios","article_modified_time":"2023-11-28T11:39:12+00:00","twitter_card":"summary_large_image","twitter_misc":{"Dur\u00e9e de lecture estim\u00e9e":"1 minute"},"schema":{"@context":"https:\/\/schema.org","@graph":[{"@type":"WebPage","@id":"https:\/\/www.itakaescolapios.org\/fr\/campanas\/estamos-por-ti-educamos-contigo\/otros-recursos\/","url":"https:\/\/www.itakaescolapios.org\/fr\/campanas\/estamos-por-ti-educamos-contigo\/otros-recursos\/","name":"OTROS RECURSOS - Itaka-Escolapios","isPartOf":{"@id":"https:\/\/www.itakaescolapios.org\/es\/#website"},"datePublished":"2013-12-09T10:00:22+00:00","dateModified":"2023-11-28T11:39:12+00:00","breadcrumb":{"@id":"https:\/\/www.itakaescolapios.org\/fr\/campanas\/estamos-por-ti-educamos-contigo\/otros-recursos\/#breadcrumb"},"inLanguage":"fr-FR","potentialAction":[{"@type":"ReadAction","target":["https:\/\/www.itakaescolapios.org\/fr\/campanas\/estamos-por-ti-educamos-contigo\/otros-recursos\/"]}]},{"@type":"BreadcrumbList","@id":"https:\/\/www.itakaescolapios.org\/fr\/campanas\/estamos-por-ti-educamos-contigo\/otros-recursos\/#breadcrumb","itemListElement":[{"@type":"ListItem","position":1,"name":"Itaka-Escolapios","item":"https:\/\/www.itakaescolapios.org\/es\/"},{"@type":"ListItem","position":2,"name":"Campagnes","item":"https:\/\/www.itakaescolapios.org\/es\/campanas\/"},{"@type":"ListItem","position":3,"name":"2013-2014 NOUS SOMMES L\u00c0 POUR TOI, NOUS \u00c9DUQUONS AVEC TOI","item":"https:\/\/www.itakaescolapios.org\/es\/campanas\/estamos-por-ti-educamos-contigo\/"},{"@type":"ListItem","position":4,"name":"OTROS RECURSOS"}]},{"@type":"WebSite","@id":"https:\/\/www.itakaescolapios.org\/fr\/es\/#website","url":"https:\/\/www.itakaescolapios.org\/fr\/es\/","name":"Itaka-Escolapios","description":"Red de Itaka-Escolapios","publisher":{"@id":"https:\/\/www.itakaescolapios.org\/fr\/es\/#organization"},"potentialAction":[{"@type":"SearchAction","target":{"@type":"EntryPoint","urlTemplate":"https:\/\/www.itakaescolapios.org\/fr\/es\/?s={search_term_string}"},"query-input":{"@type":"PropertyValueSpecification","valueRequired":true,"valueName":"search_term_string"}}],"inLanguage":"fr-FR"},{"@type":"Organization","@id":"https:\/\/www.itakaescolapios.org\/fr\/es\/#organization","name":"Fundaci\u00f3 Itaka-Escolapios","url":"https:\/\/www.itakaescolapios.org\/fr\/es\/","logo":{"@type":"ImageObject","inLanguage":"fr-FR","@id":"https:\/\/www.itakaescolapios.org\/fr\/es\/#\/schema\/logo\/image\/","url":"https:\/\/www.itakaescolapios.org\/wp-content\/uploads\/2024\/04\/Logo-itakaescolapios-peque.png","contentUrl":"https:\/\/www.itakaescolapios.org\/wp-content\/uploads\/2024\/04\/Logo-itakaescolapios-peque.png","width":500,"height":199,"caption":"Fundaci\u00f3 Itaka-Escolapios"},"image":{"@id":"https:\/\/www.itakaescolapios.org\/fr\/es\/#\/schema\/logo\/image\/"}}]}},"_links":{"self":[{"href":"https:\/\/www.itakaescolapios.org\/fr\/wp-json\/wp\/v2\/pages\/8179","targetHints":{"allow":["GET"]}}],"collection":[{"href":"https:\/\/www.itakaescolapios.org\/fr\/wp-json\/wp\/v2\/pages"}],"about":[{"href":"https:\/\/www.itakaescolapios.org\/fr\/wp-json\/wp\/v2\/types\/page"}],"author":[{"embeddable":true,"href":"https:\/\/www.itakaescolapios.org\/fr\/wp-json\/wp\/v2\/users\/46"}],"replies":[{"embeddable":true,"href":"https:\/\/www.itakaescolapios.org\/fr\/wp-json\/wp\/v2\/comments?post=8179"}],"version-history":[{"count":16,"href":"https:\/\/www.itakaescolapios.org\/fr\/wp-json\/wp\/v2\/pages\/8179\/revisions"}],"predecessor-version":[{"id":49320,"href":"https:\/\/www.itakaescolapios.org\/fr\/wp-json\/wp\/v2\/pages\/8179\/revisions\/49320"}],"up":[{"embeddable":true,"href":"https:\/\/www.itakaescolapios.org\/fr\/wp-json\/wp\/v2\/pages\/7545"}],"wp:attachment":[{"href":"https:\/\/www.itakaescolapios.org\/fr\/wp-json\/wp\/v2\/media?parent=8179"}],"curies":[{"name":"wp","href":"https:\/\/api.w.org\/{rel}","templated":true}]}}