{"id":10180,"date":"2014-10-13T14:40:15","date_gmt":"2014-10-13T13:40:15","guid":{"rendered":"https:\/\/www.itakaescolapios.org\/?page_id=10180"},"modified":"2023-11-28T12:38:56","modified_gmt":"2023-11-28T11:38:56","slug":"ojos-bajitos-un-punto-de-vista-diferente","status":"publish","type":"page","link":"https:\/\/www.itakaescolapios.org\/pt\/campanas\/2014-2015-ven-y-veras-la-realidad-que-hay-detras\/ojos-bajitos-un-punto-de-vista-diferente\/","title":{"rendered":"OJOS BAJITOS. UN PUNTO DE VISTA DIFERENTE"},"content":{"rendered":"<p style=\"text-align: justify;\"><a href=\"https:\/\/www.itakaescolapios.org\/wp-content\/uploads\/2014\/10\/logocampa\u00f1aitaka.jpg\"><img decoding=\"async\" class=\" wp-image-10811 alignright\" alt=\"logocampa\u00f1aitaka\" src=\"https:\/\/www.itakaescolapios.org\/wp-content\/uploads\/2014\/10\/logocampa\u00f1aitaka-227x300.jpg\" width=\"227\" height=\"300\" srcset=\"https:\/\/www.itakaescolapios.org\/wp-content\/uploads\/2014\/10\/logocampa\u00f1aitaka-227x300.jpg 227w, https:\/\/www.itakaescolapios.org\/wp-content\/uploads\/2014\/10\/logocampa\u00f1aitaka-250x329.jpg 250w, https:\/\/www.itakaescolapios.org\/wp-content\/uploads\/2014\/10\/logocampa\u00f1aitaka.jpg 551w\" sizes=\"(max-width: 227px) 100vw, 227px\" \/><\/a><\/p>\n<p>La forma en la que adultos y menores vemos la realidad es muy diferente, lo que para unos es un gran problema puede que para los otros apenas exista y viceversa.<\/p>\n<p>En lo que respecta a la realidad de los ni\u00f1os y ni\u00f1as los adultos miramos hacia abajo, desde arriba hacia abajo. Los ni\u00f1os y ni\u00f1as, sin embargo, miran hacia arriba, levantan sus ojos. Miramos desde puntos de vista diferentes. Pero lo que puede parecer una carencia es en realidad una oportunidad enriquecedora si todos y todas nos esforzamos en ver con los ojos de quienes nos rodean.<\/p>\n<p>Proponemos un juego que nos obligue a ser conscientes del lugar desde el que miramos la vida y a conocer la forma en la que otros ni\u00f1os y ni\u00f1as ven su realidad.<\/p>\n<p>Invitamos a generar una gran exposici\u00f3n de \u201crealidades sumadas\u201d que compartiremos a trav\u00e9s de internet y f\u00edsicamente en aquellos lugares en los que sea posible. Construiremos c\u00e1maras de juguete con las que enfocar la realidad y sacaremos fotograf\u00edas que intercambiaremos entre todos los centros educativos escolapios. Puedes ver las postales que van llegando a ITAKA-ESCOLAPIOS, accediendo al blog:<\/p>\n<h1><a href=\"http:\/\/ojosbajitos.blogspot.com.es\/\" target=\"_blank\" rel=\"noopener\">www.ojosbajitos.blogspot.com<\/a><\/h1>\n<p><strong>&#8211;\u00a0\u00a0\u00a0\u00a0\u00a0\u00a0\u00a0\u00a0\u00a0\u00a0C\u00e1maras:<\/strong>\u00a0El alumnado de nuestros centros puede construirse c\u00e1maras fotogr\u00e1ficas de cart\u00f3n o papel, a trav\u00e9s de las que mirar su realidad educativa, encuadremos aquello que m\u00e1s nos gusta de nuestra escuela o aquello que nos gustar\u00eda cambiar de nuestro entorno educativo. \u00bfOs gusta la actividad? \u00bfLas c\u00e1maras que vais a hacer son chulas? Saca unas fotos a tus alumnos y alumnas fabric\u00e1ndolas o buscando realidades que enfocar. Comp\u00e1rtelas a trav\u00e9s de\u00a0<a href=\"mailto:eyes@itakaescolapios.org\">eyes@itakaescolapios.org<\/a><\/p>\n<ul style=\"text-align: justify;\">\n<li><a href=\"https:\/\/www.itakaescolapios.org\/wp-content\/uploads\/2014\/10\/C\u00e1mara-de-fotos-modelo-b\u00e1sico.pdf\" target=\"_blank\" rel=\"noopener\">Descargar C\u00e1mara de fotos modelo b\u00e1sico<\/a><\/li>\n<li><a href=\"https:\/\/www.itakaescolapios.org\/wp-content\/uploads\/2014\/10\/C\u00e1mara-de-fotos-de-cart\u00f3n-modelo-medio.pdf\" target=\"_blank\" rel=\"noopener\">Descargar C\u00e1mara de fotos de cart\u00f3n modelo medio<\/a><\/li>\n<li><a href=\"https:\/\/www.itakaescolapios.org\/wp-content\/uploads\/2014\/10\/C\u00e1mara-de-fotos-recortable-modelo-medio.pdf\" target=\"_blank\" rel=\"noopener\">Descargar C\u00e1mara de fotos recortable modelo medio<\/a><\/li>\n<li><a href=\"https:\/\/www.itakaescolapios.org\/wp-content\/uploads\/2014\/10\/C\u00e1mara-de-fotos-recortable-modelo-superior.pdf\" target=\"_blank\" rel=\"noopener\">Descargar C\u00e1mara de fotos recortable modelo superior<\/a><\/li>\n<\/ul>\n<p><strong>&#8211;\u00a0\u00a0\u00a0\u00a0\u00a0\u00a0\u00a0\u00a0\u00a0\u00a0Fotograf\u00edas:<\/strong>\u00a0Aprendamos todos y todas a mirar por debajo de 1 metro de altura y fotografiemos aquello que queramos compartir. Con c\u00e1maras de fotos, m\u00f3viles, tabletas u otros dispositivos. Saca fotograf\u00edas reflejando d\u00f3nde y c\u00f3mo haces los deberes o estudias. \u00bfA qu\u00e9 dedicas tu tiempo cuando no est\u00e1s en la escuela? \u00bfC\u00f3mo son tus maestros y maestras? \u00bfY tus compa\u00f1eros\/as?&#8230;\u00a0 Enfoquemos nuestra realidad. Cu\u00e9ntanos tu imagen rellenando esta planilla que parece una tarjeta postal.<\/p>\n<p>D\u00e9mosle formato de\u00a0<b>tarjeta postal\u00a0<\/b>explicando d\u00f3nde ha sido tomada y qu\u00e9 es lo que refleja. Comparte tu trabajo enviando por correo electr\u00f3nico un archivo con la fotograf\u00eda y otro con la tarjeta postal (puedes escribirla a mano y escanearla o escribirla en un ordenador) a\u00a0<a href=\"mailto:eyes@itakaescolapios.org\">eyes@itakaescolapios.org<\/a><\/p>\n<table class=\"alignleft\" style=\"width: 340px; height: 53px;\" border=\"1\" cellspacing=\"0\" cellpadding=\"0\">\n<tbody>\n<tr>\n<td colspan=\"2\" valign=\"top\" width=\"302\">\n<p align=\"center\"><b>TARJETA POSTAL<\/b><b><\/b><\/p>\n<\/td>\n<\/tr>\n<tr>\n<td valign=\"top\" width=\"160\">\n<p align=\"center\"><a href=\"https:\/\/www.itakaescolapios.org\/wp-content\/uploads\/2014\/10\/Postal-Espa\u00f1ol1.pdf\" target=\"_blank\" rel=\"noopener\">Espa\u00f1ol<\/a><\/p>\n<\/td>\n<td valign=\"top\" width=\"142\">\n<p align=\"center\"><a href=\"https:\/\/www.itakaescolapios.org\/wp-content\/uploads\/2014\/10\/Postal-English1.pdf\" target=\"_blank\" rel=\"noopener\">Ingl\u00e9s<\/a><\/p>\n<\/td>\n<\/tr>\n<tr>\n<td valign=\"top\" width=\"160\">\n<p align=\"center\"><a href=\"https:\/\/www.itakaescolapios.org\/wp-content\/uploads\/2014\/10\/Postal-Frances1.pdf\" target=\"_blank\" rel=\"noopener\">Franc\u00e9s<\/a><\/p>\n<\/td>\n<td valign=\"top\" width=\"142\">\n<p align=\"center\"><a href=\"https:\/\/www.itakaescolapios.org\/wp-content\/uploads\/2014\/10\/Postal-Portugues1.pdf\" target=\"_blank\" rel=\"noopener\">Portugu\u00e9s<\/a><\/p>\n<\/td>\n<\/tr>\n<tr>\n<td valign=\"top\" width=\"160\">\n<p align=\"center\"><a href=\"https:\/\/www.itakaescolapios.org\/wp-content\/uploads\/2014\/10\/Postal-Euskera.pdf\" target=\"_blank\" rel=\"noopener\">Euskera<\/a><\/p>\n<\/td>\n<td valign=\"top\" width=\"142\"><\/td>\n<\/tr>\n<\/tbody>\n<\/table>\n<p><!--more--><\/p>\n","protected":false},"excerpt":{"rendered":"<p>La forma en la que adultos y menores vemos la realidad es muy diferente, lo que para unos es un gran problema puede que para los otros apenas exista y [&hellip;]<\/p>\n","protected":false},"author":46,"featured_media":0,"parent":10167,"menu_order":5,"comment_status":"closed","ping_status":"closed","template":"","meta":{"_et_pb_use_builder":"","_et_pb_old_content":"","_et_gb_content_width":"","footnotes":""},"class_list":["post-10180","page","type-page","status-publish","hentry"],"yoast_head":"<!-- This site is optimized with the Yoast SEO plugin v27.3 - https:\/\/yoast.com\/product\/yoast-seo-wordpress\/ -->\n<title>OJOS BAJITOS. UN PUNTO DE VISTA DIFERENTE<\/title>\n<meta name=\"description\" content=\"La forma en la que adultos y menores vemos la realidad es muy diferente, lo que para unos es un gran problema puede que para los otros apenas exista y viceversa. En lo que respecta a la realidad de los ni\u00f1os y ni\u00f1as los adultos miramos hacia abajo, desde arriba hacia abajo. Los ni\u00f1os y&hellip;\" \/>\n<meta name=\"robots\" content=\"index, follow, max-snippet:-1, max-image-preview:large, max-video-preview:-1\" \/>\n<link rel=\"canonical\" href=\"http:\/\/La%20forma%20en%20la%20que%20adultos%20y%20menores%20vemos%20la%20realidad%20es%20muy%20diferente,%20lo%20que%20para%20unos%20es%20un%20gran%20problema%20puede%20que%20para%20los%20otros%20apenas%20exista%20y%20viceversa.%20En%20lo%20que%20respecta%20a%20la%20realidad%20de%20los%20ni\u00f1os%20y%20ni\u00f1as%20los%20adultos%20miramos%20hacia%20abajo,%20desde%20arriba%20hacia%20abajo.%20Los%20ni\u00f1os%20y&hellip;\" \/>\n<meta property=\"og:locale\" content=\"pt_BR\" \/>\n<meta property=\"og:type\" content=\"article\" \/>\n<meta property=\"og:title\" content=\"OJOS BAJITOS. UN PUNTO DE VISTA DIFERENTE\" \/>\n<meta property=\"og:description\" content=\"La forma en la que adultos y menores vemos la realidad es muy diferente, lo que para unos es un gran problema puede que para los otros apenas exista y viceversa. En lo que respecta a la realidad de los ni\u00f1os y ni\u00f1as los adultos miramos hacia abajo, desde arriba hacia abajo. Los ni\u00f1os y&hellip;\" \/>\n<meta property=\"og:url\" content=\"https:\/\/www.itakaescolapios.org\/pt\/campanas\/2014-2015-ven-y-veras-la-realidad-que-hay-detras\/ojos-bajitos-un-punto-de-vista-diferente\/\" \/>\n<meta property=\"og:site_name\" content=\"Itaka-Escolapios\" \/>\n<meta property=\"article:modified_time\" content=\"2023-11-28T11:38:56+00:00\" \/>\n<meta name=\"twitter:card\" content=\"summary_large_image\" \/>\n<meta name=\"twitter:label1\" content=\"Est. tempo de leitura\" \/>\n\t<meta name=\"twitter:data1\" content=\"2 minutos\" \/>\n<script type=\"application\/ld+json\" class=\"yoast-schema-graph\">{\"@context\":\"https:\\\/\\\/schema.org\",\"@graph\":[{\"@type\":\"WebPage\",\"@id\":\"https:\\\/\\\/www.itakaescolapios.org\\\/pt\\\/campanas\\\/2014-2015-ven-y-veras-la-realidad-que-hay-detras\\\/ojos-bajitos-un-punto-de-vista-diferente\\\/\",\"url\":\"https:\\\/\\\/www.itakaescolapios.org\\\/pt\\\/campanas\\\/2014-2015-ven-y-veras-la-realidad-que-hay-detras\\\/ojos-bajitos-un-punto-de-vista-diferente\\\/\",\"name\":\"OJOS BAJITOS. UN PUNTO DE VISTA DIFERENTE - Itaka-Escolapios\",\"isPartOf\":{\"@id\":\"https:\\\/\\\/www.itakaescolapios.org\\\/es\\\/#website\"},\"datePublished\":\"2014-10-13T13:40:15+00:00\",\"dateModified\":\"2023-11-28T11:38:56+00:00\",\"breadcrumb\":{\"@id\":\"https:\\\/\\\/www.itakaescolapios.org\\\/pt\\\/campanas\\\/2014-2015-ven-y-veras-la-realidad-que-hay-detras\\\/ojos-bajitos-un-punto-de-vista-diferente\\\/#breadcrumb\"},\"inLanguage\":\"pt-BR\",\"potentialAction\":[{\"@type\":\"ReadAction\",\"target\":[\"https:\\\/\\\/www.itakaescolapios.org\\\/pt\\\/campanas\\\/2014-2015-ven-y-veras-la-realidad-que-hay-detras\\\/ojos-bajitos-un-punto-de-vista-diferente\\\/\"]}]},{\"@type\":\"BreadcrumbList\",\"@id\":\"https:\\\/\\\/www.itakaescolapios.org\\\/pt\\\/campanas\\\/2014-2015-ven-y-veras-la-realidad-que-hay-detras\\\/ojos-bajitos-un-punto-de-vista-diferente\\\/#breadcrumb\",\"itemListElement\":[{\"@type\":\"ListItem\",\"position\":1,\"name\":\"Itaka-Escolapios\",\"item\":\"https:\\\/\\\/www.itakaescolapios.org\\\/es\\\/\"},{\"@type\":\"ListItem\",\"position\":2,\"name\":\"Campa\u00f1as\",\"item\":\"https:\\\/\\\/www.itakaescolapios.org\\\/es\\\/campanas\\\/\"},{\"@type\":\"ListItem\",\"position\":3,\"name\":\"2014-2015 VEN y VER\u00c1S, LA REALIDAD QUE HAY DETR\u00c1S\",\"item\":\"https:\\\/\\\/www.itakaescolapios.org\\\/es\\\/campanas\\\/2014-2015-ven-y-veras-la-realidad-que-hay-detras\\\/\"},{\"@type\":\"ListItem\",\"position\":4,\"name\":\"OJOS BAJITOS. UN PUNTO DE VISTA DIFERENTE\"}]},{\"@type\":\"WebSite\",\"@id\":\"https:\\\/\\\/www.itakaescolapios.org\\\/pt\\\/es\\\/#website\",\"url\":\"https:\\\/\\\/www.itakaescolapios.org\\\/pt\\\/es\\\/\",\"name\":\"Itaka-Escolapios\",\"description\":\"Red de Itaka-Escolapios\",\"publisher\":{\"@id\":\"https:\\\/\\\/www.itakaescolapios.org\\\/pt\\\/es\\\/#organization\"},\"potentialAction\":[{\"@type\":\"SearchAction\",\"target\":{\"@type\":\"EntryPoint\",\"urlTemplate\":\"https:\\\/\\\/www.itakaescolapios.org\\\/pt\\\/es\\\/?s={search_term_string}\"},\"query-input\":{\"@type\":\"PropertyValueSpecification\",\"valueRequired\":true,\"valueName\":\"search_term_string\"}}],\"inLanguage\":\"pt-BR\"},{\"@type\":\"Organization\",\"@id\":\"https:\\\/\\\/www.itakaescolapios.org\\\/pt\\\/es\\\/#organization\",\"name\":\"Fundaci\u00f3 Itaka-Escolapios\",\"url\":\"https:\\\/\\\/www.itakaescolapios.org\\\/pt\\\/es\\\/\",\"logo\":{\"@type\":\"ImageObject\",\"inLanguage\":\"pt-BR\",\"@id\":\"https:\\\/\\\/www.itakaescolapios.org\\\/pt\\\/es\\\/#\\\/schema\\\/logo\\\/image\\\/\",\"url\":\"https:\\\/\\\/www.itakaescolapios.org\\\/wp-content\\\/uploads\\\/2024\\\/04\\\/Logo-itakaescolapios-peque.png\",\"contentUrl\":\"https:\\\/\\\/www.itakaescolapios.org\\\/wp-content\\\/uploads\\\/2024\\\/04\\\/Logo-itakaescolapios-peque.png\",\"width\":500,\"height\":199,\"caption\":\"Fundaci\u00f3 Itaka-Escolapios\"},\"image\":{\"@id\":\"https:\\\/\\\/www.itakaescolapios.org\\\/pt\\\/es\\\/#\\\/schema\\\/logo\\\/image\\\/\"}}]}<\/script>\n<!-- \/ Yoast SEO plugin. -->","yoast_head_json":{"title":"OJOS BAJITOS. UN PUNTO DE VISTA DIFERENTE","description":"La forma en la que adultos y menores vemos la realidad es muy diferente, lo que para unos es un gran problema puede que para los otros apenas exista y viceversa. En lo que respecta a la realidad de los ni\u00f1os y ni\u00f1as los adultos miramos hacia abajo, desde arriba hacia abajo. Los ni\u00f1os y&hellip;","robots":{"index":"index","follow":"follow","max-snippet":"max-snippet:-1","max-image-preview":"max-image-preview:large","max-video-preview":"max-video-preview:-1"},"canonical":"La forma en la que adultos y menores vemos la realidad es muy diferente, lo que para unos es un gran problema puede que para los otros apenas exista y viceversa. En lo que respecta a la realidad de los ni\u00f1os y ni\u00f1as los adultos miramos hacia abajo, desde arriba hacia abajo. Los ni\u00f1os y&hellip;","og_locale":"pt_BR","og_type":"article","og_title":"OJOS BAJITOS. UN PUNTO DE VISTA DIFERENTE","og_description":"La forma en la que adultos y menores vemos la realidad es muy diferente, lo que para unos es un gran problema puede que para los otros apenas exista y viceversa. En lo que respecta a la realidad de los ni\u00f1os y ni\u00f1as los adultos miramos hacia abajo, desde arriba hacia abajo. Los ni\u00f1os y&hellip;","og_url":"https:\/\/www.itakaescolapios.org\/pt\/campanas\/2014-2015-ven-y-veras-la-realidad-que-hay-detras\/ojos-bajitos-un-punto-de-vista-diferente\/","og_site_name":"Itaka-Escolapios","article_modified_time":"2023-11-28T11:38:56+00:00","twitter_card":"summary_large_image","twitter_misc":{"Est. tempo de leitura":"2 minutos"},"schema":{"@context":"https:\/\/schema.org","@graph":[{"@type":"WebPage","@id":"https:\/\/www.itakaescolapios.org\/pt\/campanas\/2014-2015-ven-y-veras-la-realidad-que-hay-detras\/ojos-bajitos-un-punto-de-vista-diferente\/","url":"https:\/\/www.itakaescolapios.org\/pt\/campanas\/2014-2015-ven-y-veras-la-realidad-que-hay-detras\/ojos-bajitos-un-punto-de-vista-diferente\/","name":"OJOS BAJITOS. UN PUNTO DE VISTA DIFERENTE - Itaka-Escolapios","isPartOf":{"@id":"https:\/\/www.itakaescolapios.org\/es\/#website"},"datePublished":"2014-10-13T13:40:15+00:00","dateModified":"2023-11-28T11:38:56+00:00","breadcrumb":{"@id":"https:\/\/www.itakaescolapios.org\/pt\/campanas\/2014-2015-ven-y-veras-la-realidad-que-hay-detras\/ojos-bajitos-un-punto-de-vista-diferente\/#breadcrumb"},"inLanguage":"pt-BR","potentialAction":[{"@type":"ReadAction","target":["https:\/\/www.itakaescolapios.org\/pt\/campanas\/2014-2015-ven-y-veras-la-realidad-que-hay-detras\/ojos-bajitos-un-punto-de-vista-diferente\/"]}]},{"@type":"BreadcrumbList","@id":"https:\/\/www.itakaescolapios.org\/pt\/campanas\/2014-2015-ven-y-veras-la-realidad-que-hay-detras\/ojos-bajitos-un-punto-de-vista-diferente\/#breadcrumb","itemListElement":[{"@type":"ListItem","position":1,"name":"Itaka-Escolapios","item":"https:\/\/www.itakaescolapios.org\/es\/"},{"@type":"ListItem","position":2,"name":"Campa\u00f1as","item":"https:\/\/www.itakaescolapios.org\/es\/campanas\/"},{"@type":"ListItem","position":3,"name":"2014-2015 VEN y VER\u00c1S, LA REALIDAD QUE HAY DETR\u00c1S","item":"https:\/\/www.itakaescolapios.org\/es\/campanas\/2014-2015-ven-y-veras-la-realidad-que-hay-detras\/"},{"@type":"ListItem","position":4,"name":"OJOS BAJITOS. UN PUNTO DE VISTA DIFERENTE"}]},{"@type":"WebSite","@id":"https:\/\/www.itakaescolapios.org\/pt\/es\/#website","url":"https:\/\/www.itakaescolapios.org\/pt\/es\/","name":"Itaka-Escolapios","description":"Red de Itaka-Escolapios","publisher":{"@id":"https:\/\/www.itakaescolapios.org\/pt\/es\/#organization"},"potentialAction":[{"@type":"SearchAction","target":{"@type":"EntryPoint","urlTemplate":"https:\/\/www.itakaescolapios.org\/pt\/es\/?s={search_term_string}"},"query-input":{"@type":"PropertyValueSpecification","valueRequired":true,"valueName":"search_term_string"}}],"inLanguage":"pt-BR"},{"@type":"Organization","@id":"https:\/\/www.itakaescolapios.org\/pt\/es\/#organization","name":"Fundaci\u00f3 Itaka-Escolapios","url":"https:\/\/www.itakaescolapios.org\/pt\/es\/","logo":{"@type":"ImageObject","inLanguage":"pt-BR","@id":"https:\/\/www.itakaescolapios.org\/pt\/es\/#\/schema\/logo\/image\/","url":"https:\/\/www.itakaescolapios.org\/wp-content\/uploads\/2024\/04\/Logo-itakaescolapios-peque.png","contentUrl":"https:\/\/www.itakaescolapios.org\/wp-content\/uploads\/2024\/04\/Logo-itakaescolapios-peque.png","width":500,"height":199,"caption":"Fundaci\u00f3 Itaka-Escolapios"},"image":{"@id":"https:\/\/www.itakaescolapios.org\/pt\/es\/#\/schema\/logo\/image\/"}}]}},"_links":{"self":[{"href":"https:\/\/www.itakaescolapios.org\/pt\/wp-json\/wp\/v2\/pages\/10180","targetHints":{"allow":["GET"]}}],"collection":[{"href":"https:\/\/www.itakaescolapios.org\/pt\/wp-json\/wp\/v2\/pages"}],"about":[{"href":"https:\/\/www.itakaescolapios.org\/pt\/wp-json\/wp\/v2\/types\/page"}],"author":[{"embeddable":true,"href":"https:\/\/www.itakaescolapios.org\/pt\/wp-json\/wp\/v2\/users\/46"}],"replies":[{"embeddable":true,"href":"https:\/\/www.itakaescolapios.org\/pt\/wp-json\/wp\/v2\/comments?post=10180"}],"version-history":[{"count":57,"href":"https:\/\/www.itakaescolapios.org\/pt\/wp-json\/wp\/v2\/pages\/10180\/revisions"}],"predecessor-version":[{"id":48983,"href":"https:\/\/www.itakaescolapios.org\/pt\/wp-json\/wp\/v2\/pages\/10180\/revisions\/48983"}],"up":[{"embeddable":true,"href":"https:\/\/www.itakaescolapios.org\/pt\/wp-json\/wp\/v2\/pages\/10167"}],"wp:attachment":[{"href":"https:\/\/www.itakaescolapios.org\/pt\/wp-json\/wp\/v2\/media?parent=10180"}],"curies":[{"name":"wp","href":"https:\/\/api.w.org\/{rel}","templated":true}]}}