{"id":10185,"date":"2014-10-13T14:42:34","date_gmt":"2014-10-13T13:42:34","guid":{"rendered":"https:\/\/www.itakaescolapios.org\/?page_id=10185"},"modified":"2023-11-28T12:38:56","modified_gmt":"2023-11-28T11:38:56","slug":"carteleria","status":"publish","type":"page","link":"https:\/\/www.itakaescolapios.org\/pt\/campanas\/2014-2015-ven-y-veras-la-realidad-que-hay-detras\/carteleria\/","title":{"rendered":"CARTELER\u00cdA"},"content":{"rendered":"<p>Pincha sobre la imagen para descargarte el cartel de la campa\u00f1a.<\/p>\n<p><a href=\"https:\/\/www.itakaescolapios.org\/wp-content\/uploads\/2014\/10\/cartel-campa\u00f1a-2014-15castellano-2-BAJARESOL.jpg\"><img decoding=\"async\" class=\" wp-image-10880 alignnone\" alt=\"cartel campa\u00f1a 2014-15castellano 2 BAJARESOL\" src=\"https:\/\/www.itakaescolapios.org\/wp-content\/uploads\/2014\/10\/cartel-campa\u00f1a-2014-15castellano-2-BAJARESOL-300x214.jpg\" width=\"210\" height=\"150\" srcset=\"https:\/\/www.itakaescolapios.org\/wp-content\/uploads\/2014\/10\/cartel-campa\u00f1a-2014-15castellano-2-BAJARESOL-300x214.jpg 300w, https:\/\/www.itakaescolapios.org\/wp-content\/uploads\/2014\/10\/cartel-campa\u00f1a-2014-15castellano-2-BAJARESOL-1024x731.jpg 1024w, https:\/\/www.itakaescolapios.org\/wp-content\/uploads\/2014\/10\/cartel-campa\u00f1a-2014-15castellano-2-BAJARESOL-250x178.jpg 250w, https:\/\/www.itakaescolapios.org\/wp-content\/uploads\/2014\/10\/cartel-campa\u00f1a-2014-15castellano-2-BAJARESOL.jpg 2000w\" sizes=\"(max-width: 210px) 100vw, 210px\" \/><\/a>\u00a0\u00a0\u00a0\u00a0\u00a0\u00a0\u00a0\u00a0\u00a0 \u00a0 <a href=\"https:\/\/www.itakaescolapios.org\/wp-content\/uploads\/2014\/10\/cartel-campa\u00f1a-2014-15ingles-2-BAJARESOL.jpg\"><img decoding=\"async\" class=\" wp-image-10883 alignnone\" alt=\"cartel campa\u00f1a 2014-15ingles 2 BAJARESOL\" src=\"https:\/\/www.itakaescolapios.org\/wp-content\/uploads\/2014\/10\/cartel-campa\u00f1a-2014-15ingles-2-BAJARESOL-300x214.jpg\" width=\"210\" height=\"150\" srcset=\"https:\/\/www.itakaescolapios.org\/wp-content\/uploads\/2014\/10\/cartel-campa\u00f1a-2014-15ingles-2-BAJARESOL-300x214.jpg 300w, https:\/\/www.itakaescolapios.org\/wp-content\/uploads\/2014\/10\/cartel-campa\u00f1a-2014-15ingles-2-BAJARESOL-1024x731.jpg 1024w, https:\/\/www.itakaescolapios.org\/wp-content\/uploads\/2014\/10\/cartel-campa\u00f1a-2014-15ingles-2-BAJARESOL-250x178.jpg 250w, https:\/\/www.itakaescolapios.org\/wp-content\/uploads\/2014\/10\/cartel-campa\u00f1a-2014-15ingles-2-BAJARESOL.jpg 2000w\" sizes=\"(max-width: 210px) 100vw, 210px\" \/><\/a><\/p>\n<p><a href=\"https:\/\/www.itakaescolapios.org\/wp-content\/uploads\/2014\/10\/cartel-campa\u00f1a-2014-15euskera-2.jpg\"><img decoding=\"async\" class=\" wp-image-10887 alignnone\" alt=\"cartel campa\u00f1a 2014-15euskera 2\" src=\"https:\/\/www.itakaescolapios.org\/wp-content\/uploads\/2014\/10\/cartel-campa\u00f1a-2014-15euskera-2-300x214.jpg\" width=\"210\" height=\"150\" srcset=\"https:\/\/www.itakaescolapios.org\/wp-content\/uploads\/2014\/10\/cartel-campa\u00f1a-2014-15euskera-2-300x214.jpg 300w, https:\/\/www.itakaescolapios.org\/wp-content\/uploads\/2014\/10\/cartel-campa\u00f1a-2014-15euskera-2-1024x731.jpg 1024w, https:\/\/www.itakaescolapios.org\/wp-content\/uploads\/2014\/10\/cartel-campa\u00f1a-2014-15euskera-2-250x178.jpg 250w, https:\/\/www.itakaescolapios.org\/wp-content\/uploads\/2014\/10\/cartel-campa\u00f1a-2014-15euskera-2.jpg 2000w\" sizes=\"(max-width: 210px) 100vw, 210px\" \/><\/a><\/p>\n<p>Es los siguientes archivos puedes descargarte los carteles en alta\u00a0resoluci\u00f3n, preparados ya para la imprenta:<\/p>\n<h1><a href=\"https:\/\/www.itakaescolapios.org\/wp-content\/uploads\/2014\/10\/cartel-campa\u00f1a-2014-15castellano-2IMPRENTA.pdf\" target=\"_blank\" rel=\"noopener\">VEN y VER\u00c1S, la realidad que hay detr\u00e1s<\/a><\/h1>\n<p>&nbsp;<\/p>\n<h1><a href=\"https:\/\/www.itakaescolapios.org\/wp-content\/uploads\/2014\/10\/cartel-campa\u00f1a-2014-15ingles-2-IMPRENTA.pdf\" target=\"_blank\" rel=\"noopener\">COME and SEE, the reality behind<\/a><\/h1>\n<p>&nbsp;<\/p>\n<h1><a href=\"https:\/\/www.itakaescolapios.org\/wp-content\/uploads\/2014\/10\/cartel-campa\u00f1a-2014-15euskera-2-IMPRENTA.pdf\" target=\"_blank\" rel=\"noopener\">ZATOZ IKUSTERA, denon errealitatea<\/a><\/h1>\n","protected":false},"excerpt":{"rendered":"<p>Pincha sobre la imagen para descargarte el cartel de la campa\u00f1a. \u00a0\u00a0\u00a0\u00a0\u00a0\u00a0\u00a0\u00a0\u00a0 \u00a0 Es los siguientes archivos puedes descargarte los carteles en alta\u00a0resoluci\u00f3n, preparados ya para la imprenta: VEN y [&hellip;]<\/p>\n","protected":false},"author":46,"featured_media":0,"parent":10167,"menu_order":8,"comment_status":"closed","ping_status":"closed","template":"","meta":{"_et_pb_use_builder":"","_et_pb_old_content":"","_et_gb_content_width":"","footnotes":""},"class_list":["post-10185","page","type-page","status-publish","hentry"],"yoast_head":"<!-- This site is optimized with the Yoast SEO plugin v27.3 - https:\/\/yoast.com\/product\/yoast-seo-wordpress\/ -->\n<title>CARTELER\u00cdA<\/title>\n<meta name=\"description\" content=\"Pincha sobre la imagen para descargarte el cartel de la campa\u00f1a. \u00a0\u00a0\u00a0\u00a0\u00a0\u00a0\u00a0\u00a0\u00a0 \u00a0 Es los siguientes archivos puedes descargarte los carteles en alta\u00a0resoluci\u00f3n, preparados ya para la imprenta: VEN y VER\u00c1S, la realidad que hay detr\u00e1s &nbsp; COME and SEE, the reality behind &nbsp; ZATOZ IKUSTERA, denon errealitatea\" \/>\n<meta name=\"robots\" content=\"index, follow, max-snippet:-1, max-image-preview:large, max-video-preview:-1\" \/>\n<link rel=\"canonical\" href=\"\" \/>\n<meta property=\"og:locale\" content=\"pt_BR\" \/>\n<meta property=\"og:type\" content=\"article\" \/>\n<meta property=\"og:title\" content=\"CARTELER\u00cdA\" \/>\n<meta property=\"og:description\" content=\"Pincha sobre la imagen para descargarte el cartel de la campa\u00f1a. \u00a0\u00a0\u00a0\u00a0\u00a0\u00a0\u00a0\u00a0\u00a0 \u00a0 Es los siguientes archivos puedes descargarte los carteles en alta\u00a0resoluci\u00f3n, preparados ya para la imprenta: VEN y VER\u00c1S, la realidad que hay detr\u00e1s &nbsp; COME and SEE, the reality behind &nbsp; ZATOZ IKUSTERA, denon errealitatea\" \/>\n<meta property=\"og:url\" content=\"https:\/\/www.itakaescolapios.org\/pt\/campanas\/2014-2015-ven-y-veras-la-realidad-que-hay-detras\/carteleria\/\" \/>\n<meta property=\"og:site_name\" content=\"Itaka-Escolapios\" \/>\n<meta property=\"article:modified_time\" content=\"2023-11-28T11:38:56+00:00\" \/>\n<meta name=\"twitter:card\" content=\"summary_large_image\" \/>\n<script type=\"application\/ld+json\" class=\"yoast-schema-graph\">{\"@context\":\"https:\\\/\\\/schema.org\",\"@graph\":[{\"@type\":\"WebPage\",\"@id\":\"https:\\\/\\\/www.itakaescolapios.org\\\/pt\\\/campanas\\\/2014-2015-ven-y-veras-la-realidad-que-hay-detras\\\/carteleria\\\/\",\"url\":\"https:\\\/\\\/www.itakaescolapios.org\\\/pt\\\/campanas\\\/2014-2015-ven-y-veras-la-realidad-que-hay-detras\\\/carteleria\\\/\",\"name\":\"CARTELER\u00cdA - Itaka-Escolapios\",\"isPartOf\":{\"@id\":\"https:\\\/\\\/www.itakaescolapios.org\\\/es\\\/#website\"},\"datePublished\":\"2014-10-13T13:42:34+00:00\",\"dateModified\":\"2023-11-28T11:38:56+00:00\",\"breadcrumb\":{\"@id\":\"https:\\\/\\\/www.itakaescolapios.org\\\/pt\\\/campanas\\\/2014-2015-ven-y-veras-la-realidad-que-hay-detras\\\/carteleria\\\/#breadcrumb\"},\"inLanguage\":\"pt-BR\",\"potentialAction\":[{\"@type\":\"ReadAction\",\"target\":[\"https:\\\/\\\/www.itakaescolapios.org\\\/pt\\\/campanas\\\/2014-2015-ven-y-veras-la-realidad-que-hay-detras\\\/carteleria\\\/\"]}]},{\"@type\":\"BreadcrumbList\",\"@id\":\"https:\\\/\\\/www.itakaescolapios.org\\\/pt\\\/campanas\\\/2014-2015-ven-y-veras-la-realidad-que-hay-detras\\\/carteleria\\\/#breadcrumb\",\"itemListElement\":[{\"@type\":\"ListItem\",\"position\":1,\"name\":\"Itaka-Escolapios\",\"item\":\"https:\\\/\\\/www.itakaescolapios.org\\\/es\\\/\"},{\"@type\":\"ListItem\",\"position\":2,\"name\":\"Campa\u00f1as\",\"item\":\"https:\\\/\\\/www.itakaescolapios.org\\\/es\\\/campanas\\\/\"},{\"@type\":\"ListItem\",\"position\":3,\"name\":\"2014-2015 VEN y VER\u00c1S, LA REALIDAD QUE HAY DETR\u00c1S\",\"item\":\"https:\\\/\\\/www.itakaescolapios.org\\\/es\\\/campanas\\\/2014-2015-ven-y-veras-la-realidad-que-hay-detras\\\/\"},{\"@type\":\"ListItem\",\"position\":4,\"name\":\"CARTELER\u00cdA\"}]},{\"@type\":\"WebSite\",\"@id\":\"https:\\\/\\\/www.itakaescolapios.org\\\/pt\\\/es\\\/#website\",\"url\":\"https:\\\/\\\/www.itakaescolapios.org\\\/pt\\\/es\\\/\",\"name\":\"Itaka-Escolapios\",\"description\":\"Red de Itaka-Escolapios\",\"publisher\":{\"@id\":\"https:\\\/\\\/www.itakaescolapios.org\\\/pt\\\/es\\\/#organization\"},\"potentialAction\":[{\"@type\":\"SearchAction\",\"target\":{\"@type\":\"EntryPoint\",\"urlTemplate\":\"https:\\\/\\\/www.itakaescolapios.org\\\/pt\\\/es\\\/?s={search_term_string}\"},\"query-input\":{\"@type\":\"PropertyValueSpecification\",\"valueRequired\":true,\"valueName\":\"search_term_string\"}}],\"inLanguage\":\"pt-BR\"},{\"@type\":\"Organization\",\"@id\":\"https:\\\/\\\/www.itakaescolapios.org\\\/pt\\\/es\\\/#organization\",\"name\":\"Fundaci\u00f3 Itaka-Escolapios\",\"url\":\"https:\\\/\\\/www.itakaescolapios.org\\\/pt\\\/es\\\/\",\"logo\":{\"@type\":\"ImageObject\",\"inLanguage\":\"pt-BR\",\"@id\":\"https:\\\/\\\/www.itakaescolapios.org\\\/pt\\\/es\\\/#\\\/schema\\\/logo\\\/image\\\/\",\"url\":\"https:\\\/\\\/www.itakaescolapios.org\\\/wp-content\\\/uploads\\\/2024\\\/04\\\/Logo-itakaescolapios-peque.png\",\"contentUrl\":\"https:\\\/\\\/www.itakaescolapios.org\\\/wp-content\\\/uploads\\\/2024\\\/04\\\/Logo-itakaescolapios-peque.png\",\"width\":500,\"height\":199,\"caption\":\"Fundaci\u00f3 Itaka-Escolapios\"},\"image\":{\"@id\":\"https:\\\/\\\/www.itakaescolapios.org\\\/pt\\\/es\\\/#\\\/schema\\\/logo\\\/image\\\/\"}}]}<\/script>\n<!-- \/ Yoast SEO plugin. -->","yoast_head_json":{"title":"CARTELER\u00cdA","description":"Pincha sobre la imagen para descargarte el cartel de la campa\u00f1a. \u00a0\u00a0\u00a0\u00a0\u00a0\u00a0\u00a0\u00a0\u00a0 \u00a0 Es los siguientes archivos puedes descargarte los carteles en alta\u00a0resoluci\u00f3n, preparados ya para la imprenta: VEN y VER\u00c1S, la realidad que hay detr\u00e1s &nbsp; COME and SEE, the reality behind &nbsp; ZATOZ IKUSTERA, denon errealitatea","robots":{"index":"index","follow":"follow","max-snippet":"max-snippet:-1","max-image-preview":"max-image-preview:large","max-video-preview":"max-video-preview:-1"},"canonical":"Pincha sobre la imagen para descargarte el cartel de la campa\u00f1a. \u00a0\u00a0\u00a0\u00a0\u00a0\u00a0\u00a0\u00a0\u00a0 \u00a0 Es los siguientes archivos puedes descargarte los carteles en alta\u00a0resoluci\u00f3n, preparados ya para la imprenta: VEN y VER\u00c1S, la realidad que hay detr\u00e1s &nbsp; COME and SEE, the reality behind &nbsp; ZATOZ IKUSTERA, denon errealitatea","og_locale":"pt_BR","og_type":"article","og_title":"CARTELER\u00cdA","og_description":"Pincha sobre la imagen para descargarte el cartel de la campa\u00f1a. \u00a0\u00a0\u00a0\u00a0\u00a0\u00a0\u00a0\u00a0\u00a0 \u00a0 Es los siguientes archivos puedes descargarte los carteles en alta\u00a0resoluci\u00f3n, preparados ya para la imprenta: VEN y VER\u00c1S, la realidad que hay detr\u00e1s &nbsp; COME and SEE, the reality behind &nbsp; ZATOZ IKUSTERA, denon errealitatea","og_url":"https:\/\/www.itakaescolapios.org\/pt\/campanas\/2014-2015-ven-y-veras-la-realidad-que-hay-detras\/carteleria\/","og_site_name":"Itaka-Escolapios","article_modified_time":"2023-11-28T11:38:56+00:00","twitter_card":"summary_large_image","schema":{"@context":"https:\/\/schema.org","@graph":[{"@type":"WebPage","@id":"https:\/\/www.itakaescolapios.org\/pt\/campanas\/2014-2015-ven-y-veras-la-realidad-que-hay-detras\/carteleria\/","url":"https:\/\/www.itakaescolapios.org\/pt\/campanas\/2014-2015-ven-y-veras-la-realidad-que-hay-detras\/carteleria\/","name":"CARTELER\u00cdA - Itaka-Escolapios","isPartOf":{"@id":"https:\/\/www.itakaescolapios.org\/es\/#website"},"datePublished":"2014-10-13T13:42:34+00:00","dateModified":"2023-11-28T11:38:56+00:00","breadcrumb":{"@id":"https:\/\/www.itakaescolapios.org\/pt\/campanas\/2014-2015-ven-y-veras-la-realidad-que-hay-detras\/carteleria\/#breadcrumb"},"inLanguage":"pt-BR","potentialAction":[{"@type":"ReadAction","target":["https:\/\/www.itakaescolapios.org\/pt\/campanas\/2014-2015-ven-y-veras-la-realidad-que-hay-detras\/carteleria\/"]}]},{"@type":"BreadcrumbList","@id":"https:\/\/www.itakaescolapios.org\/pt\/campanas\/2014-2015-ven-y-veras-la-realidad-que-hay-detras\/carteleria\/#breadcrumb","itemListElement":[{"@type":"ListItem","position":1,"name":"Itaka-Escolapios","item":"https:\/\/www.itakaescolapios.org\/es\/"},{"@type":"ListItem","position":2,"name":"Campa\u00f1as","item":"https:\/\/www.itakaescolapios.org\/es\/campanas\/"},{"@type":"ListItem","position":3,"name":"2014-2015 VEN y VER\u00c1S, LA REALIDAD QUE HAY DETR\u00c1S","item":"https:\/\/www.itakaescolapios.org\/es\/campanas\/2014-2015-ven-y-veras-la-realidad-que-hay-detras\/"},{"@type":"ListItem","position":4,"name":"CARTELER\u00cdA"}]},{"@type":"WebSite","@id":"https:\/\/www.itakaescolapios.org\/pt\/es\/#website","url":"https:\/\/www.itakaescolapios.org\/pt\/es\/","name":"Itaka-Escolapios","description":"Red de Itaka-Escolapios","publisher":{"@id":"https:\/\/www.itakaescolapios.org\/pt\/es\/#organization"},"potentialAction":[{"@type":"SearchAction","target":{"@type":"EntryPoint","urlTemplate":"https:\/\/www.itakaescolapios.org\/pt\/es\/?s={search_term_string}"},"query-input":{"@type":"PropertyValueSpecification","valueRequired":true,"valueName":"search_term_string"}}],"inLanguage":"pt-BR"},{"@type":"Organization","@id":"https:\/\/www.itakaescolapios.org\/pt\/es\/#organization","name":"Fundaci\u00f3 Itaka-Escolapios","url":"https:\/\/www.itakaescolapios.org\/pt\/es\/","logo":{"@type":"ImageObject","inLanguage":"pt-BR","@id":"https:\/\/www.itakaescolapios.org\/pt\/es\/#\/schema\/logo\/image\/","url":"https:\/\/www.itakaescolapios.org\/wp-content\/uploads\/2024\/04\/Logo-itakaescolapios-peque.png","contentUrl":"https:\/\/www.itakaescolapios.org\/wp-content\/uploads\/2024\/04\/Logo-itakaescolapios-peque.png","width":500,"height":199,"caption":"Fundaci\u00f3 Itaka-Escolapios"},"image":{"@id":"https:\/\/www.itakaescolapios.org\/pt\/es\/#\/schema\/logo\/image\/"}}]}},"_links":{"self":[{"href":"https:\/\/www.itakaescolapios.org\/pt\/wp-json\/wp\/v2\/pages\/10185","targetHints":{"allow":["GET"]}}],"collection":[{"href":"https:\/\/www.itakaescolapios.org\/pt\/wp-json\/wp\/v2\/pages"}],"about":[{"href":"https:\/\/www.itakaescolapios.org\/pt\/wp-json\/wp\/v2\/types\/page"}],"author":[{"embeddable":true,"href":"https:\/\/www.itakaescolapios.org\/pt\/wp-json\/wp\/v2\/users\/46"}],"replies":[{"embeddable":true,"href":"https:\/\/www.itakaescolapios.org\/pt\/wp-json\/wp\/v2\/comments?post=10185"}],"version-history":[{"count":18,"href":"https:\/\/www.itakaescolapios.org\/pt\/wp-json\/wp\/v2\/pages\/10185\/revisions"}],"predecessor-version":[{"id":48979,"href":"https:\/\/www.itakaescolapios.org\/pt\/wp-json\/wp\/v2\/pages\/10185\/revisions\/48979"}],"up":[{"embeddable":true,"href":"https:\/\/www.itakaescolapios.org\/pt\/wp-json\/wp\/v2\/pages\/10167"}],"wp:attachment":[{"href":"https:\/\/www.itakaescolapios.org\/pt\/wp-json\/wp\/v2\/media?parent=10185"}],"curies":[{"name":"wp","href":"https:\/\/api.w.org\/{rel}","templated":true}]}}