{"id":10286,"date":"2014-10-20T10:18:55","date_gmt":"2014-10-20T09:18:55","guid":{"rendered":"https:\/\/www.itakaescolapios.org\/?page_id=10286"},"modified":"2023-11-28T12:38:56","modified_gmt":"2023-11-28T11:38:56","slug":"los-ninos-y-ninas-nos-cuentan-los-proyectos","status":"publish","type":"page","link":"https:\/\/www.itakaescolapios.org\/pt\/campanas\/2014-2015-ven-y-veras-la-realidad-que-hay-detras\/los-ninos-y-ninas-nos-cuentan-los-proyectos\/","title":{"rendered":"LOS NI\u00d1OS Y NI\u00d1AS NOS CUENTAN LOS PROYECTOS"},"content":{"rendered":"<p><span style=\"color: #800000;\"><strong>ESCUELAS<\/strong><\/span><\/p>\n<p><span style=\"color: #008000;\"><strong>Camer\u00fan<\/strong><\/span><\/p>\n<p><iframe loading=\"lazy\" src=\"\/\/www.youtube.com\/embed\/iye98e5mCuM\" height=\"135\" width=\"240\" allowfullscreen=\"\" frameborder=\"0\"><\/iframe>\u00a0\u00a0 <iframe loading=\"lazy\" src=\"\/\/www.youtube.com\/embed\/VzGhMgr3JTE\" height=\"135\" width=\"240\" allowfullscreen=\"\" frameborder=\"0\"><\/iframe><\/p>\n<p><span style=\"color: #008000;\"><strong>Rep\u00fablica Dominicana<\/strong><\/span><\/p>\n<p><iframe loading=\"lazy\" src=\"\/\/www.youtube.com\/embed\/wJwrKbVJvbs\" height=\"135\" width=\"240\" allowfullscreen=\"\" frameborder=\"0\"><\/iframe>\u00a0\u00a0 <iframe loading=\"lazy\" src=\"\/\/www.youtube.com\/embed\/-BvF6C3Yo7g\" height=\"135\" width=\"240\" allowfullscreen=\"\" frameborder=\"0\"><\/iframe><\/p>\n<p><span style=\"color: #008000;\"><strong>Bolivia<\/strong><\/span><\/p>\n<p><iframe loading=\"lazy\" src=\"\/\/www.youtube.com\/embed\/psFsXEfdzpA\" height=\"135\" width=\"240\" allowfullscreen=\"\" frameborder=\"0\"><\/iframe>\u00a0\u00a0 <iframe loading=\"lazy\" src=\"\/\/www.youtube.com\/embed\/3u-Tkd7FvZY\" height=\"135\" width=\"240\" allowfullscreen=\"\" frameborder=\"0\"><\/iframe><\/p>\n<p><span style=\"color: #800000;\"><strong>INTERNADOS<\/strong><\/span><\/p>\n<p><span style=\"color: #008000;\"><strong>Bolivia<\/strong><\/span><\/p>\n<p><iframe loading=\"lazy\" src=\"\/\/www.youtube.com\/embed\/Km9OHCzVgFs?rel=0\" height=\"135\" width=\"240\" allowfullscreen=\"\" frameborder=\"0\"><\/iframe>\u00a0\u00a0 <iframe loading=\"lazy\" src=\"\/\/www.youtube.com\/embed\/uzUH0L7QnCY\" height=\"135\" width=\"240\" allowfullscreen=\"\" frameborder=\"0\"><\/iframe><\/p>\n<p><iframe loading=\"lazy\" src=\"\/\/www.youtube.com\/embed\/99XcVSuvxAg\" height=\"135\" width=\"240\" allowfullscreen=\"\" frameborder=\"0\"><\/iframe><\/p>\n<p><strong><span style=\"color: #008000;\">Indonesia<\/span><\/strong><\/p>\n<p><iframe loading=\"lazy\" src=\"\/\/www.youtube.com\/embed\/vw-7T4jhNIQ\" height=\"135\" width=\"240\" allowfullscreen=\"\" frameborder=\"0\"><\/iframe>\u00a0 \u00a0<iframe loading=\"lazy\" src=\"\/\/www.youtube.com\/embed\/1u7r59SXW_4\" height=\"135\" width=\"240\" allowfullscreen=\"\" frameborder=\"0\"><\/iframe><\/p>\n<p><span style=\"color: #800000;\"><strong>CENTROS SOCIO-CULTURALES<\/strong><\/span><\/p>\n<p><span style=\"color: #008000;\"><strong>Nicaragua<\/strong><\/span><\/p>\n<p><iframe loading=\"lazy\" src=\"\/\/www.youtube.com\/embed\/5N2_pWT-rts\" height=\"135\" width=\"240\" allowfullscreen=\"\" frameborder=\"0\"><\/iframe>\u00a0\u00a0\u00a0<iframe loading=\"lazy\" src=\"\/\/www.youtube.com\/embed\/-aqJtKpF8B0\" height=\"135\" width=\"240\" allowfullscreen=\"\" frameborder=\"0\"><\/iframe><!--more--><\/p>\n","protected":false},"excerpt":{"rendered":"<p>ESCUELAS Camer\u00fan \u00a0\u00a0 Rep\u00fablica Dominicana \u00a0\u00a0 Bolivia \u00a0\u00a0 INTERNADOS Bolivia \u00a0\u00a0 Indonesia \u00a0 \u00a0 CENTROS SOCIO-CULTURALES Nicaragua \u00a0\u00a0\u00a0<\/p>\n","protected":false},"author":46,"featured_media":0,"parent":10167,"menu_order":5,"comment_status":"closed","ping_status":"closed","template":"","meta":{"_et_pb_use_builder":"","_et_pb_old_content":"","_et_gb_content_width":"","footnotes":""},"class_list":["post-10286","page","type-page","status-publish","hentry"],"yoast_head":"<!-- This site is optimized with the Yoast SEO plugin v27.3 - https:\/\/yoast.com\/product\/yoast-seo-wordpress\/ -->\n<title>LOS NI\u00d1OS Y NI\u00d1AS NOS CUENTAN LOS PROYECTOS<\/title>\n<meta name=\"description\" content=\"ESCUELAS Camer\u00fan \u00a0\u00a0 Rep\u00fablica Dominicana \u00a0\u00a0 Bolivia \u00a0\u00a0 INTERNADOS Bolivia \u00a0\u00a0 Indonesia \u00a0 \u00a0 CENTROS SOCIO-CULTURALES Nicaragua \u00a0\u00a0\u00a0\" \/>\n<meta name=\"robots\" content=\"index, follow, max-snippet:-1, max-image-preview:large, max-video-preview:-1\" \/>\n<link rel=\"canonical\" href=\"http:\/\/ESCUELAS%20Camer\u00fan%20\u00a0\u00a0%20Rep\u00fablica%20Dominicana%20\u00a0\u00a0%20Bolivia%20\u00a0\u00a0%20INTERNADOS%20Bolivia%20\u00a0\u00a0%20Indonesia%20\u00a0%20\u00a0%20CENTROS%20SOCIO-CULTURALES%20Nicaragua%20\u00a0\u00a0\u00a0\" \/>\n<meta property=\"og:locale\" content=\"pt_BR\" \/>\n<meta property=\"og:type\" content=\"article\" \/>\n<meta property=\"og:title\" content=\"LOS NI\u00d1OS Y NI\u00d1AS NOS CUENTAN LOS PROYECTOS\" \/>\n<meta property=\"og:description\" content=\"ESCUELAS Camer\u00fan \u00a0\u00a0 Rep\u00fablica Dominicana \u00a0\u00a0 Bolivia \u00a0\u00a0 INTERNADOS Bolivia \u00a0\u00a0 Indonesia \u00a0 \u00a0 CENTROS SOCIO-CULTURALES Nicaragua \u00a0\u00a0\u00a0\" \/>\n<meta property=\"og:url\" content=\"https:\/\/www.itakaescolapios.org\/pt\/campanas\/2014-2015-ven-y-veras-la-realidad-que-hay-detras\/los-ninos-y-ninas-nos-cuentan-los-proyectos\/\" \/>\n<meta property=\"og:site_name\" content=\"Itaka-Escolapios\" \/>\n<meta property=\"article:modified_time\" content=\"2023-11-28T11:38:56+00:00\" \/>\n<meta name=\"twitter:card\" content=\"summary_large_image\" \/>\n<script type=\"application\/ld+json\" class=\"yoast-schema-graph\">{\"@context\":\"https:\\\/\\\/schema.org\",\"@graph\":[{\"@type\":\"WebPage\",\"@id\":\"https:\\\/\\\/www.itakaescolapios.org\\\/pt\\\/campanas\\\/2014-2015-ven-y-veras-la-realidad-que-hay-detras\\\/los-ninos-y-ninas-nos-cuentan-los-proyectos\\\/\",\"url\":\"https:\\\/\\\/www.itakaescolapios.org\\\/pt\\\/campanas\\\/2014-2015-ven-y-veras-la-realidad-que-hay-detras\\\/los-ninos-y-ninas-nos-cuentan-los-proyectos\\\/\",\"name\":\"LOS NI\u00d1OS Y NI\u00d1AS NOS CUENTAN LOS PROYECTOS - Itaka-Escolapios\",\"isPartOf\":{\"@id\":\"https:\\\/\\\/www.itakaescolapios.org\\\/es\\\/#website\"},\"datePublished\":\"2014-10-20T09:18:55+00:00\",\"dateModified\":\"2023-11-28T11:38:56+00:00\",\"breadcrumb\":{\"@id\":\"https:\\\/\\\/www.itakaescolapios.org\\\/pt\\\/campanas\\\/2014-2015-ven-y-veras-la-realidad-que-hay-detras\\\/los-ninos-y-ninas-nos-cuentan-los-proyectos\\\/#breadcrumb\"},\"inLanguage\":\"pt-BR\",\"potentialAction\":[{\"@type\":\"ReadAction\",\"target\":[\"https:\\\/\\\/www.itakaescolapios.org\\\/pt\\\/campanas\\\/2014-2015-ven-y-veras-la-realidad-que-hay-detras\\\/los-ninos-y-ninas-nos-cuentan-los-proyectos\\\/\"]}]},{\"@type\":\"BreadcrumbList\",\"@id\":\"https:\\\/\\\/www.itakaescolapios.org\\\/pt\\\/campanas\\\/2014-2015-ven-y-veras-la-realidad-que-hay-detras\\\/los-ninos-y-ninas-nos-cuentan-los-proyectos\\\/#breadcrumb\",\"itemListElement\":[{\"@type\":\"ListItem\",\"position\":1,\"name\":\"Itaka-Escolapios\",\"item\":\"https:\\\/\\\/www.itakaescolapios.org\\\/es\\\/\"},{\"@type\":\"ListItem\",\"position\":2,\"name\":\"Campa\u00f1as\",\"item\":\"https:\\\/\\\/www.itakaescolapios.org\\\/es\\\/campanas\\\/\"},{\"@type\":\"ListItem\",\"position\":3,\"name\":\"2014-2015 VEN y VER\u00c1S, LA REALIDAD QUE HAY DETR\u00c1S\",\"item\":\"https:\\\/\\\/www.itakaescolapios.org\\\/es\\\/campanas\\\/2014-2015-ven-y-veras-la-realidad-que-hay-detras\\\/\"},{\"@type\":\"ListItem\",\"position\":4,\"name\":\"LOS NI\u00d1OS Y NI\u00d1AS NOS CUENTAN LOS PROYECTOS\"}]},{\"@type\":\"WebSite\",\"@id\":\"https:\\\/\\\/www.itakaescolapios.org\\\/pt\\\/es\\\/#website\",\"url\":\"https:\\\/\\\/www.itakaescolapios.org\\\/pt\\\/es\\\/\",\"name\":\"Itaka-Escolapios\",\"description\":\"Red de Itaka-Escolapios\",\"publisher\":{\"@id\":\"https:\\\/\\\/www.itakaescolapios.org\\\/pt\\\/es\\\/#organization\"},\"potentialAction\":[{\"@type\":\"SearchAction\",\"target\":{\"@type\":\"EntryPoint\",\"urlTemplate\":\"https:\\\/\\\/www.itakaescolapios.org\\\/pt\\\/es\\\/?s={search_term_string}\"},\"query-input\":{\"@type\":\"PropertyValueSpecification\",\"valueRequired\":true,\"valueName\":\"search_term_string\"}}],\"inLanguage\":\"pt-BR\"},{\"@type\":\"Organization\",\"@id\":\"https:\\\/\\\/www.itakaescolapios.org\\\/pt\\\/es\\\/#organization\",\"name\":\"Fundaci\u00f3 Itaka-Escolapios\",\"url\":\"https:\\\/\\\/www.itakaescolapios.org\\\/pt\\\/es\\\/\",\"logo\":{\"@type\":\"ImageObject\",\"inLanguage\":\"pt-BR\",\"@id\":\"https:\\\/\\\/www.itakaescolapios.org\\\/pt\\\/es\\\/#\\\/schema\\\/logo\\\/image\\\/\",\"url\":\"https:\\\/\\\/www.itakaescolapios.org\\\/wp-content\\\/uploads\\\/2024\\\/04\\\/Logo-itakaescolapios-peque.png\",\"contentUrl\":\"https:\\\/\\\/www.itakaescolapios.org\\\/wp-content\\\/uploads\\\/2024\\\/04\\\/Logo-itakaescolapios-peque.png\",\"width\":500,\"height\":199,\"caption\":\"Fundaci\u00f3 Itaka-Escolapios\"},\"image\":{\"@id\":\"https:\\\/\\\/www.itakaescolapios.org\\\/pt\\\/es\\\/#\\\/schema\\\/logo\\\/image\\\/\"}}]}<\/script>\n<!-- \/ Yoast SEO plugin. -->","yoast_head_json":{"title":"LOS NI\u00d1OS Y NI\u00d1AS NOS CUENTAN LOS PROYECTOS","description":"ESCUELAS Camer\u00fan \u00a0\u00a0 Rep\u00fablica Dominicana \u00a0\u00a0 Bolivia \u00a0\u00a0 INTERNADOS Bolivia \u00a0\u00a0 Indonesia \u00a0 \u00a0 CENTROS SOCIO-CULTURALES Nicaragua \u00a0\u00a0\u00a0","robots":{"index":"index","follow":"follow","max-snippet":"max-snippet:-1","max-image-preview":"max-image-preview:large","max-video-preview":"max-video-preview:-1"},"canonical":"ESCUELAS Camer\u00fan \u00a0\u00a0 Rep\u00fablica Dominicana \u00a0\u00a0 Bolivia \u00a0\u00a0 INTERNADOS Bolivia \u00a0\u00a0 Indonesia \u00a0 \u00a0 CENTROS SOCIO-CULTURALES Nicaragua \u00a0\u00a0\u00a0","og_locale":"pt_BR","og_type":"article","og_title":"LOS NI\u00d1OS Y NI\u00d1AS NOS CUENTAN LOS PROYECTOS","og_description":"ESCUELAS Camer\u00fan \u00a0\u00a0 Rep\u00fablica Dominicana \u00a0\u00a0 Bolivia \u00a0\u00a0 INTERNADOS Bolivia \u00a0\u00a0 Indonesia \u00a0 \u00a0 CENTROS SOCIO-CULTURALES Nicaragua \u00a0\u00a0\u00a0","og_url":"https:\/\/www.itakaescolapios.org\/pt\/campanas\/2014-2015-ven-y-veras-la-realidad-que-hay-detras\/los-ninos-y-ninas-nos-cuentan-los-proyectos\/","og_site_name":"Itaka-Escolapios","article_modified_time":"2023-11-28T11:38:56+00:00","twitter_card":"summary_large_image","schema":{"@context":"https:\/\/schema.org","@graph":[{"@type":"WebPage","@id":"https:\/\/www.itakaescolapios.org\/pt\/campanas\/2014-2015-ven-y-veras-la-realidad-que-hay-detras\/los-ninos-y-ninas-nos-cuentan-los-proyectos\/","url":"https:\/\/www.itakaescolapios.org\/pt\/campanas\/2014-2015-ven-y-veras-la-realidad-que-hay-detras\/los-ninos-y-ninas-nos-cuentan-los-proyectos\/","name":"LOS NI\u00d1OS Y NI\u00d1AS NOS CUENTAN LOS PROYECTOS - Itaka-Escolapios","isPartOf":{"@id":"https:\/\/www.itakaescolapios.org\/es\/#website"},"datePublished":"2014-10-20T09:18:55+00:00","dateModified":"2023-11-28T11:38:56+00:00","breadcrumb":{"@id":"https:\/\/www.itakaescolapios.org\/pt\/campanas\/2014-2015-ven-y-veras-la-realidad-que-hay-detras\/los-ninos-y-ninas-nos-cuentan-los-proyectos\/#breadcrumb"},"inLanguage":"pt-BR","potentialAction":[{"@type":"ReadAction","target":["https:\/\/www.itakaescolapios.org\/pt\/campanas\/2014-2015-ven-y-veras-la-realidad-que-hay-detras\/los-ninos-y-ninas-nos-cuentan-los-proyectos\/"]}]},{"@type":"BreadcrumbList","@id":"https:\/\/www.itakaescolapios.org\/pt\/campanas\/2014-2015-ven-y-veras-la-realidad-que-hay-detras\/los-ninos-y-ninas-nos-cuentan-los-proyectos\/#breadcrumb","itemListElement":[{"@type":"ListItem","position":1,"name":"Itaka-Escolapios","item":"https:\/\/www.itakaescolapios.org\/es\/"},{"@type":"ListItem","position":2,"name":"Campa\u00f1as","item":"https:\/\/www.itakaescolapios.org\/es\/campanas\/"},{"@type":"ListItem","position":3,"name":"2014-2015 VEN y VER\u00c1S, LA REALIDAD QUE HAY DETR\u00c1S","item":"https:\/\/www.itakaescolapios.org\/es\/campanas\/2014-2015-ven-y-veras-la-realidad-que-hay-detras\/"},{"@type":"ListItem","position":4,"name":"LOS NI\u00d1OS Y NI\u00d1AS NOS CUENTAN LOS PROYECTOS"}]},{"@type":"WebSite","@id":"https:\/\/www.itakaescolapios.org\/pt\/es\/#website","url":"https:\/\/www.itakaescolapios.org\/pt\/es\/","name":"Itaka-Escolapios","description":"Red de Itaka-Escolapios","publisher":{"@id":"https:\/\/www.itakaescolapios.org\/pt\/es\/#organization"},"potentialAction":[{"@type":"SearchAction","target":{"@type":"EntryPoint","urlTemplate":"https:\/\/www.itakaescolapios.org\/pt\/es\/?s={search_term_string}"},"query-input":{"@type":"PropertyValueSpecification","valueRequired":true,"valueName":"search_term_string"}}],"inLanguage":"pt-BR"},{"@type":"Organization","@id":"https:\/\/www.itakaescolapios.org\/pt\/es\/#organization","name":"Fundaci\u00f3 Itaka-Escolapios","url":"https:\/\/www.itakaescolapios.org\/pt\/es\/","logo":{"@type":"ImageObject","inLanguage":"pt-BR","@id":"https:\/\/www.itakaescolapios.org\/pt\/es\/#\/schema\/logo\/image\/","url":"https:\/\/www.itakaescolapios.org\/wp-content\/uploads\/2024\/04\/Logo-itakaescolapios-peque.png","contentUrl":"https:\/\/www.itakaescolapios.org\/wp-content\/uploads\/2024\/04\/Logo-itakaescolapios-peque.png","width":500,"height":199,"caption":"Fundaci\u00f3 Itaka-Escolapios"},"image":{"@id":"https:\/\/www.itakaescolapios.org\/pt\/es\/#\/schema\/logo\/image\/"}}]}},"_links":{"self":[{"href":"https:\/\/www.itakaescolapios.org\/pt\/wp-json\/wp\/v2\/pages\/10286","targetHints":{"allow":["GET"]}}],"collection":[{"href":"https:\/\/www.itakaescolapios.org\/pt\/wp-json\/wp\/v2\/pages"}],"about":[{"href":"https:\/\/www.itakaescolapios.org\/pt\/wp-json\/wp\/v2\/types\/page"}],"author":[{"embeddable":true,"href":"https:\/\/www.itakaescolapios.org\/pt\/wp-json\/wp\/v2\/users\/46"}],"replies":[{"embeddable":true,"href":"https:\/\/www.itakaescolapios.org\/pt\/wp-json\/wp\/v2\/comments?post=10286"}],"version-history":[{"count":50,"href":"https:\/\/www.itakaescolapios.org\/pt\/wp-json\/wp\/v2\/pages\/10286\/revisions"}],"predecessor-version":[{"id":48970,"href":"https:\/\/www.itakaescolapios.org\/pt\/wp-json\/wp\/v2\/pages\/10286\/revisions\/48970"}],"up":[{"embeddable":true,"href":"https:\/\/www.itakaescolapios.org\/pt\/wp-json\/wp\/v2\/pages\/10167"}],"wp:attachment":[{"href":"https:\/\/www.itakaescolapios.org\/pt\/wp-json\/wp\/v2\/media?parent=10286"}],"curies":[{"name":"wp","href":"https:\/\/api.w.org\/{rel}","templated":true}]}}