{"id":13305,"date":"2015-10-21T10:58:56","date_gmt":"2015-10-21T09:58:56","guid":{"rendered":"https:\/\/www.itakaescolapios.org\/?page_id=13305"},"modified":"2023-11-28T12:38:36","modified_gmt":"2023-11-28T11:38:36","slug":"recordando-la-campana-ven-y-veras-la-realidad-que-hay-detras","status":"publish","type":"page","link":"https:\/\/www.itakaescolapios.org\/pt\/campanas\/2015-2016-al-encuentro-de-atambua\/recordando-la-campana-ven-y-veras-la-realidad-que-hay-detras\/","title":{"rendered":"RECORDANDO LA CAMPA\u00d1A: \"VEN Y VER\u00c1S, LA REALIDAD QUE HAY DETR\u00c1S\""},"content":{"rendered":"<p>Con la campa\u00f1a de solidaridad del curso 2014-2015 quisimos ahondar en la fuerza transformadora de la educaci\u00f3n, conociendo m\u00e1s sobre como las Escuelas P\u00edas promueven una educaci\u00f3n integral, de calidad y accesible en cientos de lugares empobrecidos del mundo.\u00a0 Rincones que, al igual que el Trast\u00e9vere romano en tiempos de Calasanz, necesitan de esa labor educativa que apuesta por el futuro de sus ni\u00f1os, ni\u00f1as y j\u00f3venes, en su gran mayor\u00eda en situaci\u00f3n de pobreza.<\/p>\n<p>La campa\u00f1a nos invitaba a mirar y conocer la realidad educativa escolapia con ojos de ni\u00f1o, especialmente con los de aquellos que viven una realidad de pobreza. A lo largo de todo un curso nos hemos acercado a los \u201ctrast\u00e9veres\u201d del mundo donde est\u00e1n presentes las Escuelas P\u00edas y la red de solidaridad de Itaka-Escolapios.<\/p>\n<p>M\u00e1s de 20.000 alumnos y alumnas de 37 colegios de Espa\u00f1a trabajaron en las aulas el valor de la educaci\u00f3n como motor de cambio, conociendo la realidad escolapia de los lugares m\u00e1s desfavorecidos. Gracias a \u00e9ste trabajo de sensibilizaci\u00f3n hemos logrado enviar a los diferentes proyectos educativos de la red de solidaridad de Itaka-Escolapios un total de 176.210,91 \u20ac<\/p>\n<p style=\"text-align: center;\"><a href=\"https:\/\/www.itakaescolapios.org\/wp-content\/uploads\/2015\/11\/grafico-campa\u00f1a-solidaridad.png\"><img decoding=\"async\" class=\"wp-image-13469 aligncenter\" alt=\"grafico campa\u00f1a solidaridad\" src=\"https:\/\/www.itakaescolapios.org\/wp-content\/uploads\/2015\/11\/grafico-campa\u00f1a-solidaridad.png\" width=\"497\" height=\"318\" srcset=\"https:\/\/www.itakaescolapios.org\/wp-content\/uploads\/2015\/11\/grafico-campa\u00f1a-solidaridad.png 888w, https:\/\/www.itakaescolapios.org\/wp-content\/uploads\/2015\/11\/grafico-campa\u00f1a-solidaridad-300x191.png 300w, https:\/\/www.itakaescolapios.org\/wp-content\/uploads\/2015\/11\/grafico-campa\u00f1a-solidaridad-250x159.png 250w\" sizes=\"(max-width: 497px) 100vw, 497px\" \/><\/a><\/p>\n<p>\u00a0 <em>El descenso que se produce en el curso 2014-2015 se debe a que en la anterior campa\u00f1a se imput\u00f3 el importe\u00a0 recibido por el premio Norte y Sur, adem\u00e1s de \u00e9sto el dinero recaudado el pasado curso por uno de los colegios se destin\u00f3 a una de las ordenes religiosas con las que se comparte el centro escolar<\/em><\/p>\n<table width=\"3\" border=\"0\" cellspacing=\"0\" cellpadding=\"0\">\n<tbody>\n<tr>\n<td dir=\"LTR\" width=\"119\" height=\"17\"><\/td>\n<\/tr>\n<\/tbody>\n<\/table>\n<p><!--more--><\/p>\n","protected":false},"excerpt":{"rendered":"<p>Con la campa\u00f1a de solidaridad del curso 2014-2015 quisimos ahondar en la fuerza transformadora de la educaci\u00f3n, conociendo m\u00e1s sobre como las Escuelas P\u00edas promueven una educaci\u00f3n integral, de calidad [&hellip;]<\/p>\n","protected":false},"author":46,"featured_media":0,"parent":13298,"menu_order":1,"comment_status":"closed","ping_status":"closed","template":"","meta":{"_et_pb_use_builder":"","_et_pb_old_content":"","_et_gb_content_width":"","footnotes":""},"class_list":["post-13305","page","type-page","status-publish","hentry"],"yoast_head":"<!-- This site is optimized with the Yoast SEO plugin v27.3 - https:\/\/yoast.com\/product\/yoast-seo-wordpress\/ -->\n<title>RECORDANDO LA CAMPA\u00d1A: &quot;VEN Y VER\u00c1S, LA REALIDAD QUE HAY DETR\u00c1S&quot;<\/title>\n<meta name=\"description\" content=\"Con la campa\u00f1a de solidaridad del curso 2014-2015 quisimos ahondar en la fuerza transformadora de la educaci\u00f3n, conociendo m\u00e1s sobre como las Escuelas P\u00edas promueven una educaci\u00f3n integral, de calidad y accesible en cientos de lugares empobrecidos del mundo.\u00a0 Rincones que, al igual que el Trast\u00e9vere romano en tiempos de Calasanz, necesitan de esa labor&hellip;\" \/>\n<meta name=\"robots\" content=\"index, follow, max-snippet:-1, max-image-preview:large, max-video-preview:-1\" \/>\n<link rel=\"canonical\" href=\"http:\/\/Con%20la%20campa\u00f1a%20de%20solidaridad%20del%20curso%202014-2015%20quisimos%20ahondar%20en%20la%20fuerza%20transformadora%20de%20la%20educaci\u00f3n,%20conociendo%20m\u00e1s%20sobre%20como%20las%20Escuelas%20P\u00edas%20promueven%20una%20educaci\u00f3n%20integral,%20de%20calidad%20y%20accesible%20en%20cientos%20de%20lugares%20empobrecidos%20del%20mundo.\u00a0%20Rincones%20que,%20al%20igual%20que%20el%20Trast\u00e9vere%20romano%20en%20tiempos%20de%20Calasanz,%20necesitan%20de%20esa%20labor&hellip;\" \/>\n<meta property=\"og:locale\" content=\"pt_BR\" \/>\n<meta property=\"og:type\" content=\"article\" \/>\n<meta property=\"og:title\" content=\"RECORDANDO LA CAMPA\u00d1A: &quot;VEN Y VER\u00c1S, LA REALIDAD QUE HAY DETR\u00c1S&quot;\" \/>\n<meta property=\"og:description\" content=\"Con la campa\u00f1a de solidaridad del curso 2014-2015 quisimos ahondar en la fuerza transformadora de la educaci\u00f3n, conociendo m\u00e1s sobre como las Escuelas P\u00edas promueven una educaci\u00f3n integral, de calidad y accesible en cientos de lugares empobrecidos del mundo.\u00a0 Rincones que, al igual que el Trast\u00e9vere romano en tiempos de Calasanz, necesitan de esa labor&hellip;\" \/>\n<meta property=\"og:url\" content=\"https:\/\/www.itakaescolapios.org\/pt\/campanas\/2015-2016-al-encuentro-de-atambua\/recordando-la-campana-ven-y-veras-la-realidad-que-hay-detras\/\" \/>\n<meta property=\"og:site_name\" content=\"Itaka-Escolapios\" \/>\n<meta property=\"article:modified_time\" content=\"2023-11-28T11:38:36+00:00\" \/>\n<meta name=\"twitter:card\" content=\"summary_large_image\" \/>\n<meta name=\"twitter:label1\" content=\"Est. tempo de leitura\" \/>\n\t<meta name=\"twitter:data1\" content=\"1 minuto\" \/>\n<script type=\"application\/ld+json\" class=\"yoast-schema-graph\">{\"@context\":\"https:\\\/\\\/schema.org\",\"@graph\":[{\"@type\":\"WebPage\",\"@id\":\"https:\\\/\\\/www.itakaescolapios.org\\\/pt\\\/campanas\\\/2015-2016-al-encuentro-de-atambua\\\/recordando-la-campana-ven-y-veras-la-realidad-que-hay-detras\\\/\",\"url\":\"https:\\\/\\\/www.itakaescolapios.org\\\/pt\\\/campanas\\\/2015-2016-al-encuentro-de-atambua\\\/recordando-la-campana-ven-y-veras-la-realidad-que-hay-detras\\\/\",\"name\":\"RECORDANDO LA CAMPA\u00d1A: \\\"VEN Y VER\u00c1S, LA REALIDAD QUE HAY DETR\u00c1S\\\" - Itaka-Escolapios\",\"isPartOf\":{\"@id\":\"https:\\\/\\\/www.itakaescolapios.org\\\/es\\\/#website\"},\"datePublished\":\"2015-10-21T09:58:56+00:00\",\"dateModified\":\"2023-11-28T11:38:36+00:00\",\"breadcrumb\":{\"@id\":\"https:\\\/\\\/www.itakaescolapios.org\\\/pt\\\/campanas\\\/2015-2016-al-encuentro-de-atambua\\\/recordando-la-campana-ven-y-veras-la-realidad-que-hay-detras\\\/#breadcrumb\"},\"inLanguage\":\"pt-BR\",\"potentialAction\":[{\"@type\":\"ReadAction\",\"target\":[\"https:\\\/\\\/www.itakaescolapios.org\\\/pt\\\/campanas\\\/2015-2016-al-encuentro-de-atambua\\\/recordando-la-campana-ven-y-veras-la-realidad-que-hay-detras\\\/\"]}]},{\"@type\":\"BreadcrumbList\",\"@id\":\"https:\\\/\\\/www.itakaescolapios.org\\\/pt\\\/campanas\\\/2015-2016-al-encuentro-de-atambua\\\/recordando-la-campana-ven-y-veras-la-realidad-que-hay-detras\\\/#breadcrumb\",\"itemListElement\":[{\"@type\":\"ListItem\",\"position\":1,\"name\":\"Itaka-Escolapios\",\"item\":\"https:\\\/\\\/www.itakaescolapios.org\\\/es\\\/\"},{\"@type\":\"ListItem\",\"position\":2,\"name\":\"Campa\u00f1as\",\"item\":\"https:\\\/\\\/www.itakaescolapios.org\\\/es\\\/campanas\\\/\"},{\"@type\":\"ListItem\",\"position\":3,\"name\":\"2015-2016 AL ENCUENTRO CON ATAMB\u00daA\",\"item\":\"https:\\\/\\\/www.itakaescolapios.org\\\/es\\\/campanas\\\/2015-2016-al-encuentro-de-atambua\\\/\"},{\"@type\":\"ListItem\",\"position\":4,\"name\":\"RECORDANDO LA CAMPA\u00d1A: \\\"VEN Y VER\u00c1S, LA REALIDAD QUE HAY DETR\u00c1S\\\"\"}]},{\"@type\":\"WebSite\",\"@id\":\"https:\\\/\\\/www.itakaescolapios.org\\\/pt\\\/es\\\/#website\",\"url\":\"https:\\\/\\\/www.itakaescolapios.org\\\/pt\\\/es\\\/\",\"name\":\"Itaka-Escolapios\",\"description\":\"Red de Itaka-Escolapios\",\"publisher\":{\"@id\":\"https:\\\/\\\/www.itakaescolapios.org\\\/pt\\\/es\\\/#organization\"},\"potentialAction\":[{\"@type\":\"SearchAction\",\"target\":{\"@type\":\"EntryPoint\",\"urlTemplate\":\"https:\\\/\\\/www.itakaescolapios.org\\\/pt\\\/es\\\/?s={search_term_string}\"},\"query-input\":{\"@type\":\"PropertyValueSpecification\",\"valueRequired\":true,\"valueName\":\"search_term_string\"}}],\"inLanguage\":\"pt-BR\"},{\"@type\":\"Organization\",\"@id\":\"https:\\\/\\\/www.itakaescolapios.org\\\/pt\\\/es\\\/#organization\",\"name\":\"Fundaci\u00f3 Itaka-Escolapios\",\"url\":\"https:\\\/\\\/www.itakaescolapios.org\\\/pt\\\/es\\\/\",\"logo\":{\"@type\":\"ImageObject\",\"inLanguage\":\"pt-BR\",\"@id\":\"https:\\\/\\\/www.itakaescolapios.org\\\/pt\\\/es\\\/#\\\/schema\\\/logo\\\/image\\\/\",\"url\":\"https:\\\/\\\/www.itakaescolapios.org\\\/wp-content\\\/uploads\\\/2024\\\/04\\\/Logo-itakaescolapios-peque.png\",\"contentUrl\":\"https:\\\/\\\/www.itakaescolapios.org\\\/wp-content\\\/uploads\\\/2024\\\/04\\\/Logo-itakaescolapios-peque.png\",\"width\":500,\"height\":199,\"caption\":\"Fundaci\u00f3 Itaka-Escolapios\"},\"image\":{\"@id\":\"https:\\\/\\\/www.itakaescolapios.org\\\/pt\\\/es\\\/#\\\/schema\\\/logo\\\/image\\\/\"}}]}<\/script>\n<!-- \/ Yoast SEO plugin. -->","yoast_head_json":{"title":"RECORDANDO LA CAMPA\u00d1A: \"VEN Y VER\u00c1S, LA REALIDAD QUE HAY DETR\u00c1S\"","description":"Con la campa\u00f1a de solidaridad del curso 2014-2015 quisimos ahondar en la fuerza transformadora de la educaci\u00f3n, conociendo m\u00e1s sobre como las Escuelas P\u00edas promueven una educaci\u00f3n integral, de calidad y accesible en cientos de lugares empobrecidos del mundo.\u00a0 Rincones que, al igual que el Trast\u00e9vere romano en tiempos de Calasanz, necesitan de esa labor&hellip;","robots":{"index":"index","follow":"follow","max-snippet":"max-snippet:-1","max-image-preview":"max-image-preview:large","max-video-preview":"max-video-preview:-1"},"canonical":"Con la campa\u00f1a de solidaridad del curso 2014-2015 quisimos ahondar en la fuerza transformadora de la educaci\u00f3n, conociendo m\u00e1s sobre como las Escuelas P\u00edas promueven una educaci\u00f3n integral, de calidad y accesible en cientos de lugares empobrecidos del mundo.\u00a0 Rincones que, al igual que el Trast\u00e9vere romano en tiempos de Calasanz, necesitan de esa labor&hellip;","og_locale":"pt_BR","og_type":"article","og_title":"RECORDANDO LA CAMPA\u00d1A: \"VEN Y VER\u00c1S, LA REALIDAD QUE HAY DETR\u00c1S\"","og_description":"Con la campa\u00f1a de solidaridad del curso 2014-2015 quisimos ahondar en la fuerza transformadora de la educaci\u00f3n, conociendo m\u00e1s sobre como las Escuelas P\u00edas promueven una educaci\u00f3n integral, de calidad y accesible en cientos de lugares empobrecidos del mundo.\u00a0 Rincones que, al igual que el Trast\u00e9vere romano en tiempos de Calasanz, necesitan de esa labor&hellip;","og_url":"https:\/\/www.itakaescolapios.org\/pt\/campanas\/2015-2016-al-encuentro-de-atambua\/recordando-la-campana-ven-y-veras-la-realidad-que-hay-detras\/","og_site_name":"Itaka-Escolapios","article_modified_time":"2023-11-28T11:38:36+00:00","twitter_card":"summary_large_image","twitter_misc":{"Est. tempo de leitura":"1 minuto"},"schema":{"@context":"https:\/\/schema.org","@graph":[{"@type":"WebPage","@id":"https:\/\/www.itakaescolapios.org\/pt\/campanas\/2015-2016-al-encuentro-de-atambua\/recordando-la-campana-ven-y-veras-la-realidad-que-hay-detras\/","url":"https:\/\/www.itakaescolapios.org\/pt\/campanas\/2015-2016-al-encuentro-de-atambua\/recordando-la-campana-ven-y-veras-la-realidad-que-hay-detras\/","name":"RECORDANDO LA CAMPA\u00d1A: \"VEN Y VER\u00c1S, LA REALIDAD QUE HAY DETR\u00c1S\" - Itaka-Escolapios","isPartOf":{"@id":"https:\/\/www.itakaescolapios.org\/es\/#website"},"datePublished":"2015-10-21T09:58:56+00:00","dateModified":"2023-11-28T11:38:36+00:00","breadcrumb":{"@id":"https:\/\/www.itakaescolapios.org\/pt\/campanas\/2015-2016-al-encuentro-de-atambua\/recordando-la-campana-ven-y-veras-la-realidad-que-hay-detras\/#breadcrumb"},"inLanguage":"pt-BR","potentialAction":[{"@type":"ReadAction","target":["https:\/\/www.itakaescolapios.org\/pt\/campanas\/2015-2016-al-encuentro-de-atambua\/recordando-la-campana-ven-y-veras-la-realidad-que-hay-detras\/"]}]},{"@type":"BreadcrumbList","@id":"https:\/\/www.itakaescolapios.org\/pt\/campanas\/2015-2016-al-encuentro-de-atambua\/recordando-la-campana-ven-y-veras-la-realidad-que-hay-detras\/#breadcrumb","itemListElement":[{"@type":"ListItem","position":1,"name":"Itaka-Escolapios","item":"https:\/\/www.itakaescolapios.org\/es\/"},{"@type":"ListItem","position":2,"name":"Campa\u00f1as","item":"https:\/\/www.itakaescolapios.org\/es\/campanas\/"},{"@type":"ListItem","position":3,"name":"2015-2016 AL ENCUENTRO CON ATAMB\u00daA","item":"https:\/\/www.itakaescolapios.org\/es\/campanas\/2015-2016-al-encuentro-de-atambua\/"},{"@type":"ListItem","position":4,"name":"RECORDANDO LA CAMPA\u00d1A: \"VEN Y VER\u00c1S, LA REALIDAD QUE HAY DETR\u00c1S\""}]},{"@type":"WebSite","@id":"https:\/\/www.itakaescolapios.org\/pt\/es\/#website","url":"https:\/\/www.itakaescolapios.org\/pt\/es\/","name":"Itaka-Escolapios","description":"Red de Itaka-Escolapios","publisher":{"@id":"https:\/\/www.itakaescolapios.org\/pt\/es\/#organization"},"potentialAction":[{"@type":"SearchAction","target":{"@type":"EntryPoint","urlTemplate":"https:\/\/www.itakaescolapios.org\/pt\/es\/?s={search_term_string}"},"query-input":{"@type":"PropertyValueSpecification","valueRequired":true,"valueName":"search_term_string"}}],"inLanguage":"pt-BR"},{"@type":"Organization","@id":"https:\/\/www.itakaescolapios.org\/pt\/es\/#organization","name":"Fundaci\u00f3 Itaka-Escolapios","url":"https:\/\/www.itakaescolapios.org\/pt\/es\/","logo":{"@type":"ImageObject","inLanguage":"pt-BR","@id":"https:\/\/www.itakaescolapios.org\/pt\/es\/#\/schema\/logo\/image\/","url":"https:\/\/www.itakaescolapios.org\/wp-content\/uploads\/2024\/04\/Logo-itakaescolapios-peque.png","contentUrl":"https:\/\/www.itakaescolapios.org\/wp-content\/uploads\/2024\/04\/Logo-itakaescolapios-peque.png","width":500,"height":199,"caption":"Fundaci\u00f3 Itaka-Escolapios"},"image":{"@id":"https:\/\/www.itakaescolapios.org\/pt\/es\/#\/schema\/logo\/image\/"}}]}},"_links":{"self":[{"href":"https:\/\/www.itakaescolapios.org\/pt\/wp-json\/wp\/v2\/pages\/13305","targetHints":{"allow":["GET"]}}],"collection":[{"href":"https:\/\/www.itakaescolapios.org\/pt\/wp-json\/wp\/v2\/pages"}],"about":[{"href":"https:\/\/www.itakaescolapios.org\/pt\/wp-json\/wp\/v2\/types\/page"}],"author":[{"embeddable":true,"href":"https:\/\/www.itakaescolapios.org\/pt\/wp-json\/wp\/v2\/users\/46"}],"replies":[{"embeddable":true,"href":"https:\/\/www.itakaescolapios.org\/pt\/wp-json\/wp\/v2\/comments?post=13305"}],"version-history":[{"count":29,"href":"https:\/\/www.itakaescolapios.org\/pt\/wp-json\/wp\/v2\/pages\/13305\/revisions"}],"predecessor-version":[{"id":48586,"href":"https:\/\/www.itakaescolapios.org\/pt\/wp-json\/wp\/v2\/pages\/13305\/revisions\/48586"}],"up":[{"embeddable":true,"href":"https:\/\/www.itakaescolapios.org\/pt\/wp-json\/wp\/v2\/pages\/13298"}],"wp:attachment":[{"href":"https:\/\/www.itakaescolapios.org\/pt\/wp-json\/wp\/v2\/media?parent=13305"}],"curies":[{"name":"wp","href":"https:\/\/api.w.org\/{rel}","templated":true}]}}