{"id":13329,"date":"2015-10-22T11:00:18","date_gmt":"2015-10-22T10:00:18","guid":{"rendered":"https:\/\/www.itakaescolapios.org\/?page_id=13329"},"modified":"2023-11-28T12:38:36","modified_gmt":"2023-11-28T11:38:36","slug":"asrama-proyecto-escolapio-apoyado-con-la-campana-de-solidaridad","status":"publish","type":"page","link":"https:\/\/www.itakaescolapios.org\/pt\/campanas\/2015-2016-al-encuentro-de-atambua\/asrama-proyecto-escolapio-apoyado-con-la-campana-de-solidaridad\/","title":{"rendered":"ASRAMA. PROYECTO ESCOLAPIO APOYADO CON LA CAMPA\u00d1A DE SOLIDARIDAD"},"content":{"rendered":"<p style=\"text-align: center;\"><a href=\"https:\/\/www.itakaescolapios.org\/wp-content\/uploads\/2015\/10\/Asrama.png\"><img decoding=\"async\" class=\"wp-image-13491\" style=\"width: 435px; height: 254px;\" alt=\"Asrama\" src=\"https:\/\/www.itakaescolapios.org\/wp-content\/uploads\/2015\/10\/Asrama-300x166.png\" width=\"300\" height=\"166\" srcset=\"https:\/\/www.itakaescolapios.org\/wp-content\/uploads\/2015\/10\/Asrama-300x166.png 300w, https:\/\/www.itakaescolapios.org\/wp-content\/uploads\/2015\/10\/Asrama-250x138.png 250w, https:\/\/www.itakaescolapios.org\/wp-content\/uploads\/2015\/10\/Asrama.png 856w\" sizes=\"(max-width: 300px) 100vw, 300px\" \/><\/a><\/p>\n<p style=\"text-align: center;\"><span style=\"color: #993300;\"><strong>Pincha sobre los enlaces para conocer m\u00e1s sobre el proyecto:<\/strong><\/span><\/p>\n<p style=\"text-align: center;\"><span style=\"color: #99ac34;\"><strong><a href=\"https:\/\/www.itakaescolapios.org\/wp-content\/uploads\/2015\/10\/ficha0.pdf\"><span style=\"color: #99ac34;\">INFORMACI\u00d3N: ASRAMA CALASANZ<\/span><\/a>\u00a0\u00a0\u00a0\u00a0\u00a0\u00a0\u00a0 &#8211;\u00a0\u00a0\u00a0\u00a0\u00a0\u00a0<a href=\"https:\/\/www.itakaescolapios.org\/wp-content\/uploads\/2015\/10\/ficha03-ATAMBUAINDONESIA.pdf\"><span style=\"color: #99ac34;\">LA VIDA EN ATAMBUA<\/span><\/a><\/strong><\/span><\/p>\n<p style=\"text-align: center;\"><span style=\"color: #99ac34;\"><strong><a href=\"https:\/\/www.itakaescolapios.org\/wp-content\/uploads\/2015\/10\/ficha02-trazos-1.pdf\"><span style=\"color: #99ac34;\">9 INFORMACIONES CLAVE SOBRE LOS ESCOLAPIOS EN INDONESIA <\/span><\/a><\/strong><\/span><\/p>\n<p style=\"text-align: center;\"><span style=\"color: #99ac34;\"><strong><a href=\"https:\/\/www.itakaescolapios.org\/wp-content\/uploads\/2015\/10\/ficha01-trazos.pdf\"><span style=\"color: #99ac34;\">TRAZOS PARA AYUDARTE A DIBUJAR INDONESIA<\/span><\/a><\/strong><\/span><\/p>\n<p style=\"text-align: left;\"><span style=\"color: #808000;\"><strong>\u00a0<\/strong><\/span><\/p>\n<p style=\"text-align: justify;\">Los Escolapios han empezado su andadura en Indonesia hace escasamente dos a\u00f1os, llegaron en el 2013, instal\u00e1ndose en la ciudad de Atamb\u00faa, con el objetivo de conocer la realidad del pa\u00eds, e ir descubriendo poco a poco las necesidades y acciones concretas que se podr\u00edan llevar a cabo.<\/p>\n<p style=\"text-align: justify;\">Tras este per\u00edodo, en el que se ha colaborado en colegios de la zona, ha comenzado un proyecto escolapio de educaci\u00f3n no formal que consiste en impartir clases de ingl\u00e9s a ni\u00f1os y ni\u00f1as del barrio y realizar actividades de ocio y tiempo libre. Durante este tiempo se ha conocido la red educativa de Atamb\u00faa, entablando relaci\u00f3n con otras entidades e internados donde se acogen a adolescentes procedentes de los pueblos cercanos, o de Timor Este, que acuden a estudiar a la ciudad.<\/p>\n<p style=\"text-align: justify;\">Todo este conocimiento previo de la realidad ha propiciado la decisi\u00f3n de construir un internado como una de las principales labores a llevar a cabo por la Escuela P\u00eda en la zona. Se trata de una necesidad urgente. Son muchos los chicos que, procedentes de pueblos de los alrededores deben trasladarse a Atamb\u00faa para estudiar secundaria y bachiller teniendo que recorrer grandes distancias para continuar con los estudios y, al no existir plazas para internos en Atamb\u00faa, muchos abandonan los estudios. Se trata de un Asrama (internado) masculino porque las chicas encuentran f\u00e1cilmente la posibilidad de continuar sus estudios en asramas femeninos dirigidos por religiosas.<\/p>\n<p style=\"text-align: justify;\">De esta manera, la construcci\u00f3n del Asrama facilitar\u00e1 y permitir\u00e1 el acceso a la educaci\u00f3n de muchos j\u00f3venes, evitando as\u00ed el abandono de sus estudios al llegar a la secundaria. Los destinatarios del internado ser\u00e1n cien chicos de entre 12 y 15 a\u00f1os, estudiantes de secundaria, con la posibilidad de acoger en un futuro a alumnado de bachiller. Estos j\u00f3venes proceder\u00e1n principalmente de las zonas rurales de Belu y Malaka, lugares desde donde a menudo estos j\u00f3venes han de trasladarse para estudiar secundaria y bachiller porque en sus ciudades s\u00f3lo existen escuelas de primaria o por la falta calidad de las escuelas de los lugares en los que residen.<\/p>\n<p><!--more--><\/p>\n","protected":false},"excerpt":{"rendered":"<p>Pincha sobre los enlaces para conocer m\u00e1s sobre el proyecto: INFORMACI\u00d3N: ASRAMA CALASANZ\u00a0\u00a0\u00a0\u00a0\u00a0\u00a0\u00a0 &#8211;\u00a0\u00a0\u00a0\u00a0\u00a0\u00a0LA VIDA EN ATAMBUA 9 INFORMACIONES CLAVE SOBRE LOS ESCOLAPIOS EN INDONESIA TRAZOS PARA AYUDARTE A DIBUJAR [&hellip;]<\/p>\n","protected":false},"author":46,"featured_media":0,"parent":13298,"menu_order":3,"comment_status":"closed","ping_status":"closed","template":"","meta":{"_et_pb_use_builder":"","_et_pb_old_content":"","_et_gb_content_width":"","footnotes":""},"class_list":["post-13329","page","type-page","status-publish","hentry"],"yoast_head":"<!-- This site is optimized with the Yoast SEO plugin v27.3 - https:\/\/yoast.com\/product\/yoast-seo-wordpress\/ -->\n<title>ASRAMA. PROYECTO ESCOLAPIO APOYADO CON LA CAMPA\u00d1A DE SOLIDARIDAD<\/title>\n<meta name=\"description\" content=\"Pincha sobre los enlaces para conocer m\u00e1s sobre el proyecto: INFORMACI\u00d3N: ASRAMA CALASANZ\u00a0\u00a0\u00a0\u00a0\u00a0\u00a0\u00a0 -\u00a0\u00a0\u00a0\u00a0\u00a0\u00a0LA VIDA EN ATAMBUA 9 INFORMACIONES CLAVE SOBRE LOS ESCOLAPIOS EN INDONESIA TRAZOS PARA AYUDARTE A DIBUJAR INDONESIA \u00a0 Los Escolapios han empezado su andadura en Indonesia hace escasamente dos a\u00f1os, llegaron en el 2013, instal\u00e1ndose en la ciudad de Atamb\u00faa, con&hellip;\" \/>\n<meta name=\"robots\" content=\"index, follow, max-snippet:-1, max-image-preview:large, max-video-preview:-1\" \/>\n<link rel=\"canonical\" href=\"\" \/>\n<meta property=\"og:locale\" content=\"pt_BR\" \/>\n<meta property=\"og:type\" content=\"article\" \/>\n<meta property=\"og:title\" content=\"ASRAMA. PROYECTO ESCOLAPIO APOYADO CON LA CAMPA\u00d1A DE SOLIDARIDAD\" \/>\n<meta property=\"og:description\" content=\"Pincha sobre los enlaces para conocer m\u00e1s sobre el proyecto: INFORMACI\u00d3N: ASRAMA CALASANZ\u00a0\u00a0\u00a0\u00a0\u00a0\u00a0\u00a0 -\u00a0\u00a0\u00a0\u00a0\u00a0\u00a0LA VIDA EN ATAMBUA 9 INFORMACIONES CLAVE SOBRE LOS ESCOLAPIOS EN INDONESIA TRAZOS PARA AYUDARTE A DIBUJAR INDONESIA \u00a0 Los Escolapios han empezado su andadura en Indonesia hace escasamente dos a\u00f1os, llegaron en el 2013, instal\u00e1ndose en la ciudad de Atamb\u00faa, con&hellip;\" \/>\n<meta property=\"og:url\" content=\"https:\/\/www.itakaescolapios.org\/pt\/campanas\/2015-2016-al-encuentro-de-atambua\/asrama-proyecto-escolapio-apoyado-con-la-campana-de-solidaridad\/\" \/>\n<meta property=\"og:site_name\" content=\"Itaka-Escolapios\" \/>\n<meta property=\"article:modified_time\" content=\"2023-11-28T11:38:36+00:00\" \/>\n<meta property=\"og:image\" content=\"https:\/\/www.itakaescolapios.org\/wp-content\/uploads\/2015\/10\/Asrama.png\" \/>\n\t<meta property=\"og:image:width\" content=\"856\" \/>\n\t<meta property=\"og:image:height\" content=\"475\" \/>\n\t<meta property=\"og:image:type\" content=\"image\/png\" \/>\n<meta name=\"twitter:card\" content=\"summary_large_image\" \/>\n<meta name=\"twitter:label1\" content=\"Est. tempo de leitura\" \/>\n\t<meta name=\"twitter:data1\" content=\"2 minutos\" \/>\n<script type=\"application\/ld+json\" class=\"yoast-schema-graph\">{\"@context\":\"https:\\\/\\\/schema.org\",\"@graph\":[{\"@type\":\"WebPage\",\"@id\":\"https:\\\/\\\/www.itakaescolapios.org\\\/pt\\\/campanas\\\/2015-2016-al-encuentro-de-atambua\\\/asrama-proyecto-escolapio-apoyado-con-la-campana-de-solidaridad\\\/\",\"url\":\"https:\\\/\\\/www.itakaescolapios.org\\\/pt\\\/campanas\\\/2015-2016-al-encuentro-de-atambua\\\/asrama-proyecto-escolapio-apoyado-con-la-campana-de-solidaridad\\\/\",\"name\":\"ASRAMA. PROYECTO ESCOLAPIO APOYADO CON LA CAMPA\u00d1A DE SOLIDARIDAD - Itaka-Escolapios\",\"isPartOf\":{\"@id\":\"https:\\\/\\\/www.itakaescolapios.org\\\/es\\\/#website\"},\"primaryImageOfPage\":{\"@id\":\"https:\\\/\\\/www.itakaescolapios.org\\\/pt\\\/campanas\\\/2015-2016-al-encuentro-de-atambua\\\/asrama-proyecto-escolapio-apoyado-con-la-campana-de-solidaridad\\\/#primaryimage\"},\"image\":{\"@id\":\"https:\\\/\\\/www.itakaescolapios.org\\\/pt\\\/campanas\\\/2015-2016-al-encuentro-de-atambua\\\/asrama-proyecto-escolapio-apoyado-con-la-campana-de-solidaridad\\\/#primaryimage\"},\"thumbnailUrl\":\"https:\\\/\\\/www.itakaescolapios.org\\\/wp-content\\\/uploads\\\/2015\\\/10\\\/Asrama-300x166.png\",\"datePublished\":\"2015-10-22T10:00:18+00:00\",\"dateModified\":\"2023-11-28T11:38:36+00:00\",\"breadcrumb\":{\"@id\":\"https:\\\/\\\/www.itakaescolapios.org\\\/pt\\\/campanas\\\/2015-2016-al-encuentro-de-atambua\\\/asrama-proyecto-escolapio-apoyado-con-la-campana-de-solidaridad\\\/#breadcrumb\"},\"inLanguage\":\"pt-BR\",\"potentialAction\":[{\"@type\":\"ReadAction\",\"target\":[\"https:\\\/\\\/www.itakaescolapios.org\\\/pt\\\/campanas\\\/2015-2016-al-encuentro-de-atambua\\\/asrama-proyecto-escolapio-apoyado-con-la-campana-de-solidaridad\\\/\"]}]},{\"@type\":\"ImageObject\",\"inLanguage\":\"pt-BR\",\"@id\":\"https:\\\/\\\/www.itakaescolapios.org\\\/pt\\\/campanas\\\/2015-2016-al-encuentro-de-atambua\\\/asrama-proyecto-escolapio-apoyado-con-la-campana-de-solidaridad\\\/#primaryimage\",\"url\":\"https:\\\/\\\/www.itakaescolapios.org\\\/wp-content\\\/uploads\\\/2015\\\/10\\\/Asrama-300x166.png\",\"contentUrl\":\"https:\\\/\\\/www.itakaescolapios.org\\\/wp-content\\\/uploads\\\/2015\\\/10\\\/Asrama-300x166.png\"},{\"@type\":\"BreadcrumbList\",\"@id\":\"https:\\\/\\\/www.itakaescolapios.org\\\/pt\\\/campanas\\\/2015-2016-al-encuentro-de-atambua\\\/asrama-proyecto-escolapio-apoyado-con-la-campana-de-solidaridad\\\/#breadcrumb\",\"itemListElement\":[{\"@type\":\"ListItem\",\"position\":1,\"name\":\"Itaka-Escolapios\",\"item\":\"https:\\\/\\\/www.itakaescolapios.org\\\/es\\\/\"},{\"@type\":\"ListItem\",\"position\":2,\"name\":\"Campa\u00f1as\",\"item\":\"https:\\\/\\\/www.itakaescolapios.org\\\/es\\\/campanas\\\/\"},{\"@type\":\"ListItem\",\"position\":3,\"name\":\"2015-2016 AL ENCUENTRO CON ATAMB\u00daA\",\"item\":\"https:\\\/\\\/www.itakaescolapios.org\\\/es\\\/campanas\\\/2015-2016-al-encuentro-de-atambua\\\/\"},{\"@type\":\"ListItem\",\"position\":4,\"name\":\"ASRAMA. PROYECTO ESCOLAPIO APOYADO CON LA CAMPA\u00d1A DE SOLIDARIDAD\"}]},{\"@type\":\"WebSite\",\"@id\":\"https:\\\/\\\/www.itakaescolapios.org\\\/pt\\\/es\\\/#website\",\"url\":\"https:\\\/\\\/www.itakaescolapios.org\\\/pt\\\/es\\\/\",\"name\":\"Itaka-Escolapios\",\"description\":\"Red de Itaka-Escolapios\",\"publisher\":{\"@id\":\"https:\\\/\\\/www.itakaescolapios.org\\\/pt\\\/es\\\/#organization\"},\"potentialAction\":[{\"@type\":\"SearchAction\",\"target\":{\"@type\":\"EntryPoint\",\"urlTemplate\":\"https:\\\/\\\/www.itakaescolapios.org\\\/pt\\\/es\\\/?s={search_term_string}\"},\"query-input\":{\"@type\":\"PropertyValueSpecification\",\"valueRequired\":true,\"valueName\":\"search_term_string\"}}],\"inLanguage\":\"pt-BR\"},{\"@type\":\"Organization\",\"@id\":\"https:\\\/\\\/www.itakaescolapios.org\\\/pt\\\/es\\\/#organization\",\"name\":\"Fundaci\u00f3 Itaka-Escolapios\",\"url\":\"https:\\\/\\\/www.itakaescolapios.org\\\/pt\\\/es\\\/\",\"logo\":{\"@type\":\"ImageObject\",\"inLanguage\":\"pt-BR\",\"@id\":\"https:\\\/\\\/www.itakaescolapios.org\\\/pt\\\/es\\\/#\\\/schema\\\/logo\\\/image\\\/\",\"url\":\"https:\\\/\\\/www.itakaescolapios.org\\\/wp-content\\\/uploads\\\/2024\\\/04\\\/Logo-itakaescolapios-peque.png\",\"contentUrl\":\"https:\\\/\\\/www.itakaescolapios.org\\\/wp-content\\\/uploads\\\/2024\\\/04\\\/Logo-itakaescolapios-peque.png\",\"width\":500,\"height\":199,\"caption\":\"Fundaci\u00f3 Itaka-Escolapios\"},\"image\":{\"@id\":\"https:\\\/\\\/www.itakaescolapios.org\\\/pt\\\/es\\\/#\\\/schema\\\/logo\\\/image\\\/\"}}]}<\/script>\n<!-- \/ Yoast SEO plugin. -->","yoast_head_json":{"title":"ASRAMA. PROYECTO ESCOLAPIO APOYADO CON LA CAMPA\u00d1A DE SOLIDARIDAD","description":"Pincha sobre los enlaces para conocer m\u00e1s sobre el proyecto: INFORMACI\u00d3N: ASRAMA CALASANZ\u00a0\u00a0\u00a0\u00a0\u00a0\u00a0\u00a0 -\u00a0\u00a0\u00a0\u00a0\u00a0\u00a0LA VIDA EN ATAMBUA 9 INFORMACIONES CLAVE SOBRE LOS ESCOLAPIOS EN INDONESIA TRAZOS PARA AYUDARTE A DIBUJAR INDONESIA \u00a0 Los Escolapios han empezado su andadura en Indonesia hace escasamente dos a\u00f1os, llegaron en el 2013, instal\u00e1ndose en la ciudad de Atamb\u00faa, con&hellip;","robots":{"index":"index","follow":"follow","max-snippet":"max-snippet:-1","max-image-preview":"max-image-preview:large","max-video-preview":"max-video-preview:-1"},"canonical":"Pincha sobre los enlaces para conocer m\u00e1s sobre el proyecto: INFORMACI\u00d3N: ASRAMA CALASANZ\u00a0\u00a0\u00a0\u00a0\u00a0\u00a0\u00a0 -\u00a0\u00a0\u00a0\u00a0\u00a0\u00a0LA VIDA EN ATAMBUA 9 INFORMACIONES CLAVE SOBRE LOS ESCOLAPIOS EN INDONESIA TRAZOS PARA AYUDARTE A DIBUJAR INDONESIA \u00a0 Los Escolapios han empezado su andadura en Indonesia hace escasamente dos a\u00f1os, llegaron en el 2013, instal\u00e1ndose en la ciudad de Atamb\u00faa, con&hellip;","og_locale":"pt_BR","og_type":"article","og_title":"ASRAMA. PROYECTO ESCOLAPIO APOYADO CON LA CAMPA\u00d1A DE SOLIDARIDAD","og_description":"Pincha sobre los enlaces para conocer m\u00e1s sobre el proyecto: INFORMACI\u00d3N: ASRAMA CALASANZ\u00a0\u00a0\u00a0\u00a0\u00a0\u00a0\u00a0 -\u00a0\u00a0\u00a0\u00a0\u00a0\u00a0LA VIDA EN ATAMBUA 9 INFORMACIONES CLAVE SOBRE LOS ESCOLAPIOS EN INDONESIA TRAZOS PARA AYUDARTE A DIBUJAR INDONESIA \u00a0 Los Escolapios han empezado su andadura en Indonesia hace escasamente dos a\u00f1os, llegaron en el 2013, instal\u00e1ndose en la ciudad de Atamb\u00faa, con&hellip;","og_url":"https:\/\/www.itakaescolapios.org\/pt\/campanas\/2015-2016-al-encuentro-de-atambua\/asrama-proyecto-escolapio-apoyado-con-la-campana-de-solidaridad\/","og_site_name":"Itaka-Escolapios","article_modified_time":"2023-11-28T11:38:36+00:00","og_image":[{"width":856,"height":475,"url":"https:\/\/www.itakaescolapios.org\/wp-content\/uploads\/2015\/10\/Asrama.png","type":"image\/png"}],"twitter_card":"summary_large_image","twitter_misc":{"Est. tempo de leitura":"2 minutos"},"schema":{"@context":"https:\/\/schema.org","@graph":[{"@type":"WebPage","@id":"https:\/\/www.itakaescolapios.org\/pt\/campanas\/2015-2016-al-encuentro-de-atambua\/asrama-proyecto-escolapio-apoyado-con-la-campana-de-solidaridad\/","url":"https:\/\/www.itakaescolapios.org\/pt\/campanas\/2015-2016-al-encuentro-de-atambua\/asrama-proyecto-escolapio-apoyado-con-la-campana-de-solidaridad\/","name":"ASRAMA. PROYECTO ESCOLAPIO APOYADO CON LA CAMPA\u00d1A DE SOLIDARIDAD - Itaka-Escolapios","isPartOf":{"@id":"https:\/\/www.itakaescolapios.org\/es\/#website"},"primaryImageOfPage":{"@id":"https:\/\/www.itakaescolapios.org\/pt\/campanas\/2015-2016-al-encuentro-de-atambua\/asrama-proyecto-escolapio-apoyado-con-la-campana-de-solidaridad\/#primaryimage"},"image":{"@id":"https:\/\/www.itakaescolapios.org\/pt\/campanas\/2015-2016-al-encuentro-de-atambua\/asrama-proyecto-escolapio-apoyado-con-la-campana-de-solidaridad\/#primaryimage"},"thumbnailUrl":"https:\/\/www.itakaescolapios.org\/wp-content\/uploads\/2015\/10\/Asrama-300x166.png","datePublished":"2015-10-22T10:00:18+00:00","dateModified":"2023-11-28T11:38:36+00:00","breadcrumb":{"@id":"https:\/\/www.itakaescolapios.org\/pt\/campanas\/2015-2016-al-encuentro-de-atambua\/asrama-proyecto-escolapio-apoyado-con-la-campana-de-solidaridad\/#breadcrumb"},"inLanguage":"pt-BR","potentialAction":[{"@type":"ReadAction","target":["https:\/\/www.itakaescolapios.org\/pt\/campanas\/2015-2016-al-encuentro-de-atambua\/asrama-proyecto-escolapio-apoyado-con-la-campana-de-solidaridad\/"]}]},{"@type":"ImageObject","inLanguage":"pt-BR","@id":"https:\/\/www.itakaescolapios.org\/pt\/campanas\/2015-2016-al-encuentro-de-atambua\/asrama-proyecto-escolapio-apoyado-con-la-campana-de-solidaridad\/#primaryimage","url":"https:\/\/www.itakaescolapios.org\/wp-content\/uploads\/2015\/10\/Asrama-300x166.png","contentUrl":"https:\/\/www.itakaescolapios.org\/wp-content\/uploads\/2015\/10\/Asrama-300x166.png"},{"@type":"BreadcrumbList","@id":"https:\/\/www.itakaescolapios.org\/pt\/campanas\/2015-2016-al-encuentro-de-atambua\/asrama-proyecto-escolapio-apoyado-con-la-campana-de-solidaridad\/#breadcrumb","itemListElement":[{"@type":"ListItem","position":1,"name":"Itaka-Escolapios","item":"https:\/\/www.itakaescolapios.org\/es\/"},{"@type":"ListItem","position":2,"name":"Campa\u00f1as","item":"https:\/\/www.itakaescolapios.org\/es\/campanas\/"},{"@type":"ListItem","position":3,"name":"2015-2016 AL ENCUENTRO CON ATAMB\u00daA","item":"https:\/\/www.itakaescolapios.org\/es\/campanas\/2015-2016-al-encuentro-de-atambua\/"},{"@type":"ListItem","position":4,"name":"ASRAMA. PROYECTO ESCOLAPIO APOYADO CON LA CAMPA\u00d1A DE SOLIDARIDAD"}]},{"@type":"WebSite","@id":"https:\/\/www.itakaescolapios.org\/pt\/es\/#website","url":"https:\/\/www.itakaescolapios.org\/pt\/es\/","name":"Itaka-Escolapios","description":"Red de Itaka-Escolapios","publisher":{"@id":"https:\/\/www.itakaescolapios.org\/pt\/es\/#organization"},"potentialAction":[{"@type":"SearchAction","target":{"@type":"EntryPoint","urlTemplate":"https:\/\/www.itakaescolapios.org\/pt\/es\/?s={search_term_string}"},"query-input":{"@type":"PropertyValueSpecification","valueRequired":true,"valueName":"search_term_string"}}],"inLanguage":"pt-BR"},{"@type":"Organization","@id":"https:\/\/www.itakaescolapios.org\/pt\/es\/#organization","name":"Fundaci\u00f3 Itaka-Escolapios","url":"https:\/\/www.itakaescolapios.org\/pt\/es\/","logo":{"@type":"ImageObject","inLanguage":"pt-BR","@id":"https:\/\/www.itakaescolapios.org\/pt\/es\/#\/schema\/logo\/image\/","url":"https:\/\/www.itakaescolapios.org\/wp-content\/uploads\/2024\/04\/Logo-itakaescolapios-peque.png","contentUrl":"https:\/\/www.itakaescolapios.org\/wp-content\/uploads\/2024\/04\/Logo-itakaescolapios-peque.png","width":500,"height":199,"caption":"Fundaci\u00f3 Itaka-Escolapios"},"image":{"@id":"https:\/\/www.itakaescolapios.org\/pt\/es\/#\/schema\/logo\/image\/"}}]}},"_links":{"self":[{"href":"https:\/\/www.itakaescolapios.org\/pt\/wp-json\/wp\/v2\/pages\/13329","targetHints":{"allow":["GET"]}}],"collection":[{"href":"https:\/\/www.itakaescolapios.org\/pt\/wp-json\/wp\/v2\/pages"}],"about":[{"href":"https:\/\/www.itakaescolapios.org\/pt\/wp-json\/wp\/v2\/types\/page"}],"author":[{"embeddable":true,"href":"https:\/\/www.itakaescolapios.org\/pt\/wp-json\/wp\/v2\/users\/46"}],"replies":[{"embeddable":true,"href":"https:\/\/www.itakaescolapios.org\/pt\/wp-json\/wp\/v2\/comments?post=13329"}],"version-history":[{"count":37,"href":"https:\/\/www.itakaescolapios.org\/pt\/wp-json\/wp\/v2\/pages\/13329\/revisions"}],"predecessor-version":[{"id":48582,"href":"https:\/\/www.itakaescolapios.org\/pt\/wp-json\/wp\/v2\/pages\/13329\/revisions\/48582"}],"up":[{"embeddable":true,"href":"https:\/\/www.itakaescolapios.org\/pt\/wp-json\/wp\/v2\/pages\/13298"}],"wp:attachment":[{"href":"https:\/\/www.itakaescolapios.org\/pt\/wp-json\/wp\/v2\/media?parent=13329"}],"curies":[{"name":"wp","href":"https:\/\/api.w.org\/{rel}","templated":true}]}}