{"id":13533,"date":"2015-11-03T16:05:01","date_gmt":"2015-11-03T15:05:01","guid":{"rendered":"https:\/\/www.itakaescolapios.org\/?page_id=13533"},"modified":"2023-11-28T12:38:35","modified_gmt":"2023-11-28T11:38:35","slug":"el-barco-de-la-tripulacion-itaka-escolapios","status":"publish","type":"page","link":"https:\/\/www.itakaescolapios.org\/pt\/el-barco-de-la-tripulacion-itaka-escolapios\/","title":{"rendered":"EL BARCO DE LA TRIPULACI\u00d3N ITAKA - ESCOLAPIOS"},"content":{"rendered":"<p style=\"text-align: justify;\"><a href=\"https:\/\/www.itakaescolapios.org\/wp-content\/uploads\/2015\/11\/BARCO.png\"><img decoding=\"async\" class=\"wp-image-13661 aligncenter\" alt=\"BARCO\" src=\"https:\/\/www.itakaescolapios.org\/wp-content\/uploads\/2015\/11\/BARCO-1024x737.png\" width=\"491\" height=\"354\" srcset=\"https:\/\/www.itakaescolapios.org\/wp-content\/uploads\/2015\/11\/BARCO-1024x737.png 1024w, https:\/\/www.itakaescolapios.org\/wp-content\/uploads\/2015\/11\/BARCO-300x216.png 300w, https:\/\/www.itakaescolapios.org\/wp-content\/uploads\/2015\/11\/BARCO-250x180.png 250w, https:\/\/www.itakaescolapios.org\/wp-content\/uploads\/2015\/11\/BARCO.png 1183w\" sizes=\"(max-width: 491px) 100vw, 491px\" \/><\/a><\/p>\n<p><strong><span style=\"color: #808000;\">\u00a0<\/span><\/strong><\/p>\n<p>Look, Sukal, Jiwa, Marine y Bla son los miembros de la tripulaci\u00f3n Itaka-Escolapios, que capitaneados por Calasanz, viajar\u00e1n a partir de ahora por los mares y oc\u00e9anos del mundo para presentarnos los proyectos de nuestra red de solidaridad. Proponemos en este apartado una doble actividad:<\/p>\n<ul>\n<li style=\"text-align: justify;\">Os \u00a0\u00a0\u00a0\u00a0 invitamos a trabajar la realidad de Indonesia y en especial de Atamb\u00faa. \u00a0\u00a0\u00a0\u00a0 Buscad en internet, en peri\u00f3dicos (en ingl\u00e9s), wikipedia,\u2026 informaci\u00f3n y \u00a0\u00a0\u00a0\u00a0 noticias del pa\u00eds y de la ciudad. Una vez termin\u00e9is la actividad os \u00a0\u00a0\u00a0\u00a0 invitamos a construir barcos de papel con los que decorar el aula, como \u00a0\u00a0\u00a0\u00a0 s\u00edmbolo de salir AL ENCUENTRO CON ATAMB\u00daA.<\/li>\n<li style=\"text-align: justify;\">Y \u00a0\u00a0\u00a0\u00a0 en segundo lugar os proponemos hacer un barco de papel gigante en el que \u00a0\u00a0\u00a0\u00a0 puedan entrar las personas de clase. Buscad cartulinas o unos recortes \u00a0\u00a0\u00a0\u00a0 grandes de papel de estraza y unidlos (buscar que las medidas os \u00a0\u00a0\u00a0\u00a0 posibiliten hacer un barco de papel). Escribir sobre el papel gigante una \u00a0\u00a0\u00a0\u00a0 oraci\u00f3n en la que demos gracias e intercedamos por nuestra misi\u00f3n en \u00a0\u00a0\u00a0\u00a0 Atambua. Buscad informaci\u00f3n de\u00a0Indonesia, noticias, fotos\u2026 pegadla \u00a0\u00a0\u00a0\u00a0 sobre papel estraza, cartulinas\u2026 doblad\u2026 y construid vuestro propio barco \u00a0\u00a0\u00a0\u00a0 de papel para surcar los mares e ir AL ENCUENTRO CON ATAMB\u00daA. Por \u00faltimo \u00a0\u00a0\u00a0\u00a0 os invitamos a que os hag\u00e1is una foto de vuestro grupo de grumetes con \u00a0\u00a0\u00a0\u00a0 vuestra nave \u201cItaka-Escolapios\u201d y la compart\u00e1is con nosotros enviando un \u00a0\u00a0\u00a0\u00a0 correo a <a href=\"mailto:solidarity@itakaescolapios.org\">solidarity@itakaescolapios.org<\/a><\/li>\n<\/ul>\n<p>Os dejamos algunos links que os pueden ser \u00fatiles para la b\u00fasqueda de informaci\u00f3n, as\u00ed c\u00f3mo algunas\u00a0fotos de la realidad de Atamb\u00faa.<\/p>\n<p style=\"text-align: center;\"><strong><a href=\"https:\/\/www.itakaescolapios.org\/informacion-sobre-indonesia-atambua-el-asrama\/\" target=\"_blank\" rel=\"noopener\">+ INFORMACI\u00d3N SOBRE INDONESIA<\/a><\/strong><\/p>\n<p>\u00bfC\u00f3mo hacer un barco de papel?<\/p>\n<p style=\"text-align: center;\"><strong><a href=\"https:\/\/www.itakaescolapios.org\/wp-content\/uploads\/2015\/11\/COMO-HACER-UN-BARCO-DE-PAPEL.pdf\">COMO HACER UN BARCO DE PAPEL<\/a><\/strong><\/p>\n<p><!--more--><\/p>\n","protected":false},"excerpt":{"rendered":"<p>\u00a0 Look, Sukal, Jiwa, Marine y Bla son los miembros de la tripulaci\u00f3n Itaka-Escolapios, que capitaneados por Calasanz, viajar\u00e1n a partir de ahora por los mares y oc\u00e9anos del mundo [&hellip;]<\/p>\n","protected":false},"author":46,"featured_media":0,"parent":0,"menu_order":0,"comment_status":"closed","ping_status":"closed","template":"","meta":{"_et_pb_use_builder":"","_et_pb_old_content":"","_et_gb_content_width":"","footnotes":""},"class_list":["post-13533","page","type-page","status-publish","hentry"],"yoast_head":"<!-- This site is optimized with the Yoast SEO plugin v27.3 - https:\/\/yoast.com\/product\/yoast-seo-wordpress\/ -->\n<title>EL BARCO DE LA TRIPULACI\u00d3N ITAKA - ESCOLAPIOS<\/title>\n<meta name=\"description\" content=\"\u00a0 Look, Sukal, Jiwa, Marine y Bla son los miembros de la tripulaci\u00f3n Itaka-Escolapios, que capitaneados por Calasanz, viajar\u00e1n a partir de ahora por los mares y oc\u00e9anos del mundo para presentarnos los proyectos de nuestra red de solidaridad. Proponemos en este apartado una doble actividad: Os \u00a0\u00a0\u00a0\u00a0 invitamos a trabajar la realidad de Indonesia&hellip;\" \/>\n<meta name=\"robots\" content=\"index, follow, max-snippet:-1, max-image-preview:large, max-video-preview:-1\" \/>\n<link rel=\"canonical\" href=\"\" \/>\n<meta property=\"og:locale\" content=\"pt_BR\" \/>\n<meta property=\"og:type\" content=\"article\" \/>\n<meta property=\"og:title\" content=\"EL BARCO DE LA TRIPULACI\u00d3N ITAKA - ESCOLAPIOS\" \/>\n<meta property=\"og:description\" content=\"\u00a0 Look, Sukal, Jiwa, Marine y Bla son los miembros de la tripulaci\u00f3n Itaka-Escolapios, que capitaneados por Calasanz, viajar\u00e1n a partir de ahora por los mares y oc\u00e9anos del mundo para presentarnos los proyectos de nuestra red de solidaridad. Proponemos en este apartado una doble actividad: Os \u00a0\u00a0\u00a0\u00a0 invitamos a trabajar la realidad de Indonesia&hellip;\" \/>\n<meta property=\"og:url\" content=\"https:\/\/www.itakaescolapios.org\/pt\/el-barco-de-la-tripulacion-itaka-escolapios\/\" \/>\n<meta property=\"og:site_name\" content=\"Itaka-Escolapios\" \/>\n<meta property=\"article:modified_time\" content=\"2023-11-28T11:38:35+00:00\" \/>\n<meta property=\"og:image\" content=\"https:\/\/www.itakaescolapios.org\/wp-content\/uploads\/2015\/11\/BARCO.png\" \/>\n\t<meta property=\"og:image:width\" content=\"1183\" \/>\n\t<meta property=\"og:image:height\" content=\"852\" \/>\n\t<meta property=\"og:image:type\" content=\"image\/png\" \/>\n<meta name=\"twitter:card\" content=\"summary_large_image\" \/>\n<meta name=\"twitter:label1\" content=\"Est. tempo de leitura\" \/>\n\t<meta name=\"twitter:data1\" content=\"1 minuto\" \/>\n<script type=\"application\/ld+json\" class=\"yoast-schema-graph\">{\"@context\":\"https:\\\/\\\/schema.org\",\"@graph\":[{\"@type\":\"WebPage\",\"@id\":\"https:\\\/\\\/www.itakaescolapios.org\\\/pt\\\/el-barco-de-la-tripulacion-itaka-escolapios\\\/\",\"url\":\"https:\\\/\\\/www.itakaescolapios.org\\\/pt\\\/el-barco-de-la-tripulacion-itaka-escolapios\\\/\",\"name\":\"EL BARCO DE LA TRIPULACI\u00d3N ITAKA - ESCOLAPIOS - Itaka-Escolapios\",\"isPartOf\":{\"@id\":\"https:\\\/\\\/www.itakaescolapios.org\\\/es\\\/#website\"},\"primaryImageOfPage\":{\"@id\":\"https:\\\/\\\/www.itakaescolapios.org\\\/pt\\\/el-barco-de-la-tripulacion-itaka-escolapios\\\/#primaryimage\"},\"image\":{\"@id\":\"https:\\\/\\\/www.itakaescolapios.org\\\/pt\\\/el-barco-de-la-tripulacion-itaka-escolapios\\\/#primaryimage\"},\"thumbnailUrl\":\"https:\\\/\\\/www.itakaescolapios.org\\\/wp-content\\\/uploads\\\/2015\\\/11\\\/BARCO-1024x737.png\",\"datePublished\":\"2015-11-03T15:05:01+00:00\",\"dateModified\":\"2023-11-28T11:38:35+00:00\",\"breadcrumb\":{\"@id\":\"https:\\\/\\\/www.itakaescolapios.org\\\/pt\\\/el-barco-de-la-tripulacion-itaka-escolapios\\\/#breadcrumb\"},\"inLanguage\":\"pt-BR\",\"potentialAction\":[{\"@type\":\"ReadAction\",\"target\":[\"https:\\\/\\\/www.itakaescolapios.org\\\/pt\\\/el-barco-de-la-tripulacion-itaka-escolapios\\\/\"]}]},{\"@type\":\"ImageObject\",\"inLanguage\":\"pt-BR\",\"@id\":\"https:\\\/\\\/www.itakaescolapios.org\\\/pt\\\/el-barco-de-la-tripulacion-itaka-escolapios\\\/#primaryimage\",\"url\":\"https:\\\/\\\/www.itakaescolapios.org\\\/wp-content\\\/uploads\\\/2015\\\/11\\\/BARCO-1024x737.png\",\"contentUrl\":\"https:\\\/\\\/www.itakaescolapios.org\\\/wp-content\\\/uploads\\\/2015\\\/11\\\/BARCO-1024x737.png\"},{\"@type\":\"BreadcrumbList\",\"@id\":\"https:\\\/\\\/www.itakaescolapios.org\\\/pt\\\/el-barco-de-la-tripulacion-itaka-escolapios\\\/#breadcrumb\",\"itemListElement\":[{\"@type\":\"ListItem\",\"position\":1,\"name\":\"Itaka-Escolapios\",\"item\":\"https:\\\/\\\/www.itakaescolapios.org\\\/es\\\/\"},{\"@type\":\"ListItem\",\"position\":2,\"name\":\"EL BARCO DE LA TRIPULACI\u00d3N ITAKA - ESCOLAPIOS\"}]},{\"@type\":\"WebSite\",\"@id\":\"https:\\\/\\\/www.itakaescolapios.org\\\/pt\\\/es\\\/#website\",\"url\":\"https:\\\/\\\/www.itakaescolapios.org\\\/pt\\\/es\\\/\",\"name\":\"Itaka-Escolapios\",\"description\":\"Red de Itaka-Escolapios\",\"publisher\":{\"@id\":\"https:\\\/\\\/www.itakaescolapios.org\\\/pt\\\/es\\\/#organization\"},\"potentialAction\":[{\"@type\":\"SearchAction\",\"target\":{\"@type\":\"EntryPoint\",\"urlTemplate\":\"https:\\\/\\\/www.itakaescolapios.org\\\/pt\\\/es\\\/?s={search_term_string}\"},\"query-input\":{\"@type\":\"PropertyValueSpecification\",\"valueRequired\":true,\"valueName\":\"search_term_string\"}}],\"inLanguage\":\"pt-BR\"},{\"@type\":\"Organization\",\"@id\":\"https:\\\/\\\/www.itakaescolapios.org\\\/pt\\\/es\\\/#organization\",\"name\":\"Fundaci\u00f3 Itaka-Escolapios\",\"url\":\"https:\\\/\\\/www.itakaescolapios.org\\\/pt\\\/es\\\/\",\"logo\":{\"@type\":\"ImageObject\",\"inLanguage\":\"pt-BR\",\"@id\":\"https:\\\/\\\/www.itakaescolapios.org\\\/pt\\\/es\\\/#\\\/schema\\\/logo\\\/image\\\/\",\"url\":\"https:\\\/\\\/www.itakaescolapios.org\\\/wp-content\\\/uploads\\\/2024\\\/04\\\/Logo-itakaescolapios-peque.png\",\"contentUrl\":\"https:\\\/\\\/www.itakaescolapios.org\\\/wp-content\\\/uploads\\\/2024\\\/04\\\/Logo-itakaescolapios-peque.png\",\"width\":500,\"height\":199,\"caption\":\"Fundaci\u00f3 Itaka-Escolapios\"},\"image\":{\"@id\":\"https:\\\/\\\/www.itakaescolapios.org\\\/pt\\\/es\\\/#\\\/schema\\\/logo\\\/image\\\/\"}}]}<\/script>\n<!-- \/ Yoast SEO plugin. -->","yoast_head_json":{"title":"EL BARCO DE LA TRIPULACI\u00d3N ITAKA - ESCOLAPIOS","description":"\u00a0 Look, Sukal, Jiwa, Marine y Bla son los miembros de la tripulaci\u00f3n Itaka-Escolapios, que capitaneados por Calasanz, viajar\u00e1n a partir de ahora por los mares y oc\u00e9anos del mundo para presentarnos los proyectos de nuestra red de solidaridad. Proponemos en este apartado una doble actividad: Os \u00a0\u00a0\u00a0\u00a0 invitamos a trabajar la realidad de Indonesia&hellip;","robots":{"index":"index","follow":"follow","max-snippet":"max-snippet:-1","max-image-preview":"max-image-preview:large","max-video-preview":"max-video-preview:-1"},"canonical":"\u00a0 Look, Sukal, Jiwa, Marine y Bla son los miembros de la tripulaci\u00f3n Itaka-Escolapios, que capitaneados por Calasanz, viajar\u00e1n a partir de ahora por los mares y oc\u00e9anos del mundo para presentarnos los proyectos de nuestra red de solidaridad. Proponemos en este apartado una doble actividad: Os \u00a0\u00a0\u00a0\u00a0 invitamos a trabajar la realidad de Indonesia&hellip;","og_locale":"pt_BR","og_type":"article","og_title":"EL BARCO DE LA TRIPULACI\u00d3N ITAKA - ESCOLAPIOS","og_description":"\u00a0 Look, Sukal, Jiwa, Marine y Bla son los miembros de la tripulaci\u00f3n Itaka-Escolapios, que capitaneados por Calasanz, viajar\u00e1n a partir de ahora por los mares y oc\u00e9anos del mundo para presentarnos los proyectos de nuestra red de solidaridad. Proponemos en este apartado una doble actividad: Os \u00a0\u00a0\u00a0\u00a0 invitamos a trabajar la realidad de Indonesia&hellip;","og_url":"https:\/\/www.itakaescolapios.org\/pt\/el-barco-de-la-tripulacion-itaka-escolapios\/","og_site_name":"Itaka-Escolapios","article_modified_time":"2023-11-28T11:38:35+00:00","og_image":[{"width":1183,"height":852,"url":"https:\/\/www.itakaescolapios.org\/wp-content\/uploads\/2015\/11\/BARCO.png","type":"image\/png"}],"twitter_card":"summary_large_image","twitter_misc":{"Est. tempo de leitura":"1 minuto"},"schema":{"@context":"https:\/\/schema.org","@graph":[{"@type":"WebPage","@id":"https:\/\/www.itakaescolapios.org\/pt\/el-barco-de-la-tripulacion-itaka-escolapios\/","url":"https:\/\/www.itakaescolapios.org\/pt\/el-barco-de-la-tripulacion-itaka-escolapios\/","name":"EL BARCO DE LA TRIPULACI\u00d3N ITAKA - ESCOLAPIOS - Itaka-Escolapios","isPartOf":{"@id":"https:\/\/www.itakaescolapios.org\/es\/#website"},"primaryImageOfPage":{"@id":"https:\/\/www.itakaescolapios.org\/pt\/el-barco-de-la-tripulacion-itaka-escolapios\/#primaryimage"},"image":{"@id":"https:\/\/www.itakaescolapios.org\/pt\/el-barco-de-la-tripulacion-itaka-escolapios\/#primaryimage"},"thumbnailUrl":"https:\/\/www.itakaescolapios.org\/wp-content\/uploads\/2015\/11\/BARCO-1024x737.png","datePublished":"2015-11-03T15:05:01+00:00","dateModified":"2023-11-28T11:38:35+00:00","breadcrumb":{"@id":"https:\/\/www.itakaescolapios.org\/pt\/el-barco-de-la-tripulacion-itaka-escolapios\/#breadcrumb"},"inLanguage":"pt-BR","potentialAction":[{"@type":"ReadAction","target":["https:\/\/www.itakaescolapios.org\/pt\/el-barco-de-la-tripulacion-itaka-escolapios\/"]}]},{"@type":"ImageObject","inLanguage":"pt-BR","@id":"https:\/\/www.itakaescolapios.org\/pt\/el-barco-de-la-tripulacion-itaka-escolapios\/#primaryimage","url":"https:\/\/www.itakaescolapios.org\/wp-content\/uploads\/2015\/11\/BARCO-1024x737.png","contentUrl":"https:\/\/www.itakaescolapios.org\/wp-content\/uploads\/2015\/11\/BARCO-1024x737.png"},{"@type":"BreadcrumbList","@id":"https:\/\/www.itakaescolapios.org\/pt\/el-barco-de-la-tripulacion-itaka-escolapios\/#breadcrumb","itemListElement":[{"@type":"ListItem","position":1,"name":"Itaka-Escolapios","item":"https:\/\/www.itakaescolapios.org\/es\/"},{"@type":"ListItem","position":2,"name":"EL BARCO DE LA TRIPULACI\u00d3N ITAKA - ESCOLAPIOS"}]},{"@type":"WebSite","@id":"https:\/\/www.itakaescolapios.org\/pt\/es\/#website","url":"https:\/\/www.itakaescolapios.org\/pt\/es\/","name":"Itaka-Escolapios","description":"Red de Itaka-Escolapios","publisher":{"@id":"https:\/\/www.itakaescolapios.org\/pt\/es\/#organization"},"potentialAction":[{"@type":"SearchAction","target":{"@type":"EntryPoint","urlTemplate":"https:\/\/www.itakaescolapios.org\/pt\/es\/?s={search_term_string}"},"query-input":{"@type":"PropertyValueSpecification","valueRequired":true,"valueName":"search_term_string"}}],"inLanguage":"pt-BR"},{"@type":"Organization","@id":"https:\/\/www.itakaescolapios.org\/pt\/es\/#organization","name":"Fundaci\u00f3 Itaka-Escolapios","url":"https:\/\/www.itakaescolapios.org\/pt\/es\/","logo":{"@type":"ImageObject","inLanguage":"pt-BR","@id":"https:\/\/www.itakaescolapios.org\/pt\/es\/#\/schema\/logo\/image\/","url":"https:\/\/www.itakaescolapios.org\/wp-content\/uploads\/2024\/04\/Logo-itakaescolapios-peque.png","contentUrl":"https:\/\/www.itakaescolapios.org\/wp-content\/uploads\/2024\/04\/Logo-itakaescolapios-peque.png","width":500,"height":199,"caption":"Fundaci\u00f3 Itaka-Escolapios"},"image":{"@id":"https:\/\/www.itakaescolapios.org\/pt\/es\/#\/schema\/logo\/image\/"}}]}},"_links":{"self":[{"href":"https:\/\/www.itakaescolapios.org\/pt\/wp-json\/wp\/v2\/pages\/13533","targetHints":{"allow":["GET"]}}],"collection":[{"href":"https:\/\/www.itakaescolapios.org\/pt\/wp-json\/wp\/v2\/pages"}],"about":[{"href":"https:\/\/www.itakaescolapios.org\/pt\/wp-json\/wp\/v2\/types\/page"}],"author":[{"embeddable":true,"href":"https:\/\/www.itakaescolapios.org\/pt\/wp-json\/wp\/v2\/users\/46"}],"replies":[{"embeddable":true,"href":"https:\/\/www.itakaescolapios.org\/pt\/wp-json\/wp\/v2\/comments?post=13533"}],"version-history":[{"count":28,"href":"https:\/\/www.itakaescolapios.org\/pt\/wp-json\/wp\/v2\/pages\/13533\/revisions"}],"predecessor-version":[{"id":48572,"href":"https:\/\/www.itakaescolapios.org\/pt\/wp-json\/wp\/v2\/pages\/13533\/revisions\/48572"}],"wp:attachment":[{"href":"https:\/\/www.itakaescolapios.org\/pt\/wp-json\/wp\/v2\/media?parent=13533"}],"curies":[{"name":"wp","href":"https:\/\/api.w.org\/{rel}","templated":true}]}}