{"id":13560,"date":"2015-11-03T16:49:47","date_gmt":"2015-11-03T15:49:47","guid":{"rendered":"https:\/\/www.itakaescolapios.org\/?page_id=13560"},"modified":"2023-11-28T12:38:35","modified_gmt":"2023-11-28T11:38:35","slug":"unidos-con-atambua","status":"publish","type":"page","link":"https:\/\/www.itakaescolapios.org\/pt\/unidos-con-atambua\/","title":{"rendered":"UNIDOS CON ATAMBUA"},"content":{"rendered":"<p style=\"text-align: center;\"><a href=\"https:\/\/www.itakaescolapios.org\/wp-content\/uploads\/2015\/11\/gracias.png\">\u00a0<\/a><\/p>\n<p><a href=\"https:\/\/www.itakaescolapios.org\/wp-content\/uploads\/2015\/11\/Unidos-Atambua.png\"><img decoding=\"async\" class=\"wp-image-13678 aligncenter\" alt=\"Unidos Atambua\" src=\"https:\/\/www.itakaescolapios.org\/wp-content\/uploads\/2015\/11\/Unidos-Atambua-1024x453.png\" width=\"717\" height=\"317\" srcset=\"https:\/\/www.itakaescolapios.org\/wp-content\/uploads\/2015\/11\/Unidos-Atambua-1024x453.png 1024w, https:\/\/www.itakaescolapios.org\/wp-content\/uploads\/2015\/11\/Unidos-Atambua-300x132.png 300w, https:\/\/www.itakaescolapios.org\/wp-content\/uploads\/2015\/11\/Unidos-Atambua-250x110.png 250w, https:\/\/www.itakaescolapios.org\/wp-content\/uploads\/2015\/11\/Unidos-Atambua.png 1180w\" sizes=\"(max-width: 717px) 100vw, 717px\" \/><\/a><\/p>\n<p style=\"text-align: justify;\"><img decoding=\"async\" class=\"wp-image-13714 aligncenter\" alt=\"gracias\" src=\"https:\/\/www.itakaescolapios.org\/wp-content\/uploads\/2015\/11\/gracias-1024x111.png\" width=\"517\" height=\"56\" srcset=\"https:\/\/www.itakaescolapios.org\/wp-content\/uploads\/2015\/11\/gracias-1024x111.png 1024w, https:\/\/www.itakaescolapios.org\/wp-content\/uploads\/2015\/11\/gracias-300x32.png 300w, https:\/\/www.itakaescolapios.org\/wp-content\/uploads\/2015\/11\/gracias-250x27.png 250w, https:\/\/www.itakaescolapios.org\/wp-content\/uploads\/2015\/11\/gracias.png 1173w\" sizes=\"(max-width: 517px) 100vw, 517px\" \/><\/p>\n<p style=\"text-align: justify;\">Durante la campa\u00f1a de solidaridad nos uniremos con Atamb\u00faa un total de 48 colegios (37 colegios de Espa\u00f1a, 3 colegios de Bolivia, 4 colegios de Camer\u00fan,\u00a03 de Guinea Ecuatorial y 1 de Gab\u00f3n)). Todos unidos por la misma causa.<\/p>\n<p style=\"text-align: justify;\">Creemos que \u00e9sta es una gran oportunidad para hacer visible todo vuestro esfuerzo, por ello, os proponemos esta actividad, en la que cada colegio ser\u00e1 el encargado de realizar una letra para formar un \u00fanico cartel con el lema:<\/p>\n<p style=\"text-align: center;\"><strong>\u00a0BERJUMPA DENGAN ATAMB\u00daA. Gracias. Thanks. Merci. Terima Kasih!<\/strong><\/p>\n<p style=\"text-align: justify;\">\u00a0\u00bfCu\u00e1l es vuestra misi\u00f3n? Hacer visible la letra que os asignemos de la forma m\u00e1s creativa que quer\u00e1is: dibujada en el patio, formando la letra con el alumnado, uniendo fotos de los alumnos,\u2026 Una vez que hay\u00e1is hecho la letra que os corresponda, sacadle una fotograf\u00eda enviarla a <a href=\"mailto:solidarity@itakaescolapios.org\">solidarity@itakaescolapios.org<\/a><\/p>\n<p>Es importante la participaci\u00f3n de todos los centros que se comprometan a ello, puesto que sino no podremos realizar el cartel final.<\/p>\n<p>Desc\u00e1rgate el pdf con el\u00a0<strong><span style=\"color: #0000ff;\"><a href=\"https:\/\/www.itakaescolapios.org\/wp-content\/uploads\/2015\/11\/REPARTO-DE-LETRAS-COLEGIOS-UNIDOS-CON-ATAMBUA.pdf\"><span style=\"color: #0000ff;\">REPARTO DE LETRAS POR COLEGIOS<\/span><\/a><\/span><\/strong><!--more--><\/p>\n","protected":false},"excerpt":{"rendered":"<p>\u00a0 Durante la campa\u00f1a de solidaridad nos uniremos con Atamb\u00faa un total de 48 colegios (37 colegios de Espa\u00f1a, 3 colegios de Bolivia, 4 colegios de Camer\u00fan,\u00a03 de Guinea Ecuatorial [&hellip;]<\/p>\n","protected":false},"author":46,"featured_media":0,"parent":0,"menu_order":0,"comment_status":"closed","ping_status":"closed","template":"","meta":{"_et_pb_use_builder":"","_et_pb_old_content":"","_et_gb_content_width":"","footnotes":""},"class_list":["post-13560","page","type-page","status-publish","hentry"],"yoast_head":"<!-- This site is optimized with the Yoast SEO plugin v27.3 - https:\/\/yoast.com\/product\/yoast-seo-wordpress\/ -->\n<title>UNIDOS CON ATAMBUA<\/title>\n<meta name=\"description\" content=\"\u00a0 Durante la campa\u00f1a de solidaridad nos uniremos con Atamb\u00faa un total de 48 colegios (37 colegios de Espa\u00f1a, 3 colegios de Bolivia, 4 colegios de Camer\u00fan,\u00a03 de Guinea Ecuatorial y 1 de Gab\u00f3n)). Todos unidos por la misma causa. Creemos que \u00e9sta es una gran oportunidad para hacer visible todo vuestro esfuerzo, por ello,&hellip;\" \/>\n<meta name=\"robots\" content=\"index, follow, max-snippet:-1, max-image-preview:large, max-video-preview:-1\" \/>\n<link rel=\"canonical\" href=\"http:\/\/\u00a0%20Durante%20la%20campa\u00f1a%20de%20solidaridad%20nos%20uniremos%20con%20Atamb\u00faa%20un%20total%20de%2048%20colegios%20(37%20colegios%20de%20Espa\u00f1a,%203%20colegios%20de%20Bolivia,%204%20colegios%20de%20Camer\u00fan,\u00a03%20de%20Guinea%20Ecuatorial%20y%201%20de%20Gab\u00f3n)).%20Todos%20unidos%20por%20la%20misma%20causa.%20Creemos%20que%20\u00e9sta%20es%20una%20gran%20oportunidad%20para%20hacer%20visible%20todo%20vuestro%20esfuerzo,%20por%20ello,&hellip;\" \/>\n<meta property=\"og:locale\" content=\"pt_BR\" \/>\n<meta property=\"og:type\" content=\"article\" \/>\n<meta property=\"og:title\" content=\"UNIDOS CON ATAMBUA\" \/>\n<meta property=\"og:description\" content=\"\u00a0 Durante la campa\u00f1a de solidaridad nos uniremos con Atamb\u00faa un total de 48 colegios (37 colegios de Espa\u00f1a, 3 colegios de Bolivia, 4 colegios de Camer\u00fan,\u00a03 de Guinea Ecuatorial y 1 de Gab\u00f3n)). Todos unidos por la misma causa. Creemos que \u00e9sta es una gran oportunidad para hacer visible todo vuestro esfuerzo, por ello,&hellip;\" \/>\n<meta property=\"og:url\" content=\"https:\/\/www.itakaescolapios.org\/pt\/unidos-con-atambua\/\" \/>\n<meta property=\"og:site_name\" content=\"Itaka-Escolapios\" \/>\n<meta property=\"article:modified_time\" content=\"2023-11-28T11:38:35+00:00\" \/>\n<meta property=\"og:image\" content=\"https:\/\/www.itakaescolapios.org\/wp-content\/uploads\/2015\/11\/Unidos-Atambua.png\" \/>\n\t<meta property=\"og:image:width\" content=\"1180\" \/>\n\t<meta property=\"og:image:height\" content=\"523\" \/>\n\t<meta property=\"og:image:type\" content=\"image\/png\" \/>\n<meta name=\"twitter:card\" content=\"summary_large_image\" \/>\n<meta name=\"twitter:label1\" content=\"Est. tempo de leitura\" \/>\n\t<meta name=\"twitter:data1\" content=\"1 minuto\" \/>\n<script type=\"application\/ld+json\" class=\"yoast-schema-graph\">{\"@context\":\"https:\\\/\\\/schema.org\",\"@graph\":[{\"@type\":\"WebPage\",\"@id\":\"https:\\\/\\\/www.itakaescolapios.org\\\/pt\\\/unidos-con-atambua\\\/\",\"url\":\"https:\\\/\\\/www.itakaescolapios.org\\\/pt\\\/unidos-con-atambua\\\/\",\"name\":\"UNIDOS CON ATAMBUA - Itaka-Escolapios\",\"isPartOf\":{\"@id\":\"https:\\\/\\\/www.itakaescolapios.org\\\/es\\\/#website\"},\"primaryImageOfPage\":{\"@id\":\"https:\\\/\\\/www.itakaescolapios.org\\\/pt\\\/unidos-con-atambua\\\/#primaryimage\"},\"image\":{\"@id\":\"https:\\\/\\\/www.itakaescolapios.org\\\/pt\\\/unidos-con-atambua\\\/#primaryimage\"},\"thumbnailUrl\":\"https:\\\/\\\/www.itakaescolapios.org\\\/wp-content\\\/uploads\\\/2015\\\/11\\\/Unidos-Atambua-1024x453.png\",\"datePublished\":\"2015-11-03T15:49:47+00:00\",\"dateModified\":\"2023-11-28T11:38:35+00:00\",\"breadcrumb\":{\"@id\":\"https:\\\/\\\/www.itakaescolapios.org\\\/pt\\\/unidos-con-atambua\\\/#breadcrumb\"},\"inLanguage\":\"pt-BR\",\"potentialAction\":[{\"@type\":\"ReadAction\",\"target\":[\"https:\\\/\\\/www.itakaescolapios.org\\\/pt\\\/unidos-con-atambua\\\/\"]}]},{\"@type\":\"ImageObject\",\"inLanguage\":\"pt-BR\",\"@id\":\"https:\\\/\\\/www.itakaescolapios.org\\\/pt\\\/unidos-con-atambua\\\/#primaryimage\",\"url\":\"https:\\\/\\\/www.itakaescolapios.org\\\/wp-content\\\/uploads\\\/2015\\\/11\\\/Unidos-Atambua-1024x453.png\",\"contentUrl\":\"https:\\\/\\\/www.itakaescolapios.org\\\/wp-content\\\/uploads\\\/2015\\\/11\\\/Unidos-Atambua-1024x453.png\"},{\"@type\":\"BreadcrumbList\",\"@id\":\"https:\\\/\\\/www.itakaescolapios.org\\\/pt\\\/unidos-con-atambua\\\/#breadcrumb\",\"itemListElement\":[{\"@type\":\"ListItem\",\"position\":1,\"name\":\"Itaka-Escolapios\",\"item\":\"https:\\\/\\\/www.itakaescolapios.org\\\/es\\\/\"},{\"@type\":\"ListItem\",\"position\":2,\"name\":\"UNIDOS CON ATAMBUA\"}]},{\"@type\":\"WebSite\",\"@id\":\"https:\\\/\\\/www.itakaescolapios.org\\\/pt\\\/es\\\/#website\",\"url\":\"https:\\\/\\\/www.itakaescolapios.org\\\/pt\\\/es\\\/\",\"name\":\"Itaka-Escolapios\",\"description\":\"Red de Itaka-Escolapios\",\"publisher\":{\"@id\":\"https:\\\/\\\/www.itakaescolapios.org\\\/pt\\\/es\\\/#organization\"},\"potentialAction\":[{\"@type\":\"SearchAction\",\"target\":{\"@type\":\"EntryPoint\",\"urlTemplate\":\"https:\\\/\\\/www.itakaescolapios.org\\\/pt\\\/es\\\/?s={search_term_string}\"},\"query-input\":{\"@type\":\"PropertyValueSpecification\",\"valueRequired\":true,\"valueName\":\"search_term_string\"}}],\"inLanguage\":\"pt-BR\"},{\"@type\":\"Organization\",\"@id\":\"https:\\\/\\\/www.itakaescolapios.org\\\/pt\\\/es\\\/#organization\",\"name\":\"Fundaci\u00f3 Itaka-Escolapios\",\"url\":\"https:\\\/\\\/www.itakaescolapios.org\\\/pt\\\/es\\\/\",\"logo\":{\"@type\":\"ImageObject\",\"inLanguage\":\"pt-BR\",\"@id\":\"https:\\\/\\\/www.itakaescolapios.org\\\/pt\\\/es\\\/#\\\/schema\\\/logo\\\/image\\\/\",\"url\":\"https:\\\/\\\/www.itakaescolapios.org\\\/wp-content\\\/uploads\\\/2024\\\/04\\\/Logo-itakaescolapios-peque.png\",\"contentUrl\":\"https:\\\/\\\/www.itakaescolapios.org\\\/wp-content\\\/uploads\\\/2024\\\/04\\\/Logo-itakaescolapios-peque.png\",\"width\":500,\"height\":199,\"caption\":\"Fundaci\u00f3 Itaka-Escolapios\"},\"image\":{\"@id\":\"https:\\\/\\\/www.itakaescolapios.org\\\/pt\\\/es\\\/#\\\/schema\\\/logo\\\/image\\\/\"}}]}<\/script>\n<!-- \/ Yoast SEO plugin. -->","yoast_head_json":{"title":"UNIDOS CON ATAMBUA","description":"\u00a0 Durante la campa\u00f1a de solidaridad nos uniremos con Atamb\u00faa un total de 48 colegios (37 colegios de Espa\u00f1a, 3 colegios de Bolivia, 4 colegios de Camer\u00fan,\u00a03 de Guinea Ecuatorial y 1 de Gab\u00f3n)). Todos unidos por la misma causa. Creemos que \u00e9sta es una gran oportunidad para hacer visible todo vuestro esfuerzo, por ello,&hellip;","robots":{"index":"index","follow":"follow","max-snippet":"max-snippet:-1","max-image-preview":"max-image-preview:large","max-video-preview":"max-video-preview:-1"},"canonical":"\u00a0 Durante la campa\u00f1a de solidaridad nos uniremos con Atamb\u00faa un total de 48 colegios (37 colegios de Espa\u00f1a, 3 colegios de Bolivia, 4 colegios de Camer\u00fan,\u00a03 de Guinea Ecuatorial y 1 de Gab\u00f3n)). Todos unidos por la misma causa. Creemos que \u00e9sta es una gran oportunidad para hacer visible todo vuestro esfuerzo, por ello,&hellip;","og_locale":"pt_BR","og_type":"article","og_title":"UNIDOS CON ATAMBUA","og_description":"\u00a0 Durante la campa\u00f1a de solidaridad nos uniremos con Atamb\u00faa un total de 48 colegios (37 colegios de Espa\u00f1a, 3 colegios de Bolivia, 4 colegios de Camer\u00fan,\u00a03 de Guinea Ecuatorial y 1 de Gab\u00f3n)). Todos unidos por la misma causa. Creemos que \u00e9sta es una gran oportunidad para hacer visible todo vuestro esfuerzo, por ello,&hellip;","og_url":"https:\/\/www.itakaescolapios.org\/pt\/unidos-con-atambua\/","og_site_name":"Itaka-Escolapios","article_modified_time":"2023-11-28T11:38:35+00:00","og_image":[{"width":1180,"height":523,"url":"https:\/\/www.itakaescolapios.org\/wp-content\/uploads\/2015\/11\/Unidos-Atambua.png","type":"image\/png"}],"twitter_card":"summary_large_image","twitter_misc":{"Est. tempo de leitura":"1 minuto"},"schema":{"@context":"https:\/\/schema.org","@graph":[{"@type":"WebPage","@id":"https:\/\/www.itakaescolapios.org\/pt\/unidos-con-atambua\/","url":"https:\/\/www.itakaescolapios.org\/pt\/unidos-con-atambua\/","name":"UNIDOS CON ATAMBUA - Itaka-Escolapios","isPartOf":{"@id":"https:\/\/www.itakaescolapios.org\/es\/#website"},"primaryImageOfPage":{"@id":"https:\/\/www.itakaescolapios.org\/pt\/unidos-con-atambua\/#primaryimage"},"image":{"@id":"https:\/\/www.itakaescolapios.org\/pt\/unidos-con-atambua\/#primaryimage"},"thumbnailUrl":"https:\/\/www.itakaescolapios.org\/wp-content\/uploads\/2015\/11\/Unidos-Atambua-1024x453.png","datePublished":"2015-11-03T15:49:47+00:00","dateModified":"2023-11-28T11:38:35+00:00","breadcrumb":{"@id":"https:\/\/www.itakaescolapios.org\/pt\/unidos-con-atambua\/#breadcrumb"},"inLanguage":"pt-BR","potentialAction":[{"@type":"ReadAction","target":["https:\/\/www.itakaescolapios.org\/pt\/unidos-con-atambua\/"]}]},{"@type":"ImageObject","inLanguage":"pt-BR","@id":"https:\/\/www.itakaescolapios.org\/pt\/unidos-con-atambua\/#primaryimage","url":"https:\/\/www.itakaescolapios.org\/wp-content\/uploads\/2015\/11\/Unidos-Atambua-1024x453.png","contentUrl":"https:\/\/www.itakaescolapios.org\/wp-content\/uploads\/2015\/11\/Unidos-Atambua-1024x453.png"},{"@type":"BreadcrumbList","@id":"https:\/\/www.itakaescolapios.org\/pt\/unidos-con-atambua\/#breadcrumb","itemListElement":[{"@type":"ListItem","position":1,"name":"Itaka-Escolapios","item":"https:\/\/www.itakaescolapios.org\/es\/"},{"@type":"ListItem","position":2,"name":"UNIDOS CON ATAMBUA"}]},{"@type":"WebSite","@id":"https:\/\/www.itakaescolapios.org\/pt\/es\/#website","url":"https:\/\/www.itakaescolapios.org\/pt\/es\/","name":"Itaka-Escolapios","description":"Red de Itaka-Escolapios","publisher":{"@id":"https:\/\/www.itakaescolapios.org\/pt\/es\/#organization"},"potentialAction":[{"@type":"SearchAction","target":{"@type":"EntryPoint","urlTemplate":"https:\/\/www.itakaescolapios.org\/pt\/es\/?s={search_term_string}"},"query-input":{"@type":"PropertyValueSpecification","valueRequired":true,"valueName":"search_term_string"}}],"inLanguage":"pt-BR"},{"@type":"Organization","@id":"https:\/\/www.itakaescolapios.org\/pt\/es\/#organization","name":"Fundaci\u00f3 Itaka-Escolapios","url":"https:\/\/www.itakaescolapios.org\/pt\/es\/","logo":{"@type":"ImageObject","inLanguage":"pt-BR","@id":"https:\/\/www.itakaescolapios.org\/pt\/es\/#\/schema\/logo\/image\/","url":"https:\/\/www.itakaescolapios.org\/wp-content\/uploads\/2024\/04\/Logo-itakaescolapios-peque.png","contentUrl":"https:\/\/www.itakaescolapios.org\/wp-content\/uploads\/2024\/04\/Logo-itakaescolapios-peque.png","width":500,"height":199,"caption":"Fundaci\u00f3 Itaka-Escolapios"},"image":{"@id":"https:\/\/www.itakaescolapios.org\/pt\/es\/#\/schema\/logo\/image\/"}}]}},"_links":{"self":[{"href":"https:\/\/www.itakaescolapios.org\/pt\/wp-json\/wp\/v2\/pages\/13560","targetHints":{"allow":["GET"]}}],"collection":[{"href":"https:\/\/www.itakaescolapios.org\/pt\/wp-json\/wp\/v2\/pages"}],"about":[{"href":"https:\/\/www.itakaescolapios.org\/pt\/wp-json\/wp\/v2\/types\/page"}],"author":[{"embeddable":true,"href":"https:\/\/www.itakaescolapios.org\/pt\/wp-json\/wp\/v2\/users\/46"}],"replies":[{"embeddable":true,"href":"https:\/\/www.itakaescolapios.org\/pt\/wp-json\/wp\/v2\/comments?post=13560"}],"version-history":[{"count":23,"href":"https:\/\/www.itakaescolapios.org\/pt\/wp-json\/wp\/v2\/pages\/13560\/revisions"}],"predecessor-version":[{"id":48562,"href":"https:\/\/www.itakaescolapios.org\/pt\/wp-json\/wp\/v2\/pages\/13560\/revisions\/48562"}],"wp:attachment":[{"href":"https:\/\/www.itakaescolapios.org\/pt\/wp-json\/wp\/v2\/media?parent=13560"}],"curies":[{"name":"wp","href":"https:\/\/api.w.org\/{rel}","templated":true}]}}