{"id":14750,"date":"2016-02-25T10:51:22","date_gmt":"2016-02-25T09:51:22","guid":{"rendered":"https:\/\/www.itakaescolapios.org\/?page_id=14750"},"modified":"2023-11-28T12:38:28","modified_gmt":"2023-11-28T11:38:28","slug":"centro-cultural-calasanz-valencia","status":"publish","type":"page","link":"https:\/\/www.itakaescolapios.org\/pt\/o-que-fazemos\/centros-socio-educativos\/centro-cultural-calasanz-valencia\/","title":{"rendered":"CENTRO CULTURAL CALASANZ VALENCIA (VENEZUELA)"},"content":{"rendered":"<p>El Centro Cultural Calasanz Valencia da servicio a las comunidades del barrio de Lomas y se configura como un espacio comunitario inserto en contextos populares para el desarrollo de programas de educaci\u00f3n no formal. Su misi\u00f3n es educar para la mejora integral de la persona en su calidad de vida, especialmente la poblaci\u00f3n m\u00e1s vulnerable, ofreciendo recursos, valores, habilidades y conocimientos que les permitan un desarrollo personal integrado y una inserci\u00f3n en la sociedad constructiva y transformadora de la realidad familiar, de barrio, de ciudad, de iglesia y de mundo.<\/p>\n<p>Adem\u00e1s de los proyectos de apoyo escolar, eduarte o Calasanz nos Une destacamos a continuaci\u00f3n:<\/p>\n<p><b>COMEDOR DE ANCIANOS<\/b><\/p>\n<p>El proyecto pretende mejorar las condiciones de vida de los adultos mayores en desamparo (parcial o total) y en una situaci\u00f3n de soledad, por medio de una alimentaci\u00f3n adecuada que disminuya los \u00edndices de desnutrici\u00f3n y enfermedades cr\u00f3nico-degenerativas asociadas a la mala alimentaci\u00f3n. Al mismo tiempo, las actividades recreativas que se realizan fomentan la amistad y comunicaci\u00f3n entre ellos, les brindan un espacio f\u00edsico adecuado para sus necesidades b\u00e1sicas y se les apoya en la atenci\u00f3n m\u00e9dica necesaria con la ayuda del Servicio M\u00e9dico del Municipio Valencia.<\/p>\n<p><b>NECESIDADES EDUCATIVAS ESPECIALES<\/b><\/p>\n<p>Este proyecto pretende construir un Centro de Atenci\u00f3n Integral para ni\u00f1os y ni\u00f1as con discapacidad en una situaci\u00f3n socio-econ\u00f3mica grave, con instalaciones adecuadas para lograr mejorar su desarrollo f\u00edsico, ps\u00edquico y social.<\/p>\n<p>El objetivo es procurar el desarrollo normalizado e integral de estos ni\u00f1os, ni\u00f1as y j\u00f3venes en los niveles de lecto-escritura, matem\u00e1ticas y afectivo-conductual, proporcion\u00e1ndoles un proceso que les ayude a superar sus dificultades a trav\u00e9s de actividades l\u00fadicas, acad\u00e9micas y de psicomotricidad.<\/p>\n<p>Implicamos a los padres, madres y representantes en el proceso educativo de sus hijos e hijas concienci\u00e1ndoles de la importancia de su colaboraci\u00f3n en las actividades.<\/p>\n","protected":false},"excerpt":{"rendered":"<p>El Centro Cultural Calasanz Valencia da servicio a las comunidades del barrio de Lomas y se configura como un espacio comunitario inserto en contextos populares para el desarrollo de programas [&hellip;]<\/p>\n","protected":false},"author":46,"featured_media":14765,"parent":83,"menu_order":6,"comment_status":"closed","ping_status":"closed","template":"","meta":{"_et_pb_use_builder":"","_et_pb_old_content":"","_et_gb_content_width":"","footnotes":""},"class_list":["post-14750","page","type-page","status-publish","has-post-thumbnail","hentry"],"yoast_head":"<!-- This site is optimized with the Yoast SEO plugin v27.3 - https:\/\/yoast.com\/product\/yoast-seo-wordpress\/ -->\n<title>CENTRO CULTURAL CALASANZ VALENCIA (VENEZUELA)<\/title>\n<meta name=\"description\" content=\"El Centro Cultural Calasanz Valencia da servicio a las comunidades del barrio de Lomas y se configura como un espacio comunitario inserto en contextos populares para el desarrollo de programas de educaci\u00f3n no formal. Su misi\u00f3n es educar para la mejora integral de la persona en su calidad de vida, especialmente la poblaci\u00f3n m\u00e1s vulnerable,&hellip;\" \/>\n<meta name=\"robots\" content=\"index, follow, max-snippet:-1, max-image-preview:large, max-video-preview:-1\" \/>\n<link rel=\"canonical\" href=\"http:\/\/El%20Centro%20Cultural%20Calasanz%20Valencia%20da%20servicio%20a%20las%20comunidades%20del%20barrio%20de%20Lomas%20y%20se%20configura%20como%20un%20espacio%20comunitario%20inserto%20en%20contextos%20populares%20para%20el%20desarrollo%20de%20programas%20de%20educaci\u00f3n%20no%20formal.%20Su%20misi\u00f3n%20es%20educar%20para%20la%20mejora%20integral%20de%20la%20persona%20en%20su%20calidad%20de%20vida,%20especialmente%20la%20poblaci\u00f3n%20m\u00e1s%20vulnerable,&hellip;\" \/>\n<meta property=\"og:locale\" content=\"pt_BR\" \/>\n<meta property=\"og:type\" content=\"article\" \/>\n<meta property=\"og:title\" content=\"CENTRO CULTURAL CALASANZ VALENCIA (VENEZUELA)\" \/>\n<meta property=\"og:description\" content=\"El Centro Cultural Calasanz Valencia da servicio a las comunidades del barrio de Lomas y se configura como un espacio comunitario inserto en contextos populares para el desarrollo de programas de educaci\u00f3n no formal. Su misi\u00f3n es educar para la mejora integral de la persona en su calidad de vida, especialmente la poblaci\u00f3n m\u00e1s vulnerable,&hellip;\" \/>\n<meta property=\"og:url\" content=\"https:\/\/www.itakaescolapios.org\/pt\/o-que-fazemos\/centros-socio-educativos\/centro-cultural-calasanz-valencia\/\" \/>\n<meta property=\"og:site_name\" content=\"Itaka-Escolapios\" \/>\n<meta property=\"article:modified_time\" content=\"2023-11-28T11:38:28+00:00\" \/>\n<meta property=\"og:image\" content=\"https:\/\/www.itakaescolapios.org\/wp-content\/uploads\/2016\/02\/Centro-Pastoral-Juvenil-Lomas-9-Venezuela.jpg\" \/>\n\t<meta property=\"og:image:width\" content=\"2000\" \/>\n\t<meta property=\"og:image:height\" content=\"1498\" \/>\n\t<meta property=\"og:image:type\" content=\"image\/jpeg\" \/>\n<meta name=\"twitter:card\" content=\"summary_large_image\" \/>\n<meta name=\"twitter:label1\" content=\"Est. tempo de leitura\" \/>\n\t<meta name=\"twitter:data1\" content=\"2 minutos\" \/>\n<script type=\"application\/ld+json\" class=\"yoast-schema-graph\">{\"@context\":\"https:\\\/\\\/schema.org\",\"@graph\":[{\"@type\":\"WebPage\",\"@id\":\"https:\\\/\\\/www.itakaescolapios.org\\\/pt\\\/o-que-fazemos\\\/centros-socio-educativos\\\/centro-cultural-calasanz-valencia\\\/\",\"url\":\"https:\\\/\\\/www.itakaescolapios.org\\\/pt\\\/o-que-fazemos\\\/centros-socio-educativos\\\/centro-cultural-calasanz-valencia\\\/\",\"name\":\"CENTRO CULTURAL CALASANZ VALENCIA (VENEZUELA) - Itaka-Escolapios\",\"isPartOf\":{\"@id\":\"https:\\\/\\\/www.itakaescolapios.org\\\/es\\\/#website\"},\"primaryImageOfPage\":{\"@id\":\"https:\\\/\\\/www.itakaescolapios.org\\\/pt\\\/o-que-fazemos\\\/centros-socio-educativos\\\/centro-cultural-calasanz-valencia\\\/#primaryimage\"},\"image\":{\"@id\":\"https:\\\/\\\/www.itakaescolapios.org\\\/pt\\\/o-que-fazemos\\\/centros-socio-educativos\\\/centro-cultural-calasanz-valencia\\\/#primaryimage\"},\"thumbnailUrl\":\"https:\\\/\\\/www.itakaescolapios.org\\\/wp-content\\\/uploads\\\/2016\\\/02\\\/Centro-Pastoral-Juvenil-Lomas-9-Venezuela.jpg\",\"datePublished\":\"2016-02-25T09:51:22+00:00\",\"dateModified\":\"2023-11-28T11:38:28+00:00\",\"breadcrumb\":{\"@id\":\"https:\\\/\\\/www.itakaescolapios.org\\\/pt\\\/o-que-fazemos\\\/centros-socio-educativos\\\/centro-cultural-calasanz-valencia\\\/#breadcrumb\"},\"inLanguage\":\"pt-BR\",\"potentialAction\":[{\"@type\":\"ReadAction\",\"target\":[\"https:\\\/\\\/www.itakaescolapios.org\\\/pt\\\/o-que-fazemos\\\/centros-socio-educativos\\\/centro-cultural-calasanz-valencia\\\/\"]}]},{\"@type\":\"ImageObject\",\"inLanguage\":\"pt-BR\",\"@id\":\"https:\\\/\\\/www.itakaescolapios.org\\\/pt\\\/o-que-fazemos\\\/centros-socio-educativos\\\/centro-cultural-calasanz-valencia\\\/#primaryimage\",\"url\":\"https:\\\/\\\/www.itakaescolapios.org\\\/wp-content\\\/uploads\\\/2016\\\/02\\\/Centro-Pastoral-Juvenil-Lomas-9-Venezuela.jpg\",\"contentUrl\":\"https:\\\/\\\/www.itakaescolapios.org\\\/wp-content\\\/uploads\\\/2016\\\/02\\\/Centro-Pastoral-Juvenil-Lomas-9-Venezuela.jpg\",\"width\":2000,\"height\":1498},{\"@type\":\"BreadcrumbList\",\"@id\":\"https:\\\/\\\/www.itakaescolapios.org\\\/pt\\\/o-que-fazemos\\\/centros-socio-educativos\\\/centro-cultural-calasanz-valencia\\\/#breadcrumb\",\"itemListElement\":[{\"@type\":\"ListItem\",\"position\":1,\"name\":\"Itaka-Escolapios\",\"item\":\"https:\\\/\\\/www.itakaescolapios.org\\\/es\\\/\"},{\"@type\":\"ListItem\",\"position\":2,\"name\":\"O que fazemos\",\"item\":\"https:\\\/\\\/www.itakaescolapios.org\\\/es\\\/que-hacemos\\\/\"},{\"@type\":\"ListItem\",\"position\":3,\"name\":\"Centros Socio-Educativos\",\"item\":\"https:\\\/\\\/www.itakaescolapios.org\\\/es\\\/que-hacemos\\\/centros-socio-educativos\\\/\"},{\"@type\":\"ListItem\",\"position\":4,\"name\":\"CENTRO CULTURAL CALASANZ VALENCIA (VENEZUELA)\"}]},{\"@type\":\"WebSite\",\"@id\":\"https:\\\/\\\/www.itakaescolapios.org\\\/pt\\\/es\\\/#website\",\"url\":\"https:\\\/\\\/www.itakaescolapios.org\\\/pt\\\/es\\\/\",\"name\":\"Itaka-Escolapios\",\"description\":\"Red de Itaka-Escolapios\",\"publisher\":{\"@id\":\"https:\\\/\\\/www.itakaescolapios.org\\\/pt\\\/es\\\/#organization\"},\"potentialAction\":[{\"@type\":\"SearchAction\",\"target\":{\"@type\":\"EntryPoint\",\"urlTemplate\":\"https:\\\/\\\/www.itakaescolapios.org\\\/pt\\\/es\\\/?s={search_term_string}\"},\"query-input\":{\"@type\":\"PropertyValueSpecification\",\"valueRequired\":true,\"valueName\":\"search_term_string\"}}],\"inLanguage\":\"pt-BR\"},{\"@type\":\"Organization\",\"@id\":\"https:\\\/\\\/www.itakaescolapios.org\\\/pt\\\/es\\\/#organization\",\"name\":\"Fundaci\u00f3 Itaka-Escolapios\",\"url\":\"https:\\\/\\\/www.itakaescolapios.org\\\/pt\\\/es\\\/\",\"logo\":{\"@type\":\"ImageObject\",\"inLanguage\":\"pt-BR\",\"@id\":\"https:\\\/\\\/www.itakaescolapios.org\\\/pt\\\/es\\\/#\\\/schema\\\/logo\\\/image\\\/\",\"url\":\"https:\\\/\\\/www.itakaescolapios.org\\\/wp-content\\\/uploads\\\/2024\\\/04\\\/Logo-itakaescolapios-peque.png\",\"contentUrl\":\"https:\\\/\\\/www.itakaescolapios.org\\\/wp-content\\\/uploads\\\/2024\\\/04\\\/Logo-itakaescolapios-peque.png\",\"width\":500,\"height\":199,\"caption\":\"Fundaci\u00f3 Itaka-Escolapios\"},\"image\":{\"@id\":\"https:\\\/\\\/www.itakaescolapios.org\\\/pt\\\/es\\\/#\\\/schema\\\/logo\\\/image\\\/\"}}]}<\/script>\n<!-- \/ Yoast SEO plugin. -->","yoast_head_json":{"title":"CENTRO CULTURAL CALASANZ VALENCIA (VENEZUELA)","description":"El Centro Cultural Calasanz Valencia da servicio a las comunidades del barrio de Lomas y se configura como un espacio comunitario inserto en contextos populares para el desarrollo de programas de educaci\u00f3n no formal. Su misi\u00f3n es educar para la mejora integral de la persona en su calidad de vida, especialmente la poblaci\u00f3n m\u00e1s vulnerable,&hellip;","robots":{"index":"index","follow":"follow","max-snippet":"max-snippet:-1","max-image-preview":"max-image-preview:large","max-video-preview":"max-video-preview:-1"},"canonical":"El Centro Cultural Calasanz Valencia da servicio a las comunidades del barrio de Lomas y se configura como un espacio comunitario inserto en contextos populares para el desarrollo de programas de educaci\u00f3n no formal. Su misi\u00f3n es educar para la mejora integral de la persona en su calidad de vida, especialmente la poblaci\u00f3n m\u00e1s vulnerable,&hellip;","og_locale":"pt_BR","og_type":"article","og_title":"CENTRO CULTURAL CALASANZ VALENCIA (VENEZUELA)","og_description":"El Centro Cultural Calasanz Valencia da servicio a las comunidades del barrio de Lomas y se configura como un espacio comunitario inserto en contextos populares para el desarrollo de programas de educaci\u00f3n no formal. Su misi\u00f3n es educar para la mejora integral de la persona en su calidad de vida, especialmente la poblaci\u00f3n m\u00e1s vulnerable,&hellip;","og_url":"https:\/\/www.itakaescolapios.org\/pt\/o-que-fazemos\/centros-socio-educativos\/centro-cultural-calasanz-valencia\/","og_site_name":"Itaka-Escolapios","article_modified_time":"2023-11-28T11:38:28+00:00","og_image":[{"width":2000,"height":1498,"url":"https:\/\/www.itakaescolapios.org\/wp-content\/uploads\/2016\/02\/Centro-Pastoral-Juvenil-Lomas-9-Venezuela.jpg","type":"image\/jpeg"}],"twitter_card":"summary_large_image","twitter_misc":{"Est. tempo de leitura":"2 minutos"},"schema":{"@context":"https:\/\/schema.org","@graph":[{"@type":"WebPage","@id":"https:\/\/www.itakaescolapios.org\/pt\/o-que-fazemos\/centros-socio-educativos\/centro-cultural-calasanz-valencia\/","url":"https:\/\/www.itakaescolapios.org\/pt\/o-que-fazemos\/centros-socio-educativos\/centro-cultural-calasanz-valencia\/","name":"CENTRO CULTURAL CALASANZ VALENCIA (VENEZUELA) - Itaka-Escolapios","isPartOf":{"@id":"https:\/\/www.itakaescolapios.org\/es\/#website"},"primaryImageOfPage":{"@id":"https:\/\/www.itakaescolapios.org\/pt\/o-que-fazemos\/centros-socio-educativos\/centro-cultural-calasanz-valencia\/#primaryimage"},"image":{"@id":"https:\/\/www.itakaescolapios.org\/pt\/o-que-fazemos\/centros-socio-educativos\/centro-cultural-calasanz-valencia\/#primaryimage"},"thumbnailUrl":"https:\/\/www.itakaescolapios.org\/wp-content\/uploads\/2016\/02\/Centro-Pastoral-Juvenil-Lomas-9-Venezuela.jpg","datePublished":"2016-02-25T09:51:22+00:00","dateModified":"2023-11-28T11:38:28+00:00","breadcrumb":{"@id":"https:\/\/www.itakaescolapios.org\/pt\/o-que-fazemos\/centros-socio-educativos\/centro-cultural-calasanz-valencia\/#breadcrumb"},"inLanguage":"pt-BR","potentialAction":[{"@type":"ReadAction","target":["https:\/\/www.itakaescolapios.org\/pt\/o-que-fazemos\/centros-socio-educativos\/centro-cultural-calasanz-valencia\/"]}]},{"@type":"ImageObject","inLanguage":"pt-BR","@id":"https:\/\/www.itakaescolapios.org\/pt\/o-que-fazemos\/centros-socio-educativos\/centro-cultural-calasanz-valencia\/#primaryimage","url":"https:\/\/www.itakaescolapios.org\/wp-content\/uploads\/2016\/02\/Centro-Pastoral-Juvenil-Lomas-9-Venezuela.jpg","contentUrl":"https:\/\/www.itakaescolapios.org\/wp-content\/uploads\/2016\/02\/Centro-Pastoral-Juvenil-Lomas-9-Venezuela.jpg","width":2000,"height":1498},{"@type":"BreadcrumbList","@id":"https:\/\/www.itakaescolapios.org\/pt\/o-que-fazemos\/centros-socio-educativos\/centro-cultural-calasanz-valencia\/#breadcrumb","itemListElement":[{"@type":"ListItem","position":1,"name":"Itaka-Escolapios","item":"https:\/\/www.itakaescolapios.org\/es\/"},{"@type":"ListItem","position":2,"name":"O que fazemos","item":"https:\/\/www.itakaescolapios.org\/es\/que-hacemos\/"},{"@type":"ListItem","position":3,"name":"Centros Socio-Educativos","item":"https:\/\/www.itakaescolapios.org\/es\/que-hacemos\/centros-socio-educativos\/"},{"@type":"ListItem","position":4,"name":"CENTRO CULTURAL CALASANZ VALENCIA (VENEZUELA)"}]},{"@type":"WebSite","@id":"https:\/\/www.itakaescolapios.org\/pt\/es\/#website","url":"https:\/\/www.itakaescolapios.org\/pt\/es\/","name":"Itaka-Escolapios","description":"Red de Itaka-Escolapios","publisher":{"@id":"https:\/\/www.itakaescolapios.org\/pt\/es\/#organization"},"potentialAction":[{"@type":"SearchAction","target":{"@type":"EntryPoint","urlTemplate":"https:\/\/www.itakaescolapios.org\/pt\/es\/?s={search_term_string}"},"query-input":{"@type":"PropertyValueSpecification","valueRequired":true,"valueName":"search_term_string"}}],"inLanguage":"pt-BR"},{"@type":"Organization","@id":"https:\/\/www.itakaescolapios.org\/pt\/es\/#organization","name":"Fundaci\u00f3 Itaka-Escolapios","url":"https:\/\/www.itakaescolapios.org\/pt\/es\/","logo":{"@type":"ImageObject","inLanguage":"pt-BR","@id":"https:\/\/www.itakaescolapios.org\/pt\/es\/#\/schema\/logo\/image\/","url":"https:\/\/www.itakaescolapios.org\/wp-content\/uploads\/2024\/04\/Logo-itakaescolapios-peque.png","contentUrl":"https:\/\/www.itakaescolapios.org\/wp-content\/uploads\/2024\/04\/Logo-itakaescolapios-peque.png","width":500,"height":199,"caption":"Fundaci\u00f3 Itaka-Escolapios"},"image":{"@id":"https:\/\/www.itakaescolapios.org\/pt\/es\/#\/schema\/logo\/image\/"}}]}},"_links":{"self":[{"href":"https:\/\/www.itakaescolapios.org\/pt\/wp-json\/wp\/v2\/pages\/14750","targetHints":{"allow":["GET"]}}],"collection":[{"href":"https:\/\/www.itakaescolapios.org\/pt\/wp-json\/wp\/v2\/pages"}],"about":[{"href":"https:\/\/www.itakaescolapios.org\/pt\/wp-json\/wp\/v2\/types\/page"}],"author":[{"embeddable":true,"href":"https:\/\/www.itakaescolapios.org\/pt\/wp-json\/wp\/v2\/users\/46"}],"replies":[{"embeddable":true,"href":"https:\/\/www.itakaescolapios.org\/pt\/wp-json\/wp\/v2\/comments?post=14750"}],"version-history":[{"count":6,"href":"https:\/\/www.itakaescolapios.org\/pt\/wp-json\/wp\/v2\/pages\/14750\/revisions"}],"predecessor-version":[{"id":48380,"href":"https:\/\/www.itakaescolapios.org\/pt\/wp-json\/wp\/v2\/pages\/14750\/revisions\/48380"}],"up":[{"embeddable":true,"href":"https:\/\/www.itakaescolapios.org\/pt\/wp-json\/wp\/v2\/pages\/83"}],"wp:featuredmedia":[{"embeddable":true,"href":"https:\/\/www.itakaescolapios.org\/pt\/wp-json\/wp\/v2\/media\/14765"}],"wp:attachment":[{"href":"https:\/\/www.itakaescolapios.org\/pt\/wp-json\/wp\/v2\/media?parent=14750"}],"curies":[{"name":"wp","href":"https:\/\/api.w.org\/{rel}","templated":true}]}}