{"id":16916,"date":"2016-11-02T16:45:29","date_gmt":"2016-11-02T15:45:29","guid":{"rendered":"https:\/\/www.itakaescolapios.org\/?page_id=16916"},"modified":"2023-11-28T12:38:18","modified_gmt":"2023-11-28T11:38:18","slug":"coleccion-expedicion-kamda-educar-anunciar-transformar","status":"publish","type":"page","link":"https:\/\/www.itakaescolapios.org\/pt\/coleccion-expedicion-kamda-educar-anunciar-transformar\/","title":{"rendered":"COLECCI\u00d3N \"EXPEDICI\u00d3N KAMDA: EDUCAR, ANUNCIAR, TRANSFORMAR"},"content":{"rendered":"<p style=\"text-align: center;\"><a href=\"https:\/\/www.itakaescolapios.org\/wp-content\/uploads\/2016\/11\/albun.png\"><img decoding=\"async\" class=\"size-full wp-image-17024 aligncenter\" alt=\"albun\" src=\"https:\/\/www.itakaescolapios.org\/wp-content\/uploads\/2016\/11\/albun.png\" width=\"406\" height=\"254\" srcset=\"https:\/\/www.itakaescolapios.org\/wp-content\/uploads\/2016\/11\/albun.png 406w, https:\/\/www.itakaescolapios.org\/wp-content\/uploads\/2016\/11\/albun-300x187.png 300w, https:\/\/www.itakaescolapios.org\/wp-content\/uploads\/2016\/11\/albun-250x156.png 250w\" sizes=\"(max-width: 406px) 100vw, 406px\" \/><\/a><\/p>\n<p>La colecci\u00f3n de cromos que vais a comenzar quiere convertirse en un peque\u00f1o viaje que nos ayude a conocer un poco m\u00e1s a los escolapios y a la red educativa y solidaria de Itaka-Escolapios. La colecci\u00f3n de \u00e9ste a\u00f1o la componen un total de 17 cromos exclusivos que nos acercan a la figura de San Jos\u00e9 de Calasanz y los escolapios en el a\u00f1o en el que cumplen 400 a\u00f1os como Orden religiosa, present\u00e1ndonos adem\u00e1s el trabajo de Itaka-Escolapios en el mundo y el proyecto que apoyaremos este curso con la campa\u00f1a de solidaridad.<\/p>\n<p>Sera el tutor o tutora de vuestra aula la que os ir\u00e1 entregando los cromos hasta completar la colecci\u00f3n, aprovechando ese momento para leer el texto que los acompa\u00f1a y conocer de esta manera algo m\u00e1s sobre el legado de Calasanz.<\/p>\n<p>El tutor o tutora ir\u00e1 entregando de manera escalonada todos los cromos de la colecci\u00f3n:<\/p>\n<p>&#8211;\u00a0\u00a0\u00a0\u00a0\u00a0\u00a0\u00a0\u00a0\u00a0 Un cromo lo podemos recibir por las ma\u00f1anas tras realizar la oraci\u00f3n que encontraremos entre los materiales preparados para la campa\u00f1a.<\/p>\n<p>&#8211;\u00a0\u00a0\u00a0\u00a0\u00a0\u00a0\u00a0\u00a0\u00a0 El resto de los cromos los ir\u00e1 entregando aprovechando el desarrollo de las diferentes actividades y el inter\u00e9s mostrado en la realizaci\u00f3n de las mismas.<\/p>\n<p>Disfruta y aprende con \u00e9sta magn\u00edfica e irrepetible colecci\u00f3n.<\/p>\n<p>DESC\u00c1RGATE EL \u00c1LBUM DE CROMOS: <strong><span style=\"color: #808000;\"><a href=\"https:\/\/www.itakaescolapios.org\/wp-content\/uploads\/2016\/11\/ALBUM-DE-CROMOS.pdf\" target=\"_blank\" rel=\"noopener\"><span style=\"color: #808000;\">documento PDF tama\u00f1o DinA3<\/span><\/a><\/span><\/strong><\/p>\n<p>DESC\u00c1RGATE LOS CROMOS DE LA COLECCI\u00d3N: <span style=\"color: #808000;\"><strong><a href=\"https:\/\/www.itakaescolapios.org\/wp-content\/uploads\/2016\/11\/CROMOS-17.pdf\" target=\"_blank\" rel=\"noopener\"><span style=\"color: #808000;\">documento PDF tama\u00f1o DinA3<\/span><\/a><\/strong><\/span><\/p>\n","protected":false},"excerpt":{"rendered":"<p>La colecci\u00f3n de cromos que vais a comenzar quiere convertirse en un peque\u00f1o viaje que nos ayude a conocer un poco m\u00e1s a los escolapios y a la red educativa [&hellip;]<\/p>\n","protected":false},"author":46,"featured_media":0,"parent":0,"menu_order":0,"comment_status":"closed","ping_status":"closed","template":"","meta":{"_et_pb_use_builder":"","_et_pb_old_content":"","_et_gb_content_width":"","footnotes":""},"class_list":["post-16916","page","type-page","status-publish","hentry"],"yoast_head":"<!-- This site is optimized with the Yoast SEO plugin v27.3 - https:\/\/yoast.com\/product\/yoast-seo-wordpress\/ -->\n<title>COLECCI\u00d3N &quot;EXPEDICI\u00d3N KAMDA: EDUCAR, ANUNCIAR, TRANSFORMAR<\/title>\n<meta name=\"description\" content=\"La colecci\u00f3n de cromos que vais a comenzar quiere convertirse en un peque\u00f1o viaje que nos ayude a conocer un poco m\u00e1s a los escolapios y a la red educativa y solidaria de Itaka-Escolapios. La colecci\u00f3n de \u00e9ste a\u00f1o la componen un total de 17 cromos exclusivos que nos acercan a la figura de San&hellip;\" \/>\n<meta name=\"robots\" content=\"index, follow, max-snippet:-1, max-image-preview:large, max-video-preview:-1\" \/>\n<link rel=\"canonical\" href=\"http:\/\/La%20colecci\u00f3n%20de%20cromos%20que%20vais%20a%20comenzar%20quiere%20convertirse%20en%20un%20peque\u00f1o%20viaje%20que%20nos%20ayude%20a%20conocer%20un%20poco%20m\u00e1s%20a%20los%20escolapios%20y%20a%20la%20red%20educativa%20y%20solidaria%20de%20Itaka-Escolapios.%20La%20colecci\u00f3n%20de%20\u00e9ste%20a\u00f1o%20la%20componen%20un%20total%20de%2017%20cromos%20exclusivos%20que%20nos%20acercan%20a%20la%20figura%20de%20San&hellip;\" \/>\n<meta property=\"og:locale\" content=\"pt_BR\" \/>\n<meta property=\"og:type\" content=\"article\" \/>\n<meta property=\"og:title\" content=\"COLECCI\u00d3N &quot;EXPEDICI\u00d3N KAMDA: EDUCAR, ANUNCIAR, TRANSFORMAR\" \/>\n<meta property=\"og:description\" content=\"La colecci\u00f3n de cromos que vais a comenzar quiere convertirse en un peque\u00f1o viaje que nos ayude a conocer un poco m\u00e1s a los escolapios y a la red educativa y solidaria de Itaka-Escolapios. La colecci\u00f3n de \u00e9ste a\u00f1o la componen un total de 17 cromos exclusivos que nos acercan a la figura de San&hellip;\" \/>\n<meta property=\"og:url\" content=\"https:\/\/www.itakaescolapios.org\/pt\/coleccion-expedicion-kamda-educar-anunciar-transformar\/\" \/>\n<meta property=\"og:site_name\" content=\"Itaka-Escolapios\" \/>\n<meta property=\"article:modified_time\" content=\"2023-11-28T11:38:18+00:00\" \/>\n<meta property=\"og:image\" content=\"https:\/\/www.itakaescolapios.org\/wp-content\/uploads\/2016\/11\/albun.png\" \/>\n\t<meta property=\"og:image:width\" content=\"406\" \/>\n\t<meta property=\"og:image:height\" content=\"254\" \/>\n\t<meta property=\"og:image:type\" content=\"image\/png\" \/>\n<meta name=\"twitter:card\" content=\"summary_large_image\" \/>\n<meta name=\"twitter:label1\" content=\"Est. tempo de leitura\" \/>\n\t<meta name=\"twitter:data1\" content=\"1 minuto\" \/>\n<script type=\"application\/ld+json\" class=\"yoast-schema-graph\">{\"@context\":\"https:\\\/\\\/schema.org\",\"@graph\":[{\"@type\":\"WebPage\",\"@id\":\"https:\\\/\\\/www.itakaescolapios.org\\\/pt\\\/coleccion-expedicion-kamda-educar-anunciar-transformar\\\/\",\"url\":\"https:\\\/\\\/www.itakaescolapios.org\\\/pt\\\/coleccion-expedicion-kamda-educar-anunciar-transformar\\\/\",\"name\":\"COLECCI\u00d3N \\\"EXPEDICI\u00d3N KAMDA: EDUCAR, ANUNCIAR, TRANSFORMAR - Itaka-Escolapios\",\"isPartOf\":{\"@id\":\"https:\\\/\\\/www.itakaescolapios.org\\\/es\\\/#website\"},\"primaryImageOfPage\":{\"@id\":\"https:\\\/\\\/www.itakaescolapios.org\\\/pt\\\/coleccion-expedicion-kamda-educar-anunciar-transformar\\\/#primaryimage\"},\"image\":{\"@id\":\"https:\\\/\\\/www.itakaescolapios.org\\\/pt\\\/coleccion-expedicion-kamda-educar-anunciar-transformar\\\/#primaryimage\"},\"thumbnailUrl\":\"https:\\\/\\\/www.itakaescolapios.org\\\/wp-content\\\/uploads\\\/2016\\\/11\\\/albun.png\",\"datePublished\":\"2016-11-02T15:45:29+00:00\",\"dateModified\":\"2023-11-28T11:38:18+00:00\",\"breadcrumb\":{\"@id\":\"https:\\\/\\\/www.itakaescolapios.org\\\/pt\\\/coleccion-expedicion-kamda-educar-anunciar-transformar\\\/#breadcrumb\"},\"inLanguage\":\"pt-BR\",\"potentialAction\":[{\"@type\":\"ReadAction\",\"target\":[\"https:\\\/\\\/www.itakaescolapios.org\\\/pt\\\/coleccion-expedicion-kamda-educar-anunciar-transformar\\\/\"]}]},{\"@type\":\"ImageObject\",\"inLanguage\":\"pt-BR\",\"@id\":\"https:\\\/\\\/www.itakaescolapios.org\\\/pt\\\/coleccion-expedicion-kamda-educar-anunciar-transformar\\\/#primaryimage\",\"url\":\"https:\\\/\\\/www.itakaescolapios.org\\\/wp-content\\\/uploads\\\/2016\\\/11\\\/albun.png\",\"contentUrl\":\"https:\\\/\\\/www.itakaescolapios.org\\\/wp-content\\\/uploads\\\/2016\\\/11\\\/albun.png\"},{\"@type\":\"BreadcrumbList\",\"@id\":\"https:\\\/\\\/www.itakaescolapios.org\\\/pt\\\/coleccion-expedicion-kamda-educar-anunciar-transformar\\\/#breadcrumb\",\"itemListElement\":[{\"@type\":\"ListItem\",\"position\":1,\"name\":\"Itaka-Escolapios\",\"item\":\"https:\\\/\\\/www.itakaescolapios.org\\\/es\\\/\"},{\"@type\":\"ListItem\",\"position\":2,\"name\":\"COLECCI\u00d3N \\\"EXPEDICI\u00d3N KAMDA: EDUCAR, ANUNCIAR, TRANSFORMAR\"}]},{\"@type\":\"WebSite\",\"@id\":\"https:\\\/\\\/www.itakaescolapios.org\\\/pt\\\/es\\\/#website\",\"url\":\"https:\\\/\\\/www.itakaescolapios.org\\\/pt\\\/es\\\/\",\"name\":\"Itaka-Escolapios\",\"description\":\"Red de Itaka-Escolapios\",\"publisher\":{\"@id\":\"https:\\\/\\\/www.itakaescolapios.org\\\/pt\\\/es\\\/#organization\"},\"potentialAction\":[{\"@type\":\"SearchAction\",\"target\":{\"@type\":\"EntryPoint\",\"urlTemplate\":\"https:\\\/\\\/www.itakaescolapios.org\\\/pt\\\/es\\\/?s={search_term_string}\"},\"query-input\":{\"@type\":\"PropertyValueSpecification\",\"valueRequired\":true,\"valueName\":\"search_term_string\"}}],\"inLanguage\":\"pt-BR\"},{\"@type\":\"Organization\",\"@id\":\"https:\\\/\\\/www.itakaescolapios.org\\\/pt\\\/es\\\/#organization\",\"name\":\"Fundaci\u00f3 Itaka-Escolapios\",\"url\":\"https:\\\/\\\/www.itakaescolapios.org\\\/pt\\\/es\\\/\",\"logo\":{\"@type\":\"ImageObject\",\"inLanguage\":\"pt-BR\",\"@id\":\"https:\\\/\\\/www.itakaescolapios.org\\\/pt\\\/es\\\/#\\\/schema\\\/logo\\\/image\\\/\",\"url\":\"https:\\\/\\\/www.itakaescolapios.org\\\/wp-content\\\/uploads\\\/2024\\\/04\\\/Logo-itakaescolapios-peque.png\",\"contentUrl\":\"https:\\\/\\\/www.itakaescolapios.org\\\/wp-content\\\/uploads\\\/2024\\\/04\\\/Logo-itakaescolapios-peque.png\",\"width\":500,\"height\":199,\"caption\":\"Fundaci\u00f3 Itaka-Escolapios\"},\"image\":{\"@id\":\"https:\\\/\\\/www.itakaescolapios.org\\\/pt\\\/es\\\/#\\\/schema\\\/logo\\\/image\\\/\"}}]}<\/script>\n<!-- \/ Yoast SEO plugin. -->","yoast_head_json":{"title":"COLECCI\u00d3N \"EXPEDICI\u00d3N KAMDA: EDUCAR, ANUNCIAR, TRANSFORMAR","description":"La colecci\u00f3n de cromos que vais a comenzar quiere convertirse en un peque\u00f1o viaje que nos ayude a conocer un poco m\u00e1s a los escolapios y a la red educativa y solidaria de Itaka-Escolapios. La colecci\u00f3n de \u00e9ste a\u00f1o la componen un total de 17 cromos exclusivos que nos acercan a la figura de San&hellip;","robots":{"index":"index","follow":"follow","max-snippet":"max-snippet:-1","max-image-preview":"max-image-preview:large","max-video-preview":"max-video-preview:-1"},"canonical":"La colecci\u00f3n de cromos que vais a comenzar quiere convertirse en un peque\u00f1o viaje que nos ayude a conocer un poco m\u00e1s a los escolapios y a la red educativa y solidaria de Itaka-Escolapios. La colecci\u00f3n de \u00e9ste a\u00f1o la componen un total de 17 cromos exclusivos que nos acercan a la figura de San&hellip;","og_locale":"pt_BR","og_type":"article","og_title":"COLECCI\u00d3N \"EXPEDICI\u00d3N KAMDA: EDUCAR, ANUNCIAR, TRANSFORMAR","og_description":"La colecci\u00f3n de cromos que vais a comenzar quiere convertirse en un peque\u00f1o viaje que nos ayude a conocer un poco m\u00e1s a los escolapios y a la red educativa y solidaria de Itaka-Escolapios. La colecci\u00f3n de \u00e9ste a\u00f1o la componen un total de 17 cromos exclusivos que nos acercan a la figura de San&hellip;","og_url":"https:\/\/www.itakaescolapios.org\/pt\/coleccion-expedicion-kamda-educar-anunciar-transformar\/","og_site_name":"Itaka-Escolapios","article_modified_time":"2023-11-28T11:38:18+00:00","og_image":[{"width":406,"height":254,"url":"https:\/\/www.itakaescolapios.org\/wp-content\/uploads\/2016\/11\/albun.png","type":"image\/png"}],"twitter_card":"summary_large_image","twitter_misc":{"Est. tempo de leitura":"1 minuto"},"schema":{"@context":"https:\/\/schema.org","@graph":[{"@type":"WebPage","@id":"https:\/\/www.itakaescolapios.org\/pt\/coleccion-expedicion-kamda-educar-anunciar-transformar\/","url":"https:\/\/www.itakaescolapios.org\/pt\/coleccion-expedicion-kamda-educar-anunciar-transformar\/","name":"COLECCI\u00d3N \"EXPEDICI\u00d3N KAMDA: EDUCAR, ANUNCIAR, TRANSFORMAR - Itaka-Escolapios","isPartOf":{"@id":"https:\/\/www.itakaescolapios.org\/es\/#website"},"primaryImageOfPage":{"@id":"https:\/\/www.itakaescolapios.org\/pt\/coleccion-expedicion-kamda-educar-anunciar-transformar\/#primaryimage"},"image":{"@id":"https:\/\/www.itakaescolapios.org\/pt\/coleccion-expedicion-kamda-educar-anunciar-transformar\/#primaryimage"},"thumbnailUrl":"https:\/\/www.itakaescolapios.org\/wp-content\/uploads\/2016\/11\/albun.png","datePublished":"2016-11-02T15:45:29+00:00","dateModified":"2023-11-28T11:38:18+00:00","breadcrumb":{"@id":"https:\/\/www.itakaescolapios.org\/pt\/coleccion-expedicion-kamda-educar-anunciar-transformar\/#breadcrumb"},"inLanguage":"pt-BR","potentialAction":[{"@type":"ReadAction","target":["https:\/\/www.itakaescolapios.org\/pt\/coleccion-expedicion-kamda-educar-anunciar-transformar\/"]}]},{"@type":"ImageObject","inLanguage":"pt-BR","@id":"https:\/\/www.itakaescolapios.org\/pt\/coleccion-expedicion-kamda-educar-anunciar-transformar\/#primaryimage","url":"https:\/\/www.itakaescolapios.org\/wp-content\/uploads\/2016\/11\/albun.png","contentUrl":"https:\/\/www.itakaescolapios.org\/wp-content\/uploads\/2016\/11\/albun.png"},{"@type":"BreadcrumbList","@id":"https:\/\/www.itakaescolapios.org\/pt\/coleccion-expedicion-kamda-educar-anunciar-transformar\/#breadcrumb","itemListElement":[{"@type":"ListItem","position":1,"name":"Itaka-Escolapios","item":"https:\/\/www.itakaescolapios.org\/es\/"},{"@type":"ListItem","position":2,"name":"COLECCI\u00d3N \"EXPEDICI\u00d3N KAMDA: EDUCAR, ANUNCIAR, TRANSFORMAR"}]},{"@type":"WebSite","@id":"https:\/\/www.itakaescolapios.org\/pt\/es\/#website","url":"https:\/\/www.itakaescolapios.org\/pt\/es\/","name":"Itaka-Escolapios","description":"Red de Itaka-Escolapios","publisher":{"@id":"https:\/\/www.itakaescolapios.org\/pt\/es\/#organization"},"potentialAction":[{"@type":"SearchAction","target":{"@type":"EntryPoint","urlTemplate":"https:\/\/www.itakaescolapios.org\/pt\/es\/?s={search_term_string}"},"query-input":{"@type":"PropertyValueSpecification","valueRequired":true,"valueName":"search_term_string"}}],"inLanguage":"pt-BR"},{"@type":"Organization","@id":"https:\/\/www.itakaescolapios.org\/pt\/es\/#organization","name":"Fundaci\u00f3 Itaka-Escolapios","url":"https:\/\/www.itakaescolapios.org\/pt\/es\/","logo":{"@type":"ImageObject","inLanguage":"pt-BR","@id":"https:\/\/www.itakaescolapios.org\/pt\/es\/#\/schema\/logo\/image\/","url":"https:\/\/www.itakaescolapios.org\/wp-content\/uploads\/2024\/04\/Logo-itakaescolapios-peque.png","contentUrl":"https:\/\/www.itakaescolapios.org\/wp-content\/uploads\/2024\/04\/Logo-itakaescolapios-peque.png","width":500,"height":199,"caption":"Fundaci\u00f3 Itaka-Escolapios"},"image":{"@id":"https:\/\/www.itakaescolapios.org\/pt\/es\/#\/schema\/logo\/image\/"}}]}},"_links":{"self":[{"href":"https:\/\/www.itakaescolapios.org\/pt\/wp-json\/wp\/v2\/pages\/16916","targetHints":{"allow":["GET"]}}],"collection":[{"href":"https:\/\/www.itakaescolapios.org\/pt\/wp-json\/wp\/v2\/pages"}],"about":[{"href":"https:\/\/www.itakaescolapios.org\/pt\/wp-json\/wp\/v2\/types\/page"}],"author":[{"embeddable":true,"href":"https:\/\/www.itakaescolapios.org\/pt\/wp-json\/wp\/v2\/users\/46"}],"replies":[{"embeddable":true,"href":"https:\/\/www.itakaescolapios.org\/pt\/wp-json\/wp\/v2\/comments?post=16916"}],"version-history":[{"count":13,"href":"https:\/\/www.itakaescolapios.org\/pt\/wp-json\/wp\/v2\/pages\/16916\/revisions"}],"predecessor-version":[{"id":48121,"href":"https:\/\/www.itakaescolapios.org\/pt\/wp-json\/wp\/v2\/pages\/16916\/revisions\/48121"}],"wp:attachment":[{"href":"https:\/\/www.itakaescolapios.org\/pt\/wp-json\/wp\/v2\/media?parent=16916"}],"curies":[{"name":"wp","href":"https:\/\/api.w.org\/{rel}","templated":true}]}}