{"id":16923,"date":"2016-11-02T17:01:58","date_gmt":"2016-11-02T16:01:58","guid":{"rendered":"https:\/\/www.itakaescolapios.org\/?page_id=16923"},"modified":"2023-11-28T12:38:18","modified_gmt":"2023-11-28T11:38:18","slug":"certamen-de-baha-parab","status":"publish","type":"page","link":"https:\/\/www.itakaescolapios.org\/pt\/certamen-de-baha-parab\/","title":{"rendered":"CERTAMEN DE BAHA-PARAB"},"content":{"rendered":"<p>El curso pasado los ni\u00f1os y ni\u00f1as de Atambua nos ense\u00f1aron a bailar el TEBE, este a\u00f1o los alumnos y alumnas de la escuela de Kamda nos proponen aprender a bailar el BAHA-PARAB.<\/p>\n<p>Hemos adaptado el baile para facilitarte un video tutorial con el que practicar la coreograf\u00eda con tus compa\u00f1eros y compa\u00f1eras de clase. Cuando se\u00e1is unos expertos subirlo a alguna plataforma (Youtube, Vimeo, &#8230;) y mandarnos el enlace por correo electr\u00f3nico a solidarity@itakaescolapios.org.<\/p>\n<p><iframe loading=\"lazy\" title=\"Video tutorial Baha parab\" width=\"1080\" height=\"608\" src=\"https:\/\/www.youtube.com\/embed\/M_ms7yjtqJQ?feature=oembed\"  allow=\"accelerometer; autoplay; clipboard-write; encrypted-media; gyroscope; picture-in-picture; web-share\" referrerpolicy=\"strict-origin-when-cross-origin\" allowfullscreen><\/iframe><\/p>\n<p>A continuaci\u00f3n pod\u00e9is ver el BAHA-PARAB original bailado por los alumnos y alumnas de la escuela de Kamda.<\/p>\n<p><iframe loading=\"lazy\" src=\"https:\/\/www.youtube.com\/embed\/rubOydZ9REw\" height=\"143\" width=\"252\" allowfullscreen=\"\" frameborder=\"0\"><\/iframe> <iframe loading=\"lazy\" src=\"https:\/\/www.youtube.com\/embed\/TvaIUK-xGRw\" height=\"143\" width=\"252\" allowfullscreen=\"\" frameborder=\"0\"><\/iframe><\/p>\n<p>Si necesitais la m\u00fasica del baile la podeis descargar a continuaci\u00f3n:<\/p>\n<audio class=\"wp-audio-shortcode\" id=\"audio-16923-1\" preload=\"none\" style=\"width: 100%;\" controls=\"controls\"><source type=\"audio\/mpeg\" src=\"https:\/\/www.itakaescolapios.org\/wp-content\/uploads\/2016\/11\/Musica-baile-BAHA-PARAB-online-audio-converter.com_.mp3?_=1\" \/><a href=\"https:\/\/www.itakaescolapios.org\/wp-content\/uploads\/2016\/11\/Musica-baile-BAHA-PARAB-online-audio-converter.com_.mp3\">https:\/\/www.itakaescolapios.org\/wp-content\/uploads\/2016\/11\/Musica-baile-BAHA-PARAB-online-audio-converter.com_.mp3<\/a><\/audio>\n","protected":false},"excerpt":{"rendered":"<p>El curso pasado los ni\u00f1os y ni\u00f1as de Atambua nos ense\u00f1aron a bailar el TEBE, este a\u00f1o los alumnos y alumnas de la escuela de Kamda nos proponen aprender a [&hellip;]<\/p>\n","protected":false},"author":46,"featured_media":0,"parent":0,"menu_order":0,"comment_status":"closed","ping_status":"closed","template":"","meta":{"_et_pb_use_builder":"","_et_pb_old_content":"","_et_gb_content_width":"","footnotes":""},"class_list":["post-16923","page","type-page","status-publish","hentry"],"yoast_head":"<!-- This site is optimized with the Yoast SEO plugin v27.3 - https:\/\/yoast.com\/product\/yoast-seo-wordpress\/ -->\n<title>CERTAMEN DE BAHA-PARAB<\/title>\n<meta name=\"description\" content=\"El curso pasado los ni\u00f1os y ni\u00f1as de Atambua nos ense\u00f1aron a bailar el TEBE, este a\u00f1o los alumnos y alumnas de la escuela de Kamda nos proponen aprender a bailar el BAHA-PARAB. Hemos adaptado el baile para facilitarte un video tutorial con el que practicar la coreograf\u00eda con tus compa\u00f1eros y compa\u00f1eras de clase.&hellip;\" \/>\n<meta name=\"robots\" content=\"index, follow, max-snippet:-1, max-image-preview:large, max-video-preview:-1\" \/>\n<link rel=\"canonical\" href=\"http:\/\/El%20curso%20pasado%20los%20ni\u00f1os%20y%20ni\u00f1as%20de%20Atambua%20nos%20ense\u00f1aron%20a%20bailar%20el%20TEBE,%20este%20a\u00f1o%20los%20alumnos%20y%20alumnas%20de%20la%20escuela%20de%20Kamda%20nos%20proponen%20aprender%20a%20bailar%20el%20BAHA-PARAB.%20Hemos%20adaptado%20el%20baile%20para%20facilitarte%20un%20video%20tutorial%20con%20el%20que%20practicar%20la%20coreograf\u00eda%20con%20tus%20compa\u00f1eros%20y%20compa\u00f1eras%20de%20clase.&hellip;\" \/>\n<meta property=\"og:locale\" content=\"pt_BR\" \/>\n<meta property=\"og:type\" content=\"article\" \/>\n<meta property=\"og:title\" content=\"CERTAMEN DE BAHA-PARAB\" \/>\n<meta property=\"og:description\" content=\"El curso pasado los ni\u00f1os y ni\u00f1as de Atambua nos ense\u00f1aron a bailar el TEBE, este a\u00f1o los alumnos y alumnas de la escuela de Kamda nos proponen aprender a bailar el BAHA-PARAB. Hemos adaptado el baile para facilitarte un video tutorial con el que practicar la coreograf\u00eda con tus compa\u00f1eros y compa\u00f1eras de clase.&hellip;\" \/>\n<meta property=\"og:url\" content=\"https:\/\/www.itakaescolapios.org\/pt\/certamen-de-baha-parab\/\" \/>\n<meta property=\"og:site_name\" content=\"Itaka-Escolapios\" \/>\n<meta property=\"article:modified_time\" content=\"2023-11-28T11:38:18+00:00\" \/>\n<meta name=\"twitter:card\" content=\"summary_large_image\" \/>\n<meta name=\"twitter:label1\" content=\"Est. tempo de leitura\" \/>\n\t<meta name=\"twitter:data1\" content=\"1 minuto\" \/>\n<script type=\"application\/ld+json\" class=\"yoast-schema-graph\">{\"@context\":\"https:\\\/\\\/schema.org\",\"@graph\":[{\"@type\":\"WebPage\",\"@id\":\"https:\\\/\\\/www.itakaescolapios.org\\\/pt\\\/certamen-de-baha-parab\\\/\",\"url\":\"https:\\\/\\\/www.itakaescolapios.org\\\/pt\\\/certamen-de-baha-parab\\\/\",\"name\":\"CERTAMEN DE BAHA-PARAB - Itaka-Escolapios\",\"isPartOf\":{\"@id\":\"https:\\\/\\\/www.itakaescolapios.org\\\/es\\\/#website\"},\"datePublished\":\"2016-11-02T16:01:58+00:00\",\"dateModified\":\"2023-11-28T11:38:18+00:00\",\"breadcrumb\":{\"@id\":\"https:\\\/\\\/www.itakaescolapios.org\\\/pt\\\/certamen-de-baha-parab\\\/#breadcrumb\"},\"inLanguage\":\"pt-BR\",\"potentialAction\":[{\"@type\":\"ReadAction\",\"target\":[\"https:\\\/\\\/www.itakaescolapios.org\\\/pt\\\/certamen-de-baha-parab\\\/\"]}]},{\"@type\":\"BreadcrumbList\",\"@id\":\"https:\\\/\\\/www.itakaescolapios.org\\\/pt\\\/certamen-de-baha-parab\\\/#breadcrumb\",\"itemListElement\":[{\"@type\":\"ListItem\",\"position\":1,\"name\":\"Itaka-Escolapios\",\"item\":\"https:\\\/\\\/www.itakaescolapios.org\\\/es\\\/\"},{\"@type\":\"ListItem\",\"position\":2,\"name\":\"CERTAMEN DE BAHA-PARAB\"}]},{\"@type\":\"WebSite\",\"@id\":\"https:\\\/\\\/www.itakaescolapios.org\\\/pt\\\/es\\\/#website\",\"url\":\"https:\\\/\\\/www.itakaescolapios.org\\\/pt\\\/es\\\/\",\"name\":\"Itaka-Escolapios\",\"description\":\"Red de Itaka-Escolapios\",\"publisher\":{\"@id\":\"https:\\\/\\\/www.itakaescolapios.org\\\/pt\\\/es\\\/#organization\"},\"potentialAction\":[{\"@type\":\"SearchAction\",\"target\":{\"@type\":\"EntryPoint\",\"urlTemplate\":\"https:\\\/\\\/www.itakaescolapios.org\\\/pt\\\/es\\\/?s={search_term_string}\"},\"query-input\":{\"@type\":\"PropertyValueSpecification\",\"valueRequired\":true,\"valueName\":\"search_term_string\"}}],\"inLanguage\":\"pt-BR\"},{\"@type\":\"Organization\",\"@id\":\"https:\\\/\\\/www.itakaescolapios.org\\\/pt\\\/es\\\/#organization\",\"name\":\"Fundaci\u00f3 Itaka-Escolapios\",\"url\":\"https:\\\/\\\/www.itakaescolapios.org\\\/pt\\\/es\\\/\",\"logo\":{\"@type\":\"ImageObject\",\"inLanguage\":\"pt-BR\",\"@id\":\"https:\\\/\\\/www.itakaescolapios.org\\\/pt\\\/es\\\/#\\\/schema\\\/logo\\\/image\\\/\",\"url\":\"https:\\\/\\\/www.itakaescolapios.org\\\/wp-content\\\/uploads\\\/2024\\\/04\\\/Logo-itakaescolapios-peque.png\",\"contentUrl\":\"https:\\\/\\\/www.itakaescolapios.org\\\/wp-content\\\/uploads\\\/2024\\\/04\\\/Logo-itakaescolapios-peque.png\",\"width\":500,\"height\":199,\"caption\":\"Fundaci\u00f3 Itaka-Escolapios\"},\"image\":{\"@id\":\"https:\\\/\\\/www.itakaescolapios.org\\\/pt\\\/es\\\/#\\\/schema\\\/logo\\\/image\\\/\"}}]}<\/script>\n<!-- \/ Yoast SEO plugin. -->","yoast_head_json":{"title":"CERTAMEN DE BAHA-PARAB","description":"El curso pasado los ni\u00f1os y ni\u00f1as de Atambua nos ense\u00f1aron a bailar el TEBE, este a\u00f1o los alumnos y alumnas de la escuela de Kamda nos proponen aprender a bailar el BAHA-PARAB. Hemos adaptado el baile para facilitarte un video tutorial con el que practicar la coreograf\u00eda con tus compa\u00f1eros y compa\u00f1eras de clase.&hellip;","robots":{"index":"index","follow":"follow","max-snippet":"max-snippet:-1","max-image-preview":"max-image-preview:large","max-video-preview":"max-video-preview:-1"},"canonical":"El curso pasado los ni\u00f1os y ni\u00f1as de Atambua nos ense\u00f1aron a bailar el TEBE, este a\u00f1o los alumnos y alumnas de la escuela de Kamda nos proponen aprender a bailar el BAHA-PARAB. Hemos adaptado el baile para facilitarte un video tutorial con el que practicar la coreograf\u00eda con tus compa\u00f1eros y compa\u00f1eras de clase.&hellip;","og_locale":"pt_BR","og_type":"article","og_title":"CERTAMEN DE BAHA-PARAB","og_description":"El curso pasado los ni\u00f1os y ni\u00f1as de Atambua nos ense\u00f1aron a bailar el TEBE, este a\u00f1o los alumnos y alumnas de la escuela de Kamda nos proponen aprender a bailar el BAHA-PARAB. Hemos adaptado el baile para facilitarte un video tutorial con el que practicar la coreograf\u00eda con tus compa\u00f1eros y compa\u00f1eras de clase.&hellip;","og_url":"https:\/\/www.itakaescolapios.org\/pt\/certamen-de-baha-parab\/","og_site_name":"Itaka-Escolapios","article_modified_time":"2023-11-28T11:38:18+00:00","twitter_card":"summary_large_image","twitter_misc":{"Est. tempo de leitura":"1 minuto"},"schema":{"@context":"https:\/\/schema.org","@graph":[{"@type":"WebPage","@id":"https:\/\/www.itakaescolapios.org\/pt\/certamen-de-baha-parab\/","url":"https:\/\/www.itakaescolapios.org\/pt\/certamen-de-baha-parab\/","name":"CERTAMEN DE BAHA-PARAB - Itaka-Escolapios","isPartOf":{"@id":"https:\/\/www.itakaescolapios.org\/es\/#website"},"datePublished":"2016-11-02T16:01:58+00:00","dateModified":"2023-11-28T11:38:18+00:00","breadcrumb":{"@id":"https:\/\/www.itakaescolapios.org\/pt\/certamen-de-baha-parab\/#breadcrumb"},"inLanguage":"pt-BR","potentialAction":[{"@type":"ReadAction","target":["https:\/\/www.itakaescolapios.org\/pt\/certamen-de-baha-parab\/"]}]},{"@type":"BreadcrumbList","@id":"https:\/\/www.itakaescolapios.org\/pt\/certamen-de-baha-parab\/#breadcrumb","itemListElement":[{"@type":"ListItem","position":1,"name":"Itaka-Escolapios","item":"https:\/\/www.itakaescolapios.org\/es\/"},{"@type":"ListItem","position":2,"name":"CERTAMEN DE BAHA-PARAB"}]},{"@type":"WebSite","@id":"https:\/\/www.itakaescolapios.org\/pt\/es\/#website","url":"https:\/\/www.itakaescolapios.org\/pt\/es\/","name":"Itaka-Escolapios","description":"Red de Itaka-Escolapios","publisher":{"@id":"https:\/\/www.itakaescolapios.org\/pt\/es\/#organization"},"potentialAction":[{"@type":"SearchAction","target":{"@type":"EntryPoint","urlTemplate":"https:\/\/www.itakaescolapios.org\/pt\/es\/?s={search_term_string}"},"query-input":{"@type":"PropertyValueSpecification","valueRequired":true,"valueName":"search_term_string"}}],"inLanguage":"pt-BR"},{"@type":"Organization","@id":"https:\/\/www.itakaescolapios.org\/pt\/es\/#organization","name":"Fundaci\u00f3 Itaka-Escolapios","url":"https:\/\/www.itakaescolapios.org\/pt\/es\/","logo":{"@type":"ImageObject","inLanguage":"pt-BR","@id":"https:\/\/www.itakaescolapios.org\/pt\/es\/#\/schema\/logo\/image\/","url":"https:\/\/www.itakaescolapios.org\/wp-content\/uploads\/2024\/04\/Logo-itakaescolapios-peque.png","contentUrl":"https:\/\/www.itakaescolapios.org\/wp-content\/uploads\/2024\/04\/Logo-itakaescolapios-peque.png","width":500,"height":199,"caption":"Fundaci\u00f3 Itaka-Escolapios"},"image":{"@id":"https:\/\/www.itakaescolapios.org\/pt\/es\/#\/schema\/logo\/image\/"}}]}},"_links":{"self":[{"href":"https:\/\/www.itakaescolapios.org\/pt\/wp-json\/wp\/v2\/pages\/16923","targetHints":{"allow":["GET"]}}],"collection":[{"href":"https:\/\/www.itakaescolapios.org\/pt\/wp-json\/wp\/v2\/pages"}],"about":[{"href":"https:\/\/www.itakaescolapios.org\/pt\/wp-json\/wp\/v2\/types\/page"}],"author":[{"embeddable":true,"href":"https:\/\/www.itakaescolapios.org\/pt\/wp-json\/wp\/v2\/users\/46"}],"replies":[{"embeddable":true,"href":"https:\/\/www.itakaescolapios.org\/pt\/wp-json\/wp\/v2\/comments?post=16923"}],"version-history":[{"count":26,"href":"https:\/\/www.itakaescolapios.org\/pt\/wp-json\/wp\/v2\/pages\/16923\/revisions"}],"predecessor-version":[{"id":48117,"href":"https:\/\/www.itakaescolapios.org\/pt\/wp-json\/wp\/v2\/pages\/16923\/revisions\/48117"}],"wp:attachment":[{"href":"https:\/\/www.itakaescolapios.org\/pt\/wp-json\/wp\/v2\/media?parent=16923"}],"curies":[{"name":"wp","href":"https:\/\/api.w.org\/{rel}","templated":true}]}}