{"id":17102,"date":"2016-11-08T16:06:49","date_gmt":"2016-11-08T15:06:49","guid":{"rendered":"https:\/\/www.itakaescolapios.org\/?page_id=17102"},"modified":"2023-11-28T12:38:18","modified_gmt":"2023-11-28T11:38:18","slug":"pasaporte-solidario","status":"publish","type":"page","link":"https:\/\/www.itakaescolapios.org\/pt\/pasaporte-solidario\/","title":{"rendered":"PASAPORTE SOLIDARIO"},"content":{"rendered":"<p style=\"text-align: left;\"><a href=\"https:\/\/www.itakaescolapios.org\/wp-content\/uploads\/2016\/11\/pasaporte.jpg\"><img decoding=\"async\" class=\"wp-image-17154 alignleft\" alt=\"pasaporte\" src=\"https:\/\/www.itakaescolapios.org\/wp-content\/uploads\/2016\/11\/pasaporte.jpg\" width=\"309\" height=\"232\" srcset=\"https:\/\/www.itakaescolapios.org\/wp-content\/uploads\/2016\/11\/pasaporte.jpg 536w, https:\/\/www.itakaescolapios.org\/wp-content\/uploads\/2016\/11\/pasaporte-300x226.jpg 300w, https:\/\/www.itakaescolapios.org\/wp-content\/uploads\/2016\/11\/pasaporte-250x188.jpg 250w\" sizes=\"(max-width: 309px) 100vw, 309px\" \/><\/a>Este pasaporte solidario pretende hacer visible nuestra identidad como ciudadanos y ciudadanas del mundo. Convertir la solidaridad en uno de los n\u00facleos de nuestra identidad m\u00e1s all\u00e1 de fronteras, nacionalidades y colores.<\/p>\n<p>Cada clase contar\u00e1 con un ejemplar de pasaporte que personalizar\u00e1 a\u00f1adiendo la informaci\u00f3n oportuna de cada una de las personas que convive en el aula. Es un documento vivo, en el que recogeremos entre todos y todas las distintas actividades realizadas en el marco de la campa\u00f1a solidaria anual que Itaka Escolapios impulsa en colegios escolapios de distintos pa\u00edses.<\/p>\n<p>El pasaporte servir\u00e1 como bit\u00e1cora de nuestro viaje a trav\u00e9s de la solidaridad internacional. Cada a\u00f1o a\u00f1adiremos nueva informaci\u00f3n relativa a la campa\u00f1a, acumulando as\u00ed informaci\u00f3n y documentaci\u00f3n de las diferentes realidades escolapias del mundo.<\/p>\n<p><strong>\u00a1Disfruten del viaje!<\/strong><\/p>\n<p>Desc\u00e1rgate a continuaci\u00f3n los contenidos a incluir en la &#8220;carpeta pasaporte&#8221; de tu aula.<\/p>\n<table width=\"249\" border=\"0\" cellspacing=\"0\" cellpadding=\"0\">\n<colgroup>\n<col width=\"109\" \/>\n<col width=\"140\" \/> <\/colgroup>\n<tbody>\n<tr>\n<td style=\"text-align: center;\" colspan=\"2\" width=\"249\" height=\"20\"><strong>PASAPORTE<\/strong><\/td>\n<\/tr>\n<tr>\n<td style=\"text-align: center;\" height=\"20\"><strong>PORTADA<\/strong><\/td>\n<td style=\"text-align: center;\"><strong>DOCUMENTOS<\/strong><\/td>\n<\/tr>\n<tr>\n<td rowspan=\"6\" height=\"120\"><span style=\"color: #808000;\"><strong><a href=\"https:\/\/www.itakaescolapios.org\/wp-content\/uploads\/2016\/11\/pegatina-pasaporte-imprenta.pdf\" target=\"_blank\" rel=\"noopener\"><span style=\"color: #808000;\">INTERNACIONAL<\/span><\/a><\/strong><\/span><\/td>\n<td><strong><span style=\"color: #993300;\"><a href=\"https:\/\/www.itakaescolapios.org\/wp-content\/uploads\/2016\/11\/ESPA\u00d1OL.pdf\" target=\"_blank\" rel=\"noopener\"><span style=\"color: #993300;\">ESPA\u00d1OL<\/span><\/a><\/span><\/strong><\/td>\n<\/tr>\n<tr>\n<td height=\"20\">INGL\u00c9S<\/td>\n<\/tr>\n<tr>\n<td height=\"20\">PORTUGU\u00c9S<\/td>\n<\/tr>\n<tr>\n<td height=\"20\"><strong><span style=\"color: #993300;\"><a href=\"https:\/\/www.itakaescolapios.org\/wp-content\/uploads\/2016\/11\/EUSKERA-ESPA\u00d1OL.pdf\"><span style=\"color: #993300;\">EUSKERA-ESPA\u00d1OL<\/span><\/a><\/span><\/strong><\/td>\n<\/tr>\n<tr>\n<td height=\"20\"><strong><span style=\"color: #993300;\"><a href=\"https:\/\/www.itakaescolapios.org\/wp-content\/uploads\/2016\/11\/GALEGO-ESPA\u00d1OL.pdf\"><span style=\"color: #993300;\">GALEGO-ESPA\u00d1OL<\/span><\/a><\/span><\/strong><\/td>\n<\/tr>\n<tr>\n<td height=\"20\"><strong><span style=\"color: #993300;\"><a href=\"https:\/\/www.itakaescolapios.org\/wp-content\/uploads\/2016\/11\/VALENCI\u00c1-ESPA\u00d1OL.pdf\"><span style=\"color: #993300;\">VALENCI\u00c1-ESPA\u00d1OL<\/span><\/a><\/span><\/strong><\/td>\n<\/tr>\n<\/tbody>\n<\/table>\n<p style=\"text-align: center;\"><strong><span style=\"color: #808000;\">\u00a0<\/span><\/strong><\/p>\n","protected":false},"excerpt":{"rendered":"<p>Este pasaporte solidario pretende hacer visible nuestra identidad como ciudadanos y ciudadanas del mundo. Convertir la solidaridad en uno de los n\u00facleos de nuestra identidad m\u00e1s all\u00e1 de fronteras, nacionalidades [&hellip;]<\/p>\n","protected":false},"author":46,"featured_media":0,"parent":0,"menu_order":0,"comment_status":"closed","ping_status":"closed","template":"","meta":{"_et_pb_use_builder":"","_et_pb_old_content":"","_et_gb_content_width":"","footnotes":""},"class_list":["post-17102","page","type-page","status-publish","hentry"],"yoast_head":"<!-- This site is optimized with the Yoast SEO plugin v27.3 - https:\/\/yoast.com\/product\/yoast-seo-wordpress\/ -->\n<title>PASAPORTE SOLIDARIO<\/title>\n<meta name=\"description\" content=\"Este pasaporte solidario pretende hacer visible nuestra identidad como ciudadanos y ciudadanas del mundo. Convertir la solidaridad en uno de los n\u00facleos de nuestra identidad m\u00e1s all\u00e1 de fronteras, nacionalidades y colores. Cada clase contar\u00e1 con un ejemplar de pasaporte que personalizar\u00e1 a\u00f1adiendo la informaci\u00f3n oportuna de cada una de las personas que convive en&hellip;\" \/>\n<meta name=\"robots\" content=\"index, follow, max-snippet:-1, max-image-preview:large, max-video-preview:-1\" \/>\n<link rel=\"canonical\" href=\"http:\/\/Este%20pasaporte%20solidario%20pretende%20hacer%20visible%20nuestra%20identidad%20como%20ciudadanos%20y%20ciudadanas%20del%20mundo.%20Convertir%20la%20solidaridad%20en%20uno%20de%20los%20n\u00facleos%20de%20nuestra%20identidad%20m\u00e1s%20all\u00e1%20de%20fronteras,%20nacionalidades%20y%20colores.%20Cada%20clase%20contar\u00e1%20con%20un%20ejemplar%20de%20pasaporte%20que%20personalizar\u00e1%20a\u00f1adiendo%20la%20informaci\u00f3n%20oportuna%20de%20cada%20una%20de%20las%20personas%20que%20convive%20en&hellip;\" \/>\n<meta property=\"og:locale\" content=\"pt_BR\" \/>\n<meta property=\"og:type\" content=\"article\" \/>\n<meta property=\"og:title\" content=\"PASAPORTE SOLIDARIO\" \/>\n<meta property=\"og:description\" content=\"Este pasaporte solidario pretende hacer visible nuestra identidad como ciudadanos y ciudadanas del mundo. Convertir la solidaridad en uno de los n\u00facleos de nuestra identidad m\u00e1s all\u00e1 de fronteras, nacionalidades y colores. Cada clase contar\u00e1 con un ejemplar de pasaporte que personalizar\u00e1 a\u00f1adiendo la informaci\u00f3n oportuna de cada una de las personas que convive en&hellip;\" \/>\n<meta property=\"og:url\" content=\"https:\/\/www.itakaescolapios.org\/pt\/pasaporte-solidario\/\" \/>\n<meta property=\"og:site_name\" content=\"Itaka-Escolapios\" \/>\n<meta property=\"article:modified_time\" content=\"2023-11-28T11:38:18+00:00\" \/>\n<meta property=\"og:image\" content=\"https:\/\/www.itakaescolapios.org\/wp-content\/uploads\/2016\/11\/pasaporte.jpg\" \/>\n\t<meta property=\"og:image:width\" content=\"536\" \/>\n\t<meta property=\"og:image:height\" content=\"404\" \/>\n\t<meta property=\"og:image:type\" content=\"image\/jpeg\" \/>\n<meta name=\"twitter:card\" content=\"summary_large_image\" \/>\n<meta name=\"twitter:label1\" content=\"Est. tempo de leitura\" \/>\n\t<meta name=\"twitter:data1\" content=\"1 minuto\" \/>\n<script type=\"application\/ld+json\" class=\"yoast-schema-graph\">{\"@context\":\"https:\\\/\\\/schema.org\",\"@graph\":[{\"@type\":\"WebPage\",\"@id\":\"https:\\\/\\\/www.itakaescolapios.org\\\/pt\\\/pasaporte-solidario\\\/\",\"url\":\"https:\\\/\\\/www.itakaescolapios.org\\\/pt\\\/pasaporte-solidario\\\/\",\"name\":\"PASAPORTE SOLIDARIO - Itaka-Escolapios\",\"isPartOf\":{\"@id\":\"https:\\\/\\\/www.itakaescolapios.org\\\/es\\\/#website\"},\"primaryImageOfPage\":{\"@id\":\"https:\\\/\\\/www.itakaescolapios.org\\\/pt\\\/pasaporte-solidario\\\/#primaryimage\"},\"image\":{\"@id\":\"https:\\\/\\\/www.itakaescolapios.org\\\/pt\\\/pasaporte-solidario\\\/#primaryimage\"},\"thumbnailUrl\":\"https:\\\/\\\/www.itakaescolapios.org\\\/wp-content\\\/uploads\\\/2016\\\/11\\\/pasaporte.jpg\",\"datePublished\":\"2016-11-08T15:06:49+00:00\",\"dateModified\":\"2023-11-28T11:38:18+00:00\",\"breadcrumb\":{\"@id\":\"https:\\\/\\\/www.itakaescolapios.org\\\/pt\\\/pasaporte-solidario\\\/#breadcrumb\"},\"inLanguage\":\"pt-BR\",\"potentialAction\":[{\"@type\":\"ReadAction\",\"target\":[\"https:\\\/\\\/www.itakaescolapios.org\\\/pt\\\/pasaporte-solidario\\\/\"]}]},{\"@type\":\"ImageObject\",\"inLanguage\":\"pt-BR\",\"@id\":\"https:\\\/\\\/www.itakaescolapios.org\\\/pt\\\/pasaporte-solidario\\\/#primaryimage\",\"url\":\"https:\\\/\\\/www.itakaescolapios.org\\\/wp-content\\\/uploads\\\/2016\\\/11\\\/pasaporte.jpg\",\"contentUrl\":\"https:\\\/\\\/www.itakaescolapios.org\\\/wp-content\\\/uploads\\\/2016\\\/11\\\/pasaporte.jpg\"},{\"@type\":\"BreadcrumbList\",\"@id\":\"https:\\\/\\\/www.itakaescolapios.org\\\/pt\\\/pasaporte-solidario\\\/#breadcrumb\",\"itemListElement\":[{\"@type\":\"ListItem\",\"position\":1,\"name\":\"Itaka-Escolapios\",\"item\":\"https:\\\/\\\/www.itakaescolapios.org\\\/es\\\/\"},{\"@type\":\"ListItem\",\"position\":2,\"name\":\"PASAPORTE SOLIDARIO\"}]},{\"@type\":\"WebSite\",\"@id\":\"https:\\\/\\\/www.itakaescolapios.org\\\/pt\\\/es\\\/#website\",\"url\":\"https:\\\/\\\/www.itakaescolapios.org\\\/pt\\\/es\\\/\",\"name\":\"Itaka-Escolapios\",\"description\":\"Red de Itaka-Escolapios\",\"publisher\":{\"@id\":\"https:\\\/\\\/www.itakaescolapios.org\\\/pt\\\/es\\\/#organization\"},\"potentialAction\":[{\"@type\":\"SearchAction\",\"target\":{\"@type\":\"EntryPoint\",\"urlTemplate\":\"https:\\\/\\\/www.itakaescolapios.org\\\/pt\\\/es\\\/?s={search_term_string}\"},\"query-input\":{\"@type\":\"PropertyValueSpecification\",\"valueRequired\":true,\"valueName\":\"search_term_string\"}}],\"inLanguage\":\"pt-BR\"},{\"@type\":\"Organization\",\"@id\":\"https:\\\/\\\/www.itakaescolapios.org\\\/pt\\\/es\\\/#organization\",\"name\":\"Fundaci\u00f3 Itaka-Escolapios\",\"url\":\"https:\\\/\\\/www.itakaescolapios.org\\\/pt\\\/es\\\/\",\"logo\":{\"@type\":\"ImageObject\",\"inLanguage\":\"pt-BR\",\"@id\":\"https:\\\/\\\/www.itakaescolapios.org\\\/pt\\\/es\\\/#\\\/schema\\\/logo\\\/image\\\/\",\"url\":\"https:\\\/\\\/www.itakaescolapios.org\\\/wp-content\\\/uploads\\\/2024\\\/04\\\/Logo-itakaescolapios-peque.png\",\"contentUrl\":\"https:\\\/\\\/www.itakaescolapios.org\\\/wp-content\\\/uploads\\\/2024\\\/04\\\/Logo-itakaescolapios-peque.png\",\"width\":500,\"height\":199,\"caption\":\"Fundaci\u00f3 Itaka-Escolapios\"},\"image\":{\"@id\":\"https:\\\/\\\/www.itakaescolapios.org\\\/pt\\\/es\\\/#\\\/schema\\\/logo\\\/image\\\/\"}}]}<\/script>\n<!-- \/ Yoast SEO plugin. -->","yoast_head_json":{"title":"PASAPORTE SOLIDARIO","description":"Este pasaporte solidario pretende hacer visible nuestra identidad como ciudadanos y ciudadanas del mundo. Convertir la solidaridad en uno de los n\u00facleos de nuestra identidad m\u00e1s all\u00e1 de fronteras, nacionalidades y colores. Cada clase contar\u00e1 con un ejemplar de pasaporte que personalizar\u00e1 a\u00f1adiendo la informaci\u00f3n oportuna de cada una de las personas que convive en&hellip;","robots":{"index":"index","follow":"follow","max-snippet":"max-snippet:-1","max-image-preview":"max-image-preview:large","max-video-preview":"max-video-preview:-1"},"canonical":"Este pasaporte solidario pretende hacer visible nuestra identidad como ciudadanos y ciudadanas del mundo. Convertir la solidaridad en uno de los n\u00facleos de nuestra identidad m\u00e1s all\u00e1 de fronteras, nacionalidades y colores. Cada clase contar\u00e1 con un ejemplar de pasaporte que personalizar\u00e1 a\u00f1adiendo la informaci\u00f3n oportuna de cada una de las personas que convive en&hellip;","og_locale":"pt_BR","og_type":"article","og_title":"PASAPORTE SOLIDARIO","og_description":"Este pasaporte solidario pretende hacer visible nuestra identidad como ciudadanos y ciudadanas del mundo. Convertir la solidaridad en uno de los n\u00facleos de nuestra identidad m\u00e1s all\u00e1 de fronteras, nacionalidades y colores. Cada clase contar\u00e1 con un ejemplar de pasaporte que personalizar\u00e1 a\u00f1adiendo la informaci\u00f3n oportuna de cada una de las personas que convive en&hellip;","og_url":"https:\/\/www.itakaescolapios.org\/pt\/pasaporte-solidario\/","og_site_name":"Itaka-Escolapios","article_modified_time":"2023-11-28T11:38:18+00:00","og_image":[{"width":536,"height":404,"url":"https:\/\/www.itakaescolapios.org\/wp-content\/uploads\/2016\/11\/pasaporte.jpg","type":"image\/jpeg"}],"twitter_card":"summary_large_image","twitter_misc":{"Est. tempo de leitura":"1 minuto"},"schema":{"@context":"https:\/\/schema.org","@graph":[{"@type":"WebPage","@id":"https:\/\/www.itakaescolapios.org\/pt\/pasaporte-solidario\/","url":"https:\/\/www.itakaescolapios.org\/pt\/pasaporte-solidario\/","name":"PASAPORTE SOLIDARIO - Itaka-Escolapios","isPartOf":{"@id":"https:\/\/www.itakaescolapios.org\/es\/#website"},"primaryImageOfPage":{"@id":"https:\/\/www.itakaescolapios.org\/pt\/pasaporte-solidario\/#primaryimage"},"image":{"@id":"https:\/\/www.itakaescolapios.org\/pt\/pasaporte-solidario\/#primaryimage"},"thumbnailUrl":"https:\/\/www.itakaescolapios.org\/wp-content\/uploads\/2016\/11\/pasaporte.jpg","datePublished":"2016-11-08T15:06:49+00:00","dateModified":"2023-11-28T11:38:18+00:00","breadcrumb":{"@id":"https:\/\/www.itakaescolapios.org\/pt\/pasaporte-solidario\/#breadcrumb"},"inLanguage":"pt-BR","potentialAction":[{"@type":"ReadAction","target":["https:\/\/www.itakaescolapios.org\/pt\/pasaporte-solidario\/"]}]},{"@type":"ImageObject","inLanguage":"pt-BR","@id":"https:\/\/www.itakaescolapios.org\/pt\/pasaporte-solidario\/#primaryimage","url":"https:\/\/www.itakaescolapios.org\/wp-content\/uploads\/2016\/11\/pasaporte.jpg","contentUrl":"https:\/\/www.itakaescolapios.org\/wp-content\/uploads\/2016\/11\/pasaporte.jpg"},{"@type":"BreadcrumbList","@id":"https:\/\/www.itakaescolapios.org\/pt\/pasaporte-solidario\/#breadcrumb","itemListElement":[{"@type":"ListItem","position":1,"name":"Itaka-Escolapios","item":"https:\/\/www.itakaescolapios.org\/es\/"},{"@type":"ListItem","position":2,"name":"PASAPORTE SOLIDARIO"}]},{"@type":"WebSite","@id":"https:\/\/www.itakaescolapios.org\/pt\/es\/#website","url":"https:\/\/www.itakaescolapios.org\/pt\/es\/","name":"Itaka-Escolapios","description":"Red de Itaka-Escolapios","publisher":{"@id":"https:\/\/www.itakaescolapios.org\/pt\/es\/#organization"},"potentialAction":[{"@type":"SearchAction","target":{"@type":"EntryPoint","urlTemplate":"https:\/\/www.itakaescolapios.org\/pt\/es\/?s={search_term_string}"},"query-input":{"@type":"PropertyValueSpecification","valueRequired":true,"valueName":"search_term_string"}}],"inLanguage":"pt-BR"},{"@type":"Organization","@id":"https:\/\/www.itakaescolapios.org\/pt\/es\/#organization","name":"Fundaci\u00f3 Itaka-Escolapios","url":"https:\/\/www.itakaescolapios.org\/pt\/es\/","logo":{"@type":"ImageObject","inLanguage":"pt-BR","@id":"https:\/\/www.itakaescolapios.org\/pt\/es\/#\/schema\/logo\/image\/","url":"https:\/\/www.itakaescolapios.org\/wp-content\/uploads\/2024\/04\/Logo-itakaescolapios-peque.png","contentUrl":"https:\/\/www.itakaescolapios.org\/wp-content\/uploads\/2024\/04\/Logo-itakaescolapios-peque.png","width":500,"height":199,"caption":"Fundaci\u00f3 Itaka-Escolapios"},"image":{"@id":"https:\/\/www.itakaescolapios.org\/pt\/es\/#\/schema\/logo\/image\/"}}]}},"_links":{"self":[{"href":"https:\/\/www.itakaescolapios.org\/pt\/wp-json\/wp\/v2\/pages\/17102","targetHints":{"allow":["GET"]}}],"collection":[{"href":"https:\/\/www.itakaescolapios.org\/pt\/wp-json\/wp\/v2\/pages"}],"about":[{"href":"https:\/\/www.itakaescolapios.org\/pt\/wp-json\/wp\/v2\/types\/page"}],"author":[{"embeddable":true,"href":"https:\/\/www.itakaescolapios.org\/pt\/wp-json\/wp\/v2\/users\/46"}],"replies":[{"embeddable":true,"href":"https:\/\/www.itakaescolapios.org\/pt\/wp-json\/wp\/v2\/comments?post=17102"}],"version-history":[{"count":16,"href":"https:\/\/www.itakaescolapios.org\/pt\/wp-json\/wp\/v2\/pages\/17102\/revisions"}],"predecessor-version":[{"id":48107,"href":"https:\/\/www.itakaescolapios.org\/pt\/wp-json\/wp\/v2\/pages\/17102\/revisions\/48107"}],"wp:attachment":[{"href":"https:\/\/www.itakaescolapios.org\/pt\/wp-json\/wp\/v2\/media?parent=17102"}],"curies":[{"name":"wp","href":"https:\/\/api.w.org\/{rel}","templated":true}]}}