{"id":208,"date":"2012-05-31T17:46:10","date_gmt":"2012-05-31T16:46:10","guid":{"rendered":"https:\/\/www.itakaescolapios.org\/?page_id=208"},"modified":"2023-11-28T12:39:49","modified_gmt":"2023-11-28T11:39:49","slug":"trastevere","status":"publish","type":"page","link":"https:\/\/www.itakaescolapios.org\/pt\/o-que-fazemos\/alfabetizacion-y-apoyo-escolar\/trastevere\/","title":{"rendered":"Trastevere"},"content":{"rendered":"<p style=\"text-align: justify;\" align=\"JUSTIFY\">Trastevere es el nombre de aquel barrio marginal de Roma en el que Calasanz comenz\u00f3 su labor educativa. Seguimos pensando que en el Mundo existen multitud de trast\u00e9veres que cambiar. Vemos fundamental que dediquemos un tiempo a mejorar el rendimiento acad\u00e9mico y el aprendizaje de chavales que no tienen posibilidades econ\u00f3micas de ir a una Academia y que tienen desfase curricular y\/o problemas de aprendizaje.<\/p>\n<p style=\"text-align: justify;\" align=\"JUSTIFY\">La respuesta que queremos dar desde el apoyo escolar Trastevere trata de ser una educaci\u00f3n integral y global que responda a las necesidades que nos plantean los chavales. Por eso, m\u00e1s all\u00e1 de lo meramente acad\u00e9mico, nos esforzamos en ser referentes para la vida de estos chavales y educarles para ser aut\u00f3nomos e independientes.<\/p>\n<p style=\"text-align: justify;\" align=\"JUSTIFY\">Actualmente el programa se desarrolla en las sedes de: <a href=\"https:\/\/www.itakaescolapios.org\/donde-estamos\/spain\/barbastro\/\" target=\"_blank\" rel=\"noopener\">Barbastro<\/a>, <a href=\"https:\/\/www.itakaescolapios.org\/donde-estamos\/spain\/bilbao\/\" target=\"_blank\" rel=\"noopener\">Bilbao<\/a>, <a href=\"https:\/\/www.itakaescolapios.org\/donde-estamos\/spain\/granada\/\" target=\"_blank\" rel=\"noopener\">Granada<\/a>, <a href=\"https:\/\/www.itakaescolapios.org\/donde-estamos\/spain\/jaca\/\" target=\"_blank\" rel=\"noopener\">Jaca<\/a>, <a href=\"https:\/\/www.itakaescolapios.org\/donde-estamos\/spain\/logrono\/\" target=\"_blank\" rel=\"noopener\">Logro\u00f1o<\/a>, <a href=\"https:\/\/www.itakaescolapios.org\/donde-estamos\/spain\/madrid\/\" target=\"_blank\" rel=\"noopener\">Madrid<\/a>,\u00a0<a href=\"https:\/\/www.itakaescolapios.org\/donde-estamos\/spain\/pamplona-iruna\/\" target=\"_blank\" rel=\"noopener\">Pamplona<\/a>, <a href=\"https:\/\/www.itakaescolapios.org\/donde-estamos\/spain\/sevilla\/\" target=\"_blank\" rel=\"noopener\">Sevilla<\/a>,\u00a0<a href=\"https:\/\/www.itakaescolapios.org\/donde-estamos\/spain\/tafalla\/\" target=\"_blank\" rel=\"noopener\">Tafalla\u00a0<\/a>, <a href=\"https:\/\/www.itakaescolapios.org\/donde-estamos\/spain\/tolosa\/\" target=\"_blank\" rel=\"noopener\">Tolosa<\/a>\u00a0y <a href=\"https:\/\/www.itakaescolapios.org\/donde-estamos\/spain\/valencia\/\">Valencia<\/a><\/p>\n<p><!--more--><\/p>\n","protected":false},"excerpt":{"rendered":"<p>Trastevere es el nombre de aquel barrio marginal de Roma en el que Calasanz comenz\u00f3 su labor educativa. Seguimos pensando que en el Mundo existen multitud de trast\u00e9veres que cambiar. [&hellip;]<\/p>\n","protected":false},"author":1,"featured_media":13292,"parent":78,"menu_order":5,"comment_status":"closed","ping_status":"closed","template":"","meta":{"_et_pb_use_builder":"","_et_pb_old_content":"","_et_gb_content_width":"","footnotes":""},"class_list":["post-208","page","type-page","status-publish","has-post-thumbnail","hentry"],"yoast_head":"<!-- This site is optimized with the Yoast SEO plugin v27.3 - https:\/\/yoast.com\/product\/yoast-seo-wordpress\/ -->\n<title>Trastevere<\/title>\n<meta name=\"description\" content=\"Trastevere es el nombre de aquel barrio marginal de Roma en el que Calasanz comenz\u00f3 su labor educativa. Seguimos pensando que en el Mundo existen multitud de trast\u00e9veres que cambiar. Vemos fundamental que dediquemos un tiempo a mejorar el rendimiento acad\u00e9mico y el aprendizaje de chavales que no tienen posibilidades econ\u00f3micas de ir a una&hellip;\" \/>\n<meta name=\"robots\" content=\"index, follow, max-snippet:-1, max-image-preview:large, max-video-preview:-1\" \/>\n<link rel=\"canonical\" href=\"http:\/\/Trastevere%20es%20el%20nombre%20de%20aquel%20barrio%20marginal%20de%20Roma%20en%20el%20que%20Calasanz%20comenz\u00f3%20su%20labor%20educativa.%20Seguimos%20pensando%20que%20en%20el%20Mundo%20existen%20multitud%20de%20trast\u00e9veres%20que%20cambiar.%20Vemos%20fundamental%20que%20dediquemos%20un%20tiempo%20a%20mejorar%20el%20rendimiento%20acad\u00e9mico%20y%20el%20aprendizaje%20de%20chavales%20que%20no%20tienen%20posibilidades%20econ\u00f3micas%20de%20ir%20a%20una&hellip;\" \/>\n<meta property=\"og:locale\" content=\"pt_BR\" \/>\n<meta property=\"og:type\" content=\"article\" \/>\n<meta property=\"og:title\" content=\"Trastevere\" \/>\n<meta property=\"og:description\" content=\"Trastevere es el nombre de aquel barrio marginal de Roma en el que Calasanz comenz\u00f3 su labor educativa. Seguimos pensando que en el Mundo existen multitud de trast\u00e9veres que cambiar. Vemos fundamental que dediquemos un tiempo a mejorar el rendimiento acad\u00e9mico y el aprendizaje de chavales que no tienen posibilidades econ\u00f3micas de ir a una&hellip;\" \/>\n<meta property=\"og:url\" content=\"https:\/\/www.itakaescolapios.org\/pt\/o-que-fazemos\/alfabetizacion-y-apoyo-escolar\/trastevere\/\" \/>\n<meta property=\"og:site_name\" content=\"Itaka-Escolapios\" \/>\n<meta property=\"article:modified_time\" content=\"2023-11-28T11:39:49+00:00\" \/>\n<meta property=\"og:image\" content=\"https:\/\/www.itakaescolapios.org\/wp-content\/uploads\/2012\/05\/Trastevere-Logro\u00f1o.jpg\" \/>\n\t<meta property=\"og:image:width\" content=\"1632\" \/>\n\t<meta property=\"og:image:height\" content=\"920\" \/>\n\t<meta property=\"og:image:type\" content=\"image\/jpeg\" \/>\n<meta name=\"twitter:card\" content=\"summary_large_image\" \/>\n<meta name=\"twitter:label1\" content=\"Est. tempo de leitura\" \/>\n\t<meta name=\"twitter:data1\" content=\"1 minuto\" \/>\n<script type=\"application\/ld+json\" class=\"yoast-schema-graph\">{\"@context\":\"https:\\\/\\\/schema.org\",\"@graph\":[{\"@type\":\"WebPage\",\"@id\":\"https:\\\/\\\/www.itakaescolapios.org\\\/pt\\\/o-que-fazemos\\\/alfabetizacion-y-apoyo-escolar\\\/trastevere\\\/\",\"url\":\"https:\\\/\\\/www.itakaescolapios.org\\\/pt\\\/o-que-fazemos\\\/alfabetizacion-y-apoyo-escolar\\\/trastevere\\\/\",\"name\":\"Trastevere - Itaka-Escolapios\",\"isPartOf\":{\"@id\":\"https:\\\/\\\/www.itakaescolapios.org\\\/es\\\/#website\"},\"primaryImageOfPage\":{\"@id\":\"https:\\\/\\\/www.itakaescolapios.org\\\/pt\\\/o-que-fazemos\\\/alfabetizacion-y-apoyo-escolar\\\/trastevere\\\/#primaryimage\"},\"image\":{\"@id\":\"https:\\\/\\\/www.itakaescolapios.org\\\/pt\\\/o-que-fazemos\\\/alfabetizacion-y-apoyo-escolar\\\/trastevere\\\/#primaryimage\"},\"thumbnailUrl\":\"https:\\\/\\\/www.itakaescolapios.org\\\/wp-content\\\/uploads\\\/2012\\\/05\\\/Trastevere-Logro\u00f1o.jpg\",\"datePublished\":\"2012-05-31T16:46:10+00:00\",\"dateModified\":\"2023-11-28T11:39:49+00:00\",\"breadcrumb\":{\"@id\":\"https:\\\/\\\/www.itakaescolapios.org\\\/pt\\\/o-que-fazemos\\\/alfabetizacion-y-apoyo-escolar\\\/trastevere\\\/#breadcrumb\"},\"inLanguage\":\"pt-BR\",\"potentialAction\":[{\"@type\":\"ReadAction\",\"target\":[\"https:\\\/\\\/www.itakaescolapios.org\\\/pt\\\/o-que-fazemos\\\/alfabetizacion-y-apoyo-escolar\\\/trastevere\\\/\"]}]},{\"@type\":\"ImageObject\",\"inLanguage\":\"pt-BR\",\"@id\":\"https:\\\/\\\/www.itakaescolapios.org\\\/pt\\\/o-que-fazemos\\\/alfabetizacion-y-apoyo-escolar\\\/trastevere\\\/#primaryimage\",\"url\":\"https:\\\/\\\/www.itakaescolapios.org\\\/wp-content\\\/uploads\\\/2012\\\/05\\\/Trastevere-Logro\u00f1o.jpg\",\"contentUrl\":\"https:\\\/\\\/www.itakaescolapios.org\\\/wp-content\\\/uploads\\\/2012\\\/05\\\/Trastevere-Logro\u00f1o.jpg\",\"width\":1632,\"height\":920},{\"@type\":\"BreadcrumbList\",\"@id\":\"https:\\\/\\\/www.itakaescolapios.org\\\/pt\\\/o-que-fazemos\\\/alfabetizacion-y-apoyo-escolar\\\/trastevere\\\/#breadcrumb\",\"itemListElement\":[{\"@type\":\"ListItem\",\"position\":1,\"name\":\"Itaka-Escolapios\",\"item\":\"https:\\\/\\\/www.itakaescolapios.org\\\/es\\\/\"},{\"@type\":\"ListItem\",\"position\":2,\"name\":\"O que fazemos\",\"item\":\"https:\\\/\\\/www.itakaescolapios.org\\\/es\\\/que-hacemos\\\/\"},{\"@type\":\"ListItem\",\"position\":3,\"name\":\"Alfabetizaci\u00f3n y apoyo escolar\",\"item\":\"https:\\\/\\\/www.itakaescolapios.org\\\/es\\\/que-hacemos\\\/alfabetizacion-y-apoyo-escolar\\\/\"},{\"@type\":\"ListItem\",\"position\":4,\"name\":\"Trastevere\"}]},{\"@type\":\"WebSite\",\"@id\":\"https:\\\/\\\/www.itakaescolapios.org\\\/pt\\\/es\\\/#website\",\"url\":\"https:\\\/\\\/www.itakaescolapios.org\\\/pt\\\/es\\\/\",\"name\":\"Itaka-Escolapios\",\"description\":\"Red de Itaka-Escolapios\",\"publisher\":{\"@id\":\"https:\\\/\\\/www.itakaescolapios.org\\\/pt\\\/es\\\/#organization\"},\"potentialAction\":[{\"@type\":\"SearchAction\",\"target\":{\"@type\":\"EntryPoint\",\"urlTemplate\":\"https:\\\/\\\/www.itakaescolapios.org\\\/pt\\\/es\\\/?s={search_term_string}\"},\"query-input\":{\"@type\":\"PropertyValueSpecification\",\"valueRequired\":true,\"valueName\":\"search_term_string\"}}],\"inLanguage\":\"pt-BR\"},{\"@type\":\"Organization\",\"@id\":\"https:\\\/\\\/www.itakaescolapios.org\\\/pt\\\/es\\\/#organization\",\"name\":\"Fundaci\u00f3 Itaka-Escolapios\",\"url\":\"https:\\\/\\\/www.itakaescolapios.org\\\/pt\\\/es\\\/\",\"logo\":{\"@type\":\"ImageObject\",\"inLanguage\":\"pt-BR\",\"@id\":\"https:\\\/\\\/www.itakaescolapios.org\\\/pt\\\/es\\\/#\\\/schema\\\/logo\\\/image\\\/\",\"url\":\"https:\\\/\\\/www.itakaescolapios.org\\\/wp-content\\\/uploads\\\/2024\\\/04\\\/Logo-itakaescolapios-peque.png\",\"contentUrl\":\"https:\\\/\\\/www.itakaescolapios.org\\\/wp-content\\\/uploads\\\/2024\\\/04\\\/Logo-itakaescolapios-peque.png\",\"width\":500,\"height\":199,\"caption\":\"Fundaci\u00f3 Itaka-Escolapios\"},\"image\":{\"@id\":\"https:\\\/\\\/www.itakaescolapios.org\\\/pt\\\/es\\\/#\\\/schema\\\/logo\\\/image\\\/\"}}]}<\/script>\n<!-- \/ Yoast SEO plugin. -->","yoast_head_json":{"title":"Trastevere","description":"Trastevere es el nombre de aquel barrio marginal de Roma en el que Calasanz comenz\u00f3 su labor educativa. Seguimos pensando que en el Mundo existen multitud de trast\u00e9veres que cambiar. Vemos fundamental que dediquemos un tiempo a mejorar el rendimiento acad\u00e9mico y el aprendizaje de chavales que no tienen posibilidades econ\u00f3micas de ir a una&hellip;","robots":{"index":"index","follow":"follow","max-snippet":"max-snippet:-1","max-image-preview":"max-image-preview:large","max-video-preview":"max-video-preview:-1"},"canonical":"Trastevere es el nombre de aquel barrio marginal de Roma en el que Calasanz comenz\u00f3 su labor educativa. Seguimos pensando que en el Mundo existen multitud de trast\u00e9veres que cambiar. Vemos fundamental que dediquemos un tiempo a mejorar el rendimiento acad\u00e9mico y el aprendizaje de chavales que no tienen posibilidades econ\u00f3micas de ir a una&hellip;","og_locale":"pt_BR","og_type":"article","og_title":"Trastevere","og_description":"Trastevere es el nombre de aquel barrio marginal de Roma en el que Calasanz comenz\u00f3 su labor educativa. Seguimos pensando que en el Mundo existen multitud de trast\u00e9veres que cambiar. Vemos fundamental que dediquemos un tiempo a mejorar el rendimiento acad\u00e9mico y el aprendizaje de chavales que no tienen posibilidades econ\u00f3micas de ir a una&hellip;","og_url":"https:\/\/www.itakaescolapios.org\/pt\/o-que-fazemos\/alfabetizacion-y-apoyo-escolar\/trastevere\/","og_site_name":"Itaka-Escolapios","article_modified_time":"2023-11-28T11:39:49+00:00","og_image":[{"width":1632,"height":920,"url":"https:\/\/www.itakaescolapios.org\/wp-content\/uploads\/2012\/05\/Trastevere-Logro\u00f1o.jpg","type":"image\/jpeg"}],"twitter_card":"summary_large_image","twitter_misc":{"Est. tempo de leitura":"1 minuto"},"schema":{"@context":"https:\/\/schema.org","@graph":[{"@type":"WebPage","@id":"https:\/\/www.itakaescolapios.org\/pt\/o-que-fazemos\/alfabetizacion-y-apoyo-escolar\/trastevere\/","url":"https:\/\/www.itakaescolapios.org\/pt\/o-que-fazemos\/alfabetizacion-y-apoyo-escolar\/trastevere\/","name":"Trastevere - Itaka-Escolapios","isPartOf":{"@id":"https:\/\/www.itakaescolapios.org\/es\/#website"},"primaryImageOfPage":{"@id":"https:\/\/www.itakaescolapios.org\/pt\/o-que-fazemos\/alfabetizacion-y-apoyo-escolar\/trastevere\/#primaryimage"},"image":{"@id":"https:\/\/www.itakaescolapios.org\/pt\/o-que-fazemos\/alfabetizacion-y-apoyo-escolar\/trastevere\/#primaryimage"},"thumbnailUrl":"https:\/\/www.itakaescolapios.org\/wp-content\/uploads\/2012\/05\/Trastevere-Logro\u00f1o.jpg","datePublished":"2012-05-31T16:46:10+00:00","dateModified":"2023-11-28T11:39:49+00:00","breadcrumb":{"@id":"https:\/\/www.itakaescolapios.org\/pt\/o-que-fazemos\/alfabetizacion-y-apoyo-escolar\/trastevere\/#breadcrumb"},"inLanguage":"pt-BR","potentialAction":[{"@type":"ReadAction","target":["https:\/\/www.itakaescolapios.org\/pt\/o-que-fazemos\/alfabetizacion-y-apoyo-escolar\/trastevere\/"]}]},{"@type":"ImageObject","inLanguage":"pt-BR","@id":"https:\/\/www.itakaescolapios.org\/pt\/o-que-fazemos\/alfabetizacion-y-apoyo-escolar\/trastevere\/#primaryimage","url":"https:\/\/www.itakaescolapios.org\/wp-content\/uploads\/2012\/05\/Trastevere-Logro\u00f1o.jpg","contentUrl":"https:\/\/www.itakaescolapios.org\/wp-content\/uploads\/2012\/05\/Trastevere-Logro\u00f1o.jpg","width":1632,"height":920},{"@type":"BreadcrumbList","@id":"https:\/\/www.itakaescolapios.org\/pt\/o-que-fazemos\/alfabetizacion-y-apoyo-escolar\/trastevere\/#breadcrumb","itemListElement":[{"@type":"ListItem","position":1,"name":"Itaka-Escolapios","item":"https:\/\/www.itakaescolapios.org\/es\/"},{"@type":"ListItem","position":2,"name":"O que fazemos","item":"https:\/\/www.itakaescolapios.org\/es\/que-hacemos\/"},{"@type":"ListItem","position":3,"name":"Alfabetizaci\u00f3n y apoyo escolar","item":"https:\/\/www.itakaescolapios.org\/es\/que-hacemos\/alfabetizacion-y-apoyo-escolar\/"},{"@type":"ListItem","position":4,"name":"Trastevere"}]},{"@type":"WebSite","@id":"https:\/\/www.itakaescolapios.org\/pt\/es\/#website","url":"https:\/\/www.itakaescolapios.org\/pt\/es\/","name":"Itaka-Escolapios","description":"Red de Itaka-Escolapios","publisher":{"@id":"https:\/\/www.itakaescolapios.org\/pt\/es\/#organization"},"potentialAction":[{"@type":"SearchAction","target":{"@type":"EntryPoint","urlTemplate":"https:\/\/www.itakaescolapios.org\/pt\/es\/?s={search_term_string}"},"query-input":{"@type":"PropertyValueSpecification","valueRequired":true,"valueName":"search_term_string"}}],"inLanguage":"pt-BR"},{"@type":"Organization","@id":"https:\/\/www.itakaescolapios.org\/pt\/es\/#organization","name":"Fundaci\u00f3 Itaka-Escolapios","url":"https:\/\/www.itakaescolapios.org\/pt\/es\/","logo":{"@type":"ImageObject","inLanguage":"pt-BR","@id":"https:\/\/www.itakaescolapios.org\/pt\/es\/#\/schema\/logo\/image\/","url":"https:\/\/www.itakaescolapios.org\/wp-content\/uploads\/2024\/04\/Logo-itakaescolapios-peque.png","contentUrl":"https:\/\/www.itakaescolapios.org\/wp-content\/uploads\/2024\/04\/Logo-itakaescolapios-peque.png","width":500,"height":199,"caption":"Fundaci\u00f3 Itaka-Escolapios"},"image":{"@id":"https:\/\/www.itakaescolapios.org\/pt\/es\/#\/schema\/logo\/image\/"}}]}},"_links":{"self":[{"href":"https:\/\/www.itakaescolapios.org\/pt\/wp-json\/wp\/v2\/pages\/208","targetHints":{"allow":["GET"]}}],"collection":[{"href":"https:\/\/www.itakaescolapios.org\/pt\/wp-json\/wp\/v2\/pages"}],"about":[{"href":"https:\/\/www.itakaescolapios.org\/pt\/wp-json\/wp\/v2\/types\/page"}],"author":[{"embeddable":true,"href":"https:\/\/www.itakaescolapios.org\/pt\/wp-json\/wp\/v2\/users\/1"}],"replies":[{"embeddable":true,"href":"https:\/\/www.itakaescolapios.org\/pt\/wp-json\/wp\/v2\/comments?post=208"}],"version-history":[{"count":19,"href":"https:\/\/www.itakaescolapios.org\/pt\/wp-json\/wp\/v2\/pages\/208\/revisions"}],"predecessor-version":[{"id":50315,"href":"https:\/\/www.itakaescolapios.org\/pt\/wp-json\/wp\/v2\/pages\/208\/revisions\/50315"}],"up":[{"embeddable":true,"href":"https:\/\/www.itakaescolapios.org\/pt\/wp-json\/wp\/v2\/pages\/78"}],"wp:featuredmedia":[{"embeddable":true,"href":"https:\/\/www.itakaescolapios.org\/pt\/wp-json\/wp\/v2\/media\/13292"}],"wp:attachment":[{"href":"https:\/\/www.itakaescolapios.org\/pt\/wp-json\/wp\/v2\/media?parent=208"}],"curies":[{"name":"wp","href":"https:\/\/api.w.org\/{rel}","templated":true}]}}