{"id":224,"date":"2012-05-31T17:50:44","date_gmt":"2012-05-31T16:50:44","guid":{"rendered":"https:\/\/www.itakaescolapios.org\/?page_id=224"},"modified":"2023-11-28T12:39:49","modified_gmt":"2023-11-28T11:39:49","slug":"colegio-san-rafael-de-cochabamaba-bolivia","status":"publish","type":"page","link":"https:\/\/www.itakaescolapios.org\/pt\/o-que-fazemos\/colegio-san-rafael-de-cochabamaba-bolivia\/","title":{"rendered":"Colegio San Rafael de Cochabamaba (Bolivia)"},"content":{"rendered":"<p style=\"text-align: justify;\" align=\"JUSTIFY\">El colegio de San Rafael, se encuentra en la ciudad de Cochabamba. Acoge a 1800 estudiantes, para optimizar las instalaciones y llegar a m\u00e1s gente trabaja en dos turnos, uno de ma\u00f1ana y otro de tarde, por lo que, en la pr\u00e1ctica, funciona como dos colegios en uno solo. Cubre todos los niveles de primaria y secundaria.<\/p>\n<p style=\"text-align: justify;\" align=\"JUSTIFY\">San Rafael presenta uno de los mayores \u00edndices de diversidad de la ciudad, las facilidades educativas, la implicaci\u00f3n del profesorado y su calidad educativa hace que en \u00e9l convivan estudiantes procedentes de clases sociales muy diferentes y de or\u00edgenes culturales diversos.<\/p>\n<p align=\"JUSTIFY\"><span style=\"color: #00b050;\"><span style=\"font-size: small;\">\u00a0<\/span><\/span><\/p>\n<p><!--more--><\/p>\n","protected":false},"excerpt":{"rendered":"<p>El colegio de San Rafael, se encuentra en la ciudad de Cochabamba. Acoge a 1800 estudiantes, para optimizar las instalaciones y llegar a m\u00e1s gente trabaja en dos turnos, uno [&hellip;]<\/p>\n","protected":false},"author":1,"featured_media":1366,"parent":5,"menu_order":8,"comment_status":"closed","ping_status":"closed","template":"","meta":{"_et_pb_use_builder":"","_et_pb_old_content":"","_et_gb_content_width":"","footnotes":""},"class_list":["post-224","page","type-page","status-publish","has-post-thumbnail","hentry"],"yoast_head":"<!-- This site is optimized with the Yoast SEO plugin v27.4 - https:\/\/yoast.com\/product\/yoast-seo-wordpress\/ -->\n<title>Colegio San Rafael de Cochabamaba (Bolivia)<\/title>\n<meta name=\"description\" content=\"El colegio de San Rafael, se encuentra en la ciudad de Cochabamba. Acoge a 1800 estudiantes, para optimizar las instalaciones y llegar a m\u00e1s gente trabaja en dos turnos, uno de ma\u00f1ana y otro de tarde, por lo que, en la pr\u00e1ctica, funciona como dos colegios en uno solo. Cubre todos los niveles de primaria&hellip;\" \/>\n<meta name=\"robots\" content=\"index, follow, max-snippet:-1, max-image-preview:large, max-video-preview:-1\" \/>\n<link rel=\"canonical\" href=\"http:\/\/El%20colegio%20de%20San%20Rafael,%20se%20encuentra%20en%20la%20ciudad%20de%20Cochabamba.%20Acoge%20a%201800%20estudiantes,%20para%20optimizar%20las%20instalaciones%20y%20llegar%20a%20m\u00e1s%20gente%20trabaja%20en%20dos%20turnos,%20uno%20de%20ma\u00f1ana%20y%20otro%20de%20tarde,%20por%20lo%20que,%20en%20la%20pr\u00e1ctica,%20funciona%20como%20dos%20colegios%20en%20uno%20solo.%20Cubre%20todos%20los%20niveles%20de%20primaria&hellip;\" \/>\n<meta property=\"og:locale\" content=\"pt_BR\" \/>\n<meta property=\"og:type\" content=\"article\" \/>\n<meta property=\"og:title\" content=\"Colegio San Rafael de Cochabamaba (Bolivia)\" \/>\n<meta property=\"og:description\" content=\"El colegio de San Rafael, se encuentra en la ciudad de Cochabamba. Acoge a 1800 estudiantes, para optimizar las instalaciones y llegar a m\u00e1s gente trabaja en dos turnos, uno de ma\u00f1ana y otro de tarde, por lo que, en la pr\u00e1ctica, funciona como dos colegios en uno solo. Cubre todos los niveles de primaria&hellip;\" \/>\n<meta property=\"og:url\" content=\"https:\/\/www.itakaescolapios.org\/pt\/o-que-fazemos\/colegio-san-rafael-de-cochabamaba-bolivia\/\" \/>\n<meta property=\"og:site_name\" content=\"Itaka-Escolapios\" \/>\n<meta property=\"article:modified_time\" content=\"2023-11-28T11:39:49+00:00\" \/>\n<meta property=\"og:image\" content=\"https:\/\/www.itakaescolapios.org\/wp-content\/uploads\/2012\/05\/Apoyo-a-centros-escolares-Escuela-Cochabamba-1-Bolivia.jpg\" \/>\n\t<meta property=\"og:image:width\" content=\"1200\" \/>\n\t<meta property=\"og:image:height\" content=\"803\" \/>\n\t<meta property=\"og:image:type\" content=\"image\/jpeg\" \/>\n<meta name=\"twitter:card\" content=\"summary_large_image\" \/>\n<meta name=\"twitter:label1\" content=\"Est. tempo de leitura\" \/>\n\t<meta name=\"twitter:data1\" content=\"1 minuto\" \/>\n<script type=\"application\/ld+json\" class=\"yoast-schema-graph\">{\"@context\":\"https:\\\/\\\/schema.org\",\"@graph\":[{\"@type\":\"WebPage\",\"@id\":\"https:\\\/\\\/www.itakaescolapios.org\\\/pt\\\/o-que-fazemos\\\/colegio-san-rafael-de-cochabamaba-bolivia\\\/\",\"url\":\"https:\\\/\\\/www.itakaescolapios.org\\\/pt\\\/o-que-fazemos\\\/colegio-san-rafael-de-cochabamaba-bolivia\\\/\",\"name\":\"Colegio San Rafael de Cochabamaba (Bolivia) - Itaka-Escolapios\",\"isPartOf\":{\"@id\":\"https:\\\/\\\/www.itakaescolapios.org\\\/es\\\/#website\"},\"primaryImageOfPage\":{\"@id\":\"https:\\\/\\\/www.itakaescolapios.org\\\/pt\\\/o-que-fazemos\\\/colegio-san-rafael-de-cochabamaba-bolivia\\\/#primaryimage\"},\"image\":{\"@id\":\"https:\\\/\\\/www.itakaescolapios.org\\\/pt\\\/o-que-fazemos\\\/colegio-san-rafael-de-cochabamaba-bolivia\\\/#primaryimage\"},\"thumbnailUrl\":\"https:\\\/\\\/www.itakaescolapios.org\\\/wp-content\\\/uploads\\\/2012\\\/05\\\/Apoyo-a-centros-escolares-Escuela-Cochabamba-1-Bolivia.jpg\",\"datePublished\":\"2012-05-31T16:50:44+00:00\",\"dateModified\":\"2023-11-28T11:39:49+00:00\",\"breadcrumb\":{\"@id\":\"https:\\\/\\\/www.itakaescolapios.org\\\/pt\\\/o-que-fazemos\\\/colegio-san-rafael-de-cochabamaba-bolivia\\\/#breadcrumb\"},\"inLanguage\":\"pt-BR\",\"potentialAction\":[{\"@type\":\"ReadAction\",\"target\":[\"https:\\\/\\\/www.itakaescolapios.org\\\/pt\\\/o-que-fazemos\\\/colegio-san-rafael-de-cochabamaba-bolivia\\\/\"]}]},{\"@type\":\"ImageObject\",\"inLanguage\":\"pt-BR\",\"@id\":\"https:\\\/\\\/www.itakaescolapios.org\\\/pt\\\/o-que-fazemos\\\/colegio-san-rafael-de-cochabamaba-bolivia\\\/#primaryimage\",\"url\":\"https:\\\/\\\/www.itakaescolapios.org\\\/wp-content\\\/uploads\\\/2012\\\/05\\\/Apoyo-a-centros-escolares-Escuela-Cochabamba-1-Bolivia.jpg\",\"contentUrl\":\"https:\\\/\\\/www.itakaescolapios.org\\\/wp-content\\\/uploads\\\/2012\\\/05\\\/Apoyo-a-centros-escolares-Escuela-Cochabamba-1-Bolivia.jpg\",\"width\":\"1200\",\"height\":\"803\"},{\"@type\":\"BreadcrumbList\",\"@id\":\"https:\\\/\\\/www.itakaescolapios.org\\\/pt\\\/o-que-fazemos\\\/colegio-san-rafael-de-cochabamaba-bolivia\\\/#breadcrumb\",\"itemListElement\":[{\"@type\":\"ListItem\",\"position\":1,\"name\":\"Itaka-Escolapios\",\"item\":\"https:\\\/\\\/www.itakaescolapios.org\\\/es\\\/\"},{\"@type\":\"ListItem\",\"position\":2,\"name\":\"O que fazemos\",\"item\":\"https:\\\/\\\/www.itakaescolapios.org\\\/es\\\/que-hacemos\\\/\"},{\"@type\":\"ListItem\",\"position\":3,\"name\":\"Colegio San Rafael de Cochabamaba (Bolivia)\"}]},{\"@type\":\"WebSite\",\"@id\":\"https:\\\/\\\/www.itakaescolapios.org\\\/pt\\\/es\\\/#website\",\"url\":\"https:\\\/\\\/www.itakaescolapios.org\\\/pt\\\/es\\\/\",\"name\":\"Itaka-Escolapios\",\"description\":\"Red de Itaka-Escolapios\",\"publisher\":{\"@id\":\"https:\\\/\\\/www.itakaescolapios.org\\\/pt\\\/es\\\/#organization\"},\"potentialAction\":[{\"@type\":\"SearchAction\",\"target\":{\"@type\":\"EntryPoint\",\"urlTemplate\":\"https:\\\/\\\/www.itakaescolapios.org\\\/pt\\\/es\\\/?s={search_term_string}\"},\"query-input\":{\"@type\":\"PropertyValueSpecification\",\"valueRequired\":true,\"valueName\":\"search_term_string\"}}],\"inLanguage\":\"pt-BR\"},{\"@type\":\"Organization\",\"@id\":\"https:\\\/\\\/www.itakaescolapios.org\\\/pt\\\/es\\\/#organization\",\"name\":\"Fundaci\u00f3 Itaka-Escolapios\",\"url\":\"https:\\\/\\\/www.itakaescolapios.org\\\/pt\\\/es\\\/\",\"logo\":{\"@type\":\"ImageObject\",\"inLanguage\":\"pt-BR\",\"@id\":\"https:\\\/\\\/www.itakaescolapios.org\\\/pt\\\/es\\\/#\\\/schema\\\/logo\\\/image\\\/\",\"url\":\"https:\\\/\\\/www.itakaescolapios.org\\\/wp-content\\\/uploads\\\/2024\\\/04\\\/Logo-itakaescolapios-peque.png\",\"contentUrl\":\"https:\\\/\\\/www.itakaescolapios.org\\\/wp-content\\\/uploads\\\/2024\\\/04\\\/Logo-itakaescolapios-peque.png\",\"width\":500,\"height\":199,\"caption\":\"Fundaci\u00f3 Itaka-Escolapios\"},\"image\":{\"@id\":\"https:\\\/\\\/www.itakaescolapios.org\\\/pt\\\/es\\\/#\\\/schema\\\/logo\\\/image\\\/\"}}]}<\/script>\n<!-- \/ Yoast SEO plugin. -->","yoast_head_json":{"title":"Colegio San Rafael de Cochabamaba (Bolivia)","description":"El colegio de San Rafael, se encuentra en la ciudad de Cochabamba. Acoge a 1800 estudiantes, para optimizar las instalaciones y llegar a m\u00e1s gente trabaja en dos turnos, uno de ma\u00f1ana y otro de tarde, por lo que, en la pr\u00e1ctica, funciona como dos colegios en uno solo. Cubre todos los niveles de primaria&hellip;","robots":{"index":"index","follow":"follow","max-snippet":"max-snippet:-1","max-image-preview":"max-image-preview:large","max-video-preview":"max-video-preview:-1"},"canonical":"El colegio de San Rafael, se encuentra en la ciudad de Cochabamba. Acoge a 1800 estudiantes, para optimizar las instalaciones y llegar a m\u00e1s gente trabaja en dos turnos, uno de ma\u00f1ana y otro de tarde, por lo que, en la pr\u00e1ctica, funciona como dos colegios en uno solo. Cubre todos los niveles de primaria&hellip;","og_locale":"pt_BR","og_type":"article","og_title":"Colegio San Rafael de Cochabamaba (Bolivia)","og_description":"El colegio de San Rafael, se encuentra en la ciudad de Cochabamba. Acoge a 1800 estudiantes, para optimizar las instalaciones y llegar a m\u00e1s gente trabaja en dos turnos, uno de ma\u00f1ana y otro de tarde, por lo que, en la pr\u00e1ctica, funciona como dos colegios en uno solo. Cubre todos los niveles de primaria&hellip;","og_url":"https:\/\/www.itakaescolapios.org\/pt\/o-que-fazemos\/colegio-san-rafael-de-cochabamaba-bolivia\/","og_site_name":"Itaka-Escolapios","article_modified_time":"2023-11-28T11:39:49+00:00","og_image":[{"width":1200,"height":803,"url":"https:\/\/www.itakaescolapios.org\/wp-content\/uploads\/2012\/05\/Apoyo-a-centros-escolares-Escuela-Cochabamba-1-Bolivia.jpg","type":"image\/jpeg"}],"twitter_card":"summary_large_image","twitter_misc":{"Est. tempo de leitura":"1 minuto"},"schema":{"@context":"https:\/\/schema.org","@graph":[{"@type":"WebPage","@id":"https:\/\/www.itakaescolapios.org\/pt\/o-que-fazemos\/colegio-san-rafael-de-cochabamaba-bolivia\/","url":"https:\/\/www.itakaescolapios.org\/pt\/o-que-fazemos\/colegio-san-rafael-de-cochabamaba-bolivia\/","name":"Colegio San Rafael de Cochabamaba (Bolivia) - Itaka-Escolapios","isPartOf":{"@id":"https:\/\/www.itakaescolapios.org\/es\/#website"},"primaryImageOfPage":{"@id":"https:\/\/www.itakaescolapios.org\/pt\/o-que-fazemos\/colegio-san-rafael-de-cochabamaba-bolivia\/#primaryimage"},"image":{"@id":"https:\/\/www.itakaescolapios.org\/pt\/o-que-fazemos\/colegio-san-rafael-de-cochabamaba-bolivia\/#primaryimage"},"thumbnailUrl":"https:\/\/www.itakaescolapios.org\/wp-content\/uploads\/2012\/05\/Apoyo-a-centros-escolares-Escuela-Cochabamba-1-Bolivia.jpg","datePublished":"2012-05-31T16:50:44+00:00","dateModified":"2023-11-28T11:39:49+00:00","breadcrumb":{"@id":"https:\/\/www.itakaescolapios.org\/pt\/o-que-fazemos\/colegio-san-rafael-de-cochabamaba-bolivia\/#breadcrumb"},"inLanguage":"pt-BR","potentialAction":[{"@type":"ReadAction","target":["https:\/\/www.itakaescolapios.org\/pt\/o-que-fazemos\/colegio-san-rafael-de-cochabamaba-bolivia\/"]}]},{"@type":"ImageObject","inLanguage":"pt-BR","@id":"https:\/\/www.itakaescolapios.org\/pt\/o-que-fazemos\/colegio-san-rafael-de-cochabamaba-bolivia\/#primaryimage","url":"https:\/\/www.itakaescolapios.org\/wp-content\/uploads\/2012\/05\/Apoyo-a-centros-escolares-Escuela-Cochabamba-1-Bolivia.jpg","contentUrl":"https:\/\/www.itakaescolapios.org\/wp-content\/uploads\/2012\/05\/Apoyo-a-centros-escolares-Escuela-Cochabamba-1-Bolivia.jpg","width":"1200","height":"803"},{"@type":"BreadcrumbList","@id":"https:\/\/www.itakaescolapios.org\/pt\/o-que-fazemos\/colegio-san-rafael-de-cochabamaba-bolivia\/#breadcrumb","itemListElement":[{"@type":"ListItem","position":1,"name":"Itaka-Escolapios","item":"https:\/\/www.itakaescolapios.org\/es\/"},{"@type":"ListItem","position":2,"name":"O que fazemos","item":"https:\/\/www.itakaescolapios.org\/es\/que-hacemos\/"},{"@type":"ListItem","position":3,"name":"Colegio San Rafael de Cochabamaba (Bolivia)"}]},{"@type":"WebSite","@id":"https:\/\/www.itakaescolapios.org\/pt\/es\/#website","url":"https:\/\/www.itakaescolapios.org\/pt\/es\/","name":"Itaka-Escolapios","description":"Red de Itaka-Escolapios","publisher":{"@id":"https:\/\/www.itakaescolapios.org\/pt\/es\/#organization"},"potentialAction":[{"@type":"SearchAction","target":{"@type":"EntryPoint","urlTemplate":"https:\/\/www.itakaescolapios.org\/pt\/es\/?s={search_term_string}"},"query-input":{"@type":"PropertyValueSpecification","valueRequired":true,"valueName":"search_term_string"}}],"inLanguage":"pt-BR"},{"@type":"Organization","@id":"https:\/\/www.itakaescolapios.org\/pt\/es\/#organization","name":"Fundaci\u00f3 Itaka-Escolapios","url":"https:\/\/www.itakaescolapios.org\/pt\/es\/","logo":{"@type":"ImageObject","inLanguage":"pt-BR","@id":"https:\/\/www.itakaescolapios.org\/pt\/es\/#\/schema\/logo\/image\/","url":"https:\/\/www.itakaescolapios.org\/wp-content\/uploads\/2024\/04\/Logo-itakaescolapios-peque.png","contentUrl":"https:\/\/www.itakaescolapios.org\/wp-content\/uploads\/2024\/04\/Logo-itakaescolapios-peque.png","width":500,"height":199,"caption":"Fundaci\u00f3 Itaka-Escolapios"},"image":{"@id":"https:\/\/www.itakaescolapios.org\/pt\/es\/#\/schema\/logo\/image\/"}}]}},"_links":{"self":[{"href":"https:\/\/www.itakaescolapios.org\/pt\/wp-json\/wp\/v2\/pages\/224","targetHints":{"allow":["GET"]}}],"collection":[{"href":"https:\/\/www.itakaescolapios.org\/pt\/wp-json\/wp\/v2\/pages"}],"about":[{"href":"https:\/\/www.itakaescolapios.org\/pt\/wp-json\/wp\/v2\/types\/page"}],"author":[{"embeddable":true,"href":"https:\/\/www.itakaescolapios.org\/pt\/wp-json\/wp\/v2\/users\/1"}],"replies":[{"embeddable":true,"href":"https:\/\/www.itakaescolapios.org\/pt\/wp-json\/wp\/v2\/comments?post=224"}],"version-history":[{"count":12,"href":"https:\/\/www.itakaescolapios.org\/pt\/wp-json\/wp\/v2\/pages\/224\/revisions"}],"predecessor-version":[{"id":50299,"href":"https:\/\/www.itakaescolapios.org\/pt\/wp-json\/wp\/v2\/pages\/224\/revisions\/50299"}],"up":[{"embeddable":true,"href":"https:\/\/www.itakaescolapios.org\/pt\/wp-json\/wp\/v2\/pages\/5"}],"wp:featuredmedia":[{"embeddable":true,"href":"https:\/\/www.itakaescolapios.org\/pt\/wp-json\/wp\/v2\/media\/1366"}],"wp:attachment":[{"href":"https:\/\/www.itakaescolapios.org\/pt\/wp-json\/wp\/v2\/media?parent=224"}],"curies":[{"name":"wp","href":"https:\/\/api.w.org\/{rel}","templated":true}]}}