{"id":23239,"date":"2018-05-09T12:12:17","date_gmt":"2018-05-09T11:12:17","guid":{"rendered":"https:\/\/www.itakaescolapios.org\/?page_id=23239"},"modified":"2023-11-28T12:37:28","modified_gmt":"2023-11-28T11:37:28","slug":"proyecto-llum","status":"publish","type":"page","link":"https:\/\/www.itakaescolapios.org\/pt\/o-que-fazemos\/centros-socio-educativos\/proyecto-llum\/","title":{"rendered":"PROYECTO LLUM"},"content":{"rendered":"<p>&nbsp;<\/p>\n<p>&nbsp;<\/p>\n<p>&nbsp;<\/p>\n<p>&nbsp;<\/p>\n<p>&nbsp;<\/p>\n<p><strong>C\/Gran Canaria, 1 CP 46011 \u00a0\u00a0\u00a0\u00a0\u00a0Valencia<\/strong><\/p>\n<p><strong>Tel\u00e9fono: 696177748<\/strong><\/p>\n<p><strong>Email:\u00a0<a href=\"mailto:lauragarciarabago@itakaescolapios.org\">lauragarciarabago@itakaescolapios.org<\/a><\/strong><\/p>\n<p><strong>Coordinadora: Laura Garc\u00eda R\u00e1bago<\/strong><\/p>\n<p>&nbsp;<\/p>\n<p>El barrio de la Malvarrosa donde est\u00e1 ubicado el proyecto se sit\u00faa en la zona costera de la ciudad. En su origen, fue un barrio marinero, un terreno pantanoso en el que se levantaban caba\u00f1as de pescadores. Pero con el paso de los a\u00f1os la Malvarrosa ha ido evolucionando, cayendo en la decadencia y la marginalidad, existiendo desigualdad entre la poblaci\u00f3n que vive en primera l\u00ednea de playa y el resto de poblaci\u00f3n. En \u00e9l se ubican las llamadas \u201cCasitas Rosas\u201d, es la zona m\u00e1s degradada del barrio, social y f\u00edsicamente a causa del tr\u00e1fico de drogas.<\/p>\n<p>Actualmente en el barrio existe un alto porcentaje de familias con ni\u00f1os y j\u00f3venes que viven en situaciones precarias, qued\u00e1ndose en situaci\u00f3n o riesgo de exclusi\u00f3n social. Adem\u00e1s, la oferta de educaci\u00f3n no formal para los ni\u00f1os es inexistente, s\u00f3lo hay 2 colegios en la zona cuya oferta educativa va m\u00e1s all\u00e1 del horario escolar, pero no hay una oferta socioeducativa ampliada para el barrio que favorezca una educaci\u00f3n integral de los ni\u00f1os\/as.<\/p>\n<p>La finalidad de nuestro proyecto es la promoci\u00f3n integral de menores y j\u00f3venes de la ciudad de Valencia, que se encuentren en situaci\u00f3n de riesgo de exclusi\u00f3n social y de sus familias. As\u00ed como prevenir la marginaci\u00f3n en la ciudad de Valencia, prioritariamente en el barrio de la Malvarrosa, desarrollando alternativas que se adapten a las necesidades de los\/as ni\u00f1os\/as y j\u00f3venes beneficiarios\/as de nuestra acci\u00f3n.<\/p>\n<p>Concretamente LLUM, pretende ser, fundamentalmente, una referencia alternativa para los menores del barrio de la Malvarrosa. Encaminando todas las acciones a prevenir y paliar las posibles carencias dadas por un entorno deficitario y potenciar el desarrollo integral de los ni\u00f1os\/as y j\u00f3venes. Enfoc\u00e1ndonos en promover el derecho a una educaci\u00f3n de calidad, que garantice una educaci\u00f3n inclusiva y equitativa y promueva oportunidades de aprendizaje permanente para todos. Empoderando a los titulares de derechos e implicando a los titulares de responsabilidades y de obligaciones.<\/p>\n<ol>\n<li><strong> En cuanto al desarrollo acad\u00e9mico- escolar<\/strong>.<\/li>\n<\/ol>\n<p>&#8211; Prevenir el absentismo escolar.<\/p>\n<p>&#8211; Reforzar los contenidos acad\u00e9micos que optimicen la competencia escolar del menor y le doten de las herramientas b\u00e1sicas para desenvolverse con normalidad en la vida.<\/p>\n<p>&#8211; Establecer cauces de coordinaci\u00f3n y colaboraci\u00f3n con los diferentes agentes escolares (escuela, SPE, Inspecci\u00f3n Educativa, etc.)<\/p>\n<ol start=\"2\">\n<li><strong> En cuanto al desarrollo personal. <\/strong><\/li>\n<\/ol>\n<p>&#8211; Facilitar el desarrollo de las siguientes aptitudes personales: Habilidades Sociales b\u00e1sicas, habilidades para la comunicaci\u00f3n, capacidad de resolver conflictos de manera adecuada, capacidad para trabajar e integrarse en un grupo y la autoestima necesaria para evolucionar positivamente.<\/p>\n<ol start=\"3\">\n<li><strong> En cuanto al \u00e1rea familiar. <\/strong><\/li>\n<\/ol>\n<p>&#8211; Establecer unos v\u00ednculos del Centro con la familia que faciliten la intervenci\u00f3n con el menor.<\/p>\n<p>&#8211; Conocer los t\u00e9rminos de la relaci\u00f3n menor-familia, as\u00ed como la situaci\u00f3n de la familia (vivienda, econom\u00eda, etc.).<\/p>\n<p>&#8211; Mediar entre la familia y las diferentes instituciones que les afectan (Servicios Sociales, Escuela, Recursos Sanitarios, de Empleo, de Vivienda, etc.)<\/p>\n<ol start=\"4\">\n<li><strong>En cuanto a la gesti\u00f3n del ocio y tiempo libre. <\/strong><\/li>\n<\/ol>\n<p>&#8211; Ofrecer alternativas de empleo del tiempo libre, que obedezcan a objetivos de car\u00e1cter educativo y faciliten el desarrollo personal del menor.<\/p>\n<p><a href=\"https:\/\/www.itakaescolapios.org\/areas\/\"><img decoding=\"async\" class=\"alignleft size-full wp-image-32520\" src=\"https:\/\/www.itakaescolapios.org\/wp-content\/uploads\/2021\/02\/\u00e1reas.jpg\" alt=\"\" width=\"547\" height=\"303\" srcset=\"https:\/\/www.itakaescolapios.org\/wp-content\/uploads\/2021\/02\/\u00e1reas.jpg 547w, https:\/\/www.itakaescolapios.org\/wp-content\/uploads\/2021\/02\/\u00e1reas-300x166.jpg 300w, https:\/\/www.itakaescolapios.org\/wp-content\/uploads\/2021\/02\/\u00e1reas-250x138.jpg 250w\" sizes=\"(max-width: 547px) 100vw, 547px\" \/><\/a><\/p>\n<p>&nbsp;<\/p>\n<p>&nbsp;<\/p>\n<p>&nbsp;<\/p>\n<p>&nbsp;<\/p>\n<p>&nbsp;<\/p>\n<p>&nbsp;<\/p>\n<p>&nbsp;<\/p>\n<p>&nbsp;<\/p>\n\n\t\t<style type=\"text\/css\">\n\t\t\t#gallery-1 {\n\t\t\t\tmargin: auto;\n\t\t\t}\n\t\t\t#gallery-1 .gallery-item {\n\t\t\t\tfloat: left;\n\t\t\t\tmargin-top: 10px;\n\t\t\t\ttext-align: center;\n\t\t\t\twidth: 33%;\n\t\t\t}\n\t\t\t#gallery-1 img {\n\t\t\t\tborder: 2px solid #cfcfcf;\n\t\t\t}\n\t\t\t#gallery-1 .gallery-caption {\n\t\t\t\tmargin-left: 0;\n\t\t\t}\n\t\t\t\/* see gallery_shortcode() in wp-includes\/media.php *\/\n\t\t<\/style>\n\t\t<div id='gallery-1' class='gallery galleryid-23239 gallery-columns-3 gallery-size-thumbnail'><dl class='gallery-item'>\n\t\t\t<dt class='gallery-icon landscape'>\n\t\t\t\t<a href='https:\/\/www.itakaescolapios.org\/pt\/107556182_3189471421142857_6254726123962412362_n\/'><img decoding=\"async\" width=\"90\" height=\"90\" src=\"https:\/\/www.itakaescolapios.org\/wp-content\/uploads\/2021\/02\/107556182_3189471421142857_6254726123962412362_n-90x90.jpg\" class=\"attachment-thumbnail size-thumbnail\" alt=\"\" \/><\/a>\n\t\t\t<\/dt><\/dl><dl class='gallery-item'>\n\t\t\t<dt class='gallery-icon landscape'>\n\t\t\t\t<a href='https:\/\/www.itakaescolapios.org\/pt\/76203627_2667249106698427_2640820350580948992_n\/'><img decoding=\"async\" width=\"90\" height=\"90\" src=\"https:\/\/www.itakaescolapios.org\/wp-content\/uploads\/2021\/02\/76203627_2667249106698427_2640820350580948992_n-90x90.jpg\" class=\"attachment-thumbnail size-thumbnail\" alt=\"\" \/><\/a>\n\t\t\t<\/dt><\/dl><dl class='gallery-item'>\n\t\t\t<dt class='gallery-icon landscape'>\n\t\t\t\t<a href='https:\/\/www.itakaescolapios.org\/pt\/whatsapp-image-2021-01-25-at-11-52-49\/'><img decoding=\"async\" width=\"90\" height=\"90\" src=\"https:\/\/www.itakaescolapios.org\/wp-content\/uploads\/2021\/02\/WhatsApp-Image-2021-01-25-at-11.52.49-90x90.jpeg\" class=\"attachment-thumbnail size-thumbnail\" alt=\"\" \/><\/a>\n\t\t\t<\/dt><\/dl><br style=\"clear: both\" \/><dl class='gallery-item'>\n\t\t\t<dt class='gallery-icon landscape'>\n\t\t\t\t<a href='https:\/\/www.itakaescolapios.org\/pt\/whatsapp-image-2021-01-25-at-11-52-22-2\/'><img decoding=\"async\" width=\"90\" height=\"90\" src=\"https:\/\/www.itakaescolapios.org\/wp-content\/uploads\/2021\/02\/WhatsApp-Image-2021-01-25-at-11.52.22-2-90x90.jpeg\" class=\"attachment-thumbnail size-thumbnail\" alt=\"\" \/><\/a>\n\t\t\t<\/dt><\/dl><dl class='gallery-item'>\n\t\t\t<dt class='gallery-icon landscape'>\n\t\t\t\t<a href='https:\/\/www.itakaescolapios.org\/pt\/whatsapp-image-2021-01-25-at-11-52-21\/'><img decoding=\"async\" width=\"90\" height=\"90\" src=\"https:\/\/www.itakaescolapios.org\/wp-content\/uploads\/2021\/02\/WhatsApp-Image-2021-01-25-at-11.52.21-90x90.jpeg\" class=\"attachment-thumbnail size-thumbnail\" alt=\"\" \/><\/a>\n\t\t\t<\/dt><\/dl><dl class='gallery-item'>\n\t\t\t<dt class='gallery-icon portrait'>\n\t\t\t\t<a href='https:\/\/www.itakaescolapios.org\/pt\/whatsapp-image-2021-01-25-at-11-52-22-1\/'><img decoding=\"async\" width=\"90\" height=\"90\" src=\"https:\/\/www.itakaescolapios.org\/wp-content\/uploads\/2021\/02\/WhatsApp-Image-2021-01-25-at-11.52.22-1-90x90.jpeg\" class=\"attachment-thumbnail size-thumbnail\" alt=\"\" \/><\/a>\n\t\t\t<\/dt><\/dl><br style=\"clear: both\" \/><dl class='gallery-item'>\n\t\t\t<dt class='gallery-icon landscape'>\n\t\t\t\t<a href='https:\/\/www.itakaescolapios.org\/pt\/whatsapp-image-2020-11-24-at-11-50-51-1\/'><img decoding=\"async\" width=\"90\" height=\"90\" src=\"https:\/\/www.itakaescolapios.org\/wp-content\/uploads\/2021\/02\/WhatsApp-Image-2020-11-24-at-11.50.51-1-90x90.jpeg\" class=\"attachment-thumbnail size-thumbnail\" alt=\"\" \/><\/a>\n\t\t\t<\/dt><\/dl><dl class='gallery-item'>\n\t\t\t<dt class='gallery-icon portrait'>\n\t\t\t\t<a href='https:\/\/www.itakaescolapios.org\/pt\/whatsapp-image-2020-11-24-at-11-50-51\/'><img decoding=\"async\" width=\"90\" height=\"90\" src=\"https:\/\/www.itakaescolapios.org\/wp-content\/uploads\/2021\/02\/WhatsApp-Image-2020-11-24-at-11.50.51-90x90.jpeg\" class=\"attachment-thumbnail size-thumbnail\" alt=\"\" \/><\/a>\n\t\t\t<\/dt><\/dl><dl class='gallery-item'>\n\t\t\t<dt class='gallery-icon landscape'>\n\t\t\t\t<a href='https:\/\/www.itakaescolapios.org\/pt\/whatsapp-image-2020-10-15-at-10-03-05\/'><img decoding=\"async\" width=\"90\" height=\"90\" src=\"https:\/\/www.itakaescolapios.org\/wp-content\/uploads\/2021\/02\/WhatsApp-Image-2020-10-15-at-10.03.05-90x90.jpeg\" class=\"attachment-thumbnail size-thumbnail\" alt=\"\" \/><\/a>\n\t\t\t<\/dt><\/dl><br style=\"clear: both\" \/><dl class='gallery-item'>\n\t\t\t<dt class='gallery-icon landscape'>\n\t\t\t\t<a href='https:\/\/www.itakaescolapios.org\/pt\/whatsapp-image-2020-10-15-at-10-02-04h-2\/'><img decoding=\"async\" width=\"90\" height=\"90\" src=\"https:\/\/www.itakaescolapios.org\/wp-content\/uploads\/2021\/02\/WhatsApp-Image-2020-10-15-at-10.02.04h-90x90.jpeg\" class=\"attachment-thumbnail size-thumbnail\" alt=\"\" \/><\/a>\n\t\t\t<\/dt><\/dl><dl class='gallery-item'>\n\t\t\t<dt class='gallery-icon landscape'>\n\t\t\t\t<a href='https:\/\/www.itakaescolapios.org\/pt\/logos-presentacion-3\/'><img decoding=\"async\" width=\"90\" height=\"90\" src=\"https:\/\/www.itakaescolapios.org\/wp-content\/uploads\/2021\/02\/Logos-presentacion-2-90x90.jpeg\" class=\"attachment-thumbnail size-thumbnail\" alt=\"\" \/><\/a>\n\t\t\t<\/dt><\/dl><dl class='gallery-item'>\n\t\t\t<dt class='gallery-icon landscape'>\n\t\t\t\t<a href='https:\/\/www.itakaescolapios.org\/pt\/logo-llum\/'><img decoding=\"async\" width=\"90\" height=\"90\" src=\"https:\/\/www.itakaescolapios.org\/wp-content\/uploads\/2021\/02\/logo-llum-90x90.jpg\" class=\"attachment-thumbnail size-thumbnail\" alt=\"\" \/><\/a>\n\t\t\t<\/dt><\/dl><br style=\"clear: both\" \/><dl class='gallery-item'>\n\t\t\t<dt class='gallery-icon landscape'>\n\t\t\t\t<a href='https:\/\/www.itakaescolapios.org\/pt\/o-que-fazemos\/centros-socio-educativos\/proyecto-llum\/areas\/'><img decoding=\"async\" width=\"90\" height=\"90\" src=\"https:\/\/www.itakaescolapios.org\/wp-content\/uploads\/2021\/02\/\u00e1reas-90x90.jpg\" class=\"attachment-thumbnail size-thumbnail\" alt=\"\" \/><\/a>\n\t\t\t<\/dt><\/dl>\n\t\t\t<br style='clear: both' \/>\n\t\t<\/div>\n\n","protected":false},"excerpt":{"rendered":"<p>&nbsp; &nbsp; &nbsp; &nbsp; &nbsp; C\/Gran Canaria, 1 CP 46011 \u00a0\u00a0\u00a0\u00a0\u00a0Valencia Tel\u00e9fono: 696177748 Email:\u00a0lauragarciarabago@itakaescolapios.org Coordinadora: Laura Garc\u00eda R\u00e1bago &nbsp; El barrio de la Malvarrosa donde est\u00e1 ubicado el proyecto se [&hellip;]<\/p>\n","protected":false},"author":4,"featured_media":32521,"parent":83,"menu_order":17,"comment_status":"closed","ping_status":"closed","template":"","meta":{"_et_pb_use_builder":"","_et_pb_old_content":"","_et_gb_content_width":"","footnotes":""},"class_list":["post-23239","page","type-page","status-publish","has-post-thumbnail","hentry"],"yoast_head":"<!-- This site is optimized with the Yoast SEO plugin v27.3 - https:\/\/yoast.com\/product\/yoast-seo-wordpress\/ -->\n<title>PROYECTO LLUM<\/title>\n<meta name=\"description\" content=\"&nbsp; &nbsp; &nbsp; &nbsp; &nbsp; C\/Gran Canaria, 1 CP 46011 \u00a0\u00a0\u00a0\u00a0\u00a0Valencia Tel\u00e9fono: 696177748 Email:\u00a0lauragarciarabago@itakaescolapios.org Coordinadora: Laura Garc\u00eda R\u00e1bago &nbsp; El barrio de la Malvarrosa donde est\u00e1 ubicado el proyecto se sit\u00faa en la zona costera de la ciudad. En su origen, fue un barrio marinero, un terreno pantanoso en el que se levantaban caba\u00f1as de&hellip;\" \/>\n<meta name=\"robots\" content=\"index, follow, max-snippet:-1, max-image-preview:large, max-video-preview:-1\" \/>\n<link rel=\"canonical\" href=\"\" \/>\n<meta property=\"og:locale\" content=\"pt_BR\" \/>\n<meta property=\"og:type\" content=\"article\" \/>\n<meta property=\"og:title\" content=\"PROYECTO LLUM\" \/>\n<meta property=\"og:description\" content=\"&nbsp; &nbsp; &nbsp; &nbsp; &nbsp; C\/Gran Canaria, 1 CP 46011 \u00a0\u00a0\u00a0\u00a0\u00a0Valencia Tel\u00e9fono: 696177748 Email:\u00a0lauragarciarabago@itakaescolapios.org Coordinadora: Laura Garc\u00eda R\u00e1bago &nbsp; El barrio de la Malvarrosa donde est\u00e1 ubicado el proyecto se sit\u00faa en la zona costera de la ciudad. En su origen, fue un barrio marinero, un terreno pantanoso en el que se levantaban caba\u00f1as de&hellip;\" \/>\n<meta property=\"og:url\" content=\"https:\/\/www.itakaescolapios.org\/pt\/o-que-fazemos\/centros-socio-educativos\/proyecto-llum\/\" \/>\n<meta property=\"og:site_name\" content=\"Itaka-Escolapios\" \/>\n<meta property=\"article:modified_time\" content=\"2023-11-28T11:37:28+00:00\" \/>\n<meta property=\"og:image\" content=\"https:\/\/www.itakaescolapios.org\/wp-content\/uploads\/2021\/02\/logo-llum.jpg\" \/>\n\t<meta property=\"og:image:width\" content=\"2000\" \/>\n\t<meta property=\"og:image:height\" content=\"1042\" \/>\n\t<meta property=\"og:image:type\" content=\"image\/jpeg\" \/>\n<meta name=\"twitter:card\" content=\"summary_large_image\" \/>\n<meta name=\"twitter:label1\" content=\"Est. tempo de leitura\" \/>\n\t<meta name=\"twitter:data1\" content=\"3 minutos\" \/>\n<script type=\"application\/ld+json\" class=\"yoast-schema-graph\">{\"@context\":\"https:\\\/\\\/schema.org\",\"@graph\":[{\"@type\":\"WebPage\",\"@id\":\"https:\\\/\\\/www.itakaescolapios.org\\\/pt\\\/o-que-fazemos\\\/centros-socio-educativos\\\/proyecto-llum\\\/\",\"url\":\"https:\\\/\\\/www.itakaescolapios.org\\\/pt\\\/o-que-fazemos\\\/centros-socio-educativos\\\/proyecto-llum\\\/\",\"name\":\"PROYECTO LLUM - Itaka-Escolapios\",\"isPartOf\":{\"@id\":\"https:\\\/\\\/www.itakaescolapios.org\\\/es\\\/#website\"},\"primaryImageOfPage\":{\"@id\":\"https:\\\/\\\/www.itakaescolapios.org\\\/pt\\\/o-que-fazemos\\\/centros-socio-educativos\\\/proyecto-llum\\\/#primaryimage\"},\"image\":{\"@id\":\"https:\\\/\\\/www.itakaescolapios.org\\\/pt\\\/o-que-fazemos\\\/centros-socio-educativos\\\/proyecto-llum\\\/#primaryimage\"},\"thumbnailUrl\":\"https:\\\/\\\/www.itakaescolapios.org\\\/wp-content\\\/uploads\\\/2021\\\/02\\\/logo-llum.jpg\",\"datePublished\":\"2018-05-09T11:12:17+00:00\",\"dateModified\":\"2023-11-28T11:37:28+00:00\",\"breadcrumb\":{\"@id\":\"https:\\\/\\\/www.itakaescolapios.org\\\/pt\\\/o-que-fazemos\\\/centros-socio-educativos\\\/proyecto-llum\\\/#breadcrumb\"},\"inLanguage\":\"pt-BR\",\"potentialAction\":[{\"@type\":\"ReadAction\",\"target\":[\"https:\\\/\\\/www.itakaescolapios.org\\\/pt\\\/o-que-fazemos\\\/centros-socio-educativos\\\/proyecto-llum\\\/\"]}]},{\"@type\":\"ImageObject\",\"inLanguage\":\"pt-BR\",\"@id\":\"https:\\\/\\\/www.itakaescolapios.org\\\/pt\\\/o-que-fazemos\\\/centros-socio-educativos\\\/proyecto-llum\\\/#primaryimage\",\"url\":\"https:\\\/\\\/www.itakaescolapios.org\\\/wp-content\\\/uploads\\\/2021\\\/02\\\/logo-llum.jpg\",\"contentUrl\":\"https:\\\/\\\/www.itakaescolapios.org\\\/wp-content\\\/uploads\\\/2021\\\/02\\\/logo-llum.jpg\",\"width\":2000,\"height\":1042},{\"@type\":\"BreadcrumbList\",\"@id\":\"https:\\\/\\\/www.itakaescolapios.org\\\/pt\\\/o-que-fazemos\\\/centros-socio-educativos\\\/proyecto-llum\\\/#breadcrumb\",\"itemListElement\":[{\"@type\":\"ListItem\",\"position\":1,\"name\":\"Itaka-Escolapios\",\"item\":\"https:\\\/\\\/www.itakaescolapios.org\\\/es\\\/\"},{\"@type\":\"ListItem\",\"position\":2,\"name\":\"O que fazemos\",\"item\":\"https:\\\/\\\/www.itakaescolapios.org\\\/es\\\/que-hacemos\\\/\"},{\"@type\":\"ListItem\",\"position\":3,\"name\":\"Centros Socio-Educativos\",\"item\":\"https:\\\/\\\/www.itakaescolapios.org\\\/es\\\/que-hacemos\\\/centros-socio-educativos\\\/\"},{\"@type\":\"ListItem\",\"position\":4,\"name\":\"PROYECTO LLUM\"}]},{\"@type\":\"WebSite\",\"@id\":\"https:\\\/\\\/www.itakaescolapios.org\\\/pt\\\/es\\\/#website\",\"url\":\"https:\\\/\\\/www.itakaescolapios.org\\\/pt\\\/es\\\/\",\"name\":\"Itaka-Escolapios\",\"description\":\"Red de Itaka-Escolapios\",\"publisher\":{\"@id\":\"https:\\\/\\\/www.itakaescolapios.org\\\/pt\\\/es\\\/#organization\"},\"potentialAction\":[{\"@type\":\"SearchAction\",\"target\":{\"@type\":\"EntryPoint\",\"urlTemplate\":\"https:\\\/\\\/www.itakaescolapios.org\\\/pt\\\/es\\\/?s={search_term_string}\"},\"query-input\":{\"@type\":\"PropertyValueSpecification\",\"valueRequired\":true,\"valueName\":\"search_term_string\"}}],\"inLanguage\":\"pt-BR\"},{\"@type\":\"Organization\",\"@id\":\"https:\\\/\\\/www.itakaescolapios.org\\\/pt\\\/es\\\/#organization\",\"name\":\"Fundaci\u00f3 Itaka-Escolapios\",\"url\":\"https:\\\/\\\/www.itakaescolapios.org\\\/pt\\\/es\\\/\",\"logo\":{\"@type\":\"ImageObject\",\"inLanguage\":\"pt-BR\",\"@id\":\"https:\\\/\\\/www.itakaescolapios.org\\\/pt\\\/es\\\/#\\\/schema\\\/logo\\\/image\\\/\",\"url\":\"https:\\\/\\\/www.itakaescolapios.org\\\/wp-content\\\/uploads\\\/2024\\\/04\\\/Logo-itakaescolapios-peque.png\",\"contentUrl\":\"https:\\\/\\\/www.itakaescolapios.org\\\/wp-content\\\/uploads\\\/2024\\\/04\\\/Logo-itakaescolapios-peque.png\",\"width\":500,\"height\":199,\"caption\":\"Fundaci\u00f3 Itaka-Escolapios\"},\"image\":{\"@id\":\"https:\\\/\\\/www.itakaescolapios.org\\\/pt\\\/es\\\/#\\\/schema\\\/logo\\\/image\\\/\"}}]}<\/script>\n<!-- \/ Yoast SEO plugin. -->","yoast_head_json":{"title":"PROYECTO LLUM","description":"&nbsp; &nbsp; &nbsp; &nbsp; &nbsp; C\/Gran Canaria, 1 CP 46011 \u00a0\u00a0\u00a0\u00a0\u00a0Valencia Tel\u00e9fono: 696177748 Email:\u00a0lauragarciarabago@itakaescolapios.org Coordinadora: Laura Garc\u00eda R\u00e1bago &nbsp; El barrio de la Malvarrosa donde est\u00e1 ubicado el proyecto se sit\u00faa en la zona costera de la ciudad. En su origen, fue un barrio marinero, un terreno pantanoso en el que se levantaban caba\u00f1as de&hellip;","robots":{"index":"index","follow":"follow","max-snippet":"max-snippet:-1","max-image-preview":"max-image-preview:large","max-video-preview":"max-video-preview:-1"},"canonical":"&nbsp; &nbsp; &nbsp; &nbsp; &nbsp; C\/Gran Canaria, 1 CP 46011 \u00a0\u00a0\u00a0\u00a0\u00a0Valencia Tel\u00e9fono: 696177748 Email:\u00a0lauragarciarabago@itakaescolapios.org Coordinadora: Laura Garc\u00eda R\u00e1bago &nbsp; El barrio de la Malvarrosa donde est\u00e1 ubicado el proyecto se sit\u00faa en la zona costera de la ciudad. En su origen, fue un barrio marinero, un terreno pantanoso en el que se levantaban caba\u00f1as de&hellip;","og_locale":"pt_BR","og_type":"article","og_title":"PROYECTO LLUM","og_description":"&nbsp; &nbsp; &nbsp; &nbsp; &nbsp; C\/Gran Canaria, 1 CP 46011 \u00a0\u00a0\u00a0\u00a0\u00a0Valencia Tel\u00e9fono: 696177748 Email:\u00a0lauragarciarabago@itakaescolapios.org Coordinadora: Laura Garc\u00eda R\u00e1bago &nbsp; El barrio de la Malvarrosa donde est\u00e1 ubicado el proyecto se sit\u00faa en la zona costera de la ciudad. En su origen, fue un barrio marinero, un terreno pantanoso en el que se levantaban caba\u00f1as de&hellip;","og_url":"https:\/\/www.itakaescolapios.org\/pt\/o-que-fazemos\/centros-socio-educativos\/proyecto-llum\/","og_site_name":"Itaka-Escolapios","article_modified_time":"2023-11-28T11:37:28+00:00","og_image":[{"width":2000,"height":1042,"url":"https:\/\/www.itakaescolapios.org\/wp-content\/uploads\/2021\/02\/logo-llum.jpg","type":"image\/jpeg"}],"twitter_card":"summary_large_image","twitter_misc":{"Est. tempo de leitura":"3 minutos"},"schema":{"@context":"https:\/\/schema.org","@graph":[{"@type":"WebPage","@id":"https:\/\/www.itakaescolapios.org\/pt\/o-que-fazemos\/centros-socio-educativos\/proyecto-llum\/","url":"https:\/\/www.itakaescolapios.org\/pt\/o-que-fazemos\/centros-socio-educativos\/proyecto-llum\/","name":"PROYECTO LLUM - Itaka-Escolapios","isPartOf":{"@id":"https:\/\/www.itakaescolapios.org\/es\/#website"},"primaryImageOfPage":{"@id":"https:\/\/www.itakaescolapios.org\/pt\/o-que-fazemos\/centros-socio-educativos\/proyecto-llum\/#primaryimage"},"image":{"@id":"https:\/\/www.itakaescolapios.org\/pt\/o-que-fazemos\/centros-socio-educativos\/proyecto-llum\/#primaryimage"},"thumbnailUrl":"https:\/\/www.itakaescolapios.org\/wp-content\/uploads\/2021\/02\/logo-llum.jpg","datePublished":"2018-05-09T11:12:17+00:00","dateModified":"2023-11-28T11:37:28+00:00","breadcrumb":{"@id":"https:\/\/www.itakaescolapios.org\/pt\/o-que-fazemos\/centros-socio-educativos\/proyecto-llum\/#breadcrumb"},"inLanguage":"pt-BR","potentialAction":[{"@type":"ReadAction","target":["https:\/\/www.itakaescolapios.org\/pt\/o-que-fazemos\/centros-socio-educativos\/proyecto-llum\/"]}]},{"@type":"ImageObject","inLanguage":"pt-BR","@id":"https:\/\/www.itakaescolapios.org\/pt\/o-que-fazemos\/centros-socio-educativos\/proyecto-llum\/#primaryimage","url":"https:\/\/www.itakaescolapios.org\/wp-content\/uploads\/2021\/02\/logo-llum.jpg","contentUrl":"https:\/\/www.itakaescolapios.org\/wp-content\/uploads\/2021\/02\/logo-llum.jpg","width":2000,"height":1042},{"@type":"BreadcrumbList","@id":"https:\/\/www.itakaescolapios.org\/pt\/o-que-fazemos\/centros-socio-educativos\/proyecto-llum\/#breadcrumb","itemListElement":[{"@type":"ListItem","position":1,"name":"Itaka-Escolapios","item":"https:\/\/www.itakaescolapios.org\/es\/"},{"@type":"ListItem","position":2,"name":"O que fazemos","item":"https:\/\/www.itakaescolapios.org\/es\/que-hacemos\/"},{"@type":"ListItem","position":3,"name":"Centros Socio-Educativos","item":"https:\/\/www.itakaescolapios.org\/es\/que-hacemos\/centros-socio-educativos\/"},{"@type":"ListItem","position":4,"name":"PROYECTO LLUM"}]},{"@type":"WebSite","@id":"https:\/\/www.itakaescolapios.org\/pt\/es\/#website","url":"https:\/\/www.itakaescolapios.org\/pt\/es\/","name":"Itaka-Escolapios","description":"Red de Itaka-Escolapios","publisher":{"@id":"https:\/\/www.itakaescolapios.org\/pt\/es\/#organization"},"potentialAction":[{"@type":"SearchAction","target":{"@type":"EntryPoint","urlTemplate":"https:\/\/www.itakaescolapios.org\/pt\/es\/?s={search_term_string}"},"query-input":{"@type":"PropertyValueSpecification","valueRequired":true,"valueName":"search_term_string"}}],"inLanguage":"pt-BR"},{"@type":"Organization","@id":"https:\/\/www.itakaescolapios.org\/pt\/es\/#organization","name":"Fundaci\u00f3 Itaka-Escolapios","url":"https:\/\/www.itakaescolapios.org\/pt\/es\/","logo":{"@type":"ImageObject","inLanguage":"pt-BR","@id":"https:\/\/www.itakaescolapios.org\/pt\/es\/#\/schema\/logo\/image\/","url":"https:\/\/www.itakaescolapios.org\/wp-content\/uploads\/2024\/04\/Logo-itakaescolapios-peque.png","contentUrl":"https:\/\/www.itakaescolapios.org\/wp-content\/uploads\/2024\/04\/Logo-itakaescolapios-peque.png","width":500,"height":199,"caption":"Fundaci\u00f3 Itaka-Escolapios"},"image":{"@id":"https:\/\/www.itakaescolapios.org\/pt\/es\/#\/schema\/logo\/image\/"}}]}},"_links":{"self":[{"href":"https:\/\/www.itakaescolapios.org\/pt\/wp-json\/wp\/v2\/pages\/23239","targetHints":{"allow":["GET"]}}],"collection":[{"href":"https:\/\/www.itakaescolapios.org\/pt\/wp-json\/wp\/v2\/pages"}],"about":[{"href":"https:\/\/www.itakaescolapios.org\/pt\/wp-json\/wp\/v2\/types\/page"}],"author":[{"embeddable":true,"href":"https:\/\/www.itakaescolapios.org\/pt\/wp-json\/wp\/v2\/users\/4"}],"replies":[{"embeddable":true,"href":"https:\/\/www.itakaescolapios.org\/pt\/wp-json\/wp\/v2\/comments?post=23239"}],"version-history":[{"count":11,"href":"https:\/\/www.itakaescolapios.org\/pt\/wp-json\/wp\/v2\/pages\/23239\/revisions"}],"predecessor-version":[{"id":46738,"href":"https:\/\/www.itakaescolapios.org\/pt\/wp-json\/wp\/v2\/pages\/23239\/revisions\/46738"}],"up":[{"embeddable":true,"href":"https:\/\/www.itakaescolapios.org\/pt\/wp-json\/wp\/v2\/pages\/83"}],"wp:featuredmedia":[{"embeddable":true,"href":"https:\/\/www.itakaescolapios.org\/pt\/wp-json\/wp\/v2\/media\/32521"}],"wp:attachment":[{"href":"https:\/\/www.itakaescolapios.org\/pt\/wp-json\/wp\/v2\/media?parent=23239"}],"curies":[{"name":"wp","href":"https:\/\/api.w.org\/{rel}","templated":true}]}}