{"id":28979,"date":"2019-11-12T18:55:39","date_gmt":"2019-11-12T17:55:39","guid":{"rendered":"https:\/\/www.itakaescolapios.org\/?page_id=28979"},"modified":"2023-11-28T12:36:38","modified_gmt":"2023-11-28T11:36:38","slug":"no-te-quedes-con-la-primera-noticia","status":"publish","type":"page","link":"https:\/\/www.itakaescolapios.org\/pt\/no-te-quedes-con-la-primera-noticia\/","title":{"rendered":"NO TE QUEDES CON LA PRIMERA NOTICIA"},"content":{"rendered":"<p><a href=\"https:\/\/www.itakaescolapios.org\/wp-content\/uploads\/2019\/11\/QUISAP_color.jpg\"><img decoding=\"async\" class=\"size-medium wp-image-28779 alignleft\" src=\"https:\/\/www.itakaescolapios.org\/wp-content\/uploads\/2019\/11\/QUISAP_color-214x300.jpg\" alt=\"\" width=\"214\" height=\"300\" srcset=\"https:\/\/www.itakaescolapios.org\/wp-content\/uploads\/2019\/11\/QUISAP_color-214x300.jpg 214w, https:\/\/www.itakaescolapios.org\/wp-content\/uploads\/2019\/11\/QUISAP_color-768x1075.jpg 768w, https:\/\/www.itakaescolapios.org\/wp-content\/uploads\/2019\/11\/QUISAP_color-731x1024.jpg 731w, https:\/\/www.itakaescolapios.org\/wp-content\/uploads\/2019\/11\/QUISAP_color-250x350.jpg 250w, https:\/\/www.itakaescolapios.org\/wp-content\/uploads\/2019\/11\/QUISAP_color.jpg 1071w\" sizes=\"(max-width: 214px) 100vw, 214px\" \/><\/a>Los medios de comunicaci\u00f3n informan de muchas noticias que suceden a nuestro alrededor o en otros pa\u00edses; sin embargo, tambi\u00e9n dan, en muchas ocasiones, una visi\u00f3n sesgada de lo que est\u00e1 sucediendo, muchas veces debido a los formatos de informaci\u00f3n r\u00e1pida que se imponen en los medios. La imparcialidad es complicada en un medio de comunicaci\u00f3n, as\u00ed que debemos ser nosotros y nosotras, como usuarios que recibimos la informaci\u00f3n quienes vayamos m\u00e1s all\u00e1 y busquemos todos los puntos de vista de la noticia.<\/p>\n<p>La actividad que nos presenta Quisap, nos invita a investigar sobre la actualidad de los cinco pa\u00edses en los que centramos la campa\u00f1a de solidaridad este a\u00f1o (M\u00e9xico, Bolivia, Brasil, Venezuela y Rep\u00fablica Dominicana), de los que estamos recibiendo informaciones continuas, m\u00e1s o menos completas, o han sido relegados a un segundo plano. Con la informaci\u00f3n recogida nos propone hacer un peri\u00f3dico para que el resto de compa\u00f1eros y compa\u00f1eras del colegio est\u00e9n informados.<\/p>\n<p>Descarga la <span style=\"color: #993300;\"><strong><a style=\"color: #993300;\" href=\"https:\/\/www.itakaescolapios.org\/wp-content\/uploads\/2019\/11\/no-te-quedes-con-la-primera-noticia.pdf\" target=\"_blank\" rel=\"noopener noreferrer\">FICHA NO TE QUEDES CON LA PRIMERA NOTICIA<\/a><\/strong><\/span><\/p>\n<p>Descarga la <a href=\"https:\/\/www.itakaescolapios.org\/wp-content\/uploads\/2019\/11\/plantilla-peri\u00f3dico.docx\" target=\"_blank\" rel=\"noopener noreferrer\"><strong><span style=\"color: #993300;\">MAQUETA DEL PERI\u00d3DICO<\/span><\/strong><\/a><\/p>\n","protected":false},"excerpt":{"rendered":"<p>Los medios de comunicaci\u00f3n informan de muchas noticias que suceden a nuestro alrededor o en otros pa\u00edses; sin embargo, tambi\u00e9n dan, en muchas ocasiones, una visi\u00f3n sesgada de lo que [&hellip;]<\/p>\n","protected":false},"author":46,"featured_media":0,"parent":0,"menu_order":0,"comment_status":"closed","ping_status":"closed","template":"","meta":{"_et_pb_use_builder":"","_et_pb_old_content":"","_et_gb_content_width":"","footnotes":""},"class_list":["post-28979","page","type-page","status-publish","hentry"],"yoast_head":"<!-- This site is optimized with the Yoast SEO plugin v27.3 - https:\/\/yoast.com\/product\/yoast-seo-wordpress\/ -->\n<title>NO TE QUEDES CON LA PRIMERA NOTICIA<\/title>\n<meta name=\"description\" content=\"Los medios de comunicaci\u00f3n informan de muchas noticias que suceden a nuestro alrededor o en otros pa\u00edses; sin embargo, tambi\u00e9n dan, en muchas ocasiones, una visi\u00f3n sesgada de lo que est\u00e1 sucediendo, muchas veces debido a los formatos de informaci\u00f3n r\u00e1pida que se imponen en los medios. La imparcialidad es complicada en un medio de&hellip;\" \/>\n<meta name=\"robots\" content=\"index, follow, max-snippet:-1, max-image-preview:large, max-video-preview:-1\" \/>\n<link rel=\"canonical\" href=\"http:\/\/Los%20medios%20de%20comunicaci\u00f3n%20informan%20de%20muchas%20noticias%20que%20suceden%20a%20nuestro%20alrededor%20o%20en%20otros%20pa\u00edses;%20sin%20embargo,%20tambi\u00e9n%20dan,%20en%20muchas%20ocasiones,%20una%20visi\u00f3n%20sesgada%20de%20lo%20que%20est\u00e1%20sucediendo,%20muchas%20veces%20debido%20a%20los%20formatos%20de%20informaci\u00f3n%20r\u00e1pida%20que%20se%20imponen%20en%20los%20medios.%20La%20imparcialidad%20es%20complicada%20en%20un%20medio%20de&hellip;\" \/>\n<meta property=\"og:locale\" content=\"pt_BR\" \/>\n<meta property=\"og:type\" content=\"article\" \/>\n<meta property=\"og:title\" content=\"NO TE QUEDES CON LA PRIMERA NOTICIA\" \/>\n<meta property=\"og:description\" content=\"Los medios de comunicaci\u00f3n informan de muchas noticias que suceden a nuestro alrededor o en otros pa\u00edses; sin embargo, tambi\u00e9n dan, en muchas ocasiones, una visi\u00f3n sesgada de lo que est\u00e1 sucediendo, muchas veces debido a los formatos de informaci\u00f3n r\u00e1pida que se imponen en los medios. La imparcialidad es complicada en un medio de&hellip;\" \/>\n<meta property=\"og:url\" content=\"https:\/\/www.itakaescolapios.org\/pt\/no-te-quedes-con-la-primera-noticia\/\" \/>\n<meta property=\"og:site_name\" content=\"Itaka-Escolapios\" \/>\n<meta property=\"article:modified_time\" content=\"2023-11-28T11:36:38+00:00\" \/>\n<meta property=\"og:image\" content=\"https:\/\/www.itakaescolapios.org\/wp-content\/uploads\/2019\/11\/QUISAP_color.jpg\" \/>\n\t<meta property=\"og:image:width\" content=\"1071\" \/>\n\t<meta property=\"og:image:height\" content=\"1500\" \/>\n\t<meta property=\"og:image:type\" content=\"image\/jpeg\" \/>\n<meta name=\"twitter:card\" content=\"summary_large_image\" \/>\n<meta name=\"twitter:label1\" content=\"Est. tempo de leitura\" \/>\n\t<meta name=\"twitter:data1\" content=\"1 minuto\" \/>\n<script type=\"application\/ld+json\" class=\"yoast-schema-graph\">{\"@context\":\"https:\\\/\\\/schema.org\",\"@graph\":[{\"@type\":\"WebPage\",\"@id\":\"https:\\\/\\\/www.itakaescolapios.org\\\/pt\\\/no-te-quedes-con-la-primera-noticia\\\/\",\"url\":\"https:\\\/\\\/www.itakaescolapios.org\\\/pt\\\/no-te-quedes-con-la-primera-noticia\\\/\",\"name\":\"NO TE QUEDES CON LA PRIMERA NOTICIA - Itaka-Escolapios\",\"isPartOf\":{\"@id\":\"https:\\\/\\\/www.itakaescolapios.org\\\/es\\\/#website\"},\"primaryImageOfPage\":{\"@id\":\"https:\\\/\\\/www.itakaescolapios.org\\\/pt\\\/no-te-quedes-con-la-primera-noticia\\\/#primaryimage\"},\"image\":{\"@id\":\"https:\\\/\\\/www.itakaescolapios.org\\\/pt\\\/no-te-quedes-con-la-primera-noticia\\\/#primaryimage\"},\"thumbnailUrl\":\"https:\\\/\\\/www.itakaescolapios.org\\\/wp-content\\\/uploads\\\/2019\\\/11\\\/QUISAP_color-214x300.jpg\",\"datePublished\":\"2019-11-12T17:55:39+00:00\",\"dateModified\":\"2023-11-28T11:36:38+00:00\",\"breadcrumb\":{\"@id\":\"https:\\\/\\\/www.itakaescolapios.org\\\/pt\\\/no-te-quedes-con-la-primera-noticia\\\/#breadcrumb\"},\"inLanguage\":\"pt-BR\",\"potentialAction\":[{\"@type\":\"ReadAction\",\"target\":[\"https:\\\/\\\/www.itakaescolapios.org\\\/pt\\\/no-te-quedes-con-la-primera-noticia\\\/\"]}]},{\"@type\":\"ImageObject\",\"inLanguage\":\"pt-BR\",\"@id\":\"https:\\\/\\\/www.itakaescolapios.org\\\/pt\\\/no-te-quedes-con-la-primera-noticia\\\/#primaryimage\",\"url\":\"https:\\\/\\\/www.itakaescolapios.org\\\/wp-content\\\/uploads\\\/2019\\\/11\\\/QUISAP_color-214x300.jpg\",\"contentUrl\":\"https:\\\/\\\/www.itakaescolapios.org\\\/wp-content\\\/uploads\\\/2019\\\/11\\\/QUISAP_color-214x300.jpg\"},{\"@type\":\"BreadcrumbList\",\"@id\":\"https:\\\/\\\/www.itakaescolapios.org\\\/pt\\\/no-te-quedes-con-la-primera-noticia\\\/#breadcrumb\",\"itemListElement\":[{\"@type\":\"ListItem\",\"position\":1,\"name\":\"Itaka-Escolapios\",\"item\":\"https:\\\/\\\/www.itakaescolapios.org\\\/es\\\/\"},{\"@type\":\"ListItem\",\"position\":2,\"name\":\"NO TE QUEDES CON LA PRIMERA NOTICIA\"}]},{\"@type\":\"WebSite\",\"@id\":\"https:\\\/\\\/www.itakaescolapios.org\\\/pt\\\/es\\\/#website\",\"url\":\"https:\\\/\\\/www.itakaescolapios.org\\\/pt\\\/es\\\/\",\"name\":\"Itaka-Escolapios\",\"description\":\"Red de Itaka-Escolapios\",\"publisher\":{\"@id\":\"https:\\\/\\\/www.itakaescolapios.org\\\/pt\\\/es\\\/#organization\"},\"potentialAction\":[{\"@type\":\"SearchAction\",\"target\":{\"@type\":\"EntryPoint\",\"urlTemplate\":\"https:\\\/\\\/www.itakaescolapios.org\\\/pt\\\/es\\\/?s={search_term_string}\"},\"query-input\":{\"@type\":\"PropertyValueSpecification\",\"valueRequired\":true,\"valueName\":\"search_term_string\"}}],\"inLanguage\":\"pt-BR\"},{\"@type\":\"Organization\",\"@id\":\"https:\\\/\\\/www.itakaescolapios.org\\\/pt\\\/es\\\/#organization\",\"name\":\"Fundaci\u00f3 Itaka-Escolapios\",\"url\":\"https:\\\/\\\/www.itakaescolapios.org\\\/pt\\\/es\\\/\",\"logo\":{\"@type\":\"ImageObject\",\"inLanguage\":\"pt-BR\",\"@id\":\"https:\\\/\\\/www.itakaescolapios.org\\\/pt\\\/es\\\/#\\\/schema\\\/logo\\\/image\\\/\",\"url\":\"https:\\\/\\\/www.itakaescolapios.org\\\/wp-content\\\/uploads\\\/2024\\\/04\\\/Logo-itakaescolapios-peque.png\",\"contentUrl\":\"https:\\\/\\\/www.itakaescolapios.org\\\/wp-content\\\/uploads\\\/2024\\\/04\\\/Logo-itakaescolapios-peque.png\",\"width\":500,\"height\":199,\"caption\":\"Fundaci\u00f3 Itaka-Escolapios\"},\"image\":{\"@id\":\"https:\\\/\\\/www.itakaescolapios.org\\\/pt\\\/es\\\/#\\\/schema\\\/logo\\\/image\\\/\"}}]}<\/script>\n<!-- \/ Yoast SEO plugin. -->","yoast_head_json":{"title":"NO TE QUEDES CON LA PRIMERA NOTICIA","description":"Los medios de comunicaci\u00f3n informan de muchas noticias que suceden a nuestro alrededor o en otros pa\u00edses; sin embargo, tambi\u00e9n dan, en muchas ocasiones, una visi\u00f3n sesgada de lo que est\u00e1 sucediendo, muchas veces debido a los formatos de informaci\u00f3n r\u00e1pida que se imponen en los medios. La imparcialidad es complicada en un medio de&hellip;","robots":{"index":"index","follow":"follow","max-snippet":"max-snippet:-1","max-image-preview":"max-image-preview:large","max-video-preview":"max-video-preview:-1"},"canonical":"Los medios de comunicaci\u00f3n informan de muchas noticias que suceden a nuestro alrededor o en otros pa\u00edses; sin embargo, tambi\u00e9n dan, en muchas ocasiones, una visi\u00f3n sesgada de lo que est\u00e1 sucediendo, muchas veces debido a los formatos de informaci\u00f3n r\u00e1pida que se imponen en los medios. La imparcialidad es complicada en un medio de&hellip;","og_locale":"pt_BR","og_type":"article","og_title":"NO TE QUEDES CON LA PRIMERA NOTICIA","og_description":"Los medios de comunicaci\u00f3n informan de muchas noticias que suceden a nuestro alrededor o en otros pa\u00edses; sin embargo, tambi\u00e9n dan, en muchas ocasiones, una visi\u00f3n sesgada de lo que est\u00e1 sucediendo, muchas veces debido a los formatos de informaci\u00f3n r\u00e1pida que se imponen en los medios. La imparcialidad es complicada en un medio de&hellip;","og_url":"https:\/\/www.itakaescolapios.org\/pt\/no-te-quedes-con-la-primera-noticia\/","og_site_name":"Itaka-Escolapios","article_modified_time":"2023-11-28T11:36:38+00:00","og_image":[{"width":1071,"height":1500,"url":"https:\/\/www.itakaescolapios.org\/wp-content\/uploads\/2019\/11\/QUISAP_color.jpg","type":"image\/jpeg"}],"twitter_card":"summary_large_image","twitter_misc":{"Est. tempo de leitura":"1 minuto"},"schema":{"@context":"https:\/\/schema.org","@graph":[{"@type":"WebPage","@id":"https:\/\/www.itakaescolapios.org\/pt\/no-te-quedes-con-la-primera-noticia\/","url":"https:\/\/www.itakaescolapios.org\/pt\/no-te-quedes-con-la-primera-noticia\/","name":"NO TE QUEDES CON LA PRIMERA NOTICIA - Itaka-Escolapios","isPartOf":{"@id":"https:\/\/www.itakaescolapios.org\/es\/#website"},"primaryImageOfPage":{"@id":"https:\/\/www.itakaescolapios.org\/pt\/no-te-quedes-con-la-primera-noticia\/#primaryimage"},"image":{"@id":"https:\/\/www.itakaescolapios.org\/pt\/no-te-quedes-con-la-primera-noticia\/#primaryimage"},"thumbnailUrl":"https:\/\/www.itakaescolapios.org\/wp-content\/uploads\/2019\/11\/QUISAP_color-214x300.jpg","datePublished":"2019-11-12T17:55:39+00:00","dateModified":"2023-11-28T11:36:38+00:00","breadcrumb":{"@id":"https:\/\/www.itakaescolapios.org\/pt\/no-te-quedes-con-la-primera-noticia\/#breadcrumb"},"inLanguage":"pt-BR","potentialAction":[{"@type":"ReadAction","target":["https:\/\/www.itakaescolapios.org\/pt\/no-te-quedes-con-la-primera-noticia\/"]}]},{"@type":"ImageObject","inLanguage":"pt-BR","@id":"https:\/\/www.itakaescolapios.org\/pt\/no-te-quedes-con-la-primera-noticia\/#primaryimage","url":"https:\/\/www.itakaescolapios.org\/wp-content\/uploads\/2019\/11\/QUISAP_color-214x300.jpg","contentUrl":"https:\/\/www.itakaescolapios.org\/wp-content\/uploads\/2019\/11\/QUISAP_color-214x300.jpg"},{"@type":"BreadcrumbList","@id":"https:\/\/www.itakaescolapios.org\/pt\/no-te-quedes-con-la-primera-noticia\/#breadcrumb","itemListElement":[{"@type":"ListItem","position":1,"name":"Itaka-Escolapios","item":"https:\/\/www.itakaescolapios.org\/es\/"},{"@type":"ListItem","position":2,"name":"NO TE QUEDES CON LA PRIMERA NOTICIA"}]},{"@type":"WebSite","@id":"https:\/\/www.itakaescolapios.org\/pt\/es\/#website","url":"https:\/\/www.itakaescolapios.org\/pt\/es\/","name":"Itaka-Escolapios","description":"Red de Itaka-Escolapios","publisher":{"@id":"https:\/\/www.itakaescolapios.org\/pt\/es\/#organization"},"potentialAction":[{"@type":"SearchAction","target":{"@type":"EntryPoint","urlTemplate":"https:\/\/www.itakaescolapios.org\/pt\/es\/?s={search_term_string}"},"query-input":{"@type":"PropertyValueSpecification","valueRequired":true,"valueName":"search_term_string"}}],"inLanguage":"pt-BR"},{"@type":"Organization","@id":"https:\/\/www.itakaescolapios.org\/pt\/es\/#organization","name":"Fundaci\u00f3 Itaka-Escolapios","url":"https:\/\/www.itakaescolapios.org\/pt\/es\/","logo":{"@type":"ImageObject","inLanguage":"pt-BR","@id":"https:\/\/www.itakaescolapios.org\/pt\/es\/#\/schema\/logo\/image\/","url":"https:\/\/www.itakaescolapios.org\/wp-content\/uploads\/2024\/04\/Logo-itakaescolapios-peque.png","contentUrl":"https:\/\/www.itakaescolapios.org\/wp-content\/uploads\/2024\/04\/Logo-itakaescolapios-peque.png","width":500,"height":199,"caption":"Fundaci\u00f3 Itaka-Escolapios"},"image":{"@id":"https:\/\/www.itakaescolapios.org\/pt\/es\/#\/schema\/logo\/image\/"}}]}},"_links":{"self":[{"href":"https:\/\/www.itakaescolapios.org\/pt\/wp-json\/wp\/v2\/pages\/28979","targetHints":{"allow":["GET"]}}],"collection":[{"href":"https:\/\/www.itakaescolapios.org\/pt\/wp-json\/wp\/v2\/pages"}],"about":[{"href":"https:\/\/www.itakaescolapios.org\/pt\/wp-json\/wp\/v2\/types\/page"}],"author":[{"embeddable":true,"href":"https:\/\/www.itakaescolapios.org\/pt\/wp-json\/wp\/v2\/users\/46"}],"replies":[{"embeddable":true,"href":"https:\/\/www.itakaescolapios.org\/pt\/wp-json\/wp\/v2\/comments?post=28979"}],"version-history":[{"count":9,"href":"https:\/\/www.itakaescolapios.org\/pt\/wp-json\/wp\/v2\/pages\/28979\/revisions"}],"predecessor-version":[{"id":45328,"href":"https:\/\/www.itakaescolapios.org\/pt\/wp-json\/wp\/v2\/pages\/28979\/revisions\/45328"}],"wp:attachment":[{"href":"https:\/\/www.itakaescolapios.org\/pt\/wp-json\/wp\/v2\/media?parent=28979"}],"curies":[{"name":"wp","href":"https:\/\/api.w.org\/{rel}","templated":true}]}}