{"id":30676,"date":"2020-05-13T14:38:10","date_gmt":"2020-05-13T13:38:10","guid":{"rendered":"https:\/\/www.itakaescolapios.org\/?page_id=30676"},"modified":"2023-11-28T12:36:20","modified_gmt":"2023-11-28T11:36:20","slug":"dona-y-ayuda-a-compartir-mucha-vida","status":"publish","type":"page","link":"https:\/\/www.itakaescolapios.org\/pt\/campanas\/2019-2020-compartiendo-mucha-vida-juventuditakaescolapios\/dona-y-ayuda-a-compartir-mucha-vida\/","title":{"rendered":"DONA Y AYUDA A COMPARTIR MUCHA VIDA"},"content":{"rendered":"<p><span style=\"color: #000000;\">Desde la red Itaka-Escolapios te invitamos a participar econ\u00f3micamente en la Campa\u00f1a de Solidaridad &#8220;<strong>COMPARTIENDO MUCHA VIDA #juventuditakaescolapios&#8221;<\/strong>. Con tu ayuda puedes contribuir en\u00a0la misi\u00f3n que compartimos con los escolapios en el continente americano, donde la red es responsable de sostener con el protagonismo juvenil numerosas iniciativas que est\u00e1n ofreciendo un presente y un futuro mejor para j\u00f3venes en situaci\u00f3n de pobreza y vulnerabilidad.<\/span><\/p>\n<p><span style=\"color: #808000;\"><strong>HAZ UN DONATIVO, <\/strong><span style=\"color: #000000;\">e<\/span><span style=\"color: #000000;\">lige aquella manera que te resulte m\u00e1s c\u00f3moda para participar en la campa\u00f1a<\/span><\/span><\/p>\n<table>\n<tbody>\n<tr>\n<td style=\"text-align: center;\" width=\"132\"><strong>TARJETA\u00a0<\/strong><\/td>\n<td style=\"text-align: center;\" width=\"123\"><strong>BIZUM<\/strong><\/td>\n<td style=\"text-align: center;\" width=\"123\"><strong>TRANSFERENCIA\u00a0<\/strong><\/td>\n<\/tr>\n<tr>\n<td width=\"132\"><a href=\"https:\/\/www.itakaescolapios.org\/30709-2\/\" target=\"_blank\" rel=\"noopener noreferrer\"><img decoding=\"async\" class=\"size-full wp-image-30677 aligncenter\" src=\"https:\/\/www.itakaescolapios.org\/wp-content\/uploads\/2020\/05\/TARJETA.png\" alt=\"\" width=\"122\" height=\"123\" srcset=\"https:\/\/www.itakaescolapios.org\/wp-content\/uploads\/2020\/05\/TARJETA.png 122w, https:\/\/www.itakaescolapios.org\/wp-content\/uploads\/2020\/05\/TARJETA-90x90.png 90w\" sizes=\"(max-width: 122px) 100vw, 122px\" \/><\/a><\/td>\n<td width=\"123\"><a href=\"https:\/\/www.itakaescolapios.org\/donativo-bizum-campana\/\" target=\"_blank\" rel=\"noopener noreferrer\"><img decoding=\"async\" class=\" wp-image-30679 aligncenter\" src=\"https:\/\/www.itakaescolapios.org\/wp-content\/uploads\/2020\/05\/BIZUM-1.png\" alt=\"\" width=\"98\" height=\"114\" \/><\/a><\/td>\n<td width=\"123\"><a href=\"https:\/\/www.itakaescolapios.org\/donacion-mediante-transferencia-bancaria\/\" target=\"_blank\" rel=\"noopener noreferrer\"><img decoding=\"async\" class=\"wp-image-30692 aligncenter\" src=\"https:\/\/www.itakaescolapios.org\/wp-content\/uploads\/2020\/05\/TRANSFER-90x90.png\" alt=\"\" width=\"99\" height=\"99\" \/><\/a><\/td>\n<\/tr>\n<\/tbody>\n<\/table>\n<p>&nbsp;<\/p>\n<p><strong><span style=\"color: #808000;\">INCENTIVOS FISCALES<\/span><\/strong><\/p>\n<p><em>La Fundaci\u00f3n Itaka-Escolapios se encuentra incluida entre las entidades reguladas en:<\/em><\/p>\n<ul>\n<li><em>el art\u00edculo 16 de la Ley 49\/2002, de 23 de diciembre, de r\u00e9gimen fiscal de las entidades<\/em>\u00a0<em>sin fines lucrativos y de los incentivos fiscales al mecenazgo<\/em><\/li>\n<li><em>el art\u00edculo 4 de la Norma Foral 4\/2019, de 20 de marzo, de R\u00e9gimen Fiscal de las<\/em>\u00a0<em>Entidades sin fines lucrativos y de los Incentivos Fiscales al Mecenazgo del Territorio<\/em>\u00a0<em>Hist\u00f3rico de\u00a0<strong>Bizkaia<\/strong>.<\/em><\/li>\n<li><em>el art\u00edculo 4 de la Norma Foral 3\/2004, de 7 de abril, de r\u00e9gimen fiscal de las entidades<\/em>\u00a0<em>sin fines lucrativos y de los incentivos fiscales al mecenazgo del Territorio Hist\u00f3rico<\/em>\u00a0<em>de\u00a0<strong>Gipuzkoa<\/strong>.<\/em><\/li>\n<li><em>la disposici\u00f3n Adicional D\u00e9cima de la Ley Foral 10\/1996, de 2 de julio, reguladora del r\u00e9gimen tributario de las fundaciones y de las actividades de patrocinio de\u00a0<strong>Navarra<\/strong>.<\/em><\/li>\n<\/ul>\n<p>&nbsp;<\/p>\n","protected":false},"excerpt":{"rendered":"<p>Desde la red Itaka-Escolapios te invitamos a participar econ\u00f3micamente en la Campa\u00f1a de Solidaridad &#8220;COMPARTIENDO MUCHA VIDA #juventuditakaescolapios&#8221;. Con tu ayuda puedes contribuir en\u00a0la misi\u00f3n que compartimos con los escolapios [&hellip;]<\/p>\n","protected":false},"author":46,"featured_media":0,"parent":28602,"menu_order":0,"comment_status":"closed","ping_status":"closed","template":"","meta":{"_et_pb_use_builder":"","_et_pb_old_content":"","_et_gb_content_width":"","footnotes":""},"class_list":["post-30676","page","type-page","status-publish","hentry"],"yoast_head":"<!-- This site is optimized with the Yoast SEO plugin v27.4 - https:\/\/yoast.com\/product\/yoast-seo-wordpress\/ -->\n<title>DONA Y AYUDA A COMPARTIR MUCHA VIDA<\/title>\n<meta name=\"description\" content=\"Desde la red Itaka-Escolapios te invitamos a participar econ\u00f3micamente en la Campa\u00f1a de Solidaridad &quot;COMPARTIENDO MUCHA VIDA #juventuditakaescolapios&quot;. Con tu ayuda puedes contribuir en\u00a0la misi\u00f3n que compartimos con los escolapios en el continente americano, donde la red es responsable de sostener con el protagonismo juvenil numerosas iniciativas que est\u00e1n ofreciendo un presente y un futuro&hellip;\" \/>\n<meta name=\"robots\" content=\"index, follow, max-snippet:-1, max-image-preview:large, max-video-preview:-1\" \/>\n<link rel=\"canonical\" href=\"http:\/\/Desde%20la%20red%20Itaka-Escolapios%20te%20invitamos%20a%20participar%20econ\u00f3micamente%20en%20la%20Campa\u00f1a%20de%20Solidaridad%20COMPARTIENDO%20MUCHA%20VIDA%20#juventuditakaescolapios.%20Con%20tu%20ayuda%20puedes%20contribuir%20en\u00a0la%20misi\u00f3n%20que%20compartimos%20con%20los%20escolapios%20en%20el%20continente%20americano,%20donde%20la%20red%20es%20responsable%20de%20sostener%20con%20el%20protagonismo%20juvenil%20numerosas%20iniciativas%20que%20est\u00e1n%20ofreciendo%20un%20presente%20y%20un%20futuro&hellip;\" \/>\n<meta property=\"og:locale\" content=\"pt_BR\" \/>\n<meta property=\"og:type\" content=\"article\" \/>\n<meta property=\"og:title\" content=\"DONA Y AYUDA A COMPARTIR MUCHA VIDA\" \/>\n<meta property=\"og:description\" content=\"Desde la red Itaka-Escolapios te invitamos a participar econ\u00f3micamente en la Campa\u00f1a de Solidaridad &quot;COMPARTIENDO MUCHA VIDA #juventuditakaescolapios&quot;. Con tu ayuda puedes contribuir en\u00a0la misi\u00f3n que compartimos con los escolapios en el continente americano, donde la red es responsable de sostener con el protagonismo juvenil numerosas iniciativas que est\u00e1n ofreciendo un presente y un futuro&hellip;\" \/>\n<meta property=\"og:url\" content=\"https:\/\/www.itakaescolapios.org\/pt\/campanas\/2019-2020-compartiendo-mucha-vida-juventuditakaescolapios\/dona-y-ayuda-a-compartir-mucha-vida\/\" \/>\n<meta property=\"og:site_name\" content=\"Itaka-Escolapios\" \/>\n<meta property=\"article:modified_time\" content=\"2023-11-28T11:36:20+00:00\" \/>\n<meta property=\"og:image\" content=\"https:\/\/www.itakaescolapios.org\/wp-content\/uploads\/2020\/05\/TARJETA.png\" \/>\n\t<meta property=\"og:image:width\" content=\"122\" \/>\n\t<meta property=\"og:image:height\" content=\"123\" \/>\n\t<meta property=\"og:image:type\" content=\"image\/png\" \/>\n<meta name=\"twitter:card\" content=\"summary_large_image\" \/>\n<meta name=\"twitter:label1\" content=\"Est. tempo de leitura\" \/>\n\t<meta name=\"twitter:data1\" content=\"1 minuto\" \/>\n<script type=\"application\/ld+json\" class=\"yoast-schema-graph\">{\"@context\":\"https:\\\/\\\/schema.org\",\"@graph\":[{\"@type\":\"WebPage\",\"@id\":\"https:\\\/\\\/www.itakaescolapios.org\\\/pt\\\/campanas\\\/2019-2020-compartiendo-mucha-vida-juventuditakaescolapios\\\/dona-y-ayuda-a-compartir-mucha-vida\\\/\",\"url\":\"https:\\\/\\\/www.itakaescolapios.org\\\/pt\\\/campanas\\\/2019-2020-compartiendo-mucha-vida-juventuditakaescolapios\\\/dona-y-ayuda-a-compartir-mucha-vida\\\/\",\"name\":\"DONA Y AYUDA A COMPARTIR MUCHA VIDA - Itaka-Escolapios\",\"isPartOf\":{\"@id\":\"https:\\\/\\\/www.itakaescolapios.org\\\/es\\\/#website\"},\"primaryImageOfPage\":{\"@id\":\"https:\\\/\\\/www.itakaescolapios.org\\\/pt\\\/campanas\\\/2019-2020-compartiendo-mucha-vida-juventuditakaescolapios\\\/dona-y-ayuda-a-compartir-mucha-vida\\\/#primaryimage\"},\"image\":{\"@id\":\"https:\\\/\\\/www.itakaescolapios.org\\\/pt\\\/campanas\\\/2019-2020-compartiendo-mucha-vida-juventuditakaescolapios\\\/dona-y-ayuda-a-compartir-mucha-vida\\\/#primaryimage\"},\"thumbnailUrl\":\"https:\\\/\\\/www.itakaescolapios.org\\\/wp-content\\\/uploads\\\/2020\\\/05\\\/TARJETA.png\",\"datePublished\":\"2020-05-13T13:38:10+00:00\",\"dateModified\":\"2023-11-28T11:36:20+00:00\",\"breadcrumb\":{\"@id\":\"https:\\\/\\\/www.itakaescolapios.org\\\/pt\\\/campanas\\\/2019-2020-compartiendo-mucha-vida-juventuditakaescolapios\\\/dona-y-ayuda-a-compartir-mucha-vida\\\/#breadcrumb\"},\"inLanguage\":\"pt-BR\",\"potentialAction\":[{\"@type\":\"ReadAction\",\"target\":[\"https:\\\/\\\/www.itakaescolapios.org\\\/pt\\\/campanas\\\/2019-2020-compartiendo-mucha-vida-juventuditakaescolapios\\\/dona-y-ayuda-a-compartir-mucha-vida\\\/\"]}]},{\"@type\":\"ImageObject\",\"inLanguage\":\"pt-BR\",\"@id\":\"https:\\\/\\\/www.itakaescolapios.org\\\/pt\\\/campanas\\\/2019-2020-compartiendo-mucha-vida-juventuditakaescolapios\\\/dona-y-ayuda-a-compartir-mucha-vida\\\/#primaryimage\",\"url\":\"https:\\\/\\\/www.itakaescolapios.org\\\/wp-content\\\/uploads\\\/2020\\\/05\\\/TARJETA.png\",\"contentUrl\":\"https:\\\/\\\/www.itakaescolapios.org\\\/wp-content\\\/uploads\\\/2020\\\/05\\\/TARJETA.png\"},{\"@type\":\"BreadcrumbList\",\"@id\":\"https:\\\/\\\/www.itakaescolapios.org\\\/pt\\\/campanas\\\/2019-2020-compartiendo-mucha-vida-juventuditakaescolapios\\\/dona-y-ayuda-a-compartir-mucha-vida\\\/#breadcrumb\",\"itemListElement\":[{\"@type\":\"ListItem\",\"position\":1,\"name\":\"Itaka-Escolapios\",\"item\":\"https:\\\/\\\/www.itakaescolapios.org\\\/es\\\/\"},{\"@type\":\"ListItem\",\"position\":2,\"name\":\"Campa\u00f1as\",\"item\":\"https:\\\/\\\/www.itakaescolapios.org\\\/es\\\/campanas\\\/\"},{\"@type\":\"ListItem\",\"position\":3,\"name\":\"2019-2020 COMPARTIENDO MUCHA VIDA #juventuditakaescolapios\",\"item\":\"https:\\\/\\\/www.itakaescolapios.org\\\/es\\\/campanas\\\/2019-2020-compartiendo-mucha-vida-juventuditakaescolapios\\\/\"},{\"@type\":\"ListItem\",\"position\":4,\"name\":\"DONA Y AYUDA A COMPARTIR MUCHA VIDA\"}]},{\"@type\":\"WebSite\",\"@id\":\"https:\\\/\\\/www.itakaescolapios.org\\\/pt\\\/es\\\/#website\",\"url\":\"https:\\\/\\\/www.itakaescolapios.org\\\/pt\\\/es\\\/\",\"name\":\"Itaka-Escolapios\",\"description\":\"Red de Itaka-Escolapios\",\"publisher\":{\"@id\":\"https:\\\/\\\/www.itakaescolapios.org\\\/pt\\\/es\\\/#organization\"},\"potentialAction\":[{\"@type\":\"SearchAction\",\"target\":{\"@type\":\"EntryPoint\",\"urlTemplate\":\"https:\\\/\\\/www.itakaescolapios.org\\\/pt\\\/es\\\/?s={search_term_string}\"},\"query-input\":{\"@type\":\"PropertyValueSpecification\",\"valueRequired\":true,\"valueName\":\"search_term_string\"}}],\"inLanguage\":\"pt-BR\"},{\"@type\":\"Organization\",\"@id\":\"https:\\\/\\\/www.itakaescolapios.org\\\/pt\\\/es\\\/#organization\",\"name\":\"Fundaci\u00f3 Itaka-Escolapios\",\"url\":\"https:\\\/\\\/www.itakaescolapios.org\\\/pt\\\/es\\\/\",\"logo\":{\"@type\":\"ImageObject\",\"inLanguage\":\"pt-BR\",\"@id\":\"https:\\\/\\\/www.itakaescolapios.org\\\/pt\\\/es\\\/#\\\/schema\\\/logo\\\/image\\\/\",\"url\":\"https:\\\/\\\/www.itakaescolapios.org\\\/wp-content\\\/uploads\\\/2024\\\/04\\\/Logo-itakaescolapios-peque.png\",\"contentUrl\":\"https:\\\/\\\/www.itakaescolapios.org\\\/wp-content\\\/uploads\\\/2024\\\/04\\\/Logo-itakaescolapios-peque.png\",\"width\":500,\"height\":199,\"caption\":\"Fundaci\u00f3 Itaka-Escolapios\"},\"image\":{\"@id\":\"https:\\\/\\\/www.itakaescolapios.org\\\/pt\\\/es\\\/#\\\/schema\\\/logo\\\/image\\\/\"}}]}<\/script>\n<!-- \/ Yoast SEO plugin. -->","yoast_head_json":{"title":"DONA Y AYUDA A COMPARTIR MUCHA VIDA","description":"Desde la red Itaka-Escolapios te invitamos a participar econ\u00f3micamente en la Campa\u00f1a de Solidaridad \"COMPARTIENDO MUCHA VIDA #juventuditakaescolapios\". Con tu ayuda puedes contribuir en\u00a0la misi\u00f3n que compartimos con los escolapios en el continente americano, donde la red es responsable de sostener con el protagonismo juvenil numerosas iniciativas que est\u00e1n ofreciendo un presente y un futuro&hellip;","robots":{"index":"index","follow":"follow","max-snippet":"max-snippet:-1","max-image-preview":"max-image-preview:large","max-video-preview":"max-video-preview:-1"},"canonical":"Desde la red Itaka-Escolapios te invitamos a participar econ\u00f3micamente en la Campa\u00f1a de Solidaridad \"COMPARTIENDO MUCHA VIDA #juventuditakaescolapios\". Con tu ayuda puedes contribuir en\u00a0la misi\u00f3n que compartimos con los escolapios en el continente americano, donde la red es responsable de sostener con el protagonismo juvenil numerosas iniciativas que est\u00e1n ofreciendo un presente y un futuro&hellip;","og_locale":"pt_BR","og_type":"article","og_title":"DONA Y AYUDA A COMPARTIR MUCHA VIDA","og_description":"Desde la red Itaka-Escolapios te invitamos a participar econ\u00f3micamente en la Campa\u00f1a de Solidaridad \"COMPARTIENDO MUCHA VIDA #juventuditakaescolapios\". Con tu ayuda puedes contribuir en\u00a0la misi\u00f3n que compartimos con los escolapios en el continente americano, donde la red es responsable de sostener con el protagonismo juvenil numerosas iniciativas que est\u00e1n ofreciendo un presente y un futuro&hellip;","og_url":"https:\/\/www.itakaescolapios.org\/pt\/campanas\/2019-2020-compartiendo-mucha-vida-juventuditakaescolapios\/dona-y-ayuda-a-compartir-mucha-vida\/","og_site_name":"Itaka-Escolapios","article_modified_time":"2023-11-28T11:36:20+00:00","og_image":[{"width":122,"height":123,"url":"https:\/\/www.itakaescolapios.org\/wp-content\/uploads\/2020\/05\/TARJETA.png","type":"image\/png"}],"twitter_card":"summary_large_image","twitter_misc":{"Est. tempo de leitura":"1 minuto"},"schema":{"@context":"https:\/\/schema.org","@graph":[{"@type":"WebPage","@id":"https:\/\/www.itakaescolapios.org\/pt\/campanas\/2019-2020-compartiendo-mucha-vida-juventuditakaescolapios\/dona-y-ayuda-a-compartir-mucha-vida\/","url":"https:\/\/www.itakaescolapios.org\/pt\/campanas\/2019-2020-compartiendo-mucha-vida-juventuditakaescolapios\/dona-y-ayuda-a-compartir-mucha-vida\/","name":"DONA Y AYUDA A COMPARTIR MUCHA VIDA - Itaka-Escolapios","isPartOf":{"@id":"https:\/\/www.itakaescolapios.org\/es\/#website"},"primaryImageOfPage":{"@id":"https:\/\/www.itakaescolapios.org\/pt\/campanas\/2019-2020-compartiendo-mucha-vida-juventuditakaescolapios\/dona-y-ayuda-a-compartir-mucha-vida\/#primaryimage"},"image":{"@id":"https:\/\/www.itakaescolapios.org\/pt\/campanas\/2019-2020-compartiendo-mucha-vida-juventuditakaescolapios\/dona-y-ayuda-a-compartir-mucha-vida\/#primaryimage"},"thumbnailUrl":"https:\/\/www.itakaescolapios.org\/wp-content\/uploads\/2020\/05\/TARJETA.png","datePublished":"2020-05-13T13:38:10+00:00","dateModified":"2023-11-28T11:36:20+00:00","breadcrumb":{"@id":"https:\/\/www.itakaescolapios.org\/pt\/campanas\/2019-2020-compartiendo-mucha-vida-juventuditakaescolapios\/dona-y-ayuda-a-compartir-mucha-vida\/#breadcrumb"},"inLanguage":"pt-BR","potentialAction":[{"@type":"ReadAction","target":["https:\/\/www.itakaescolapios.org\/pt\/campanas\/2019-2020-compartiendo-mucha-vida-juventuditakaescolapios\/dona-y-ayuda-a-compartir-mucha-vida\/"]}]},{"@type":"ImageObject","inLanguage":"pt-BR","@id":"https:\/\/www.itakaescolapios.org\/pt\/campanas\/2019-2020-compartiendo-mucha-vida-juventuditakaescolapios\/dona-y-ayuda-a-compartir-mucha-vida\/#primaryimage","url":"https:\/\/www.itakaescolapios.org\/wp-content\/uploads\/2020\/05\/TARJETA.png","contentUrl":"https:\/\/www.itakaescolapios.org\/wp-content\/uploads\/2020\/05\/TARJETA.png"},{"@type":"BreadcrumbList","@id":"https:\/\/www.itakaescolapios.org\/pt\/campanas\/2019-2020-compartiendo-mucha-vida-juventuditakaescolapios\/dona-y-ayuda-a-compartir-mucha-vida\/#breadcrumb","itemListElement":[{"@type":"ListItem","position":1,"name":"Itaka-Escolapios","item":"https:\/\/www.itakaescolapios.org\/es\/"},{"@type":"ListItem","position":2,"name":"Campa\u00f1as","item":"https:\/\/www.itakaescolapios.org\/es\/campanas\/"},{"@type":"ListItem","position":3,"name":"2019-2020 COMPARTIENDO MUCHA VIDA #juventuditakaescolapios","item":"https:\/\/www.itakaescolapios.org\/es\/campanas\/2019-2020-compartiendo-mucha-vida-juventuditakaescolapios\/"},{"@type":"ListItem","position":4,"name":"DONA Y AYUDA A COMPARTIR MUCHA VIDA"}]},{"@type":"WebSite","@id":"https:\/\/www.itakaescolapios.org\/pt\/es\/#website","url":"https:\/\/www.itakaescolapios.org\/pt\/es\/","name":"Itaka-Escolapios","description":"Red de Itaka-Escolapios","publisher":{"@id":"https:\/\/www.itakaescolapios.org\/pt\/es\/#organization"},"potentialAction":[{"@type":"SearchAction","target":{"@type":"EntryPoint","urlTemplate":"https:\/\/www.itakaescolapios.org\/pt\/es\/?s={search_term_string}"},"query-input":{"@type":"PropertyValueSpecification","valueRequired":true,"valueName":"search_term_string"}}],"inLanguage":"pt-BR"},{"@type":"Organization","@id":"https:\/\/www.itakaescolapios.org\/pt\/es\/#organization","name":"Fundaci\u00f3 Itaka-Escolapios","url":"https:\/\/www.itakaescolapios.org\/pt\/es\/","logo":{"@type":"ImageObject","inLanguage":"pt-BR","@id":"https:\/\/www.itakaescolapios.org\/pt\/es\/#\/schema\/logo\/image\/","url":"https:\/\/www.itakaescolapios.org\/wp-content\/uploads\/2024\/04\/Logo-itakaescolapios-peque.png","contentUrl":"https:\/\/www.itakaescolapios.org\/wp-content\/uploads\/2024\/04\/Logo-itakaescolapios-peque.png","width":500,"height":199,"caption":"Fundaci\u00f3 Itaka-Escolapios"},"image":{"@id":"https:\/\/www.itakaescolapios.org\/pt\/es\/#\/schema\/logo\/image\/"}}]}},"_links":{"self":[{"href":"https:\/\/www.itakaescolapios.org\/pt\/wp-json\/wp\/v2\/pages\/30676","targetHints":{"allow":["GET"]}}],"collection":[{"href":"https:\/\/www.itakaescolapios.org\/pt\/wp-json\/wp\/v2\/pages"}],"about":[{"href":"https:\/\/www.itakaescolapios.org\/pt\/wp-json\/wp\/v2\/types\/page"}],"author":[{"embeddable":true,"href":"https:\/\/www.itakaescolapios.org\/pt\/wp-json\/wp\/v2\/users\/46"}],"replies":[{"embeddable":true,"href":"https:\/\/www.itakaescolapios.org\/pt\/wp-json\/wp\/v2\/comments?post=30676"}],"version-history":[{"count":24,"href":"https:\/\/www.itakaescolapios.org\/pt\/wp-json\/wp\/v2\/pages\/30676\/revisions"}],"predecessor-version":[{"id":44840,"href":"https:\/\/www.itakaescolapios.org\/pt\/wp-json\/wp\/v2\/pages\/30676\/revisions\/44840"}],"up":[{"embeddable":true,"href":"https:\/\/www.itakaescolapios.org\/pt\/wp-json\/wp\/v2\/pages\/28602"}],"wp:attachment":[{"href":"https:\/\/www.itakaescolapios.org\/pt\/wp-json\/wp\/v2\/media?parent=30676"}],"curies":[{"name":"wp","href":"https:\/\/api.w.org\/{rel}","templated":true}]}}