{"id":316,"date":"2012-06-01T12:51:59","date_gmt":"2012-06-01T11:51:59","guid":{"rendered":"https:\/\/www.itakaescolapios.org\/?page_id=316"},"modified":"2023-11-28T12:39:47","modified_gmt":"2023-11-28T11:39:47","slug":"comedor-de-la-escuela-de-bafia-camerun","status":"publish","type":"page","link":"https:\/\/www.itakaescolapios.org\/pt\/o-que-fazemos\/comedores-infantiles\/comedor-de-la-escuela-de-bafia-camerun\/","title":{"rendered":"Comedores de las escuelas de primaria (Camer\u00fan)"},"content":{"rendered":"<p style=\"text-align: justify;\" align=\"JUSTIFY\">El objetivo de los comedores escolares de las escuelas de primaria de Bafia, Bamenda y Bamendjou, es lograr un mejor desarrollo intelectual y f\u00edsico de los ni\u00f1os y ni\u00f1as de edades comprendidas entre 6 y 14 a\u00f1os. Con el refuerzo alimenticio\u00a0que se\u00a0les aporta se logra una mayor tasa de escolarizaci\u00f3n y un mejor rendimiento en las clases.<\/p>\n<p style=\"text-align: justify;\" align=\"JUSTIFY\">Todos los ni\u00f1os y ni\u00f1as que van a colegios escolapios pueden acceder a este servicio que intenta cuidar una dieta equilibrada para compensar las carencias alimenticias que tienen en sus casas.<\/p>\n<p style=\"text-align: justify;\" align=\"JUSTIFY\">\n<p><!--more--><\/p>\n","protected":false},"excerpt":{"rendered":"<p>El objetivo de los comedores escolares de las escuelas de primaria de Bafia, Bamenda y Bamendjou, es lograr un mejor desarrollo intelectual y f\u00edsico de los ni\u00f1os y ni\u00f1as de [&hellip;]<\/p>\n","protected":false},"author":1,"featured_media":1460,"parent":87,"menu_order":2,"comment_status":"closed","ping_status":"closed","template":"","meta":{"_et_pb_use_builder":"","_et_pb_old_content":"","_et_gb_content_width":"","footnotes":""},"class_list":["post-316","page","type-page","status-publish","has-post-thumbnail","hentry"],"yoast_head":"<!-- This site is optimized with the Yoast SEO plugin v27.4 - https:\/\/yoast.com\/product\/yoast-seo-wordpress\/ -->\n<title>Comedores de las escuelas de primaria (Camer\u00fan)<\/title>\n<meta name=\"description\" content=\"El objetivo de los comedores escolares de las escuelas de primaria de Bafia, Bamenda y Bamendjou, es lograr un mejor desarrollo intelectual y f\u00edsico de los ni\u00f1os y ni\u00f1as de edades comprendidas entre 6 y 14 a\u00f1os. Con el refuerzo alimenticio\u00a0que se\u00a0les aporta se logra una mayor tasa de escolarizaci\u00f3n y un mejor rendimiento en&hellip;\" \/>\n<meta name=\"robots\" content=\"index, follow, max-snippet:-1, max-image-preview:large, max-video-preview:-1\" \/>\n<link rel=\"canonical\" href=\"http:\/\/El%20objetivo%20de%20los%20comedores%20escolares%20de%20las%20escuelas%20de%20primaria%20de%20Bafia,%20Bamenda%20y%20Bamendjou,%20es%20lograr%20un%20mejor%20desarrollo%20intelectual%20y%20f\u00edsico%20de%20los%20ni\u00f1os%20y%20ni\u00f1as%20de%20edades%20comprendidas%20entre%206%20y%2014%20a\u00f1os.%20Con%20el%20refuerzo%20alimenticio\u00a0que%20se\u00a0les%20aporta%20se%20logra%20una%20mayor%20tasa%20de%20escolarizaci\u00f3n%20y%20un%20mejor%20rendimiento%20en&hellip;\" \/>\n<meta property=\"og:locale\" content=\"pt_BR\" \/>\n<meta property=\"og:type\" content=\"article\" \/>\n<meta property=\"og:title\" content=\"Comedores de las escuelas de primaria (Camer\u00fan)\" \/>\n<meta property=\"og:description\" content=\"El objetivo de los comedores escolares de las escuelas de primaria de Bafia, Bamenda y Bamendjou, es lograr un mejor desarrollo intelectual y f\u00edsico de los ni\u00f1os y ni\u00f1as de edades comprendidas entre 6 y 14 a\u00f1os. Con el refuerzo alimenticio\u00a0que se\u00a0les aporta se logra una mayor tasa de escolarizaci\u00f3n y un mejor rendimiento en&hellip;\" \/>\n<meta property=\"og:url\" content=\"https:\/\/www.itakaescolapios.org\/pt\/o-que-fazemos\/comedores-infantiles\/comedor-de-la-escuela-de-bafia-camerun\/\" \/>\n<meta property=\"og:site_name\" content=\"Itaka-Escolapios\" \/>\n<meta property=\"article:modified_time\" content=\"2023-11-28T11:39:47+00:00\" \/>\n<meta property=\"og:image\" content=\"https:\/\/www.itakaescolapios.org\/wp-content\/uploads\/2012\/06\/Comedores-Infantiles-Bafia-1-Camer\u00fan.jpg\" \/>\n\t<meta property=\"og:image:width\" content=\"1200\" \/>\n\t<meta property=\"og:image:height\" content=\"900\" \/>\n\t<meta property=\"og:image:type\" content=\"image\/jpeg\" \/>\n<meta name=\"twitter:card\" content=\"summary_large_image\" \/>\n<script type=\"application\/ld+json\" class=\"yoast-schema-graph\">{\"@context\":\"https:\\\/\\\/schema.org\",\"@graph\":[{\"@type\":\"WebPage\",\"@id\":\"https:\\\/\\\/www.itakaescolapios.org\\\/pt\\\/o-que-fazemos\\\/comedores-infantiles\\\/comedor-de-la-escuela-de-bafia-camerun\\\/\",\"url\":\"https:\\\/\\\/www.itakaescolapios.org\\\/pt\\\/o-que-fazemos\\\/comedores-infantiles\\\/comedor-de-la-escuela-de-bafia-camerun\\\/\",\"name\":\"Comedores de las escuelas de primaria (Camer\u00fan) - Itaka-Escolapios\",\"isPartOf\":{\"@id\":\"https:\\\/\\\/www.itakaescolapios.org\\\/es\\\/#website\"},\"primaryImageOfPage\":{\"@id\":\"https:\\\/\\\/www.itakaescolapios.org\\\/pt\\\/o-que-fazemos\\\/comedores-infantiles\\\/comedor-de-la-escuela-de-bafia-camerun\\\/#primaryimage\"},\"image\":{\"@id\":\"https:\\\/\\\/www.itakaescolapios.org\\\/pt\\\/o-que-fazemos\\\/comedores-infantiles\\\/comedor-de-la-escuela-de-bafia-camerun\\\/#primaryimage\"},\"thumbnailUrl\":\"https:\\\/\\\/www.itakaescolapios.org\\\/wp-content\\\/uploads\\\/2012\\\/06\\\/Comedores-Infantiles-Bafia-1-Camer\u00fan.jpg\",\"datePublished\":\"2012-06-01T11:51:59+00:00\",\"dateModified\":\"2023-11-28T11:39:47+00:00\",\"breadcrumb\":{\"@id\":\"https:\\\/\\\/www.itakaescolapios.org\\\/pt\\\/o-que-fazemos\\\/comedores-infantiles\\\/comedor-de-la-escuela-de-bafia-camerun\\\/#breadcrumb\"},\"inLanguage\":\"pt-BR\",\"potentialAction\":[{\"@type\":\"ReadAction\",\"target\":[\"https:\\\/\\\/www.itakaescolapios.org\\\/pt\\\/o-que-fazemos\\\/comedores-infantiles\\\/comedor-de-la-escuela-de-bafia-camerun\\\/\"]}]},{\"@type\":\"ImageObject\",\"inLanguage\":\"pt-BR\",\"@id\":\"https:\\\/\\\/www.itakaescolapios.org\\\/pt\\\/o-que-fazemos\\\/comedores-infantiles\\\/comedor-de-la-escuela-de-bafia-camerun\\\/#primaryimage\",\"url\":\"https:\\\/\\\/www.itakaescolapios.org\\\/wp-content\\\/uploads\\\/2012\\\/06\\\/Comedores-Infantiles-Bafia-1-Camer\u00fan.jpg\",\"contentUrl\":\"https:\\\/\\\/www.itakaescolapios.org\\\/wp-content\\\/uploads\\\/2012\\\/06\\\/Comedores-Infantiles-Bafia-1-Camer\u00fan.jpg\",\"width\":\"1200\",\"height\":\"900\"},{\"@type\":\"BreadcrumbList\",\"@id\":\"https:\\\/\\\/www.itakaescolapios.org\\\/pt\\\/o-que-fazemos\\\/comedores-infantiles\\\/comedor-de-la-escuela-de-bafia-camerun\\\/#breadcrumb\",\"itemListElement\":[{\"@type\":\"ListItem\",\"position\":1,\"name\":\"Itaka-Escolapios\",\"item\":\"https:\\\/\\\/www.itakaescolapios.org\\\/es\\\/\"},{\"@type\":\"ListItem\",\"position\":2,\"name\":\"O que fazemos\",\"item\":\"https:\\\/\\\/www.itakaescolapios.org\\\/es\\\/que-hacemos\\\/\"},{\"@type\":\"ListItem\",\"position\":3,\"name\":\"Comedores infantiles\",\"item\":\"https:\\\/\\\/www.itakaescolapios.org\\\/es\\\/que-hacemos\\\/comedores-infantiles\\\/\"},{\"@type\":\"ListItem\",\"position\":4,\"name\":\"Comedores de las escuelas de primaria (Camer\u00fan)\"}]},{\"@type\":\"WebSite\",\"@id\":\"https:\\\/\\\/www.itakaescolapios.org\\\/pt\\\/es\\\/#website\",\"url\":\"https:\\\/\\\/www.itakaescolapios.org\\\/pt\\\/es\\\/\",\"name\":\"Itaka-Escolapios\",\"description\":\"Red de Itaka-Escolapios\",\"publisher\":{\"@id\":\"https:\\\/\\\/www.itakaescolapios.org\\\/pt\\\/es\\\/#organization\"},\"potentialAction\":[{\"@type\":\"SearchAction\",\"target\":{\"@type\":\"EntryPoint\",\"urlTemplate\":\"https:\\\/\\\/www.itakaescolapios.org\\\/pt\\\/es\\\/?s={search_term_string}\"},\"query-input\":{\"@type\":\"PropertyValueSpecification\",\"valueRequired\":true,\"valueName\":\"search_term_string\"}}],\"inLanguage\":\"pt-BR\"},{\"@type\":\"Organization\",\"@id\":\"https:\\\/\\\/www.itakaescolapios.org\\\/pt\\\/es\\\/#organization\",\"name\":\"Fundaci\u00f3 Itaka-Escolapios\",\"url\":\"https:\\\/\\\/www.itakaescolapios.org\\\/pt\\\/es\\\/\",\"logo\":{\"@type\":\"ImageObject\",\"inLanguage\":\"pt-BR\",\"@id\":\"https:\\\/\\\/www.itakaescolapios.org\\\/pt\\\/es\\\/#\\\/schema\\\/logo\\\/image\\\/\",\"url\":\"https:\\\/\\\/www.itakaescolapios.org\\\/wp-content\\\/uploads\\\/2024\\\/04\\\/Logo-itakaescolapios-peque.png\",\"contentUrl\":\"https:\\\/\\\/www.itakaescolapios.org\\\/wp-content\\\/uploads\\\/2024\\\/04\\\/Logo-itakaescolapios-peque.png\",\"width\":500,\"height\":199,\"caption\":\"Fundaci\u00f3 Itaka-Escolapios\"},\"image\":{\"@id\":\"https:\\\/\\\/www.itakaescolapios.org\\\/pt\\\/es\\\/#\\\/schema\\\/logo\\\/image\\\/\"}}]}<\/script>\n<!-- \/ Yoast SEO plugin. -->","yoast_head_json":{"title":"Comedores de las escuelas de primaria (Camer\u00fan)","description":"El objetivo de los comedores escolares de las escuelas de primaria de Bafia, Bamenda y Bamendjou, es lograr un mejor desarrollo intelectual y f\u00edsico de los ni\u00f1os y ni\u00f1as de edades comprendidas entre 6 y 14 a\u00f1os. Con el refuerzo alimenticio\u00a0que se\u00a0les aporta se logra una mayor tasa de escolarizaci\u00f3n y un mejor rendimiento en&hellip;","robots":{"index":"index","follow":"follow","max-snippet":"max-snippet:-1","max-image-preview":"max-image-preview:large","max-video-preview":"max-video-preview:-1"},"canonical":"El objetivo de los comedores escolares de las escuelas de primaria de Bafia, Bamenda y Bamendjou, es lograr un mejor desarrollo intelectual y f\u00edsico de los ni\u00f1os y ni\u00f1as de edades comprendidas entre 6 y 14 a\u00f1os. Con el refuerzo alimenticio\u00a0que se\u00a0les aporta se logra una mayor tasa de escolarizaci\u00f3n y un mejor rendimiento en&hellip;","og_locale":"pt_BR","og_type":"article","og_title":"Comedores de las escuelas de primaria (Camer\u00fan)","og_description":"El objetivo de los comedores escolares de las escuelas de primaria de Bafia, Bamenda y Bamendjou, es lograr un mejor desarrollo intelectual y f\u00edsico de los ni\u00f1os y ni\u00f1as de edades comprendidas entre 6 y 14 a\u00f1os. Con el refuerzo alimenticio\u00a0que se\u00a0les aporta se logra una mayor tasa de escolarizaci\u00f3n y un mejor rendimiento en&hellip;","og_url":"https:\/\/www.itakaescolapios.org\/pt\/o-que-fazemos\/comedores-infantiles\/comedor-de-la-escuela-de-bafia-camerun\/","og_site_name":"Itaka-Escolapios","article_modified_time":"2023-11-28T11:39:47+00:00","og_image":[{"width":1200,"height":900,"url":"https:\/\/www.itakaescolapios.org\/wp-content\/uploads\/2012\/06\/Comedores-Infantiles-Bafia-1-Camer\u00fan.jpg","type":"image\/jpeg"}],"twitter_card":"summary_large_image","schema":{"@context":"https:\/\/schema.org","@graph":[{"@type":"WebPage","@id":"https:\/\/www.itakaescolapios.org\/pt\/o-que-fazemos\/comedores-infantiles\/comedor-de-la-escuela-de-bafia-camerun\/","url":"https:\/\/www.itakaescolapios.org\/pt\/o-que-fazemos\/comedores-infantiles\/comedor-de-la-escuela-de-bafia-camerun\/","name":"Comedores de las escuelas de primaria (Camer\u00fan) - Itaka-Escolapios","isPartOf":{"@id":"https:\/\/www.itakaescolapios.org\/es\/#website"},"primaryImageOfPage":{"@id":"https:\/\/www.itakaescolapios.org\/pt\/o-que-fazemos\/comedores-infantiles\/comedor-de-la-escuela-de-bafia-camerun\/#primaryimage"},"image":{"@id":"https:\/\/www.itakaescolapios.org\/pt\/o-que-fazemos\/comedores-infantiles\/comedor-de-la-escuela-de-bafia-camerun\/#primaryimage"},"thumbnailUrl":"https:\/\/www.itakaescolapios.org\/wp-content\/uploads\/2012\/06\/Comedores-Infantiles-Bafia-1-Camer\u00fan.jpg","datePublished":"2012-06-01T11:51:59+00:00","dateModified":"2023-11-28T11:39:47+00:00","breadcrumb":{"@id":"https:\/\/www.itakaescolapios.org\/pt\/o-que-fazemos\/comedores-infantiles\/comedor-de-la-escuela-de-bafia-camerun\/#breadcrumb"},"inLanguage":"pt-BR","potentialAction":[{"@type":"ReadAction","target":["https:\/\/www.itakaescolapios.org\/pt\/o-que-fazemos\/comedores-infantiles\/comedor-de-la-escuela-de-bafia-camerun\/"]}]},{"@type":"ImageObject","inLanguage":"pt-BR","@id":"https:\/\/www.itakaescolapios.org\/pt\/o-que-fazemos\/comedores-infantiles\/comedor-de-la-escuela-de-bafia-camerun\/#primaryimage","url":"https:\/\/www.itakaescolapios.org\/wp-content\/uploads\/2012\/06\/Comedores-Infantiles-Bafia-1-Camer\u00fan.jpg","contentUrl":"https:\/\/www.itakaescolapios.org\/wp-content\/uploads\/2012\/06\/Comedores-Infantiles-Bafia-1-Camer\u00fan.jpg","width":"1200","height":"900"},{"@type":"BreadcrumbList","@id":"https:\/\/www.itakaescolapios.org\/pt\/o-que-fazemos\/comedores-infantiles\/comedor-de-la-escuela-de-bafia-camerun\/#breadcrumb","itemListElement":[{"@type":"ListItem","position":1,"name":"Itaka-Escolapios","item":"https:\/\/www.itakaescolapios.org\/es\/"},{"@type":"ListItem","position":2,"name":"O que fazemos","item":"https:\/\/www.itakaescolapios.org\/es\/que-hacemos\/"},{"@type":"ListItem","position":3,"name":"Comedores infantiles","item":"https:\/\/www.itakaescolapios.org\/es\/que-hacemos\/comedores-infantiles\/"},{"@type":"ListItem","position":4,"name":"Comedores de las escuelas de primaria (Camer\u00fan)"}]},{"@type":"WebSite","@id":"https:\/\/www.itakaescolapios.org\/pt\/es\/#website","url":"https:\/\/www.itakaescolapios.org\/pt\/es\/","name":"Itaka-Escolapios","description":"Red de Itaka-Escolapios","publisher":{"@id":"https:\/\/www.itakaescolapios.org\/pt\/es\/#organization"},"potentialAction":[{"@type":"SearchAction","target":{"@type":"EntryPoint","urlTemplate":"https:\/\/www.itakaescolapios.org\/pt\/es\/?s={search_term_string}"},"query-input":{"@type":"PropertyValueSpecification","valueRequired":true,"valueName":"search_term_string"}}],"inLanguage":"pt-BR"},{"@type":"Organization","@id":"https:\/\/www.itakaescolapios.org\/pt\/es\/#organization","name":"Fundaci\u00f3 Itaka-Escolapios","url":"https:\/\/www.itakaescolapios.org\/pt\/es\/","logo":{"@type":"ImageObject","inLanguage":"pt-BR","@id":"https:\/\/www.itakaescolapios.org\/pt\/es\/#\/schema\/logo\/image\/","url":"https:\/\/www.itakaescolapios.org\/wp-content\/uploads\/2024\/04\/Logo-itakaescolapios-peque.png","contentUrl":"https:\/\/www.itakaescolapios.org\/wp-content\/uploads\/2024\/04\/Logo-itakaescolapios-peque.png","width":500,"height":199,"caption":"Fundaci\u00f3 Itaka-Escolapios"},"image":{"@id":"https:\/\/www.itakaescolapios.org\/pt\/es\/#\/schema\/logo\/image\/"}}]}},"_links":{"self":[{"href":"https:\/\/www.itakaescolapios.org\/pt\/wp-json\/wp\/v2\/pages\/316","targetHints":{"allow":["GET"]}}],"collection":[{"href":"https:\/\/www.itakaescolapios.org\/pt\/wp-json\/wp\/v2\/pages"}],"about":[{"href":"https:\/\/www.itakaescolapios.org\/pt\/wp-json\/wp\/v2\/types\/page"}],"author":[{"embeddable":true,"href":"https:\/\/www.itakaescolapios.org\/pt\/wp-json\/wp\/v2\/users\/1"}],"replies":[{"embeddable":true,"href":"https:\/\/www.itakaescolapios.org\/pt\/wp-json\/wp\/v2\/comments?post=316"}],"version-history":[{"count":16,"href":"https:\/\/www.itakaescolapios.org\/pt\/wp-json\/wp\/v2\/pages\/316\/revisions"}],"predecessor-version":[{"id":50256,"href":"https:\/\/www.itakaescolapios.org\/pt\/wp-json\/wp\/v2\/pages\/316\/revisions\/50256"}],"up":[{"embeddable":true,"href":"https:\/\/www.itakaescolapios.org\/pt\/wp-json\/wp\/v2\/pages\/87"}],"wp:featuredmedia":[{"embeddable":true,"href":"https:\/\/www.itakaescolapios.org\/pt\/wp-json\/wp\/v2\/media\/1460"}],"wp:attachment":[{"href":"https:\/\/www.itakaescolapios.org\/pt\/wp-json\/wp\/v2\/media?parent=316"}],"curies":[{"name":"wp","href":"https:\/\/api.w.org\/{rel}","templated":true}]}}