{"id":31969,"date":"2020-11-19T16:42:53","date_gmt":"2020-11-19T15:42:53","guid":{"rendered":"https:\/\/www.itakaescolapios.org\/?page_id=31969"},"modified":"2023-11-28T12:36:08","modified_gmt":"2023-11-28T11:36:08","slug":"bizum-campana-solidaridad","status":"publish","type":"page","link":"https:\/\/www.itakaescolapios.org\/pt\/bizum-campana-solidaridad\/","title":{"rendered":"BIZUM CAMPA\u00d1A SOLIDARIDAD"},"content":{"rendered":"<p><strong>\u00bfQuieres hacer una donaci\u00f3n a la campa\u00f1a #microsolidarias? Con Bizum es muy f\u00e1cil<\/strong><\/p>\n<div id=\"content-main\">\n<article id=\"post-30189\" class=\"post-30189 page type-page status-publish hentry\">\n<div>\n<p>Desde la app bancaria en la que tengas Bizum activo, selecciona la opci\u00f3n de enviar dinero, escoge a la FUNDACI\u00d3N ITAKA ESCOLAPIOS o introduce manualmente el identificador de la campa\u00f1a y el importe que quieres donar. En un instante ITAKA-ESCOLAPIOS recibir\u00e1 el dinero y habr\u00e1s contribuido mejorar la calidad de la educaci\u00f3n de ni\u00f1os, ni\u00f1as y j\u00f3venes.<\/p>\n<\/div>\n<p style=\"text-align: center;\"><span style=\"color: #ff0000;\">N\u00daMERO IDENTIFICADOR DE LA CAMPA\u00d1A<strong>\u00a0<\/strong><\/span><\/p>\n<p style=\"text-align: center;\"><span style=\"color: #ff0000;\"><strong>33468<\/strong><\/span><\/p>\n<div>\n<p>No olvides enviarnos\u00a0un correo electr\u00f3nico a\u00a0<strong>colabora@itakaescolapios.org,\u00a0<\/strong>de esta manera adem\u00e1s de destinar el importe a los proyectos que desarrolla la red Itaka-Escolapios con las personas m\u00e1s vulnerables, te remitiremos el certificado de la donaci\u00f3n para tu declaraci\u00f3n de la renta o impuesto de sociedades.<\/p>\n<ul>\n<li>Nombre y dos apellidos<\/li>\n<li>DNI o NIE<\/li>\n<li>Direcci\u00f3n postal<\/li>\n<li>Importe del donativo<\/li>\n<\/ul>\n<\/div>\n<\/article>\n<\/div>\n","protected":false},"excerpt":{"rendered":"<p>\u00bfQuieres hacer una donaci\u00f3n a la campa\u00f1a #microsolidarias? Con Bizum es muy f\u00e1cil Desde la app bancaria en la que tengas Bizum activo, selecciona la opci\u00f3n de enviar dinero, escoge [&hellip;]<\/p>\n","protected":false},"author":46,"featured_media":0,"parent":0,"menu_order":0,"comment_status":"closed","ping_status":"closed","template":"","meta":{"_et_pb_use_builder":"","_et_pb_old_content":"","_et_gb_content_width":"","footnotes":""},"class_list":["post-31969","page","type-page","status-publish","hentry"],"yoast_head":"<!-- This site is optimized with the Yoast SEO plugin v27.3 - https:\/\/yoast.com\/product\/yoast-seo-wordpress\/ -->\n<title>BIZUM CAMPA\u00d1A SOLIDARIDAD<\/title>\n<meta name=\"description\" content=\"\u00bfQuieres hacer una donaci\u00f3n a la campa\u00f1a #microsolidarias? Con Bizum es muy f\u00e1cil Desde la app bancaria en la que tengas Bizum activo, selecciona la opci\u00f3n de enviar dinero, escoge a la FUNDACI\u00d3N ITAKA ESCOLAPIOS o introduce manualmente el identificador de la campa\u00f1a y el importe que quieres donar. En un instante ITAKA-ESCOLAPIOS recibir\u00e1 el&hellip;\" \/>\n<meta name=\"robots\" content=\"index, follow, max-snippet:-1, max-image-preview:large, max-video-preview:-1\" \/>\n<link rel=\"canonical\" href=\"http:\/\/\u00bfQuieres%20hacer%20una%20donaci\u00f3n%20a%20la%20campa\u00f1a%20#microsolidarias?%20Con%20Bizum%20es%20muy%20f\u00e1cil%20Desde%20la%20app%20bancaria%20en%20la%20que%20tengas%20Bizum%20activo,%20selecciona%20la%20opci\u00f3n%20de%20enviar%20dinero,%20escoge%20a%20la%20FUNDACI\u00d3N%20ITAKA%20ESCOLAPIOS%20o%20introduce%20manualmente%20el%20identificador%20de%20la%20campa\u00f1a%20y%20el%20importe%20que%20quieres%20donar.%20En%20un%20instante%20ITAKA-ESCOLAPIOS%20recibir\u00e1%20el&hellip;\" \/>\n<meta property=\"og:locale\" content=\"pt_BR\" \/>\n<meta property=\"og:type\" content=\"article\" \/>\n<meta property=\"og:title\" content=\"BIZUM CAMPA\u00d1A SOLIDARIDAD\" \/>\n<meta property=\"og:description\" content=\"\u00bfQuieres hacer una donaci\u00f3n a la campa\u00f1a #microsolidarias? Con Bizum es muy f\u00e1cil Desde la app bancaria en la que tengas Bizum activo, selecciona la opci\u00f3n de enviar dinero, escoge a la FUNDACI\u00d3N ITAKA ESCOLAPIOS o introduce manualmente el identificador de la campa\u00f1a y el importe que quieres donar. En un instante ITAKA-ESCOLAPIOS recibir\u00e1 el&hellip;\" \/>\n<meta property=\"og:url\" content=\"https:\/\/www.itakaescolapios.org\/pt\/bizum-campana-solidaridad\/\" \/>\n<meta property=\"og:site_name\" content=\"Itaka-Escolapios\" \/>\n<meta property=\"article:modified_time\" content=\"2023-11-28T11:36:08+00:00\" \/>\n<meta name=\"twitter:card\" content=\"summary_large_image\" \/>\n<meta name=\"twitter:label1\" content=\"Est. tempo de leitura\" \/>\n\t<meta name=\"twitter:data1\" content=\"1 minuto\" \/>\n<script type=\"application\/ld+json\" class=\"yoast-schema-graph\">{\"@context\":\"https:\\\/\\\/schema.org\",\"@graph\":[{\"@type\":\"WebPage\",\"@id\":\"https:\\\/\\\/www.itakaescolapios.org\\\/pt\\\/bizum-campana-solidaridad\\\/\",\"url\":\"https:\\\/\\\/www.itakaescolapios.org\\\/pt\\\/bizum-campana-solidaridad\\\/\",\"name\":\"BIZUM CAMPA\u00d1A SOLIDARIDAD - Itaka-Escolapios\",\"isPartOf\":{\"@id\":\"https:\\\/\\\/www.itakaescolapios.org\\\/es\\\/#website\"},\"datePublished\":\"2020-11-19T15:42:53+00:00\",\"dateModified\":\"2023-11-28T11:36:08+00:00\",\"breadcrumb\":{\"@id\":\"https:\\\/\\\/www.itakaescolapios.org\\\/pt\\\/bizum-campana-solidaridad\\\/#breadcrumb\"},\"inLanguage\":\"pt-BR\",\"potentialAction\":[{\"@type\":\"ReadAction\",\"target\":[\"https:\\\/\\\/www.itakaescolapios.org\\\/pt\\\/bizum-campana-solidaridad\\\/\"]}]},{\"@type\":\"BreadcrumbList\",\"@id\":\"https:\\\/\\\/www.itakaescolapios.org\\\/pt\\\/bizum-campana-solidaridad\\\/#breadcrumb\",\"itemListElement\":[{\"@type\":\"ListItem\",\"position\":1,\"name\":\"Itaka-Escolapios\",\"item\":\"https:\\\/\\\/www.itakaescolapios.org\\\/es\\\/\"},{\"@type\":\"ListItem\",\"position\":2,\"name\":\"BIZUM CAMPA\u00d1A SOLIDARIDAD\"}]},{\"@type\":\"WebSite\",\"@id\":\"https:\\\/\\\/www.itakaescolapios.org\\\/pt\\\/es\\\/#website\",\"url\":\"https:\\\/\\\/www.itakaescolapios.org\\\/pt\\\/es\\\/\",\"name\":\"Itaka-Escolapios\",\"description\":\"Red de Itaka-Escolapios\",\"publisher\":{\"@id\":\"https:\\\/\\\/www.itakaescolapios.org\\\/pt\\\/es\\\/#organization\"},\"potentialAction\":[{\"@type\":\"SearchAction\",\"target\":{\"@type\":\"EntryPoint\",\"urlTemplate\":\"https:\\\/\\\/www.itakaescolapios.org\\\/pt\\\/es\\\/?s={search_term_string}\"},\"query-input\":{\"@type\":\"PropertyValueSpecification\",\"valueRequired\":true,\"valueName\":\"search_term_string\"}}],\"inLanguage\":\"pt-BR\"},{\"@type\":\"Organization\",\"@id\":\"https:\\\/\\\/www.itakaescolapios.org\\\/pt\\\/es\\\/#organization\",\"name\":\"Fundaci\u00f3 Itaka-Escolapios\",\"url\":\"https:\\\/\\\/www.itakaescolapios.org\\\/pt\\\/es\\\/\",\"logo\":{\"@type\":\"ImageObject\",\"inLanguage\":\"pt-BR\",\"@id\":\"https:\\\/\\\/www.itakaescolapios.org\\\/pt\\\/es\\\/#\\\/schema\\\/logo\\\/image\\\/\",\"url\":\"https:\\\/\\\/www.itakaescolapios.org\\\/wp-content\\\/uploads\\\/2024\\\/04\\\/Logo-itakaescolapios-peque.png\",\"contentUrl\":\"https:\\\/\\\/www.itakaescolapios.org\\\/wp-content\\\/uploads\\\/2024\\\/04\\\/Logo-itakaescolapios-peque.png\",\"width\":500,\"height\":199,\"caption\":\"Fundaci\u00f3 Itaka-Escolapios\"},\"image\":{\"@id\":\"https:\\\/\\\/www.itakaescolapios.org\\\/pt\\\/es\\\/#\\\/schema\\\/logo\\\/image\\\/\"}}]}<\/script>\n<!-- \/ Yoast SEO plugin. -->","yoast_head_json":{"title":"BIZUM CAMPA\u00d1A SOLIDARIDAD","description":"\u00bfQuieres hacer una donaci\u00f3n a la campa\u00f1a #microsolidarias? Con Bizum es muy f\u00e1cil Desde la app bancaria en la que tengas Bizum activo, selecciona la opci\u00f3n de enviar dinero, escoge a la FUNDACI\u00d3N ITAKA ESCOLAPIOS o introduce manualmente el identificador de la campa\u00f1a y el importe que quieres donar. En un instante ITAKA-ESCOLAPIOS recibir\u00e1 el&hellip;","robots":{"index":"index","follow":"follow","max-snippet":"max-snippet:-1","max-image-preview":"max-image-preview:large","max-video-preview":"max-video-preview:-1"},"canonical":"\u00bfQuieres hacer una donaci\u00f3n a la campa\u00f1a #microsolidarias? Con Bizum es muy f\u00e1cil Desde la app bancaria en la que tengas Bizum activo, selecciona la opci\u00f3n de enviar dinero, escoge a la FUNDACI\u00d3N ITAKA ESCOLAPIOS o introduce manualmente el identificador de la campa\u00f1a y el importe que quieres donar. En un instante ITAKA-ESCOLAPIOS recibir\u00e1 el&hellip;","og_locale":"pt_BR","og_type":"article","og_title":"BIZUM CAMPA\u00d1A SOLIDARIDAD","og_description":"\u00bfQuieres hacer una donaci\u00f3n a la campa\u00f1a #microsolidarias? Con Bizum es muy f\u00e1cil Desde la app bancaria en la que tengas Bizum activo, selecciona la opci\u00f3n de enviar dinero, escoge a la FUNDACI\u00d3N ITAKA ESCOLAPIOS o introduce manualmente el identificador de la campa\u00f1a y el importe que quieres donar. En un instante ITAKA-ESCOLAPIOS recibir\u00e1 el&hellip;","og_url":"https:\/\/www.itakaescolapios.org\/pt\/bizum-campana-solidaridad\/","og_site_name":"Itaka-Escolapios","article_modified_time":"2023-11-28T11:36:08+00:00","twitter_card":"summary_large_image","twitter_misc":{"Est. tempo de leitura":"1 minuto"},"schema":{"@context":"https:\/\/schema.org","@graph":[{"@type":"WebPage","@id":"https:\/\/www.itakaescolapios.org\/pt\/bizum-campana-solidaridad\/","url":"https:\/\/www.itakaescolapios.org\/pt\/bizum-campana-solidaridad\/","name":"BIZUM CAMPA\u00d1A SOLIDARIDAD - Itaka-Escolapios","isPartOf":{"@id":"https:\/\/www.itakaescolapios.org\/es\/#website"},"datePublished":"2020-11-19T15:42:53+00:00","dateModified":"2023-11-28T11:36:08+00:00","breadcrumb":{"@id":"https:\/\/www.itakaescolapios.org\/pt\/bizum-campana-solidaridad\/#breadcrumb"},"inLanguage":"pt-BR","potentialAction":[{"@type":"ReadAction","target":["https:\/\/www.itakaescolapios.org\/pt\/bizum-campana-solidaridad\/"]}]},{"@type":"BreadcrumbList","@id":"https:\/\/www.itakaescolapios.org\/pt\/bizum-campana-solidaridad\/#breadcrumb","itemListElement":[{"@type":"ListItem","position":1,"name":"Itaka-Escolapios","item":"https:\/\/www.itakaescolapios.org\/es\/"},{"@type":"ListItem","position":2,"name":"BIZUM CAMPA\u00d1A SOLIDARIDAD"}]},{"@type":"WebSite","@id":"https:\/\/www.itakaescolapios.org\/pt\/es\/#website","url":"https:\/\/www.itakaescolapios.org\/pt\/es\/","name":"Itaka-Escolapios","description":"Red de Itaka-Escolapios","publisher":{"@id":"https:\/\/www.itakaescolapios.org\/pt\/es\/#organization"},"potentialAction":[{"@type":"SearchAction","target":{"@type":"EntryPoint","urlTemplate":"https:\/\/www.itakaescolapios.org\/pt\/es\/?s={search_term_string}"},"query-input":{"@type":"PropertyValueSpecification","valueRequired":true,"valueName":"search_term_string"}}],"inLanguage":"pt-BR"},{"@type":"Organization","@id":"https:\/\/www.itakaescolapios.org\/pt\/es\/#organization","name":"Fundaci\u00f3 Itaka-Escolapios","url":"https:\/\/www.itakaescolapios.org\/pt\/es\/","logo":{"@type":"ImageObject","inLanguage":"pt-BR","@id":"https:\/\/www.itakaescolapios.org\/pt\/es\/#\/schema\/logo\/image\/","url":"https:\/\/www.itakaescolapios.org\/wp-content\/uploads\/2024\/04\/Logo-itakaescolapios-peque.png","contentUrl":"https:\/\/www.itakaescolapios.org\/wp-content\/uploads\/2024\/04\/Logo-itakaescolapios-peque.png","width":500,"height":199,"caption":"Fundaci\u00f3 Itaka-Escolapios"},"image":{"@id":"https:\/\/www.itakaescolapios.org\/pt\/es\/#\/schema\/logo\/image\/"}}]}},"_links":{"self":[{"href":"https:\/\/www.itakaescolapios.org\/pt\/wp-json\/wp\/v2\/pages\/31969","targetHints":{"allow":["GET"]}}],"collection":[{"href":"https:\/\/www.itakaescolapios.org\/pt\/wp-json\/wp\/v2\/pages"}],"about":[{"href":"https:\/\/www.itakaescolapios.org\/pt\/wp-json\/wp\/v2\/types\/page"}],"author":[{"embeddable":true,"href":"https:\/\/www.itakaescolapios.org\/pt\/wp-json\/wp\/v2\/users\/46"}],"replies":[{"embeddable":true,"href":"https:\/\/www.itakaescolapios.org\/pt\/wp-json\/wp\/v2\/comments?post=31969"}],"version-history":[{"count":3,"href":"https:\/\/www.itakaescolapios.org\/pt\/wp-json\/wp\/v2\/pages\/31969\/revisions"}],"predecessor-version":[{"id":44491,"href":"https:\/\/www.itakaescolapios.org\/pt\/wp-json\/wp\/v2\/pages\/31969\/revisions\/44491"}],"wp:attachment":[{"href":"https:\/\/www.itakaescolapios.org\/pt\/wp-json\/wp\/v2\/media?parent=31969"}],"curies":[{"name":"wp","href":"https:\/\/api.w.org\/{rel}","templated":true}]}}