{"id":395,"date":"2012-06-04T11:20:27","date_gmt":"2012-06-04T10:20:27","guid":{"rendered":"https:\/\/www.itakaescolapios.org\/?page_id=395"},"modified":"2023-11-28T12:39:46","modified_gmt":"2023-11-28T11:39:46","slug":"internado-campesino-cocapata-bolivia","status":"publish","type":"page","link":"https:\/\/www.itakaescolapios.org\/pt\/o-que-fazemos\/internados\/internado-campesino-cocapata-bolivia\/","title":{"rendered":"Internado Campesino Cocapata (Bolivia)"},"content":{"rendered":"<p style=\"text-align: justify;\" align=\"JUSTIFY\">Las comunidades m\u00e1s cercanas al n\u00facleo en el que se sit\u00faa la escuela de Cocapata est\u00e1n a 5 horas de camino.\u00a0 En muchos de los casos hay que atravesar varios r\u00edos o altas cumbres de m\u00e1s de 4.000 metros de altura. Esto hace la necesidad del internado m\u00e1s que evidente. Tras la demanda de los padres y madres de familia se inaugur\u00f3 el internado en el a\u00f1o 2005. En \u00e9l pueden vivir hasta 160 internos que, en la mayor\u00eda de los casos, tienen en el internado su \u00fanica oportunidad para estudiar.<\/p>\n<p style=\"text-align: justify;\" align=\"JUSTIFY\">El criterio de selecci\u00f3n principal para poder acudir al internado es la vulnerabilidad, ya que se trata de familias con serias dificultades econ\u00f3micas y bajo nivel educativo.<\/p>\n<p><!--more--><\/p>\n","protected":false},"excerpt":{"rendered":"<p>Las comunidades m\u00e1s cercanas al n\u00facleo en el que se sit\u00faa la escuela de Cocapata est\u00e1n a 5 horas de camino.\u00a0 En muchos de los casos hay que atravesar varios [&hellip;]<\/p>\n","protected":false},"author":1,"featured_media":1414,"parent":93,"menu_order":2,"comment_status":"closed","ping_status":"closed","template":"","meta":{"_et_pb_use_builder":"","_et_pb_old_content":"","_et_gb_content_width":"","footnotes":""},"class_list":["post-395","page","type-page","status-publish","has-post-thumbnail","hentry"],"yoast_head":"<!-- This site is optimized with the Yoast SEO plugin v27.3 - https:\/\/yoast.com\/product\/yoast-seo-wordpress\/ -->\n<title>Internado Campesino Cocapata (Bolivia)<\/title>\n<meta name=\"description\" content=\"Las comunidades m\u00e1s cercanas al n\u00facleo en el que se sit\u00faa la escuela de Cocapata est\u00e1n a 5 horas de camino.\u00a0 En muchos de los casos hay que atravesar varios r\u00edos o altas cumbres de m\u00e1s de 4.000 metros de altura. Esto hace la necesidad del internado m\u00e1s que evidente. Tras la demanda de los&hellip;\" \/>\n<meta name=\"robots\" content=\"index, follow, max-snippet:-1, max-image-preview:large, max-video-preview:-1\" \/>\n<link rel=\"canonical\" href=\"http:\/\/Las%20comunidades%20m\u00e1s%20cercanas%20al%20n\u00facleo%20en%20el%20que%20se%20sit\u00faa%20la%20escuela%20de%20Cocapata%20est\u00e1n%20a%205%20horas%20de%20camino.\u00a0%20En%20muchos%20de%20los%20casos%20hay%20que%20atravesar%20varios%20r\u00edos%20o%20altas%20cumbres%20de%20m\u00e1s%20de%204.000%20metros%20de%20altura.%20Esto%20hace%20la%20necesidad%20del%20internado%20m\u00e1s%20que%20evidente.%20Tras%20la%20demanda%20de%20los&hellip;\" \/>\n<meta property=\"og:locale\" content=\"pt_BR\" \/>\n<meta property=\"og:type\" content=\"article\" \/>\n<meta property=\"og:title\" content=\"Internado Campesino Cocapata (Bolivia)\" \/>\n<meta property=\"og:description\" content=\"Las comunidades m\u00e1s cercanas al n\u00facleo en el que se sit\u00faa la escuela de Cocapata est\u00e1n a 5 horas de camino.\u00a0 En muchos de los casos hay que atravesar varios r\u00edos o altas cumbres de m\u00e1s de 4.000 metros de altura. Esto hace la necesidad del internado m\u00e1s que evidente. Tras la demanda de los&hellip;\" \/>\n<meta property=\"og:url\" content=\"https:\/\/www.itakaescolapios.org\/pt\/o-que-fazemos\/internados\/internado-campesino-cocapata-bolivia\/\" \/>\n<meta property=\"og:site_name\" content=\"Itaka-Escolapios\" \/>\n<meta property=\"article:modified_time\" content=\"2023-11-28T11:39:46+00:00\" \/>\n<meta property=\"og:image\" content=\"https:\/\/www.itakaescolapios.org\/wp-content\/uploads\/2012\/06\/Internados-Cocapata-1-Bolivia.jpg\" \/>\n\t<meta property=\"og:image:width\" content=\"1200\" \/>\n\t<meta property=\"og:image:height\" content=\"900\" \/>\n\t<meta property=\"og:image:type\" content=\"image\/jpeg\" \/>\n<meta name=\"twitter:card\" content=\"summary_large_image\" \/>\n<meta name=\"twitter:label1\" content=\"Est. tempo de leitura\" \/>\n\t<meta name=\"twitter:data1\" content=\"1 minuto\" \/>\n<script type=\"application\/ld+json\" class=\"yoast-schema-graph\">{\"@context\":\"https:\\\/\\\/schema.org\",\"@graph\":[{\"@type\":\"WebPage\",\"@id\":\"https:\\\/\\\/www.itakaescolapios.org\\\/pt\\\/o-que-fazemos\\\/internados\\\/internado-campesino-cocapata-bolivia\\\/\",\"url\":\"https:\\\/\\\/www.itakaescolapios.org\\\/pt\\\/o-que-fazemos\\\/internados\\\/internado-campesino-cocapata-bolivia\\\/\",\"name\":\"Internado Campesino Cocapata (Bolivia) - Itaka-Escolapios\",\"isPartOf\":{\"@id\":\"https:\\\/\\\/www.itakaescolapios.org\\\/es\\\/#website\"},\"primaryImageOfPage\":{\"@id\":\"https:\\\/\\\/www.itakaescolapios.org\\\/pt\\\/o-que-fazemos\\\/internados\\\/internado-campesino-cocapata-bolivia\\\/#primaryimage\"},\"image\":{\"@id\":\"https:\\\/\\\/www.itakaescolapios.org\\\/pt\\\/o-que-fazemos\\\/internados\\\/internado-campesino-cocapata-bolivia\\\/#primaryimage\"},\"thumbnailUrl\":\"https:\\\/\\\/www.itakaescolapios.org\\\/wp-content\\\/uploads\\\/2012\\\/06\\\/Internados-Cocapata-1-Bolivia.jpg\",\"datePublished\":\"2012-06-04T10:20:27+00:00\",\"dateModified\":\"2023-11-28T11:39:46+00:00\",\"breadcrumb\":{\"@id\":\"https:\\\/\\\/www.itakaescolapios.org\\\/pt\\\/o-que-fazemos\\\/internados\\\/internado-campesino-cocapata-bolivia\\\/#breadcrumb\"},\"inLanguage\":\"pt-BR\",\"potentialAction\":[{\"@type\":\"ReadAction\",\"target\":[\"https:\\\/\\\/www.itakaescolapios.org\\\/pt\\\/o-que-fazemos\\\/internados\\\/internado-campesino-cocapata-bolivia\\\/\"]}]},{\"@type\":\"ImageObject\",\"inLanguage\":\"pt-BR\",\"@id\":\"https:\\\/\\\/www.itakaescolapios.org\\\/pt\\\/o-que-fazemos\\\/internados\\\/internado-campesino-cocapata-bolivia\\\/#primaryimage\",\"url\":\"https:\\\/\\\/www.itakaescolapios.org\\\/wp-content\\\/uploads\\\/2012\\\/06\\\/Internados-Cocapata-1-Bolivia.jpg\",\"contentUrl\":\"https:\\\/\\\/www.itakaescolapios.org\\\/wp-content\\\/uploads\\\/2012\\\/06\\\/Internados-Cocapata-1-Bolivia.jpg\",\"width\":\"1200\",\"height\":\"900\"},{\"@type\":\"BreadcrumbList\",\"@id\":\"https:\\\/\\\/www.itakaescolapios.org\\\/pt\\\/o-que-fazemos\\\/internados\\\/internado-campesino-cocapata-bolivia\\\/#breadcrumb\",\"itemListElement\":[{\"@type\":\"ListItem\",\"position\":1,\"name\":\"Itaka-Escolapios\",\"item\":\"https:\\\/\\\/www.itakaescolapios.org\\\/es\\\/\"},{\"@type\":\"ListItem\",\"position\":2,\"name\":\"O que fazemos\",\"item\":\"https:\\\/\\\/www.itakaescolapios.org\\\/es\\\/que-hacemos\\\/\"},{\"@type\":\"ListItem\",\"position\":3,\"name\":\"Internados\",\"item\":\"https:\\\/\\\/www.itakaescolapios.org\\\/es\\\/que-hacemos\\\/internados\\\/\"},{\"@type\":\"ListItem\",\"position\":4,\"name\":\"Internado Campesino Cocapata (Bolivia)\"}]},{\"@type\":\"WebSite\",\"@id\":\"https:\\\/\\\/www.itakaescolapios.org\\\/pt\\\/es\\\/#website\",\"url\":\"https:\\\/\\\/www.itakaescolapios.org\\\/pt\\\/es\\\/\",\"name\":\"Itaka-Escolapios\",\"description\":\"Red de Itaka-Escolapios\",\"publisher\":{\"@id\":\"https:\\\/\\\/www.itakaescolapios.org\\\/pt\\\/es\\\/#organization\"},\"potentialAction\":[{\"@type\":\"SearchAction\",\"target\":{\"@type\":\"EntryPoint\",\"urlTemplate\":\"https:\\\/\\\/www.itakaescolapios.org\\\/pt\\\/es\\\/?s={search_term_string}\"},\"query-input\":{\"@type\":\"PropertyValueSpecification\",\"valueRequired\":true,\"valueName\":\"search_term_string\"}}],\"inLanguage\":\"pt-BR\"},{\"@type\":\"Organization\",\"@id\":\"https:\\\/\\\/www.itakaescolapios.org\\\/pt\\\/es\\\/#organization\",\"name\":\"Fundaci\u00f3 Itaka-Escolapios\",\"url\":\"https:\\\/\\\/www.itakaescolapios.org\\\/pt\\\/es\\\/\",\"logo\":{\"@type\":\"ImageObject\",\"inLanguage\":\"pt-BR\",\"@id\":\"https:\\\/\\\/www.itakaescolapios.org\\\/pt\\\/es\\\/#\\\/schema\\\/logo\\\/image\\\/\",\"url\":\"https:\\\/\\\/www.itakaescolapios.org\\\/wp-content\\\/uploads\\\/2024\\\/04\\\/Logo-itakaescolapios-peque.png\",\"contentUrl\":\"https:\\\/\\\/www.itakaescolapios.org\\\/wp-content\\\/uploads\\\/2024\\\/04\\\/Logo-itakaescolapios-peque.png\",\"width\":500,\"height\":199,\"caption\":\"Fundaci\u00f3 Itaka-Escolapios\"},\"image\":{\"@id\":\"https:\\\/\\\/www.itakaescolapios.org\\\/pt\\\/es\\\/#\\\/schema\\\/logo\\\/image\\\/\"}}]}<\/script>\n<!-- \/ Yoast SEO plugin. -->","yoast_head_json":{"title":"Internado Campesino Cocapata (Bolivia)","description":"Las comunidades m\u00e1s cercanas al n\u00facleo en el que se sit\u00faa la escuela de Cocapata est\u00e1n a 5 horas de camino.\u00a0 En muchos de los casos hay que atravesar varios r\u00edos o altas cumbres de m\u00e1s de 4.000 metros de altura. Esto hace la necesidad del internado m\u00e1s que evidente. Tras la demanda de los&hellip;","robots":{"index":"index","follow":"follow","max-snippet":"max-snippet:-1","max-image-preview":"max-image-preview:large","max-video-preview":"max-video-preview:-1"},"canonical":"Las comunidades m\u00e1s cercanas al n\u00facleo en el que se sit\u00faa la escuela de Cocapata est\u00e1n a 5 horas de camino.\u00a0 En muchos de los casos hay que atravesar varios r\u00edos o altas cumbres de m\u00e1s de 4.000 metros de altura. Esto hace la necesidad del internado m\u00e1s que evidente. Tras la demanda de los&hellip;","og_locale":"pt_BR","og_type":"article","og_title":"Internado Campesino Cocapata (Bolivia)","og_description":"Las comunidades m\u00e1s cercanas al n\u00facleo en el que se sit\u00faa la escuela de Cocapata est\u00e1n a 5 horas de camino.\u00a0 En muchos de los casos hay que atravesar varios r\u00edos o altas cumbres de m\u00e1s de 4.000 metros de altura. Esto hace la necesidad del internado m\u00e1s que evidente. Tras la demanda de los&hellip;","og_url":"https:\/\/www.itakaescolapios.org\/pt\/o-que-fazemos\/internados\/internado-campesino-cocapata-bolivia\/","og_site_name":"Itaka-Escolapios","article_modified_time":"2023-11-28T11:39:46+00:00","og_image":[{"width":1200,"height":900,"url":"https:\/\/www.itakaescolapios.org\/wp-content\/uploads\/2012\/06\/Internados-Cocapata-1-Bolivia.jpg","type":"image\/jpeg"}],"twitter_card":"summary_large_image","twitter_misc":{"Est. tempo de leitura":"1 minuto"},"schema":{"@context":"https:\/\/schema.org","@graph":[{"@type":"WebPage","@id":"https:\/\/www.itakaescolapios.org\/pt\/o-que-fazemos\/internados\/internado-campesino-cocapata-bolivia\/","url":"https:\/\/www.itakaescolapios.org\/pt\/o-que-fazemos\/internados\/internado-campesino-cocapata-bolivia\/","name":"Internado Campesino Cocapata (Bolivia) - Itaka-Escolapios","isPartOf":{"@id":"https:\/\/www.itakaescolapios.org\/es\/#website"},"primaryImageOfPage":{"@id":"https:\/\/www.itakaescolapios.org\/pt\/o-que-fazemos\/internados\/internado-campesino-cocapata-bolivia\/#primaryimage"},"image":{"@id":"https:\/\/www.itakaescolapios.org\/pt\/o-que-fazemos\/internados\/internado-campesino-cocapata-bolivia\/#primaryimage"},"thumbnailUrl":"https:\/\/www.itakaescolapios.org\/wp-content\/uploads\/2012\/06\/Internados-Cocapata-1-Bolivia.jpg","datePublished":"2012-06-04T10:20:27+00:00","dateModified":"2023-11-28T11:39:46+00:00","breadcrumb":{"@id":"https:\/\/www.itakaescolapios.org\/pt\/o-que-fazemos\/internados\/internado-campesino-cocapata-bolivia\/#breadcrumb"},"inLanguage":"pt-BR","potentialAction":[{"@type":"ReadAction","target":["https:\/\/www.itakaescolapios.org\/pt\/o-que-fazemos\/internados\/internado-campesino-cocapata-bolivia\/"]}]},{"@type":"ImageObject","inLanguage":"pt-BR","@id":"https:\/\/www.itakaescolapios.org\/pt\/o-que-fazemos\/internados\/internado-campesino-cocapata-bolivia\/#primaryimage","url":"https:\/\/www.itakaescolapios.org\/wp-content\/uploads\/2012\/06\/Internados-Cocapata-1-Bolivia.jpg","contentUrl":"https:\/\/www.itakaescolapios.org\/wp-content\/uploads\/2012\/06\/Internados-Cocapata-1-Bolivia.jpg","width":"1200","height":"900"},{"@type":"BreadcrumbList","@id":"https:\/\/www.itakaescolapios.org\/pt\/o-que-fazemos\/internados\/internado-campesino-cocapata-bolivia\/#breadcrumb","itemListElement":[{"@type":"ListItem","position":1,"name":"Itaka-Escolapios","item":"https:\/\/www.itakaescolapios.org\/es\/"},{"@type":"ListItem","position":2,"name":"O que fazemos","item":"https:\/\/www.itakaescolapios.org\/es\/que-hacemos\/"},{"@type":"ListItem","position":3,"name":"Internados","item":"https:\/\/www.itakaescolapios.org\/es\/que-hacemos\/internados\/"},{"@type":"ListItem","position":4,"name":"Internado Campesino Cocapata (Bolivia)"}]},{"@type":"WebSite","@id":"https:\/\/www.itakaescolapios.org\/pt\/es\/#website","url":"https:\/\/www.itakaescolapios.org\/pt\/es\/","name":"Itaka-Escolapios","description":"Red de Itaka-Escolapios","publisher":{"@id":"https:\/\/www.itakaescolapios.org\/pt\/es\/#organization"},"potentialAction":[{"@type":"SearchAction","target":{"@type":"EntryPoint","urlTemplate":"https:\/\/www.itakaescolapios.org\/pt\/es\/?s={search_term_string}"},"query-input":{"@type":"PropertyValueSpecification","valueRequired":true,"valueName":"search_term_string"}}],"inLanguage":"pt-BR"},{"@type":"Organization","@id":"https:\/\/www.itakaescolapios.org\/pt\/es\/#organization","name":"Fundaci\u00f3 Itaka-Escolapios","url":"https:\/\/www.itakaescolapios.org\/pt\/es\/","logo":{"@type":"ImageObject","inLanguage":"pt-BR","@id":"https:\/\/www.itakaescolapios.org\/pt\/es\/#\/schema\/logo\/image\/","url":"https:\/\/www.itakaescolapios.org\/wp-content\/uploads\/2024\/04\/Logo-itakaescolapios-peque.png","contentUrl":"https:\/\/www.itakaescolapios.org\/wp-content\/uploads\/2024\/04\/Logo-itakaescolapios-peque.png","width":500,"height":199,"caption":"Fundaci\u00f3 Itaka-Escolapios"},"image":{"@id":"https:\/\/www.itakaescolapios.org\/pt\/es\/#\/schema\/logo\/image\/"}}]}},"_links":{"self":[{"href":"https:\/\/www.itakaescolapios.org\/pt\/wp-json\/wp\/v2\/pages\/395","targetHints":{"allow":["GET"]}}],"collection":[{"href":"https:\/\/www.itakaescolapios.org\/pt\/wp-json\/wp\/v2\/pages"}],"about":[{"href":"https:\/\/www.itakaescolapios.org\/pt\/wp-json\/wp\/v2\/types\/page"}],"author":[{"embeddable":true,"href":"https:\/\/www.itakaescolapios.org\/pt\/wp-json\/wp\/v2\/users\/1"}],"replies":[{"embeddable":true,"href":"https:\/\/www.itakaescolapios.org\/pt\/wp-json\/wp\/v2\/comments?post=395"}],"version-history":[{"count":10,"href":"https:\/\/www.itakaescolapios.org\/pt\/wp-json\/wp\/v2\/pages\/395\/revisions"}],"predecessor-version":[{"id":50233,"href":"https:\/\/www.itakaescolapios.org\/pt\/wp-json\/wp\/v2\/pages\/395\/revisions\/50233"}],"up":[{"embeddable":true,"href":"https:\/\/www.itakaescolapios.org\/pt\/wp-json\/wp\/v2\/pages\/93"}],"wp:featuredmedia":[{"embeddable":true,"href":"https:\/\/www.itakaescolapios.org\/pt\/wp-json\/wp\/v2\/media\/1414"}],"wp:attachment":[{"href":"https:\/\/www.itakaescolapios.org\/pt\/wp-json\/wp\/v2\/media?parent=395"}],"curies":[{"name":"wp","href":"https:\/\/api.w.org\/{rel}","templated":true}]}}