{"id":401,"date":"2012-06-04T11:21:27","date_gmt":"2012-06-04T10:21:27","guid":{"rendered":"https:\/\/www.itakaescolapios.org\/?page_id=401"},"modified":"2023-11-28T12:39:46","modified_gmt":"2023-11-28T11:39:46","slug":"internado-kamda-india","status":"publish","type":"page","link":"https:\/\/www.itakaescolapios.org\/pt\/o-que-fazemos\/internados\/internado-kamda-india\/","title":{"rendered":"INTERNADO SAN JOS\u00c9 DE CALASANZ de KAMDA (INDIA)"},"content":{"rendered":"<p style=\"text-align: justify;\" align=\"JUSTIFY\">El internado de Kamda es la \u00fanica forma de garantizar el acceso a educaci\u00f3n para muchos de los menores que viven muy alejados de la escuela, rodeada de pocos y malos caminos de acceso, por supuesto sin transporte p\u00fablico ni servicios similares.<\/p>\n<p style=\"text-align: justify;\" align=\"JUSTIFY\">Aquellos menores cuyas familias pueden permit\u00edrselo utilizan viejas bicicletas para realizar los largos desplazamientos. Sin embargo aquellas familias con menos medios recurren al internado para garantizar que sus hijos pueden estudiar, porque la distancia entre sus casas y las escuelas es demasiado grande para ser recorrida en un d\u00eda<\/p>\n<p><!--more--><\/p>\n","protected":false},"excerpt":{"rendered":"<p>El internado de Kamda es la \u00fanica forma de garantizar el acceso a educaci\u00f3n para muchos de los menores que viven muy alejados de la escuela, rodeada de pocos y [&hellip;]<\/p>\n","protected":false},"author":1,"featured_media":1675,"parent":93,"menu_order":5,"comment_status":"closed","ping_status":"closed","template":"","meta":{"_et_pb_use_builder":"","_et_pb_old_content":"","_et_gb_content_width":"","footnotes":""},"class_list":["post-401","page","type-page","status-publish","has-post-thumbnail","hentry"],"yoast_head":"<!-- This site is optimized with the Yoast SEO plugin v27.3 - https:\/\/yoast.com\/product\/yoast-seo-wordpress\/ -->\n<title>INTERNADO SAN JOS\u00c9 DE CALASANZ de KAMDA (INDIA)<\/title>\n<meta name=\"description\" content=\"El internado de Kamda es la \u00fanica forma de garantizar el acceso a educaci\u00f3n para muchos de los menores que viven muy alejados de la escuela, rodeada de pocos y malos caminos de acceso, por supuesto sin transporte p\u00fablico ni servicios similares. Aquellos menores cuyas familias pueden permit\u00edrselo utilizan viejas bicicletas para realizar los largos&hellip;\" \/>\n<meta name=\"robots\" content=\"index, follow, max-snippet:-1, max-image-preview:large, max-video-preview:-1\" \/>\n<link rel=\"canonical\" href=\"http:\/\/El%20internado%20de%20Kamda%20es%20la%20\u00fanica%20forma%20de%20garantizar%20el%20acceso%20a%20educaci\u00f3n%20para%20muchos%20de%20los%20menores%20que%20viven%20muy%20alejados%20de%20la%20escuela,%20rodeada%20de%20pocos%20y%20malos%20caminos%20de%20acceso,%20por%20supuesto%20sin%20transporte%20p\u00fablico%20ni%20servicios%20similares.%20Aquellos%20menores%20cuyas%20familias%20pueden%20permit\u00edrselo%20utilizan%20viejas%20bicicletas%20para%20realizar%20los%20largos&hellip;\" \/>\n<meta property=\"og:locale\" content=\"pt_BR\" \/>\n<meta property=\"og:type\" content=\"article\" \/>\n<meta property=\"og:title\" content=\"INTERNADO SAN JOS\u00c9 DE CALASANZ de KAMDA (INDIA)\" \/>\n<meta property=\"og:description\" content=\"El internado de Kamda es la \u00fanica forma de garantizar el acceso a educaci\u00f3n para muchos de los menores que viven muy alejados de la escuela, rodeada de pocos y malos caminos de acceso, por supuesto sin transporte p\u00fablico ni servicios similares. Aquellos menores cuyas familias pueden permit\u00edrselo utilizan viejas bicicletas para realizar los largos&hellip;\" \/>\n<meta property=\"og:url\" content=\"https:\/\/www.itakaescolapios.org\/pt\/o-que-fazemos\/internados\/internado-kamda-india\/\" \/>\n<meta property=\"og:site_name\" content=\"Itaka-Escolapios\" \/>\n<meta property=\"article:modified_time\" content=\"2023-11-28T11:39:46+00:00\" \/>\n<meta property=\"og:image\" content=\"https:\/\/www.itakaescolapios.org\/wp-content\/uploads\/2012\/06\/Internados-Kamda-3-India.jpg\" \/>\n\t<meta property=\"og:image:width\" content=\"1200\" \/>\n\t<meta property=\"og:image:height\" content=\"912\" \/>\n\t<meta property=\"og:image:type\" content=\"image\/jpeg\" \/>\n<meta name=\"twitter:card\" content=\"summary_large_image\" \/>\n<script type=\"application\/ld+json\" class=\"yoast-schema-graph\">{\"@context\":\"https:\\\/\\\/schema.org\",\"@graph\":[{\"@type\":\"WebPage\",\"@id\":\"https:\\\/\\\/www.itakaescolapios.org\\\/pt\\\/o-que-fazemos\\\/internados\\\/internado-kamda-india\\\/\",\"url\":\"https:\\\/\\\/www.itakaescolapios.org\\\/pt\\\/o-que-fazemos\\\/internados\\\/internado-kamda-india\\\/\",\"name\":\"INTERNADO SAN JOS\u00c9 DE CALASANZ de KAMDA (INDIA) - Itaka-Escolapios\",\"isPartOf\":{\"@id\":\"https:\\\/\\\/www.itakaescolapios.org\\\/es\\\/#website\"},\"primaryImageOfPage\":{\"@id\":\"https:\\\/\\\/www.itakaescolapios.org\\\/pt\\\/o-que-fazemos\\\/internados\\\/internado-kamda-india\\\/#primaryimage\"},\"image\":{\"@id\":\"https:\\\/\\\/www.itakaescolapios.org\\\/pt\\\/o-que-fazemos\\\/internados\\\/internado-kamda-india\\\/#primaryimage\"},\"thumbnailUrl\":\"https:\\\/\\\/www.itakaescolapios.org\\\/wp-content\\\/uploads\\\/2012\\\/06\\\/Internados-Kamda-3-India.jpg\",\"datePublished\":\"2012-06-04T10:21:27+00:00\",\"dateModified\":\"2023-11-28T11:39:46+00:00\",\"breadcrumb\":{\"@id\":\"https:\\\/\\\/www.itakaescolapios.org\\\/pt\\\/o-que-fazemos\\\/internados\\\/internado-kamda-india\\\/#breadcrumb\"},\"inLanguage\":\"pt-BR\",\"potentialAction\":[{\"@type\":\"ReadAction\",\"target\":[\"https:\\\/\\\/www.itakaescolapios.org\\\/pt\\\/o-que-fazemos\\\/internados\\\/internado-kamda-india\\\/\"]}]},{\"@type\":\"ImageObject\",\"inLanguage\":\"pt-BR\",\"@id\":\"https:\\\/\\\/www.itakaescolapios.org\\\/pt\\\/o-que-fazemos\\\/internados\\\/internado-kamda-india\\\/#primaryimage\",\"url\":\"https:\\\/\\\/www.itakaescolapios.org\\\/wp-content\\\/uploads\\\/2012\\\/06\\\/Internados-Kamda-3-India.jpg\",\"contentUrl\":\"https:\\\/\\\/www.itakaescolapios.org\\\/wp-content\\\/uploads\\\/2012\\\/06\\\/Internados-Kamda-3-India.jpg\",\"width\":\"1200\",\"height\":\"912\"},{\"@type\":\"BreadcrumbList\",\"@id\":\"https:\\\/\\\/www.itakaescolapios.org\\\/pt\\\/o-que-fazemos\\\/internados\\\/internado-kamda-india\\\/#breadcrumb\",\"itemListElement\":[{\"@type\":\"ListItem\",\"position\":1,\"name\":\"Itaka-Escolapios\",\"item\":\"https:\\\/\\\/www.itakaescolapios.org\\\/es\\\/\"},{\"@type\":\"ListItem\",\"position\":2,\"name\":\"O que fazemos\",\"item\":\"https:\\\/\\\/www.itakaescolapios.org\\\/es\\\/que-hacemos\\\/\"},{\"@type\":\"ListItem\",\"position\":3,\"name\":\"Internados\",\"item\":\"https:\\\/\\\/www.itakaescolapios.org\\\/es\\\/que-hacemos\\\/internados\\\/\"},{\"@type\":\"ListItem\",\"position\":4,\"name\":\"INTERNADO SAN JOS\u00c9 DE CALASANZ de KAMDA (INDIA)\"}]},{\"@type\":\"WebSite\",\"@id\":\"https:\\\/\\\/www.itakaescolapios.org\\\/pt\\\/es\\\/#website\",\"url\":\"https:\\\/\\\/www.itakaescolapios.org\\\/pt\\\/es\\\/\",\"name\":\"Itaka-Escolapios\",\"description\":\"Red de Itaka-Escolapios\",\"publisher\":{\"@id\":\"https:\\\/\\\/www.itakaescolapios.org\\\/pt\\\/es\\\/#organization\"},\"potentialAction\":[{\"@type\":\"SearchAction\",\"target\":{\"@type\":\"EntryPoint\",\"urlTemplate\":\"https:\\\/\\\/www.itakaescolapios.org\\\/pt\\\/es\\\/?s={search_term_string}\"},\"query-input\":{\"@type\":\"PropertyValueSpecification\",\"valueRequired\":true,\"valueName\":\"search_term_string\"}}],\"inLanguage\":\"pt-BR\"},{\"@type\":\"Organization\",\"@id\":\"https:\\\/\\\/www.itakaescolapios.org\\\/pt\\\/es\\\/#organization\",\"name\":\"Fundaci\u00f3 Itaka-Escolapios\",\"url\":\"https:\\\/\\\/www.itakaescolapios.org\\\/pt\\\/es\\\/\",\"logo\":{\"@type\":\"ImageObject\",\"inLanguage\":\"pt-BR\",\"@id\":\"https:\\\/\\\/www.itakaescolapios.org\\\/pt\\\/es\\\/#\\\/schema\\\/logo\\\/image\\\/\",\"url\":\"https:\\\/\\\/www.itakaescolapios.org\\\/wp-content\\\/uploads\\\/2024\\\/04\\\/Logo-itakaescolapios-peque.png\",\"contentUrl\":\"https:\\\/\\\/www.itakaescolapios.org\\\/wp-content\\\/uploads\\\/2024\\\/04\\\/Logo-itakaescolapios-peque.png\",\"width\":500,\"height\":199,\"caption\":\"Fundaci\u00f3 Itaka-Escolapios\"},\"image\":{\"@id\":\"https:\\\/\\\/www.itakaescolapios.org\\\/pt\\\/es\\\/#\\\/schema\\\/logo\\\/image\\\/\"}}]}<\/script>\n<!-- \/ Yoast SEO plugin. -->","yoast_head_json":{"title":"INTERNADO SAN JOS\u00c9 DE CALASANZ de KAMDA (INDIA)","description":"El internado de Kamda es la \u00fanica forma de garantizar el acceso a educaci\u00f3n para muchos de los menores que viven muy alejados de la escuela, rodeada de pocos y malos caminos de acceso, por supuesto sin transporte p\u00fablico ni servicios similares. Aquellos menores cuyas familias pueden permit\u00edrselo utilizan viejas bicicletas para realizar los largos&hellip;","robots":{"index":"index","follow":"follow","max-snippet":"max-snippet:-1","max-image-preview":"max-image-preview:large","max-video-preview":"max-video-preview:-1"},"canonical":"El internado de Kamda es la \u00fanica forma de garantizar el acceso a educaci\u00f3n para muchos de los menores que viven muy alejados de la escuela, rodeada de pocos y malos caminos de acceso, por supuesto sin transporte p\u00fablico ni servicios similares. Aquellos menores cuyas familias pueden permit\u00edrselo utilizan viejas bicicletas para realizar los largos&hellip;","og_locale":"pt_BR","og_type":"article","og_title":"INTERNADO SAN JOS\u00c9 DE CALASANZ de KAMDA (INDIA)","og_description":"El internado de Kamda es la \u00fanica forma de garantizar el acceso a educaci\u00f3n para muchos de los menores que viven muy alejados de la escuela, rodeada de pocos y malos caminos de acceso, por supuesto sin transporte p\u00fablico ni servicios similares. Aquellos menores cuyas familias pueden permit\u00edrselo utilizan viejas bicicletas para realizar los largos&hellip;","og_url":"https:\/\/www.itakaescolapios.org\/pt\/o-que-fazemos\/internados\/internado-kamda-india\/","og_site_name":"Itaka-Escolapios","article_modified_time":"2023-11-28T11:39:46+00:00","og_image":[{"width":1200,"height":912,"url":"https:\/\/www.itakaescolapios.org\/wp-content\/uploads\/2012\/06\/Internados-Kamda-3-India.jpg","type":"image\/jpeg"}],"twitter_card":"summary_large_image","schema":{"@context":"https:\/\/schema.org","@graph":[{"@type":"WebPage","@id":"https:\/\/www.itakaescolapios.org\/pt\/o-que-fazemos\/internados\/internado-kamda-india\/","url":"https:\/\/www.itakaescolapios.org\/pt\/o-que-fazemos\/internados\/internado-kamda-india\/","name":"INTERNADO SAN JOS\u00c9 DE CALASANZ de KAMDA (INDIA) - Itaka-Escolapios","isPartOf":{"@id":"https:\/\/www.itakaescolapios.org\/es\/#website"},"primaryImageOfPage":{"@id":"https:\/\/www.itakaescolapios.org\/pt\/o-que-fazemos\/internados\/internado-kamda-india\/#primaryimage"},"image":{"@id":"https:\/\/www.itakaescolapios.org\/pt\/o-que-fazemos\/internados\/internado-kamda-india\/#primaryimage"},"thumbnailUrl":"https:\/\/www.itakaescolapios.org\/wp-content\/uploads\/2012\/06\/Internados-Kamda-3-India.jpg","datePublished":"2012-06-04T10:21:27+00:00","dateModified":"2023-11-28T11:39:46+00:00","breadcrumb":{"@id":"https:\/\/www.itakaescolapios.org\/pt\/o-que-fazemos\/internados\/internado-kamda-india\/#breadcrumb"},"inLanguage":"pt-BR","potentialAction":[{"@type":"ReadAction","target":["https:\/\/www.itakaescolapios.org\/pt\/o-que-fazemos\/internados\/internado-kamda-india\/"]}]},{"@type":"ImageObject","inLanguage":"pt-BR","@id":"https:\/\/www.itakaescolapios.org\/pt\/o-que-fazemos\/internados\/internado-kamda-india\/#primaryimage","url":"https:\/\/www.itakaescolapios.org\/wp-content\/uploads\/2012\/06\/Internados-Kamda-3-India.jpg","contentUrl":"https:\/\/www.itakaescolapios.org\/wp-content\/uploads\/2012\/06\/Internados-Kamda-3-India.jpg","width":"1200","height":"912"},{"@type":"BreadcrumbList","@id":"https:\/\/www.itakaescolapios.org\/pt\/o-que-fazemos\/internados\/internado-kamda-india\/#breadcrumb","itemListElement":[{"@type":"ListItem","position":1,"name":"Itaka-Escolapios","item":"https:\/\/www.itakaescolapios.org\/es\/"},{"@type":"ListItem","position":2,"name":"O que fazemos","item":"https:\/\/www.itakaescolapios.org\/es\/que-hacemos\/"},{"@type":"ListItem","position":3,"name":"Internados","item":"https:\/\/www.itakaescolapios.org\/es\/que-hacemos\/internados\/"},{"@type":"ListItem","position":4,"name":"INTERNADO SAN JOS\u00c9 DE CALASANZ de KAMDA (INDIA)"}]},{"@type":"WebSite","@id":"https:\/\/www.itakaescolapios.org\/pt\/es\/#website","url":"https:\/\/www.itakaescolapios.org\/pt\/es\/","name":"Itaka-Escolapios","description":"Red de Itaka-Escolapios","publisher":{"@id":"https:\/\/www.itakaescolapios.org\/pt\/es\/#organization"},"potentialAction":[{"@type":"SearchAction","target":{"@type":"EntryPoint","urlTemplate":"https:\/\/www.itakaescolapios.org\/pt\/es\/?s={search_term_string}"},"query-input":{"@type":"PropertyValueSpecification","valueRequired":true,"valueName":"search_term_string"}}],"inLanguage":"pt-BR"},{"@type":"Organization","@id":"https:\/\/www.itakaescolapios.org\/pt\/es\/#organization","name":"Fundaci\u00f3 Itaka-Escolapios","url":"https:\/\/www.itakaescolapios.org\/pt\/es\/","logo":{"@type":"ImageObject","inLanguage":"pt-BR","@id":"https:\/\/www.itakaescolapios.org\/pt\/es\/#\/schema\/logo\/image\/","url":"https:\/\/www.itakaescolapios.org\/wp-content\/uploads\/2024\/04\/Logo-itakaescolapios-peque.png","contentUrl":"https:\/\/www.itakaescolapios.org\/wp-content\/uploads\/2024\/04\/Logo-itakaescolapios-peque.png","width":500,"height":199,"caption":"Fundaci\u00f3 Itaka-Escolapios"},"image":{"@id":"https:\/\/www.itakaescolapios.org\/pt\/es\/#\/schema\/logo\/image\/"}}]}},"_links":{"self":[{"href":"https:\/\/www.itakaescolapios.org\/pt\/wp-json\/wp\/v2\/pages\/401","targetHints":{"allow":["GET"]}}],"collection":[{"href":"https:\/\/www.itakaescolapios.org\/pt\/wp-json\/wp\/v2\/pages"}],"about":[{"href":"https:\/\/www.itakaescolapios.org\/pt\/wp-json\/wp\/v2\/types\/page"}],"author":[{"embeddable":true,"href":"https:\/\/www.itakaescolapios.org\/pt\/wp-json\/wp\/v2\/users\/1"}],"replies":[{"embeddable":true,"href":"https:\/\/www.itakaescolapios.org\/pt\/wp-json\/wp\/v2\/comments?post=401"}],"version-history":[{"count":13,"href":"https:\/\/www.itakaescolapios.org\/pt\/wp-json\/wp\/v2\/pages\/401\/revisions"}],"predecessor-version":[{"id":50227,"href":"https:\/\/www.itakaescolapios.org\/pt\/wp-json\/wp\/v2\/pages\/401\/revisions\/50227"}],"up":[{"embeddable":true,"href":"https:\/\/www.itakaescolapios.org\/pt\/wp-json\/wp\/v2\/pages\/93"}],"wp:featuredmedia":[{"embeddable":true,"href":"https:\/\/www.itakaescolapios.org\/pt\/wp-json\/wp\/v2\/media\/1675"}],"wp:attachment":[{"href":"https:\/\/www.itakaescolapios.org\/pt\/wp-json\/wp\/v2\/media?parent=401"}],"curies":[{"name":"wp","href":"https:\/\/api.w.org\/{rel}","templated":true}]}}