{"id":4099,"date":"2012-11-07T15:34:18","date_gmt":"2012-11-07T14:34:18","guid":{"rendered":"https:\/\/www.itakaescolapios.org\/?page_id=4099"},"modified":"2023-11-28T12:39:34","modified_gmt":"2023-11-28T11:39:34","slug":"itaka-escolapios-y-la-educacion-primaria","status":"publish","type":"page","link":"https:\/\/www.itakaescolapios.org\/pt\/campanas\/educacion-futuro\/itaka-escolapios-y-la-educacion-primaria\/","title":{"rendered":"Itaka-Escolapios y la educaci\u00f3n primaria"},"content":{"rendered":"<p><a href=\"https:\/\/www.itakaescolapios.org\/campanas\/itaka-escolapios-y-la-educacion-primaria\/colegio-primaria-el-trompillo-3\/\" rel=\"attachment wp-att-4513\"><img decoding=\"async\" class=\"aligncenter  wp-image-4513\" title=\"Colegio primaria El Trompillo (3)\" src=\"https:\/\/www.itakaescolapios.org\/wp-content\/uploads\/2012\/11\/Colegio-primaria-El-Trompillo-3-1024x536.jpg\" alt=\"\" width=\"622\" height=\"260\" \/><\/a><\/p>\n<p>Cerca de 5.000 ni\u00f1os y ni\u00f1as acuden diariamente a las trece escuelas que Itaka-Escolapios impulsa en Bolivia, Camer\u00fan e India.<\/p>\n<p>Mil de\u00a0esos alumnos ya\u00a0alumnas se acercan a nuestra escuela\u00a0en el municipio boliviano de Anzaldo a m\u00e1s de 3.000 metros de altitud. Otros mil tienen que caminar por zonas boscosas para llegar a la escuela Calasanz de Kamda o acercarse desde la costa del Oce\u00e1no Indico a la escuela Villa Natharet de Aryanad, ambas en la India. Finalmente cerca de tres mil asisten a las diez escuelas que mantenemos en Camer\u00fan: San Miguel en Futru, San Agust\u00edn en Mbelem, San Jos\u00e9 de Calasanz en Menteh, San Antonio en Bamenjou, Santa Teresa en Toba, San Mauricio en Latsit, San Fabian en Mboum, San Gabriel en Toumi, San Miguel en Ndang y San Jos\u00e9 de Calasanz en Bafia.<\/p>\n<p>Pinchando en los siguientes apartados podr\u00e1s ver la actividad de Itaka-Escolapios en cada una de ellas:<\/p>\n<ul>\n<li><a href=\"https:\/\/www.itakaescolapios.org\/que-hacemos\/apoyo-a-centros-escolares\/escuela-de-anzaldo-bolivia\/\">Escuela de Anzaldo (Bolivia)<\/a><\/li>\n<li><a href=\"https:\/\/www.itakaescolapios.org\/que-hacemos\/apoyo-a-centros-escolares\/escuela-de-kamda-india\/\">Escuela Calasanz de Kamda (India)<\/a><\/li>\n<li><a href=\"https:\/\/www.itakaescolapios.org\/que-hacemos\/apoyo-a-centros-escolares\/escuela-de-aryanad-india\/\">Escuela Villa Natharet de Aryanad (India)<\/a><\/li>\n<li><a href=\"https:\/\/www.itakaescolapios.org\/que-hacemos\/apoyo-a-centros-escolares\/escuelas-primarias-de-bamenda-camerun\/\">Escuelas primarias de Bamenda (Camer\u00fan)<\/a><\/li>\n<li><a href=\"https:\/\/www.itakaescolapios.org\/que-hacemos\/apoyo-a-centros-escolares\/escuelas-primarias-de-bamendjou-camerun\/\">Escuelas primarias de Bamendjou (Camer\u00fan)<\/a><\/li>\n<li><a href=\"https:\/\/www.itakaescolapios.org\/que-hacemos\/apoyo-a-centros-escolares\/escuela-primaria-de-bafia-camerun\/\">Escuela primaria de Bafia (Camer\u00fan)<\/a><\/li>\n<\/ul>\n<p>Adem\u00e1s de este trabajo directo en las aulas son otras las realidades que tienen relaci\u00f3n directa con la educaci\u00f3n primaria y de las que es responsable Itaka-Escolapios: el programa jornada ampliada que desarrollamos en los centros socio educativos de las ciudades de\u00a0<a href=\"https:\/\/www.itakaescolapios.org\/que-hacemos\/centros-socio-educativos\/cse-serra-brasil\/\">Serra<\/a> y <a href=\"https:\/\/www.itakaescolapios.org\/que-hacemos\/centros-socio-educativos\/cse-governador-de-valadares-brasil\/\">Governador de Valadares <\/a>en Brasil, el centro de necesidades educativas especiales del barrio de <a href=\"https:\/\/www.itakaescolapios.org\/que-hacemos\/centros-socio-educativos\/centro-de-necesidades-educativas-especiales-de-lomas-en-valencia-venezuela\/\">Lomas <\/a>en\u00a0la ciudad venezolana de Valencia o el programa de becas en <a href=\"https:\/\/www.itakaescolapios.org\/que-hacemos\/apoyo-a-centros-escolares\/becas-escolares-de-nicaragua-y-republica-dominicana\/\">Centro Am\u00e9rica<\/a>,\u00a0son un claro ejemplo de ello.<!--more--><\/p>\n","protected":false},"excerpt":{"rendered":"<p>Cerca de 5.000 ni\u00f1os y ni\u00f1as acuden diariamente a las trece escuelas que Itaka-Escolapios impulsa en Bolivia, Camer\u00fan e India. Mil de\u00a0esos alumnos ya\u00a0alumnas se acercan a nuestra escuela\u00a0en el [&hellip;]<\/p>\n","protected":false},"author":46,"featured_media":0,"parent":3983,"menu_order":4,"comment_status":"closed","ping_status":"closed","template":"","meta":{"_et_pb_use_builder":"","_et_pb_old_content":"","_et_gb_content_width":"","footnotes":""},"class_list":["post-4099","page","type-page","status-publish","hentry"],"yoast_head":"<!-- This site is optimized with the Yoast SEO plugin v27.3 - https:\/\/yoast.com\/product\/yoast-seo-wordpress\/ -->\n<title>Itaka-Escolapios y la educaci\u00f3n primaria<\/title>\n<meta name=\"description\" content=\"Cerca de 5.000 ni\u00f1os y ni\u00f1as acuden diariamente a las trece escuelas que Itaka-Escolapios impulsa en Bolivia, Camer\u00fan e India. Mil de\u00a0esos alumnos ya\u00a0alumnas se acercan a nuestra escuela\u00a0en el municipio boliviano de Anzaldo a m\u00e1s de 3.000 metros de altitud. Otros mil tienen que caminar por zonas boscosas para llegar a la escuela Calasanz&hellip;\" \/>\n<meta name=\"robots\" content=\"index, follow, max-snippet:-1, max-image-preview:large, max-video-preview:-1\" \/>\n<link rel=\"canonical\" href=\"http:\/\/Cerca%20de%205.000%20ni\u00f1os%20y%20ni\u00f1as%20acuden%20diariamente%20a%20las%20trece%20escuelas%20que%20Itaka-Escolapios%20impulsa%20en%20Bolivia,%20Camer\u00fan%20e%20India.%20Mil%20de\u00a0esos%20alumnos%20ya\u00a0alumnas%20se%20acercan%20a%20nuestra%20escuela\u00a0en%20el%20municipio%20boliviano%20de%20Anzaldo%20a%20m\u00e1s%20de%203.000%20metros%20de%20altitud.%20Otros%20mil%20tienen%20que%20caminar%20por%20zonas%20boscosas%20para%20llegar%20a%20la%20escuela%20Calasanz&hellip;\" \/>\n<meta property=\"og:locale\" content=\"pt_BR\" \/>\n<meta property=\"og:type\" content=\"article\" \/>\n<meta property=\"og:title\" content=\"Itaka-Escolapios y la educaci\u00f3n primaria\" \/>\n<meta property=\"og:description\" content=\"Cerca de 5.000 ni\u00f1os y ni\u00f1as acuden diariamente a las trece escuelas que Itaka-Escolapios impulsa en Bolivia, Camer\u00fan e India. Mil de\u00a0esos alumnos ya\u00a0alumnas se acercan a nuestra escuela\u00a0en el municipio boliviano de Anzaldo a m\u00e1s de 3.000 metros de altitud. Otros mil tienen que caminar por zonas boscosas para llegar a la escuela Calasanz&hellip;\" \/>\n<meta property=\"og:url\" content=\"https:\/\/www.itakaescolapios.org\/pt\/campanas\/educacion-futuro\/itaka-escolapios-y-la-educacion-primaria\/\" \/>\n<meta property=\"og:site_name\" content=\"Itaka-Escolapios\" \/>\n<meta property=\"article:modified_time\" content=\"2023-11-28T11:39:34+00:00\" \/>\n<meta property=\"og:image\" content=\"https:\/\/www.itakaescolapios.org\/wp-content\/uploads\/2012\/11\/Colegio-primaria-El-Trompillo-3.jpg\" \/>\n\t<meta property=\"og:image:width\" content=\"2000\" \/>\n\t<meta property=\"og:image:height\" content=\"1048\" \/>\n\t<meta property=\"og:image:type\" content=\"image\/jpeg\" \/>\n<meta name=\"twitter:card\" content=\"summary_large_image\" \/>\n<meta name=\"twitter:label1\" content=\"Est. tempo de leitura\" \/>\n\t<meta name=\"twitter:data1\" content=\"1 minuto\" \/>\n<script type=\"application\/ld+json\" class=\"yoast-schema-graph\">{\"@context\":\"https:\\\/\\\/schema.org\",\"@graph\":[{\"@type\":\"WebPage\",\"@id\":\"https:\\\/\\\/www.itakaescolapios.org\\\/pt\\\/campanas\\\/educacion-futuro\\\/itaka-escolapios-y-la-educacion-primaria\\\/\",\"url\":\"https:\\\/\\\/www.itakaescolapios.org\\\/pt\\\/campanas\\\/educacion-futuro\\\/itaka-escolapios-y-la-educacion-primaria\\\/\",\"name\":\"Itaka-Escolapios y la educaci\u00f3n primaria - Itaka-Escolapios\",\"isPartOf\":{\"@id\":\"https:\\\/\\\/www.itakaescolapios.org\\\/es\\\/#website\"},\"primaryImageOfPage\":{\"@id\":\"https:\\\/\\\/www.itakaescolapios.org\\\/pt\\\/campanas\\\/educacion-futuro\\\/itaka-escolapios-y-la-educacion-primaria\\\/#primaryimage\"},\"image\":{\"@id\":\"https:\\\/\\\/www.itakaescolapios.org\\\/pt\\\/campanas\\\/educacion-futuro\\\/itaka-escolapios-y-la-educacion-primaria\\\/#primaryimage\"},\"thumbnailUrl\":\"https:\\\/\\\/www.itakaescolapios.org\\\/wp-content\\\/uploads\\\/2012\\\/11\\\/Colegio-primaria-El-Trompillo-3-1024x536.jpg\",\"datePublished\":\"2012-11-07T14:34:18+00:00\",\"dateModified\":\"2023-11-28T11:39:34+00:00\",\"breadcrumb\":{\"@id\":\"https:\\\/\\\/www.itakaescolapios.org\\\/pt\\\/campanas\\\/educacion-futuro\\\/itaka-escolapios-y-la-educacion-primaria\\\/#breadcrumb\"},\"inLanguage\":\"pt-BR\",\"potentialAction\":[{\"@type\":\"ReadAction\",\"target\":[\"https:\\\/\\\/www.itakaescolapios.org\\\/pt\\\/campanas\\\/educacion-futuro\\\/itaka-escolapios-y-la-educacion-primaria\\\/\"]}]},{\"@type\":\"ImageObject\",\"inLanguage\":\"pt-BR\",\"@id\":\"https:\\\/\\\/www.itakaescolapios.org\\\/pt\\\/campanas\\\/educacion-futuro\\\/itaka-escolapios-y-la-educacion-primaria\\\/#primaryimage\",\"url\":\"https:\\\/\\\/www.itakaescolapios.org\\\/wp-content\\\/uploads\\\/2012\\\/11\\\/Colegio-primaria-El-Trompillo-3-1024x536.jpg\",\"contentUrl\":\"https:\\\/\\\/www.itakaescolapios.org\\\/wp-content\\\/uploads\\\/2012\\\/11\\\/Colegio-primaria-El-Trompillo-3-1024x536.jpg\"},{\"@type\":\"BreadcrumbList\",\"@id\":\"https:\\\/\\\/www.itakaescolapios.org\\\/pt\\\/campanas\\\/educacion-futuro\\\/itaka-escolapios-y-la-educacion-primaria\\\/#breadcrumb\",\"itemListElement\":[{\"@type\":\"ListItem\",\"position\":1,\"name\":\"Itaka-Escolapios\",\"item\":\"https:\\\/\\\/www.itakaescolapios.org\\\/es\\\/\"},{\"@type\":\"ListItem\",\"position\":2,\"name\":\"Campa\u00f1as\",\"item\":\"https:\\\/\\\/www.itakaescolapios.org\\\/es\\\/campanas\\\/\"},{\"@type\":\"ListItem\",\"position\":3,\"name\":\"2012-2013 LA EDUCACI\u00d3N MULTIPLICA EL FUTURO\",\"item\":\"https:\\\/\\\/www.itakaescolapios.org\\\/es\\\/campanas\\\/educacion-futuro\\\/\"},{\"@type\":\"ListItem\",\"position\":4,\"name\":\"Itaka-Escolapios y la educaci\u00f3n primaria\"}]},{\"@type\":\"WebSite\",\"@id\":\"https:\\\/\\\/www.itakaescolapios.org\\\/pt\\\/es\\\/#website\",\"url\":\"https:\\\/\\\/www.itakaescolapios.org\\\/pt\\\/es\\\/\",\"name\":\"Itaka-Escolapios\",\"description\":\"Red de Itaka-Escolapios\",\"publisher\":{\"@id\":\"https:\\\/\\\/www.itakaescolapios.org\\\/pt\\\/es\\\/#organization\"},\"potentialAction\":[{\"@type\":\"SearchAction\",\"target\":{\"@type\":\"EntryPoint\",\"urlTemplate\":\"https:\\\/\\\/www.itakaescolapios.org\\\/pt\\\/es\\\/?s={search_term_string}\"},\"query-input\":{\"@type\":\"PropertyValueSpecification\",\"valueRequired\":true,\"valueName\":\"search_term_string\"}}],\"inLanguage\":\"pt-BR\"},{\"@type\":\"Organization\",\"@id\":\"https:\\\/\\\/www.itakaescolapios.org\\\/pt\\\/es\\\/#organization\",\"name\":\"Fundaci\u00f3 Itaka-Escolapios\",\"url\":\"https:\\\/\\\/www.itakaescolapios.org\\\/pt\\\/es\\\/\",\"logo\":{\"@type\":\"ImageObject\",\"inLanguage\":\"pt-BR\",\"@id\":\"https:\\\/\\\/www.itakaescolapios.org\\\/pt\\\/es\\\/#\\\/schema\\\/logo\\\/image\\\/\",\"url\":\"https:\\\/\\\/www.itakaescolapios.org\\\/wp-content\\\/uploads\\\/2024\\\/04\\\/Logo-itakaescolapios-peque.png\",\"contentUrl\":\"https:\\\/\\\/www.itakaescolapios.org\\\/wp-content\\\/uploads\\\/2024\\\/04\\\/Logo-itakaescolapios-peque.png\",\"width\":500,\"height\":199,\"caption\":\"Fundaci\u00f3 Itaka-Escolapios\"},\"image\":{\"@id\":\"https:\\\/\\\/www.itakaescolapios.org\\\/pt\\\/es\\\/#\\\/schema\\\/logo\\\/image\\\/\"}}]}<\/script>\n<!-- \/ Yoast SEO plugin. -->","yoast_head_json":{"title":"Itaka-Escolapios y la educaci\u00f3n primaria","description":"Cerca de 5.000 ni\u00f1os y ni\u00f1as acuden diariamente a las trece escuelas que Itaka-Escolapios impulsa en Bolivia, Camer\u00fan e India. Mil de\u00a0esos alumnos ya\u00a0alumnas se acercan a nuestra escuela\u00a0en el municipio boliviano de Anzaldo a m\u00e1s de 3.000 metros de altitud. Otros mil tienen que caminar por zonas boscosas para llegar a la escuela Calasanz&hellip;","robots":{"index":"index","follow":"follow","max-snippet":"max-snippet:-1","max-image-preview":"max-image-preview:large","max-video-preview":"max-video-preview:-1"},"canonical":"Cerca de 5.000 ni\u00f1os y ni\u00f1as acuden diariamente a las trece escuelas que Itaka-Escolapios impulsa en Bolivia, Camer\u00fan e India. Mil de\u00a0esos alumnos ya\u00a0alumnas se acercan a nuestra escuela\u00a0en el municipio boliviano de Anzaldo a m\u00e1s de 3.000 metros de altitud. Otros mil tienen que caminar por zonas boscosas para llegar a la escuela Calasanz&hellip;","og_locale":"pt_BR","og_type":"article","og_title":"Itaka-Escolapios y la educaci\u00f3n primaria","og_description":"Cerca de 5.000 ni\u00f1os y ni\u00f1as acuden diariamente a las trece escuelas que Itaka-Escolapios impulsa en Bolivia, Camer\u00fan e India. Mil de\u00a0esos alumnos ya\u00a0alumnas se acercan a nuestra escuela\u00a0en el municipio boliviano de Anzaldo a m\u00e1s de 3.000 metros de altitud. Otros mil tienen que caminar por zonas boscosas para llegar a la escuela Calasanz&hellip;","og_url":"https:\/\/www.itakaescolapios.org\/pt\/campanas\/educacion-futuro\/itaka-escolapios-y-la-educacion-primaria\/","og_site_name":"Itaka-Escolapios","article_modified_time":"2023-11-28T11:39:34+00:00","og_image":[{"width":2000,"height":1048,"url":"https:\/\/www.itakaescolapios.org\/wp-content\/uploads\/2012\/11\/Colegio-primaria-El-Trompillo-3.jpg","type":"image\/jpeg"}],"twitter_card":"summary_large_image","twitter_misc":{"Est. tempo de leitura":"1 minuto"},"schema":{"@context":"https:\/\/schema.org","@graph":[{"@type":"WebPage","@id":"https:\/\/www.itakaescolapios.org\/pt\/campanas\/educacion-futuro\/itaka-escolapios-y-la-educacion-primaria\/","url":"https:\/\/www.itakaescolapios.org\/pt\/campanas\/educacion-futuro\/itaka-escolapios-y-la-educacion-primaria\/","name":"Itaka-Escolapios y la educaci\u00f3n primaria - Itaka-Escolapios","isPartOf":{"@id":"https:\/\/www.itakaescolapios.org\/es\/#website"},"primaryImageOfPage":{"@id":"https:\/\/www.itakaescolapios.org\/pt\/campanas\/educacion-futuro\/itaka-escolapios-y-la-educacion-primaria\/#primaryimage"},"image":{"@id":"https:\/\/www.itakaescolapios.org\/pt\/campanas\/educacion-futuro\/itaka-escolapios-y-la-educacion-primaria\/#primaryimage"},"thumbnailUrl":"https:\/\/www.itakaescolapios.org\/wp-content\/uploads\/2012\/11\/Colegio-primaria-El-Trompillo-3-1024x536.jpg","datePublished":"2012-11-07T14:34:18+00:00","dateModified":"2023-11-28T11:39:34+00:00","breadcrumb":{"@id":"https:\/\/www.itakaescolapios.org\/pt\/campanas\/educacion-futuro\/itaka-escolapios-y-la-educacion-primaria\/#breadcrumb"},"inLanguage":"pt-BR","potentialAction":[{"@type":"ReadAction","target":["https:\/\/www.itakaescolapios.org\/pt\/campanas\/educacion-futuro\/itaka-escolapios-y-la-educacion-primaria\/"]}]},{"@type":"ImageObject","inLanguage":"pt-BR","@id":"https:\/\/www.itakaescolapios.org\/pt\/campanas\/educacion-futuro\/itaka-escolapios-y-la-educacion-primaria\/#primaryimage","url":"https:\/\/www.itakaescolapios.org\/wp-content\/uploads\/2012\/11\/Colegio-primaria-El-Trompillo-3-1024x536.jpg","contentUrl":"https:\/\/www.itakaescolapios.org\/wp-content\/uploads\/2012\/11\/Colegio-primaria-El-Trompillo-3-1024x536.jpg"},{"@type":"BreadcrumbList","@id":"https:\/\/www.itakaescolapios.org\/pt\/campanas\/educacion-futuro\/itaka-escolapios-y-la-educacion-primaria\/#breadcrumb","itemListElement":[{"@type":"ListItem","position":1,"name":"Itaka-Escolapios","item":"https:\/\/www.itakaescolapios.org\/es\/"},{"@type":"ListItem","position":2,"name":"Campa\u00f1as","item":"https:\/\/www.itakaescolapios.org\/es\/campanas\/"},{"@type":"ListItem","position":3,"name":"2012-2013 LA EDUCACI\u00d3N MULTIPLICA EL FUTURO","item":"https:\/\/www.itakaescolapios.org\/es\/campanas\/educacion-futuro\/"},{"@type":"ListItem","position":4,"name":"Itaka-Escolapios y la educaci\u00f3n primaria"}]},{"@type":"WebSite","@id":"https:\/\/www.itakaescolapios.org\/pt\/es\/#website","url":"https:\/\/www.itakaescolapios.org\/pt\/es\/","name":"Itaka-Escolapios","description":"Red de Itaka-Escolapios","publisher":{"@id":"https:\/\/www.itakaescolapios.org\/pt\/es\/#organization"},"potentialAction":[{"@type":"SearchAction","target":{"@type":"EntryPoint","urlTemplate":"https:\/\/www.itakaescolapios.org\/pt\/es\/?s={search_term_string}"},"query-input":{"@type":"PropertyValueSpecification","valueRequired":true,"valueName":"search_term_string"}}],"inLanguage":"pt-BR"},{"@type":"Organization","@id":"https:\/\/www.itakaescolapios.org\/pt\/es\/#organization","name":"Fundaci\u00f3 Itaka-Escolapios","url":"https:\/\/www.itakaescolapios.org\/pt\/es\/","logo":{"@type":"ImageObject","inLanguage":"pt-BR","@id":"https:\/\/www.itakaescolapios.org\/pt\/es\/#\/schema\/logo\/image\/","url":"https:\/\/www.itakaescolapios.org\/wp-content\/uploads\/2024\/04\/Logo-itakaescolapios-peque.png","contentUrl":"https:\/\/www.itakaescolapios.org\/wp-content\/uploads\/2024\/04\/Logo-itakaescolapios-peque.png","width":500,"height":199,"caption":"Fundaci\u00f3 Itaka-Escolapios"},"image":{"@id":"https:\/\/www.itakaescolapios.org\/pt\/es\/#\/schema\/logo\/image\/"}}]}},"_links":{"self":[{"href":"https:\/\/www.itakaescolapios.org\/pt\/wp-json\/wp\/v2\/pages\/4099","targetHints":{"allow":["GET"]}}],"collection":[{"href":"https:\/\/www.itakaescolapios.org\/pt\/wp-json\/wp\/v2\/pages"}],"about":[{"href":"https:\/\/www.itakaescolapios.org\/pt\/wp-json\/wp\/v2\/types\/page"}],"author":[{"embeddable":true,"href":"https:\/\/www.itakaescolapios.org\/pt\/wp-json\/wp\/v2\/users\/46"}],"replies":[{"embeddable":true,"href":"https:\/\/www.itakaescolapios.org\/pt\/wp-json\/wp\/v2\/comments?post=4099"}],"version-history":[{"count":32,"href":"https:\/\/www.itakaescolapios.org\/pt\/wp-json\/wp\/v2\/pages\/4099\/revisions"}],"predecessor-version":[{"id":49922,"href":"https:\/\/www.itakaescolapios.org\/pt\/wp-json\/wp\/v2\/pages\/4099\/revisions\/49922"}],"up":[{"embeddable":true,"href":"https:\/\/www.itakaescolapios.org\/pt\/wp-json\/wp\/v2\/pages\/3983"}],"wp:attachment":[{"href":"https:\/\/www.itakaescolapios.org\/pt\/wp-json\/wp\/v2\/media?parent=4099"}],"curies":[{"name":"wp","href":"https:\/\/api.w.org\/{rel}","templated":true}]}}