{"id":4108,"date":"2012-11-07T17:43:15","date_gmt":"2012-11-07T16:43:15","guid":{"rendered":"https:\/\/www.itakaescolapios.org\/?page_id=4108"},"modified":"2023-11-28T12:39:34","modified_gmt":"2023-11-28T11:39:34","slug":"dinamica-del-lapiz","status":"publish","type":"page","link":"https:\/\/www.itakaescolapios.org\/pt\/campanas\/educacion-futuro\/dinamica-del-lapiz\/","title":{"rendered":"EL l\u00e1piz"},"content":{"rendered":"<p><span style=\"color: #000000;\"><a href=\"https:\/\/www.itakaescolapios.org\/campanas\/dinamica-del-lapiz\/primaria-bilbao\/\" rel=\"attachment wp-att-4110\"><img decoding=\"async\" class=\"alignleft size-medium wp-image-4110\" title=\"PRIMARIA BILBAO\" src=\"https:\/\/www.itakaescolapios.org\/wp-content\/uploads\/2012\/11\/PRIMARIA-BILBAO-225x300.png\" alt=\"\" width=\"225\" height=\"300\" srcset=\"https:\/\/www.itakaescolapios.org\/wp-content\/uploads\/2012\/11\/PRIMARIA-BILBAO-225x300.png 225w, https:\/\/www.itakaescolapios.org\/wp-content\/uploads\/2012\/11\/PRIMARIA-BILBAO-768x1024.png 768w, https:\/\/www.itakaescolapios.org\/wp-content\/uploads\/2012\/11\/PRIMARIA-BILBAO-250x333.png 250w, https:\/\/www.itakaescolapios.org\/wp-content\/uploads\/2012\/11\/PRIMARIA-BILBAO.png 975w\" sizes=\"(max-width: 225px) 100vw, 225px\" \/><\/a>El segundo de los objetivos del milenio se marca como meta \u00a0el asegurar que en 2015, la infancia de cualquier parte, ni\u00f1os y ni\u00f1as por igual, sean capaces de completar un ciclo completo de ense\u00f1anza primaria.<\/span><\/p>\n<p><span style=\"color: #000000;\">Un l\u00e1piz y el n\u00famero dos sobre un fondo verde se han convertido en el logo que identifica el objetivo de desarrollo del milenio en todo el mundo. Hemos querido que a todo el alumnado de nuestros colegios les una el l\u00e1piz del logo, para ello en cada una de nuestras sedes han construido uno y ha invitado a sus alumnos y alumnas de primaria a fotografiarse con ellos.<\/span><\/p>\n<p><span style=\"color: #000000;\">Si quieres participar en la campa\u00f1a y \u201cser el logo\u201d del objetivo dos del milenio, puedes bajarte el archivo que con el l\u00e1piz en el idioma que desees y enviarnos tu foto a <span style=\"color: #808000;\"><a href=\"mailto:colabora@itakaescolapios.org\"><span style=\"color: #808000;\">colabora@itakaescolapios.org<\/span><\/a><\/span><\/span><\/p>\n<h3><span style=\"text-decoration: underline; color: #333333;\"><strong>Actividades:<\/strong><\/span><\/h3>\n<table width=\"482\" border=\"1\" cellspacing=\"0\" cellpadding=\"0\" align=\"left\">\n<tbody>\n<tr>\n<td width=\"138\"><strong><a href=\"http:\/\/www.educa.itakaescolapios.org\/cooperacion-norte-sur\/campana-2012-13.-el-lapiz-de-la-educacion\/?searchterm=EL*%20LAPIZ*%20DE*%20LA*\">EL L\u00c1PIZ<\/a><\/strong><\/td>\n<td colspan=\"2\" width=\"145\">\n<p align=\"center\"><strong>Todas las edades y cualquier asignatura.<\/strong><\/p>\n<\/td>\n<td width=\"200\"><strong>Fotos de ni\u00f1os y ni\u00f1as del mundo con el l\u00e1piz s\u00edmbolo de la campa\u00f1a.<\/strong><\/td>\n<\/tr>\n<tr>\n<td width=\"138\"><a href=\"http:\/\/www.educa.itakaescolapios.org\/cooperacion-norte-sur\/todos-con-el-lapiz\/?searchterm=TODOS*%20CON*%20EL*%20L%C3%81PIZ*\">Todos con el l\u00e1piz<\/a>.<\/td>\n<td colspan=\"2\" width=\"145\">\n<p align=\"center\">Todas las edades y cualquier asignatura.<\/p>\n<\/td>\n<td width=\"200\">Nos fotografiamos con el l\u00e1piz de la campa\u00f1a.<\/td>\n<\/tr>\n<tr>\n<td width=\"138\"><a href=\"http:\/\/www.educa.itakaescolapios.org\/cooperacion-norte-sur\/campana-2012-13.-rincones-para-aprender\/?searchterm=RINCONES*%20PARA*%20APRENDER*\">Rincones Para\u00a0 aprender<\/a>.<\/td>\n<td width=\"74\">\n<p align=\"center\">2 a 5 a\u00f1os<\/p>\n<p align=\"center\">Infantil<\/p>\n<\/td>\n<td width=\"71\">\n<p align=\"center\">Todas<\/p>\n<\/td>\n<td width=\"200\">Preparaci\u00f3n de talleres de juego libre donde los ni\u00f1os aprendan la importancia de asistir a la escuela.<\/td>\n<\/tr>\n<tr>\n<td width=\"138\"><a href=\"http:\/\/www.educa.itakaescolapios.org\/cooperacion-norte-sur\/campana-2012-13.-escuelas-del-mundo\/?searchterm=ESCUELAS*%20DEL*%20MUNDO*\">Escuelas del mundo<\/a>.<\/td>\n<td width=\"74\">\n<p align=\"center\">2 a 5 a\u00f1os<\/p>\n<p align=\"center\">Infantil<\/p>\n<\/td>\n<td width=\"71\">\n<p align=\"center\">Todas<\/p>\n<\/td>\n<td width=\"200\">Mural para trabajar similitudes y diferencias con otros ni\u00f1os y otros colegios.<\/td>\n<\/tr>\n<\/tbody>\n<\/table>\n<h3><\/h3>\n<h3><\/h3>\n<h3><\/h3>\n<h3><\/h3>\n<h3><\/h3>\n<h3><\/h3>\n<table width=\"320\" border=\"0\" cellspacing=\"0\" cellpadding=\"0\">\n<colgroup>\n<col span=\"4\" width=\"80\" \/> <\/colgroup>\n<tbody>\n<tr>\n<td width=\"80\" height=\"112\"><\/td>\n<td colspan=\"2\" width=\"160\"><\/td>\n<td width=\"80\"><\/td>\n<\/tr>\n<\/tbody>\n<\/table>\n<h3><span style=\"text-decoration: underline; color: #333333;\"><strong>Descarga de lapiceros:<\/strong><\/span><\/h3>\n<table width=\"430\" border=\"0\" cellspacing=\"0\" cellpadding=\"0\">\n<colgroup>\n<col span=\"2\" width=\"215\" \/> <\/colgroup>\n<tbody>\n<tr>\n<td style=\"text-align: center;\" width=\"215\" height=\"21\"><a href=\"https:\/\/www.itakaescolapios.org\/wp-content\/uploads\/2012\/11\/LAPICEROS1.rar\"><span style=\"text-decoration: underline; color: #808080;\"><strong>PDF &#8211; 4 HOJAS<\/strong><\/span><\/a><\/td>\n<td style=\"text-align: center;\" width=\"215\"><span style=\"text-decoration: underline; color: #808080;\"><strong><a href=\"https:\/\/www.itakaescolapios.org\/campanas\/dinamica-del-lapiz\/lapiceros\/\" rel=\"attachment wp-att-4920\"><span style=\"color: #808080; text-decoration: underline;\">LAPICEROS (JPG)<\/span><\/a><\/strong><\/span><\/td>\n<\/tr>\n<tr>\n<td style=\"text-align: center;\" width=\"215\" height=\"21\">\u00a0<a href=\"https:\/\/www.itakaescolapios.org\/wp-content\/uploads\/2012\/11\/Lapiz-en-castellano.pdf\">CASTELLANO<\/a><\/td>\n<td style=\"text-align: center;\" width=\"215\"><a href=\"https:\/\/www.itakaescolapios.org\/wp-content\/uploads\/2012\/11\/Lapiz-en-castellano.jpg\">CASTELLANO<\/a><\/td>\n<\/tr>\n<tr>\n<td style=\"text-align: center;\" width=\"215\" height=\"21\"><a href=\"https:\/\/www.itakaescolapios.org\/wp-content\/uploads\/2012\/11\/Lapiz-en-euskera.pdf\">\u00a0EUSKERA<\/a><\/td>\n<td style=\"text-align: center;\" width=\"215\"><a href=\"https:\/\/www.itakaescolapios.org\/wp-content\/uploads\/2012\/11\/Lapiz-en-euskera.jpg\">EUSKERA<\/a><\/td>\n<\/tr>\n<tr>\n<td style=\"text-align: center;\" width=\"215\" height=\"21\">\u00a0<a href=\"https:\/\/www.itakaescolapios.org\/wp-content\/uploads\/2012\/11\/Lapiz-en-valenciano.pdf\">VALENCIANO<\/a><\/td>\n<td style=\"text-align: center;\" width=\"215\"><a href=\"https:\/\/www.itakaescolapios.org\/wp-content\/uploads\/2012\/11\/Lapiz-en-valenciano.jpg\">VALENCIANO<\/a><\/td>\n<\/tr>\n<tr>\n<td style=\"text-align: center;\" width=\"215\" height=\"21\"><a href=\"https:\/\/www.itakaescolapios.org\/wp-content\/uploads\/2012\/11\/Lapiz-en-ingles.pdf\">INGL\u00c9S<\/a><\/td>\n<td style=\"text-align: center;\" width=\"215\"><a href=\"https:\/\/www.itakaescolapios.org\/wp-content\/uploads\/2012\/11\/Lapiz-en-ingles1.jpg\">INGL\u00c9S<\/a><\/td>\n<\/tr>\n<tr>\n<td style=\"text-align: center;\" width=\"215\" height=\"21\"><a href=\"https:\/\/www.itakaescolapios.org\/wp-content\/uploads\/2012\/11\/Lapiz-en-frances.pdf\">\u00a0FRANC\u00c9S<\/a><\/td>\n<td style=\"text-align: center;\" width=\"215\"><a href=\"https:\/\/www.itakaescolapios.org\/wp-content\/uploads\/2012\/11\/Lapiz-en-frances.jpg\">FRANC\u00c9S<\/a><\/td>\n<\/tr>\n<tr>\n<td style=\"text-align: center;\" width=\"215\" height=\"21\">\u00a0<a href=\"https:\/\/www.itakaescolapios.org\/wp-content\/uploads\/2012\/11\/Lapiz-en-portugues.pdf\">PORTUGU\u00c9S<\/a><\/td>\n<td style=\"text-align: center;\" width=\"215\"><a href=\"https:\/\/www.itakaescolapios.org\/wp-content\/uploads\/2012\/11\/Lapiz-en-portugues.jpg\">PORTUGU\u00c9S<\/a><\/td>\n<\/tr>\n<\/tbody>\n<\/table>\n<p><strong><span style=\"color: #000000;\"><br \/>\n<\/span><\/strong><!--more--><\/p>\n","protected":false},"excerpt":{"rendered":"<p>El segundo de los objetivos del milenio se marca como meta \u00a0el asegurar que en 2015, la infancia de cualquier parte, ni\u00f1os y ni\u00f1as por igual, sean capaces de completar [&hellip;]<\/p>\n","protected":false},"author":46,"featured_media":0,"parent":3983,"menu_order":7,"comment_status":"closed","ping_status":"closed","template":"","meta":{"_et_pb_use_builder":"","_et_pb_old_content":"","_et_gb_content_width":"","footnotes":""},"class_list":["post-4108","page","type-page","status-publish","hentry"],"yoast_head":"<!-- This site is optimized with the Yoast SEO plugin v27.3 - https:\/\/yoast.com\/product\/yoast-seo-wordpress\/ -->\n<title>EL l\u00e1piz<\/title>\n<meta name=\"description\" content=\"El segundo de los objetivos del milenio se marca como meta \u00a0el asegurar que en 2015, la infancia de cualquier parte, ni\u00f1os y ni\u00f1as por igual, sean capaces de completar un ciclo completo de ense\u00f1anza primaria. Un l\u00e1piz y el n\u00famero dos sobre un fondo verde se han convertido en el logo que identifica el&hellip;\" \/>\n<meta name=\"robots\" content=\"index, follow, max-snippet:-1, max-image-preview:large, max-video-preview:-1\" \/>\n<link rel=\"canonical\" href=\"http:\/\/El%20segundo%20de%20los%20objetivos%20del%20milenio%20se%20marca%20como%20meta%20\u00a0el%20asegurar%20que%20en%202015,%20la%20infancia%20de%20cualquier%20parte,%20ni\u00f1os%20y%20ni\u00f1as%20por%20igual,%20sean%20capaces%20de%20completar%20un%20ciclo%20completo%20de%20ense\u00f1anza%20primaria.%20Un%20l\u00e1piz%20y%20el%20n\u00famero%20dos%20sobre%20un%20fondo%20verde%20se%20han%20convertido%20en%20el%20logo%20que%20identifica%20el&hellip;\" \/>\n<meta property=\"og:locale\" content=\"pt_BR\" \/>\n<meta property=\"og:type\" content=\"article\" \/>\n<meta property=\"og:title\" content=\"EL l\u00e1piz\" \/>\n<meta property=\"og:description\" content=\"El segundo de los objetivos del milenio se marca como meta \u00a0el asegurar que en 2015, la infancia de cualquier parte, ni\u00f1os y ni\u00f1as por igual, sean capaces de completar un ciclo completo de ense\u00f1anza primaria. Un l\u00e1piz y el n\u00famero dos sobre un fondo verde se han convertido en el logo que identifica el&hellip;\" \/>\n<meta property=\"og:url\" content=\"https:\/\/www.itakaescolapios.org\/pt\/campanas\/educacion-futuro\/dinamica-del-lapiz\/\" \/>\n<meta property=\"og:site_name\" content=\"Itaka-Escolapios\" \/>\n<meta property=\"article:modified_time\" content=\"2023-11-28T11:39:34+00:00\" \/>\n<meta property=\"og:image\" content=\"https:\/\/www.itakaescolapios.org\/wp-content\/uploads\/2012\/11\/PRIMARIA-BILBAO.png\" \/>\n\t<meta property=\"og:image:width\" content=\"975\" \/>\n\t<meta property=\"og:image:height\" content=\"1300\" \/>\n\t<meta property=\"og:image:type\" content=\"image\/png\" \/>\n<meta name=\"twitter:card\" content=\"summary_large_image\" \/>\n<meta name=\"twitter:label1\" content=\"Est. tempo de leitura\" \/>\n\t<meta name=\"twitter:data1\" content=\"1 minuto\" \/>\n<script type=\"application\/ld+json\" class=\"yoast-schema-graph\">{\"@context\":\"https:\\\/\\\/schema.org\",\"@graph\":[{\"@type\":\"WebPage\",\"@id\":\"https:\\\/\\\/www.itakaescolapios.org\\\/pt\\\/campanas\\\/educacion-futuro\\\/dinamica-del-lapiz\\\/\",\"url\":\"https:\\\/\\\/www.itakaescolapios.org\\\/pt\\\/campanas\\\/educacion-futuro\\\/dinamica-del-lapiz\\\/\",\"name\":\"EL l\u00e1piz - Itaka-Escolapios\",\"isPartOf\":{\"@id\":\"https:\\\/\\\/www.itakaescolapios.org\\\/es\\\/#website\"},\"primaryImageOfPage\":{\"@id\":\"https:\\\/\\\/www.itakaescolapios.org\\\/pt\\\/campanas\\\/educacion-futuro\\\/dinamica-del-lapiz\\\/#primaryimage\"},\"image\":{\"@id\":\"https:\\\/\\\/www.itakaescolapios.org\\\/pt\\\/campanas\\\/educacion-futuro\\\/dinamica-del-lapiz\\\/#primaryimage\"},\"thumbnailUrl\":\"https:\\\/\\\/www.itakaescolapios.org\\\/wp-content\\\/uploads\\\/2012\\\/11\\\/PRIMARIA-BILBAO-225x300.png\",\"datePublished\":\"2012-11-07T16:43:15+00:00\",\"dateModified\":\"2023-11-28T11:39:34+00:00\",\"breadcrumb\":{\"@id\":\"https:\\\/\\\/www.itakaescolapios.org\\\/pt\\\/campanas\\\/educacion-futuro\\\/dinamica-del-lapiz\\\/#breadcrumb\"},\"inLanguage\":\"pt-BR\",\"potentialAction\":[{\"@type\":\"ReadAction\",\"target\":[\"https:\\\/\\\/www.itakaescolapios.org\\\/pt\\\/campanas\\\/educacion-futuro\\\/dinamica-del-lapiz\\\/\"]}]},{\"@type\":\"ImageObject\",\"inLanguage\":\"pt-BR\",\"@id\":\"https:\\\/\\\/www.itakaescolapios.org\\\/pt\\\/campanas\\\/educacion-futuro\\\/dinamica-del-lapiz\\\/#primaryimage\",\"url\":\"https:\\\/\\\/www.itakaescolapios.org\\\/wp-content\\\/uploads\\\/2012\\\/11\\\/PRIMARIA-BILBAO-225x300.png\",\"contentUrl\":\"https:\\\/\\\/www.itakaescolapios.org\\\/wp-content\\\/uploads\\\/2012\\\/11\\\/PRIMARIA-BILBAO-225x300.png\"},{\"@type\":\"BreadcrumbList\",\"@id\":\"https:\\\/\\\/www.itakaescolapios.org\\\/pt\\\/campanas\\\/educacion-futuro\\\/dinamica-del-lapiz\\\/#breadcrumb\",\"itemListElement\":[{\"@type\":\"ListItem\",\"position\":1,\"name\":\"Itaka-Escolapios\",\"item\":\"https:\\\/\\\/www.itakaescolapios.org\\\/es\\\/\"},{\"@type\":\"ListItem\",\"position\":2,\"name\":\"Campa\u00f1as\",\"item\":\"https:\\\/\\\/www.itakaescolapios.org\\\/es\\\/campanas\\\/\"},{\"@type\":\"ListItem\",\"position\":3,\"name\":\"2012-2013 LA EDUCACI\u00d3N MULTIPLICA EL FUTURO\",\"item\":\"https:\\\/\\\/www.itakaescolapios.org\\\/es\\\/campanas\\\/educacion-futuro\\\/\"},{\"@type\":\"ListItem\",\"position\":4,\"name\":\"EL l\u00e1piz\"}]},{\"@type\":\"WebSite\",\"@id\":\"https:\\\/\\\/www.itakaescolapios.org\\\/pt\\\/es\\\/#website\",\"url\":\"https:\\\/\\\/www.itakaescolapios.org\\\/pt\\\/es\\\/\",\"name\":\"Itaka-Escolapios\",\"description\":\"Red de Itaka-Escolapios\",\"publisher\":{\"@id\":\"https:\\\/\\\/www.itakaescolapios.org\\\/pt\\\/es\\\/#organization\"},\"potentialAction\":[{\"@type\":\"SearchAction\",\"target\":{\"@type\":\"EntryPoint\",\"urlTemplate\":\"https:\\\/\\\/www.itakaescolapios.org\\\/pt\\\/es\\\/?s={search_term_string}\"},\"query-input\":{\"@type\":\"PropertyValueSpecification\",\"valueRequired\":true,\"valueName\":\"search_term_string\"}}],\"inLanguage\":\"pt-BR\"},{\"@type\":\"Organization\",\"@id\":\"https:\\\/\\\/www.itakaescolapios.org\\\/pt\\\/es\\\/#organization\",\"name\":\"Fundaci\u00f3 Itaka-Escolapios\",\"url\":\"https:\\\/\\\/www.itakaescolapios.org\\\/pt\\\/es\\\/\",\"logo\":{\"@type\":\"ImageObject\",\"inLanguage\":\"pt-BR\",\"@id\":\"https:\\\/\\\/www.itakaescolapios.org\\\/pt\\\/es\\\/#\\\/schema\\\/logo\\\/image\\\/\",\"url\":\"https:\\\/\\\/www.itakaescolapios.org\\\/wp-content\\\/uploads\\\/2024\\\/04\\\/Logo-itakaescolapios-peque.png\",\"contentUrl\":\"https:\\\/\\\/www.itakaescolapios.org\\\/wp-content\\\/uploads\\\/2024\\\/04\\\/Logo-itakaescolapios-peque.png\",\"width\":500,\"height\":199,\"caption\":\"Fundaci\u00f3 Itaka-Escolapios\"},\"image\":{\"@id\":\"https:\\\/\\\/www.itakaescolapios.org\\\/pt\\\/es\\\/#\\\/schema\\\/logo\\\/image\\\/\"}}]}<\/script>\n<!-- \/ Yoast SEO plugin. -->","yoast_head_json":{"title":"EL l\u00e1piz","description":"El segundo de los objetivos del milenio se marca como meta \u00a0el asegurar que en 2015, la infancia de cualquier parte, ni\u00f1os y ni\u00f1as por igual, sean capaces de completar un ciclo completo de ense\u00f1anza primaria. Un l\u00e1piz y el n\u00famero dos sobre un fondo verde se han convertido en el logo que identifica el&hellip;","robots":{"index":"index","follow":"follow","max-snippet":"max-snippet:-1","max-image-preview":"max-image-preview:large","max-video-preview":"max-video-preview:-1"},"canonical":"El segundo de los objetivos del milenio se marca como meta \u00a0el asegurar que en 2015, la infancia de cualquier parte, ni\u00f1os y ni\u00f1as por igual, sean capaces de completar un ciclo completo de ense\u00f1anza primaria. Un l\u00e1piz y el n\u00famero dos sobre un fondo verde se han convertido en el logo que identifica el&hellip;","og_locale":"pt_BR","og_type":"article","og_title":"EL l\u00e1piz","og_description":"El segundo de los objetivos del milenio se marca como meta \u00a0el asegurar que en 2015, la infancia de cualquier parte, ni\u00f1os y ni\u00f1as por igual, sean capaces de completar un ciclo completo de ense\u00f1anza primaria. Un l\u00e1piz y el n\u00famero dos sobre un fondo verde se han convertido en el logo que identifica el&hellip;","og_url":"https:\/\/www.itakaescolapios.org\/pt\/campanas\/educacion-futuro\/dinamica-del-lapiz\/","og_site_name":"Itaka-Escolapios","article_modified_time":"2023-11-28T11:39:34+00:00","og_image":[{"width":975,"height":1300,"url":"https:\/\/www.itakaescolapios.org\/wp-content\/uploads\/2012\/11\/PRIMARIA-BILBAO.png","type":"image\/png"}],"twitter_card":"summary_large_image","twitter_misc":{"Est. tempo de leitura":"1 minuto"},"schema":{"@context":"https:\/\/schema.org","@graph":[{"@type":"WebPage","@id":"https:\/\/www.itakaescolapios.org\/pt\/campanas\/educacion-futuro\/dinamica-del-lapiz\/","url":"https:\/\/www.itakaescolapios.org\/pt\/campanas\/educacion-futuro\/dinamica-del-lapiz\/","name":"EL l\u00e1piz - Itaka-Escolapios","isPartOf":{"@id":"https:\/\/www.itakaescolapios.org\/es\/#website"},"primaryImageOfPage":{"@id":"https:\/\/www.itakaescolapios.org\/pt\/campanas\/educacion-futuro\/dinamica-del-lapiz\/#primaryimage"},"image":{"@id":"https:\/\/www.itakaescolapios.org\/pt\/campanas\/educacion-futuro\/dinamica-del-lapiz\/#primaryimage"},"thumbnailUrl":"https:\/\/www.itakaescolapios.org\/wp-content\/uploads\/2012\/11\/PRIMARIA-BILBAO-225x300.png","datePublished":"2012-11-07T16:43:15+00:00","dateModified":"2023-11-28T11:39:34+00:00","breadcrumb":{"@id":"https:\/\/www.itakaescolapios.org\/pt\/campanas\/educacion-futuro\/dinamica-del-lapiz\/#breadcrumb"},"inLanguage":"pt-BR","potentialAction":[{"@type":"ReadAction","target":["https:\/\/www.itakaescolapios.org\/pt\/campanas\/educacion-futuro\/dinamica-del-lapiz\/"]}]},{"@type":"ImageObject","inLanguage":"pt-BR","@id":"https:\/\/www.itakaescolapios.org\/pt\/campanas\/educacion-futuro\/dinamica-del-lapiz\/#primaryimage","url":"https:\/\/www.itakaescolapios.org\/wp-content\/uploads\/2012\/11\/PRIMARIA-BILBAO-225x300.png","contentUrl":"https:\/\/www.itakaescolapios.org\/wp-content\/uploads\/2012\/11\/PRIMARIA-BILBAO-225x300.png"},{"@type":"BreadcrumbList","@id":"https:\/\/www.itakaescolapios.org\/pt\/campanas\/educacion-futuro\/dinamica-del-lapiz\/#breadcrumb","itemListElement":[{"@type":"ListItem","position":1,"name":"Itaka-Escolapios","item":"https:\/\/www.itakaescolapios.org\/es\/"},{"@type":"ListItem","position":2,"name":"Campa\u00f1as","item":"https:\/\/www.itakaescolapios.org\/es\/campanas\/"},{"@type":"ListItem","position":3,"name":"2012-2013 LA EDUCACI\u00d3N MULTIPLICA EL FUTURO","item":"https:\/\/www.itakaescolapios.org\/es\/campanas\/educacion-futuro\/"},{"@type":"ListItem","position":4,"name":"EL l\u00e1piz"}]},{"@type":"WebSite","@id":"https:\/\/www.itakaescolapios.org\/pt\/es\/#website","url":"https:\/\/www.itakaescolapios.org\/pt\/es\/","name":"Itaka-Escolapios","description":"Red de Itaka-Escolapios","publisher":{"@id":"https:\/\/www.itakaescolapios.org\/pt\/es\/#organization"},"potentialAction":[{"@type":"SearchAction","target":{"@type":"EntryPoint","urlTemplate":"https:\/\/www.itakaescolapios.org\/pt\/es\/?s={search_term_string}"},"query-input":{"@type":"PropertyValueSpecification","valueRequired":true,"valueName":"search_term_string"}}],"inLanguage":"pt-BR"},{"@type":"Organization","@id":"https:\/\/www.itakaescolapios.org\/pt\/es\/#organization","name":"Fundaci\u00f3 Itaka-Escolapios","url":"https:\/\/www.itakaescolapios.org\/pt\/es\/","logo":{"@type":"ImageObject","inLanguage":"pt-BR","@id":"https:\/\/www.itakaescolapios.org\/pt\/es\/#\/schema\/logo\/image\/","url":"https:\/\/www.itakaescolapios.org\/wp-content\/uploads\/2024\/04\/Logo-itakaescolapios-peque.png","contentUrl":"https:\/\/www.itakaescolapios.org\/wp-content\/uploads\/2024\/04\/Logo-itakaescolapios-peque.png","width":500,"height":199,"caption":"Fundaci\u00f3 Itaka-Escolapios"},"image":{"@id":"https:\/\/www.itakaescolapios.org\/pt\/es\/#\/schema\/logo\/image\/"}}]}},"_links":{"self":[{"href":"https:\/\/www.itakaescolapios.org\/pt\/wp-json\/wp\/v2\/pages\/4108","targetHints":{"allow":["GET"]}}],"collection":[{"href":"https:\/\/www.itakaescolapios.org\/pt\/wp-json\/wp\/v2\/pages"}],"about":[{"href":"https:\/\/www.itakaescolapios.org\/pt\/wp-json\/wp\/v2\/types\/page"}],"author":[{"embeddable":true,"href":"https:\/\/www.itakaescolapios.org\/pt\/wp-json\/wp\/v2\/users\/46"}],"replies":[{"embeddable":true,"href":"https:\/\/www.itakaescolapios.org\/pt\/wp-json\/wp\/v2\/comments?post=4108"}],"version-history":[{"count":114,"href":"https:\/\/www.itakaescolapios.org\/pt\/wp-json\/wp\/v2\/pages\/4108\/revisions"}],"predecessor-version":[{"id":49920,"href":"https:\/\/www.itakaescolapios.org\/pt\/wp-json\/wp\/v2\/pages\/4108\/revisions\/49920"}],"up":[{"embeddable":true,"href":"https:\/\/www.itakaescolapios.org\/pt\/wp-json\/wp\/v2\/pages\/3983"}],"wp:attachment":[{"href":"https:\/\/www.itakaescolapios.org\/pt\/wp-json\/wp\/v2\/media?parent=4108"}],"curies":[{"name":"wp","href":"https:\/\/api.w.org\/{rel}","templated":true}]}}