{"id":730,"date":"2012-06-14T12:01:40","date_gmt":"2012-06-14T11:01:40","guid":{"rendered":"https:\/\/www.itakaescolapios.org\/?page_id=730"},"modified":"2023-11-28T12:39:42","modified_gmt":"2023-11-28T11:39:42","slug":"hazte-voluntario","status":"publish","type":"page","link":"https:\/\/www.itakaescolapios.org\/pt\/que-puedes-hacer-tu\/hazte-voluntario\/","title":{"rendered":"Hazte voluntario"},"content":{"rendered":"<p lang=\"en-US\" align=\"JUSTIFY\">Hazte voluntario y colabora en tu\u00a0sede m\u00e1s cercana. Cada a\u00f1o se organizan actividades con el fin de lograr financiaci\u00f3n para los proyectos de Itaka-Escolapios, existen programas estables de acci\u00f3n social en los que puedes participar,\u2026 pasa por la sede que tengas m\u00e1s cerca e inf\u00f3rmate.<\/p>\n<table style=\"width: 500px; height: 941px;\" width=\"594\">\n<thead>\n<tr>\n<td>Sede<\/td>\n<td>Direcci\u00f3n<\/td>\n<td>Provincia<\/td>\n<td width=\"130\">Tel\u00e9fono<\/td>\n<\/tr>\n<\/thead>\n<tbody>\n<tr>\n<td colspan=\"4\">\n<h3><strong>BOLIVIA<\/strong><\/h3>\n<\/td>\n<\/tr>\n<tr>\n<td><a href=\"https:\/\/www.itakaescolapios.org\/donde-estamos\/bolivia\/cochabamba\/\">Cochabamba<\/a><\/td>\n<td>Jose Antonio Arce, 1292<\/td>\n<td>Cochabamba<\/td>\n<td>(591) 445 404 86<\/td>\n<\/tr>\n<tr>\n<td colspan=\"4\">\n<h3><strong>BRASIL<\/strong><\/h3>\n<\/td>\n<\/tr>\n<tr>\n<td><a href=\"https:\/\/www.itakaescolapios.org\/donde-estamos\/brasil\/belo-horizonte\/\">Belo Horizonte<\/a><\/td>\n<td>Rua dos Coqueiros, 205 Maria Goretti<\/td>\n<td>Minas Gerais<\/td>\n<td>(55) 31 343 217 60<\/td>\n<\/tr>\n<tr>\n<td><a href=\"https:\/\/www.itakaescolapios.org\/donde-estamos\/brasil\/governador-valadares\/\">Governador de Valadares<\/a><\/td>\n<td>Rua Carlos Chagas, 66 Bairro Santa Helena<\/td>\n<td>Minas Gerais<\/td>\n<td>(55) 33 327 662 20<\/td>\n<\/tr>\n<tr>\n<td><a href=\"https:\/\/www.itakaescolapios.org\/donde-estamos\/brasil\/serra\/\">Serra<\/a><\/td>\n<td>Rua Alfredo Galeno 98 Bairro Vila Nova de Colares<\/td>\n<td>Esp\u00edrito Santo<\/td>\n<td>(55) 27 324 350 65<\/td>\n<\/tr>\n<tr>\n<td colspan=\"4\">\n<h3><strong>CAMERUN<\/strong><\/h3>\n<\/td>\n<\/tr>\n<tr>\n<td><a href=\"https:\/\/www.itakaescolapios.org\/donde-estamos\/camerun\/yaounde\/\">Yaound\u00e9<\/a><\/td>\n<td>Quatier Cit\u00e9-Vert\u00e9 H10. Messa (junto al colegio alem\u00e1n)<\/td>\n<td>Mfoundi-Centre<\/td>\n<td>(237) 220 459 94<\/td>\n<\/tr>\n<tr>\n<td colspan=\"4\">\n<h3><strong>ESPA\u00d1A<\/strong><\/h3>\n<\/td>\n<\/tr>\n<tr>\n<td><a href=\"https:\/\/www.itakaescolapios.org\/donde-estamos\/spain\/bilbao\/\">Bilbao<\/a><\/td>\n<td>Juan de Ajuriaguerra, 15<\/td>\n<td>Vizcaya<\/td>\n<td>(34) 944 244 954<\/td>\n<\/tr>\n<tr>\n<td><a href=\"https:\/\/www.itakaescolapios.org\/donde-estamos\/spain\/granada\/\">Granada<\/a><\/td>\n<td>Paseo de los Basilios,2 bis<\/td>\n<td>Granada<\/td>\n<td>(34) 958 121 225<\/td>\n<\/tr>\n<tr>\n<td><a href=\"https:\/\/www.itakaescolapios.org\/donde-estamos\/spain\/logrono\/\">Logro\u00f1o<\/a><\/td>\n<td>Avda. Doce Ligero de Artiller\u00eda, 2<\/td>\n<td>Logro\u00f1o<\/td>\n<td>(34) 941 244 100<\/td>\n<\/tr>\n<tr>\n<td><a href=\"https:\/\/www.itakaescolapios.org\/donde-estamos\/spain\/madrid\/\" target=\"_blank\" rel=\"noopener\">Madrid<\/a><\/td>\n<td>Gaztambide 65<\/td>\n<td>Madrid<\/td>\n<td>(34) 636 547 778<\/td>\n<\/tr>\n<tr>\n<td><a href=\"https:\/\/www.itakaescolapios.org\/donde-estamos\/spain\/pamplona-iruna\/\">Pamplona<\/a><\/td>\n<td>Olite, 1 bajo<\/td>\n<td>Navarra<\/td>\n<td>(34) 948 203 891<\/td>\n<\/tr>\n<tr>\n<td><a href=\"https:\/\/www.itakaescolapios.org\/donde-estamos\/spain\/sevilla\/\">Montequinto<\/a><\/td>\n<td>San Jos\u00e9 de Calasanz s\/n<\/td>\n<td>Sevilla<\/td>\n<td>(34) 954 121 250<\/td>\n<\/tr>\n<tr>\n<td><a href=\"https:\/\/www.itakaescolapios.org\/donde-estamos\/spain\/soria\/\">Soria<\/a><\/td>\n<td>Frentes 2a<\/td>\n<td>Soria<\/td>\n<td>(34) 975 221 162<\/td>\n<\/tr>\n<tr>\n<td><a href=\"https:\/\/www.itakaescolapios.org\/donde-estamos\/spain\/tafalla\/\">Tafalla<\/a><\/td>\n<td>Severino Fern\u00e1ndez, 30<\/td>\n<td>Navarra<\/td>\n<td>(34) 948 700 094<\/td>\n<\/tr>\n<tr>\n<td><a href=\"https:\/\/www.itakaescolapios.org\/donde-estamos\/spain\/tolosa\/\">Tolosa<\/a><\/td>\n<td>Barrio de San Blas, 27B<\/td>\n<td>Guip\u00fazkoa<\/td>\n<td>(34) 943 670 409<\/td>\n<\/tr>\n<tr>\n<td><a href=\"https:\/\/www.itakaescolapios.org\/donde-estamos\/spain\/valencia\/\">Valencia<\/a><\/td>\n<td>Carniceros 4, 1\u00ba<\/td>\n<td>Valencia<\/td>\n<td>(34) 963 921 373<\/td>\n<\/tr>\n<tr>\n<td><a href=\"https:\/\/www.itakaescolapios.org\/donde-estamos\/spain\/vitoria\/\">Vitoria<\/a><\/td>\n<td>Federico Baraibar, 36.<\/td>\n<td>Alava<\/td>\n<td>(34) 945 284 000<\/td>\n<\/tr>\n<tr>\n<td><a href=\"https:\/\/www.itakaescolapios.org\/donde-estamos\/spain\/zaragoza\/\">Zaragoza<\/a><\/td>\n<td>Avda. C\u00e9sar Augusto, 37<\/td>\n<td>Zaragoza<\/td>\n<td>(34) 976 405 135<\/td>\n<\/tr>\n<tr>\n<td colspan=\"4\">\n<h3><strong>INDIA<\/strong><\/h3>\n<\/td>\n<\/tr>\n<tr>\n<td><a href=\"https:\/\/www.itakaescolapios.org\/donde-estamos\/india\/bangalore\/\">Bangalore<\/a><\/td>\n<td>Sy. 56 Kittakannur Village KR Puram P.O.<\/td>\n<td>Kamataka<\/td>\n<td>(91) 80 324 298 26<\/td>\n<\/tr>\n<tr>\n<td colspan=\"4\">\n<h3><strong>VENEZUELA<\/strong><\/h3>\n<\/td>\n<\/tr>\n<tr>\n<td><a href=\"https:\/\/www.itakaescolapios.org\/donde-estamos\/venezuela\/valencia-vz\/\">Valencia<\/a><\/td>\n<td>Miraflores n\u00ba 32-23. Urb. Barrio Impacto 2001<\/td>\n<td>Carabobo<\/td>\n<td>(58) 418 477 484<\/td>\n<\/tr>\n<\/tbody>\n<\/table>\n<p><!--more--><\/p>\n","protected":false},"excerpt":{"rendered":"<p>Hazte voluntario y colabora en tu\u00a0sede m\u00e1s cercana. Cada a\u00f1o se organizan actividades con el fin de lograr financiaci\u00f3n para los proyectos de Itaka-Escolapios, existen programas estables de acci\u00f3n social [&hellip;]<\/p>\n","protected":false},"author":1,"featured_media":0,"parent":9,"menu_order":2,"comment_status":"closed","ping_status":"closed","template":"","meta":{"_et_pb_use_builder":"","_et_pb_old_content":"","_et_gb_content_width":"","footnotes":""},"class_list":["post-730","page","type-page","status-publish","hentry"],"yoast_head":"<!-- This site is optimized with the Yoast SEO plugin v27.3 - https:\/\/yoast.com\/product\/yoast-seo-wordpress\/ -->\n<title>Hazte voluntario<\/title>\n<meta name=\"description\" content=\"Hazte voluntario y colabora en tu\u00a0sede m\u00e1s cercana. Cada a\u00f1o se organizan actividades con el fin de lograr financiaci\u00f3n para los proyectos de Itaka-Escolapios, existen programas estables de acci\u00f3n social en los que puedes participar,\u2026 pasa por la sede que tengas m\u00e1s cerca e inf\u00f3rmate. Sede Direcci\u00f3n Provincia Tel\u00e9fono BOLIVIA Cochabamba Jose Antonio Arce, 1292&hellip;\" \/>\n<meta name=\"robots\" content=\"index, follow, max-snippet:-1, max-image-preview:large, max-video-preview:-1\" \/>\n<link rel=\"canonical\" href=\"http:\/\/Hazte%20voluntario%20y%20colabora%20en%20tu\u00a0sede%20m\u00e1s%20cercana.%20Cada%20a\u00f1o%20se%20organizan%20actividades%20con%20el%20fin%20de%20lograr%20financiaci\u00f3n%20para%20los%20proyectos%20de%20Itaka-Escolapios,%20existen%20programas%20estables%20de%20acci\u00f3n%20social%20en%20los%20que%20puedes%20participar,\u2026%20pasa%20por%20la%20sede%20que%20tengas%20m\u00e1s%20cerca%20e%20inf\u00f3rmate.%20Sede%20Direcci\u00f3n%20Provincia%20Tel\u00e9fono%20BOLIVIA%20Cochabamba%20Jose%20Antonio%20Arce,%201292&hellip;\" \/>\n<meta property=\"og:locale\" content=\"pt_BR\" \/>\n<meta property=\"og:type\" content=\"article\" \/>\n<meta property=\"og:title\" content=\"Hazte voluntario\" \/>\n<meta property=\"og:description\" content=\"Hazte voluntario y colabora en tu\u00a0sede m\u00e1s cercana. Cada a\u00f1o se organizan actividades con el fin de lograr financiaci\u00f3n para los proyectos de Itaka-Escolapios, existen programas estables de acci\u00f3n social en los que puedes participar,\u2026 pasa por la sede que tengas m\u00e1s cerca e inf\u00f3rmate. Sede Direcci\u00f3n Provincia Tel\u00e9fono BOLIVIA Cochabamba Jose Antonio Arce, 1292&hellip;\" \/>\n<meta property=\"og:url\" content=\"https:\/\/www.itakaescolapios.org\/pt\/que-puedes-hacer-tu\/hazte-voluntario\/\" \/>\n<meta property=\"og:site_name\" content=\"Itaka-Escolapios\" \/>\n<meta property=\"article:modified_time\" content=\"2023-11-28T11:39:42+00:00\" \/>\n<meta name=\"twitter:card\" content=\"summary_large_image\" \/>\n<meta name=\"twitter:label1\" content=\"Est. tempo de leitura\" \/>\n\t<meta name=\"twitter:data1\" content=\"1 minuto\" \/>\n<script type=\"application\/ld+json\" class=\"yoast-schema-graph\">{\"@context\":\"https:\\\/\\\/schema.org\",\"@graph\":[{\"@type\":\"WebPage\",\"@id\":\"https:\\\/\\\/www.itakaescolapios.org\\\/pt\\\/que-puedes-hacer-tu\\\/hazte-voluntario\\\/\",\"url\":\"https:\\\/\\\/www.itakaescolapios.org\\\/pt\\\/que-puedes-hacer-tu\\\/hazte-voluntario\\\/\",\"name\":\"Hazte voluntario - Itaka-Escolapios\",\"isPartOf\":{\"@id\":\"https:\\\/\\\/www.itakaescolapios.org\\\/es\\\/#website\"},\"datePublished\":\"2012-06-14T11:01:40+00:00\",\"dateModified\":\"2023-11-28T11:39:42+00:00\",\"breadcrumb\":{\"@id\":\"https:\\\/\\\/www.itakaescolapios.org\\\/pt\\\/que-puedes-hacer-tu\\\/hazte-voluntario\\\/#breadcrumb\"},\"inLanguage\":\"pt-BR\",\"potentialAction\":[{\"@type\":\"ReadAction\",\"target\":[\"https:\\\/\\\/www.itakaescolapios.org\\\/pt\\\/que-puedes-hacer-tu\\\/hazte-voluntario\\\/\"]}]},{\"@type\":\"BreadcrumbList\",\"@id\":\"https:\\\/\\\/www.itakaescolapios.org\\\/pt\\\/que-puedes-hacer-tu\\\/hazte-voluntario\\\/#breadcrumb\",\"itemListElement\":[{\"@type\":\"ListItem\",\"position\":1,\"name\":\"Itaka-Escolapios\",\"item\":\"https:\\\/\\\/www.itakaescolapios.org\\\/es\\\/\"},{\"@type\":\"ListItem\",\"position\":2,\"name\":\"Qu\u00e9 puedes hacer t\u00fa\",\"item\":\"https:\\\/\\\/www.itakaescolapios.org\\\/es\\\/que-puedes-hacer-tu\\\/\"},{\"@type\":\"ListItem\",\"position\":3,\"name\":\"Hazte voluntario\"}]},{\"@type\":\"WebSite\",\"@id\":\"https:\\\/\\\/www.itakaescolapios.org\\\/pt\\\/es\\\/#website\",\"url\":\"https:\\\/\\\/www.itakaescolapios.org\\\/pt\\\/es\\\/\",\"name\":\"Itaka-Escolapios\",\"description\":\"Red de Itaka-Escolapios\",\"publisher\":{\"@id\":\"https:\\\/\\\/www.itakaescolapios.org\\\/pt\\\/es\\\/#organization\"},\"potentialAction\":[{\"@type\":\"SearchAction\",\"target\":{\"@type\":\"EntryPoint\",\"urlTemplate\":\"https:\\\/\\\/www.itakaescolapios.org\\\/pt\\\/es\\\/?s={search_term_string}\"},\"query-input\":{\"@type\":\"PropertyValueSpecification\",\"valueRequired\":true,\"valueName\":\"search_term_string\"}}],\"inLanguage\":\"pt-BR\"},{\"@type\":\"Organization\",\"@id\":\"https:\\\/\\\/www.itakaescolapios.org\\\/pt\\\/es\\\/#organization\",\"name\":\"Fundaci\u00f3 Itaka-Escolapios\",\"url\":\"https:\\\/\\\/www.itakaescolapios.org\\\/pt\\\/es\\\/\",\"logo\":{\"@type\":\"ImageObject\",\"inLanguage\":\"pt-BR\",\"@id\":\"https:\\\/\\\/www.itakaescolapios.org\\\/pt\\\/es\\\/#\\\/schema\\\/logo\\\/image\\\/\",\"url\":\"https:\\\/\\\/www.itakaescolapios.org\\\/wp-content\\\/uploads\\\/2024\\\/04\\\/Logo-itakaescolapios-peque.png\",\"contentUrl\":\"https:\\\/\\\/www.itakaescolapios.org\\\/wp-content\\\/uploads\\\/2024\\\/04\\\/Logo-itakaescolapios-peque.png\",\"width\":500,\"height\":199,\"caption\":\"Fundaci\u00f3 Itaka-Escolapios\"},\"image\":{\"@id\":\"https:\\\/\\\/www.itakaescolapios.org\\\/pt\\\/es\\\/#\\\/schema\\\/logo\\\/image\\\/\"}}]}<\/script>\n<!-- \/ Yoast SEO plugin. -->","yoast_head_json":{"title":"Hazte voluntario","description":"Hazte voluntario y colabora en tu\u00a0sede m\u00e1s cercana. Cada a\u00f1o se organizan actividades con el fin de lograr financiaci\u00f3n para los proyectos de Itaka-Escolapios, existen programas estables de acci\u00f3n social en los que puedes participar,\u2026 pasa por la sede que tengas m\u00e1s cerca e inf\u00f3rmate. Sede Direcci\u00f3n Provincia Tel\u00e9fono BOLIVIA Cochabamba Jose Antonio Arce, 1292&hellip;","robots":{"index":"index","follow":"follow","max-snippet":"max-snippet:-1","max-image-preview":"max-image-preview:large","max-video-preview":"max-video-preview:-1"},"canonical":"Hazte voluntario y colabora en tu\u00a0sede m\u00e1s cercana. Cada a\u00f1o se organizan actividades con el fin de lograr financiaci\u00f3n para los proyectos de Itaka-Escolapios, existen programas estables de acci\u00f3n social en los que puedes participar,\u2026 pasa por la sede que tengas m\u00e1s cerca e inf\u00f3rmate. Sede Direcci\u00f3n Provincia Tel\u00e9fono BOLIVIA Cochabamba Jose Antonio Arce, 1292&hellip;","og_locale":"pt_BR","og_type":"article","og_title":"Hazte voluntario","og_description":"Hazte voluntario y colabora en tu\u00a0sede m\u00e1s cercana. Cada a\u00f1o se organizan actividades con el fin de lograr financiaci\u00f3n para los proyectos de Itaka-Escolapios, existen programas estables de acci\u00f3n social en los que puedes participar,\u2026 pasa por la sede que tengas m\u00e1s cerca e inf\u00f3rmate. Sede Direcci\u00f3n Provincia Tel\u00e9fono BOLIVIA Cochabamba Jose Antonio Arce, 1292&hellip;","og_url":"https:\/\/www.itakaescolapios.org\/pt\/que-puedes-hacer-tu\/hazte-voluntario\/","og_site_name":"Itaka-Escolapios","article_modified_time":"2023-11-28T11:39:42+00:00","twitter_card":"summary_large_image","twitter_misc":{"Est. tempo de leitura":"1 minuto"},"schema":{"@context":"https:\/\/schema.org","@graph":[{"@type":"WebPage","@id":"https:\/\/www.itakaescolapios.org\/pt\/que-puedes-hacer-tu\/hazte-voluntario\/","url":"https:\/\/www.itakaescolapios.org\/pt\/que-puedes-hacer-tu\/hazte-voluntario\/","name":"Hazte voluntario - Itaka-Escolapios","isPartOf":{"@id":"https:\/\/www.itakaescolapios.org\/es\/#website"},"datePublished":"2012-06-14T11:01:40+00:00","dateModified":"2023-11-28T11:39:42+00:00","breadcrumb":{"@id":"https:\/\/www.itakaescolapios.org\/pt\/que-puedes-hacer-tu\/hazte-voluntario\/#breadcrumb"},"inLanguage":"pt-BR","potentialAction":[{"@type":"ReadAction","target":["https:\/\/www.itakaescolapios.org\/pt\/que-puedes-hacer-tu\/hazte-voluntario\/"]}]},{"@type":"BreadcrumbList","@id":"https:\/\/www.itakaescolapios.org\/pt\/que-puedes-hacer-tu\/hazte-voluntario\/#breadcrumb","itemListElement":[{"@type":"ListItem","position":1,"name":"Itaka-Escolapios","item":"https:\/\/www.itakaescolapios.org\/es\/"},{"@type":"ListItem","position":2,"name":"Qu\u00e9 puedes hacer t\u00fa","item":"https:\/\/www.itakaescolapios.org\/es\/que-puedes-hacer-tu\/"},{"@type":"ListItem","position":3,"name":"Hazte voluntario"}]},{"@type":"WebSite","@id":"https:\/\/www.itakaescolapios.org\/pt\/es\/#website","url":"https:\/\/www.itakaescolapios.org\/pt\/es\/","name":"Itaka-Escolapios","description":"Red de Itaka-Escolapios","publisher":{"@id":"https:\/\/www.itakaescolapios.org\/pt\/es\/#organization"},"potentialAction":[{"@type":"SearchAction","target":{"@type":"EntryPoint","urlTemplate":"https:\/\/www.itakaescolapios.org\/pt\/es\/?s={search_term_string}"},"query-input":{"@type":"PropertyValueSpecification","valueRequired":true,"valueName":"search_term_string"}}],"inLanguage":"pt-BR"},{"@type":"Organization","@id":"https:\/\/www.itakaescolapios.org\/pt\/es\/#organization","name":"Fundaci\u00f3 Itaka-Escolapios","url":"https:\/\/www.itakaescolapios.org\/pt\/es\/","logo":{"@type":"ImageObject","inLanguage":"pt-BR","@id":"https:\/\/www.itakaescolapios.org\/pt\/es\/#\/schema\/logo\/image\/","url":"https:\/\/www.itakaescolapios.org\/wp-content\/uploads\/2024\/04\/Logo-itakaescolapios-peque.png","contentUrl":"https:\/\/www.itakaescolapios.org\/wp-content\/uploads\/2024\/04\/Logo-itakaescolapios-peque.png","width":500,"height":199,"caption":"Fundaci\u00f3 Itaka-Escolapios"},"image":{"@id":"https:\/\/www.itakaescolapios.org\/pt\/es\/#\/schema\/logo\/image\/"}}]}},"_links":{"self":[{"href":"https:\/\/www.itakaescolapios.org\/pt\/wp-json\/wp\/v2\/pages\/730","targetHints":{"allow":["GET"]}}],"collection":[{"href":"https:\/\/www.itakaescolapios.org\/pt\/wp-json\/wp\/v2\/pages"}],"about":[{"href":"https:\/\/www.itakaescolapios.org\/pt\/wp-json\/wp\/v2\/types\/page"}],"author":[{"embeddable":true,"href":"https:\/\/www.itakaescolapios.org\/pt\/wp-json\/wp\/v2\/users\/1"}],"replies":[{"embeddable":true,"href":"https:\/\/www.itakaescolapios.org\/pt\/wp-json\/wp\/v2\/comments?post=730"}],"version-history":[{"count":65,"href":"https:\/\/www.itakaescolapios.org\/pt\/wp-json\/wp\/v2\/pages\/730\/revisions"}],"predecessor-version":[{"id":50133,"href":"https:\/\/www.itakaescolapios.org\/pt\/wp-json\/wp\/v2\/pages\/730\/revisions\/50133"}],"up":[{"embeddable":true,"href":"https:\/\/www.itakaescolapios.org\/pt\/wp-json\/wp\/v2\/pages\/9"}],"wp:attachment":[{"href":"https:\/\/www.itakaescolapios.org\/pt\/wp-json\/wp\/v2\/media?parent=730"}],"curies":[{"name":"wp","href":"https:\/\/api.w.org\/{rel}","templated":true}]}}