{"id":734,"date":"2012-06-14T12:03:58","date_gmt":"2012-06-14T11:03:58","guid":{"rendered":"https:\/\/www.itakaescolapios.org\/?page_id=734"},"modified":"2023-11-28T12:39:42","modified_gmt":"2023-11-28T11:39:42","slug":"difunde-nuestro-trabajo","status":"publish","type":"page","link":"https:\/\/www.itakaescolapios.org\/pt\/que-puedes-hacer-tu\/difunde-nuestro-trabajo\/","title":{"rendered":"Difunde nuestro trabajo"},"content":{"rendered":"<p lang=\"en-US\" align=\"JUSTIFY\">Para Itaka-Escolapios es muy importante contar con el apoyo de sus socios y socias as\u00ed como con todas las entidades y empresas amigas que a\u00f1o tras a\u00f1o nos demuestran su cercan\u00eda apostando por nuestros proyectos.<\/p>\n<p lang=\"en-US\" align=\"JUSTIFY\">En esta secci\u00f3n puedes descargarte unos fondos de escritorio, para difundir nuestra labor en tu centro de estudios o de trabajo, o unos banners para incorporar a tu blog o a la web de tu empresa.<\/p>\n<p lang=\"en-US\" align=\"JUSTIFY\"><strong>Fondos de escritorio\u00a0<\/strong><\/p>\n<p lang=\"en-US\" align=\"JUSTIFY\"><a href=\"https:\/\/www.itakaescolapios.org\/wp-content\/uploads\/2012\/06\/WALLPAPER-ITAKA-03.jpg\"><img decoding=\"async\" class=\"alignleft size-thumbnail wp-image-2486\" title=\"WALLPAPER ITAKA 03\" src=\"https:\/\/www.itakaescolapios.org\/wp-content\/uploads\/2012\/06\/WALLPAPER-ITAKA-03-90x90.jpg\" alt=\"\" width=\"90\" height=\"90\" \/><\/a><\/p>\n<p lang=\"en-US\" align=\"JUSTIFY\"><a href=\"https:\/\/www.itakaescolapios.org\/wp-content\/uploads\/2012\/06\/WALLPAPER-ITAKA-02.jpg\"><img decoding=\"async\" class=\"alignleft size-thumbnail wp-image-2487\" title=\"WALLPAPER ITAKA 02\" src=\"https:\/\/www.itakaescolapios.org\/wp-content\/uploads\/2012\/06\/WALLPAPER-ITAKA-02-90x90.jpg\" alt=\"\" width=\"90\" height=\"90\" \/><\/a><a href=\"https:\/\/www.itakaescolapios.org\/wp-content\/uploads\/2012\/06\/WALLPAPER-ITAKA-04.jpg\"><img decoding=\"async\" class=\"alignleft size-thumbnail wp-image-2488\" title=\"WALLPAPER ITAKA 04\" src=\"https:\/\/www.itakaescolapios.org\/wp-content\/uploads\/2012\/06\/WALLPAPER-ITAKA-04-90x90.jpg\" alt=\"\" width=\"90\" height=\"90\" \/><\/a><a href=\"https:\/\/www.itakaescolapios.org\/wp-content\/uploads\/2012\/06\/WALLPAPER-ITAKA-07.jpg\"><img decoding=\"async\" class=\"alignleft size-thumbnail wp-image-2489\" title=\"WALLPAPER ITAKA 07\" src=\"https:\/\/www.itakaescolapios.org\/wp-content\/uploads\/2012\/06\/WALLPAPER-ITAKA-07-90x90.jpg\" alt=\"\" width=\"90\" height=\"90\" \/><\/a><a href=\"https:\/\/www.itakaescolapios.org\/wp-content\/uploads\/2012\/06\/WALLPAPER-ITAKA-05.jpg\"><img decoding=\"async\" class=\"alignleft size-thumbnail wp-image-2492\" title=\"WALLPAPER ITAKA 05\" src=\"https:\/\/www.itakaescolapios.org\/wp-content\/uploads\/2012\/06\/WALLPAPER-ITAKA-05-90x90.jpg\" alt=\"\" width=\"90\" height=\"90\" \/><\/a><a href=\"https:\/\/www.itakaescolapios.org\/wp-content\/uploads\/2012\/06\/WALLPAPER-ITAKA-08.jpg\"><img decoding=\"async\" class=\"alignleft size-thumbnail wp-image-2490\" title=\"WALLPAPER ITAKA 08\" src=\"https:\/\/www.itakaescolapios.org\/wp-content\/uploads\/2012\/06\/WALLPAPER-ITAKA-08-90x90.jpg\" alt=\"\" width=\"90\" height=\"90\" \/><\/a><a href=\"https:\/\/www.itakaescolapios.org\/wp-content\/uploads\/2012\/06\/WALLPAPER-ITAKA-01.jpg\"><img decoding=\"async\" class=\"alignleft size-thumbnail wp-image-2493\" title=\"WALLPAPER ITAKA 01\" src=\"https:\/\/www.itakaescolapios.org\/wp-content\/uploads\/2012\/06\/WALLPAPER-ITAKA-01-90x90.jpg\" alt=\"\" width=\"90\" height=\"90\" \/><\/a><a href=\"https:\/\/www.itakaescolapios.org\/wp-content\/uploads\/2012\/06\/WALLPAPER-ITAKA-04-valenciano.jpg\"><img decoding=\"async\" class=\"alignleft size-thumbnail wp-image-2494\" title=\"WALLPAPER ITAKA 04 valenciano\" src=\"https:\/\/www.itakaescolapios.org\/wp-content\/uploads\/2012\/06\/WALLPAPER-ITAKA-04-valenciano-90x90.jpg\" alt=\"\" width=\"90\" height=\"90\" \/><\/a><a href=\"https:\/\/www.itakaescolapios.org\/wp-content\/uploads\/2012\/06\/WALLPAPERS-ITAKA-portugues.jpg\"><img decoding=\"async\" class=\"alignleft size-thumbnail wp-image-2495\" title=\"WALLPAPERS ITAKA portugues\" src=\"https:\/\/www.itakaescolapios.org\/wp-content\/uploads\/2012\/06\/WALLPAPERS-ITAKA-portugues-90x90.jpg\" alt=\"\" width=\"90\" height=\"90\" \/><\/a><\/p>\n<p>&nbsp;<\/p>\n<p>&nbsp;<\/p>\n<p>&nbsp;<\/p>\n<p>&nbsp;<\/p>\n<p>&nbsp;<\/p>\n<p>&nbsp;<\/p>\n<p lang=\"en-US\" align=\"JUSTIFY\"><strong>Banners<\/strong><\/p>\n<p lang=\"en-US\" align=\"JUSTIFY\"><a href=\"https:\/\/www.itakaescolapios.org\/wp-content\/uploads\/2012\/06\/itaka-banner-ne.jpg\"><img decoding=\"async\" class=\"alignleft size-thumbnail wp-image-826\" title=\"itaka-banner-ne\" src=\"https:\/\/www.itakaescolapios.org\/wp-content\/uploads\/2012\/06\/itaka-banner-ne-90x90.jpg\" alt=\"\" width=\"90\" height=\"90\" \/><\/a><\/p>\n<p lang=\"en-US\" align=\"JUSTIFY\"><strong><\/strong><a href=\"https:\/\/www.itakaescolapios.org\/wp-content\/uploads\/2012\/06\/itaka-banner.jpg\"><img decoding=\"async\" class=\"alignleft size-thumbnail wp-image-825\" title=\"itaka-banner\" src=\"https:\/\/www.itakaescolapios.org\/wp-content\/uploads\/2012\/06\/itaka-banner-90x90.jpg\" alt=\"\" width=\"90\" height=\"90\" \/><\/a><a href=\"https:\/\/www.itakaescolapios.org\/wp-content\/uploads\/2012\/06\/banner01.jpg\"><img decoding=\"async\" class=\"alignleft size-thumbnail wp-image-2475\" title=\"banner01\" src=\"https:\/\/www.itakaescolapios.org\/wp-content\/uploads\/2012\/06\/banner01-90x90.jpg\" alt=\"\" width=\"90\" height=\"90\" \/><\/a><a href=\"https:\/\/www.itakaescolapios.org\/wp-content\/uploads\/2012\/06\/banner02.jpg\"><img decoding=\"async\" class=\"alignleft size-thumbnail wp-image-2476\" title=\"banner02\" src=\"https:\/\/www.itakaescolapios.org\/wp-content\/uploads\/2012\/06\/banner02-90x90.jpg\" alt=\"\" width=\"90\" height=\"90\" \/><\/a><a href=\"https:\/\/www.itakaescolapios.org\/wp-content\/uploads\/2012\/06\/banner03.jpg\"><img decoding=\"async\" class=\"alignleft size-thumbnail wp-image-2477\" title=\"banner03\" src=\"https:\/\/www.itakaescolapios.org\/wp-content\/uploads\/2012\/06\/banner03-90x90.jpg\" alt=\"\" width=\"90\" height=\"90\" \/><\/a><a href=\"https:\/\/www.itakaescolapios.org\/wp-content\/uploads\/2012\/06\/banner04.jpg\"><img decoding=\"async\" class=\"alignleft size-thumbnail wp-image-2478\" title=\"banner04\" src=\"https:\/\/www.itakaescolapios.org\/wp-content\/uploads\/2012\/06\/banner04-90x90.jpg\" alt=\"\" width=\"90\" height=\"90\" \/><\/a><a href=\"https:\/\/www.itakaescolapios.org\/wp-content\/uploads\/2012\/06\/banner05.jpg\"><img decoding=\"async\" class=\"alignleft size-thumbnail wp-image-2479\" title=\"banner05\" src=\"https:\/\/www.itakaescolapios.org\/wp-content\/uploads\/2012\/06\/banner05-90x90.jpg\" alt=\"\" width=\"90\" height=\"90\" \/><\/a><a href=\"https:\/\/www.itakaescolapios.org\/wp-content\/uploads\/2012\/06\/banner06.jpg\"><img decoding=\"async\" class=\"alignleft size-thumbnail wp-image-2480\" title=\"banner06\" src=\"https:\/\/www.itakaescolapios.org\/wp-content\/uploads\/2012\/06\/banner06-90x90.jpg\" alt=\"\" width=\"90\" height=\"90\" \/><\/a><\/p>\n<p><!--more--><\/p>\n","protected":false},"excerpt":{"rendered":"<p>Para Itaka-Escolapios es muy importante contar con el apoyo de sus socios y socias as\u00ed como con todas las entidades y empresas amigas que a\u00f1o tras a\u00f1o nos demuestran su [&hellip;]<\/p>\n","protected":false},"author":1,"featured_media":0,"parent":9,"menu_order":4,"comment_status":"closed","ping_status":"closed","template":"","meta":{"_et_pb_use_builder":"","_et_pb_old_content":"","_et_gb_content_width":"","footnotes":""},"class_list":["post-734","page","type-page","status-publish","hentry"],"yoast_head":"<!-- This site is optimized with the Yoast SEO plugin v27.3 - https:\/\/yoast.com\/product\/yoast-seo-wordpress\/ -->\n<title>Difunde nuestro trabajo<\/title>\n<meta name=\"description\" content=\"Para Itaka-Escolapios es muy importante contar con el apoyo de sus socios y socias as\u00ed como con todas las entidades y empresas amigas que a\u00f1o tras a\u00f1o nos demuestran su cercan\u00eda apostando por nuestros proyectos. En esta secci\u00f3n puedes descargarte unos fondos de escritorio, para difundir nuestra labor en tu centro de estudios o de&hellip;\" \/>\n<meta name=\"robots\" content=\"index, follow, max-snippet:-1, max-image-preview:large, max-video-preview:-1\" \/>\n<link rel=\"canonical\" href=\"http:\/\/Para%20Itaka-Escolapios%20es%20muy%20importante%20contar%20con%20el%20apoyo%20de%20sus%20socios%20y%20socias%20as\u00ed%20como%20con%20todas%20las%20entidades%20y%20empresas%20amigas%20que%20a\u00f1o%20tras%20a\u00f1o%20nos%20demuestran%20su%20cercan\u00eda%20apostando%20por%20nuestros%20proyectos.%20En%20esta%20secci\u00f3n%20puedes%20descargarte%20unos%20fondos%20de%20escritorio,%20para%20difundir%20nuestra%20labor%20en%20tu%20centro%20de%20estudios%20o%20de&hellip;\" \/>\n<meta property=\"og:locale\" content=\"pt_BR\" \/>\n<meta property=\"og:type\" content=\"article\" \/>\n<meta property=\"og:title\" content=\"Difunde nuestro trabajo\" \/>\n<meta property=\"og:description\" content=\"Para Itaka-Escolapios es muy importante contar con el apoyo de sus socios y socias as\u00ed como con todas las entidades y empresas amigas que a\u00f1o tras a\u00f1o nos demuestran su cercan\u00eda apostando por nuestros proyectos. En esta secci\u00f3n puedes descargarte unos fondos de escritorio, para difundir nuestra labor en tu centro de estudios o de&hellip;\" \/>\n<meta property=\"og:url\" content=\"https:\/\/www.itakaescolapios.org\/pt\/que-puedes-hacer-tu\/difunde-nuestro-trabajo\/\" \/>\n<meta property=\"og:site_name\" content=\"Itaka-Escolapios\" \/>\n<meta property=\"article:modified_time\" content=\"2023-11-28T11:39:42+00:00\" \/>\n<meta property=\"og:image\" content=\"https:\/\/www.itakaescolapios.org\/wp-content\/uploads\/2012\/06\/WALLPAPER-ITAKA-03.jpg\" \/>\n\t<meta property=\"og:image:width\" content=\"1600\" \/>\n\t<meta property=\"og:image:height\" content=\"1000\" \/>\n\t<meta property=\"og:image:type\" content=\"image\/jpeg\" \/>\n<meta name=\"twitter:card\" content=\"summary_large_image\" \/>\n<script type=\"application\/ld+json\" class=\"yoast-schema-graph\">{\"@context\":\"https:\\\/\\\/schema.org\",\"@graph\":[{\"@type\":\"WebPage\",\"@id\":\"https:\\\/\\\/www.itakaescolapios.org\\\/pt\\\/que-puedes-hacer-tu\\\/difunde-nuestro-trabajo\\\/\",\"url\":\"https:\\\/\\\/www.itakaescolapios.org\\\/pt\\\/que-puedes-hacer-tu\\\/difunde-nuestro-trabajo\\\/\",\"name\":\"Difunde nuestro trabajo - Itaka-Escolapios\",\"isPartOf\":{\"@id\":\"https:\\\/\\\/www.itakaescolapios.org\\\/es\\\/#website\"},\"primaryImageOfPage\":{\"@id\":\"https:\\\/\\\/www.itakaescolapios.org\\\/pt\\\/que-puedes-hacer-tu\\\/difunde-nuestro-trabajo\\\/#primaryimage\"},\"image\":{\"@id\":\"https:\\\/\\\/www.itakaescolapios.org\\\/pt\\\/que-puedes-hacer-tu\\\/difunde-nuestro-trabajo\\\/#primaryimage\"},\"thumbnailUrl\":\"https:\\\/\\\/www.itakaescolapios.org\\\/wp-content\\\/uploads\\\/2012\\\/06\\\/WALLPAPER-ITAKA-03-90x90.jpg\",\"datePublished\":\"2012-06-14T11:03:58+00:00\",\"dateModified\":\"2023-11-28T11:39:42+00:00\",\"breadcrumb\":{\"@id\":\"https:\\\/\\\/www.itakaescolapios.org\\\/pt\\\/que-puedes-hacer-tu\\\/difunde-nuestro-trabajo\\\/#breadcrumb\"},\"inLanguage\":\"pt-BR\",\"potentialAction\":[{\"@type\":\"ReadAction\",\"target\":[\"https:\\\/\\\/www.itakaescolapios.org\\\/pt\\\/que-puedes-hacer-tu\\\/difunde-nuestro-trabajo\\\/\"]}]},{\"@type\":\"ImageObject\",\"inLanguage\":\"pt-BR\",\"@id\":\"https:\\\/\\\/www.itakaescolapios.org\\\/pt\\\/que-puedes-hacer-tu\\\/difunde-nuestro-trabajo\\\/#primaryimage\",\"url\":\"https:\\\/\\\/www.itakaescolapios.org\\\/wp-content\\\/uploads\\\/2012\\\/06\\\/WALLPAPER-ITAKA-03-90x90.jpg\",\"contentUrl\":\"https:\\\/\\\/www.itakaescolapios.org\\\/wp-content\\\/uploads\\\/2012\\\/06\\\/WALLPAPER-ITAKA-03-90x90.jpg\"},{\"@type\":\"BreadcrumbList\",\"@id\":\"https:\\\/\\\/www.itakaescolapios.org\\\/pt\\\/que-puedes-hacer-tu\\\/difunde-nuestro-trabajo\\\/#breadcrumb\",\"itemListElement\":[{\"@type\":\"ListItem\",\"position\":1,\"name\":\"Itaka-Escolapios\",\"item\":\"https:\\\/\\\/www.itakaescolapios.org\\\/es\\\/\"},{\"@type\":\"ListItem\",\"position\":2,\"name\":\"Qu\u00e9 puedes hacer t\u00fa\",\"item\":\"https:\\\/\\\/www.itakaescolapios.org\\\/es\\\/que-puedes-hacer-tu\\\/\"},{\"@type\":\"ListItem\",\"position\":3,\"name\":\"Difunde nuestro trabajo\"}]},{\"@type\":\"WebSite\",\"@id\":\"https:\\\/\\\/www.itakaescolapios.org\\\/pt\\\/es\\\/#website\",\"url\":\"https:\\\/\\\/www.itakaescolapios.org\\\/pt\\\/es\\\/\",\"name\":\"Itaka-Escolapios\",\"description\":\"Red de Itaka-Escolapios\",\"publisher\":{\"@id\":\"https:\\\/\\\/www.itakaescolapios.org\\\/pt\\\/es\\\/#organization\"},\"potentialAction\":[{\"@type\":\"SearchAction\",\"target\":{\"@type\":\"EntryPoint\",\"urlTemplate\":\"https:\\\/\\\/www.itakaescolapios.org\\\/pt\\\/es\\\/?s={search_term_string}\"},\"query-input\":{\"@type\":\"PropertyValueSpecification\",\"valueRequired\":true,\"valueName\":\"search_term_string\"}}],\"inLanguage\":\"pt-BR\"},{\"@type\":\"Organization\",\"@id\":\"https:\\\/\\\/www.itakaescolapios.org\\\/pt\\\/es\\\/#organization\",\"name\":\"Fundaci\u00f3 Itaka-Escolapios\",\"url\":\"https:\\\/\\\/www.itakaescolapios.org\\\/pt\\\/es\\\/\",\"logo\":{\"@type\":\"ImageObject\",\"inLanguage\":\"pt-BR\",\"@id\":\"https:\\\/\\\/www.itakaescolapios.org\\\/pt\\\/es\\\/#\\\/schema\\\/logo\\\/image\\\/\",\"url\":\"https:\\\/\\\/www.itakaescolapios.org\\\/wp-content\\\/uploads\\\/2024\\\/04\\\/Logo-itakaescolapios-peque.png\",\"contentUrl\":\"https:\\\/\\\/www.itakaescolapios.org\\\/wp-content\\\/uploads\\\/2024\\\/04\\\/Logo-itakaescolapios-peque.png\",\"width\":500,\"height\":199,\"caption\":\"Fundaci\u00f3 Itaka-Escolapios\"},\"image\":{\"@id\":\"https:\\\/\\\/www.itakaescolapios.org\\\/pt\\\/es\\\/#\\\/schema\\\/logo\\\/image\\\/\"}}]}<\/script>\n<!-- \/ Yoast SEO plugin. -->","yoast_head_json":{"title":"Difunde nuestro trabajo","description":"Para Itaka-Escolapios es muy importante contar con el apoyo de sus socios y socias as\u00ed como con todas las entidades y empresas amigas que a\u00f1o tras a\u00f1o nos demuestran su cercan\u00eda apostando por nuestros proyectos. En esta secci\u00f3n puedes descargarte unos fondos de escritorio, para difundir nuestra labor en tu centro de estudios o de&hellip;","robots":{"index":"index","follow":"follow","max-snippet":"max-snippet:-1","max-image-preview":"max-image-preview:large","max-video-preview":"max-video-preview:-1"},"canonical":"Para Itaka-Escolapios es muy importante contar con el apoyo de sus socios y socias as\u00ed como con todas las entidades y empresas amigas que a\u00f1o tras a\u00f1o nos demuestran su cercan\u00eda apostando por nuestros proyectos. En esta secci\u00f3n puedes descargarte unos fondos de escritorio, para difundir nuestra labor en tu centro de estudios o de&hellip;","og_locale":"pt_BR","og_type":"article","og_title":"Difunde nuestro trabajo","og_description":"Para Itaka-Escolapios es muy importante contar con el apoyo de sus socios y socias as\u00ed como con todas las entidades y empresas amigas que a\u00f1o tras a\u00f1o nos demuestran su cercan\u00eda apostando por nuestros proyectos. En esta secci\u00f3n puedes descargarte unos fondos de escritorio, para difundir nuestra labor en tu centro de estudios o de&hellip;","og_url":"https:\/\/www.itakaescolapios.org\/pt\/que-puedes-hacer-tu\/difunde-nuestro-trabajo\/","og_site_name":"Itaka-Escolapios","article_modified_time":"2023-11-28T11:39:42+00:00","og_image":[{"width":1600,"height":1000,"url":"https:\/\/www.itakaescolapios.org\/wp-content\/uploads\/2012\/06\/WALLPAPER-ITAKA-03.jpg","type":"image\/jpeg"}],"twitter_card":"summary_large_image","schema":{"@context":"https:\/\/schema.org","@graph":[{"@type":"WebPage","@id":"https:\/\/www.itakaescolapios.org\/pt\/que-puedes-hacer-tu\/difunde-nuestro-trabajo\/","url":"https:\/\/www.itakaescolapios.org\/pt\/que-puedes-hacer-tu\/difunde-nuestro-trabajo\/","name":"Difunde nuestro trabajo - Itaka-Escolapios","isPartOf":{"@id":"https:\/\/www.itakaescolapios.org\/es\/#website"},"primaryImageOfPage":{"@id":"https:\/\/www.itakaescolapios.org\/pt\/que-puedes-hacer-tu\/difunde-nuestro-trabajo\/#primaryimage"},"image":{"@id":"https:\/\/www.itakaescolapios.org\/pt\/que-puedes-hacer-tu\/difunde-nuestro-trabajo\/#primaryimage"},"thumbnailUrl":"https:\/\/www.itakaescolapios.org\/wp-content\/uploads\/2012\/06\/WALLPAPER-ITAKA-03-90x90.jpg","datePublished":"2012-06-14T11:03:58+00:00","dateModified":"2023-11-28T11:39:42+00:00","breadcrumb":{"@id":"https:\/\/www.itakaescolapios.org\/pt\/que-puedes-hacer-tu\/difunde-nuestro-trabajo\/#breadcrumb"},"inLanguage":"pt-BR","potentialAction":[{"@type":"ReadAction","target":["https:\/\/www.itakaescolapios.org\/pt\/que-puedes-hacer-tu\/difunde-nuestro-trabajo\/"]}]},{"@type":"ImageObject","inLanguage":"pt-BR","@id":"https:\/\/www.itakaescolapios.org\/pt\/que-puedes-hacer-tu\/difunde-nuestro-trabajo\/#primaryimage","url":"https:\/\/www.itakaescolapios.org\/wp-content\/uploads\/2012\/06\/WALLPAPER-ITAKA-03-90x90.jpg","contentUrl":"https:\/\/www.itakaescolapios.org\/wp-content\/uploads\/2012\/06\/WALLPAPER-ITAKA-03-90x90.jpg"},{"@type":"BreadcrumbList","@id":"https:\/\/www.itakaescolapios.org\/pt\/que-puedes-hacer-tu\/difunde-nuestro-trabajo\/#breadcrumb","itemListElement":[{"@type":"ListItem","position":1,"name":"Itaka-Escolapios","item":"https:\/\/www.itakaescolapios.org\/es\/"},{"@type":"ListItem","position":2,"name":"Qu\u00e9 puedes hacer t\u00fa","item":"https:\/\/www.itakaescolapios.org\/es\/que-puedes-hacer-tu\/"},{"@type":"ListItem","position":3,"name":"Difunde nuestro trabajo"}]},{"@type":"WebSite","@id":"https:\/\/www.itakaescolapios.org\/pt\/es\/#website","url":"https:\/\/www.itakaescolapios.org\/pt\/es\/","name":"Itaka-Escolapios","description":"Red de Itaka-Escolapios","publisher":{"@id":"https:\/\/www.itakaescolapios.org\/pt\/es\/#organization"},"potentialAction":[{"@type":"SearchAction","target":{"@type":"EntryPoint","urlTemplate":"https:\/\/www.itakaescolapios.org\/pt\/es\/?s={search_term_string}"},"query-input":{"@type":"PropertyValueSpecification","valueRequired":true,"valueName":"search_term_string"}}],"inLanguage":"pt-BR"},{"@type":"Organization","@id":"https:\/\/www.itakaescolapios.org\/pt\/es\/#organization","name":"Fundaci\u00f3 Itaka-Escolapios","url":"https:\/\/www.itakaescolapios.org\/pt\/es\/","logo":{"@type":"ImageObject","inLanguage":"pt-BR","@id":"https:\/\/www.itakaescolapios.org\/pt\/es\/#\/schema\/logo\/image\/","url":"https:\/\/www.itakaescolapios.org\/wp-content\/uploads\/2024\/04\/Logo-itakaescolapios-peque.png","contentUrl":"https:\/\/www.itakaescolapios.org\/wp-content\/uploads\/2024\/04\/Logo-itakaescolapios-peque.png","width":500,"height":199,"caption":"Fundaci\u00f3 Itaka-Escolapios"},"image":{"@id":"https:\/\/www.itakaescolapios.org\/pt\/es\/#\/schema\/logo\/image\/"}}]}},"_links":{"self":[{"href":"https:\/\/www.itakaescolapios.org\/pt\/wp-json\/wp\/v2\/pages\/734","targetHints":{"allow":["GET"]}}],"collection":[{"href":"https:\/\/www.itakaescolapios.org\/pt\/wp-json\/wp\/v2\/pages"}],"about":[{"href":"https:\/\/www.itakaescolapios.org\/pt\/wp-json\/wp\/v2\/types\/page"}],"author":[{"embeddable":true,"href":"https:\/\/www.itakaescolapios.org\/pt\/wp-json\/wp\/v2\/users\/1"}],"replies":[{"embeddable":true,"href":"https:\/\/www.itakaescolapios.org\/pt\/wp-json\/wp\/v2\/comments?post=734"}],"version-history":[{"count":38,"href":"https:\/\/www.itakaescolapios.org\/pt\/wp-json\/wp\/v2\/pages\/734\/revisions"}],"predecessor-version":[{"id":50129,"href":"https:\/\/www.itakaescolapios.org\/pt\/wp-json\/wp\/v2\/pages\/734\/revisions\/50129"}],"up":[{"embeddable":true,"href":"https:\/\/www.itakaescolapios.org\/pt\/wp-json\/wp\/v2\/pages\/9"}],"wp:attachment":[{"href":"https:\/\/www.itakaescolapios.org\/pt\/wp-json\/wp\/v2\/media?parent=734"}],"curies":[{"name":"wp","href":"https:\/\/api.w.org\/{rel}","templated":true}]}}