{"id":7410,"date":"2013-10-02T10:46:52","date_gmt":"2013-10-02T09:46:52","guid":{"rendered":"https:\/\/www.itakaescolapios.org\/?page_id=7410"},"modified":"2025-11-10T11:14:31","modified_gmt":"2025-11-10T10:14:31","slug":"itaka-escolapios-venezuela","status":"publish","type":"page","link":"https:\/\/www.itakaescolapios.org\/pt\/o-que-fazemos\/escuelas-de-educadores-y-educadoras-de-tiempo-libre\/itaka-escolapios-venezuela\/","title":{"rendered":"ESCUELA DE EDUCADORES ESCOLAPIOS VENEZUELA"},"content":{"rendered":"<p>La escuela de formaci\u00f3n Itaka-Escolapios, surge como una necesidad de formar agentes educativos y pastorales, Con ella se espera capacitar al personal de las Escuelas, voluntarios de todos los proyectos, padres, madres y todas aquellas personas comprometidas con nuestros proyectos.<\/p>\n<p>Se cuenta con un plan de formaci\u00f3n espec\u00edfico para cada uno de los destinatarios y destinarias:<\/p>\n<ul>\n<li>Colaboradores\/as: docentes, personal de las escuelas,\u2026\n<ul>\n<li><span style=\"text-decoration: underline;\">Iniciaci\u00f3n<\/span>: Es la primera fase de preparaci\u00f3n dirigida al nuevo personal que ingresa, se trabajan los contenidos b\u00e1sicos en dimensiones, de manera individualizada con la asesor\u00eda de los directivos<\/li>\n<li><span style=\"text-decoration: underline;\">Diplomado de Pedagog\u00eda Calasancia<\/span>: Esta propuesta est\u00e1 dirigidas aquellos educadores que llevan al menos 3 a\u00f1os trabajando en nuestras escuelas.<\/li>\n<li><span style=\"text-decoration: underline;\">Permanente<\/span>: Es la fase de preparaci\u00f3n continua para todo el personal, efectuada de manera local en los centros educativos. Corresponde a un proceso que parte de las necesidades del propio personal en su conjunto<\/li>\n<\/ul>\n<\/li>\n<li>Voluntarios y voluntarias\n<ul>\n<li><span style=\"text-decoration: underline;\">Encuentro local de iniciaci\u00f3n<\/span>: Es la primera fase de preparaci\u00f3n dirigida a personas comprometidas con nuestros proyectos.<\/li>\n<li><span style=\"text-decoration: underline;\">B\u00e1sico<\/span>: Dura 2 a\u00f1os y busca desarrollar la maduraci\u00f3n humana<\/li>\n<li><span style=\"text-decoration: underline;\">Especializaci\u00f3n: <\/span>Dura 2 a\u00f1os y busca que los participantes puedan adquirir la capacidad de coordinar y acompa\u00f1ar los procesos formativos.<\/li>\n<li><span style=\"text-decoration: underline;\">Curso Avanzado de Pastoral Juvenil: <\/span>Es parte de la especializaci\u00f3n y busca completar la formaci\u00f3n de agentes de pastoral<\/li>\n<\/ul>\n<\/li>\n<\/ul>\n<p>Puedes seguirnos o encontrar m\u00e1s informaci\u00f3n en ESCUELA DE EDUCADORES<!--more--><\/p>\n","protected":false},"excerpt":{"rendered":"<p>La escuela de formaci\u00f3n Itaka-Escolapios, surge como una necesidad de formar agentes educativos y pastorales, Con ella se espera capacitar al personal de las Escuelas, voluntarios de todos los proyectos, [&hellip;]<\/p>\n","protected":false},"author":46,"featured_media":7413,"parent":89,"menu_order":9,"comment_status":"closed","ping_status":"closed","template":"","meta":{"_et_pb_use_builder":"","_et_pb_old_content":"","_et_gb_content_width":"","footnotes":""},"class_list":["post-7410","page","type-page","status-publish","has-post-thumbnail","hentry"],"yoast_head":"<!-- This site is optimized with the Yoast SEO plugin v27.3 - https:\/\/yoast.com\/product\/yoast-seo-wordpress\/ -->\n<title>ESCUELA DE EDUCADORES ESCOLAPIOS VENEZUELA<\/title>\n<meta name=\"description\" content=\"La escuela de formaci\u00f3n Itaka-Escolapios, surge como una necesidad de formar agentes educativos y pastorales, Con ella se espera capacitar al personal de las Escuelas, voluntarios de todos los proyectos, padres, madres y todas aquellas personas comprometidas con nuestros proyectos. Se cuenta con un plan de formaci\u00f3n espec\u00edfico para cada uno de los destinatarios y&hellip;\" \/>\n<meta name=\"robots\" content=\"noindex, nofollow\" \/>\n<meta property=\"og:locale\" content=\"pt_BR\" \/>\n<meta property=\"og:type\" content=\"article\" \/>\n<meta property=\"og:title\" content=\"ESCUELA DE EDUCADORES ESCOLAPIOS VENEZUELA\" \/>\n<meta property=\"og:description\" content=\"La escuela de formaci\u00f3n Itaka-Escolapios, surge como una necesidad de formar agentes educativos y pastorales, Con ella se espera capacitar al personal de las Escuelas, voluntarios de todos los proyectos, padres, madres y todas aquellas personas comprometidas con nuestros proyectos. Se cuenta con un plan de formaci\u00f3n espec\u00edfico para cada uno de los destinatarios y&hellip;\" \/>\n<meta property=\"og:url\" content=\"https:\/\/www.itakaescolapios.org\/pt\/o-que-fazemos\/escuelas-de-educadores-y-educadoras-de-tiempo-libre\/itaka-escolapios-venezuela\/\" \/>\n<meta property=\"og:site_name\" content=\"Itaka-Escolapios\" \/>\n<meta property=\"article:modified_time\" content=\"2025-11-10T10:14:31+00:00\" \/>\n<meta property=\"og:image\" content=\"https:\/\/www.itakaescolapios.org\/wp-content\/uploads\/2013\/10\/75780_417867778272757_9866519_n.jpg\" \/>\n\t<meta property=\"og:image:width\" content=\"960\" \/>\n\t<meta property=\"og:image:height\" content=\"720\" \/>\n\t<meta property=\"og:image:type\" content=\"image\/jpeg\" \/>\n<meta name=\"twitter:card\" content=\"summary_large_image\" \/>\n<meta name=\"twitter:label1\" content=\"Est. tempo de leitura\" \/>\n\t<meta name=\"twitter:data1\" content=\"2 minutos\" \/>\n<script type=\"application\/ld+json\" class=\"yoast-schema-graph\">{\"@context\":\"https:\\\/\\\/schema.org\",\"@graph\":[{\"@type\":\"WebPage\",\"@id\":\"https:\\\/\\\/www.itakaescolapios.org\\\/pt\\\/o-que-fazemos\\\/escuelas-de-educadores-y-educadoras-de-tiempo-libre\\\/itaka-escolapios-venezuela\\\/\",\"url\":\"https:\\\/\\\/www.itakaescolapios.org\\\/pt\\\/o-que-fazemos\\\/escuelas-de-educadores-y-educadoras-de-tiempo-libre\\\/itaka-escolapios-venezuela\\\/\",\"name\":\"ESCUELA DE EDUCADORES ESCOLAPIOS VENEZUELA - Itaka-Escolapios\",\"isPartOf\":{\"@id\":\"https:\\\/\\\/www.itakaescolapios.org\\\/es\\\/#website\"},\"primaryImageOfPage\":{\"@id\":\"https:\\\/\\\/www.itakaescolapios.org\\\/pt\\\/o-que-fazemos\\\/escuelas-de-educadores-y-educadoras-de-tiempo-libre\\\/itaka-escolapios-venezuela\\\/#primaryimage\"},\"image\":{\"@id\":\"https:\\\/\\\/www.itakaescolapios.org\\\/pt\\\/o-que-fazemos\\\/escuelas-de-educadores-y-educadoras-de-tiempo-libre\\\/itaka-escolapios-venezuela\\\/#primaryimage\"},\"thumbnailUrl\":\"https:\\\/\\\/www.itakaescolapios.org\\\/wp-content\\\/uploads\\\/2013\\\/10\\\/75780_417867778272757_9866519_n.jpg\",\"datePublished\":\"2013-10-02T09:46:52+00:00\",\"dateModified\":\"2025-11-10T10:14:31+00:00\",\"breadcrumb\":{\"@id\":\"https:\\\/\\\/www.itakaescolapios.org\\\/pt\\\/o-que-fazemos\\\/escuelas-de-educadores-y-educadoras-de-tiempo-libre\\\/itaka-escolapios-venezuela\\\/#breadcrumb\"},\"inLanguage\":\"pt-BR\",\"potentialAction\":[{\"@type\":\"ReadAction\",\"target\":[\"https:\\\/\\\/www.itakaescolapios.org\\\/pt\\\/o-que-fazemos\\\/escuelas-de-educadores-y-educadoras-de-tiempo-libre\\\/itaka-escolapios-venezuela\\\/\"]}]},{\"@type\":\"ImageObject\",\"inLanguage\":\"pt-BR\",\"@id\":\"https:\\\/\\\/www.itakaescolapios.org\\\/pt\\\/o-que-fazemos\\\/escuelas-de-educadores-y-educadoras-de-tiempo-libre\\\/itaka-escolapios-venezuela\\\/#primaryimage\",\"url\":\"https:\\\/\\\/www.itakaescolapios.org\\\/wp-content\\\/uploads\\\/2013\\\/10\\\/75780_417867778272757_9866519_n.jpg\",\"contentUrl\":\"https:\\\/\\\/www.itakaescolapios.org\\\/wp-content\\\/uploads\\\/2013\\\/10\\\/75780_417867778272757_9866519_n.jpg\",\"width\":\"960\",\"height\":\"720\"},{\"@type\":\"BreadcrumbList\",\"@id\":\"https:\\\/\\\/www.itakaescolapios.org\\\/pt\\\/o-que-fazemos\\\/escuelas-de-educadores-y-educadoras-de-tiempo-libre\\\/itaka-escolapios-venezuela\\\/#breadcrumb\",\"itemListElement\":[{\"@type\":\"ListItem\",\"position\":1,\"name\":\"Itaka-Escolapios\",\"item\":\"https:\\\/\\\/www.itakaescolapios.org\\\/es\\\/\"},{\"@type\":\"ListItem\",\"position\":2,\"name\":\"O que fazemos\",\"item\":\"https:\\\/\\\/www.itakaescolapios.org\\\/es\\\/que-hacemos\\\/\"},{\"@type\":\"ListItem\",\"position\":3,\"name\":\"Escuelas de educadores y educadoras\",\"item\":\"https:\\\/\\\/www.itakaescolapios.org\\\/es\\\/que-hacemos\\\/escuelas-de-educadores-y-educadoras-de-tiempo-libre\\\/\"},{\"@type\":\"ListItem\",\"position\":4,\"name\":\"ESCUELA DE EDUCADORES ESCOLAPIOS VENEZUELA\"}]},{\"@type\":\"WebSite\",\"@id\":\"https:\\\/\\\/www.itakaescolapios.org\\\/pt\\\/es\\\/#website\",\"url\":\"https:\\\/\\\/www.itakaescolapios.org\\\/pt\\\/es\\\/\",\"name\":\"Itaka-Escolapios\",\"description\":\"Red de Itaka-Escolapios\",\"publisher\":{\"@id\":\"https:\\\/\\\/www.itakaescolapios.org\\\/pt\\\/es\\\/#organization\"},\"potentialAction\":[{\"@type\":\"SearchAction\",\"target\":{\"@type\":\"EntryPoint\",\"urlTemplate\":\"https:\\\/\\\/www.itakaescolapios.org\\\/pt\\\/es\\\/?s={search_term_string}\"},\"query-input\":{\"@type\":\"PropertyValueSpecification\",\"valueRequired\":true,\"valueName\":\"search_term_string\"}}],\"inLanguage\":\"pt-BR\"},{\"@type\":\"Organization\",\"@id\":\"https:\\\/\\\/www.itakaescolapios.org\\\/pt\\\/es\\\/#organization\",\"name\":\"Fundaci\u00f3 Itaka-Escolapios\",\"url\":\"https:\\\/\\\/www.itakaescolapios.org\\\/pt\\\/es\\\/\",\"logo\":{\"@type\":\"ImageObject\",\"inLanguage\":\"pt-BR\",\"@id\":\"https:\\\/\\\/www.itakaescolapios.org\\\/pt\\\/es\\\/#\\\/schema\\\/logo\\\/image\\\/\",\"url\":\"https:\\\/\\\/www.itakaescolapios.org\\\/wp-content\\\/uploads\\\/2024\\\/04\\\/Logo-itakaescolapios-peque.png\",\"contentUrl\":\"https:\\\/\\\/www.itakaescolapios.org\\\/wp-content\\\/uploads\\\/2024\\\/04\\\/Logo-itakaescolapios-peque.png\",\"width\":500,\"height\":199,\"caption\":\"Fundaci\u00f3 Itaka-Escolapios\"},\"image\":{\"@id\":\"https:\\\/\\\/www.itakaescolapios.org\\\/pt\\\/es\\\/#\\\/schema\\\/logo\\\/image\\\/\"}}]}<\/script>\n<!-- \/ Yoast SEO plugin. -->","yoast_head_json":{"title":"ESCUELA DE EDUCADORES ESCOLAPIOS VENEZUELA","description":"La escuela de formaci\u00f3n Itaka-Escolapios, surge como una necesidad de formar agentes educativos y pastorales, Con ella se espera capacitar al personal de las Escuelas, voluntarios de todos los proyectos, padres, madres y todas aquellas personas comprometidas con nuestros proyectos. Se cuenta con un plan de formaci\u00f3n espec\u00edfico para cada uno de los destinatarios y&hellip;","robots":{"index":"noindex","follow":"nofollow"},"og_locale":"pt_BR","og_type":"article","og_title":"ESCUELA DE EDUCADORES ESCOLAPIOS VENEZUELA","og_description":"La escuela de formaci\u00f3n Itaka-Escolapios, surge como una necesidad de formar agentes educativos y pastorales, Con ella se espera capacitar al personal de las Escuelas, voluntarios de todos los proyectos, padres, madres y todas aquellas personas comprometidas con nuestros proyectos. Se cuenta con un plan de formaci\u00f3n espec\u00edfico para cada uno de los destinatarios y&hellip;","og_url":"https:\/\/www.itakaescolapios.org\/pt\/o-que-fazemos\/escuelas-de-educadores-y-educadoras-de-tiempo-libre\/itaka-escolapios-venezuela\/","og_site_name":"Itaka-Escolapios","article_modified_time":"2025-11-10T10:14:31+00:00","og_image":[{"width":960,"height":720,"url":"https:\/\/www.itakaescolapios.org\/wp-content\/uploads\/2013\/10\/75780_417867778272757_9866519_n.jpg","type":"image\/jpeg"}],"twitter_card":"summary_large_image","twitter_misc":{"Est. tempo de leitura":"2 minutos"},"schema":{"@context":"https:\/\/schema.org","@graph":[{"@type":"WebPage","@id":"https:\/\/www.itakaescolapios.org\/pt\/o-que-fazemos\/escuelas-de-educadores-y-educadoras-de-tiempo-libre\/itaka-escolapios-venezuela\/","url":"https:\/\/www.itakaescolapios.org\/pt\/o-que-fazemos\/escuelas-de-educadores-y-educadoras-de-tiempo-libre\/itaka-escolapios-venezuela\/","name":"ESCUELA DE EDUCADORES ESCOLAPIOS VENEZUELA - Itaka-Escolapios","isPartOf":{"@id":"https:\/\/www.itakaescolapios.org\/es\/#website"},"primaryImageOfPage":{"@id":"https:\/\/www.itakaescolapios.org\/pt\/o-que-fazemos\/escuelas-de-educadores-y-educadoras-de-tiempo-libre\/itaka-escolapios-venezuela\/#primaryimage"},"image":{"@id":"https:\/\/www.itakaescolapios.org\/pt\/o-que-fazemos\/escuelas-de-educadores-y-educadoras-de-tiempo-libre\/itaka-escolapios-venezuela\/#primaryimage"},"thumbnailUrl":"https:\/\/www.itakaescolapios.org\/wp-content\/uploads\/2013\/10\/75780_417867778272757_9866519_n.jpg","datePublished":"2013-10-02T09:46:52+00:00","dateModified":"2025-11-10T10:14:31+00:00","breadcrumb":{"@id":"https:\/\/www.itakaescolapios.org\/pt\/o-que-fazemos\/escuelas-de-educadores-y-educadoras-de-tiempo-libre\/itaka-escolapios-venezuela\/#breadcrumb"},"inLanguage":"pt-BR","potentialAction":[{"@type":"ReadAction","target":["https:\/\/www.itakaescolapios.org\/pt\/o-que-fazemos\/escuelas-de-educadores-y-educadoras-de-tiempo-libre\/itaka-escolapios-venezuela\/"]}]},{"@type":"ImageObject","inLanguage":"pt-BR","@id":"https:\/\/www.itakaescolapios.org\/pt\/o-que-fazemos\/escuelas-de-educadores-y-educadoras-de-tiempo-libre\/itaka-escolapios-venezuela\/#primaryimage","url":"https:\/\/www.itakaescolapios.org\/wp-content\/uploads\/2013\/10\/75780_417867778272757_9866519_n.jpg","contentUrl":"https:\/\/www.itakaescolapios.org\/wp-content\/uploads\/2013\/10\/75780_417867778272757_9866519_n.jpg","width":"960","height":"720"},{"@type":"BreadcrumbList","@id":"https:\/\/www.itakaescolapios.org\/pt\/o-que-fazemos\/escuelas-de-educadores-y-educadoras-de-tiempo-libre\/itaka-escolapios-venezuela\/#breadcrumb","itemListElement":[{"@type":"ListItem","position":1,"name":"Itaka-Escolapios","item":"https:\/\/www.itakaescolapios.org\/es\/"},{"@type":"ListItem","position":2,"name":"O que fazemos","item":"https:\/\/www.itakaescolapios.org\/es\/que-hacemos\/"},{"@type":"ListItem","position":3,"name":"Escuelas de educadores y educadoras","item":"https:\/\/www.itakaescolapios.org\/es\/que-hacemos\/escuelas-de-educadores-y-educadoras-de-tiempo-libre\/"},{"@type":"ListItem","position":4,"name":"ESCUELA DE EDUCADORES ESCOLAPIOS VENEZUELA"}]},{"@type":"WebSite","@id":"https:\/\/www.itakaescolapios.org\/pt\/es\/#website","url":"https:\/\/www.itakaescolapios.org\/pt\/es\/","name":"Itaka-Escolapios","description":"Red de Itaka-Escolapios","publisher":{"@id":"https:\/\/www.itakaescolapios.org\/pt\/es\/#organization"},"potentialAction":[{"@type":"SearchAction","target":{"@type":"EntryPoint","urlTemplate":"https:\/\/www.itakaescolapios.org\/pt\/es\/?s={search_term_string}"},"query-input":{"@type":"PropertyValueSpecification","valueRequired":true,"valueName":"search_term_string"}}],"inLanguage":"pt-BR"},{"@type":"Organization","@id":"https:\/\/www.itakaescolapios.org\/pt\/es\/#organization","name":"Fundaci\u00f3 Itaka-Escolapios","url":"https:\/\/www.itakaescolapios.org\/pt\/es\/","logo":{"@type":"ImageObject","inLanguage":"pt-BR","@id":"https:\/\/www.itakaescolapios.org\/pt\/es\/#\/schema\/logo\/image\/","url":"https:\/\/www.itakaescolapios.org\/wp-content\/uploads\/2024\/04\/Logo-itakaescolapios-peque.png","contentUrl":"https:\/\/www.itakaescolapios.org\/wp-content\/uploads\/2024\/04\/Logo-itakaescolapios-peque.png","width":500,"height":199,"caption":"Fundaci\u00f3 Itaka-Escolapios"},"image":{"@id":"https:\/\/www.itakaescolapios.org\/pt\/es\/#\/schema\/logo\/image\/"}}]}},"_links":{"self":[{"href":"https:\/\/www.itakaescolapios.org\/pt\/wp-json\/wp\/v2\/pages\/7410","targetHints":{"allow":["GET"]}}],"collection":[{"href":"https:\/\/www.itakaescolapios.org\/pt\/wp-json\/wp\/v2\/pages"}],"about":[{"href":"https:\/\/www.itakaescolapios.org\/pt\/wp-json\/wp\/v2\/types\/page"}],"author":[{"embeddable":true,"href":"https:\/\/www.itakaescolapios.org\/pt\/wp-json\/wp\/v2\/users\/46"}],"replies":[{"embeddable":true,"href":"https:\/\/www.itakaescolapios.org\/pt\/wp-json\/wp\/v2\/comments?post=7410"}],"version-history":[{"count":30,"href":"https:\/\/www.itakaescolapios.org\/pt\/wp-json\/wp\/v2\/pages\/7410\/revisions"}],"predecessor-version":[{"id":49422,"href":"https:\/\/www.itakaescolapios.org\/pt\/wp-json\/wp\/v2\/pages\/7410\/revisions\/49422"}],"up":[{"embeddable":true,"href":"https:\/\/www.itakaescolapios.org\/pt\/wp-json\/wp\/v2\/pages\/89"}],"wp:featuredmedia":[{"embeddable":true,"href":"https:\/\/www.itakaescolapios.org\/pt\/wp-json\/wp\/v2\/media\/7413"}],"wp:attachment":[{"href":"https:\/\/www.itakaescolapios.org\/pt\/wp-json\/wp\/v2\/media?parent=7410"}],"curies":[{"name":"wp","href":"https:\/\/api.w.org\/{rel}","templated":true}]}}