{"id":89,"date":"2012-05-24T17:06:48","date_gmt":"2012-05-24T16:06:48","guid":{"rendered":"https:\/\/www.itakaescolapios.org\/?page_id=89"},"modified":"2023-11-28T12:39:51","modified_gmt":"2023-11-28T11:39:51","slug":"escuelas-de-educadores-y-educadoras-de-tiempo-libre","status":"publish","type":"page","link":"https:\/\/www.itakaescolapios.org\/pt\/o-que-fazemos\/escuelas-de-educadores-y-educadoras-de-tiempo-libre\/","title":{"rendered":"Escuelas de educadores y educadoras"},"content":{"rendered":"<p><code>[meteor_slideshow slideshow=\"escuelas-de-educadores\"]<\/code><\/p>\n<p>Itaka-Escolapios cuenta con<strong> Escuelas de Educadores de tiempo libre<\/strong>, reconocidas oficialmente, que forman a alumnos y alumnas como <strong>monitores\/as de tiempo libre, directores\/as de campamentos y dinamizadores\/as socioculturales<\/strong>. Tambi\u00e9n imparten <strong>cursos monogr\u00e1ficos<\/strong> y el curso de <strong>manipulador\/a de alimentos<\/strong>.<\/p>\n<p>Algunos de los signos de identidad de estas escuelas son:<\/p>\n<p>\u2022 <strong>Velan por la formaci\u00f3n de los educadores<\/strong> de los propios grupos de tiempo libre educativo <strong>de Itaka-Escolapios<\/strong>, el movimiento Calasanz.<br \/>\n\u2022 Est\u00e1n <strong>abiertas a la sociedad en general<\/strong> impartiendo formaci\u00f3n a todas aquellas personas que lo deseen.<br \/>\n\u2022 Ofrecen la posibilidad de impartir los distintos <strong>cursos a equipos de responsables ya formados<\/strong>. A la hora de impartir estos cursos, suelen ser flexibles en el momento de marcar el d\u00eda, horario e incluso lugar donde impartir el curso con el fin de apoyar la labor educativa que realizan en sus grupos. El fin de las escuelas es el facilitar su labor educativa con los cursos de formaci\u00f3n.<br \/>\n\u2022 Las escuelas no imparten \u00fanicamente una formaci\u00f3n, tambi\u00e9n se ofrece el <strong>acompa\u00f1amiento y asesoramiento a equipos de responsables<\/strong> que, bien por estar en sus comienzos o por su situaci\u00f3n concreta, requieran dicha ayuda. Las escuelas pretenden <strong>fortalecer el tejido asociativo.<\/strong><br \/>\n\u2022<strong> Fomento y asesoramiento del voluntariado<\/strong>: las escuelas fomentan con su formaci\u00f3n el voluntariado social, pero tambi\u00e9n asesoran a aquellas personas con intenci\u00f3n de comenzar en el voluntariado. Facilitan informaci\u00f3n sobre diversas asociaciones donde realizar su voluntariado.<br \/>\n\u2022 El <strong>profesorado<\/strong> de la escuela en su totalidad o un % muy alto <strong>proviene del mundo del tiempo libre educativo<\/strong> y continua en activo realizando labores de voluntariado.<br \/>\n\u2022 \u2026<!--more--><\/p>\n","protected":false},"excerpt":{"rendered":"<p>[meteor_slideshow slideshow=&#8221;escuelas-de-educadores&#8221;] Itaka-Escolapios cuenta con Escuelas de Educadores de tiempo libre, reconocidas oficialmente, que forman a alumnos y alumnas como monitores\/as de tiempo libre, directores\/as de campamentos y dinamizadores\/as socioculturales. [&hellip;]<\/p>\n","protected":false},"author":1,"featured_media":0,"parent":5,"menu_order":7,"comment_status":"closed","ping_status":"closed","template":"","meta":{"_et_pb_use_builder":"","_et_pb_old_content":"","_et_gb_content_width":"","footnotes":""},"class_list":["post-89","page","type-page","status-publish","hentry"],"yoast_head":"<!-- This site is optimized with the Yoast SEO plugin v27.3 - https:\/\/yoast.com\/product\/yoast-seo-wordpress\/ -->\n<title>Escuelas de educadores y educadoras<\/title>\n<meta name=\"description\" content=\"[meteor_slideshow slideshow=&quot;escuelas-de-educadores&quot;] Itaka-Escolapios cuenta con Escuelas de Educadores de tiempo libre, reconocidas oficialmente, que forman a alumnos y alumnas como monitores\/as de tiempo libre, directores\/as de campamentos y dinamizadores\/as socioculturales. Tambi\u00e9n imparten cursos monogr\u00e1ficos y el curso de manipulador\/a de alimentos. Algunos de los signos de identidad de estas escuelas son: \u2022 Velan por la&hellip;\" \/>\n<meta name=\"robots\" content=\"index, follow, max-snippet:-1, max-image-preview:large, max-video-preview:-1\" \/>\n<link rel=\"canonical\" href=\"\" \/>\n<meta property=\"og:locale\" content=\"pt_BR\" \/>\n<meta property=\"og:type\" content=\"article\" \/>\n<meta property=\"og:title\" content=\"Escuelas de educadores y educadoras\" \/>\n<meta property=\"og:description\" content=\"[meteor_slideshow slideshow=&quot;escuelas-de-educadores&quot;] Itaka-Escolapios cuenta con Escuelas de Educadores de tiempo libre, reconocidas oficialmente, que forman a alumnos y alumnas como monitores\/as de tiempo libre, directores\/as de campamentos y dinamizadores\/as socioculturales. Tambi\u00e9n imparten cursos monogr\u00e1ficos y el curso de manipulador\/a de alimentos. Algunos de los signos de identidad de estas escuelas son: \u2022 Velan por la&hellip;\" \/>\n<meta property=\"og:url\" content=\"https:\/\/www.itakaescolapios.org\/pt\/o-que-fazemos\/escuelas-de-educadores-y-educadoras-de-tiempo-libre\/\" \/>\n<meta property=\"og:site_name\" content=\"Itaka-Escolapios\" \/>\n<meta property=\"article:modified_time\" content=\"2023-11-28T11:39:51+00:00\" \/>\n<meta name=\"twitter:card\" content=\"summary_large_image\" \/>\n<meta name=\"twitter:label1\" content=\"Est. tempo de leitura\" \/>\n\t<meta name=\"twitter:data1\" content=\"1 minuto\" \/>\n<script type=\"application\/ld+json\" class=\"yoast-schema-graph\">{\"@context\":\"https:\\\/\\\/schema.org\",\"@graph\":[{\"@type\":\"WebPage\",\"@id\":\"https:\\\/\\\/www.itakaescolapios.org\\\/pt\\\/o-que-fazemos\\\/escuelas-de-educadores-y-educadoras-de-tiempo-libre\\\/\",\"url\":\"https:\\\/\\\/www.itakaescolapios.org\\\/pt\\\/o-que-fazemos\\\/escuelas-de-educadores-y-educadoras-de-tiempo-libre\\\/\",\"name\":\"Escuelas de educadores y educadoras - Itaka-Escolapios\",\"isPartOf\":{\"@id\":\"https:\\\/\\\/www.itakaescolapios.org\\\/es\\\/#website\"},\"datePublished\":\"2012-05-24T16:06:48+00:00\",\"dateModified\":\"2023-11-28T11:39:51+00:00\",\"breadcrumb\":{\"@id\":\"https:\\\/\\\/www.itakaescolapios.org\\\/pt\\\/o-que-fazemos\\\/escuelas-de-educadores-y-educadoras-de-tiempo-libre\\\/#breadcrumb\"},\"inLanguage\":\"pt-BR\",\"potentialAction\":[{\"@type\":\"ReadAction\",\"target\":[\"https:\\\/\\\/www.itakaescolapios.org\\\/pt\\\/o-que-fazemos\\\/escuelas-de-educadores-y-educadoras-de-tiempo-libre\\\/\"]}]},{\"@type\":\"BreadcrumbList\",\"@id\":\"https:\\\/\\\/www.itakaescolapios.org\\\/pt\\\/o-que-fazemos\\\/escuelas-de-educadores-y-educadoras-de-tiempo-libre\\\/#breadcrumb\",\"itemListElement\":[{\"@type\":\"ListItem\",\"position\":1,\"name\":\"Itaka-Escolapios\",\"item\":\"https:\\\/\\\/www.itakaescolapios.org\\\/es\\\/\"},{\"@type\":\"ListItem\",\"position\":2,\"name\":\"O que fazemos\",\"item\":\"https:\\\/\\\/www.itakaescolapios.org\\\/es\\\/que-hacemos\\\/\"},{\"@type\":\"ListItem\",\"position\":3,\"name\":\"Escuelas de educadores y educadoras\"}]},{\"@type\":\"WebSite\",\"@id\":\"https:\\\/\\\/www.itakaescolapios.org\\\/pt\\\/es\\\/#website\",\"url\":\"https:\\\/\\\/www.itakaescolapios.org\\\/pt\\\/es\\\/\",\"name\":\"Itaka-Escolapios\",\"description\":\"Red de Itaka-Escolapios\",\"publisher\":{\"@id\":\"https:\\\/\\\/www.itakaescolapios.org\\\/pt\\\/es\\\/#organization\"},\"potentialAction\":[{\"@type\":\"SearchAction\",\"target\":{\"@type\":\"EntryPoint\",\"urlTemplate\":\"https:\\\/\\\/www.itakaescolapios.org\\\/pt\\\/es\\\/?s={search_term_string}\"},\"query-input\":{\"@type\":\"PropertyValueSpecification\",\"valueRequired\":true,\"valueName\":\"search_term_string\"}}],\"inLanguage\":\"pt-BR\"},{\"@type\":\"Organization\",\"@id\":\"https:\\\/\\\/www.itakaescolapios.org\\\/pt\\\/es\\\/#organization\",\"name\":\"Fundaci\u00f3 Itaka-Escolapios\",\"url\":\"https:\\\/\\\/www.itakaescolapios.org\\\/pt\\\/es\\\/\",\"logo\":{\"@type\":\"ImageObject\",\"inLanguage\":\"pt-BR\",\"@id\":\"https:\\\/\\\/www.itakaescolapios.org\\\/pt\\\/es\\\/#\\\/schema\\\/logo\\\/image\\\/\",\"url\":\"https:\\\/\\\/www.itakaescolapios.org\\\/wp-content\\\/uploads\\\/2024\\\/04\\\/Logo-itakaescolapios-peque.png\",\"contentUrl\":\"https:\\\/\\\/www.itakaescolapios.org\\\/wp-content\\\/uploads\\\/2024\\\/04\\\/Logo-itakaescolapios-peque.png\",\"width\":500,\"height\":199,\"caption\":\"Fundaci\u00f3 Itaka-Escolapios\"},\"image\":{\"@id\":\"https:\\\/\\\/www.itakaescolapios.org\\\/pt\\\/es\\\/#\\\/schema\\\/logo\\\/image\\\/\"}}]}<\/script>\n<!-- \/ Yoast SEO plugin. -->","yoast_head_json":{"title":"Escuelas de educadores y educadoras","description":"[meteor_slideshow slideshow=\"escuelas-de-educadores\"] Itaka-Escolapios cuenta con Escuelas de Educadores de tiempo libre, reconocidas oficialmente, que forman a alumnos y alumnas como monitores\/as de tiempo libre, directores\/as de campamentos y dinamizadores\/as socioculturales. Tambi\u00e9n imparten cursos monogr\u00e1ficos y el curso de manipulador\/a de alimentos. Algunos de los signos de identidad de estas escuelas son: \u2022 Velan por la&hellip;","robots":{"index":"index","follow":"follow","max-snippet":"max-snippet:-1","max-image-preview":"max-image-preview:large","max-video-preview":"max-video-preview:-1"},"canonical":"[meteor_slideshow slideshow=\"escuelas-de-educadores\"] Itaka-Escolapios cuenta con Escuelas de Educadores de tiempo libre, reconocidas oficialmente, que forman a alumnos y alumnas como monitores\/as de tiempo libre, directores\/as de campamentos y dinamizadores\/as socioculturales. Tambi\u00e9n imparten cursos monogr\u00e1ficos y el curso de manipulador\/a de alimentos. Algunos de los signos de identidad de estas escuelas son: \u2022 Velan por la&hellip;","og_locale":"pt_BR","og_type":"article","og_title":"Escuelas de educadores y educadoras","og_description":"[meteor_slideshow slideshow=\"escuelas-de-educadores\"] Itaka-Escolapios cuenta con Escuelas de Educadores de tiempo libre, reconocidas oficialmente, que forman a alumnos y alumnas como monitores\/as de tiempo libre, directores\/as de campamentos y dinamizadores\/as socioculturales. Tambi\u00e9n imparten cursos monogr\u00e1ficos y el curso de manipulador\/a de alimentos. Algunos de los signos de identidad de estas escuelas son: \u2022 Velan por la&hellip;","og_url":"https:\/\/www.itakaescolapios.org\/pt\/o-que-fazemos\/escuelas-de-educadores-y-educadoras-de-tiempo-libre\/","og_site_name":"Itaka-Escolapios","article_modified_time":"2023-11-28T11:39:51+00:00","twitter_card":"summary_large_image","twitter_misc":{"Est. tempo de leitura":"1 minuto"},"schema":{"@context":"https:\/\/schema.org","@graph":[{"@type":"WebPage","@id":"https:\/\/www.itakaescolapios.org\/pt\/o-que-fazemos\/escuelas-de-educadores-y-educadoras-de-tiempo-libre\/","url":"https:\/\/www.itakaescolapios.org\/pt\/o-que-fazemos\/escuelas-de-educadores-y-educadoras-de-tiempo-libre\/","name":"Escuelas de educadores y educadoras - Itaka-Escolapios","isPartOf":{"@id":"https:\/\/www.itakaescolapios.org\/es\/#website"},"datePublished":"2012-05-24T16:06:48+00:00","dateModified":"2023-11-28T11:39:51+00:00","breadcrumb":{"@id":"https:\/\/www.itakaescolapios.org\/pt\/o-que-fazemos\/escuelas-de-educadores-y-educadoras-de-tiempo-libre\/#breadcrumb"},"inLanguage":"pt-BR","potentialAction":[{"@type":"ReadAction","target":["https:\/\/www.itakaescolapios.org\/pt\/o-que-fazemos\/escuelas-de-educadores-y-educadoras-de-tiempo-libre\/"]}]},{"@type":"BreadcrumbList","@id":"https:\/\/www.itakaescolapios.org\/pt\/o-que-fazemos\/escuelas-de-educadores-y-educadoras-de-tiempo-libre\/#breadcrumb","itemListElement":[{"@type":"ListItem","position":1,"name":"Itaka-Escolapios","item":"https:\/\/www.itakaescolapios.org\/es\/"},{"@type":"ListItem","position":2,"name":"O que fazemos","item":"https:\/\/www.itakaescolapios.org\/es\/que-hacemos\/"},{"@type":"ListItem","position":3,"name":"Escuelas de educadores y educadoras"}]},{"@type":"WebSite","@id":"https:\/\/www.itakaescolapios.org\/pt\/es\/#website","url":"https:\/\/www.itakaescolapios.org\/pt\/es\/","name":"Itaka-Escolapios","description":"Red de Itaka-Escolapios","publisher":{"@id":"https:\/\/www.itakaescolapios.org\/pt\/es\/#organization"},"potentialAction":[{"@type":"SearchAction","target":{"@type":"EntryPoint","urlTemplate":"https:\/\/www.itakaescolapios.org\/pt\/es\/?s={search_term_string}"},"query-input":{"@type":"PropertyValueSpecification","valueRequired":true,"valueName":"search_term_string"}}],"inLanguage":"pt-BR"},{"@type":"Organization","@id":"https:\/\/www.itakaescolapios.org\/pt\/es\/#organization","name":"Fundaci\u00f3 Itaka-Escolapios","url":"https:\/\/www.itakaescolapios.org\/pt\/es\/","logo":{"@type":"ImageObject","inLanguage":"pt-BR","@id":"https:\/\/www.itakaescolapios.org\/pt\/es\/#\/schema\/logo\/image\/","url":"https:\/\/www.itakaescolapios.org\/wp-content\/uploads\/2024\/04\/Logo-itakaescolapios-peque.png","contentUrl":"https:\/\/www.itakaescolapios.org\/wp-content\/uploads\/2024\/04\/Logo-itakaescolapios-peque.png","width":500,"height":199,"caption":"Fundaci\u00f3 Itaka-Escolapios"},"image":{"@id":"https:\/\/www.itakaescolapios.org\/pt\/es\/#\/schema\/logo\/image\/"}}]}},"_links":{"self":[{"href":"https:\/\/www.itakaescolapios.org\/pt\/wp-json\/wp\/v2\/pages\/89","targetHints":{"allow":["GET"]}}],"collection":[{"href":"https:\/\/www.itakaescolapios.org\/pt\/wp-json\/wp\/v2\/pages"}],"about":[{"href":"https:\/\/www.itakaescolapios.org\/pt\/wp-json\/wp\/v2\/types\/page"}],"author":[{"embeddable":true,"href":"https:\/\/www.itakaescolapios.org\/pt\/wp-json\/wp\/v2\/users\/1"}],"replies":[{"embeddable":true,"href":"https:\/\/www.itakaescolapios.org\/pt\/wp-json\/wp\/v2\/comments?post=89"}],"version-history":[{"count":15,"href":"https:\/\/www.itakaescolapios.org\/pt\/wp-json\/wp\/v2\/pages\/89\/revisions"}],"predecessor-version":[{"id":50342,"href":"https:\/\/www.itakaescolapios.org\/pt\/wp-json\/wp\/v2\/pages\/89\/revisions\/50342"}],"up":[{"embeddable":true,"href":"https:\/\/www.itakaescolapios.org\/pt\/wp-json\/wp\/v2\/pages\/5"}],"wp:attachment":[{"href":"https:\/\/www.itakaescolapios.org\/pt\/wp-json\/wp\/v2\/media?parent=89"}],"curies":[{"name":"wp","href":"https:\/\/api.w.org\/{rel}","templated":true}]}}