{"id":95,"date":"2012-05-24T17:08:15","date_gmt":"2012-05-24T16:08:15","guid":{"rendered":"https:\/\/www.itakaescolapios.org\/?page_id=95"},"modified":"2023-11-28T12:39:50","modified_gmt":"2023-11-28T11:39:50","slug":"sensibilizacion","status":"publish","type":"page","link":"https:\/\/www.itakaescolapios.org\/pt\/o-que-fazemos\/sensibilizacion\/","title":{"rendered":"Sensibilizaci\u00f3n"},"content":{"rendered":"<p><code>[meteor_slideshow slideshow=\"sensibilizacion\"]<\/code><\/p>\n<p>Sensibilizaci\u00f3n Itaka-Escolapios se encuentra, al servicio de la Escuela P\u00eda y de la sociedad en general, para impulsar la educaci\u00f3n en valores.<br \/>\nEsa educaci\u00f3n en valores, en \u00faltima instancia, pretende transformarnos para erradicar de nuestras vidas y de la sociedad en general las actitudes y situaciones de injusticia, exclusi\u00f3n, violencia\u2026 desde las claves del Evangelio.<\/p>\n<p><strong>Acciones que impulsa la Sensibilizaci\u00f3n Itaka-Escolapios:<\/strong><br \/>\n\uf0fc<a href=\"https:\/\/www.itakaescolapios.org\/campanas-y-semanas\/\"> <em><strong>Campa\u00f1as y semanas.<\/strong><\/em><\/a><br \/>\n<em>\u00a0 <span style=\"color: #99cc00;\">\u00a0 \u00a0 \u00a0 \u00a0\u00a0<a style=\"color: #99cc00;\" href=\"https:\/\/www.itakaescolapios.org\/que-hacemos\/sensibilizacion\/semana-escolapia\/\"> Semana escolapia.<\/a><\/span><\/em><br \/>\n<span style=\"color: #99cc00;\"><em>\u00a0 \u00a0 \u00a0 \u00a0 \u00a0\u00a0<a style=\"color: #99cc00;\" href=\"https:\/\/www.itakaescolapios.org\/que-hacemos\/sensibilizacion\/campana-de-solidaridad-escolapia\/\"> Campa\u00f1a de solidaridad escolapia.<\/a><\/em><\/span><br \/>\n<span style=\"color: #99cc00;\"><em>\u00a0 \u00a0 \u00a0 \u00a0<a style=\"color: #99cc00;\" href=\"https:\/\/www.itakaescolapios.org\/que-hacemos\/sensibilizacion\/semana-de-la-paz-y-derechos-humanos-en-torno-al-30-de-enero\/\"> \u00a0\u00a0 Semana por la Paz y derechos humanos.<\/a><\/em><\/span><br \/>\n<span style=\"color: #99cc00;\"><em>\u00a0 \u00a0 \u00a0 \u00a0 \u00a0\u00a0 <a style=\"color: #99cc00;\" href=\"https:\/\/www.itakaescolapios.org\/que-hacemos\/sensibilizacion\/campana-contra-la-exclusion-y-la-pobreza\/\">Campa\u00f1as contra la exclusi\u00f3n y la pobreza en nuestro entorno m\u00e1s cercano.<\/a><\/em><\/span><br \/>\n<span style=\"color: #99cc00;\"><em>\u00a0 \u00a0 \u00a0 \u00a0 \u00a0\u00a0 <a style=\"color: #99cc00;\" href=\"https:\/\/www.itakaescolapios.org\/que-hacemos\/sensibilizacion\/semana-vocacional\/\">Semana vocacional.<\/a><\/em><\/span><br \/>\n<span style=\"color: #99cc00;\"><em>\u00a0 \u00a0 \u00a0 \u00a0 \u00a0\u00a0 <a style=\"color: #99cc00;\" href=\"https:\/\/www.itakaescolapios.org\/que-hacemos\/sensibilizacion\/campanas-solidarias-de-la-iglesia-diocesana\/\">Campa\u00f1as Diocesanas.<\/a><\/em><\/span><br \/>\n<span style=\"color: #99cc00;\"><em>\u00a0 \u00a0 \u00a0 \u00a0 \u00a0\u00a0 <a style=\"color: #99cc00;\" href=\"https:\/\/www.itakaescolapios.org\/que-hacemos\/sensibilizacion\/semana-de-accion-mundial-por-la-educacion\/\">Semana de acci\u00f3n mundial por la educaci\u00f3n (SAME).<\/a><\/em><\/span><br \/>\n<span style=\"color: #000000;\">\uf0fc<em><strong> Sesiones formativas.<\/strong><\/em><\/span><br \/>\n\uf0fc<em><strong> Educaci\u00f3n trasversal<\/strong><\/em> en valores en las aulas y grupos del movimiento Calasanz.<br \/>\n\uf0fc <em><strong>La red <a href=\"https:\/\/www.educa.itakaescolapios.org\/\">Educa<\/a><\/strong><\/em>.Itakaescolapios (red educativa para la trasformaci\u00f3n social)<br \/>\n\uf0fc \u2026<!--more--><\/p>\n","protected":false},"excerpt":{"rendered":"<p>[meteor_slideshow slideshow=&#8221;sensibilizacion&#8221;] Sensibilizaci\u00f3n Itaka-Escolapios se encuentra, al servicio de la Escuela P\u00eda y de la sociedad en general, para impulsar la educaci\u00f3n en valores. Esa educaci\u00f3n en valores, en \u00faltima [&hellip;]<\/p>\n","protected":false},"author":1,"featured_media":0,"parent":5,"menu_order":10,"comment_status":"closed","ping_status":"closed","template":"","meta":{"_et_pb_use_builder":"","_et_pb_old_content":"","_et_gb_content_width":"","footnotes":""},"class_list":["post-95","page","type-page","status-publish","hentry"],"yoast_head":"<!-- This site is optimized with the Yoast SEO plugin v27.3 - https:\/\/yoast.com\/product\/yoast-seo-wordpress\/ -->\n<title>Sensibilizaci\u00f3n<\/title>\n<meta name=\"description\" content=\"[meteor_slideshow slideshow=&quot;sensibilizacion&quot;] Sensibilizaci\u00f3n Itaka-Escolapios se encuentra, al servicio de la Escuela P\u00eda y de la sociedad en general, para impulsar la educaci\u00f3n en valores. Esa educaci\u00f3n en valores, en \u00faltima instancia, pretende transformarnos para erradicar de nuestras vidas y de la sociedad en general las actitudes y situaciones de injusticia, exclusi\u00f3n, violencia\u2026 desde las claves&hellip;\" \/>\n<meta name=\"robots\" content=\"index, follow, max-snippet:-1, max-image-preview:large, max-video-preview:-1\" \/>\n<link rel=\"canonical\" href=\"http:\/\/[meteor_slideshow%20slideshow=sensibilizacion]%20Sensibilizaci\u00f3n%20Itaka-Escolapios%20se%20encuentra,%20al%20servicio%20de%20la%20Escuela%20P\u00eda%20y%20de%20la%20sociedad%20en%20general,%20para%20impulsar%20la%20educaci\u00f3n%20en%20valores.%20Esa%20educaci\u00f3n%20en%20valores,%20en%20\u00faltima%20instancia,%20pretende%20transformarnos%20para%20erradicar%20de%20nuestras%20vidas%20y%20de%20la%20sociedad%20en%20general%20las%20actitudes%20y%20situaciones%20de%20injusticia,%20exclusi\u00f3n,%20violencia\u2026%20desde%20las%20claves&hellip;\" \/>\n<meta property=\"og:locale\" content=\"pt_BR\" \/>\n<meta property=\"og:type\" content=\"article\" \/>\n<meta property=\"og:title\" content=\"Sensibilizaci\u00f3n\" \/>\n<meta property=\"og:description\" content=\"[meteor_slideshow slideshow=&quot;sensibilizacion&quot;] Sensibilizaci\u00f3n Itaka-Escolapios se encuentra, al servicio de la Escuela P\u00eda y de la sociedad en general, para impulsar la educaci\u00f3n en valores. Esa educaci\u00f3n en valores, en \u00faltima instancia, pretende transformarnos para erradicar de nuestras vidas y de la sociedad en general las actitudes y situaciones de injusticia, exclusi\u00f3n, violencia\u2026 desde las claves&hellip;\" \/>\n<meta property=\"og:url\" content=\"https:\/\/www.itakaescolapios.org\/pt\/o-que-fazemos\/sensibilizacion\/\" \/>\n<meta property=\"og:site_name\" content=\"Itaka-Escolapios\" \/>\n<meta property=\"article:modified_time\" content=\"2023-11-28T11:39:50+00:00\" \/>\n<meta name=\"twitter:card\" content=\"summary_large_image\" \/>\n<meta name=\"twitter:label1\" content=\"Est. tempo de leitura\" \/>\n\t<meta name=\"twitter:data1\" content=\"1 minuto\" \/>\n<script type=\"application\/ld+json\" class=\"yoast-schema-graph\">{\"@context\":\"https:\\\/\\\/schema.org\",\"@graph\":[{\"@type\":\"WebPage\",\"@id\":\"https:\\\/\\\/www.itakaescolapios.org\\\/pt\\\/o-que-fazemos\\\/sensibilizacion\\\/\",\"url\":\"https:\\\/\\\/www.itakaescolapios.org\\\/pt\\\/o-que-fazemos\\\/sensibilizacion\\\/\",\"name\":\"Sensibilizaci\u00f3n - Itaka-Escolapios\",\"isPartOf\":{\"@id\":\"https:\\\/\\\/www.itakaescolapios.org\\\/es\\\/#website\"},\"datePublished\":\"2012-05-24T16:08:15+00:00\",\"dateModified\":\"2023-11-28T11:39:50+00:00\",\"breadcrumb\":{\"@id\":\"https:\\\/\\\/www.itakaescolapios.org\\\/pt\\\/o-que-fazemos\\\/sensibilizacion\\\/#breadcrumb\"},\"inLanguage\":\"pt-BR\",\"potentialAction\":[{\"@type\":\"ReadAction\",\"target\":[\"https:\\\/\\\/www.itakaescolapios.org\\\/pt\\\/o-que-fazemos\\\/sensibilizacion\\\/\"]}]},{\"@type\":\"BreadcrumbList\",\"@id\":\"https:\\\/\\\/www.itakaescolapios.org\\\/pt\\\/o-que-fazemos\\\/sensibilizacion\\\/#breadcrumb\",\"itemListElement\":[{\"@type\":\"ListItem\",\"position\":1,\"name\":\"Itaka-Escolapios\",\"item\":\"https:\\\/\\\/www.itakaescolapios.org\\\/es\\\/\"},{\"@type\":\"ListItem\",\"position\":2,\"name\":\"O que fazemos\",\"item\":\"https:\\\/\\\/www.itakaescolapios.org\\\/es\\\/que-hacemos\\\/\"},{\"@type\":\"ListItem\",\"position\":3,\"name\":\"Sensibilizaci\u00f3n\"}]},{\"@type\":\"WebSite\",\"@id\":\"https:\\\/\\\/www.itakaescolapios.org\\\/pt\\\/es\\\/#website\",\"url\":\"https:\\\/\\\/www.itakaescolapios.org\\\/pt\\\/es\\\/\",\"name\":\"Itaka-Escolapios\",\"description\":\"Red de Itaka-Escolapios\",\"publisher\":{\"@id\":\"https:\\\/\\\/www.itakaescolapios.org\\\/pt\\\/es\\\/#organization\"},\"potentialAction\":[{\"@type\":\"SearchAction\",\"target\":{\"@type\":\"EntryPoint\",\"urlTemplate\":\"https:\\\/\\\/www.itakaescolapios.org\\\/pt\\\/es\\\/?s={search_term_string}\"},\"query-input\":{\"@type\":\"PropertyValueSpecification\",\"valueRequired\":true,\"valueName\":\"search_term_string\"}}],\"inLanguage\":\"pt-BR\"},{\"@type\":\"Organization\",\"@id\":\"https:\\\/\\\/www.itakaescolapios.org\\\/pt\\\/es\\\/#organization\",\"name\":\"Fundaci\u00f3 Itaka-Escolapios\",\"url\":\"https:\\\/\\\/www.itakaescolapios.org\\\/pt\\\/es\\\/\",\"logo\":{\"@type\":\"ImageObject\",\"inLanguage\":\"pt-BR\",\"@id\":\"https:\\\/\\\/www.itakaescolapios.org\\\/pt\\\/es\\\/#\\\/schema\\\/logo\\\/image\\\/\",\"url\":\"https:\\\/\\\/www.itakaescolapios.org\\\/wp-content\\\/uploads\\\/2024\\\/04\\\/Logo-itakaescolapios-peque.png\",\"contentUrl\":\"https:\\\/\\\/www.itakaescolapios.org\\\/wp-content\\\/uploads\\\/2024\\\/04\\\/Logo-itakaescolapios-peque.png\",\"width\":500,\"height\":199,\"caption\":\"Fundaci\u00f3 Itaka-Escolapios\"},\"image\":{\"@id\":\"https:\\\/\\\/www.itakaescolapios.org\\\/pt\\\/es\\\/#\\\/schema\\\/logo\\\/image\\\/\"}}]}<\/script>\n<!-- \/ Yoast SEO plugin. -->","yoast_head_json":{"title":"Sensibilizaci\u00f3n","description":"[meteor_slideshow slideshow=\"sensibilizacion\"] Sensibilizaci\u00f3n Itaka-Escolapios se encuentra, al servicio de la Escuela P\u00eda y de la sociedad en general, para impulsar la educaci\u00f3n en valores. Esa educaci\u00f3n en valores, en \u00faltima instancia, pretende transformarnos para erradicar de nuestras vidas y de la sociedad en general las actitudes y situaciones de injusticia, exclusi\u00f3n, violencia\u2026 desde las claves&hellip;","robots":{"index":"index","follow":"follow","max-snippet":"max-snippet:-1","max-image-preview":"max-image-preview:large","max-video-preview":"max-video-preview:-1"},"canonical":"[meteor_slideshow slideshow=\"sensibilizacion\"] Sensibilizaci\u00f3n Itaka-Escolapios se encuentra, al servicio de la Escuela P\u00eda y de la sociedad en general, para impulsar la educaci\u00f3n en valores. Esa educaci\u00f3n en valores, en \u00faltima instancia, pretende transformarnos para erradicar de nuestras vidas y de la sociedad en general las actitudes y situaciones de injusticia, exclusi\u00f3n, violencia\u2026 desde las claves&hellip;","og_locale":"pt_BR","og_type":"article","og_title":"Sensibilizaci\u00f3n","og_description":"[meteor_slideshow slideshow=\"sensibilizacion\"] Sensibilizaci\u00f3n Itaka-Escolapios se encuentra, al servicio de la Escuela P\u00eda y de la sociedad en general, para impulsar la educaci\u00f3n en valores. Esa educaci\u00f3n en valores, en \u00faltima instancia, pretende transformarnos para erradicar de nuestras vidas y de la sociedad en general las actitudes y situaciones de injusticia, exclusi\u00f3n, violencia\u2026 desde las claves&hellip;","og_url":"https:\/\/www.itakaescolapios.org\/pt\/o-que-fazemos\/sensibilizacion\/","og_site_name":"Itaka-Escolapios","article_modified_time":"2023-11-28T11:39:50+00:00","twitter_card":"summary_large_image","twitter_misc":{"Est. tempo de leitura":"1 minuto"},"schema":{"@context":"https:\/\/schema.org","@graph":[{"@type":"WebPage","@id":"https:\/\/www.itakaescolapios.org\/pt\/o-que-fazemos\/sensibilizacion\/","url":"https:\/\/www.itakaescolapios.org\/pt\/o-que-fazemos\/sensibilizacion\/","name":"Sensibilizaci\u00f3n - Itaka-Escolapios","isPartOf":{"@id":"https:\/\/www.itakaescolapios.org\/es\/#website"},"datePublished":"2012-05-24T16:08:15+00:00","dateModified":"2023-11-28T11:39:50+00:00","breadcrumb":{"@id":"https:\/\/www.itakaescolapios.org\/pt\/o-que-fazemos\/sensibilizacion\/#breadcrumb"},"inLanguage":"pt-BR","potentialAction":[{"@type":"ReadAction","target":["https:\/\/www.itakaescolapios.org\/pt\/o-que-fazemos\/sensibilizacion\/"]}]},{"@type":"BreadcrumbList","@id":"https:\/\/www.itakaescolapios.org\/pt\/o-que-fazemos\/sensibilizacion\/#breadcrumb","itemListElement":[{"@type":"ListItem","position":1,"name":"Itaka-Escolapios","item":"https:\/\/www.itakaescolapios.org\/es\/"},{"@type":"ListItem","position":2,"name":"O que fazemos","item":"https:\/\/www.itakaescolapios.org\/es\/que-hacemos\/"},{"@type":"ListItem","position":3,"name":"Sensibilizaci\u00f3n"}]},{"@type":"WebSite","@id":"https:\/\/www.itakaescolapios.org\/pt\/es\/#website","url":"https:\/\/www.itakaescolapios.org\/pt\/es\/","name":"Itaka-Escolapios","description":"Red de Itaka-Escolapios","publisher":{"@id":"https:\/\/www.itakaescolapios.org\/pt\/es\/#organization"},"potentialAction":[{"@type":"SearchAction","target":{"@type":"EntryPoint","urlTemplate":"https:\/\/www.itakaescolapios.org\/pt\/es\/?s={search_term_string}"},"query-input":{"@type":"PropertyValueSpecification","valueRequired":true,"valueName":"search_term_string"}}],"inLanguage":"pt-BR"},{"@type":"Organization","@id":"https:\/\/www.itakaescolapios.org\/pt\/es\/#organization","name":"Fundaci\u00f3 Itaka-Escolapios","url":"https:\/\/www.itakaescolapios.org\/pt\/es\/","logo":{"@type":"ImageObject","inLanguage":"pt-BR","@id":"https:\/\/www.itakaescolapios.org\/pt\/es\/#\/schema\/logo\/image\/","url":"https:\/\/www.itakaescolapios.org\/wp-content\/uploads\/2024\/04\/Logo-itakaescolapios-peque.png","contentUrl":"https:\/\/www.itakaescolapios.org\/wp-content\/uploads\/2024\/04\/Logo-itakaescolapios-peque.png","width":500,"height":199,"caption":"Fundaci\u00f3 Itaka-Escolapios"},"image":{"@id":"https:\/\/www.itakaescolapios.org\/pt\/es\/#\/schema\/logo\/image\/"}}]}},"_links":{"self":[{"href":"https:\/\/www.itakaescolapios.org\/pt\/wp-json\/wp\/v2\/pages\/95","targetHints":{"allow":["GET"]}}],"collection":[{"href":"https:\/\/www.itakaescolapios.org\/pt\/wp-json\/wp\/v2\/pages"}],"about":[{"href":"https:\/\/www.itakaescolapios.org\/pt\/wp-json\/wp\/v2\/types\/page"}],"author":[{"embeddable":true,"href":"https:\/\/www.itakaescolapios.org\/pt\/wp-json\/wp\/v2\/users\/1"}],"replies":[{"embeddable":true,"href":"https:\/\/www.itakaescolapios.org\/pt\/wp-json\/wp\/v2\/comments?post=95"}],"version-history":[{"count":20,"href":"https:\/\/www.itakaescolapios.org\/pt\/wp-json\/wp\/v2\/pages\/95\/revisions"}],"predecessor-version":[{"id":50336,"href":"https:\/\/www.itakaescolapios.org\/pt\/wp-json\/wp\/v2\/pages\/95\/revisions\/50336"}],"up":[{"embeddable":true,"href":"https:\/\/www.itakaescolapios.org\/pt\/wp-json\/wp\/v2\/pages\/5"}],"wp:attachment":[{"href":"https:\/\/www.itakaescolapios.org\/pt\/wp-json\/wp\/v2\/media?parent=95"}],"curies":[{"name":"wp","href":"https:\/\/api.w.org\/{rel}","templated":true}]}}